{"id":1878,"date":"2024-01-17T07:48:27","date_gmt":"2024-01-17T07:48:27","guid":{"rendered":"https:\/\/www.cinesouk.ma\/?page_id=1878"},"modified":"2025-05-11T18:51:21","modified_gmt":"2025-05-11T18:51:21","slug":"privacy-statement","status":"publish","type":"page","link":"https:\/\/www.cinesouk.ma\/fr\/privacy-statement\/","title":{"rendered":"Privacy Statement"},"content":{"rendered":"<div data-elementor-type=\"wp-page\" data-elementor-id=\"1878\" class=\"elementor elementor-1878\" data-elementor-post-type=\"page\">\n\t\t\t\t<div class=\"has_eae_slider elementor-element elementor-element-6888917 e-flex e-con-boxed e-con e-parent\" data-eae-slider=\"82054\" data-id=\"6888917\" data-element_type=\"container\" data-settings=\"{&quot;background_background&quot;:&quot;classic&quot;}\">\n\t\t\t\t\t<div class=\"e-con-inner\">\n\t\t\t\t<div class=\"elementor-element elementor-element-c3ed882 elementor-widget elementor-widget-heading\" data-id=\"c3ed882\" data-element_type=\"widget\" data-widget_type=\"heading.default\">\n\t\t\t\t<div class=\"elementor-widget-container\">\n\t\t\t\t\t<h2 class=\"elementor-heading-title elementor-size-default\"><span style=\"color:#ffcc00\">#<\/span>D\u00c9CLARATION DE CONFIDENTIALIT\u00c9<\/h2>\t\t\t\t<\/div>\n\t\t\t\t<\/div>\n\t\t\t\t<div class=\"elementor-element elementor-element-a5149b7 elementor-widget elementor-widget-text-editor\" data-id=\"a5149b7\" data-element_type=\"widget\" data-widget_type=\"text-editor.default\">\n\t\t\t\t<div class=\"elementor-widget-container\">\n\t\t\t\t\t\t\t\t\t<p><b>Version 1.2 - date de publication 11\/05\/2025<\/b><\/p><p>La protection de votre vie priv\u00e9e est tr\u00e8s importante pour nous. C'est pourquoi nous d\u00e9crivons dans cette d\u00e9claration de confidentialit\u00e9 les informations que nous recueillons aupr\u00e8s de vous par le biais de notre site web (www.cinesouk.ma) ou en vous louant notre \u00e9quipement, ainsi que la mani\u00e8re dont nous utilisons ces informations.<\/p><p>En soumettant vos informations sur notre site web ou en louant du mat\u00e9riel aupr\u00e8s de nous, vous confirmez que vous avez lu et compris la pr\u00e9sente d\u00e9claration de confidentialit\u00e9 et les conditions g\u00e9n\u00e9rales qu'elle contient.<\/p><p><b>1. Qui sommes-nous ?<\/b><\/p><p>Le site web vous est pr\u00e9sent\u00e9 par Broadway Productions SARL (ICE002983250000080), dont le si\u00e8ge social est situ\u00e9 \u00e0 314 Camp El Ghoul, Immeuble Ali B, Appartement No5, 40010 Marrakech, Maroc.<\/p><p>En cette qualit\u00e9, Broadway Productions SARL agit \u00e9galement en tant que responsable du traitement de vos donn\u00e9es \u00e0 caract\u00e8re personnel par le biais du site web. C'est-\u00e0-dire que Broadway Productions SARL d\u00e9termine le \"pourquoi\" (la finalit\u00e9) et le \"comment\" (les moyens) du traitement de vos donn\u00e9es \u00e0 caract\u00e8re personnel via le site web. (les moyens) du traitement de vos donn\u00e9es personnelles via le site web.<\/p><p><strong>2. Quelles sont les donn\u00e9es \u00e0 caract\u00e8re personnel que nous collectons et comment et pourquoi les utilisons-nous ?<\/strong><\/p><p>La pr\u00e9sente d\u00e9claration de confidentialit\u00e9 ne s'applique qu'aux donn\u00e9es \u00e0 caract\u00e8re personnel que nous collectons par le biais de notre site web ou du mat\u00e9riel que nous vous louons.<\/p><p>a. Donn\u00e9es personnelles collect\u00e9es via le formulaire de contact et\/ou via l'inscription \u00e0 la newsletter<\/p><p>Via le site web, nous collectons vos donn\u00e9es personnelles si vous nous contactez via le formulaire de contact ou si vous remplissez la fen\u00eatre contextuelle pour vous abonner \u00e0 notre bulletin d'information. Il s'agit plus pr\u00e9cis\u00e9ment des donn\u00e9es \u00e0 caract\u00e8re personnel suivantes :<\/p><p>- Cat\u00e9gories de donn\u00e9es \u00e0 caract\u00e8re personnel Finalit\u00e9s du traitement Base juridique<br \/>- Nom et pr\u00e9nom, t\u00e9l\u00e9phone, adresse \u00e9lectronique et message Pour pouvoir vous contacter afin de r\u00e9pondre \u00e0 votre question ou pour vous permettre de r\u00e9server du mat\u00e9riel<br \/>- Ex\u00e9cution de votre demande (n\u00e9cessit\u00e9 d'ex\u00e9cuter l'accord)<br \/>- Pr\u00e9nom et adresse \u00e9lectronique Pour vous envoyer des mises \u00e0 jour et des bulletins d'information concernant nos activit\u00e9s Consentement<\/p><p>Certaines des donn\u00e9es \u00e0 caract\u00e8re personnel \u00e9num\u00e9r\u00e9es ci-dessus sont obligatoires. Elles sont marqu\u00e9es - dans la mesure du possible - d'un ast\u00e9risque (*). Sans ces informations, il se peut que nous ne soyons pas en mesure de r\u00e9pondre \u00e0 votre demande.<\/p><p>Nous n'utiliserons pas vos donn\u00e9es personnelles \u00e0 d'autres fins.<\/p><p>Si vous ne souhaitez plus recevoir de mises \u00e0 jour ou de bulletins d'information de notre part, vous pouvez vous d\u00e9sinscrire \u00e0 tout moment en utilisant l'option de d\u00e9sinscription figurant au bas du dernier courriel que vous avez re\u00e7u de notre part.  En outre, vous pouvez \u00e9galement vous d\u00e9sinscrire \u00e0 tout moment en envoyant un courrier \u00e9lectronique \u00e0 l'adresse suivante : info@cinesouk.ma<\/p><p>b. Donn\u00e9es personnelles collect\u00e9es par le biais du formulaire d'inscription<br \/>Si vous souhaitez r\u00e9server du mat\u00e9riel, nous vous demandons de suivre notre proc\u00e9dure de r\u00e9servation. Au cours de cette proc\u00e9dure de r\u00e9servation, il vous sera demand\u00e9 de fournir les donn\u00e9es personnelles suivantes via notre formulaire d'inscription :<\/p><p>- Cat\u00e9gories de donn\u00e9es \u00e0 caract\u00e8re personnel<br \/>- Finalit\u00e9s du traitement<br \/>- Base juridique<br \/>- Nom et adresse<br \/>- Cr\u00e9ation et gestion de votre r\u00e9servation<br \/>- Ex\u00e9cution de votre demande (n\u00e9cessit\u00e9 d'ex\u00e9cuter l'accord)<br \/>- Confirmation de la qualit\u00e9 d'\u00e9tudiant et photo de la carte d'\u00e9tudiant Octroi d'une \u00e9ventuelle r\u00e9duction pour les \u00e9tudiants<br \/>- Ex\u00e9cution de votre demande (n\u00e9cessit\u00e9 d'ex\u00e9cuter l'accord)<br \/>- Demande de permis de tourner<\/p><div><p>Informations permettant de v\u00e9rifier votre identit\u00e9 :<\/p><p>- Selfie avec carte d'identit\u00e9 ou passeport \u00e0 c\u00f4t\u00e9 du visage, photo au recto de la carte d'identit\u00e9 et photo au verso de la carte d'identit\u00e9 ou du passeport.<\/p><p>Certaines des donn\u00e9es personnelles \u00e9num\u00e9r\u00e9es ci-dessus doivent obligatoirement \u00eatre fournies lorsque vous cr\u00e9ez un compte. Elles sont indiqu\u00e9es - dans la mesure du possible - par (*). Sans ces donn\u00e9es personnelles, il se peut que nous ne soyons pas en mesure de vous r\u00e9server du mat\u00e9riel.<\/p><p>Nous n'utiliserons pas vos donn\u00e9es personnelles \u00e0 d'autres fins.<\/p><p>c. Donn\u00e9es \u00e0 caract\u00e8re personnel collect\u00e9es par le biais de cookies<\/p><p>Nous utilisons \u00e9galement des cookies et des plug-ins de m\u00e9dias sociaux sur notre site web. Dans certains cas, ces cookies et plug-ins peuvent \u00e9galement collecter des donn\u00e9es personnelles vous concernant. Vous trouverez plus d'informations \u00e0 ce sujet dans notre d\u00e9claration relative aux cookies.<\/p><\/div><p>d. Donn\u00e9es \u00e0 caract\u00e8re personnel collect\u00e9es dans le cadre de la location de mat\u00e9riel<\/p><p>Broadway Productions SARL peut, \u00e0 sa discr\u00e9tion, s\u00e9curiser son mat\u00e9riel de mani\u00e8re visible et invisible afin de pr\u00e9venir le vol et le larcin, par exemple par l'utilisation d'un syst\u00e8me de g\u00e9olocalisation sur la base duquel Broadway Productions SARL peut d\u00e9terminer l'emplacement de son mat\u00e9riel. Les donn\u00e9es de localisation qui seraient enregistr\u00e9es par le biais d'un tel syst\u00e8me seront utilis\u00e9es exclusivement pour d\u00e9terminer l'emplacement du mat\u00e9riel lou\u00e9 et ne seront en principe pas conserv\u00e9es. Uniquement en cas de vol ou de larcin, les donn\u00e9es de localisation peuvent \u00eatre conserv\u00e9es pendant une p\u00e9riode maximale de 2 mois et peuvent \u00eatre transmises aux autorit\u00e9s comp\u00e9tentes.<\/p><p><strong>3. Avec qui partageons-nous vos donn\u00e9es ?<\/strong><\/p><p>Nous pouvons partager vos donn\u00e9es \u00e0 caract\u00e8re personnel avec des prestataires de services externes auxquels nous faisons appel pour exploiter notre site web et\/ou organiser les services que nous vous proposons. Ces prestataires de services agissent simplement en tant que sous-traitants en notre nom et nous conclurons les accords de traitement n\u00e9cessaires avec ces prestataires de services afin de garantir qu'ils traitent toujours vos donn\u00e9es \u00e0 caract\u00e8re personnel selon les m\u00eames normes.<\/p><p>En outre, nous ne transmettrons pas de donn\u00e9es \u00e0 caract\u00e8re personnel \u00e0 des tiers, sauf si nous sommes oblig\u00e9s de le faire sur la base de dispositions l\u00e9gales imp\u00e9ratives (par exemple, transfert \u00e0 des organismes externes, tels que des autorit\u00e9s de surveillance ou d'application de la loi), afin de sauvegarder nos droits (par exemple, en cas de vol) et\/ou \u00e0 la suite d'une d\u00e9cision de justice ou d'une ordonnance gouvernementale.<\/p><p>Dans tous les cas, nous veillerons \u00e0 ce que toutes les mesures de s\u00e9curit\u00e9 raisonnables soient prises pour garantir que le transfert de vos donn\u00e9es s'effectue en toute s\u00e9curit\u00e9.<\/p><p>Dans un souci d'exhaustivit\u00e9, nous signalons que notre site web renvoie \u00e0 certains endroits \u00e0 des sites web de tiers. Cette redirection n'implique pas le partage de donn\u00e9es \u00e0 caract\u00e8re personnel, mais il est possible que le site web tiers vers lequel vous \u00eates redirig\u00e9 puisse \u00e9galement collecter et traiter des donn\u00e9es \u00e0 caract\u00e8re personnel vous concernant. Nous ne sommes pas responsables du contenu de ces sites web et\/ou de la mani\u00e8re dont ces sites web traitent vos donn\u00e9es personnelles. Pour plus d'informations \u00e0 ce sujet, veuillez consulter la d\u00e9claration relative \u00e0 la protection de la vie priv\u00e9e et aux cookies des sites web concern\u00e9s.<\/p><p><strong>4. Vos donn\u00e9es seront-elles transf\u00e9r\u00e9es \u00e0 l'\u00e9tranger ?<\/strong><\/p><p>Vos donn\u00e9es personnelles ne seront pas transf\u00e9r\u00e9es vers des pays en dehors du Maroc et de l'EEE.<\/p><p>Dans la mesure o\u00f9 de tels transferts seraient n\u00e9anmoins n\u00e9cessaires, nous prenons les mesures n\u00e9cessaires pour garantir que vos donn\u00e9es \u00e0 caract\u00e8re personnel sont hautement prot\u00e9g\u00e9es et que tous les transferts de donn\u00e9es \u00e0 caract\u00e8re personnel sont licites.<\/p><p><strong>5. Combien de temps vos donn\u00e9es personnelles seront-elles conserv\u00e9es ?<\/strong><\/p><p>Nous conservons vos donn\u00e9es personnelles pour une dur\u00e9e n'exc\u00e9dant pas celle n\u00e9cessaire \u00e0 la r\u00e9alisation de l'objectif pour lequel elles ont \u00e9t\u00e9 collect\u00e9es.<\/p><p>Plus pr\u00e9cis\u00e9ment, nous conservons vos donn\u00e9es \u00e0 caract\u00e8re personnel pendant les p\u00e9riodes de conservation suivantes :<\/p><p>Demande de contact par le biais du formulaire de contact : jusqu'\u00e0 3 mois apr\u00e8s le traitement de votre demande ;<br \/>Inscription pour recevoir des mises \u00e0 jour et des bulletins d'information : tant que vous n'avez pas retir\u00e9 votre consentement \u00e0 recevoir des mises \u00e0 jour et des bulletins d'information en vous d\u00e9sinscrivant ;<br \/>Donn\u00e9es d'enregistrement : jusqu'\u00e0 5 ans apr\u00e8s l'enregistrement.<br \/>Donn\u00e9es de localisation collect\u00e9es par le biais de nos \u00e9quipements : elles ne sont consult\u00e9es qu'en temps r\u00e9el, \u00e0 moins que les donn\u00e9es de localisation n'indiquent un \u00e9ventuel vol ou d\u00e9tournement. Dans ce cas, les donn\u00e9es peuvent \u00eatre conserv\u00e9es pendant une p\u00e9riode maximale de deux mois afin d'\u00eatre transmises aux autorit\u00e9s comp\u00e9tentes.<br \/>\u00c0 l'expiration des p\u00e9riodes de conservation susmentionn\u00e9es, nous supprimerons vos donn\u00e9es \u00e0 caract\u00e8re personnel et\/ou vous demanderons de les reconfirmer si n\u00e9cessaire.<\/p><p>Nonobstant ce qui pr\u00e9c\u00e8de, nous ne pourrons pas supprimer certaines donn\u00e9es \u00e0 caract\u00e8re personnel s'il existe une obligation l\u00e9gale de les conserver ou si nous avons besoin de ces donn\u00e9es dans le cadre d'une action en justice.<\/p><p><strong>6. Comment vos donn\u00e9es personnelles seront-elles s\u00e9curis\u00e9es ?<\/strong><\/p><p>Nous avons pris toutes les mesures de s\u00e9curit\u00e9 techniques et organisationnelles raisonnables et appropri\u00e9es pour prot\u00e9ger au mieux vos donn\u00e9es \u00e0 caract\u00e8re personnel contre la manipulation, l'alt\u00e9ration, la divulgation, la perte, l'utilisation abusive, la destruction ou l'acc\u00e8s accidentel ou intentionnel (et non autoris\u00e9) par des personnes non autoris\u00e9es.<\/p><p><strong>7. Vos droits concernant vos donn\u00e9es ?<\/strong><\/p><p>Conform\u00e9ment au r\u00e8glement g\u00e9n\u00e9ral sur la protection des donn\u00e9es, vous avez le droit de (dans la mesure o\u00f9 les conditions concr\u00e8tes d'application de ce droit sont remplies) :<\/p><p>L'acc\u00e8s aux donn\u00e9es personnelles que nous traitons \u00e0 votre sujet et l'information \u00e0 ce sujet ;<br \/>Oblivion ou de nous demander de supprimer vos donn\u00e9es personnelles ;<br \/>Rectification et suppl\u00e9mentation ;<br \/>Transf\u00e9rabilit\u00e9 des donn\u00e9es personnelles ;<br \/>Restriction du traitement ;<br \/>Objection.<\/p><p>Pour exercer ces droits, veuillez nous contacter par courrier \u00e9lectronique \u00e0 l'adresse suivante : info@cinesouk.ma<\/p><p>Afin de v\u00e9rifier votre identit\u00e9, nous vous demandons d'envoyer une copie du recto de votre carte d'identit\u00e9 avec chaque demande. Apr\u00e8s v\u00e9rification de votre identit\u00e9, nous d\u00e9truirons cette copie. Nous r\u00e9pondrons \u00e0 votre demande dans les plus brefs d\u00e9lais, et en tout \u00e9tat de cause dans un d\u00e9lai de quatre semaines.<\/p><p><strong>8. Avez-vous une plainte \u00e0 formuler ?<\/strong><\/p><p>Si vous avez une plainte concernant la mani\u00e8re dont nous traitons vos donn\u00e9es personnelles, vous pouvez toujours nous en informer via info@cinesouk.ma, afin que nous puissions r\u00e9pondre \u00e0 votre plainte.<\/p><p><strong>9. Avez-vous des questions ?<\/strong><\/p><p>Pour toute question concernant la pr\u00e9sente d\u00e9claration de confidentialit\u00e9, veuillez nous contacter \u00e0 l'adresse suivante : info@cinesouk.ma<\/p><p><strong>10. Changements<\/strong><\/p><p>Afin de r\u00e9pondre aux commentaires ou de refl\u00e9ter les changements dans nos op\u00e9rations de traitement, nous pouvons modifier cette d\u00e9claration de confidentialit\u00e9 de temps \u00e0 autre. La nouvelle version s'appliquera \u00e0 partir de votre prochaine visite sur notre site web et\/ou application. Les modifications importantes vous seront toujours communiqu\u00e9es de mani\u00e8re appropri\u00e9e via votre compte.<\/p>\t\t\t\t\t\t\t\t<\/div>\n\t\t\t\t<\/div>\n\t\t\t\t\t<\/div>\n\t\t\t\t<\/div>\n\t\t\t\t<\/div>","protected":false},"excerpt":{"rendered":"<p>#PRIVACY STATEMENT Version 1.2 &#8211; date of publication 11\/05\/2025 Safeguarding your privacy is very important to us. Therefore, we describe in this privacy statement what information we collect from you through our website (www.cinesouk.ma) or through renting our equipment to you and how we use this information. By submitting your information on our website or [&hellip;]<\/p>","protected":false},"author":1,"featured_media":0,"parent":0,"menu_order":0,"comment_status":"closed","ping_status":"closed","template":"elementor_header_footer","meta":{"om_disable_all_campaigns":false,"_monsterinsights_skip_tracking":false,"_monsterinsights_sitenote_active":false,"_monsterinsights_sitenote_note":"","_monsterinsights_sitenote_category":0,"_uf_show_specific_survey":0,"_uf_disable_surveys":false,"footnotes":""},"class_list":["post-1878","page","type-page","status-publish","hentry","entry","owp-thumbs-layout-horizontal","owp-btn-normal","owp-tabs-layout-horizontal","has-no-thumbnails","has-product-nav"],"yoast_head":"<!-- This site is optimized with the Yoast SEO Premium plugin v26.0 (Yoast SEO v26.0) - https:\/\/yoast.com\/wordpress\/plugins\/seo\/ -->\n<title>Privacy Statement - CineSouk<\/title>\n<meta name=\"robots\" content=\"index, follow, max-snippet:-1, max-image-preview:large, max-video-preview:-1\" \/>\n<link rel=\"canonical\" href=\"https:\/\/www.cinesouk.ma\/fr\/privacy-statement\/\" \/>\n<meta property=\"og:locale\" content=\"fr_FR\" \/>\n<meta property=\"og:type\" content=\"article\" \/>\n<meta property=\"og:title\" content=\"Privacy Statement\" \/>\n<meta property=\"og:description\" content=\"#PRIVACY STATEMENT Version 1.2 &#8211; date of publication 11\/05\/2025 Safeguarding your privacy is very important to us. Therefore, we describe in this privacy statement what information we collect from you through our website (www.cinesouk.ma) or through renting our equipment to you and how we use this information. By submitting your information on our website or [&hellip;]\" \/>\n<meta property=\"og:url\" content=\"https:\/\/www.cinesouk.ma\/fr\/privacy-statement\/\" \/>\n<meta property=\"og:site_name\" content=\"CineSouk\" \/>\n<meta property=\"article:modified_time\" content=\"2025-05-11T18:51:21+00:00\" \/>\n<meta name=\"twitter:card\" content=\"summary_large_image\" \/>\n<meta name=\"twitter:label1\" content=\"Dur\u00e9e de lecture estim\u00e9e\" \/>\n\t<meta name=\"twitter:data1\" content=\"7 minutes\" \/>\n<script type=\"application\/ld+json\" class=\"yoast-schema-graph\">{\"@context\":\"https:\/\/schema.org\",\"@graph\":[{\"@type\":\"WebPage\",\"@id\":\"https:\/\/www.cinesouk.ma\/privacy-statement\/\",\"url\":\"https:\/\/www.cinesouk.ma\/privacy-statement\/\",\"name\":\"Privacy Statement - CineSouk\",\"isPartOf\":{\"@id\":\"https:\/\/www.cinesouk.ma\/#website\"},\"datePublished\":\"2024-01-17T07:48:27+00:00\",\"dateModified\":\"2025-05-11T18:51:21+00:00\",\"breadcrumb\":{\"@id\":\"https:\/\/www.cinesouk.ma\/privacy-statement\/#breadcrumb\"},\"inLanguage\":\"fr-FR\",\"potentialAction\":[{\"@type\":\"ReadAction\",\"target\":[\"https:\/\/www.cinesouk.ma\/privacy-statement\/\"]}]},{\"@type\":\"BreadcrumbList\",\"@id\":\"https:\/\/www.cinesouk.ma\/privacy-statement\/#breadcrumb\",\"itemListElement\":[{\"@type\":\"ListItem\",\"position\":1,\"name\":\"Home\",\"item\":\"https:\/\/www.cinesouk.ma\/\"},{\"@type\":\"ListItem\",\"position\":2,\"name\":\"Privacy Statement\"}]},{\"@type\":\"WebSite\",\"@id\":\"https:\/\/www.cinesouk.ma\/#website\",\"url\":\"https:\/\/www.cinesouk.ma\/\",\"name\":\"CineSouk\",\"description\":\"\",\"publisher\":{\"@id\":\"https:\/\/www.cinesouk.ma\/#organization\"},\"potentialAction\":[{\"@type\":\"SearchAction\",\"target\":{\"@type\":\"EntryPoint\",\"urlTemplate\":\"https:\/\/www.cinesouk.ma\/?s={search_term_string}\"},\"query-input\":{\"@type\":\"PropertyValueSpecification\",\"valueRequired\":true,\"valueName\":\"search_term_string\"}}],\"inLanguage\":\"fr-FR\"},{\"@type\":\"Organization\",\"@id\":\"https:\/\/www.cinesouk.ma\/#organization\",\"name\":\"CineSouk\",\"url\":\"https:\/\/www.cinesouk.ma\/\",\"logo\":{\"@type\":\"ImageObject\",\"inLanguage\":\"fr-FR\",\"@id\":\"https:\/\/www.cinesouk.ma\/#\/schema\/logo\/image\/\",\"url\":\"https:\/\/www.cinesouk.ma\/wp-content\/uploads\/2024\/01\/CineSouk-logo-v01-alpha-alligned-left.png\",\"contentUrl\":\"https:\/\/www.cinesouk.ma\/wp-content\/uploads\/2024\/01\/CineSouk-logo-v01-alpha-alligned-left.png\",\"width\":3204,\"height\":889,\"caption\":\"CineSouk\"},\"image\":{\"@id\":\"https:\/\/www.cinesouk.ma\/#\/schema\/logo\/image\/\"}}]}<\/script>\n<!-- \/ Yoast SEO Premium plugin. -->","yoast_head_json":{"title":"Privacy Statement - CineSouk","robots":{"index":"index","follow":"follow","max-snippet":"max-snippet:-1","max-image-preview":"max-image-preview:large","max-video-preview":"max-video-preview:-1"},"canonical":"https:\/\/www.cinesouk.ma\/fr\/privacy-statement\/","og_locale":"fr_FR","og_type":"article","og_title":"Privacy Statement","og_description":"#PRIVACY STATEMENT Version 1.2 &#8211; date of publication 11\/05\/2025 Safeguarding your privacy is very important to us. Therefore, we describe in this privacy statement what information we collect from you through our website (www.cinesouk.ma) or through renting our equipment to you and how we use this information. By submitting your information on our website or [&hellip;]","og_url":"https:\/\/www.cinesouk.ma\/fr\/privacy-statement\/","og_site_name":"CineSouk","article_modified_time":"2025-05-11T18:51:21+00:00","twitter_card":"summary_large_image","twitter_misc":{"Dur\u00e9e de lecture estim\u00e9e":"7 minutes"},"schema":{"@context":"https:\/\/schema.org","@graph":[{"@type":"WebPage","@id":"https:\/\/www.cinesouk.ma\/privacy-statement\/","url":"https:\/\/www.cinesouk.ma\/privacy-statement\/","name":"Privacy Statement - CineSouk","isPartOf":{"@id":"https:\/\/www.cinesouk.ma\/#website"},"datePublished":"2024-01-17T07:48:27+00:00","dateModified":"2025-05-11T18:51:21+00:00","breadcrumb":{"@id":"https:\/\/www.cinesouk.ma\/privacy-statement\/#breadcrumb"},"inLanguage":"fr-FR","potentialAction":[{"@type":"ReadAction","target":["https:\/\/www.cinesouk.ma\/privacy-statement\/"]}]},{"@type":"BreadcrumbList","@id":"https:\/\/www.cinesouk.ma\/privacy-statement\/#breadcrumb","itemListElement":[{"@type":"ListItem","position":1,"name":"Home","item":"https:\/\/www.cinesouk.ma\/"},{"@type":"ListItem","position":2,"name":"Privacy Statement"}]},{"@type":"WebSite","@id":"https:\/\/www.cinesouk.ma\/#website","url":"https:\/\/www.cinesouk.ma\/","name":"CineSouk","description":"","publisher":{"@id":"https:\/\/www.cinesouk.ma\/#organization"},"potentialAction":[{"@type":"SearchAction","target":{"@type":"EntryPoint","urlTemplate":"https:\/\/www.cinesouk.ma\/?s={search_term_string}"},"query-input":{"@type":"PropertyValueSpecification","valueRequired":true,"valueName":"search_term_string"}}],"inLanguage":"fr-FR"},{"@type":"Organization","@id":"https:\/\/www.cinesouk.ma\/#organization","name":"CineSouk","url":"https:\/\/www.cinesouk.ma\/","logo":{"@type":"ImageObject","inLanguage":"fr-FR","@id":"https:\/\/www.cinesouk.ma\/#\/schema\/logo\/image\/","url":"https:\/\/www.cinesouk.ma\/wp-content\/uploads\/2024\/01\/CineSouk-logo-v01-alpha-alligned-left.png","contentUrl":"https:\/\/www.cinesouk.ma\/wp-content\/uploads\/2024\/01\/CineSouk-logo-v01-alpha-alligned-left.png","width":3204,"height":889,"caption":"CineSouk"},"image":{"@id":"https:\/\/www.cinesouk.ma\/#\/schema\/logo\/image\/"}}]}},"_links":{"self":[{"href":"https:\/\/www.cinesouk.ma\/fr\/wp-json\/wp\/v2\/pages\/1878","targetHints":{"allow":["GET"]}}],"collection":[{"href":"https:\/\/www.cinesouk.ma\/fr\/wp-json\/wp\/v2\/pages"}],"about":[{"href":"https:\/\/www.cinesouk.ma\/fr\/wp-json\/wp\/v2\/types\/page"}],"author":[{"embeddable":true,"href":"https:\/\/www.cinesouk.ma\/fr\/wp-json\/wp\/v2\/users\/1"}],"replies":[{"embeddable":true,"href":"https:\/\/www.cinesouk.ma\/fr\/wp-json\/wp\/v2\/comments?post=1878"}],"version-history":[{"count":86,"href":"https:\/\/www.cinesouk.ma\/fr\/wp-json\/wp\/v2\/pages\/1878\/revisions"}],"predecessor-version":[{"id":13224,"href":"https:\/\/www.cinesouk.ma\/fr\/wp-json\/wp\/v2\/pages\/1878\/revisions\/13224"}],"wp:attachment":[{"href":"https:\/\/www.cinesouk.ma\/fr\/wp-json\/wp\/v2\/media?parent=1878"}],"curies":[{"name":"wp","href":"https:\/\/api.w.org\/{rel}","templated":true}]}}