{"id":1005,"date":"2024-11-01T01:00:10","date_gmt":"2024-11-01T01:00:10","guid":{"rendered":"https:\/\/www.cinesouk.ma\/?post_type=product&#038;p=1005"},"modified":"2026-02-11T11:31:38","modified_gmt":"2026-02-11T11:31:38","slug":"swefog-ultimate-2000-haze-machine","status":"publish","type":"product","link":"https:\/\/www.cinesouk.ma\/fr\/produit\/swefog-ultimate-2000-haze-machine\/","title":{"rendered":"Swefog Ultimate 2000 Haze Machine"},"content":{"rendered":"<p>La Swefog Ultimate 2000 est une machine \u00e0 fum\u00e9e puissante et polyvalente. Elle est con\u00e7ue pour les effets atmosph\u00e9riques et est r\u00e9put\u00e9e pour son rendement et sa fiabilit\u00e9 exceptionnels.<\/p>\n<p>Fabriqu\u00e9 avec pr\u00e9cision, il est dot\u00e9 d'une technologie avanc\u00e9e pour une production efficace de brouillard, garantissant un effet atmosph\u00e9rique constant.<br \/>\nIl s'agit d'un brouillard compact et facile \u00e0 utiliser qui g\u00e9n\u00e8re un brouillard atmosph\u00e9rique unique avec un gain raffin\u00e9 de clart\u00e9 optique, de r\u00e9flectivit\u00e9 de la lumi\u00e8re et de luminosit\u00e9 des couleurs.<\/p>\n<p>Le rendement \u00e9lev\u00e9, le long temps de suspension et la petite taille des particules des fluides de la s\u00e9rie C permettent de cr\u00e9er sans effort une brume calme dans votre salle.<br \/>\nLe Swefog Ultimate 2000 est un t\u00e9moignage de qualit\u00e9 et d'innovation.<\/p>\n<p>Louez-le maintenant sur <a href=\"https:\/\/www.cinesouk.ma\/fr\">CINESOUK<\/a> - une marque de <a href=\"https:\/\/www.broadway.ma\/\">BROADWAY PRODUCTIONS SARL.<\/a><\/p>","protected":false},"excerpt":{"rendered":"<p>Sp\u00e9cifications<\/p>\n<p><strong>Consommation de fluides<\/strong>: 0,05Ltr par heure<br \/>\n<strong>Capacit\u00e9 du r\u00e9servoir :<\/strong> 2.0Ltr<br \/>\n<strong>Dur\u00e9e du film :<\/strong> 40h<br \/>\n<strong>Couleur Haze<\/strong>: Blanc<\/p>","protected":false},"featured_media":1011,"template":"","meta":{"om_disable_all_campaigns":false,"_monsterinsights_skip_tracking":false,"_monsterinsights_sitenote_active":false,"_monsterinsights_sitenote_note":"","_monsterinsights_sitenote_category":0,"_uf_show_specific_survey":0,"_uf_disable_surveys":false},"product_brand":[],"product_cat":[153,51,92],"product_tag":[],"class_list":{"0":"post-1005","1":"product","2":"type-product","3":"status-publish","4":"has-post-thumbnail","6":"product_cat-smoke-haze-fog","7":"product_cat-featured-cinesouk","8":"product_cat-pa-systems-eventsouk","10":"entry","11":"has-media","13":"first","14":"instock","15":"taxable","16":"shipping-taxable","17":"purchasable","18":"product-type-variable","19":"has-product-nav","20":"col","21":"span_1_of_3","22":"owp-content-center","23":"owp-thumbs-layout-horizontal","24":"owp-btn-normal","25":"owp-tabs-layout-horizontal","26":"has-no-thumbnails"},"yoast_head":"<!-- This site is optimized with the Yoast SEO Premium plugin v26.0 (Yoast SEO v26.0) - https:\/\/yoast.com\/wordpress\/plugins\/seo\/ -->\n<title>Swefog Ultimate 2000 Haze Machine - Hazer - CineSouk - For rent<\/title>\n<meta name=\"description\" content=\"The Swefog Ultimate 2000 is a powerful and versatile fog machine and is known for its exceptional output and reliability.\" \/>\n<meta name=\"robots\" content=\"index, follow, max-snippet:-1, max-image-preview:large, max-video-preview:-1\" \/>\n<link rel=\"canonical\" href=\"https:\/\/www.cinesouk.ma\/fr\/produit\/swefog-ultimate-2000-haze-machine\/\" \/>\n<meta property=\"og:locale\" content=\"fr_FR\" \/>\n<meta property=\"og:type\" content=\"article\" \/>\n<meta property=\"og:title\" content=\"Swefog Ultimate 2000 Haze Machine\" \/>\n<meta property=\"og:description\" content=\"The Swefog Ultimate 2000 is a powerful and versatile fog machine and is known for its exceptional output and reliability.\" \/>\n<meta property=\"og:url\" content=\"https:\/\/www.cinesouk.ma\/fr\/produit\/swefog-ultimate-2000-haze-machine\/\" \/>\n<meta property=\"og:site_name\" content=\"CineSouk\" \/>\n<meta property=\"article:modified_time\" content=\"2026-02-11T11:31:38+00:00\" \/>\n<meta property=\"og:image\" content=\"https:\/\/www.cinesouk.ma\/wp-content\/uploads\/2024\/01\/Swefog.jpg\" \/>\n\t<meta property=\"og:image:width\" content=\"300\" \/>\n\t<meta property=\"og:image:height\" content=\"238\" \/>\n\t<meta property=\"og:image:type\" content=\"image\/jpeg\" \/>\n<meta name=\"twitter:card\" content=\"summary_large_image\" \/>\n<meta name=\"twitter:description\" content=\"The Swefog Ultimate 2000 is a powerful and versatile fog machine and is known for its exceptional output and reliability.\" \/>\n<meta name=\"twitter:label1\" content=\"Dur\u00e9e de lecture estim\u00e9e\" \/>\n\t<meta name=\"twitter:data1\" content=\"1 minute\" \/>\n<script type=\"application\/ld+json\" class=\"yoast-schema-graph\">{\"@context\":\"https:\/\/schema.org\",\"@graph\":[{\"@type\":\"WebPage\",\"@id\":\"https:\/\/www.cinesouk.ma\/product\/swefog-ultimate-2000-haze-machine\/\",\"url\":\"https:\/\/www.cinesouk.ma\/product\/swefog-ultimate-2000-haze-machine\/\",\"name\":\"Swefog Ultimate 2000 Haze Machine - Hazer - CineSouk - For rent\",\"isPartOf\":{\"@id\":\"https:\/\/www.cinesouk.ma\/#website\"},\"primaryImageOfPage\":{\"@id\":\"https:\/\/www.cinesouk.ma\/product\/swefog-ultimate-2000-haze-machine\/#primaryimage\"},\"image\":{\"@id\":\"https:\/\/www.cinesouk.ma\/product\/swefog-ultimate-2000-haze-machine\/#primaryimage\"},\"thumbnailUrl\":\"https:\/\/www.cinesouk.ma\/wp-content\/uploads\/2024\/01\/Swefog.jpg\",\"datePublished\":\"2024-11-01T01:00:10+00:00\",\"dateModified\":\"2026-02-11T11:31:38+00:00\",\"description\":\"The Swefog Ultimate 2000 is a powerful and versatile fog machine and is known for its exceptional output and reliability.\",\"breadcrumb\":{\"@id\":\"https:\/\/www.cinesouk.ma\/product\/swefog-ultimate-2000-haze-machine\/#breadcrumb\"},\"inLanguage\":\"fr-FR\",\"potentialAction\":[{\"@type\":\"ReadAction\",\"target\":[\"https:\/\/www.cinesouk.ma\/product\/swefog-ultimate-2000-haze-machine\/\"]}]},{\"@type\":\"ImageObject\",\"inLanguage\":\"fr-FR\",\"@id\":\"https:\/\/www.cinesouk.ma\/product\/swefog-ultimate-2000-haze-machine\/#primaryimage\",\"url\":\"https:\/\/www.cinesouk.ma\/wp-content\/uploads\/2024\/01\/Swefog.jpg\",\"contentUrl\":\"https:\/\/www.cinesouk.ma\/wp-content\/uploads\/2024\/01\/Swefog.jpg\",\"width\":300,\"height\":238,\"caption\":\"Swefog Ultimate 2000\"},{\"@type\":\"BreadcrumbList\",\"@id\":\"https:\/\/www.cinesouk.ma\/product\/swefog-ultimate-2000-haze-machine\/#breadcrumb\",\"itemListElement\":[{\"@type\":\"ListItem\",\"position\":1,\"name\":\"Home\",\"item\":\"https:\/\/www.cinesouk.ma\/\"},{\"@type\":\"ListItem\",\"position\":2,\"name\":\"Shop\",\"item\":\"https:\/\/www.cinesouk.ma\/shop\/\"},{\"@type\":\"ListItem\",\"position\":3,\"name\":\"Swefog Ultimate 2000 Haze Machine\"}]},{\"@type\":\"WebSite\",\"@id\":\"https:\/\/www.cinesouk.ma\/#website\",\"url\":\"https:\/\/www.cinesouk.ma\/\",\"name\":\"CineSouk\",\"description\":\"\",\"publisher\":{\"@id\":\"https:\/\/www.cinesouk.ma\/#organization\"},\"potentialAction\":[{\"@type\":\"SearchAction\",\"target\":{\"@type\":\"EntryPoint\",\"urlTemplate\":\"https:\/\/www.cinesouk.ma\/?s={search_term_string}\"},\"query-input\":{\"@type\":\"PropertyValueSpecification\",\"valueRequired\":true,\"valueName\":\"search_term_string\"}}],\"inLanguage\":\"fr-FR\"},{\"@type\":\"Organization\",\"@id\":\"https:\/\/www.cinesouk.ma\/#organization\",\"name\":\"CineSouk\",\"url\":\"https:\/\/www.cinesouk.ma\/\",\"logo\":{\"@type\":\"ImageObject\",\"inLanguage\":\"fr-FR\",\"@id\":\"https:\/\/www.cinesouk.ma\/#\/schema\/logo\/image\/\",\"url\":\"https:\/\/www.cinesouk.ma\/wp-content\/uploads\/2024\/01\/CineSouk-logo-v01-alpha-alligned-left.png\",\"contentUrl\":\"https:\/\/www.cinesouk.ma\/wp-content\/uploads\/2024\/01\/CineSouk-logo-v01-alpha-alligned-left.png\",\"width\":3204,\"height\":889,\"caption\":\"CineSouk\"},\"image\":{\"@id\":\"https:\/\/www.cinesouk.ma\/#\/schema\/logo\/image\/\"}}]}<\/script>\n<!-- \/ Yoast SEO Premium plugin. -->","yoast_head_json":{"title":"Swefog Ultimate 2000 Haze Machine - Hazer - CineSouk - For rent","description":"The Swefog Ultimate 2000 is a powerful and versatile fog machine and is known for its exceptional output and reliability.","robots":{"index":"index","follow":"follow","max-snippet":"max-snippet:-1","max-image-preview":"max-image-preview:large","max-video-preview":"max-video-preview:-1"},"canonical":"https:\/\/www.cinesouk.ma\/fr\/produit\/swefog-ultimate-2000-haze-machine\/","og_locale":"fr_FR","og_type":"article","og_title":"Swefog Ultimate 2000 Haze Machine","og_description":"The Swefog Ultimate 2000 is a powerful and versatile fog machine and is known for its exceptional output and reliability.","og_url":"https:\/\/www.cinesouk.ma\/fr\/produit\/swefog-ultimate-2000-haze-machine\/","og_site_name":"CineSouk","article_modified_time":"2026-02-11T11:31:38+00:00","og_image":[{"width":300,"height":238,"url":"https:\/\/www.cinesouk.ma\/wp-content\/uploads\/2024\/01\/Swefog.jpg","type":"image\/jpeg"}],"twitter_card":"summary_large_image","twitter_description":"The Swefog Ultimate 2000 is a powerful and versatile fog machine and is known for its exceptional output and reliability.","twitter_misc":{"Dur\u00e9e de lecture estim\u00e9e":"1 minute"},"schema":{"@context":"https:\/\/schema.org","@graph":[{"@type":"WebPage","@id":"https:\/\/www.cinesouk.ma\/product\/swefog-ultimate-2000-haze-machine\/","url":"https:\/\/www.cinesouk.ma\/product\/swefog-ultimate-2000-haze-machine\/","name":"Swefog Ultimate 2000 Haze Machine - Hazer - CineSouk - For rent","isPartOf":{"@id":"https:\/\/www.cinesouk.ma\/#website"},"primaryImageOfPage":{"@id":"https:\/\/www.cinesouk.ma\/product\/swefog-ultimate-2000-haze-machine\/#primaryimage"},"image":{"@id":"https:\/\/www.cinesouk.ma\/product\/swefog-ultimate-2000-haze-machine\/#primaryimage"},"thumbnailUrl":"https:\/\/www.cinesouk.ma\/wp-content\/uploads\/2024\/01\/Swefog.jpg","datePublished":"2024-11-01T01:00:10+00:00","dateModified":"2026-02-11T11:31:38+00:00","description":"The Swefog Ultimate 2000 is a powerful and versatile fog machine and is known for its exceptional output and reliability.","breadcrumb":{"@id":"https:\/\/www.cinesouk.ma\/product\/swefog-ultimate-2000-haze-machine\/#breadcrumb"},"inLanguage":"fr-FR","potentialAction":[{"@type":"ReadAction","target":["https:\/\/www.cinesouk.ma\/product\/swefog-ultimate-2000-haze-machine\/"]}]},{"@type":"ImageObject","inLanguage":"fr-FR","@id":"https:\/\/www.cinesouk.ma\/product\/swefog-ultimate-2000-haze-machine\/#primaryimage","url":"https:\/\/www.cinesouk.ma\/wp-content\/uploads\/2024\/01\/Swefog.jpg","contentUrl":"https:\/\/www.cinesouk.ma\/wp-content\/uploads\/2024\/01\/Swefog.jpg","width":300,"height":238,"caption":"Swefog Ultimate 2000"},{"@type":"BreadcrumbList","@id":"https:\/\/www.cinesouk.ma\/product\/swefog-ultimate-2000-haze-machine\/#breadcrumb","itemListElement":[{"@type":"ListItem","position":1,"name":"Home","item":"https:\/\/www.cinesouk.ma\/"},{"@type":"ListItem","position":2,"name":"Shop","item":"https:\/\/www.cinesouk.ma\/shop\/"},{"@type":"ListItem","position":3,"name":"Swefog Ultimate 2000 Haze Machine"}]},{"@type":"WebSite","@id":"https:\/\/www.cinesouk.ma\/#website","url":"https:\/\/www.cinesouk.ma\/","name":"CineSouk","description":"","publisher":{"@id":"https:\/\/www.cinesouk.ma\/#organization"},"potentialAction":[{"@type":"SearchAction","target":{"@type":"EntryPoint","urlTemplate":"https:\/\/www.cinesouk.ma\/?s={search_term_string}"},"query-input":{"@type":"PropertyValueSpecification","valueRequired":true,"valueName":"search_term_string"}}],"inLanguage":"fr-FR"},{"@type":"Organization","@id":"https:\/\/www.cinesouk.ma\/#organization","name":"CineSouk","url":"https:\/\/www.cinesouk.ma\/","logo":{"@type":"ImageObject","inLanguage":"fr-FR","@id":"https:\/\/www.cinesouk.ma\/#\/schema\/logo\/image\/","url":"https:\/\/www.cinesouk.ma\/wp-content\/uploads\/2024\/01\/CineSouk-logo-v01-alpha-alligned-left.png","contentUrl":"https:\/\/www.cinesouk.ma\/wp-content\/uploads\/2024\/01\/CineSouk-logo-v01-alpha-alligned-left.png","width":3204,"height":889,"caption":"CineSouk"},"image":{"@id":"https:\/\/www.cinesouk.ma\/#\/schema\/logo\/image\/"}}]}},"_links":{"self":[{"href":"https:\/\/www.cinesouk.ma\/fr\/wp-json\/wp\/v2\/product\/1005","targetHints":{"allow":["GET"]}}],"collection":[{"href":"https:\/\/www.cinesouk.ma\/fr\/wp-json\/wp\/v2\/product"}],"about":[{"href":"https:\/\/www.cinesouk.ma\/fr\/wp-json\/wp\/v2\/types\/product"}],"wp:featuredmedia":[{"embeddable":true,"href":"https:\/\/www.cinesouk.ma\/fr\/wp-json\/wp\/v2\/media\/1011"}],"wp:attachment":[{"href":"https:\/\/www.cinesouk.ma\/fr\/wp-json\/wp\/v2\/media?parent=1005"}],"wp:term":[{"taxonomy":"product_brand","embeddable":true,"href":"https:\/\/www.cinesouk.ma\/fr\/wp-json\/wp\/v2\/product_brand?post=1005"},{"taxonomy":"product_cat","embeddable":true,"href":"https:\/\/www.cinesouk.ma\/fr\/wp-json\/wp\/v2\/product_cat?post=1005"},{"taxonomy":"product_tag","embeddable":true,"href":"https:\/\/www.cinesouk.ma\/fr\/wp-json\/wp\/v2\/product_tag?post=1005"}],"curies":[{"name":"wp","href":"https:\/\/api.w.org\/{rel}","templated":true}]}}