{"id":10104,"date":"2024-12-23T09:42:20","date_gmt":"2024-12-23T09:42:20","guid":{"rendered":"https:\/\/www.cinesouk.ma\/?post_type=product&#038;p=10104"},"modified":"2026-02-05T13:09:00","modified_gmt":"2026-02-05T13:09:00","slug":"profoto-softbox-octa-2%e2%80%b2-60cm","status":"publish","type":"product","link":"https:\/\/www.cinesouk.ma\/fr\/produit\/profoto-softbox-octa-2%e2%80%b2-60cm\/","title":{"rendered":"Profoto Bo\u00eete \u00e0 lumi\u00e8re Octa 2\u2032 (60cm)"},"content":{"rendered":"<div class=\"flex max-w-full flex-col flex-grow\">\n<div class=\"min-h-8 text-message flex w-full flex-col items-end gap-2 whitespace-normal break-words [.text-message+&amp;]:mt-5\" dir=\"auto\" data-message-author-role=\"assistant\" data-message-id=\"e4c3ffad-71cb-44e7-93b8-bb60eda86b77\" data-message-model-slug=\"gpt-4o-mini\">\n<div class=\"flex w-full flex-col gap-1 empty:hidden first:pt-[3px]\">\n<div class=\"markdown prose w-full break-words dark:prose-invert light\">\n<p>La bo\u00eete \u00e0 lumi\u00e8re Profoto Octa 2\u2032 (60 cm) est un accessoire d'\u00e9clairage compact et polyvalent, con\u00e7u de mani\u00e8re r\u00e9fl\u00e9chie pour les photographes professionnels. De plus, sa forme octogonale cr\u00e9e une lumi\u00e8re douce et naturelle avec des catchlights ronds, ce qui la rend id\u00e9ale pour les portraits et les gros plans.<\/p>\n<h3>Caract\u00e9ristiques principales de la bo\u00eete \u00e0 lumi\u00e8re Profoto Octa 2\u2032 :<\/h3>\n<ul>\n<li><strong>\u00c9clairage doux et homog\u00e8ne :<\/strong> Il produit notamment une lumi\u00e8re douce et naturelle qui minimise les ombres dures, ce qui permet d'obtenir des r\u00e9sultats flatteurs et professionnels.<\/li>\n<li><strong>Forme octogonale :<\/strong> De plus, il produit de belles lumi\u00e8res rondes qui am\u00e9liorent les portraits et les rendent plus r\u00e9alistes.<\/li>\n<li><strong>Installation rapide :<\/strong> Gr\u00e2ce \u00e0 sa compatibilit\u00e9 avec le syst\u00e8me speedring de Profoto, le montage et le d\u00e9montage sont rapides et simples.<\/li>\n<li><strong>Construction durable :<\/strong> En outre, il est fabriqu\u00e9 avec des mat\u00e9riaux de haute qualit\u00e9 pour r\u00e9sister aux exigences d'une utilisation professionnelle.<\/li>\n<li><strong>Taille compacte :<\/strong> Avec seulement 60 cm (2\u2032), il est parfait pour les espaces restreints ou les tournages sur place o\u00f9 la portabilit\u00e9 est une priorit\u00e9.<\/li>\n<li><strong>Large compatibilit\u00e9 :<\/strong> Il fonctionne \u00e9galement de mani\u00e8re transparente avec les flashes Profoto et d'autres syst\u00e8mes \u00e0 l'aide d'adaptateurs appropri\u00e9s.<\/li>\n<\/ul>\n<h3>Sp\u00e9cifications :<\/h3>\n<ul>\n<li><strong>Forme :<\/strong> Octogonal<\/li>\n<li><strong>Taille :<\/strong> 2 pieds (60cm)<\/li>\n<li><strong>Mat\u00e9riau :<\/strong> Tissu de haute qualit\u00e9 et cadre m\u00e9tallique robuste<\/li>\n<li><strong>Syst\u00e8me de montage :<\/strong> N\u00e9cessite un anneau de vitesse Profoto compatible (vendu s\u00e9par\u00e9ment)<\/li>\n<li><strong>Poids :<\/strong> L\u00e9ger pour un transport et une manipulation ais\u00e9s<\/li>\n<\/ul>\n<p>En conclusion, la bo\u00eete \u00e0 lumi\u00e8re Profoto Octa 2\u2032 (60 cm) est un excellent choix pour les photographes qui ont besoin d'une lumi\u00e8re douce et contr\u00f4l\u00e9e. En outre, sa taille compacte et ses performances durables, de qualit\u00e9 professionnelle, la rendent bien adapt\u00e9e au travail en studio et aux prises de vue sur place.<\/p>\n<\/div>\n<\/div>\n<\/div>\n<\/div>\n<p>Louez la bo\u00eete \u00e0 lumi\u00e8re Profoto Octa 2\u2032 maintenant sur <a href=\"https:\/\/www.cinesouk.ma\/fr\">CINESOUK<\/a> - une marque de <a href=\"https:\/\/www.broadway.ma\/\">BROADWAY PRODUCTIONS SARL.<\/a><\/p>","protected":false},"excerpt":{"rendered":"<p><strong>Sp\u00e9cifications :<\/strong><\/p>\n<ul>\n<li>La bo\u00eete \u00e0 lumi\u00e8re permet d'obtenir un \u00e9clairage doux, flatteur et uniforme.<\/li>\n<li>Les tiges \u00e0 code couleur et les diffuseurs fixes permettent une installation rapide et sans effort.<\/li>\n<li>Compact, l\u00e9ger et tr\u00e8s portable.<\/li>\n<li>Fabriqu\u00e9 avec des mat\u00e9riaux durables et de haute qualit\u00e9.<\/li>\n<li>N\u00e9cessite un anneau de vitesse OCF pour le montage.<\/li>\n<li>Compatible avec les grilles souples optionnelles pour un meilleur contr\u00f4le de la lumi\u00e8re.<\/li>\n<li>Livr\u00e9 avec un \u00e9tui souple \u00e9tiquet\u00e9 pour un rangement et un transport pratiques.<\/li>\n<li>Diam\u00e8tre : 60 cm.<\/li>\n<\/ul>","protected":false},"featured_media":10180,"template":"","meta":{"om_disable_all_campaigns":false,"_monsterinsights_skip_tracking":false,"_monsterinsights_sitenote_active":false,"_monsterinsights_sitenote_note":"","_monsterinsights_sitenote_category":0,"_uf_show_specific_survey":0,"_uf_disable_surveys":false},"product_brand":[],"product_cat":[135,37,79],"product_tag":[],"class_list":{"0":"post-10104","1":"product","2":"type-product","3":"status-publish","4":"has-post-thumbnail","6":"product_cat-photography-eventsouk","7":"product_cat-accessories-cinesouk","8":"product_cat-photography-cinesouk","10":"entry","11":"has-media","13":"first","14":"instock","15":"taxable","16":"shipping-taxable","17":"purchasable","18":"product-type-variable","19":"has-product-nav","20":"col","21":"span_1_of_3","22":"owp-content-center","23":"owp-thumbs-layout-horizontal","24":"owp-btn-normal","25":"owp-tabs-layout-horizontal","26":"has-no-thumbnails"},"yoast_head":"<!-- This site is optimized with the Yoast SEO Premium plugin v26.0 (Yoast SEO v26.0) - https:\/\/yoast.com\/wordpress\/plugins\/seo\/ -->\n<title>Profoto Softbox Octa 2\u2032 (60cm) - CineSouk<\/title>\n<meta name=\"description\" content=\"The Profoto Softbox Octa 2&#039; is easy to set up, specially designed for Profoto flash heads, and measures 60 centimeters in diameter.\" \/>\n<meta name=\"robots\" content=\"index, follow, max-snippet:-1, max-image-preview:large, max-video-preview:-1\" \/>\n<link rel=\"canonical\" href=\"https:\/\/www.cinesouk.ma\/fr\/produit\/profoto-softbox-octa-2\u2032-60cm\/\" \/>\n<meta property=\"og:locale\" content=\"fr_FR\" \/>\n<meta property=\"og:type\" content=\"article\" \/>\n<meta property=\"og:title\" content=\"Profoto Softbox Octa 2\u2032 (60cm)\" \/>\n<meta property=\"og:description\" content=\"This easy-to-setup softbox is specially designed for Profoto flash heads and has a diameter of 60 centimeters. - rent it now at CineSouk\" \/>\n<meta property=\"og:url\" content=\"https:\/\/www.cinesouk.ma\/fr\/produit\/profoto-softbox-octa-2\u2032-60cm\/\" \/>\n<meta property=\"og:site_name\" content=\"CineSouk\" \/>\n<meta property=\"article:modified_time\" content=\"2026-02-05T13:09:00+00:00\" \/>\n<meta property=\"og:image\" content=\"https:\/\/www.cinesouk.ma\/wp-content\/uploads\/2024\/12\/Profoto-Softbox-Octa-2\u2032-60cm_2.jpg\" \/>\n\t<meta property=\"og:image:width\" content=\"300\" \/>\n\t<meta property=\"og:image:height\" content=\"238\" \/>\n\t<meta property=\"og:image:type\" content=\"image\/jpeg\" \/>\n<meta name=\"twitter:card\" content=\"summary_large_image\" \/>\n<meta name=\"twitter:description\" content=\"This easy-to-setup softbox is specially designed for Profoto flash heads and has a diameter of 60 centimeters. - rent it now at CineSouk\" \/>\n<meta name=\"twitter:label1\" content=\"Dur\u00e9e de lecture estim\u00e9e\" \/>\n\t<meta name=\"twitter:data1\" content=\"2 minutes\" \/>\n<script type=\"application\/ld+json\" class=\"yoast-schema-graph\">{\"@context\":\"https:\/\/schema.org\",\"@graph\":[{\"@type\":\"WebPage\",\"@id\":\"https:\/\/www.cinesouk.ma\/product\/profoto-softbox-octa-2%e2%80%b2-60cm\/\",\"url\":\"https:\/\/www.cinesouk.ma\/product\/profoto-softbox-octa-2%e2%80%b2-60cm\/\",\"name\":\"Profoto Softbox Octa 2\u2032 (60cm) - CineSouk\",\"isPartOf\":{\"@id\":\"https:\/\/www.cinesouk.ma\/#website\"},\"primaryImageOfPage\":{\"@id\":\"https:\/\/www.cinesouk.ma\/product\/profoto-softbox-octa-2%e2%80%b2-60cm\/#primaryimage\"},\"image\":{\"@id\":\"https:\/\/www.cinesouk.ma\/product\/profoto-softbox-octa-2%e2%80%b2-60cm\/#primaryimage\"},\"thumbnailUrl\":\"https:\/\/www.cinesouk.ma\/wp-content\/uploads\/2024\/12\/Profoto-Softbox-Octa-2\u2032-60cm_2.jpg\",\"datePublished\":\"2024-12-23T09:42:20+00:00\",\"dateModified\":\"2026-02-05T13:09:00+00:00\",\"description\":\"The Profoto Softbox Octa 2' is easy to set up, specially designed for Profoto flash heads, and measures 60 centimeters in diameter.\",\"breadcrumb\":{\"@id\":\"https:\/\/www.cinesouk.ma\/product\/profoto-softbox-octa-2%e2%80%b2-60cm\/#breadcrumb\"},\"inLanguage\":\"fr-FR\",\"potentialAction\":[{\"@type\":\"ReadAction\",\"target\":[\"https:\/\/www.cinesouk.ma\/product\/profoto-softbox-octa-2%e2%80%b2-60cm\/\"]}]},{\"@type\":\"ImageObject\",\"inLanguage\":\"fr-FR\",\"@id\":\"https:\/\/www.cinesouk.ma\/product\/profoto-softbox-octa-2%e2%80%b2-60cm\/#primaryimage\",\"url\":\"https:\/\/www.cinesouk.ma\/wp-content\/uploads\/2024\/12\/Profoto-Softbox-Octa-2\u2032-60cm_2.jpg\",\"contentUrl\":\"https:\/\/www.cinesouk.ma\/wp-content\/uploads\/2024\/12\/Profoto-Softbox-Octa-2\u2032-60cm_2.jpg\",\"width\":300,\"height\":238,\"caption\":\"Profoto Softbox Octa 2\u2032 (60cm)_2\"},{\"@type\":\"BreadcrumbList\",\"@id\":\"https:\/\/www.cinesouk.ma\/product\/profoto-softbox-octa-2%e2%80%b2-60cm\/#breadcrumb\",\"itemListElement\":[{\"@type\":\"ListItem\",\"position\":1,\"name\":\"Home\",\"item\":\"https:\/\/www.cinesouk.ma\/\"},{\"@type\":\"ListItem\",\"position\":2,\"name\":\"Shop\",\"item\":\"https:\/\/www.cinesouk.ma\/shop\/\"},{\"@type\":\"ListItem\",\"position\":3,\"name\":\"Profoto Softbox Octa 2\u2032 (60cm)\"}]},{\"@type\":\"WebSite\",\"@id\":\"https:\/\/www.cinesouk.ma\/#website\",\"url\":\"https:\/\/www.cinesouk.ma\/\",\"name\":\"CineSouk\",\"description\":\"\",\"publisher\":{\"@id\":\"https:\/\/www.cinesouk.ma\/#organization\"},\"potentialAction\":[{\"@type\":\"SearchAction\",\"target\":{\"@type\":\"EntryPoint\",\"urlTemplate\":\"https:\/\/www.cinesouk.ma\/?s={search_term_string}\"},\"query-input\":{\"@type\":\"PropertyValueSpecification\",\"valueRequired\":true,\"valueName\":\"search_term_string\"}}],\"inLanguage\":\"fr-FR\"},{\"@type\":\"Organization\",\"@id\":\"https:\/\/www.cinesouk.ma\/#organization\",\"name\":\"CineSouk\",\"url\":\"https:\/\/www.cinesouk.ma\/\",\"logo\":{\"@type\":\"ImageObject\",\"inLanguage\":\"fr-FR\",\"@id\":\"https:\/\/www.cinesouk.ma\/#\/schema\/logo\/image\/\",\"url\":\"https:\/\/www.cinesouk.ma\/wp-content\/uploads\/2024\/01\/CineSouk-logo-v01-alpha-alligned-left.png\",\"contentUrl\":\"https:\/\/www.cinesouk.ma\/wp-content\/uploads\/2024\/01\/CineSouk-logo-v01-alpha-alligned-left.png\",\"width\":3204,\"height\":889,\"caption\":\"CineSouk\"},\"image\":{\"@id\":\"https:\/\/www.cinesouk.ma\/#\/schema\/logo\/image\/\"}}]}<\/script>\n<!-- \/ Yoast SEO Premium plugin. -->","yoast_head_json":{"title":"Profoto Softbox Octa 2\u2032 (60cm) - CineSouk","description":"The Profoto Softbox Octa 2' is easy to set up, specially designed for Profoto flash heads, and measures 60 centimeters in diameter.","robots":{"index":"index","follow":"follow","max-snippet":"max-snippet:-1","max-image-preview":"max-image-preview:large","max-video-preview":"max-video-preview:-1"},"canonical":"https:\/\/www.cinesouk.ma\/fr\/produit\/profoto-softbox-octa-2\u2032-60cm\/","og_locale":"fr_FR","og_type":"article","og_title":"Profoto Softbox Octa 2\u2032 (60cm)","og_description":"This easy-to-setup softbox is specially designed for Profoto flash heads and has a diameter of 60 centimeters. - rent it now at CineSouk","og_url":"https:\/\/www.cinesouk.ma\/fr\/produit\/profoto-softbox-octa-2\u2032-60cm\/","og_site_name":"CineSouk","article_modified_time":"2026-02-05T13:09:00+00:00","og_image":[{"width":300,"height":238,"url":"https:\/\/www.cinesouk.ma\/wp-content\/uploads\/2024\/12\/Profoto-Softbox-Octa-2\u2032-60cm_2.jpg","type":"image\/jpeg"}],"twitter_card":"summary_large_image","twitter_description":"This easy-to-setup softbox is specially designed for Profoto flash heads and has a diameter of 60 centimeters. - rent it now at CineSouk","twitter_misc":{"Dur\u00e9e de lecture estim\u00e9e":"2 minutes"},"schema":{"@context":"https:\/\/schema.org","@graph":[{"@type":"WebPage","@id":"https:\/\/www.cinesouk.ma\/product\/profoto-softbox-octa-2%e2%80%b2-60cm\/","url":"https:\/\/www.cinesouk.ma\/product\/profoto-softbox-octa-2%e2%80%b2-60cm\/","name":"Profoto Softbox Octa 2\u2032 (60cm) - CineSouk","isPartOf":{"@id":"https:\/\/www.cinesouk.ma\/#website"},"primaryImageOfPage":{"@id":"https:\/\/www.cinesouk.ma\/product\/profoto-softbox-octa-2%e2%80%b2-60cm\/#primaryimage"},"image":{"@id":"https:\/\/www.cinesouk.ma\/product\/profoto-softbox-octa-2%e2%80%b2-60cm\/#primaryimage"},"thumbnailUrl":"https:\/\/www.cinesouk.ma\/wp-content\/uploads\/2024\/12\/Profoto-Softbox-Octa-2\u2032-60cm_2.jpg","datePublished":"2024-12-23T09:42:20+00:00","dateModified":"2026-02-05T13:09:00+00:00","description":"The Profoto Softbox Octa 2' is easy to set up, specially designed for Profoto flash heads, and measures 60 centimeters in diameter.","breadcrumb":{"@id":"https:\/\/www.cinesouk.ma\/product\/profoto-softbox-octa-2%e2%80%b2-60cm\/#breadcrumb"},"inLanguage":"fr-FR","potentialAction":[{"@type":"ReadAction","target":["https:\/\/www.cinesouk.ma\/product\/profoto-softbox-octa-2%e2%80%b2-60cm\/"]}]},{"@type":"ImageObject","inLanguage":"fr-FR","@id":"https:\/\/www.cinesouk.ma\/product\/profoto-softbox-octa-2%e2%80%b2-60cm\/#primaryimage","url":"https:\/\/www.cinesouk.ma\/wp-content\/uploads\/2024\/12\/Profoto-Softbox-Octa-2\u2032-60cm_2.jpg","contentUrl":"https:\/\/www.cinesouk.ma\/wp-content\/uploads\/2024\/12\/Profoto-Softbox-Octa-2\u2032-60cm_2.jpg","width":300,"height":238,"caption":"Profoto Softbox Octa 2\u2032 (60cm)_2"},{"@type":"BreadcrumbList","@id":"https:\/\/www.cinesouk.ma\/product\/profoto-softbox-octa-2%e2%80%b2-60cm\/#breadcrumb","itemListElement":[{"@type":"ListItem","position":1,"name":"Home","item":"https:\/\/www.cinesouk.ma\/"},{"@type":"ListItem","position":2,"name":"Shop","item":"https:\/\/www.cinesouk.ma\/shop\/"},{"@type":"ListItem","position":3,"name":"Profoto Softbox Octa 2\u2032 (60cm)"}]},{"@type":"WebSite","@id":"https:\/\/www.cinesouk.ma\/#website","url":"https:\/\/www.cinesouk.ma\/","name":"CineSouk","description":"","publisher":{"@id":"https:\/\/www.cinesouk.ma\/#organization"},"potentialAction":[{"@type":"SearchAction","target":{"@type":"EntryPoint","urlTemplate":"https:\/\/www.cinesouk.ma\/?s={search_term_string}"},"query-input":{"@type":"PropertyValueSpecification","valueRequired":true,"valueName":"search_term_string"}}],"inLanguage":"fr-FR"},{"@type":"Organization","@id":"https:\/\/www.cinesouk.ma\/#organization","name":"CineSouk","url":"https:\/\/www.cinesouk.ma\/","logo":{"@type":"ImageObject","inLanguage":"fr-FR","@id":"https:\/\/www.cinesouk.ma\/#\/schema\/logo\/image\/","url":"https:\/\/www.cinesouk.ma\/wp-content\/uploads\/2024\/01\/CineSouk-logo-v01-alpha-alligned-left.png","contentUrl":"https:\/\/www.cinesouk.ma\/wp-content\/uploads\/2024\/01\/CineSouk-logo-v01-alpha-alligned-left.png","width":3204,"height":889,"caption":"CineSouk"},"image":{"@id":"https:\/\/www.cinesouk.ma\/#\/schema\/logo\/image\/"}}]}},"_links":{"self":[{"href":"https:\/\/www.cinesouk.ma\/fr\/wp-json\/wp\/v2\/product\/10104","targetHints":{"allow":["GET"]}}],"collection":[{"href":"https:\/\/www.cinesouk.ma\/fr\/wp-json\/wp\/v2\/product"}],"about":[{"href":"https:\/\/www.cinesouk.ma\/fr\/wp-json\/wp\/v2\/types\/product"}],"wp:featuredmedia":[{"embeddable":true,"href":"https:\/\/www.cinesouk.ma\/fr\/wp-json\/wp\/v2\/media\/10180"}],"wp:attachment":[{"href":"https:\/\/www.cinesouk.ma\/fr\/wp-json\/wp\/v2\/media?parent=10104"}],"wp:term":[{"taxonomy":"product_brand","embeddable":true,"href":"https:\/\/www.cinesouk.ma\/fr\/wp-json\/wp\/v2\/product_brand?post=10104"},{"taxonomy":"product_cat","embeddable":true,"href":"https:\/\/www.cinesouk.ma\/fr\/wp-json\/wp\/v2\/product_cat?post=10104"},{"taxonomy":"product_tag","embeddable":true,"href":"https:\/\/www.cinesouk.ma\/fr\/wp-json\/wp\/v2\/product_tag?post=10104"}],"curies":[{"name":"wp","href":"https:\/\/api.w.org\/{rel}","templated":true}]}}