{"id":1018,"date":"2024-12-04T10:30:27","date_gmt":"2024-12-04T10:30:27","guid":{"rendered":"https:\/\/www.cinesouk.ma\/?post_type=product&#038;p=1018"},"modified":"2025-10-13T14:26:21","modified_gmt":"2025-10-13T14:26:21","slug":"sony-fe-16-35-24-70-f2-8","status":"publish","type":"product","link":"https:\/\/www.cinesouk.ma\/fr\/produit\/sony-fe-16-35-24-70-f2-8\/","title":{"rendered":"Ensemble d'objectifs Sony FE 16-35 et 24-70 F\/2.8 Gold Master"},"content":{"rendered":"<p>Louez l'ensemble d'objectifs Sony FE 16-35 \/ 24-70 F2.8 Gold Master pour des performances de premier ordre et une qualit\u00e9 d'image in\u00e9gal\u00e9e, parfaites pour les professionnels et les passionn\u00e9s de photographie.<\/p>\n<p>L'objectif Sony FE 16-35 est dot\u00e9 de 4 moteurs de mise au point lin\u00e9aire XD, offrant un autofocus incroyablement rapide, ce qui est crucial pour les environnements de prise de vue rapides. Sa conception avanc\u00e9e comprend 17 \u00e9l\u00e9ments, dont des \u00e9l\u00e9ments XA, asph\u00e9riques, Super ED et ED, qui contribuent tous \u00e0 des performances optiques sup\u00e9rieures. Le traitement Nano AR II permet de minimiser les reflets et les images fant\u00f4mes, ce qui garantit des images nettes et claires, m\u00eame dans des conditions d'\u00e9clairage difficiles. En outre, le parasoleil int\u00e9gr\u00e9 bloque efficacement la lumi\u00e8re hors axe, pour que vos prises de vue soient toujours optimales.<\/p>\n<p>L'objectif Sony FE 24-70mm f\/2.8 GM offre des performances constantes gr\u00e2ce \u00e0 son ouverture maximale constante de f\/2.8. Il est donc id\u00e9al pour les situations de faible luminosit\u00e9 et permet une mise au point s\u00e9lective, cr\u00e9ant des images nettes et d\u00e9taill\u00e9es avec un bokeh doux et agr\u00e9able. Sa polyvalence le rend parfait pour une vari\u00e9t\u00e9 de conditions de prise de vue, que vous soyez \u00e0 l'int\u00e9rieur avec une lumi\u00e8re mod\u00e9r\u00e9e ou \u00e0 l'ext\u00e9rieur par temps couvert.<\/p>\n<p>Profitez pleinement de nos services de location d'objectifs \u00e0 Marrakech, en vous assurant d'avoir acc\u00e8s au meilleur mat\u00e9riel pour votre projet sp\u00e9cifique. Que vous travailliez en studio ou en ext\u00e9rieur, ce pack vous offre la qualit\u00e9 et la flexibilit\u00e9 dont vous avez besoin pour obtenir des r\u00e9sultats \u00e9poustouflants dans n'importe quel environnement.<\/p>\n<p>Louez l'ensemble d'objectifs Sony FE 16-35 \/ 24-70 F2.8 Gold Master maintenant sur <a href=\"https:\/\/www.cinesouk.ma\/fr\">CINESOUK<\/a> - une marque de <a href=\"https:\/\/www.broadway.ma\/\">BROADWAY PRODUCTIONS SARL.<\/a><\/p>","protected":false},"excerpt":{"rendered":"<div class=\"title_3Dx0bIfIE-IxSQhNjp7-Yp\">\n<div class=\"title4_1Re_AHLZOUJFrzzGsoYhGH reset_gKJdXkYBaMDV-W3ignvsP primary_ELb2ysditdCtk24iMBTUs\" data-selenium=\"sellingPointsTitle\">Sp\u00e9cifications 16-35<\/div>\n<\/div>\n<ul class=\"list_22p_DbxsLr4MV-m3EOA_5T\">\n<li class=\"listItem_1k-sWDbEV5fQJj1k-1SEFn\" data-selenium=\"sellingPointsListItem\">Objectif \u00e0 monture \u00e9lectronique\/format plein cadre<\/li>\n<li class=\"listItem_1k-sWDbEV5fQJj1k-1SEFn\" data-selenium=\"sellingPointsListItem\">Plage d'ouverture : f\/2.8 \u00e0 f\/22<\/li>\n<li class=\"listItem_1k-sWDbEV5fQJj1k-1SEFn\" data-selenium=\"sellingPointsListItem\">Trois \u00e9l\u00e9ments XA, deux \u00e9l\u00e9ments Super ED<\/li>\n<li class=\"listItem_1k-sWDbEV5fQJj1k-1SEFn\" data-selenium=\"sellingPointsListItem\">Nano AR II et rev\u00eatements fluor\u00e9s<\/li>\n<li class=\"listItem_1k-sWDbEV5fQJj1k-1SEFn\" data-selenium=\"sellingPointsListItem\">XD Linear Motor AF, Internal Focus<\/li>\n<li class=\"listItem_1k-sWDbEV5fQJj1k-1SEFn\" data-selenium=\"sellingPointsListItem\">Syst\u00e8me de mise au point flottant<\/li>\n<li class=\"listItem_1k-sWDbEV5fQJj1k-1SEFn\" data-selenium=\"sellingPointsListItem\">Construction r\u00e9sistante \u00e0 la poussi\u00e8re et \u00e0 l'humidit\u00e9<\/li>\n<li class=\"listItem_1k-sWDbEV5fQJj1k-1SEFn\" data-selenium=\"sellingPointsListItem\">Diaphragme arrondi \u00e0 9 lames<\/li>\n<\/ul>\n<div class=\"title_3Dx0bIfIE-IxSQhNjp7-Yp\">\n<div class=\"title4_1Re_AHLZOUJFrzzGsoYhGH reset_gKJdXkYBaMDV-W3ignvsP primary_ELb2ysditdCtk24iMBTUs\" data-selenium=\"sellingPointsTitle\">Sp\u00e9cifications 24-70<\/div>\n<\/div>\n<ul class=\"list_22p_DbxsLr4MV-m3EOA_5T\">\n<li class=\"listItem_1k-sWDbEV5fQJj1k-1SEFn\" data-selenium=\"sellingPointsListItem\">Objectif \u00e0 monture \u00e9lectronique\/format plein cadre<\/li>\n<li class=\"listItem_1k-sWDbEV5fQJj1k-1SEFn\" data-selenium=\"sellingPointsListItem\">Plage d'ouverture : f\/2.8 \u00e0 f\/22<\/li>\n<li class=\"listItem_1k-sWDbEV5fQJj1k-1SEFn\" data-selenium=\"sellingPointsListItem\">Un \u00e9l\u00e9ment XA et deux \u00e9l\u00e9ments asph\u00e9riques<\/li>\n<li class=\"listItem_1k-sWDbEV5fQJj1k-1SEFn\" data-selenium=\"sellingPointsListItem\">Un \u00e9l\u00e9ment ED et un \u00e9l\u00e9ment Super ED<\/li>\n<li class=\"listItem_1k-sWDbEV5fQJj1k-1SEFn\" data-selenium=\"sellingPointsListItem\">Rev\u00eatement Nano AR<\/li>\n<li class=\"listItem_1k-sWDbEV5fQJj1k-1SEFn\" data-selenium=\"sellingPointsListItem\">Moteur \u00e0 entra\u00eenement direct Super Sonic Wave AF<\/li>\n<li class=\"listItem_1k-sWDbEV5fQJj1k-1SEFn\" data-selenium=\"sellingPointsListItem\">Bouton de maintien de la mise au point ; mise au point interne<\/li>\n<li class=\"listItem_1k-sWDbEV5fQJj1k-1SEFn\" data-selenium=\"sellingPointsListItem\">Interrupteur AF\/MF ; Interrupteur de verrouillage du zoom<\/li>\n<li class=\"listItem_1k-sWDbEV5fQJj1k-1SEFn\" data-selenium=\"sellingPointsListItem\">Construction r\u00e9sistante \u00e0 la poussi\u00e8re et \u00e0 l'humidit\u00e9<\/li>\n<li class=\"listItem_1k-sWDbEV5fQJj1k-1SEFn\" data-selenium=\"sellingPointsListItem\">Diaphragme circulaire \u00e0 neuf lames<\/li>\n<\/ul>","protected":false},"featured_media":3565,"template":"","meta":{"om_disable_all_campaigns":false,"_monsterinsights_skip_tracking":false,"_monsterinsights_sitenote_active":false,"_monsterinsights_sitenote_note":"","_monsterinsights_sitenote_category":0,"_uf_show_specific_survey":0,"_uf_disable_surveys":false},"product_brand":[],"product_cat":[36,53],"product_tag":[],"class_list":{"0":"post-1018","1":"product","2":"type-product","3":"status-publish","4":"has-post-thumbnail","6":"product_cat-lenses-cinesouk","7":"product_cat-popular-cinesouk","9":"entry","10":"has-media","12":"first","13":"instock","14":"taxable","15":"shipping-taxable","16":"purchasable","17":"product-type-variable","18":"has-product-nav","19":"col","20":"span_1_of_3","21":"owp-content-center","22":"owp-thumbs-layout-horizontal","23":"owp-btn-normal","24":"owp-tabs-layout-horizontal","25":"has-no-thumbnails"},"yoast_head":"<!-- This site is optimized with the Yoast SEO Premium plugin v26.0 (Yoast SEO v26.0) - https:\/\/yoast.com\/wordpress\/plugins\/seo\/ -->\n<title>Sony FE 16-35 and 24-70 F\/2.8 Gold Master Lens bundle - CineSouk - For rent<\/title>\n<meta name=\"description\" content=\"Sony FE 16-35 \/ 24-70 F2.8 Gold Master Lens bundle - Ideal wide-angle lens for architecture and landscape photographers, as well as videographers.\" \/>\n<meta name=\"robots\" content=\"index, follow, max-snippet:-1, max-image-preview:large, max-video-preview:-1\" \/>\n<link rel=\"canonical\" href=\"https:\/\/www.cinesouk.ma\/fr\/produit\/sony-fe-16-35-24-70-f2-8\/\" \/>\n<meta property=\"og:locale\" content=\"fr_FR\" \/>\n<meta property=\"og:type\" content=\"article\" \/>\n<meta property=\"og:title\" content=\"Sony FE 16-35 and 24-70 F\/2.8 Gold Master Lens bundle\" \/>\n<meta property=\"og:description\" content=\"Sony FE 16-35 \/ 24-70 F2.8 Gold Master Lens bundle - Ideal wide-angle lens for architecture and landscape photographers, as well as videographers.\" \/>\n<meta property=\"og:url\" content=\"https:\/\/www.cinesouk.ma\/fr\/produit\/sony-fe-16-35-24-70-f2-8\/\" \/>\n<meta property=\"og:site_name\" content=\"CineSouk\" \/>\n<meta property=\"article:modified_time\" content=\"2025-10-13T14:26:21+00:00\" \/>\n<meta property=\"og:image\" content=\"https:\/\/www.cinesouk.ma\/wp-content\/uploads\/2024\/01\/lensbndl2.jpg\" \/>\n\t<meta property=\"og:image:width\" content=\"300\" \/>\n\t<meta property=\"og:image:height\" content=\"238\" \/>\n\t<meta property=\"og:image:type\" content=\"image\/jpeg\" \/>\n<meta name=\"twitter:card\" content=\"summary_large_image\" \/>\n<meta name=\"twitter:description\" content=\"Sony FE 16-35 \/ 24-70 F2.8 Gold Master Lens bundle - Ideal wide-angle lens for architecture and landscape photographers, as well as videographers.\" \/>\n<meta name=\"twitter:label1\" content=\"Dur\u00e9e de lecture estim\u00e9e\" \/>\n\t<meta name=\"twitter:data1\" content=\"2 minutes\" \/>\n<script type=\"application\/ld+json\" class=\"yoast-schema-graph\">{\"@context\":\"https:\/\/schema.org\",\"@graph\":[{\"@type\":\"WebPage\",\"@id\":\"https:\/\/www.cinesouk.ma\/product\/sony-fe-16-35-24-70-f2-8\/\",\"url\":\"https:\/\/www.cinesouk.ma\/product\/sony-fe-16-35-24-70-f2-8\/\",\"name\":\"Sony FE 16-35 and 24-70 F\/2.8 Gold Master Lens bundle - CineSouk - For rent\",\"isPartOf\":{\"@id\":\"https:\/\/www.cinesouk.ma\/#website\"},\"primaryImageOfPage\":{\"@id\":\"https:\/\/www.cinesouk.ma\/product\/sony-fe-16-35-24-70-f2-8\/#primaryimage\"},\"image\":{\"@id\":\"https:\/\/www.cinesouk.ma\/product\/sony-fe-16-35-24-70-f2-8\/#primaryimage\"},\"thumbnailUrl\":\"https:\/\/www.cinesouk.ma\/wp-content\/uploads\/2024\/01\/lensbndl2.jpg\",\"datePublished\":\"2024-12-04T10:30:27+00:00\",\"dateModified\":\"2025-10-13T14:26:21+00:00\",\"description\":\"Sony FE 16-35 \/ 24-70 F2.8 Gold Master Lens bundle - Ideal wide-angle lens for architecture and landscape photographers, as well as videographers.\",\"breadcrumb\":{\"@id\":\"https:\/\/www.cinesouk.ma\/product\/sony-fe-16-35-24-70-f2-8\/#breadcrumb\"},\"inLanguage\":\"fr-FR\",\"potentialAction\":[{\"@type\":\"ReadAction\",\"target\":[\"https:\/\/www.cinesouk.ma\/product\/sony-fe-16-35-24-70-f2-8\/\"]}]},{\"@type\":\"ImageObject\",\"inLanguage\":\"fr-FR\",\"@id\":\"https:\/\/www.cinesouk.ma\/product\/sony-fe-16-35-24-70-f2-8\/#primaryimage\",\"url\":\"https:\/\/www.cinesouk.ma\/wp-content\/uploads\/2024\/01\/lensbndl2.jpg\",\"contentUrl\":\"https:\/\/www.cinesouk.ma\/wp-content\/uploads\/2024\/01\/lensbndl2.jpg\",\"width\":300,\"height\":238,\"caption\":\"Sony FE 12-24\"},{\"@type\":\"BreadcrumbList\",\"@id\":\"https:\/\/www.cinesouk.ma\/product\/sony-fe-16-35-24-70-f2-8\/#breadcrumb\",\"itemListElement\":[{\"@type\":\"ListItem\",\"position\":1,\"name\":\"Home\",\"item\":\"https:\/\/www.cinesouk.ma\/\"},{\"@type\":\"ListItem\",\"position\":2,\"name\":\"Shop\",\"item\":\"https:\/\/www.cinesouk.ma\/shop\/\"},{\"@type\":\"ListItem\",\"position\":3,\"name\":\"Sony FE 16-35 and 24-70 F\/2.8 Gold Master Lens bundle\"}]},{\"@type\":\"WebSite\",\"@id\":\"https:\/\/www.cinesouk.ma\/#website\",\"url\":\"https:\/\/www.cinesouk.ma\/\",\"name\":\"CineSouk\",\"description\":\"\",\"publisher\":{\"@id\":\"https:\/\/www.cinesouk.ma\/#organization\"},\"potentialAction\":[{\"@type\":\"SearchAction\",\"target\":{\"@type\":\"EntryPoint\",\"urlTemplate\":\"https:\/\/www.cinesouk.ma\/?s={search_term_string}\"},\"query-input\":{\"@type\":\"PropertyValueSpecification\",\"valueRequired\":true,\"valueName\":\"search_term_string\"}}],\"inLanguage\":\"fr-FR\"},{\"@type\":\"Organization\",\"@id\":\"https:\/\/www.cinesouk.ma\/#organization\",\"name\":\"CineSouk\",\"url\":\"https:\/\/www.cinesouk.ma\/\",\"logo\":{\"@type\":\"ImageObject\",\"inLanguage\":\"fr-FR\",\"@id\":\"https:\/\/www.cinesouk.ma\/#\/schema\/logo\/image\/\",\"url\":\"https:\/\/www.cinesouk.ma\/wp-content\/uploads\/2024\/01\/CineSouk-logo-v01-alpha-alligned-left.png\",\"contentUrl\":\"https:\/\/www.cinesouk.ma\/wp-content\/uploads\/2024\/01\/CineSouk-logo-v01-alpha-alligned-left.png\",\"width\":3204,\"height\":889,\"caption\":\"CineSouk\"},\"image\":{\"@id\":\"https:\/\/www.cinesouk.ma\/#\/schema\/logo\/image\/\"}}]}<\/script>\n<!-- \/ Yoast SEO Premium plugin. -->","yoast_head_json":{"title":"Sony FE 16-35 and 24-70 F\/2.8 Gold Master Lens bundle - CineSouk - For rent","description":"Sony FE 16-35 \/ 24-70 F2.8 Gold Master Lens bundle - Ideal wide-angle lens for architecture and landscape photographers, as well as videographers.","robots":{"index":"index","follow":"follow","max-snippet":"max-snippet:-1","max-image-preview":"max-image-preview:large","max-video-preview":"max-video-preview:-1"},"canonical":"https:\/\/www.cinesouk.ma\/fr\/produit\/sony-fe-16-35-24-70-f2-8\/","og_locale":"fr_FR","og_type":"article","og_title":"Sony FE 16-35 and 24-70 F\/2.8 Gold Master Lens bundle","og_description":"Sony FE 16-35 \/ 24-70 F2.8 Gold Master Lens bundle - Ideal wide-angle lens for architecture and landscape photographers, as well as videographers.","og_url":"https:\/\/www.cinesouk.ma\/fr\/produit\/sony-fe-16-35-24-70-f2-8\/","og_site_name":"CineSouk","article_modified_time":"2025-10-13T14:26:21+00:00","og_image":[{"width":300,"height":238,"url":"https:\/\/www.cinesouk.ma\/wp-content\/uploads\/2024\/01\/lensbndl2.jpg","type":"image\/jpeg"}],"twitter_card":"summary_large_image","twitter_description":"Sony FE 16-35 \/ 24-70 F2.8 Gold Master Lens bundle - Ideal wide-angle lens for architecture and landscape photographers, as well as videographers.","twitter_misc":{"Dur\u00e9e de lecture estim\u00e9e":"2 minutes"},"schema":{"@context":"https:\/\/schema.org","@graph":[{"@type":"WebPage","@id":"https:\/\/www.cinesouk.ma\/product\/sony-fe-16-35-24-70-f2-8\/","url":"https:\/\/www.cinesouk.ma\/product\/sony-fe-16-35-24-70-f2-8\/","name":"Sony FE 16-35 and 24-70 F\/2.8 Gold Master Lens bundle - CineSouk - For rent","isPartOf":{"@id":"https:\/\/www.cinesouk.ma\/#website"},"primaryImageOfPage":{"@id":"https:\/\/www.cinesouk.ma\/product\/sony-fe-16-35-24-70-f2-8\/#primaryimage"},"image":{"@id":"https:\/\/www.cinesouk.ma\/product\/sony-fe-16-35-24-70-f2-8\/#primaryimage"},"thumbnailUrl":"https:\/\/www.cinesouk.ma\/wp-content\/uploads\/2024\/01\/lensbndl2.jpg","datePublished":"2024-12-04T10:30:27+00:00","dateModified":"2025-10-13T14:26:21+00:00","description":"Sony FE 16-35 \/ 24-70 F2.8 Gold Master Lens bundle - Ideal wide-angle lens for architecture and landscape photographers, as well as videographers.","breadcrumb":{"@id":"https:\/\/www.cinesouk.ma\/product\/sony-fe-16-35-24-70-f2-8\/#breadcrumb"},"inLanguage":"fr-FR","potentialAction":[{"@type":"ReadAction","target":["https:\/\/www.cinesouk.ma\/product\/sony-fe-16-35-24-70-f2-8\/"]}]},{"@type":"ImageObject","inLanguage":"fr-FR","@id":"https:\/\/www.cinesouk.ma\/product\/sony-fe-16-35-24-70-f2-8\/#primaryimage","url":"https:\/\/www.cinesouk.ma\/wp-content\/uploads\/2024\/01\/lensbndl2.jpg","contentUrl":"https:\/\/www.cinesouk.ma\/wp-content\/uploads\/2024\/01\/lensbndl2.jpg","width":300,"height":238,"caption":"Sony FE 12-24"},{"@type":"BreadcrumbList","@id":"https:\/\/www.cinesouk.ma\/product\/sony-fe-16-35-24-70-f2-8\/#breadcrumb","itemListElement":[{"@type":"ListItem","position":1,"name":"Home","item":"https:\/\/www.cinesouk.ma\/"},{"@type":"ListItem","position":2,"name":"Shop","item":"https:\/\/www.cinesouk.ma\/shop\/"},{"@type":"ListItem","position":3,"name":"Sony FE 16-35 and 24-70 F\/2.8 Gold Master Lens bundle"}]},{"@type":"WebSite","@id":"https:\/\/www.cinesouk.ma\/#website","url":"https:\/\/www.cinesouk.ma\/","name":"CineSouk","description":"","publisher":{"@id":"https:\/\/www.cinesouk.ma\/#organization"},"potentialAction":[{"@type":"SearchAction","target":{"@type":"EntryPoint","urlTemplate":"https:\/\/www.cinesouk.ma\/?s={search_term_string}"},"query-input":{"@type":"PropertyValueSpecification","valueRequired":true,"valueName":"search_term_string"}}],"inLanguage":"fr-FR"},{"@type":"Organization","@id":"https:\/\/www.cinesouk.ma\/#organization","name":"CineSouk","url":"https:\/\/www.cinesouk.ma\/","logo":{"@type":"ImageObject","inLanguage":"fr-FR","@id":"https:\/\/www.cinesouk.ma\/#\/schema\/logo\/image\/","url":"https:\/\/www.cinesouk.ma\/wp-content\/uploads\/2024\/01\/CineSouk-logo-v01-alpha-alligned-left.png","contentUrl":"https:\/\/www.cinesouk.ma\/wp-content\/uploads\/2024\/01\/CineSouk-logo-v01-alpha-alligned-left.png","width":3204,"height":889,"caption":"CineSouk"},"image":{"@id":"https:\/\/www.cinesouk.ma\/#\/schema\/logo\/image\/"}}]}},"_links":{"self":[{"href":"https:\/\/www.cinesouk.ma\/fr\/wp-json\/wp\/v2\/product\/1018","targetHints":{"allow":["GET"]}}],"collection":[{"href":"https:\/\/www.cinesouk.ma\/fr\/wp-json\/wp\/v2\/product"}],"about":[{"href":"https:\/\/www.cinesouk.ma\/fr\/wp-json\/wp\/v2\/types\/product"}],"wp:featuredmedia":[{"embeddable":true,"href":"https:\/\/www.cinesouk.ma\/fr\/wp-json\/wp\/v2\/media\/3565"}],"wp:attachment":[{"href":"https:\/\/www.cinesouk.ma\/fr\/wp-json\/wp\/v2\/media?parent=1018"}],"wp:term":[{"taxonomy":"product_brand","embeddable":true,"href":"https:\/\/www.cinesouk.ma\/fr\/wp-json\/wp\/v2\/product_brand?post=1018"},{"taxonomy":"product_cat","embeddable":true,"href":"https:\/\/www.cinesouk.ma\/fr\/wp-json\/wp\/v2\/product_cat?post=1018"},{"taxonomy":"product_tag","embeddable":true,"href":"https:\/\/www.cinesouk.ma\/fr\/wp-json\/wp\/v2\/product_tag?post=1018"}],"curies":[{"name":"wp","href":"https:\/\/api.w.org\/{rel}","templated":true}]}}