{"id":10195,"date":"2024-12-31T09:26:44","date_gmt":"2024-12-31T09:26:44","guid":{"rendered":"https:\/\/www.cinesouk.ma\/?post_type=product&#038;p=10195"},"modified":"2025-08-22T13:28:12","modified_gmt":"2025-08-22T13:28:12","slug":"profoto-rfi-speedring","status":"publish","type":"product","link":"https:\/\/www.cinesouk.ma\/fr\/produit\/profoto-rfi-speedring\/","title":{"rendered":"Profoto RFi speedring"},"content":{"rendered":"<div class=\"flex max-w-full flex-col flex-grow\">\n<div class=\"min-h-8 text-message flex w-full flex-col items-end gap-2 whitespace-normal break-words [.text-message+&amp;]:mt-5\" dir=\"auto\" data-message-author-role=\"assistant\" data-message-id=\"e4c3ffad-71cb-44e7-93b8-bb60eda86b77\" data-message-model-slug=\"gpt-4o-mini\">\n<div class=\"flex w-full flex-col gap-1 empty:hidden first:pt-[3px]\">\n<div class=\"markdown prose w-full break-words dark:prose-invert light\">\n<p>Le <strong>Profoto RFi Speedring<\/strong> est un accessoire polyvalent et essentiel, sp\u00e9cialement con\u00e7u pour monter en toute s\u00e9curit\u00e9 les bo\u00eetes \u00e0 lumi\u00e8re RFi sur les t\u00eates de flash Profoto. En outre, sa construction durable et sa conception conviviale en font un outil id\u00e9al pour les photographes professionnels \u00e0 la recherche de solutions de mise en forme de la lumi\u00e8re fiables et efficaces.<\/p>\n<h3>Caract\u00e9ristiques principales :<\/h3>\n<ul>\n<li><strong>Large compatibilit\u00e9 :<\/strong> Il fonctionne parfaitement avec toutes les bo\u00eetes \u00e0 lumi\u00e8re Profoto RFi, garantissant un ajustement s\u00fbr et stable pour des performances d'\u00e9clairage constantes. De plus, il s'int\u00e8gre parfaitement \u00e0 diverses configurations.<\/li>\n<li><strong>Design rotatif :<\/strong> L'anneau de vitesse permet une rotation de 360\u00b0, ce qui permet un contr\u00f4le pr\u00e9cis de la direction et de la forme de la lumi\u00e8re. Les photographes b\u00e9n\u00e9ficient ainsi d'une flexibilit\u00e9 cr\u00e9ative maximale.<\/li>\n<li><strong>Construction durable :<\/strong> Fabriqu\u00e9 \u00e0 partir de mat\u00e9riaux de haute qualit\u00e9, il r\u00e9siste \u00e0 une utilisation fr\u00e9quente en studio et sur site. Il garantit donc une fiabilit\u00e9 \u00e0 long terme.<\/li>\n<li><strong>Configuration conviviale :<\/strong> Gr\u00e2ce \u00e0 ses fentes cod\u00e9es par couleur, il permet un assemblage rapide et facile, ce qui fait gagner un temps pr\u00e9cieux lors des tournages. Il est donc parfait pour les projets professionnels \u00e0 rythme soutenu.<\/li>\n<li><strong>Construction l\u00e9g\u00e8re :<\/strong> Malgr\u00e9 sa construction durable, il reste l\u00e9ger, ce qui le rend id\u00e9al pour les voyages et le travail sur site. En outre, il offre une portabilit\u00e9 sans compromis sur la solidit\u00e9.<\/li>\n<\/ul>\n<h3>Sp\u00e9cifications :<\/h3>\n<ul>\n<li><strong>Mat\u00e9riau :<\/strong> M\u00e9tal et plastique de haute qualit\u00e9, r\u00e9sistant \u00e0 la chaleur<\/li>\n<li><strong>Rotation :<\/strong> 360\u00b0 pour un positionnement flexible de la lumi\u00e8re<\/li>\n<li><strong>Compatibilit\u00e9 :<\/strong> Bo\u00eetes \u00e0 lumi\u00e8re Profoto RFi et autres modificateurs de lumi\u00e8re compatibles<\/li>\n<li><strong>Poids :<\/strong> L\u00e9ger pour une manipulation et un transport faciles<\/li>\n<\/ul>\n<p>Le <strong>Profoto RFi Speedring<\/strong> offre une solution de montage s\u00fbre et efficace pour les bo\u00eetes \u00e0 lumi\u00e8re RFi. Il offre ainsi aux photographes la flexibilit\u00e9 et la fiabilit\u00e9 n\u00e9cessaires aux installations d'\u00e9clairage professionnelles. Sa conception durable et sa facilit\u00e9 d'utilisation en font un outil essentiel pour fa\u00e7onner la lumi\u00e8re dans divers projets de photographie et de vid\u00e9ographie.<\/p>\n<p>Louez l'anneau de vitesse Profoto RFi d\u00e8s maintenant sur <a href=\"https:\/\/www.cinesouk.ma\/fr\">CINESOUK<\/a> - une marque de <a href=\"https:\/\/www.broadway.ma\/\">BROADWAY PRODUCTIONS SARL.<\/a><\/p>\n<\/div>\n<\/div>\n<\/div>\n<\/div>","protected":false},"excerpt":{"rendered":"<h3>Sp\u00e9cifications :<\/h3>\n<ul>\n<li><strong>Mat\u00e9riau :<\/strong> M\u00e9tal et plastique de haute qualit\u00e9, r\u00e9sistant \u00e0 la chaleur<\/li>\n<li><strong>Rotation :<\/strong> 360\u00b0 pour un positionnement flexible de la lumi\u00e8re<\/li>\n<li><strong>Compatibilit\u00e9 :<\/strong> Bo\u00eetes \u00e0 lumi\u00e8re Profoto RFi et autres modificateurs de lumi\u00e8re compatibles<\/li>\n<li><strong>Poids :<\/strong> L\u00e9ger pour une manipulation et un transport faciles<\/li>\n<\/ul>","protected":false},"featured_media":10206,"template":"","meta":{"om_disable_all_campaigns":false,"_monsterinsights_skip_tracking":false,"_monsterinsights_sitenote_active":false,"_monsterinsights_sitenote_note":"","_monsterinsights_sitenote_category":0,"_uf_show_specific_survey":0,"_uf_disable_surveys":false},"product_brand":[],"product_cat":[135,37,20,79],"product_tag":[],"class_list":{"0":"post-10195","1":"product","2":"type-product","3":"status-publish","4":"has-post-thumbnail","6":"product_cat-photography-eventsouk","7":"product_cat-accessories-cinesouk","8":"product_cat-light-cinesouk","9":"product_cat-photography-cinesouk","11":"entry","12":"has-media","14":"first","15":"instock","16":"taxable","17":"shipping-taxable","18":"purchasable","19":"product-type-variable","20":"has-product-nav","21":"col","22":"span_1_of_3","23":"owp-content-center","24":"owp-thumbs-layout-horizontal","25":"owp-btn-normal","26":"owp-tabs-layout-horizontal","27":"has-no-thumbnails"},"yoast_head":"<!-- This site is optimized with the Yoast SEO Premium plugin v26.0 (Yoast SEO v26.0) - https:\/\/yoast.com\/wordpress\/plugins\/seo\/ -->\n<title>Profoto RFi speedring - CineSouk<\/title>\n<meta name=\"description\" content=\"Profoto RFi Speedring: Securely mount RFi softboxes with 360\u00b0 rotation, durable construction, and user-friendly design for precise light shaping.\" \/>\n<meta name=\"robots\" content=\"index, follow, max-snippet:-1, max-image-preview:large, max-video-preview:-1\" \/>\n<link rel=\"canonical\" href=\"https:\/\/www.cinesouk.ma\/fr\/produit\/profoto-rfi-speedring\/\" \/>\n<meta property=\"og:locale\" content=\"fr_FR\" \/>\n<meta property=\"og:type\" content=\"article\" \/>\n<meta property=\"og:title\" content=\"Profoto RFi speedring\" \/>\n<meta property=\"og:description\" content=\"Profoto RFi Speedring: Securely mount RFi softboxes with 360\u00b0 rotation, durable construction, and user-friendly design for precise light shaping.\" \/>\n<meta property=\"og:url\" content=\"https:\/\/www.cinesouk.ma\/fr\/produit\/profoto-rfi-speedring\/\" \/>\n<meta property=\"og:site_name\" content=\"CineSouk\" \/>\n<meta property=\"article:modified_time\" content=\"2025-08-22T13:28:12+00:00\" \/>\n<meta property=\"og:image\" content=\"https:\/\/www.cinesouk.ma\/wp-content\/uploads\/2024\/12\/Profoto-RFi-speedring.jpg\" \/>\n\t<meta property=\"og:image:width\" content=\"300\" \/>\n\t<meta property=\"og:image:height\" content=\"238\" \/>\n\t<meta property=\"og:image:type\" content=\"image\/jpeg\" \/>\n<meta name=\"twitter:card\" content=\"summary_large_image\" \/>\n<meta name=\"twitter:description\" content=\"Profoto RFi Speedring: Securely mount RFi softboxes with 360\u00b0 rotation, durable construction, and user-friendly design for precise light shaping.\" \/>\n<meta name=\"twitter:label1\" content=\"Dur\u00e9e de lecture estim\u00e9e\" \/>\n\t<meta name=\"twitter:data1\" content=\"2 minutes\" \/>\n<script type=\"application\/ld+json\" class=\"yoast-schema-graph\">{\"@context\":\"https:\/\/schema.org\",\"@graph\":[{\"@type\":\"WebPage\",\"@id\":\"https:\/\/www.cinesouk.ma\/product\/profoto-rfi-speedring\/\",\"url\":\"https:\/\/www.cinesouk.ma\/product\/profoto-rfi-speedring\/\",\"name\":\"Profoto RFi speedring - CineSouk\",\"isPartOf\":{\"@id\":\"https:\/\/www.cinesouk.ma\/#website\"},\"primaryImageOfPage\":{\"@id\":\"https:\/\/www.cinesouk.ma\/product\/profoto-rfi-speedring\/#primaryimage\"},\"image\":{\"@id\":\"https:\/\/www.cinesouk.ma\/product\/profoto-rfi-speedring\/#primaryimage\"},\"thumbnailUrl\":\"https:\/\/www.cinesouk.ma\/wp-content\/uploads\/2024\/12\/Profoto-RFi-speedring.jpg\",\"datePublished\":\"2024-12-31T09:26:44+00:00\",\"dateModified\":\"2025-08-22T13:28:12+00:00\",\"description\":\"Profoto RFi Speedring: Securely mount RFi softboxes with 360\u00b0 rotation, durable construction, and user-friendly design for precise light shaping.\",\"breadcrumb\":{\"@id\":\"https:\/\/www.cinesouk.ma\/product\/profoto-rfi-speedring\/#breadcrumb\"},\"inLanguage\":\"fr-FR\",\"potentialAction\":[{\"@type\":\"ReadAction\",\"target\":[\"https:\/\/www.cinesouk.ma\/product\/profoto-rfi-speedring\/\"]}]},{\"@type\":\"ImageObject\",\"inLanguage\":\"fr-FR\",\"@id\":\"https:\/\/www.cinesouk.ma\/product\/profoto-rfi-speedring\/#primaryimage\",\"url\":\"https:\/\/www.cinesouk.ma\/wp-content\/uploads\/2024\/12\/Profoto-RFi-speedring.jpg\",\"contentUrl\":\"https:\/\/www.cinesouk.ma\/wp-content\/uploads\/2024\/12\/Profoto-RFi-speedring.jpg\",\"width\":300,\"height\":238,\"caption\":\"Profoto RFi speedring\"},{\"@type\":\"BreadcrumbList\",\"@id\":\"https:\/\/www.cinesouk.ma\/product\/profoto-rfi-speedring\/#breadcrumb\",\"itemListElement\":[{\"@type\":\"ListItem\",\"position\":1,\"name\":\"Home\",\"item\":\"https:\/\/www.cinesouk.ma\/\"},{\"@type\":\"ListItem\",\"position\":2,\"name\":\"Shop\",\"item\":\"https:\/\/www.cinesouk.ma\/shop\/\"},{\"@type\":\"ListItem\",\"position\":3,\"name\":\"Profoto RFi speedring\"}]},{\"@type\":\"WebSite\",\"@id\":\"https:\/\/www.cinesouk.ma\/#website\",\"url\":\"https:\/\/www.cinesouk.ma\/\",\"name\":\"CineSouk\",\"description\":\"\",\"publisher\":{\"@id\":\"https:\/\/www.cinesouk.ma\/#organization\"},\"potentialAction\":[{\"@type\":\"SearchAction\",\"target\":{\"@type\":\"EntryPoint\",\"urlTemplate\":\"https:\/\/www.cinesouk.ma\/?s={search_term_string}\"},\"query-input\":{\"@type\":\"PropertyValueSpecification\",\"valueRequired\":true,\"valueName\":\"search_term_string\"}}],\"inLanguage\":\"fr-FR\"},{\"@type\":\"Organization\",\"@id\":\"https:\/\/www.cinesouk.ma\/#organization\",\"name\":\"CineSouk\",\"url\":\"https:\/\/www.cinesouk.ma\/\",\"logo\":{\"@type\":\"ImageObject\",\"inLanguage\":\"fr-FR\",\"@id\":\"https:\/\/www.cinesouk.ma\/#\/schema\/logo\/image\/\",\"url\":\"https:\/\/www.cinesouk.ma\/wp-content\/uploads\/2024\/01\/CineSouk-logo-v01-alpha-alligned-left.png\",\"contentUrl\":\"https:\/\/www.cinesouk.ma\/wp-content\/uploads\/2024\/01\/CineSouk-logo-v01-alpha-alligned-left.png\",\"width\":3204,\"height\":889,\"caption\":\"CineSouk\"},\"image\":{\"@id\":\"https:\/\/www.cinesouk.ma\/#\/schema\/logo\/image\/\"}}]}<\/script>\n<!-- \/ Yoast SEO Premium plugin. -->","yoast_head_json":{"title":"Profoto RFi speedring - CineSouk","description":"Profoto RFi Speedring: Securely mount RFi softboxes with 360\u00b0 rotation, durable construction, and user-friendly design for precise light shaping.","robots":{"index":"index","follow":"follow","max-snippet":"max-snippet:-1","max-image-preview":"max-image-preview:large","max-video-preview":"max-video-preview:-1"},"canonical":"https:\/\/www.cinesouk.ma\/fr\/produit\/profoto-rfi-speedring\/","og_locale":"fr_FR","og_type":"article","og_title":"Profoto RFi speedring","og_description":"Profoto RFi Speedring: Securely mount RFi softboxes with 360\u00b0 rotation, durable construction, and user-friendly design for precise light shaping.","og_url":"https:\/\/www.cinesouk.ma\/fr\/produit\/profoto-rfi-speedring\/","og_site_name":"CineSouk","article_modified_time":"2025-08-22T13:28:12+00:00","og_image":[{"width":300,"height":238,"url":"https:\/\/www.cinesouk.ma\/wp-content\/uploads\/2024\/12\/Profoto-RFi-speedring.jpg","type":"image\/jpeg"}],"twitter_card":"summary_large_image","twitter_description":"Profoto RFi Speedring: Securely mount RFi softboxes with 360\u00b0 rotation, durable construction, and user-friendly design for precise light shaping.","twitter_misc":{"Dur\u00e9e de lecture estim\u00e9e":"2 minutes"},"schema":{"@context":"https:\/\/schema.org","@graph":[{"@type":"WebPage","@id":"https:\/\/www.cinesouk.ma\/product\/profoto-rfi-speedring\/","url":"https:\/\/www.cinesouk.ma\/product\/profoto-rfi-speedring\/","name":"Profoto RFi speedring - CineSouk","isPartOf":{"@id":"https:\/\/www.cinesouk.ma\/#website"},"primaryImageOfPage":{"@id":"https:\/\/www.cinesouk.ma\/product\/profoto-rfi-speedring\/#primaryimage"},"image":{"@id":"https:\/\/www.cinesouk.ma\/product\/profoto-rfi-speedring\/#primaryimage"},"thumbnailUrl":"https:\/\/www.cinesouk.ma\/wp-content\/uploads\/2024\/12\/Profoto-RFi-speedring.jpg","datePublished":"2024-12-31T09:26:44+00:00","dateModified":"2025-08-22T13:28:12+00:00","description":"Profoto RFi Speedring: Securely mount RFi softboxes with 360\u00b0 rotation, durable construction, and user-friendly design for precise light shaping.","breadcrumb":{"@id":"https:\/\/www.cinesouk.ma\/product\/profoto-rfi-speedring\/#breadcrumb"},"inLanguage":"fr-FR","potentialAction":[{"@type":"ReadAction","target":["https:\/\/www.cinesouk.ma\/product\/profoto-rfi-speedring\/"]}]},{"@type":"ImageObject","inLanguage":"fr-FR","@id":"https:\/\/www.cinesouk.ma\/product\/profoto-rfi-speedring\/#primaryimage","url":"https:\/\/www.cinesouk.ma\/wp-content\/uploads\/2024\/12\/Profoto-RFi-speedring.jpg","contentUrl":"https:\/\/www.cinesouk.ma\/wp-content\/uploads\/2024\/12\/Profoto-RFi-speedring.jpg","width":300,"height":238,"caption":"Profoto RFi speedring"},{"@type":"BreadcrumbList","@id":"https:\/\/www.cinesouk.ma\/product\/profoto-rfi-speedring\/#breadcrumb","itemListElement":[{"@type":"ListItem","position":1,"name":"Home","item":"https:\/\/www.cinesouk.ma\/"},{"@type":"ListItem","position":2,"name":"Shop","item":"https:\/\/www.cinesouk.ma\/shop\/"},{"@type":"ListItem","position":3,"name":"Profoto RFi speedring"}]},{"@type":"WebSite","@id":"https:\/\/www.cinesouk.ma\/#website","url":"https:\/\/www.cinesouk.ma\/","name":"CineSouk","description":"","publisher":{"@id":"https:\/\/www.cinesouk.ma\/#organization"},"potentialAction":[{"@type":"SearchAction","target":{"@type":"EntryPoint","urlTemplate":"https:\/\/www.cinesouk.ma\/?s={search_term_string}"},"query-input":{"@type":"PropertyValueSpecification","valueRequired":true,"valueName":"search_term_string"}}],"inLanguage":"fr-FR"},{"@type":"Organization","@id":"https:\/\/www.cinesouk.ma\/#organization","name":"CineSouk","url":"https:\/\/www.cinesouk.ma\/","logo":{"@type":"ImageObject","inLanguage":"fr-FR","@id":"https:\/\/www.cinesouk.ma\/#\/schema\/logo\/image\/","url":"https:\/\/www.cinesouk.ma\/wp-content\/uploads\/2024\/01\/CineSouk-logo-v01-alpha-alligned-left.png","contentUrl":"https:\/\/www.cinesouk.ma\/wp-content\/uploads\/2024\/01\/CineSouk-logo-v01-alpha-alligned-left.png","width":3204,"height":889,"caption":"CineSouk"},"image":{"@id":"https:\/\/www.cinesouk.ma\/#\/schema\/logo\/image\/"}}]}},"_links":{"self":[{"href":"https:\/\/www.cinesouk.ma\/fr\/wp-json\/wp\/v2\/product\/10195","targetHints":{"allow":["GET"]}}],"collection":[{"href":"https:\/\/www.cinesouk.ma\/fr\/wp-json\/wp\/v2\/product"}],"about":[{"href":"https:\/\/www.cinesouk.ma\/fr\/wp-json\/wp\/v2\/types\/product"}],"wp:featuredmedia":[{"embeddable":true,"href":"https:\/\/www.cinesouk.ma\/fr\/wp-json\/wp\/v2\/media\/10206"}],"wp:attachment":[{"href":"https:\/\/www.cinesouk.ma\/fr\/wp-json\/wp\/v2\/media?parent=10195"}],"wp:term":[{"taxonomy":"product_brand","embeddable":true,"href":"https:\/\/www.cinesouk.ma\/fr\/wp-json\/wp\/v2\/product_brand?post=10195"},{"taxonomy":"product_cat","embeddable":true,"href":"https:\/\/www.cinesouk.ma\/fr\/wp-json\/wp\/v2\/product_cat?post=10195"},{"taxonomy":"product_tag","embeddable":true,"href":"https:\/\/www.cinesouk.ma\/fr\/wp-json\/wp\/v2\/product_tag?post=10195"}],"curies":[{"name":"wp","href":"https:\/\/api.w.org\/{rel}","templated":true}]}}