{"id":1020,"date":"2024-08-20T17:18:27","date_gmt":"2024-08-20T17:18:27","guid":{"rendered":"https:\/\/www.cinesouk.ma\/?post_type=product&#038;p=1020"},"modified":"2025-03-21T10:55:41","modified_gmt":"2025-03-21T10:55:41","slug":"jvc-dt-v17l3r-17-monitor","status":"publish","type":"product","link":"https:\/\/www.cinesouk.ma\/fr\/produit\/jvc-dt-v17l3r-17-monitor\/","title":{"rendered":"JVC DT-V17L3R - Moniteur de 17\u2033."},"content":{"rendered":"<p>Le JVC DT-V17L3R est dot\u00e9 d'un \u00e9cran LCD haute r\u00e9solution avec traitement avanc\u00e9 du signal. Il est optimis\u00e9 pour la visualisation HDTV. Une mise \u00e0 l'\u00e9chelle et un entrelacement sup\u00e9rieurs, combin\u00e9s \u00e0 un traitement 1080p sur 10 bits, garantissent une qualit\u00e9 d'image optimale. L'\u00e9cran est \u00e9galement \u00e9quip\u00e9 de boutons rotatifs traditionnels pour le contr\u00f4le de l'image et de l'audio.<\/p>\n<div class=\"page\" title=\"Page 1\">\n<div class=\"section\">\n<div class=\"layoutArea\">\n<div class=\"column\">\n<p>Le moniteur offre un traitement sup\u00e9rieur 4:4:4 10 bits. Il offre \u00e9galement un d\u00e9sentrelacement am\u00e9lior\u00e9 et une latence ultra-faible. Il est \u00e9galement dot\u00e9 d'un \u00e9cran LCD anti-diffusion haute r\u00e9solution et d'interfaces HD-SDI et DVI-D int\u00e9gr\u00e9es. Il offre ainsi une connexion sans perte aux sources de diffusion et de studio. Ce moniteur est le meilleur choix pour un moniteur de terrain ou de studio compact dans les studios de t\u00e9l\u00e9vision, les camionnettes de production \u00e0 distance, les installations de production et de postproduction. Ainsi que pour d'autres applications professionnelles exigeantes.<\/p>\n<\/div>\n<\/div>\n<\/div>\n<\/div>\n<div class=\"page\" title=\"Page 1\">\n<div class=\"section\">\n<div class=\"layoutArea\">\n<div class=\"column\">\n<h4>Caract\u00e9ristiques<\/h4>\n<ul>\n<li>1440\u00d7900 pixels<\/li>\n<li>Fonctionnement AC\/DC<\/li>\n<li>Circuits offrant une faible latence (moins d'une trame)<\/li>\n<li>Surveillance de la forme d'onde avec fonction de sur-niveau<\/li>\n<li>Bornes HD\/SD SDI plaqu\u00e9es or avec audio int\u00e9gr\u00e9<\/li>\n<li>DVI-D avec terminal HDCP<\/li>\n<li>\u00c9cran LCD haute performance<\/li>\n<li>Technologie exclusive de traitement de l'image JVC<\/li>\n<li>Large choix de fonctions de production vid\u00e9o<\/li>\n<li>Commandes du panneau avant faciles \u00e0 utiliser<\/li>\n<li>Support robuste et r\u00e9glable fourni<\/li>\n<li>Mode 1:1 avec HD (1920 x 1080 pixels)<\/li>\n<li>Entr\u00e9e de l'ID de la source par code ASCII<\/li>\n<li>Position de l'information s\u00e9lectionnable<\/li>\n<li>Mode plein \u00e9cran vertical pour le signal SD 4:3<\/li>\n<\/ul>\n<\/div>\n<\/div>\n<\/div>\n<\/div>\n<p>Louez le JVC DT-V17L3R maintenant sur <a href=\"https:\/\/www.cinesouk.ma\/fr\">CINESOUK<\/a> - une marque de <a href=\"https:\/\/www.broadway.ma\/\">BROADWAY PRODUCTIONS SARL.<\/a><\/p>","protected":false},"excerpt":{"rendered":"<p>Sp\u00e9cifications<\/p>\n<p><span data-sheets-value=\"{&quot;1&quot;:2,&quot;2&quot;:&quot;Screen size: 24&quot;\\nAspect Ratio: 16:10\\nNative esolution: 1920x1200p\\nContrast ratio: 1500:1\\nResolution: 2048x1080 \/ 24p \\nI\/O: 2x 3G-SDI, Dual link&quot;}\" data-sheets-userformat=\"{&quot;2&quot;:13251,&quot;3&quot;:{&quot;1&quot;:0},&quot;4&quot;:{&quot;1&quot;:2,&quot;2&quot;:16777215},&quot;9&quot;:1,&quot;10&quot;:1,&quot;11&quot;:4,&quot;12&quot;:0,&quot;15&quot;:&quot;Helvetica&quot;,&quot;16&quot;:10}\" data-sheets-textstyleruns=\"{&quot;1&quot;:0,&quot;2&quot;:{&quot;5&quot;:1}}\uee10{&quot;1&quot;:13}\uee10{&quot;1&quot;:17,&quot;2&quot;:{&quot;5&quot;:1}}\uee10{&quot;1&quot;:30}\uee10{&quot;1&quot;:37,&quot;2&quot;:{&quot;5&quot;:1}}\uee10{&quot;1&quot;:54}\uee10{&quot;1&quot;:66,&quot;2&quot;:{&quot;5&quot;:1}}\uee10{&quot;1&quot;:80}\uee10{&quot;1&quot;:89,&quot;2&quot;:{&quot;5&quot;:1}}\uee10{&quot;1&quot;:101}\uee10{&quot;1&quot;:118,&quot;2&quot;:{&quot;5&quot;:1}}\uee10{&quot;1&quot;:123}\"><strong>Taille de l'\u00e9cran :<\/strong> 17&#8243;<br \/>\n<strong>Rapport d'aspect :<\/strong> 16:10<br \/>\n<strong>R\u00e9solution native :<\/strong> 1440x900p<br \/>\n<strong>Rapport de contraste :<\/strong> 600:1<br \/>\n<strong>E\/S :<\/strong> HD SDI, SD SDI<\/span><\/p>","protected":false},"featured_media":1044,"template":"","meta":{"om_disable_all_campaigns":false,"_monsterinsights_skip_tracking":false,"_monsterinsights_sitenote_active":false,"_monsterinsights_sitenote_note":"","_monsterinsights_sitenote_category":0,"_uf_show_specific_survey":0,"_uf_disable_surveys":false},"product_brand":[],"product_cat":[30],"product_tag":[],"class_list":{"0":"post-1020","1":"product","2":"type-product","3":"status-publish","4":"has-post-thumbnail","6":"product_cat-monitors-and-screens-cinesouk","8":"entry","9":"has-media","11":"first","12":"instock","13":"taxable","14":"shipping-taxable","15":"purchasable","16":"product-type-variable","17":"has-product-nav","18":"col","19":"span_1_of_3","20":"owp-content-center","21":"owp-thumbs-layout-horizontal","22":"owp-btn-normal","23":"owp-tabs-layout-horizontal","24":"has-no-thumbnails"},"yoast_head":"<!-- This site is optimized with the Yoast SEO Premium plugin v26.0 (Yoast SEO v26.0) - https:\/\/yoast.com\/wordpress\/plugins\/seo\/ -->\n<title>JVC DT-V17L3R - 17&quot; Monitor - CineSouk - Marrakech l Morocco - For rent<\/title>\n<meta name=\"description\" content=\"The JVC DT-V17L3R features a high-resolution LCD panel with advanced signal processing optimized for HDTV viewing. - CineSouk\" \/>\n<meta name=\"robots\" content=\"index, follow, max-snippet:-1, max-image-preview:large, max-video-preview:-1\" \/>\n<link rel=\"canonical\" href=\"https:\/\/www.cinesouk.ma\/fr\/produit\/jvc-dt-v17l3r-17-monitor\/\" \/>\n<meta property=\"og:locale\" content=\"fr_FR\" \/>\n<meta property=\"og:type\" content=\"article\" \/>\n<meta property=\"og:title\" content=\"JVC DT-V17L3R - 17&quot; Monitor\" \/>\n<meta property=\"og:description\" content=\"The JVC DT-V17L3R features a high-resolution LCD panel with advanced signal processing optimized for HDTV viewing. - CineSouk\" \/>\n<meta property=\"og:url\" content=\"https:\/\/www.cinesouk.ma\/fr\/produit\/jvc-dt-v17l3r-17-monitor\/\" \/>\n<meta property=\"og:site_name\" content=\"CineSouk\" \/>\n<meta property=\"article:modified_time\" content=\"2025-03-21T10:55:41+00:00\" \/>\n<meta property=\"og:image\" content=\"https:\/\/www.cinesouk.ma\/wp-content\/uploads\/2024\/01\/JVC-DT-V17L2D-.jpg\" \/>\n\t<meta property=\"og:image:width\" content=\"300\" \/>\n\t<meta property=\"og:image:height\" content=\"238\" \/>\n\t<meta property=\"og:image:type\" content=\"image\/jpeg\" \/>\n<meta name=\"twitter:card\" content=\"summary_large_image\" \/>\n<meta name=\"twitter:description\" content=\"The JVC DT-V17L3R features a high-resolution LCD panel with advanced signal processing optimized for HDTV viewing. - CineSouk\" \/>\n<meta name=\"twitter:label1\" content=\"Dur\u00e9e de lecture estim\u00e9e\" \/>\n\t<meta name=\"twitter:data1\" content=\"2 minutes\" \/>\n<script type=\"application\/ld+json\" class=\"yoast-schema-graph\">{\"@context\":\"https:\/\/schema.org\",\"@graph\":[{\"@type\":\"WebPage\",\"@id\":\"https:\/\/www.cinesouk.ma\/product\/jvc-dt-v17l3r-17-monitor\/\",\"url\":\"https:\/\/www.cinesouk.ma\/product\/jvc-dt-v17l3r-17-monitor\/\",\"name\":\"JVC DT-V17L3R - 17\\\" Monitor - CineSouk - Marrakech l Morocco - For rent\",\"isPartOf\":{\"@id\":\"https:\/\/www.cinesouk.ma\/#website\"},\"primaryImageOfPage\":{\"@id\":\"https:\/\/www.cinesouk.ma\/product\/jvc-dt-v17l3r-17-monitor\/#primaryimage\"},\"image\":{\"@id\":\"https:\/\/www.cinesouk.ma\/product\/jvc-dt-v17l3r-17-monitor\/#primaryimage\"},\"thumbnailUrl\":\"https:\/\/www.cinesouk.ma\/wp-content\/uploads\/2024\/01\/JVC-DT-V17L2D-.jpg\",\"datePublished\":\"2024-08-20T17:18:27+00:00\",\"dateModified\":\"2025-03-21T10:55:41+00:00\",\"description\":\"The JVC DT-V17L3R features a high-resolution LCD panel with advanced signal processing optimized for HDTV viewing. - CineSouk\",\"breadcrumb\":{\"@id\":\"https:\/\/www.cinesouk.ma\/product\/jvc-dt-v17l3r-17-monitor\/#breadcrumb\"},\"inLanguage\":\"fr-FR\",\"potentialAction\":[{\"@type\":\"ReadAction\",\"target\":[\"https:\/\/www.cinesouk.ma\/product\/jvc-dt-v17l3r-17-monitor\/\"]}]},{\"@type\":\"ImageObject\",\"inLanguage\":\"fr-FR\",\"@id\":\"https:\/\/www.cinesouk.ma\/product\/jvc-dt-v17l3r-17-monitor\/#primaryimage\",\"url\":\"https:\/\/www.cinesouk.ma\/wp-content\/uploads\/2024\/01\/JVC-DT-V17L2D-.jpg\",\"contentUrl\":\"https:\/\/www.cinesouk.ma\/wp-content\/uploads\/2024\/01\/JVC-DT-V17L2D-.jpg\",\"width\":300,\"height\":238},{\"@type\":\"BreadcrumbList\",\"@id\":\"https:\/\/www.cinesouk.ma\/product\/jvc-dt-v17l3r-17-monitor\/#breadcrumb\",\"itemListElement\":[{\"@type\":\"ListItem\",\"position\":1,\"name\":\"Home\",\"item\":\"https:\/\/www.cinesouk.ma\/\"},{\"@type\":\"ListItem\",\"position\":2,\"name\":\"Shop\",\"item\":\"https:\/\/www.cinesouk.ma\/shop\/\"},{\"@type\":\"ListItem\",\"position\":3,\"name\":\"JVC DT-V17L3R &#8211; 17&#8243; Monitor\"}]},{\"@type\":\"WebSite\",\"@id\":\"https:\/\/www.cinesouk.ma\/#website\",\"url\":\"https:\/\/www.cinesouk.ma\/\",\"name\":\"CineSouk\",\"description\":\"\",\"publisher\":{\"@id\":\"https:\/\/www.cinesouk.ma\/#organization\"},\"potentialAction\":[{\"@type\":\"SearchAction\",\"target\":{\"@type\":\"EntryPoint\",\"urlTemplate\":\"https:\/\/www.cinesouk.ma\/?s={search_term_string}\"},\"query-input\":{\"@type\":\"PropertyValueSpecification\",\"valueRequired\":true,\"valueName\":\"search_term_string\"}}],\"inLanguage\":\"fr-FR\"},{\"@type\":\"Organization\",\"@id\":\"https:\/\/www.cinesouk.ma\/#organization\",\"name\":\"CineSouk\",\"url\":\"https:\/\/www.cinesouk.ma\/\",\"logo\":{\"@type\":\"ImageObject\",\"inLanguage\":\"fr-FR\",\"@id\":\"https:\/\/www.cinesouk.ma\/#\/schema\/logo\/image\/\",\"url\":\"https:\/\/www.cinesouk.ma\/wp-content\/uploads\/2024\/01\/CineSouk-logo-v01-alpha-alligned-left.png\",\"contentUrl\":\"https:\/\/www.cinesouk.ma\/wp-content\/uploads\/2024\/01\/CineSouk-logo-v01-alpha-alligned-left.png\",\"width\":3204,\"height\":889,\"caption\":\"CineSouk\"},\"image\":{\"@id\":\"https:\/\/www.cinesouk.ma\/#\/schema\/logo\/image\/\"}}]}<\/script>\n<!-- \/ Yoast SEO Premium plugin. -->","yoast_head_json":{"title":"JVC DT-V17L3R - 17\" Monitor - CineSouk - Marrakech l Morocco - For rent","description":"The JVC DT-V17L3R features a high-resolution LCD panel with advanced signal processing optimized for HDTV viewing. - CineSouk","robots":{"index":"index","follow":"follow","max-snippet":"max-snippet:-1","max-image-preview":"max-image-preview:large","max-video-preview":"max-video-preview:-1"},"canonical":"https:\/\/www.cinesouk.ma\/fr\/produit\/jvc-dt-v17l3r-17-monitor\/","og_locale":"fr_FR","og_type":"article","og_title":"JVC DT-V17L3R - 17\" Monitor","og_description":"The JVC DT-V17L3R features a high-resolution LCD panel with advanced signal processing optimized for HDTV viewing. - CineSouk","og_url":"https:\/\/www.cinesouk.ma\/fr\/produit\/jvc-dt-v17l3r-17-monitor\/","og_site_name":"CineSouk","article_modified_time":"2025-03-21T10:55:41+00:00","og_image":[{"width":300,"height":238,"url":"https:\/\/www.cinesouk.ma\/wp-content\/uploads\/2024\/01\/JVC-DT-V17L2D-.jpg","type":"image\/jpeg"}],"twitter_card":"summary_large_image","twitter_description":"The JVC DT-V17L3R features a high-resolution LCD panel with advanced signal processing optimized for HDTV viewing. - CineSouk","twitter_misc":{"Dur\u00e9e de lecture estim\u00e9e":"2 minutes"},"schema":{"@context":"https:\/\/schema.org","@graph":[{"@type":"WebPage","@id":"https:\/\/www.cinesouk.ma\/product\/jvc-dt-v17l3r-17-monitor\/","url":"https:\/\/www.cinesouk.ma\/product\/jvc-dt-v17l3r-17-monitor\/","name":"JVC DT-V17L3R - 17\" Monitor - CineSouk - Marrakech l Morocco - For rent","isPartOf":{"@id":"https:\/\/www.cinesouk.ma\/#website"},"primaryImageOfPage":{"@id":"https:\/\/www.cinesouk.ma\/product\/jvc-dt-v17l3r-17-monitor\/#primaryimage"},"image":{"@id":"https:\/\/www.cinesouk.ma\/product\/jvc-dt-v17l3r-17-monitor\/#primaryimage"},"thumbnailUrl":"https:\/\/www.cinesouk.ma\/wp-content\/uploads\/2024\/01\/JVC-DT-V17L2D-.jpg","datePublished":"2024-08-20T17:18:27+00:00","dateModified":"2025-03-21T10:55:41+00:00","description":"The JVC DT-V17L3R features a high-resolution LCD panel with advanced signal processing optimized for HDTV viewing. - CineSouk","breadcrumb":{"@id":"https:\/\/www.cinesouk.ma\/product\/jvc-dt-v17l3r-17-monitor\/#breadcrumb"},"inLanguage":"fr-FR","potentialAction":[{"@type":"ReadAction","target":["https:\/\/www.cinesouk.ma\/product\/jvc-dt-v17l3r-17-monitor\/"]}]},{"@type":"ImageObject","inLanguage":"fr-FR","@id":"https:\/\/www.cinesouk.ma\/product\/jvc-dt-v17l3r-17-monitor\/#primaryimage","url":"https:\/\/www.cinesouk.ma\/wp-content\/uploads\/2024\/01\/JVC-DT-V17L2D-.jpg","contentUrl":"https:\/\/www.cinesouk.ma\/wp-content\/uploads\/2024\/01\/JVC-DT-V17L2D-.jpg","width":300,"height":238},{"@type":"BreadcrumbList","@id":"https:\/\/www.cinesouk.ma\/product\/jvc-dt-v17l3r-17-monitor\/#breadcrumb","itemListElement":[{"@type":"ListItem","position":1,"name":"Home","item":"https:\/\/www.cinesouk.ma\/"},{"@type":"ListItem","position":2,"name":"Shop","item":"https:\/\/www.cinesouk.ma\/shop\/"},{"@type":"ListItem","position":3,"name":"JVC DT-V17L3R &#8211; 17&#8243; Monitor"}]},{"@type":"WebSite","@id":"https:\/\/www.cinesouk.ma\/#website","url":"https:\/\/www.cinesouk.ma\/","name":"CineSouk","description":"","publisher":{"@id":"https:\/\/www.cinesouk.ma\/#organization"},"potentialAction":[{"@type":"SearchAction","target":{"@type":"EntryPoint","urlTemplate":"https:\/\/www.cinesouk.ma\/?s={search_term_string}"},"query-input":{"@type":"PropertyValueSpecification","valueRequired":true,"valueName":"search_term_string"}}],"inLanguage":"fr-FR"},{"@type":"Organization","@id":"https:\/\/www.cinesouk.ma\/#organization","name":"CineSouk","url":"https:\/\/www.cinesouk.ma\/","logo":{"@type":"ImageObject","inLanguage":"fr-FR","@id":"https:\/\/www.cinesouk.ma\/#\/schema\/logo\/image\/","url":"https:\/\/www.cinesouk.ma\/wp-content\/uploads\/2024\/01\/CineSouk-logo-v01-alpha-alligned-left.png","contentUrl":"https:\/\/www.cinesouk.ma\/wp-content\/uploads\/2024\/01\/CineSouk-logo-v01-alpha-alligned-left.png","width":3204,"height":889,"caption":"CineSouk"},"image":{"@id":"https:\/\/www.cinesouk.ma\/#\/schema\/logo\/image\/"}}]}},"_links":{"self":[{"href":"https:\/\/www.cinesouk.ma\/fr\/wp-json\/wp\/v2\/product\/1020","targetHints":{"allow":["GET"]}}],"collection":[{"href":"https:\/\/www.cinesouk.ma\/fr\/wp-json\/wp\/v2\/product"}],"about":[{"href":"https:\/\/www.cinesouk.ma\/fr\/wp-json\/wp\/v2\/types\/product"}],"wp:featuredmedia":[{"embeddable":true,"href":"https:\/\/www.cinesouk.ma\/fr\/wp-json\/wp\/v2\/media\/1044"}],"wp:attachment":[{"href":"https:\/\/www.cinesouk.ma\/fr\/wp-json\/wp\/v2\/media?parent=1020"}],"wp:term":[{"taxonomy":"product_brand","embeddable":true,"href":"https:\/\/www.cinesouk.ma\/fr\/wp-json\/wp\/v2\/product_brand?post=1020"},{"taxonomy":"product_cat","embeddable":true,"href":"https:\/\/www.cinesouk.ma\/fr\/wp-json\/wp\/v2\/product_cat?post=1020"},{"taxonomy":"product_tag","embeddable":true,"href":"https:\/\/www.cinesouk.ma\/fr\/wp-json\/wp\/v2\/product_tag?post=1020"}],"curies":[{"name":"wp","href":"https:\/\/api.w.org\/{rel}","templated":true}]}}