{"id":10207,"date":"2024-12-31T09:34:10","date_gmt":"2024-12-31T09:34:10","guid":{"rendered":"https:\/\/www.cinesouk.ma\/?post_type=product&#038;p=10207"},"modified":"2025-08-22T13:28:11","modified_gmt":"2025-08-22T13:28:11","slug":"profoto-zoom-reflector-standard-reflector-45-105degrees","status":"publish","type":"product","link":"https:\/\/www.cinesouk.ma\/fr\/produit\/profoto-zoom-reflector-standard-reflector-45-105degrees\/","title":{"rendered":"Profoto Zoom Reflector (r\u00e9flecteur standard 45-105 degr\u00e9s)"},"content":{"rendered":"<div class=\"flex max-w-full flex-col flex-grow\">\n<div class=\"min-h-8 text-message flex w-full flex-col items-end gap-2 whitespace-normal break-words text-start [.text-message+&amp;]:mt-5\" dir=\"auto\" data-message-author-role=\"assistant\" data-message-id=\"0f4fcccf-3193-46cf-8106-23214f66efdb\" data-message-model-slug=\"gpt-4o\">\n<div class=\"flex w-full flex-col gap-1 empty:hidden first:pt-[3px]\">\n<div class=\"markdown prose w-full break-words dark:prose-invert light\">\n<div class=\"flex-shrink-0 flex flex-col relative items-end\">\n<div>\n<div class=\"pt-0\">\n<div class=\"gizmo-bot-avatar flex h-8 w-8 items-center justify-center overflow-hidden rounded-full\">\n<div class=\"relative p-1 rounded-sm flex items-center justify-center bg-token-main-surface-primary text-token-text-primary h-8 w-8\"><\/div>\n<\/div>\n<\/div>\n<\/div>\n<\/div>\n<div class=\"group\/conversation-turn relative flex w-full min-w-0 flex-col agent-turn\">\n<div class=\"flex-col gap-1 md:gap-3\">\n<div class=\"flex max-w-full flex-col flex-grow\">\n<div class=\"min-h-8 text-message flex w-full flex-col items-end gap-2 whitespace-normal break-words text-start [.text-message+&amp;]:mt-5\" dir=\"auto\" data-message-author-role=\"assistant\" data-message-id=\"ea450073-0105-4956-8534-3a17603db643\" data-message-model-slug=\"gpt-4o\">\n<div class=\"flex w-full flex-col gap-1 empty:hidden first:pt-[3px]\">\n<div class=\"markdown prose w-full break-words dark:prose-invert light\">\n<p>Le <strong>Profoto Zoom Reflector<\/strong> est un outil de mise en forme de la lumi\u00e8re polyvalent et standard, sp\u00e9cialement con\u00e7u pour les photographes professionnels. De plus, avec un angle de faisceau r\u00e9glable de 45\u00b0 \u00e0 105\u00b0, il permet un contr\u00f4le pr\u00e9cis et coh\u00e9rent de la lumi\u00e8re. Il convient donc \u00e0 une grande vari\u00e9t\u00e9 d'applications d'\u00e9clairage, notamment les portraits, la mode et la photographie de produits.<\/p>\n<h3>Caract\u00e9ristiques principales :<\/h3>\n<ul>\n<li><strong>Angle de rayonnement r\u00e9glable :<\/strong> Le r\u00e9flecteur offre un angle de rayonnement de 45\u00b0 \u00e0 105\u00b0, ce qui permet aux photographes de contr\u00f4ler la diffusion et l'intensit\u00e9 de la lumi\u00e8re sans effort. En outre, cette flexibilit\u00e9 le rend adapt\u00e9 \u00e0 divers sc\u00e9narios de prise de vue.<\/li>\n<li><strong>Fonctionnalit\u00e9 du zoom :<\/strong> Sa conception unique de zoom permet aux utilisateurs d'affiner la sortie de lumi\u00e8re en ajustant la position du r\u00e9flecteur sur la t\u00eate du flash. Il am\u00e9liore ainsi le contr\u00f4le et l'adaptabilit\u00e9 pendant les prises de vue.<\/li>\n<li><strong>Rendement lumineux \u00e9lev\u00e9 :<\/strong> Il assure une transmission efficace de la lumi\u00e8re, produisant un \u00e9clairage lumineux et homog\u00e8ne, id\u00e9al pour les environnements professionnels. En outre, il permet d'obtenir un \u00e9clairage coh\u00e9rent dans diff\u00e9rents environnements.<\/li>\n<li><strong>Construction durable :<\/strong> Fabriqu\u00e9 avec des mat\u00e9riaux de haute qualit\u00e9 et r\u00e9sistants \u00e0 la chaleur, il r\u00e9siste \u00e0 une utilisation exigeante en studio et sur site. Il offre donc une fiabilit\u00e9 durable aux photographes.<\/li>\n<li><strong>Large compatibilit\u00e9 :<\/strong> Il est compatible avec tous les \u00e9clairages Profoto, ce qui garantit une int\u00e9gration transparente avec votre \u00e9quipement existant. Il simplifie ainsi le flux de travail et am\u00e9liore la polyvalence.<\/li>\n<\/ul>\n<h3>Sp\u00e9cifications :<\/h3>\n<ul>\n<li><strong>Angle du faisceau :<\/strong> 45\u00b0-105\u00b0<\/li>\n<li><strong>Mat\u00e9riau :<\/strong> M\u00e9tal de haute qualit\u00e9 r\u00e9sistant \u00e0 la chaleur<\/li>\n<li><strong>Syst\u00e8me de montage :<\/strong> Monture \u00e0 ba\u00efonnette Profoto<\/li>\n<li><strong>Poids :<\/strong> L\u00e9ger pour une manipulation et une portabilit\u00e9 ais\u00e9es<\/li>\n<\/ul>\n<p>Le <strong>Profoto Zoom Reflector<\/strong> offre une solution d'\u00e9clairage fiable et adaptable aux photographes qui exigent pr\u00e9cision et qualit\u00e9. De plus, son angle de rayonnement r\u00e9glable et sa conception robuste en font un outil essentiel pour fa\u00e7onner la lumi\u00e8re en studio et en ext\u00e9rieur. Il s'agit donc d'un accessoire indispensable pour les professionnels qui souhaitent am\u00e9liorer leurs installations d'\u00e9clairage.<\/p>\n<\/div>\n<\/div>\n<\/div>\n<\/div>\n<\/div>\n<\/div>\n<\/div>\n<\/div>\n<\/div>\n<\/div>\n<p>Louer le <strong>Profoto Zoom Reflector<\/strong> maintenant \u00e0 <a href=\"https:\/\/www.cinesouk.ma\/fr\">CINESOUK<\/a> - une marque de <a href=\"https:\/\/www.broadway.ma\/\">BROADWAY PRODUCTIONS SARL.<\/a><\/p>","protected":false},"excerpt":{"rendered":"<ul>\n<li>\n<h3>Sp\u00e9cifications :<\/h3>\n<ul>\n<li><strong>Angle du faisceau :<\/strong> 45\u00b0-105\u00b0<\/li>\n<li><strong>Mat\u00e9riau :<\/strong> M\u00e9tal de haute qualit\u00e9 r\u00e9sistant \u00e0 la chaleur<\/li>\n<li><strong>Syst\u00e8me de montage :<\/strong> Monture \u00e0 ba\u00efonnette Profoto<\/li>\n<li><strong>Poids :<\/strong> L\u00e9ger pour une manipulation et une portabilit\u00e9 ais\u00e9es<\/li>\n<\/ul>\n<\/li>\n<\/ul>","protected":false},"featured_media":10218,"template":"","meta":{"om_disable_all_campaigns":false,"_monsterinsights_skip_tracking":false,"_monsterinsights_sitenote_active":false,"_monsterinsights_sitenote_note":"","_monsterinsights_sitenote_category":0,"_uf_show_specific_survey":0,"_uf_disable_surveys":false},"product_brand":[],"product_cat":[135,37,20,79],"product_tag":[],"class_list":{"0":"post-10207","1":"product","2":"type-product","3":"status-publish","4":"has-post-thumbnail","6":"product_cat-photography-eventsouk","7":"product_cat-accessories-cinesouk","8":"product_cat-light-cinesouk","9":"product_cat-photography-cinesouk","11":"entry","12":"has-media","14":"first","15":"instock","16":"taxable","17":"shipping-taxable","18":"purchasable","19":"product-type-variable","20":"has-product-nav","21":"col","22":"span_1_of_3","23":"owp-content-center","24":"owp-thumbs-layout-horizontal","25":"owp-btn-normal","26":"owp-tabs-layout-horizontal","27":"has-no-thumbnails"},"yoast_head":"<!-- This site is optimized with the Yoast SEO Premium plugin v26.0 (Yoast SEO v26.0) - https:\/\/yoast.com\/wordpress\/plugins\/seo\/ -->\n<title>Profoto Zoom Reflector (standard reflector 45-105degrees) - CineSouk<\/title>\n<meta name=\"description\" content=\"Profoto Zoom Reflector: Adjustable 45\u00b0\u2013105\u00b0 beam angle, durable construction, and seamless compatibility, ideal for versatile professional lighting setups.\" \/>\n<meta name=\"robots\" content=\"index, follow, max-snippet:-1, max-image-preview:large, max-video-preview:-1\" \/>\n<link rel=\"canonical\" href=\"https:\/\/www.cinesouk.ma\/fr\/produit\/profoto-zoom-reflector-standard-reflector-45-105degrees\/\" \/>\n<meta property=\"og:locale\" content=\"fr_FR\" \/>\n<meta property=\"og:type\" content=\"article\" \/>\n<meta property=\"og:title\" content=\"Profoto Zoom Reflector (standard reflector 45-105degrees)\" \/>\n<meta property=\"og:description\" content=\"The Profoto OCF Zoom Reflector is an essential tool for photographers. Usable with Profoto monolights. Rent it now at Profoto Zoom Reflector (standard reflector 45-105degrees)\" \/>\n<meta property=\"og:url\" content=\"https:\/\/www.cinesouk.ma\/fr\/produit\/profoto-zoom-reflector-standard-reflector-45-105degrees\/\" \/>\n<meta property=\"og:site_name\" content=\"CineSouk\" \/>\n<meta property=\"article:modified_time\" content=\"2025-08-22T13:28:11+00:00\" \/>\n<meta property=\"og:image\" content=\"https:\/\/www.cinesouk.ma\/wp-content\/uploads\/2024\/12\/Profoto-Zoom-Reflector-standard-reflector-45-105-degrees.jpg\" \/>\n\t<meta property=\"og:image:width\" content=\"300\" \/>\n\t<meta property=\"og:image:height\" content=\"238\" \/>\n\t<meta property=\"og:image:type\" content=\"image\/jpeg\" \/>\n<meta name=\"twitter:card\" content=\"summary_large_image\" \/>\n<meta name=\"twitter:description\" content=\"The Profoto OCF Zoom Reflector is an essential tool for photographers. Usable with Profoto monolights. Rent it now at Profoto Zoom Reflector (standard reflector 45-105degrees)\" \/>\n<meta name=\"twitter:label1\" content=\"Dur\u00e9e de lecture estim\u00e9e\" \/>\n\t<meta name=\"twitter:data1\" content=\"2 minutes\" \/>\n<script type=\"application\/ld+json\" class=\"yoast-schema-graph\">{\"@context\":\"https:\/\/schema.org\",\"@graph\":[{\"@type\":\"WebPage\",\"@id\":\"https:\/\/www.cinesouk.ma\/product\/profoto-zoom-reflector-standard-reflector-45-105degrees\/\",\"url\":\"https:\/\/www.cinesouk.ma\/product\/profoto-zoom-reflector-standard-reflector-45-105degrees\/\",\"name\":\"Profoto Zoom Reflector (standard reflector 45-105degrees) - CineSouk\",\"isPartOf\":{\"@id\":\"https:\/\/www.cinesouk.ma\/#website\"},\"primaryImageOfPage\":{\"@id\":\"https:\/\/www.cinesouk.ma\/product\/profoto-zoom-reflector-standard-reflector-45-105degrees\/#primaryimage\"},\"image\":{\"@id\":\"https:\/\/www.cinesouk.ma\/product\/profoto-zoom-reflector-standard-reflector-45-105degrees\/#primaryimage\"},\"thumbnailUrl\":\"https:\/\/www.cinesouk.ma\/wp-content\/uploads\/2024\/12\/Profoto-Zoom-Reflector-standard-reflector-45-105-degrees.jpg\",\"datePublished\":\"2024-12-31T09:34:10+00:00\",\"dateModified\":\"2025-08-22T13:28:11+00:00\",\"description\":\"Profoto Zoom Reflector: Adjustable 45\u00b0\u2013105\u00b0 beam angle, durable construction, and seamless compatibility, ideal for versatile professional lighting setups.\",\"breadcrumb\":{\"@id\":\"https:\/\/www.cinesouk.ma\/product\/profoto-zoom-reflector-standard-reflector-45-105degrees\/#breadcrumb\"},\"inLanguage\":\"fr-FR\",\"potentialAction\":[{\"@type\":\"ReadAction\",\"target\":[\"https:\/\/www.cinesouk.ma\/product\/profoto-zoom-reflector-standard-reflector-45-105degrees\/\"]}]},{\"@type\":\"ImageObject\",\"inLanguage\":\"fr-FR\",\"@id\":\"https:\/\/www.cinesouk.ma\/product\/profoto-zoom-reflector-standard-reflector-45-105degrees\/#primaryimage\",\"url\":\"https:\/\/www.cinesouk.ma\/wp-content\/uploads\/2024\/12\/Profoto-Zoom-Reflector-standard-reflector-45-105-degrees.jpg\",\"contentUrl\":\"https:\/\/www.cinesouk.ma\/wp-content\/uploads\/2024\/12\/Profoto-Zoom-Reflector-standard-reflector-45-105-degrees.jpg\",\"width\":300,\"height\":238,\"caption\":\"Profoto Zoom Reflector (standard reflector 45-105 degrees)\"},{\"@type\":\"BreadcrumbList\",\"@id\":\"https:\/\/www.cinesouk.ma\/product\/profoto-zoom-reflector-standard-reflector-45-105degrees\/#breadcrumb\",\"itemListElement\":[{\"@type\":\"ListItem\",\"position\":1,\"name\":\"Home\",\"item\":\"https:\/\/www.cinesouk.ma\/\"},{\"@type\":\"ListItem\",\"position\":2,\"name\":\"Shop\",\"item\":\"https:\/\/www.cinesouk.ma\/shop\/\"},{\"@type\":\"ListItem\",\"position\":3,\"name\":\"Profoto Zoom Reflector (standard reflector 45-105degrees)\"}]},{\"@type\":\"WebSite\",\"@id\":\"https:\/\/www.cinesouk.ma\/#website\",\"url\":\"https:\/\/www.cinesouk.ma\/\",\"name\":\"CineSouk\",\"description\":\"\",\"publisher\":{\"@id\":\"https:\/\/www.cinesouk.ma\/#organization\"},\"potentialAction\":[{\"@type\":\"SearchAction\",\"target\":{\"@type\":\"EntryPoint\",\"urlTemplate\":\"https:\/\/www.cinesouk.ma\/?s={search_term_string}\"},\"query-input\":{\"@type\":\"PropertyValueSpecification\",\"valueRequired\":true,\"valueName\":\"search_term_string\"}}],\"inLanguage\":\"fr-FR\"},{\"@type\":\"Organization\",\"@id\":\"https:\/\/www.cinesouk.ma\/#organization\",\"name\":\"CineSouk\",\"url\":\"https:\/\/www.cinesouk.ma\/\",\"logo\":{\"@type\":\"ImageObject\",\"inLanguage\":\"fr-FR\",\"@id\":\"https:\/\/www.cinesouk.ma\/#\/schema\/logo\/image\/\",\"url\":\"https:\/\/www.cinesouk.ma\/wp-content\/uploads\/2024\/01\/CineSouk-logo-v01-alpha-alligned-left.png\",\"contentUrl\":\"https:\/\/www.cinesouk.ma\/wp-content\/uploads\/2024\/01\/CineSouk-logo-v01-alpha-alligned-left.png\",\"width\":3204,\"height\":889,\"caption\":\"CineSouk\"},\"image\":{\"@id\":\"https:\/\/www.cinesouk.ma\/#\/schema\/logo\/image\/\"}}]}<\/script>\n<!-- \/ Yoast SEO Premium plugin. -->","yoast_head_json":{"title":"Profoto Zoom Reflector (standard reflector 45-105degrees) - CineSouk","description":"Profoto Zoom Reflector: Adjustable 45\u00b0\u2013105\u00b0 beam angle, durable construction, and seamless compatibility, ideal for versatile professional lighting setups.","robots":{"index":"index","follow":"follow","max-snippet":"max-snippet:-1","max-image-preview":"max-image-preview:large","max-video-preview":"max-video-preview:-1"},"canonical":"https:\/\/www.cinesouk.ma\/fr\/produit\/profoto-zoom-reflector-standard-reflector-45-105degrees\/","og_locale":"fr_FR","og_type":"article","og_title":"Profoto Zoom Reflector (standard reflector 45-105degrees)","og_description":"The Profoto OCF Zoom Reflector is an essential tool for photographers. Usable with Profoto monolights. Rent it now at Profoto Zoom Reflector (standard reflector 45-105degrees)","og_url":"https:\/\/www.cinesouk.ma\/fr\/produit\/profoto-zoom-reflector-standard-reflector-45-105degrees\/","og_site_name":"CineSouk","article_modified_time":"2025-08-22T13:28:11+00:00","og_image":[{"width":300,"height":238,"url":"https:\/\/www.cinesouk.ma\/wp-content\/uploads\/2024\/12\/Profoto-Zoom-Reflector-standard-reflector-45-105-degrees.jpg","type":"image\/jpeg"}],"twitter_card":"summary_large_image","twitter_description":"The Profoto OCF Zoom Reflector is an essential tool for photographers. Usable with Profoto monolights. Rent it now at Profoto Zoom Reflector (standard reflector 45-105degrees)","twitter_misc":{"Dur\u00e9e de lecture estim\u00e9e":"2 minutes"},"schema":{"@context":"https:\/\/schema.org","@graph":[{"@type":"WebPage","@id":"https:\/\/www.cinesouk.ma\/product\/profoto-zoom-reflector-standard-reflector-45-105degrees\/","url":"https:\/\/www.cinesouk.ma\/product\/profoto-zoom-reflector-standard-reflector-45-105degrees\/","name":"Profoto Zoom Reflector (standard reflector 45-105degrees) - CineSouk","isPartOf":{"@id":"https:\/\/www.cinesouk.ma\/#website"},"primaryImageOfPage":{"@id":"https:\/\/www.cinesouk.ma\/product\/profoto-zoom-reflector-standard-reflector-45-105degrees\/#primaryimage"},"image":{"@id":"https:\/\/www.cinesouk.ma\/product\/profoto-zoom-reflector-standard-reflector-45-105degrees\/#primaryimage"},"thumbnailUrl":"https:\/\/www.cinesouk.ma\/wp-content\/uploads\/2024\/12\/Profoto-Zoom-Reflector-standard-reflector-45-105-degrees.jpg","datePublished":"2024-12-31T09:34:10+00:00","dateModified":"2025-08-22T13:28:11+00:00","description":"Profoto Zoom Reflector: Adjustable 45\u00b0\u2013105\u00b0 beam angle, durable construction, and seamless compatibility, ideal for versatile professional lighting setups.","breadcrumb":{"@id":"https:\/\/www.cinesouk.ma\/product\/profoto-zoom-reflector-standard-reflector-45-105degrees\/#breadcrumb"},"inLanguage":"fr-FR","potentialAction":[{"@type":"ReadAction","target":["https:\/\/www.cinesouk.ma\/product\/profoto-zoom-reflector-standard-reflector-45-105degrees\/"]}]},{"@type":"ImageObject","inLanguage":"fr-FR","@id":"https:\/\/www.cinesouk.ma\/product\/profoto-zoom-reflector-standard-reflector-45-105degrees\/#primaryimage","url":"https:\/\/www.cinesouk.ma\/wp-content\/uploads\/2024\/12\/Profoto-Zoom-Reflector-standard-reflector-45-105-degrees.jpg","contentUrl":"https:\/\/www.cinesouk.ma\/wp-content\/uploads\/2024\/12\/Profoto-Zoom-Reflector-standard-reflector-45-105-degrees.jpg","width":300,"height":238,"caption":"Profoto Zoom Reflector (standard reflector 45-105 degrees)"},{"@type":"BreadcrumbList","@id":"https:\/\/www.cinesouk.ma\/product\/profoto-zoom-reflector-standard-reflector-45-105degrees\/#breadcrumb","itemListElement":[{"@type":"ListItem","position":1,"name":"Home","item":"https:\/\/www.cinesouk.ma\/"},{"@type":"ListItem","position":2,"name":"Shop","item":"https:\/\/www.cinesouk.ma\/shop\/"},{"@type":"ListItem","position":3,"name":"Profoto Zoom Reflector (standard reflector 45-105degrees)"}]},{"@type":"WebSite","@id":"https:\/\/www.cinesouk.ma\/#website","url":"https:\/\/www.cinesouk.ma\/","name":"CineSouk","description":"","publisher":{"@id":"https:\/\/www.cinesouk.ma\/#organization"},"potentialAction":[{"@type":"SearchAction","target":{"@type":"EntryPoint","urlTemplate":"https:\/\/www.cinesouk.ma\/?s={search_term_string}"},"query-input":{"@type":"PropertyValueSpecification","valueRequired":true,"valueName":"search_term_string"}}],"inLanguage":"fr-FR"},{"@type":"Organization","@id":"https:\/\/www.cinesouk.ma\/#organization","name":"CineSouk","url":"https:\/\/www.cinesouk.ma\/","logo":{"@type":"ImageObject","inLanguage":"fr-FR","@id":"https:\/\/www.cinesouk.ma\/#\/schema\/logo\/image\/","url":"https:\/\/www.cinesouk.ma\/wp-content\/uploads\/2024\/01\/CineSouk-logo-v01-alpha-alligned-left.png","contentUrl":"https:\/\/www.cinesouk.ma\/wp-content\/uploads\/2024\/01\/CineSouk-logo-v01-alpha-alligned-left.png","width":3204,"height":889,"caption":"CineSouk"},"image":{"@id":"https:\/\/www.cinesouk.ma\/#\/schema\/logo\/image\/"}}]}},"_links":{"self":[{"href":"https:\/\/www.cinesouk.ma\/fr\/wp-json\/wp\/v2\/product\/10207","targetHints":{"allow":["GET"]}}],"collection":[{"href":"https:\/\/www.cinesouk.ma\/fr\/wp-json\/wp\/v2\/product"}],"about":[{"href":"https:\/\/www.cinesouk.ma\/fr\/wp-json\/wp\/v2\/types\/product"}],"wp:featuredmedia":[{"embeddable":true,"href":"https:\/\/www.cinesouk.ma\/fr\/wp-json\/wp\/v2\/media\/10218"}],"wp:attachment":[{"href":"https:\/\/www.cinesouk.ma\/fr\/wp-json\/wp\/v2\/media?parent=10207"}],"wp:term":[{"taxonomy":"product_brand","embeddable":true,"href":"https:\/\/www.cinesouk.ma\/fr\/wp-json\/wp\/v2\/product_brand?post=10207"},{"taxonomy":"product_cat","embeddable":true,"href":"https:\/\/www.cinesouk.ma\/fr\/wp-json\/wp\/v2\/product_cat?post=10207"},{"taxonomy":"product_tag","embeddable":true,"href":"https:\/\/www.cinesouk.ma\/fr\/wp-json\/wp\/v2\/product_tag?post=10207"}],"curies":[{"name":"wp","href":"https:\/\/api.w.org\/{rel}","templated":true}]}}