{"id":10287,"date":"2025-01-31T13:40:42","date_gmt":"2025-01-31T13:40:42","guid":{"rendered":"https:\/\/www.cinesouk.ma\/?post_type=product&#038;p=10287"},"modified":"2025-08-22T13:28:10","modified_gmt":"2025-08-22T13:28:10","slug":"westcott-7-parabolic-umbrella-3-pack-bundle","status":"publish","type":"product","link":"https:\/\/www.cinesouk.ma\/fr\/produit\/westcott-7-parabolic-umbrella-3-pack-bundle\/","title":{"rendered":"Westcott 7\u2032 Parapluie Parabolique 3-Pack Bundle"},"content":{"rendered":"<p data-start=\"98\" data-end=\"431\">L'ensemble de 3 parapluies paraboliques 7\u2032 de Westcott offre une solution d'\u00e9clairage polyvalente, parfaite pour les photographes et les cin\u00e9astes qui ont besoin d'un \u00e9clairage doux et contr\u00f4l\u00e9. Cet ensemble comprend trois grands parapluies paraboliques de 7 pieds, garantissant de multiples options d'\u00e9clairage pour diverses applications cr\u00e9atives en studio et sur place.<\/p>\n<p data-start=\"433\" data-end=\"828\">Chaque parapluie est dot\u00e9 de baleines en fibre de verre durables, garantissant des performances \u00e0 long terme tout en conservant une conception l\u00e9g\u00e8re pour un transport ais\u00e9. La forme parabolique profonde am\u00e9liore la direction de la lumi\u00e8re tout en pr\u00e9servant un \u00e9clairage doux et flatteur, ce qui en fait un outil id\u00e9al pour les installations professionnelles. Ce kit comprend trois parapluies distincts, permettant aux photographes d'adapter l'\u00e9clairage \u00e0 diff\u00e9rents sc\u00e9narios.<\/p>\n<ul>\n<li data-start=\"830\" data-end=\"1274\"><strong>Le parapluie \u00e0 diffusion blanche<\/strong> produit une lumi\u00e8re douce et uniform\u00e9ment diffus\u00e9e, qui minimise les contrastes, ce qui la rend parfaite pour les portraits et la photographie de beaut\u00e9.<\/li>\n<li data-start=\"830\" data-end=\"1274\"><strong>Le parapluie d'argent<\/strong> augmente le contraste et ajoute de la sp\u00e9cularit\u00e9, garantissant des effets d'\u00e9clairage spectaculaires adapt\u00e9s \u00e0 la photographie de mode et commerciale.<\/li>\n<li data-start=\"830\" data-end=\"1274\"><strong>Le parapluie noir\/blanc<\/strong> \u00e9quilibre la diffusion et la r\u00e9flectivit\u00e9, offrant des ombres contr\u00f4l\u00e9es et un \u00e9clairage naturel pour des environnements de prise de vue polyvalents.<\/li>\n<\/ul>\n<p data-start=\"1276\" data-end=\"1711\">Ces parapluies restent l\u00e9gers et faciles \u00e0 installer, ce qui les rend parfaits pour les photographes qui changent fr\u00e9quemment de lieu. La grande taille de 7 pieds offre une large couverture lumineuse, ce qui permet de r\u00e9aliser des portraits de groupe, des prises de vue de l'ensemble du corps et des \u00e9clairages cin\u00e9matographiques. Gr\u00e2ce \u00e0 leur polyvalence, leur durabilit\u00e9 et leur qualit\u00e9 professionnelle, ces accessoires constituent un excellent investissement pour les photographes et les cin\u00e9astes qui souhaitent contr\u00f4ler l'\u00e9clairage avec pr\u00e9cision.<\/p>\n<p>Louez le Parapluie Parabolique Westcott 7\u2032 maintenant sur <a href=\"https:\/\/www.cinesouk.ma\/fr\">CINESOUK<\/a> - une marque de <a href=\"https:\/\/www.broadway.ma\/\">BROADWAY PRODUCTIONS SARL.<\/a><\/p>","protected":false},"excerpt":{"rendered":"<p>Sp\u00e9cifications :<\/p>\n<ul>\n<li><strong>Taille du parapluie :<\/strong> 7 pieds (2,13 m\u00e8tres)<\/li>\n<li><strong>Construction :<\/strong> C\u00f4tes en fibre de verre durables et tissu r\u00e9fl\u00e9chissant de haute qualit\u00e9<\/li>\n<li><strong>Parapluies inclus :<\/strong>\n<ul>\n<li>Parapluie \u00e0 diffusion blanche<\/li>\n<li>Parapluie argent\u00e9 r\u00e9fl\u00e9chissant<\/li>\n<li>Parapluie noir\/blanc<\/li>\n<\/ul>\n<\/li>\n<li><strong>Montage :<\/strong> Manche de parapluie standard compatible avec la plupart des stands de lumi\u00e8re et des stroboscopes<\/li>\n<li><strong>Applications :<\/strong> \u00c9clairage de portrait, commercial, beaut\u00e9, mode et cin\u00e9ma<\/li>\n<\/ul>","protected":false},"featured_media":10298,"template":"","meta":{"om_disable_all_campaigns":false,"_monsterinsights_skip_tracking":false,"_monsterinsights_sitenote_active":false,"_monsterinsights_sitenote_note":"","_monsterinsights_sitenote_category":0,"_uf_show_specific_survey":0,"_uf_disable_surveys":false},"product_brand":[],"product_cat":[135,20,79],"product_tag":[],"class_list":{"0":"post-10287","1":"product","2":"type-product","3":"status-publish","4":"has-post-thumbnail","6":"product_cat-photography-eventsouk","7":"product_cat-light-cinesouk","8":"product_cat-photography-cinesouk","10":"entry","11":"has-media","13":"first","14":"instock","15":"taxable","16":"shipping-taxable","17":"purchasable","18":"product-type-variable","19":"has-product-nav","20":"col","21":"span_1_of_3","22":"owp-content-center","23":"owp-thumbs-layout-horizontal","24":"owp-btn-normal","25":"owp-tabs-layout-horizontal","26":"has-no-thumbnails"},"yoast_head":"<!-- This site is optimized with the Yoast SEO Premium plugin v26.0 (Yoast SEO v26.0) - https:\/\/yoast.com\/wordpress\/plugins\/seo\/ -->\n<title>For rent - Westcott 7&#039; Parabolic Umbrella 3-Pack Bundle - CineSouk<\/title>\n<meta name=\"description\" content=\"Westcott 7&#039; Parabolic Umbrella 3-Pack Bundle: Achieve soft, even lighting for professional photography and videography. - Marrakech - CineSouk\" \/>\n<meta name=\"robots\" content=\"index, follow, max-snippet:-1, max-image-preview:large, max-video-preview:-1\" \/>\n<link rel=\"canonical\" href=\"https:\/\/www.cinesouk.ma\/fr\/produit\/westcott-7-parabolic-umbrella-3-pack-bundle\/\" \/>\n<meta property=\"og:locale\" content=\"fr_FR\" \/>\n<meta property=\"og:type\" content=\"article\" \/>\n<meta property=\"og:title\" content=\"Westcott 7&#039; Parabolic Umbrella 3-Pack Bundle\" \/>\n<meta property=\"og:description\" content=\"Westcott 7&#039; Parabolic Umbrella 3-Pack Bundle: A versatile lighting kit with soft diffusion, high-contrast, and balanced reflective umbrellas for professional photography and film lighting.- CineSouk - Marrakech | Morocco\" \/>\n<meta property=\"og:url\" content=\"https:\/\/www.cinesouk.ma\/fr\/produit\/westcott-7-parabolic-umbrella-3-pack-bundle\/\" \/>\n<meta property=\"og:site_name\" content=\"CineSouk\" \/>\n<meta property=\"article:modified_time\" content=\"2025-08-22T13:28:10+00:00\" \/>\n<meta property=\"og:image\" content=\"https:\/\/www.cinesouk.ma\/wp-content\/uploads\/2025\/01\/westcost-umbrella.jpg\" \/>\n\t<meta property=\"og:image:width\" content=\"300\" \/>\n\t<meta property=\"og:image:height\" content=\"238\" \/>\n\t<meta property=\"og:image:type\" content=\"image\/jpeg\" \/>\n<meta name=\"twitter:card\" content=\"summary_large_image\" \/>\n<meta name=\"twitter:description\" content=\"Westcott 7&#039; Parabolic Umbrella 3-Pack Bundle: Achieve soft, even lighting for professional photography and videography. - CineSouk - Marrakech | Morocco\" \/>\n<meta name=\"twitter:label1\" content=\"Dur\u00e9e de lecture estim\u00e9e\" \/>\n\t<meta name=\"twitter:data1\" content=\"2 minutes\" \/>\n<script type=\"application\/ld+json\" class=\"yoast-schema-graph\">{\"@context\":\"https:\/\/schema.org\",\"@graph\":[{\"@type\":\"WebPage\",\"@id\":\"https:\/\/www.cinesouk.ma\/product\/westcott-7-parabolic-umbrella-3-pack-bundle\/\",\"url\":\"https:\/\/www.cinesouk.ma\/product\/westcott-7-parabolic-umbrella-3-pack-bundle\/\",\"name\":\"For rent - Westcott 7' Parabolic Umbrella 3-Pack Bundle - CineSouk\",\"isPartOf\":{\"@id\":\"https:\/\/www.cinesouk.ma\/#website\"},\"primaryImageOfPage\":{\"@id\":\"https:\/\/www.cinesouk.ma\/product\/westcott-7-parabolic-umbrella-3-pack-bundle\/#primaryimage\"},\"image\":{\"@id\":\"https:\/\/www.cinesouk.ma\/product\/westcott-7-parabolic-umbrella-3-pack-bundle\/#primaryimage\"},\"thumbnailUrl\":\"https:\/\/www.cinesouk.ma\/wp-content\/uploads\/2025\/01\/westcost-umbrella.jpg\",\"datePublished\":\"2025-01-31T13:40:42+00:00\",\"dateModified\":\"2025-08-22T13:28:10+00:00\",\"description\":\"Westcott 7' Parabolic Umbrella 3-Pack Bundle: Achieve soft, even lighting for professional photography and videography. - Marrakech - CineSouk\",\"breadcrumb\":{\"@id\":\"https:\/\/www.cinesouk.ma\/product\/westcott-7-parabolic-umbrella-3-pack-bundle\/#breadcrumb\"},\"inLanguage\":\"fr-FR\",\"potentialAction\":[{\"@type\":\"ReadAction\",\"target\":[\"https:\/\/www.cinesouk.ma\/product\/westcott-7-parabolic-umbrella-3-pack-bundle\/\"]}]},{\"@type\":\"ImageObject\",\"inLanguage\":\"fr-FR\",\"@id\":\"https:\/\/www.cinesouk.ma\/product\/westcott-7-parabolic-umbrella-3-pack-bundle\/#primaryimage\",\"url\":\"https:\/\/www.cinesouk.ma\/wp-content\/uploads\/2025\/01\/westcost-umbrella.jpg\",\"contentUrl\":\"https:\/\/www.cinesouk.ma\/wp-content\/uploads\/2025\/01\/westcost-umbrella.jpg\",\"width\":300,\"height\":238,\"caption\":\"Westcott 7' Parabolic Umbrella 3-Pack Bundle\"},{\"@type\":\"BreadcrumbList\",\"@id\":\"https:\/\/www.cinesouk.ma\/product\/westcott-7-parabolic-umbrella-3-pack-bundle\/#breadcrumb\",\"itemListElement\":[{\"@type\":\"ListItem\",\"position\":1,\"name\":\"Home\",\"item\":\"https:\/\/www.cinesouk.ma\/\"},{\"@type\":\"ListItem\",\"position\":2,\"name\":\"Shop\",\"item\":\"https:\/\/www.cinesouk.ma\/shop\/\"},{\"@type\":\"ListItem\",\"position\":3,\"name\":\"Westcott 7&#8242; Parabolic Umbrella 3-Pack Bundle\"}]},{\"@type\":\"WebSite\",\"@id\":\"https:\/\/www.cinesouk.ma\/#website\",\"url\":\"https:\/\/www.cinesouk.ma\/\",\"name\":\"CineSouk\",\"description\":\"\",\"publisher\":{\"@id\":\"https:\/\/www.cinesouk.ma\/#organization\"},\"potentialAction\":[{\"@type\":\"SearchAction\",\"target\":{\"@type\":\"EntryPoint\",\"urlTemplate\":\"https:\/\/www.cinesouk.ma\/?s={search_term_string}\"},\"query-input\":{\"@type\":\"PropertyValueSpecification\",\"valueRequired\":true,\"valueName\":\"search_term_string\"}}],\"inLanguage\":\"fr-FR\"},{\"@type\":\"Organization\",\"@id\":\"https:\/\/www.cinesouk.ma\/#organization\",\"name\":\"CineSouk\",\"url\":\"https:\/\/www.cinesouk.ma\/\",\"logo\":{\"@type\":\"ImageObject\",\"inLanguage\":\"fr-FR\",\"@id\":\"https:\/\/www.cinesouk.ma\/#\/schema\/logo\/image\/\",\"url\":\"https:\/\/www.cinesouk.ma\/wp-content\/uploads\/2024\/01\/CineSouk-logo-v01-alpha-alligned-left.png\",\"contentUrl\":\"https:\/\/www.cinesouk.ma\/wp-content\/uploads\/2024\/01\/CineSouk-logo-v01-alpha-alligned-left.png\",\"width\":3204,\"height\":889,\"caption\":\"CineSouk\"},\"image\":{\"@id\":\"https:\/\/www.cinesouk.ma\/#\/schema\/logo\/image\/\"}}]}<\/script>\n<!-- \/ Yoast SEO Premium plugin. -->","yoast_head_json":{"title":"For rent - Westcott 7' Parabolic Umbrella 3-Pack Bundle - CineSouk","description":"Westcott 7' Parabolic Umbrella 3-Pack Bundle: Achieve soft, even lighting for professional photography and videography. - Marrakech - CineSouk","robots":{"index":"index","follow":"follow","max-snippet":"max-snippet:-1","max-image-preview":"max-image-preview:large","max-video-preview":"max-video-preview:-1"},"canonical":"https:\/\/www.cinesouk.ma\/fr\/produit\/westcott-7-parabolic-umbrella-3-pack-bundle\/","og_locale":"fr_FR","og_type":"article","og_title":"Westcott 7' Parabolic Umbrella 3-Pack Bundle","og_description":"Westcott 7' Parabolic Umbrella 3-Pack Bundle: A versatile lighting kit with soft diffusion, high-contrast, and balanced reflective umbrellas for professional photography and film lighting.- CineSouk - Marrakech | Morocco","og_url":"https:\/\/www.cinesouk.ma\/fr\/produit\/westcott-7-parabolic-umbrella-3-pack-bundle\/","og_site_name":"CineSouk","article_modified_time":"2025-08-22T13:28:10+00:00","og_image":[{"width":300,"height":238,"url":"https:\/\/www.cinesouk.ma\/wp-content\/uploads\/2025\/01\/westcost-umbrella.jpg","type":"image\/jpeg"}],"twitter_card":"summary_large_image","twitter_description":"Westcott 7' Parabolic Umbrella 3-Pack Bundle: Achieve soft, even lighting for professional photography and videography. - CineSouk - Marrakech | Morocco","twitter_misc":{"Dur\u00e9e de lecture estim\u00e9e":"2 minutes"},"schema":{"@context":"https:\/\/schema.org","@graph":[{"@type":"WebPage","@id":"https:\/\/www.cinesouk.ma\/product\/westcott-7-parabolic-umbrella-3-pack-bundle\/","url":"https:\/\/www.cinesouk.ma\/product\/westcott-7-parabolic-umbrella-3-pack-bundle\/","name":"For rent - Westcott 7' Parabolic Umbrella 3-Pack Bundle - CineSouk","isPartOf":{"@id":"https:\/\/www.cinesouk.ma\/#website"},"primaryImageOfPage":{"@id":"https:\/\/www.cinesouk.ma\/product\/westcott-7-parabolic-umbrella-3-pack-bundle\/#primaryimage"},"image":{"@id":"https:\/\/www.cinesouk.ma\/product\/westcott-7-parabolic-umbrella-3-pack-bundle\/#primaryimage"},"thumbnailUrl":"https:\/\/www.cinesouk.ma\/wp-content\/uploads\/2025\/01\/westcost-umbrella.jpg","datePublished":"2025-01-31T13:40:42+00:00","dateModified":"2025-08-22T13:28:10+00:00","description":"Westcott 7' Parabolic Umbrella 3-Pack Bundle: Achieve soft, even lighting for professional photography and videography. - Marrakech - CineSouk","breadcrumb":{"@id":"https:\/\/www.cinesouk.ma\/product\/westcott-7-parabolic-umbrella-3-pack-bundle\/#breadcrumb"},"inLanguage":"fr-FR","potentialAction":[{"@type":"ReadAction","target":["https:\/\/www.cinesouk.ma\/product\/westcott-7-parabolic-umbrella-3-pack-bundle\/"]}]},{"@type":"ImageObject","inLanguage":"fr-FR","@id":"https:\/\/www.cinesouk.ma\/product\/westcott-7-parabolic-umbrella-3-pack-bundle\/#primaryimage","url":"https:\/\/www.cinesouk.ma\/wp-content\/uploads\/2025\/01\/westcost-umbrella.jpg","contentUrl":"https:\/\/www.cinesouk.ma\/wp-content\/uploads\/2025\/01\/westcost-umbrella.jpg","width":300,"height":238,"caption":"Westcott 7' Parabolic Umbrella 3-Pack Bundle"},{"@type":"BreadcrumbList","@id":"https:\/\/www.cinesouk.ma\/product\/westcott-7-parabolic-umbrella-3-pack-bundle\/#breadcrumb","itemListElement":[{"@type":"ListItem","position":1,"name":"Home","item":"https:\/\/www.cinesouk.ma\/"},{"@type":"ListItem","position":2,"name":"Shop","item":"https:\/\/www.cinesouk.ma\/shop\/"},{"@type":"ListItem","position":3,"name":"Westcott 7&#8242; Parabolic Umbrella 3-Pack Bundle"}]},{"@type":"WebSite","@id":"https:\/\/www.cinesouk.ma\/#website","url":"https:\/\/www.cinesouk.ma\/","name":"CineSouk","description":"","publisher":{"@id":"https:\/\/www.cinesouk.ma\/#organization"},"potentialAction":[{"@type":"SearchAction","target":{"@type":"EntryPoint","urlTemplate":"https:\/\/www.cinesouk.ma\/?s={search_term_string}"},"query-input":{"@type":"PropertyValueSpecification","valueRequired":true,"valueName":"search_term_string"}}],"inLanguage":"fr-FR"},{"@type":"Organization","@id":"https:\/\/www.cinesouk.ma\/#organization","name":"CineSouk","url":"https:\/\/www.cinesouk.ma\/","logo":{"@type":"ImageObject","inLanguage":"fr-FR","@id":"https:\/\/www.cinesouk.ma\/#\/schema\/logo\/image\/","url":"https:\/\/www.cinesouk.ma\/wp-content\/uploads\/2024\/01\/CineSouk-logo-v01-alpha-alligned-left.png","contentUrl":"https:\/\/www.cinesouk.ma\/wp-content\/uploads\/2024\/01\/CineSouk-logo-v01-alpha-alligned-left.png","width":3204,"height":889,"caption":"CineSouk"},"image":{"@id":"https:\/\/www.cinesouk.ma\/#\/schema\/logo\/image\/"}}]}},"_links":{"self":[{"href":"https:\/\/www.cinesouk.ma\/fr\/wp-json\/wp\/v2\/product\/10287","targetHints":{"allow":["GET"]}}],"collection":[{"href":"https:\/\/www.cinesouk.ma\/fr\/wp-json\/wp\/v2\/product"}],"about":[{"href":"https:\/\/www.cinesouk.ma\/fr\/wp-json\/wp\/v2\/types\/product"}],"wp:featuredmedia":[{"embeddable":true,"href":"https:\/\/www.cinesouk.ma\/fr\/wp-json\/wp\/v2\/media\/10298"}],"wp:attachment":[{"href":"https:\/\/www.cinesouk.ma\/fr\/wp-json\/wp\/v2\/media?parent=10287"}],"wp:term":[{"taxonomy":"product_brand","embeddable":true,"href":"https:\/\/www.cinesouk.ma\/fr\/wp-json\/wp\/v2\/product_brand?post=10287"},{"taxonomy":"product_cat","embeddable":true,"href":"https:\/\/www.cinesouk.ma\/fr\/wp-json\/wp\/v2\/product_cat?post=10287"},{"taxonomy":"product_tag","embeddable":true,"href":"https:\/\/www.cinesouk.ma\/fr\/wp-json\/wp\/v2\/product_tag?post=10287"}],"curies":[{"name":"wp","href":"https:\/\/api.w.org\/{rel}","templated":true}]}}