{"id":1030,"date":"2024-08-20T17:20:29","date_gmt":"2024-08-20T17:20:29","guid":{"rendered":"https:\/\/www.cinesouk.ma\/?post_type=product&#038;p=1030"},"modified":"2025-03-21T10:55:41","modified_gmt":"2025-03-21T10:55:41","slug":"jvc-dt-v20l3g-20-monitor","status":"publish","type":"product","link":"https:\/\/www.cinesouk.ma\/fr\/produit\/jvc-dt-v20l3g-20-monitor\/","title":{"rendered":"JVC DT-V20L3G Moniteur DTV LCD 20 pouces"},"content":{"rendered":"<p>Le JVC DT-V20L3G est un moniteur de diffusion professionnel de haut niveau pour la production vid\u00e9o critique. Il dispose d'un grand \u00e9cran de 20 pouces, d'une pr\u00e9cision des couleurs exceptionnelle et de fonctions avanc\u00e9es. Il garantit un contr\u00f4le pr\u00e9cis et une qualit\u00e9 visuelle in\u00e9gal\u00e9e sur le plateau.<\/p>\n<h3>Caract\u00e9ristiques<\/h3>\n<ul>\n<li class=\"pDetailsBody\">Circuits offrant une faible latence (moins d'une trame)<\/li>\n<li class=\"pDetailsBody\">Surveillance de la forme d'onde avec fonction de sur-niveau<\/li>\n<li class=\"pDetailsBody\">Bornes HD\/SD SDI plaqu\u00e9es or avec audio int\u00e9gr\u00e9<\/li>\n<li class=\"pDetailsBody\">DVI-D avec terminal HDCP<\/li>\n<li class=\"pDetailsBody\">\u00c9cran LCD haute performance<\/li>\n<li class=\"pDetailsBody\">Technologie exclusive de traitement de l'image JVC<\/li>\n<li class=\"pDetailsBody\">Large choix de fonctions de production vid\u00e9o<\/li>\n<li class=\"pDetailsBody\">Commandes du panneau avant faciles \u00e0 utiliser<\/li>\n<li class=\"pDetailsBody\">Support robuste et r\u00e9glable fourni<\/li>\n<li class=\"pDetailsBody\">Mode 1:1 avec HD (1920 x 1080 pixels)<\/li>\n<li class=\"pDetailsBody\">Entr\u00e9e de l'ID de la source par code ASCII<\/li>\n<li class=\"pDetailsBody\">Position de l'information s\u00e9lectionnable<\/li>\n<li class=\"pDetailsBody\">Mode plein \u00e9cran vertical pour le signal SD 4:3<\/li>\n<\/ul>\n<div id=\"Specifications\" class=\"content\">\n<h3>Sp\u00e9cifications du JVC DT-V20L3G<\/h3>\n<div class=\"pDetailsBody\"><b>G\u00e9n\u00e9ralit\u00e9s :<\/b><br \/>\nTaille de l'\u00e9cran : Type 20 format large<br \/>\nFormat : 16:10<\/div>\n<div><\/div>\n<div class=\"pDetailsBody\">\n<p><b>\u00c9cran :<\/b><br \/>\nPanneau LCD : 20\u2033 large, matrice active TFT<br \/>\nTaille effective de l'\u00e9cran (L x H) : 433,4 x 270,9 mm (17-1\/8\u2033 x 10-3\/4<br \/>\nPixels : 1680 x 1050<br \/>\nCouleurs de l'\u00e9cran : 16,77 millions<br \/>\nAngle de vision : 178o (Horizontal<br \/>\nAngle de vue : 178o (Vertical<br \/>\nLuminosit\u00e9 : 470 cd\/m2<br \/>\nRapport de contraste : 700 : 1<br \/>\nTemps de r\u00e9ponse (G \u00e0 G) : 6 ms (TYP)<br \/>\nHorizontal : 31,469 kHz \u00e0 75,000 kHz<br \/>\nVerticale : 48 Hz - 65 Hz<br \/>\nFr\u00e9quence horizontale\/verticale (signaux PC) : En fonction du signal dans la plage de ces<br \/>\nfr\u00e9quences, certains signaux peuvent ne pas \u00eatre affich\u00e9s, ce qui n'est pas le cas de tous les autres signaux.<br \/>\nDans le cas contraire, le message \"Out of range\" s'affiche.<br \/>\nNorme applicable : 3G SDI (Ready) :<br \/>\nSMPTE424M\/SMPTE425M<br \/>\nDUAL LINK HD SDI - SMPTE372M<br \/>\nSDI HD - BTA S-004C, SMPTE292M<br \/>\nSD SDI - ITU-R BT.656 : 525\/625, SMPTE259M : 525<br \/>\nAUDIO INT\u00c9GR\u00c9 - SMPTE299M, SMPTE272M<\/p>\n<p><b>Audio :<\/b><br \/>\nSortie audio : Haut-parleur interne : 1,0 W + 1,0 W<\/p>\n<p><b>L'environnement :<\/b><br \/>\nTemp\u00e9rature de fonctionnement : 5oC \u00e0 35oC (41oF \u00e0 95oF)<br \/>\nHumidit\u00e9 de fonctionnement : 20% \u00e0 80% (sans condensation)<br \/>\nTemp\u00e9rature de stockage : 20oC \u00e0 60oC<\/p>\n<p><b>Puissance :<\/b><br \/>\nExigences en mati\u00e8re d'alimentation : AC 120\/220-240 V, 50\/60 Hz<br \/>\nCourant nominal : 1,00 A (AC 120 V) \/ 0,60 A (AC 220 - 240 V)<\/p>\n<p><b>Taille :<\/b><br \/>\nDimensions (LxHxP) : 477 x 354 x 99 mm sans support<br \/>\nPoids (sans support) : 7,7 kg<br \/>\nPoids (y compris le support) : 10,6 kg<\/p>\n<\/div>\n<\/div>\n<div><\/div>\n<p>Louez le moniteur JVC d\u00e8s maintenant sur <a href=\"https:\/\/www.cinesouk.ma\/fr\">CINESOUK<\/a> - une marque de <a href=\"https:\/\/www.broadway.ma\/\">BROADWAY PRODUCTIONS SARL.<\/a><\/p>","protected":false},"excerpt":{"rendered":"<p>Sp\u00e9cifications<\/p>\n<p><span data-sheets-value=\"{&quot;1&quot;:2,&quot;2&quot;:&quot;Screen size: 24&quot;nAspect Ratio: 16:10nNative esolution: 1920x1200pnContrast ratio: 1500:1nResolution: 2048x1080 \/ 24p nI\/O: 2x 3G-SDI, Dual link&quot;}\" data-sheets-userformat=\"{&quot;2&quot;:13251,&quot;3&quot;:{&quot;1&quot;:0},&quot;4&quot;:{&quot;1&quot;:2,&quot;2&quot;:16777215},&quot;9&quot;:1,&quot;10&quot;:1,&quot;11&quot;:4,&quot;12&quot;:0,&quot;15&quot;:&quot;Helvetica&quot;,&quot;16&quot;:10}\" data-sheets-textstyleruns=\"{&quot;1&quot;:0,&quot;2&quot;:{&quot;5&quot;:1}}\uee10{&quot;1&quot;:13}\uee10{&quot;1&quot;:17,&quot;2&quot;:{&quot;5&quot;:1}}\uee10{&quot;1&quot;:30}\uee10{&quot;1&quot;:37,&quot;2&quot;:{&quot;5&quot;:1}}\uee10{&quot;1&quot;:54}\uee10{&quot;1&quot;:66,&quot;2&quot;:{&quot;5&quot;:1}}\uee10{&quot;1&quot;:80}\uee10{&quot;1&quot;:89,&quot;2&quot;:{&quot;5&quot;:1}}\uee10{&quot;1&quot;:101}\uee10{&quot;1&quot;:118,&quot;2&quot;:{&quot;5&quot;:1}}\uee10{&quot;1&quot;:123}\"><strong>Taille de l'\u00e9cran :<\/strong> 17.3&#8243;<br \/>\n<strong>Rapport d'aspect :<\/strong> 16:9<br \/>\n<strong>R\u00e9solution :<\/strong> 1920x1080p<br \/>\n<strong>Rapport de contraste :<\/strong> 800:1<br \/>\n<strong>E\/S :<\/strong> 2x 3G\/HD\/SD-SDI sur BNC, 1x 3G\/HD\/SD-SDI BNC<br \/>\n<\/span><\/p>","protected":false},"featured_media":1045,"template":"","meta":{"om_disable_all_campaigns":false,"_monsterinsights_skip_tracking":false,"_monsterinsights_sitenote_active":false,"_monsterinsights_sitenote_note":"","_monsterinsights_sitenote_category":0,"_uf_show_specific_survey":0,"_uf_disable_surveys":false},"product_brand":[],"product_cat":[30],"product_tag":[],"class_list":{"0":"post-1030","1":"product","2":"type-product","3":"status-publish","4":"has-post-thumbnail","6":"product_cat-monitors-and-screens-cinesouk","8":"entry","9":"has-media","11":"first","12":"instock","13":"taxable","14":"shipping-taxable","15":"purchasable","16":"product-type-variable","17":"has-product-nav","18":"col","19":"span_1_of_3","20":"owp-content-center","21":"owp-thumbs-layout-horizontal","22":"owp-btn-normal","23":"owp-tabs-layout-horizontal","24":"has-no-thumbnails"},"yoast_head":"<!-- This site is optimized with the Yoast SEO Premium plugin v26.0 (Yoast SEO v26.0) - https:\/\/yoast.com\/wordpress\/plugins\/seo\/ -->\n<title>JVC DT-V20L3G 20-inch LCD DTV Monitor - CineSouk - For rent<\/title>\n<meta name=\"description\" content=\"JVC DT-V20L3G is a 20-inch studio monitor with RGB LED backlighting across the entire IPS panel, 10-bit color resolution, and 10-bit processing.\" \/>\n<meta name=\"robots\" content=\"index, follow, max-snippet:-1, max-image-preview:large, max-video-preview:-1\" \/>\n<link rel=\"canonical\" href=\"https:\/\/www.cinesouk.ma\/fr\/produit\/jvc-dt-v20l3g-20-monitor\/\" \/>\n<meta property=\"og:locale\" content=\"fr_FR\" \/>\n<meta property=\"og:type\" content=\"article\" \/>\n<meta property=\"og:title\" content=\"JVC DT-V20L3G 20-inch LCD DTV Monitor\" \/>\n<meta property=\"og:description\" content=\"JVC DT-V20L3G is a 20-inch studio monitor with RGB LED backlighting across the entire IPS panel, 10-bit color resolution, and 10-bit processing.\" \/>\n<meta property=\"og:url\" content=\"https:\/\/www.cinesouk.ma\/fr\/produit\/jvc-dt-v20l3g-20-monitor\/\" \/>\n<meta property=\"og:site_name\" content=\"CineSouk\" \/>\n<meta property=\"article:modified_time\" content=\"2025-03-21T10:55:41+00:00\" \/>\n<meta property=\"og:image\" content=\"https:\/\/www.cinesouk.ma\/wp-content\/uploads\/2024\/01\/JVC-DT-V17-G15.jpg\" \/>\n\t<meta property=\"og:image:width\" content=\"300\" \/>\n\t<meta property=\"og:image:height\" content=\"238\" \/>\n\t<meta property=\"og:image:type\" content=\"image\/jpeg\" \/>\n<meta name=\"twitter:card\" content=\"summary_large_image\" \/>\n<meta name=\"twitter:description\" content=\"JVC DT-V20L3G is a 20-inch studio monitor with RGB LED backlighting across the entire IPS panel, 10-bit color resolution, and 10-bit processing.\" \/>\n<meta name=\"twitter:label1\" content=\"Dur\u00e9e de lecture estim\u00e9e\" \/>\n\t<meta name=\"twitter:data1\" content=\"2 minutes\" \/>\n<script type=\"application\/ld+json\" class=\"yoast-schema-graph\">{\"@context\":\"https:\/\/schema.org\",\"@graph\":[{\"@type\":\"WebPage\",\"@id\":\"https:\/\/www.cinesouk.ma\/product\/jvc-dt-v20l3g-20-monitor\/\",\"url\":\"https:\/\/www.cinesouk.ma\/product\/jvc-dt-v20l3g-20-monitor\/\",\"name\":\"JVC DT-V20L3G 20-inch LCD DTV Monitor - CineSouk - For rent\",\"isPartOf\":{\"@id\":\"https:\/\/www.cinesouk.ma\/#website\"},\"primaryImageOfPage\":{\"@id\":\"https:\/\/www.cinesouk.ma\/product\/jvc-dt-v20l3g-20-monitor\/#primaryimage\"},\"image\":{\"@id\":\"https:\/\/www.cinesouk.ma\/product\/jvc-dt-v20l3g-20-monitor\/#primaryimage\"},\"thumbnailUrl\":\"https:\/\/www.cinesouk.ma\/wp-content\/uploads\/2024\/01\/JVC-DT-V17-G15.jpg\",\"datePublished\":\"2024-08-20T17:20:29+00:00\",\"dateModified\":\"2025-03-21T10:55:41+00:00\",\"description\":\"JVC DT-V20L3G is a 20-inch studio monitor with RGB LED backlighting across the entire IPS panel, 10-bit color resolution, and 10-bit processing.\",\"breadcrumb\":{\"@id\":\"https:\/\/www.cinesouk.ma\/product\/jvc-dt-v20l3g-20-monitor\/#breadcrumb\"},\"inLanguage\":\"fr-FR\",\"potentialAction\":[{\"@type\":\"ReadAction\",\"target\":[\"https:\/\/www.cinesouk.ma\/product\/jvc-dt-v20l3g-20-monitor\/\"]}]},{\"@type\":\"ImageObject\",\"inLanguage\":\"fr-FR\",\"@id\":\"https:\/\/www.cinesouk.ma\/product\/jvc-dt-v20l3g-20-monitor\/#primaryimage\",\"url\":\"https:\/\/www.cinesouk.ma\/wp-content\/uploads\/2024\/01\/JVC-DT-V17-G15.jpg\",\"contentUrl\":\"https:\/\/www.cinesouk.ma\/wp-content\/uploads\/2024\/01\/JVC-DT-V17-G15.jpg\",\"width\":300,\"height\":238},{\"@type\":\"BreadcrumbList\",\"@id\":\"https:\/\/www.cinesouk.ma\/product\/jvc-dt-v20l3g-20-monitor\/#breadcrumb\",\"itemListElement\":[{\"@type\":\"ListItem\",\"position\":1,\"name\":\"Home\",\"item\":\"https:\/\/www.cinesouk.ma\/\"},{\"@type\":\"ListItem\",\"position\":2,\"name\":\"Shop\",\"item\":\"https:\/\/www.cinesouk.ma\/shop\/\"},{\"@type\":\"ListItem\",\"position\":3,\"name\":\"JVC DT-V20L3G 20-inch LCD DTV Monitor\"}]},{\"@type\":\"WebSite\",\"@id\":\"https:\/\/www.cinesouk.ma\/#website\",\"url\":\"https:\/\/www.cinesouk.ma\/\",\"name\":\"CineSouk\",\"description\":\"\",\"publisher\":{\"@id\":\"https:\/\/www.cinesouk.ma\/#organization\"},\"potentialAction\":[{\"@type\":\"SearchAction\",\"target\":{\"@type\":\"EntryPoint\",\"urlTemplate\":\"https:\/\/www.cinesouk.ma\/?s={search_term_string}\"},\"query-input\":{\"@type\":\"PropertyValueSpecification\",\"valueRequired\":true,\"valueName\":\"search_term_string\"}}],\"inLanguage\":\"fr-FR\"},{\"@type\":\"Organization\",\"@id\":\"https:\/\/www.cinesouk.ma\/#organization\",\"name\":\"CineSouk\",\"url\":\"https:\/\/www.cinesouk.ma\/\",\"logo\":{\"@type\":\"ImageObject\",\"inLanguage\":\"fr-FR\",\"@id\":\"https:\/\/www.cinesouk.ma\/#\/schema\/logo\/image\/\",\"url\":\"https:\/\/www.cinesouk.ma\/wp-content\/uploads\/2024\/01\/CineSouk-logo-v01-alpha-alligned-left.png\",\"contentUrl\":\"https:\/\/www.cinesouk.ma\/wp-content\/uploads\/2024\/01\/CineSouk-logo-v01-alpha-alligned-left.png\",\"width\":3204,\"height\":889,\"caption\":\"CineSouk\"},\"image\":{\"@id\":\"https:\/\/www.cinesouk.ma\/#\/schema\/logo\/image\/\"}}]}<\/script>\n<!-- \/ Yoast SEO Premium plugin. -->","yoast_head_json":{"title":"JVC DT-V20L3G 20-inch LCD DTV Monitor - CineSouk - For rent","description":"JVC DT-V20L3G is a 20-inch studio monitor with RGB LED backlighting across the entire IPS panel, 10-bit color resolution, and 10-bit processing.","robots":{"index":"index","follow":"follow","max-snippet":"max-snippet:-1","max-image-preview":"max-image-preview:large","max-video-preview":"max-video-preview:-1"},"canonical":"https:\/\/www.cinesouk.ma\/fr\/produit\/jvc-dt-v20l3g-20-monitor\/","og_locale":"fr_FR","og_type":"article","og_title":"JVC DT-V20L3G 20-inch LCD DTV Monitor","og_description":"JVC DT-V20L3G is a 20-inch studio monitor with RGB LED backlighting across the entire IPS panel, 10-bit color resolution, and 10-bit processing.","og_url":"https:\/\/www.cinesouk.ma\/fr\/produit\/jvc-dt-v20l3g-20-monitor\/","og_site_name":"CineSouk","article_modified_time":"2025-03-21T10:55:41+00:00","og_image":[{"width":300,"height":238,"url":"https:\/\/www.cinesouk.ma\/wp-content\/uploads\/2024\/01\/JVC-DT-V17-G15.jpg","type":"image\/jpeg"}],"twitter_card":"summary_large_image","twitter_description":"JVC DT-V20L3G is a 20-inch studio monitor with RGB LED backlighting across the entire IPS panel, 10-bit color resolution, and 10-bit processing.","twitter_misc":{"Dur\u00e9e de lecture estim\u00e9e":"2 minutes"},"schema":{"@context":"https:\/\/schema.org","@graph":[{"@type":"WebPage","@id":"https:\/\/www.cinesouk.ma\/product\/jvc-dt-v20l3g-20-monitor\/","url":"https:\/\/www.cinesouk.ma\/product\/jvc-dt-v20l3g-20-monitor\/","name":"JVC DT-V20L3G 20-inch LCD DTV Monitor - CineSouk - For rent","isPartOf":{"@id":"https:\/\/www.cinesouk.ma\/#website"},"primaryImageOfPage":{"@id":"https:\/\/www.cinesouk.ma\/product\/jvc-dt-v20l3g-20-monitor\/#primaryimage"},"image":{"@id":"https:\/\/www.cinesouk.ma\/product\/jvc-dt-v20l3g-20-monitor\/#primaryimage"},"thumbnailUrl":"https:\/\/www.cinesouk.ma\/wp-content\/uploads\/2024\/01\/JVC-DT-V17-G15.jpg","datePublished":"2024-08-20T17:20:29+00:00","dateModified":"2025-03-21T10:55:41+00:00","description":"JVC DT-V20L3G is a 20-inch studio monitor with RGB LED backlighting across the entire IPS panel, 10-bit color resolution, and 10-bit processing.","breadcrumb":{"@id":"https:\/\/www.cinesouk.ma\/product\/jvc-dt-v20l3g-20-monitor\/#breadcrumb"},"inLanguage":"fr-FR","potentialAction":[{"@type":"ReadAction","target":["https:\/\/www.cinesouk.ma\/product\/jvc-dt-v20l3g-20-monitor\/"]}]},{"@type":"ImageObject","inLanguage":"fr-FR","@id":"https:\/\/www.cinesouk.ma\/product\/jvc-dt-v20l3g-20-monitor\/#primaryimage","url":"https:\/\/www.cinesouk.ma\/wp-content\/uploads\/2024\/01\/JVC-DT-V17-G15.jpg","contentUrl":"https:\/\/www.cinesouk.ma\/wp-content\/uploads\/2024\/01\/JVC-DT-V17-G15.jpg","width":300,"height":238},{"@type":"BreadcrumbList","@id":"https:\/\/www.cinesouk.ma\/product\/jvc-dt-v20l3g-20-monitor\/#breadcrumb","itemListElement":[{"@type":"ListItem","position":1,"name":"Home","item":"https:\/\/www.cinesouk.ma\/"},{"@type":"ListItem","position":2,"name":"Shop","item":"https:\/\/www.cinesouk.ma\/shop\/"},{"@type":"ListItem","position":3,"name":"JVC DT-V20L3G 20-inch LCD DTV Monitor"}]},{"@type":"WebSite","@id":"https:\/\/www.cinesouk.ma\/#website","url":"https:\/\/www.cinesouk.ma\/","name":"CineSouk","description":"","publisher":{"@id":"https:\/\/www.cinesouk.ma\/#organization"},"potentialAction":[{"@type":"SearchAction","target":{"@type":"EntryPoint","urlTemplate":"https:\/\/www.cinesouk.ma\/?s={search_term_string}"},"query-input":{"@type":"PropertyValueSpecification","valueRequired":true,"valueName":"search_term_string"}}],"inLanguage":"fr-FR"},{"@type":"Organization","@id":"https:\/\/www.cinesouk.ma\/#organization","name":"CineSouk","url":"https:\/\/www.cinesouk.ma\/","logo":{"@type":"ImageObject","inLanguage":"fr-FR","@id":"https:\/\/www.cinesouk.ma\/#\/schema\/logo\/image\/","url":"https:\/\/www.cinesouk.ma\/wp-content\/uploads\/2024\/01\/CineSouk-logo-v01-alpha-alligned-left.png","contentUrl":"https:\/\/www.cinesouk.ma\/wp-content\/uploads\/2024\/01\/CineSouk-logo-v01-alpha-alligned-left.png","width":3204,"height":889,"caption":"CineSouk"},"image":{"@id":"https:\/\/www.cinesouk.ma\/#\/schema\/logo\/image\/"}}]}},"_links":{"self":[{"href":"https:\/\/www.cinesouk.ma\/fr\/wp-json\/wp\/v2\/product\/1030","targetHints":{"allow":["GET"]}}],"collection":[{"href":"https:\/\/www.cinesouk.ma\/fr\/wp-json\/wp\/v2\/product"}],"about":[{"href":"https:\/\/www.cinesouk.ma\/fr\/wp-json\/wp\/v2\/types\/product"}],"wp:featuredmedia":[{"embeddable":true,"href":"https:\/\/www.cinesouk.ma\/fr\/wp-json\/wp\/v2\/media\/1045"}],"wp:attachment":[{"href":"https:\/\/www.cinesouk.ma\/fr\/wp-json\/wp\/v2\/media?parent=1030"}],"wp:term":[{"taxonomy":"product_brand","embeddable":true,"href":"https:\/\/www.cinesouk.ma\/fr\/wp-json\/wp\/v2\/product_brand?post=1030"},{"taxonomy":"product_cat","embeddable":true,"href":"https:\/\/www.cinesouk.ma\/fr\/wp-json\/wp\/v2\/product_cat?post=1030"},{"taxonomy":"product_tag","embeddable":true,"href":"https:\/\/www.cinesouk.ma\/fr\/wp-json\/wp\/v2\/product_tag?post=1030"}],"curies":[{"name":"wp","href":"https:\/\/api.w.org\/{rel}","templated":true}]}}