{"id":10315,"date":"2025-02-15T13:45:04","date_gmt":"2025-02-15T13:45:04","guid":{"rendered":"https:\/\/www.cinesouk.ma\/?post_type=product&#038;p=10315"},"modified":"2025-08-16T12:16:38","modified_gmt":"2025-08-16T12:16:38","slug":"tetherpro-usb-c-to-usb-female-adapter-extender-4-6m","status":"publish","type":"product","link":"https:\/\/www.cinesouk.ma\/fr\/produit\/tetherpro-usb-c-to-usb-female-adapter-extender-4-6m\/","title":{"rendered":"TetherPro Adaptateur USB-C vers USB femelle (prolongateur) 4,6m"},"content":{"rendered":"<p data-start=\"0\" data-end=\"303\">L'adaptateur (prolongateur) USB-C vers USB femelle de 4,6 m de TetherPro am\u00e9liore l'efficacit\u00e9 de la photographie connect\u00e9e et du transfert de donn\u00e9es pour les professionnels. Con\u00e7u pour les photographes et les vid\u00e9astes, cet adaptateur \u00e9tend la longueur du c\u00e2ble tout en maintenant la vitesse, la stabilit\u00e9 et la performance fiable dans les environnements exigeants.<\/p>\n<h3 data-start=\"305\" data-end=\"324\">Caract\u00e9ristiques principales :<\/h3>\n<ul>\n<li data-start=\"326\" data-end=\"473\"><strong data-start=\"326\" data-end=\"344\">Port\u00e9e \u00e9tendue<\/strong> - La longueur de 4,6 m offre une mobilit\u00e9 accrue, permettant aux photographes de se d\u00e9placer librement sans se soucier des limites du c\u00e2ble.<\/li>\n<li data-start=\"475\" data-end=\"628\"><strong data-start=\"475\" data-end=\"503\">Transfert de donn\u00e9es \u00e0 haut d\u00e9bit<\/strong> - Assure des connexions stables et sans d\u00e9calage pour un transfert d'images en temps r\u00e9el et un flux de travail fluide lors des sessions de prise de vue en tethered.<\/li>\n<li data-start=\"630\" data-end=\"805\"><strong data-start=\"630\" data-end=\"654\">Construction durable<\/strong> - Un blindage renforc\u00e9 emp\u00eache les interf\u00e9rences, r\u00e9duisant les perturbations du signal et garantissant des performances constantes et fiables dans n'importe quel environnement de prise de vue.<\/li>\n<li data-start=\"807\" data-end=\"966\"><strong data-start=\"807\" data-end=\"834\">Compatibilit\u00e9 universelle<\/strong> - Prend en charge les appareils USB-C, notamment les appareils photo, les disques durs externes et les p\u00e9riph\u00e9riques, ce qui en fait un outil polyvalent pour les professionnels.<\/li>\n<li data-start=\"968\" data-end=\"1123\"><strong data-start=\"968\" data-end=\"989\">Connexion s\u00e9curis\u00e9e<\/strong> - Un ajustement serr\u00e9 emp\u00eache toute d\u00e9connexion accidentelle, garantissant une prise de vue ininterrompue et une transmission fiable des donn\u00e9es tout au long des sessions.<\/li>\n<li data-start=\"1125\" data-end=\"1289\"><strong data-start=\"1125\" data-end=\"1149\">Flexibilit\u00e9 accrue<\/strong> - Il fonctionne parfaitement en studio ou sur le terrain, offrant aux photographes une libert\u00e9 de positionnement et un contr\u00f4le cr\u00e9atif optimaux.<\/li>\n<li data-start=\"1291\" data-end=\"1429\"><strong data-start=\"1291\" data-end=\"1313\">Un flux de travail efficace<\/strong> - R\u00e9duit la tension des c\u00e2bles et am\u00e9liore la productivit\u00e9 globale en permettant des mouvements fluides et sans restriction pendant les prises de vue.<\/li>\n<li data-start=\"1431\" data-end=\"1575\"><strong data-start=\"1431\" data-end=\"1451\">Conception optimis\u00e9e<\/strong> - Fabriqu\u00e9 avec des mat\u00e9riaux de premi\u00e8re qualit\u00e9, cet adaptateur garantit la durabilit\u00e9, la long\u00e9vit\u00e9 et des performances optimales pour une utilisation professionnelle.<\/li>\n<\/ul>\n<p data-start=\"1577\" data-end=\"1885\" data-is-last-node=\"\">Que ce soit dans un studio contr\u00f4l\u00e9 ou dans un environnement ext\u00e9rieur au rythme rapide, l'adaptateur USB-C vers USB femelle (Extender) 4,6 m de TetherPro fournit un support essentiel aux photographes et vid\u00e9astes. Cet adaptateur garantit une exp\u00e9rience de prise de vue en tethered transparente, am\u00e9liorant l'efficacit\u00e9, la commodit\u00e9 et la flexibilit\u00e9 cr\u00e9ative.<\/p>\n<p>Louez-le maintenant \u00e0 <a href=\"https:\/\/www.cinesouk.ma\/fr\">CINESOUK<\/a> - une marque de <a href=\"https:\/\/www.broadway.ma\/\">BROADWAY PRODUCTIONS SARL.<\/a><\/p>\n<p>&nbsp;<\/p>\n<p>&nbsp;<\/p>","protected":false},"excerpt":{"rendered":"<h3>Sp\u00e9cifications<\/h3>\n<div class=\"mb-2 flex gap-3 empty:hidden -ml-2\">\n<div class=\"items-center justify-start rounded-xl p-1 flex\">\n<div class=\"flex max-w-full flex-col flex-grow\">\n<div class=\"min-h-8 text-message flex w-full flex-col items-end gap-2 whitespace-normal break-words [.text-message+&amp;]:mt-5\" dir=\"auto\" data-message-author-role=\"assistant\" data-message-id=\"14aa7861-d5b8-427e-a3cc-f5084204f032\" data-message-model-slug=\"gpt-4o\">\n<div class=\"flex w-full flex-col gap-1 empty:hidden first:pt-[3px]\">\n<div class=\"markdown prose w-full break-words dark:prose-invert light\">\n<ul>\n<li data-start=\"82\" data-end=\"103\"><strong data-start=\"84\" data-end=\"95\">Longueur :<\/strong> 4.6 m<\/li>\n<li data-start=\"104\" data-end=\"150\"><strong data-start=\"106\" data-end=\"121\">Connecteurs :<\/strong> USB-C m\u00e2le vers USB-A femelle<\/li>\n<li data-start=\"151\" data-end=\"200\"><strong data-start=\"153\" data-end=\"176\">Taux de transfert de donn\u00e9es :<\/strong> Jusqu'\u00e0 5 Gbps (USB 3.0)<\/li>\n<li data-start=\"201\" data-end=\"289\"><strong data-start=\"203\" data-end=\"221\">Compatibilit\u00e9 :<\/strong> USB 3.0, USB 2.0 et r\u00e9trocompatibilit\u00e9 avec les anciennes versions USB<\/li>\n<li data-start=\"290\" data-end=\"373\"><strong data-start=\"292\" data-end=\"305\">Mat\u00e9riau :<\/strong> Blindage renforc\u00e9 pour une meilleure durabilit\u00e9 et stabilit\u00e9 du signal<\/li>\n<li data-start=\"374\" data-end=\"447\"><strong data-start=\"376\" data-end=\"395\">Alimentation \u00e9lectrique :<\/strong> Prise en charge de la transmission d'\u00e9nergie pour les appareils connect\u00e9s<\/li>\n<li data-start=\"448\" data-end=\"520\"><strong data-start=\"450\" data-end=\"464\">Blindage :<\/strong> Construction \u00e0 double blindage pour minimiser les interf\u00e9rences<\/li>\n<li data-start=\"521\" data-end=\"555\"><strong data-start=\"523\" data-end=\"534\">Poids :<\/strong> Environ 250g<\/li>\n<li data-start=\"556\" data-end=\"624\"><strong data-start=\"558\" data-end=\"568\">Couleur :<\/strong> Orange haute visibilit\u00e9 pour une identification facile sur le plateau<\/li>\n<li data-start=\"625\" data-end=\"724\"><strong data-start=\"627\" data-end=\"637\">Utilisation :<\/strong> Id\u00e9al pour les prises de vue \u00e0 distance, le transfert de donn\u00e9es, les installations en studio et les prises de vue sur place.<\/li>\n<li data-start=\"725\" data-end=\"832\" data-is-last-node=\"\"><strong data-start=\"727\" data-end=\"751\">Caract\u00e9ristiques suppl\u00e9mentaires :<\/strong> R\u00e9duit la perte de signal, conception flexible mais durable, connexion s\u00fbre et fiable<\/li>\n<\/ul>\n<\/div>\n<\/div>\n<\/div>\n<\/div>\n<\/div>\n<\/div>","protected":false},"featured_media":10326,"template":"","meta":{"om_disable_all_campaigns":false,"_monsterinsights_skip_tracking":false,"_monsterinsights_sitenote_active":false,"_monsterinsights_sitenote_note":"","_monsterinsights_sitenote_category":0,"_uf_show_specific_survey":0,"_uf_disable_surveys":false},"product_brand":[],"product_cat":[55,84],"product_tag":[],"class_list":{"0":"post-10315","1":"product","2":"type-product","3":"status-publish","4":"has-post-thumbnail","6":"product_cat-cables-cinesouk","7":"product_cat-dit-cinesouk","9":"entry","10":"has-media","12":"first","13":"instock","14":"taxable","15":"shipping-taxable","16":"purchasable","17":"product-type-variable","18":"has-product-nav","19":"col","20":"span_1_of_3","21":"owp-content-center","22":"owp-thumbs-layout-horizontal","23":"owp-btn-normal","24":"owp-tabs-layout-horizontal","25":"has-no-thumbnails"},"yoast_head":"<!-- This site is optimized with the Yoast SEO Premium plugin v26.0 (Yoast SEO v26.0) - https:\/\/yoast.com\/wordpress\/plugins\/seo\/ -->\n<title>TetherPro USB-C to USB Female Adapter (extender) 4.6m - CineSouk<\/title>\n<meta name=\"description\" content=\"TetherPro USB-C to USB Female Adapter (Extender) 4.6m \u2013 High-speed, durable, and reliable cable extension for seamless tethered photography and data transfer.\" \/>\n<meta name=\"robots\" content=\"index, follow, max-snippet:-1, max-image-preview:large, max-video-preview:-1\" \/>\n<link rel=\"canonical\" href=\"https:\/\/www.cinesouk.ma\/fr\/produit\/tetherpro-usb-c-to-usb-female-adapter-extender-4-6m\/\" \/>\n<meta property=\"og:locale\" content=\"fr_FR\" \/>\n<meta property=\"og:type\" content=\"article\" \/>\n<meta property=\"og:title\" content=\"TetherPro USB-C to USB Female Adapter (extender) 4.6m\" \/>\n<meta property=\"og:description\" content=\"TetherPro USB-C to USB Female Adapter (Extender) 4.6m \u2013 High-speed, durable, and reliable cable extension for seamless tethered photography and data transfer.\" \/>\n<meta property=\"og:url\" content=\"https:\/\/www.cinesouk.ma\/fr\/produit\/tetherpro-usb-c-to-usb-female-adapter-extender-4-6m\/\" \/>\n<meta property=\"og:site_name\" content=\"CineSouk\" \/>\n<meta property=\"article:modified_time\" content=\"2025-08-16T12:16:38+00:00\" \/>\n<meta property=\"og:image\" content=\"https:\/\/www.cinesouk.ma\/wp-content\/uploads\/2025\/02\/Tether-Tools-TetherPro-USB-C-to-USB-Female-Adapter-extender-46m-oranje.jpg\" \/>\n\t<meta property=\"og:image:width\" content=\"300\" \/>\n\t<meta property=\"og:image:height\" content=\"238\" \/>\n\t<meta property=\"og:image:type\" content=\"image\/jpeg\" \/>\n<meta name=\"twitter:card\" content=\"summary_large_image\" \/>\n<meta name=\"twitter:description\" content=\"TetherPro USB-C to USB Female Adapter (Extender) 4.6m \u2013 High-speed, durable, and reliable cable extension for seamless tethered photography and data transfer.\" \/>\n<meta name=\"twitter:image\" content=\"https:\/\/www.cinesouk.ma\/wp-content\/uploads\/2025\/02\/Tether-Tools-TetherPro-USB-C-to-USB-Female-Adapter-extender-46m-oranje.jpg\" \/>\n<meta name=\"twitter:label1\" content=\"Dur\u00e9e de lecture estim\u00e9e\" \/>\n\t<meta name=\"twitter:data1\" content=\"2 minutes\" \/>\n<script type=\"application\/ld+json\" class=\"yoast-schema-graph\">{\"@context\":\"https:\/\/schema.org\",\"@graph\":[{\"@type\":\"WebPage\",\"@id\":\"https:\/\/www.cinesouk.ma\/product\/tetherpro-usb-c-to-usb-female-adapter-extender-4-6m\/\",\"url\":\"https:\/\/www.cinesouk.ma\/product\/tetherpro-usb-c-to-usb-female-adapter-extender-4-6m\/\",\"name\":\"TetherPro USB-C to USB Female Adapter (extender) 4.6m - CineSouk\",\"isPartOf\":{\"@id\":\"https:\/\/www.cinesouk.ma\/#website\"},\"primaryImageOfPage\":{\"@id\":\"https:\/\/www.cinesouk.ma\/product\/tetherpro-usb-c-to-usb-female-adapter-extender-4-6m\/#primaryimage\"},\"image\":{\"@id\":\"https:\/\/www.cinesouk.ma\/product\/tetherpro-usb-c-to-usb-female-adapter-extender-4-6m\/#primaryimage\"},\"thumbnailUrl\":\"https:\/\/www.cinesouk.ma\/wp-content\/uploads\/2025\/02\/Tether-Tools-TetherPro-USB-C-to-USB-Female-Adapter-extender-46m-oranje.jpg\",\"datePublished\":\"2025-02-15T13:45:04+00:00\",\"dateModified\":\"2025-08-16T12:16:38+00:00\",\"description\":\"TetherPro USB-C to USB Female Adapter (Extender) 4.6m \u2013 High-speed, durable, and reliable cable extension for seamless tethered photography and data transfer.\",\"breadcrumb\":{\"@id\":\"https:\/\/www.cinesouk.ma\/product\/tetherpro-usb-c-to-usb-female-adapter-extender-4-6m\/#breadcrumb\"},\"inLanguage\":\"fr-FR\",\"potentialAction\":[{\"@type\":\"ReadAction\",\"target\":[\"https:\/\/www.cinesouk.ma\/product\/tetherpro-usb-c-to-usb-female-adapter-extender-4-6m\/\"]}]},{\"@type\":\"ImageObject\",\"inLanguage\":\"fr-FR\",\"@id\":\"https:\/\/www.cinesouk.ma\/product\/tetherpro-usb-c-to-usb-female-adapter-extender-4-6m\/#primaryimage\",\"url\":\"https:\/\/www.cinesouk.ma\/wp-content\/uploads\/2025\/02\/Tether-Tools-TetherPro-USB-C-to-USB-Female-Adapter-extender-46m-oranje.jpg\",\"contentUrl\":\"https:\/\/www.cinesouk.ma\/wp-content\/uploads\/2025\/02\/Tether-Tools-TetherPro-USB-C-to-USB-Female-Adapter-extender-46m-oranje.jpg\",\"width\":300,\"height\":238,\"caption\":\"Tether Tools TetherPro USB-C to USB Female Adapter (extender) 4,6m\"},{\"@type\":\"BreadcrumbList\",\"@id\":\"https:\/\/www.cinesouk.ma\/product\/tetherpro-usb-c-to-usb-female-adapter-extender-4-6m\/#breadcrumb\",\"itemListElement\":[{\"@type\":\"ListItem\",\"position\":1,\"name\":\"Home\",\"item\":\"https:\/\/www.cinesouk.ma\/\"},{\"@type\":\"ListItem\",\"position\":2,\"name\":\"Shop\",\"item\":\"https:\/\/www.cinesouk.ma\/shop\/\"},{\"@type\":\"ListItem\",\"position\":3,\"name\":\"TetherPro USB-C to USB Female Adapter (extender) 4.6m\"}]},{\"@type\":\"WebSite\",\"@id\":\"https:\/\/www.cinesouk.ma\/#website\",\"url\":\"https:\/\/www.cinesouk.ma\/\",\"name\":\"CineSouk\",\"description\":\"\",\"publisher\":{\"@id\":\"https:\/\/www.cinesouk.ma\/#organization\"},\"potentialAction\":[{\"@type\":\"SearchAction\",\"target\":{\"@type\":\"EntryPoint\",\"urlTemplate\":\"https:\/\/www.cinesouk.ma\/?s={search_term_string}\"},\"query-input\":{\"@type\":\"PropertyValueSpecification\",\"valueRequired\":true,\"valueName\":\"search_term_string\"}}],\"inLanguage\":\"fr-FR\"},{\"@type\":\"Organization\",\"@id\":\"https:\/\/www.cinesouk.ma\/#organization\",\"name\":\"CineSouk\",\"url\":\"https:\/\/www.cinesouk.ma\/\",\"logo\":{\"@type\":\"ImageObject\",\"inLanguage\":\"fr-FR\",\"@id\":\"https:\/\/www.cinesouk.ma\/#\/schema\/logo\/image\/\",\"url\":\"https:\/\/www.cinesouk.ma\/wp-content\/uploads\/2024\/01\/CineSouk-logo-v01-alpha-alligned-left.png\",\"contentUrl\":\"https:\/\/www.cinesouk.ma\/wp-content\/uploads\/2024\/01\/CineSouk-logo-v01-alpha-alligned-left.png\",\"width\":3204,\"height\":889,\"caption\":\"CineSouk\"},\"image\":{\"@id\":\"https:\/\/www.cinesouk.ma\/#\/schema\/logo\/image\/\"}}]}<\/script>\n<!-- \/ Yoast SEO Premium plugin. -->","yoast_head_json":{"title":"TetherPro USB-C to USB Female Adapter (extender) 4.6m - CineSouk","description":"TetherPro USB-C to USB Female Adapter (Extender) 4.6m \u2013 High-speed, durable, and reliable cable extension for seamless tethered photography and data transfer.","robots":{"index":"index","follow":"follow","max-snippet":"max-snippet:-1","max-image-preview":"max-image-preview:large","max-video-preview":"max-video-preview:-1"},"canonical":"https:\/\/www.cinesouk.ma\/fr\/produit\/tetherpro-usb-c-to-usb-female-adapter-extender-4-6m\/","og_locale":"fr_FR","og_type":"article","og_title":"TetherPro USB-C to USB Female Adapter (extender) 4.6m","og_description":"TetherPro USB-C to USB Female Adapter (Extender) 4.6m \u2013 High-speed, durable, and reliable cable extension for seamless tethered photography and data transfer.","og_url":"https:\/\/www.cinesouk.ma\/fr\/produit\/tetherpro-usb-c-to-usb-female-adapter-extender-4-6m\/","og_site_name":"CineSouk","article_modified_time":"2025-08-16T12:16:38+00:00","og_image":[{"width":300,"height":238,"url":"https:\/\/www.cinesouk.ma\/wp-content\/uploads\/2025\/02\/Tether-Tools-TetherPro-USB-C-to-USB-Female-Adapter-extender-46m-oranje.jpg","type":"image\/jpeg"}],"twitter_card":"summary_large_image","twitter_description":"TetherPro USB-C to USB Female Adapter (Extender) 4.6m \u2013 High-speed, durable, and reliable cable extension for seamless tethered photography and data transfer.","twitter_image":"https:\/\/www.cinesouk.ma\/wp-content\/uploads\/2025\/02\/Tether-Tools-TetherPro-USB-C-to-USB-Female-Adapter-extender-46m-oranje.jpg","twitter_misc":{"Dur\u00e9e de lecture estim\u00e9e":"2 minutes"},"schema":{"@context":"https:\/\/schema.org","@graph":[{"@type":"WebPage","@id":"https:\/\/www.cinesouk.ma\/product\/tetherpro-usb-c-to-usb-female-adapter-extender-4-6m\/","url":"https:\/\/www.cinesouk.ma\/product\/tetherpro-usb-c-to-usb-female-adapter-extender-4-6m\/","name":"TetherPro USB-C to USB Female Adapter (extender) 4.6m - CineSouk","isPartOf":{"@id":"https:\/\/www.cinesouk.ma\/#website"},"primaryImageOfPage":{"@id":"https:\/\/www.cinesouk.ma\/product\/tetherpro-usb-c-to-usb-female-adapter-extender-4-6m\/#primaryimage"},"image":{"@id":"https:\/\/www.cinesouk.ma\/product\/tetherpro-usb-c-to-usb-female-adapter-extender-4-6m\/#primaryimage"},"thumbnailUrl":"https:\/\/www.cinesouk.ma\/wp-content\/uploads\/2025\/02\/Tether-Tools-TetherPro-USB-C-to-USB-Female-Adapter-extender-46m-oranje.jpg","datePublished":"2025-02-15T13:45:04+00:00","dateModified":"2025-08-16T12:16:38+00:00","description":"TetherPro USB-C to USB Female Adapter (Extender) 4.6m \u2013 High-speed, durable, and reliable cable extension for seamless tethered photography and data transfer.","breadcrumb":{"@id":"https:\/\/www.cinesouk.ma\/product\/tetherpro-usb-c-to-usb-female-adapter-extender-4-6m\/#breadcrumb"},"inLanguage":"fr-FR","potentialAction":[{"@type":"ReadAction","target":["https:\/\/www.cinesouk.ma\/product\/tetherpro-usb-c-to-usb-female-adapter-extender-4-6m\/"]}]},{"@type":"ImageObject","inLanguage":"fr-FR","@id":"https:\/\/www.cinesouk.ma\/product\/tetherpro-usb-c-to-usb-female-adapter-extender-4-6m\/#primaryimage","url":"https:\/\/www.cinesouk.ma\/wp-content\/uploads\/2025\/02\/Tether-Tools-TetherPro-USB-C-to-USB-Female-Adapter-extender-46m-oranje.jpg","contentUrl":"https:\/\/www.cinesouk.ma\/wp-content\/uploads\/2025\/02\/Tether-Tools-TetherPro-USB-C-to-USB-Female-Adapter-extender-46m-oranje.jpg","width":300,"height":238,"caption":"Tether Tools TetherPro USB-C to USB Female Adapter (extender) 4,6m"},{"@type":"BreadcrumbList","@id":"https:\/\/www.cinesouk.ma\/product\/tetherpro-usb-c-to-usb-female-adapter-extender-4-6m\/#breadcrumb","itemListElement":[{"@type":"ListItem","position":1,"name":"Home","item":"https:\/\/www.cinesouk.ma\/"},{"@type":"ListItem","position":2,"name":"Shop","item":"https:\/\/www.cinesouk.ma\/shop\/"},{"@type":"ListItem","position":3,"name":"TetherPro USB-C to USB Female Adapter (extender) 4.6m"}]},{"@type":"WebSite","@id":"https:\/\/www.cinesouk.ma\/#website","url":"https:\/\/www.cinesouk.ma\/","name":"CineSouk","description":"","publisher":{"@id":"https:\/\/www.cinesouk.ma\/#organization"},"potentialAction":[{"@type":"SearchAction","target":{"@type":"EntryPoint","urlTemplate":"https:\/\/www.cinesouk.ma\/?s={search_term_string}"},"query-input":{"@type":"PropertyValueSpecification","valueRequired":true,"valueName":"search_term_string"}}],"inLanguage":"fr-FR"},{"@type":"Organization","@id":"https:\/\/www.cinesouk.ma\/#organization","name":"CineSouk","url":"https:\/\/www.cinesouk.ma\/","logo":{"@type":"ImageObject","inLanguage":"fr-FR","@id":"https:\/\/www.cinesouk.ma\/#\/schema\/logo\/image\/","url":"https:\/\/www.cinesouk.ma\/wp-content\/uploads\/2024\/01\/CineSouk-logo-v01-alpha-alligned-left.png","contentUrl":"https:\/\/www.cinesouk.ma\/wp-content\/uploads\/2024\/01\/CineSouk-logo-v01-alpha-alligned-left.png","width":3204,"height":889,"caption":"CineSouk"},"image":{"@id":"https:\/\/www.cinesouk.ma\/#\/schema\/logo\/image\/"}}]}},"_links":{"self":[{"href":"https:\/\/www.cinesouk.ma\/fr\/wp-json\/wp\/v2\/product\/10315","targetHints":{"allow":["GET"]}}],"collection":[{"href":"https:\/\/www.cinesouk.ma\/fr\/wp-json\/wp\/v2\/product"}],"about":[{"href":"https:\/\/www.cinesouk.ma\/fr\/wp-json\/wp\/v2\/types\/product"}],"wp:featuredmedia":[{"embeddable":true,"href":"https:\/\/www.cinesouk.ma\/fr\/wp-json\/wp\/v2\/media\/10326"}],"wp:attachment":[{"href":"https:\/\/www.cinesouk.ma\/fr\/wp-json\/wp\/v2\/media?parent=10315"}],"wp:term":[{"taxonomy":"product_brand","embeddable":true,"href":"https:\/\/www.cinesouk.ma\/fr\/wp-json\/wp\/v2\/product_brand?post=10315"},{"taxonomy":"product_cat","embeddable":true,"href":"https:\/\/www.cinesouk.ma\/fr\/wp-json\/wp\/v2\/product_cat?post=10315"},{"taxonomy":"product_tag","embeddable":true,"href":"https:\/\/www.cinesouk.ma\/fr\/wp-json\/wp\/v2\/product_tag?post=10315"}],"curies":[{"name":"wp","href":"https:\/\/api.w.org\/{rel}","templated":true}]}}