{"id":10327,"date":"2025-02-15T14:18:07","date_gmt":"2025-02-15T14:18:07","guid":{"rendered":"https:\/\/www.cinesouk.ma\/?post_type=product&#038;p=10327"},"modified":"2025-08-16T12:16:24","modified_gmt":"2025-08-16T12:16:24","slug":"tetherpro-usb-3-0-to-usb-c-4-6m","status":"publish","type":"product","link":"https:\/\/www.cinesouk.ma\/fr\/produit\/tetherpro-usb-3-0-to-usb-c-4-6m\/","title":{"rendered":"TetherPro USB 3.0 vers USB-C 4.6m"},"content":{"rendered":"<p data-start=\"138\" data-end=\"571\">Le c\u00e2ble TetherPro USB 3.0 vers USB-C de 4,6 m assure une photographie en tethered transparente et un transfert de donn\u00e9es \u00e0 grande vitesse pour les professionnels. Gr\u00e2ce \u00e0 sa connexion solide, il relie les p\u00e9riph\u00e9riques USB 3.0 aux ports USB-C, garantissant des performances fiables dans les studios et les lieux ext\u00e9rieurs. Ce c\u00e2ble durable permet des transferts de fichiers rapides, am\u00e9liorant l'efficacit\u00e9 du flux de travail pour les photographes et les vid\u00e9astes.<\/p>\n<p data-start=\"573\" data-end=\"1055\">En outre, le c\u00e2ble TetherPro USB 3.0 vers USB-C est dot\u00e9 d'un blindage renforc\u00e9, qui aide \u00e0 r\u00e9duire le bruit du signal et \u00e0 pr\u00e9venir les interf\u00e9rences \u00e9lectromagn\u00e9tiques, offrant ainsi des r\u00e9sultats coh\u00e9rents. Avec une longueur \u00e9tendue de 4,6 m\u00e8tres, il permet un plus grand mouvement, en gardant les connexions s\u00e9curis\u00e9es et efficaces pendant les tournages. De plus, sa couleur orange vif le rend facile \u00e0 rep\u00e9rer, ce qui r\u00e9duit consid\u00e9rablement le risque de d\u00e9connexion accidentelle.<\/p>\n<p data-start=\"1057\" data-end=\"1445\">De plus, ce c\u00e2ble prend en charge l'USB 3.0 SuperSpeed, atteignant des vitesses de transfert allant jusqu'\u00e0 5 Gbps, ce qui garantit des transferts d'images haute r\u00e9solution en temps r\u00e9el. Il est parfait pour la prise de vue en tethered, l'acc\u00e8s au stockage externe et les p\u00e9riph\u00e9riques \u00e0 grande vitesse. Gr\u00e2ce \u00e0 son ajustement serr\u00e9, le c\u00e2ble TetherPro garantit une connexion fiable, m\u00eame lors de t\u00e2ches intensives.<\/p>\n<h3 data-start=\"1452\" data-end=\"1474\"><strong data-start=\"1456\" data-end=\"1472\">Caract\u00e9ristiques principales<\/strong><\/h3>\n<ul data-start=\"1476\" data-end=\"2823\">\n<li data-start=\"1476\" data-end=\"1661\"><strong data-start=\"1478\" data-end=\"1507\">Transfert de donn\u00e9es \u00e0 grande vitesse :<\/strong> Prise en charge de l'USB 3.0 SuperSpeed avec des vitesses de transfert de 5 Gbps, garantissant des transferts de fichiers rapides et efficaces pour les photographes et les vid\u00e9astes.<\/li>\n<li data-start=\"1662\" data-end=\"1821\"><strong data-start=\"1664\" data-end=\"1684\">Longueur \u00e9tendue :<\/strong> Le c\u00e2ble de 4,6 m\u00e8tres offre une flexibilit\u00e9 accrue, permettant une plus grande mobilit\u00e9 lors des prises de vue \u00e0 l'attache et des installations en studio.<\/li>\n<li data-start=\"1822\" data-end=\"1975\"><strong data-start=\"1824\" data-end=\"1849\">Blindage renforc\u00e9 :<\/strong> Le blindage \u00e0 double couche emp\u00eache efficacement le bruit du signal, garantissant une connectivit\u00e9 stable et sans interf\u00e9rences.<\/li>\n<li data-start=\"1976\" data-end=\"2118\"><strong data-start=\"1978\" data-end=\"2000\">Connexion s\u00e9curis\u00e9e :<\/strong> L'ajustement parfait garantit une connexion stable, r\u00e9duisant les interruptions pendant les tournages de haute performance.<\/li>\n<li data-start=\"2119\" data-end=\"2266\"><strong data-start=\"2121\" data-end=\"2147\">Couleur haute visibilit\u00e9 :<\/strong> La couleur orange vif permet de le rep\u00e9rer facilement et d'\u00e9viter les d\u00e9connexions accidentelles pendant les prises de vue.<\/li>\n<li data-start=\"2267\" data-end=\"2399\"><strong data-start=\"2269\" data-end=\"2297\">Compatibilit\u00e9 universelle :<\/strong> Fonctionne de mani\u00e8re transparente avec les cam\u00e9ras USB-C, les ordinateurs portables et les autres appareils prenant en charge l'USB 3.0.<\/li>\n<li data-start=\"2400\" data-end=\"2523\"><strong data-start=\"2402\" data-end=\"2429\">Support Power Delivery :<\/strong> Permet la transmission de l'\u00e9nergie, garantissant des performances optimales pour les appareils connect\u00e9s.<\/li>\n<li data-start=\"2524\" data-end=\"2668\"><strong data-start=\"2526\" data-end=\"2551\">Construction durable :<\/strong> Con\u00e7u pour les environnements professionnels, avec une conception flexible et r\u00e9sistante \u00e0 l'enchev\u00eatrement pour une utilisation durable.<\/li>\n<li data-start=\"2669\" data-end=\"2823\"><strong data-start=\"2671\" data-end=\"2703\">Optimis\u00e9 pour les professionnels :<\/strong> Id\u00e9al pour les photographes, les vid\u00e9astes et les cr\u00e9ateurs num\u00e9riques qui ont besoin d'une connectivit\u00e9 fiable et \u00e0 haut d\u00e9bit.<\/li>\n<\/ul>\n<p>Louez-le maintenant \u00e0 <a href=\"https:\/\/www.cinesouk.ma\/fr\">CINESOUK<\/a> - une marque de <a href=\"https:\/\/www.broadway.ma\/\">BROADWAY PRODUCTIONS SARL.<\/a><\/p>\n<p>&nbsp;<\/p>\n<p>&nbsp;<\/p>","protected":false},"excerpt":{"rendered":"<h3>Sp\u00e9cifications<\/h3>\n<div class=\"mb-2 flex gap-3 empty:hidden -ml-2\">\n<div class=\"items-center justify-start rounded-xl p-1 flex\">\n<div class=\"flex max-w-full flex-col flex-grow\">\n<div class=\"min-h-8 text-message flex w-full flex-col items-end gap-2 whitespace-normal break-words [.text-message+&amp;]:mt-5\" dir=\"auto\" data-message-author-role=\"assistant\" data-message-id=\"14aa7861-d5b8-427e-a3cc-f5084204f032\" data-message-model-slug=\"gpt-4o\">\n<div class=\"flex w-full flex-col gap-1 empty:hidden first:pt-[3px]\">\n<div class=\"markdown prose w-full break-words dark:prose-invert light\">\n<ul>\n<li data-start=\"2456\" data-end=\"2477\"><strong data-start=\"2458\" data-end=\"2469\">Longueur :<\/strong> 4.6 m<\/li>\n<li data-start=\"2478\" data-end=\"2531\"><strong data-start=\"2480\" data-end=\"2495\">Connecteurs :<\/strong> USB 3.0 Type-A m\u00e2le vers USB-C m\u00e2le<\/li>\n<li data-start=\"2532\" data-end=\"2592\"><strong data-start=\"2534\" data-end=\"2557\">Taux de transfert de donn\u00e9es :<\/strong> Jusqu'\u00e0 5 Gbps (USB 3.0 SuperSpeed)<\/li>\n<li data-start=\"2593\" data-end=\"2681\"><strong data-start=\"2595\" data-end=\"2613\">Compatibilit\u00e9 :<\/strong> Fonctionne avec les cam\u00e9ras USB-C, les ordinateurs portables et les appareils prenant en charge l'USB 3.0<\/li>\n<li data-start=\"2682\" data-end=\"2761\"><strong data-start=\"2684\" data-end=\"2697\">Mat\u00e9riau :<\/strong> Blindage renforc\u00e9 pour \u00e9viter le bruit du signal et les interf\u00e9rences<\/li>\n<li data-start=\"2762\" data-end=\"2835\"><strong data-start=\"2764\" data-end=\"2783\">Alimentation \u00e9lectrique :<\/strong> Prise en charge de la transmission d'\u00e9nergie pour les appareils connect\u00e9s<\/li>\n<li data-start=\"2836\" data-end=\"2907\"><strong data-start=\"2838\" data-end=\"2852\">Blindage :<\/strong> Protection double couche pour des performances constantes<\/li>\n<li data-start=\"2908\" data-end=\"2942\"><strong data-start=\"2910\" data-end=\"2921\">Poids :<\/strong> Environ 270 g<\/li>\n<li data-start=\"2943\" data-end=\"3038\"><strong data-start=\"2945\" data-end=\"2955\">Couleur :<\/strong> Orange haute visibilit\u00e9 pour une identification rapide en studio et sur le terrain<\/li>\n<li data-start=\"3039\" data-end=\"3134\"><strong data-start=\"3041\" data-end=\"3051\">Utilisation :<\/strong> Id\u00e9al pour la photographie en r\u00e9seau, le transfert de donn\u00e9es \u00e0 grande vitesse et les connexions stables.<\/li>\n<li data-start=\"3135\" data-end=\"3236\"><strong data-start=\"3137\" data-end=\"3161\">Caract\u00e9ristiques suppl\u00e9mentaires :<\/strong> Connexion s\u00e9curis\u00e9e, conception flexible, optimis\u00e9e pour les flux de travail professionnels<\/li>\n<\/ul>\n<\/div>\n<\/div>\n<\/div>\n<\/div>\n<\/div>\n<\/div>","protected":false},"featured_media":10338,"template":"","meta":{"om_disable_all_campaigns":false,"_monsterinsights_skip_tracking":false,"_monsterinsights_sitenote_active":false,"_monsterinsights_sitenote_note":"","_monsterinsights_sitenote_category":0,"_uf_show_specific_survey":0,"_uf_disable_surveys":false},"product_brand":[],"product_cat":[55,84],"product_tag":[],"class_list":{"0":"post-10327","1":"product","2":"type-product","3":"status-publish","4":"has-post-thumbnail","6":"product_cat-cables-cinesouk","7":"product_cat-dit-cinesouk","9":"entry","10":"has-media","12":"first","13":"instock","14":"taxable","15":"shipping-taxable","16":"purchasable","17":"product-type-variable","18":"has-product-nav","19":"col","20":"span_1_of_3","21":"owp-content-center","22":"owp-thumbs-layout-horizontal","23":"owp-btn-normal","24":"owp-tabs-layout-horizontal","25":"has-no-thumbnails"},"yoast_head":"<!-- This site is optimized with the Yoast SEO Premium plugin v26.0 (Yoast SEO v26.0) - https:\/\/yoast.com\/wordpress\/plugins\/seo\/ -->\n<title>TetherPro USB 3.0 to USB-C 4.6m - CineSouk<\/title>\n<meta name=\"description\" content=\"TetherPro USB 3.0 to USB-C 4.6m: High-speed data transfer cable for tethered photography, offering 5Gbps speeds, reinforced shielding, and professional-grade durability.\" \/>\n<meta name=\"robots\" content=\"index, follow, max-snippet:-1, max-image-preview:large, max-video-preview:-1\" \/>\n<link rel=\"canonical\" href=\"https:\/\/www.cinesouk.ma\/fr\/produit\/tetherpro-usb-3-0-to-usb-c-4-6m\/\" \/>\n<meta property=\"og:locale\" content=\"fr_FR\" \/>\n<meta property=\"og:type\" content=\"article\" \/>\n<meta property=\"og:title\" content=\"TetherPro USB 3.0 to USB-C 4.6m\" \/>\n<meta property=\"og:description\" content=\"TetherPro USB-C to USB Female Adapter (Extender) 4.6m \u2013 High-speed, durable, and reliable cable extension for seamless tethered photography and data transfer.\" \/>\n<meta property=\"og:url\" content=\"https:\/\/www.cinesouk.ma\/fr\/produit\/tetherpro-usb-3-0-to-usb-c-4-6m\/\" \/>\n<meta property=\"og:site_name\" content=\"CineSouk\" \/>\n<meta property=\"article:modified_time\" content=\"2025-08-16T12:16:24+00:00\" \/>\n<meta property=\"og:image\" content=\"https:\/\/www.cinesouk.ma\/wp-content\/uploads\/2025\/02\/Tether-Tools-TetherPro-USB-3.0-to-USB-C-46m-oranje.jpg\" \/>\n\t<meta property=\"og:image:width\" content=\"300\" \/>\n\t<meta property=\"og:image:height\" content=\"238\" \/>\n\t<meta property=\"og:image:type\" content=\"image\/jpeg\" \/>\n<meta name=\"twitter:card\" content=\"summary_large_image\" \/>\n<meta name=\"twitter:description\" content=\"TetherPro USB-C to USB Female Adapter (Extender) 4.6m \u2013 High-speed, durable, and reliable cable extension for seamless tethered photography and data transfer.\" \/>\n<meta name=\"twitter:image\" content=\"https:\/\/www.cinesouk.ma\/wp-content\/uploads\/2025\/02\/Tether-Tools-TetherPro-USB-3.0-to-USB-C-46m-oranje.jpg\" \/>\n<meta name=\"twitter:label1\" content=\"Dur\u00e9e de lecture estim\u00e9e\" \/>\n\t<meta name=\"twitter:data1\" content=\"2 minutes\" \/>\n<script type=\"application\/ld+json\" class=\"yoast-schema-graph\">{\"@context\":\"https:\/\/schema.org\",\"@graph\":[{\"@type\":\"WebPage\",\"@id\":\"https:\/\/www.cinesouk.ma\/product\/tetherpro-usb-3-0-to-usb-c-4-6m\/\",\"url\":\"https:\/\/www.cinesouk.ma\/product\/tetherpro-usb-3-0-to-usb-c-4-6m\/\",\"name\":\"TetherPro USB 3.0 to USB-C 4.6m - CineSouk\",\"isPartOf\":{\"@id\":\"https:\/\/www.cinesouk.ma\/#website\"},\"primaryImageOfPage\":{\"@id\":\"https:\/\/www.cinesouk.ma\/product\/tetherpro-usb-3-0-to-usb-c-4-6m\/#primaryimage\"},\"image\":{\"@id\":\"https:\/\/www.cinesouk.ma\/product\/tetherpro-usb-3-0-to-usb-c-4-6m\/#primaryimage\"},\"thumbnailUrl\":\"https:\/\/www.cinesouk.ma\/wp-content\/uploads\/2025\/02\/Tether-Tools-TetherPro-USB-3.0-to-USB-C-46m-oranje.jpg\",\"datePublished\":\"2025-02-15T14:18:07+00:00\",\"dateModified\":\"2025-08-16T12:16:24+00:00\",\"description\":\"TetherPro USB 3.0 to USB-C 4.6m: High-speed data transfer cable for tethered photography, offering 5Gbps speeds, reinforced shielding, and professional-grade durability.\",\"breadcrumb\":{\"@id\":\"https:\/\/www.cinesouk.ma\/product\/tetherpro-usb-3-0-to-usb-c-4-6m\/#breadcrumb\"},\"inLanguage\":\"fr-FR\",\"potentialAction\":[{\"@type\":\"ReadAction\",\"target\":[\"https:\/\/www.cinesouk.ma\/product\/tetherpro-usb-3-0-to-usb-c-4-6m\/\"]}]},{\"@type\":\"ImageObject\",\"inLanguage\":\"fr-FR\",\"@id\":\"https:\/\/www.cinesouk.ma\/product\/tetherpro-usb-3-0-to-usb-c-4-6m\/#primaryimage\",\"url\":\"https:\/\/www.cinesouk.ma\/wp-content\/uploads\/2025\/02\/Tether-Tools-TetherPro-USB-3.0-to-USB-C-46m-oranje.jpg\",\"contentUrl\":\"https:\/\/www.cinesouk.ma\/wp-content\/uploads\/2025\/02\/Tether-Tools-TetherPro-USB-3.0-to-USB-C-46m-oranje.jpg\",\"width\":300,\"height\":238,\"caption\":\"Tether Tools TetherPro USB 3.0 to USB-C 4,6m\"},{\"@type\":\"BreadcrumbList\",\"@id\":\"https:\/\/www.cinesouk.ma\/product\/tetherpro-usb-3-0-to-usb-c-4-6m\/#breadcrumb\",\"itemListElement\":[{\"@type\":\"ListItem\",\"position\":1,\"name\":\"Home\",\"item\":\"https:\/\/www.cinesouk.ma\/\"},{\"@type\":\"ListItem\",\"position\":2,\"name\":\"Shop\",\"item\":\"https:\/\/www.cinesouk.ma\/shop\/\"},{\"@type\":\"ListItem\",\"position\":3,\"name\":\"TetherPro USB 3.0 to USB-C 4.6m\"}]},{\"@type\":\"WebSite\",\"@id\":\"https:\/\/www.cinesouk.ma\/#website\",\"url\":\"https:\/\/www.cinesouk.ma\/\",\"name\":\"CineSouk\",\"description\":\"\",\"publisher\":{\"@id\":\"https:\/\/www.cinesouk.ma\/#organization\"},\"potentialAction\":[{\"@type\":\"SearchAction\",\"target\":{\"@type\":\"EntryPoint\",\"urlTemplate\":\"https:\/\/www.cinesouk.ma\/?s={search_term_string}\"},\"query-input\":{\"@type\":\"PropertyValueSpecification\",\"valueRequired\":true,\"valueName\":\"search_term_string\"}}],\"inLanguage\":\"fr-FR\"},{\"@type\":\"Organization\",\"@id\":\"https:\/\/www.cinesouk.ma\/#organization\",\"name\":\"CineSouk\",\"url\":\"https:\/\/www.cinesouk.ma\/\",\"logo\":{\"@type\":\"ImageObject\",\"inLanguage\":\"fr-FR\",\"@id\":\"https:\/\/www.cinesouk.ma\/#\/schema\/logo\/image\/\",\"url\":\"https:\/\/www.cinesouk.ma\/wp-content\/uploads\/2024\/01\/CineSouk-logo-v01-alpha-alligned-left.png\",\"contentUrl\":\"https:\/\/www.cinesouk.ma\/wp-content\/uploads\/2024\/01\/CineSouk-logo-v01-alpha-alligned-left.png\",\"width\":3204,\"height\":889,\"caption\":\"CineSouk\"},\"image\":{\"@id\":\"https:\/\/www.cinesouk.ma\/#\/schema\/logo\/image\/\"}}]}<\/script>\n<!-- \/ Yoast SEO Premium plugin. -->","yoast_head_json":{"title":"TetherPro USB 3.0 to USB-C 4.6m - CineSouk","description":"TetherPro USB 3.0 to USB-C 4.6m: High-speed data transfer cable for tethered photography, offering 5Gbps speeds, reinforced shielding, and professional-grade durability.","robots":{"index":"index","follow":"follow","max-snippet":"max-snippet:-1","max-image-preview":"max-image-preview:large","max-video-preview":"max-video-preview:-1"},"canonical":"https:\/\/www.cinesouk.ma\/fr\/produit\/tetherpro-usb-3-0-to-usb-c-4-6m\/","og_locale":"fr_FR","og_type":"article","og_title":"TetherPro USB 3.0 to USB-C 4.6m","og_description":"TetherPro USB-C to USB Female Adapter (Extender) 4.6m \u2013 High-speed, durable, and reliable cable extension for seamless tethered photography and data transfer.","og_url":"https:\/\/www.cinesouk.ma\/fr\/produit\/tetherpro-usb-3-0-to-usb-c-4-6m\/","og_site_name":"CineSouk","article_modified_time":"2025-08-16T12:16:24+00:00","og_image":[{"width":300,"height":238,"url":"https:\/\/www.cinesouk.ma\/wp-content\/uploads\/2025\/02\/Tether-Tools-TetherPro-USB-3.0-to-USB-C-46m-oranje.jpg","type":"image\/jpeg"}],"twitter_card":"summary_large_image","twitter_description":"TetherPro USB-C to USB Female Adapter (Extender) 4.6m \u2013 High-speed, durable, and reliable cable extension for seamless tethered photography and data transfer.","twitter_image":"https:\/\/www.cinesouk.ma\/wp-content\/uploads\/2025\/02\/Tether-Tools-TetherPro-USB-3.0-to-USB-C-46m-oranje.jpg","twitter_misc":{"Dur\u00e9e de lecture estim\u00e9e":"2 minutes"},"schema":{"@context":"https:\/\/schema.org","@graph":[{"@type":"WebPage","@id":"https:\/\/www.cinesouk.ma\/product\/tetherpro-usb-3-0-to-usb-c-4-6m\/","url":"https:\/\/www.cinesouk.ma\/product\/tetherpro-usb-3-0-to-usb-c-4-6m\/","name":"TetherPro USB 3.0 to USB-C 4.6m - CineSouk","isPartOf":{"@id":"https:\/\/www.cinesouk.ma\/#website"},"primaryImageOfPage":{"@id":"https:\/\/www.cinesouk.ma\/product\/tetherpro-usb-3-0-to-usb-c-4-6m\/#primaryimage"},"image":{"@id":"https:\/\/www.cinesouk.ma\/product\/tetherpro-usb-3-0-to-usb-c-4-6m\/#primaryimage"},"thumbnailUrl":"https:\/\/www.cinesouk.ma\/wp-content\/uploads\/2025\/02\/Tether-Tools-TetherPro-USB-3.0-to-USB-C-46m-oranje.jpg","datePublished":"2025-02-15T14:18:07+00:00","dateModified":"2025-08-16T12:16:24+00:00","description":"TetherPro USB 3.0 to USB-C 4.6m: High-speed data transfer cable for tethered photography, offering 5Gbps speeds, reinforced shielding, and professional-grade durability.","breadcrumb":{"@id":"https:\/\/www.cinesouk.ma\/product\/tetherpro-usb-3-0-to-usb-c-4-6m\/#breadcrumb"},"inLanguage":"fr-FR","potentialAction":[{"@type":"ReadAction","target":["https:\/\/www.cinesouk.ma\/product\/tetherpro-usb-3-0-to-usb-c-4-6m\/"]}]},{"@type":"ImageObject","inLanguage":"fr-FR","@id":"https:\/\/www.cinesouk.ma\/product\/tetherpro-usb-3-0-to-usb-c-4-6m\/#primaryimage","url":"https:\/\/www.cinesouk.ma\/wp-content\/uploads\/2025\/02\/Tether-Tools-TetherPro-USB-3.0-to-USB-C-46m-oranje.jpg","contentUrl":"https:\/\/www.cinesouk.ma\/wp-content\/uploads\/2025\/02\/Tether-Tools-TetherPro-USB-3.0-to-USB-C-46m-oranje.jpg","width":300,"height":238,"caption":"Tether Tools TetherPro USB 3.0 to USB-C 4,6m"},{"@type":"BreadcrumbList","@id":"https:\/\/www.cinesouk.ma\/product\/tetherpro-usb-3-0-to-usb-c-4-6m\/#breadcrumb","itemListElement":[{"@type":"ListItem","position":1,"name":"Home","item":"https:\/\/www.cinesouk.ma\/"},{"@type":"ListItem","position":2,"name":"Shop","item":"https:\/\/www.cinesouk.ma\/shop\/"},{"@type":"ListItem","position":3,"name":"TetherPro USB 3.0 to USB-C 4.6m"}]},{"@type":"WebSite","@id":"https:\/\/www.cinesouk.ma\/#website","url":"https:\/\/www.cinesouk.ma\/","name":"CineSouk","description":"","publisher":{"@id":"https:\/\/www.cinesouk.ma\/#organization"},"potentialAction":[{"@type":"SearchAction","target":{"@type":"EntryPoint","urlTemplate":"https:\/\/www.cinesouk.ma\/?s={search_term_string}"},"query-input":{"@type":"PropertyValueSpecification","valueRequired":true,"valueName":"search_term_string"}}],"inLanguage":"fr-FR"},{"@type":"Organization","@id":"https:\/\/www.cinesouk.ma\/#organization","name":"CineSouk","url":"https:\/\/www.cinesouk.ma\/","logo":{"@type":"ImageObject","inLanguage":"fr-FR","@id":"https:\/\/www.cinesouk.ma\/#\/schema\/logo\/image\/","url":"https:\/\/www.cinesouk.ma\/wp-content\/uploads\/2024\/01\/CineSouk-logo-v01-alpha-alligned-left.png","contentUrl":"https:\/\/www.cinesouk.ma\/wp-content\/uploads\/2024\/01\/CineSouk-logo-v01-alpha-alligned-left.png","width":3204,"height":889,"caption":"CineSouk"},"image":{"@id":"https:\/\/www.cinesouk.ma\/#\/schema\/logo\/image\/"}}]}},"_links":{"self":[{"href":"https:\/\/www.cinesouk.ma\/fr\/wp-json\/wp\/v2\/product\/10327","targetHints":{"allow":["GET"]}}],"collection":[{"href":"https:\/\/www.cinesouk.ma\/fr\/wp-json\/wp\/v2\/product"}],"about":[{"href":"https:\/\/www.cinesouk.ma\/fr\/wp-json\/wp\/v2\/types\/product"}],"wp:featuredmedia":[{"embeddable":true,"href":"https:\/\/www.cinesouk.ma\/fr\/wp-json\/wp\/v2\/media\/10338"}],"wp:attachment":[{"href":"https:\/\/www.cinesouk.ma\/fr\/wp-json\/wp\/v2\/media?parent=10327"}],"wp:term":[{"taxonomy":"product_brand","embeddable":true,"href":"https:\/\/www.cinesouk.ma\/fr\/wp-json\/wp\/v2\/product_brand?post=10327"},{"taxonomy":"product_cat","embeddable":true,"href":"https:\/\/www.cinesouk.ma\/fr\/wp-json\/wp\/v2\/product_cat?post=10327"},{"taxonomy":"product_tag","embeddable":true,"href":"https:\/\/www.cinesouk.ma\/fr\/wp-json\/wp\/v2\/product_tag?post=10327"}],"curies":[{"name":"wp","href":"https:\/\/api.w.org\/{rel}","templated":true}]}}