{"id":10339,"date":"2025-02-17T14:47:55","date_gmt":"2025-02-17T14:47:55","guid":{"rendered":"https:\/\/www.cinesouk.ma\/?post_type=product&#038;p=10339"},"modified":"2025-08-16T12:16:10","modified_gmt":"2025-08-16T12:16:10","slug":"tetherpro-usb-3-0-active-extension-cable-5m","status":"publish","type":"product","link":"https:\/\/www.cinesouk.ma\/fr\/produit\/tetherpro-usb-3-0-active-extension-cable-5m\/","title":{"rendered":"TetherPro USB 3.0 Active Extension Cable 5m"},"content":{"rendered":"<p data-start=\"55\" data-end=\"441\">Le TetherPro USB 3.0 Active Extension Cable 5m offre une solution fiable et performante pour \u00e9tendre les connexions USB sans perte de vitesse ou de stabilit\u00e9. Gr\u00e2ce \u00e0 sa technologie de renforcement actif du signal, il assure des transferts de donn\u00e9es rapides sur de longues distances, garantissant une connectivit\u00e9 sans faille pour les photographes, les vid\u00e9astes et les cr\u00e9ateurs num\u00e9riques.<\/p>\n<p data-start=\"443\" data-end=\"863\">En outre, ce c\u00e2ble prend en charge l'USB 3.0 SuperSpeed, atteignant des vitesses de transfert allant jusqu'\u00e0 5 Gbps, ce qui le rend parfait pour la prise de vue en tethered, l'acc\u00e8s au stockage externe et les p\u00e9riph\u00e9riques \u00e0 grande vitesse. De plus, la puce active int\u00e9gr\u00e9e emp\u00eache la d\u00e9gradation du signal, ce qui permet de conserver les donn\u00e9es intactes et sans interf\u00e9rences. Cette caract\u00e9ristique garantit des performances constantes, m\u00eame en cas d'utilisation de c\u00e2bles plus longs.<\/p>\n<p data-start=\"865\" data-end=\"1283\">Gr\u00e2ce \u00e0 sa construction durable, ce c\u00e2ble d'extension r\u00e9siste \u00e0 une utilisation fr\u00e9quente, ce qui le rend id\u00e9al pour les tournages en studio et sur site. De plus, sa longueur de 5 m\u00e8tres offre une plus grande flexibilit\u00e9, facilitant l'installation des \u00e9quipements sans compromettre la qualit\u00e9 de la connexion. La fixation s\u00fbre garantit que les appareils restent connect\u00e9s, r\u00e9duisant ainsi les d\u00e9connexions accidentelles pendant les t\u00e2ches critiques.<\/p>\n<h3 data-start=\"1285\" data-end=\"1307\"><strong data-start=\"1289\" data-end=\"1305\">Caract\u00e9ristiques principales<\/strong><\/h3>\n<ul data-start=\"1309\" data-end=\"2445\">\n<li data-start=\"1309\" data-end=\"1459\"><strong data-start=\"1311\" data-end=\"1330\">Port\u00e9e \u00e9tendue :<\/strong> La longueur du c\u00e2ble est de 5 m\u00e8tres, ce qui permet une plus grande flexibilit\u00e9 pour les prises de vue \u00e0 l'aide d'un c\u00e2ble et les installations professionnelles.<\/li>\n<li data-start=\"1460\" data-end=\"1605\"><strong data-start=\"1462\" data-end=\"1491\">Transfert de donn\u00e9es \u00e0 grande vitesse :<\/strong> Prise en charge de l'USB 3.0 SuperSpeed avec des vitesses de transfert de 5 Gbps, garantissant des transferts de fichiers rapides et efficaces.<\/li>\n<li data-start=\"1606\" data-end=\"1754\"><strong data-start=\"1608\" data-end=\"1635\">Renforcement actif du signal :<\/strong> La puce active int\u00e9gr\u00e9e emp\u00eache la perte de signal, ce qui permet de maintenir des performances fiables sur de longues distances.<\/li>\n<li data-start=\"1755\" data-end=\"1893\"><strong data-start=\"1757\" data-end=\"1779\">Connexion s\u00e9curis\u00e9e :<\/strong> L'ajustement parfait garantit une connexion stable, r\u00e9duisant les interruptions pendant les t\u00e2ches de haute performance.<\/li>\n<li data-start=\"1894\" data-end=\"2033\"><strong data-start=\"1896\" data-end=\"1921\">Construction durable :<\/strong> Con\u00e7u pour les environnements professionnels, il est dot\u00e9 d'un design r\u00e9sistant \u00e0 l'enchev\u00eatrement pour une utilisation durable.<\/li>\n<li data-start=\"2034\" data-end=\"2160\"><strong data-start=\"2036\" data-end=\"2064\">Compatibilit\u00e9 universelle :<\/strong> Fonctionne avec les cam\u00e9ras, disques durs, imprimantes et autres p\u00e9riph\u00e9riques USB 3.0.<\/li>\n<li data-start=\"2161\" data-end=\"2284\"><strong data-start=\"2163\" data-end=\"2188\">Conception pr\u00eate \u00e0 l'emploi :<\/strong> Aucun pilote ou adaptateur \u00e9lectrique suppl\u00e9mentaire n'est n\u00e9cessaire, ce qui rend l'installation rapide et sans souci.<\/li>\n<li data-start=\"2285\" data-end=\"2445\"><strong data-start=\"2287\" data-end=\"2319\">Optimis\u00e9 pour les professionnels :<\/strong> Id\u00e9al pour les photographes, les vid\u00e9astes et les cr\u00e9ateurs num\u00e9riques qui ont besoin d'une connectivit\u00e9 USB haute vitesse \u00e9tendue.<\/li>\n<\/ul>\n<p>Louez-le maintenant \u00e0 <a href=\"https:\/\/www.cinesouk.ma\/fr\">CINESOUK<\/a> - une marque de <a href=\"https:\/\/www.broadway.ma\/\">BROADWAY PRODUCTIONS SARL.<\/a><\/p>\n<p>&nbsp;<\/p>\n<p>&nbsp;<\/p>","protected":false},"excerpt":{"rendered":"<h3>Sp\u00e9cifications<\/h3>\n<div class=\"mb-2 flex gap-3 empty:hidden -ml-2\">\n<div class=\"items-center justify-start rounded-xl p-1 flex\">\n<div class=\"flex max-w-full flex-col flex-grow\">\n<div class=\"min-h-8 text-message flex w-full flex-col items-end gap-2 whitespace-normal break-words [.text-message+&amp;]:mt-5\" dir=\"auto\" data-message-author-role=\"assistant\" data-message-id=\"14aa7861-d5b8-427e-a3cc-f5084204f032\" data-message-model-slug=\"gpt-4o\">\n<div class=\"flex w-full flex-col gap-1 empty:hidden first:pt-[3px]\">\n<div class=\"markdown prose w-full break-words dark:prose-invert light\">\n<ul>\n<li data-start=\"26\" data-end=\"50\"><strong data-start=\"28\" data-end=\"39\">Longueur :<\/strong> 5 m\u00e8tres<\/li>\n<li data-start=\"51\" data-end=\"119\"><strong data-start=\"53\" data-end=\"72\">Type de connecteur :<\/strong> USB 3.0 Type-A m\u00e2le vers USB 3.0 Type-A femelle<\/li>\n<li data-start=\"120\" data-end=\"181\"><strong data-start=\"122\" data-end=\"146\">Vitesse de transfert des donn\u00e9es :<\/strong> Jusqu'\u00e0 5 Gbps (SuperSpeed USB 3.0)<\/li>\n<li data-start=\"182\" data-end=\"288\"><strong data-start=\"184\" data-end=\"204\">Renforcement du signal :<\/strong> R\u00e9p\u00e9teur actif int\u00e9gr\u00e9 pour maintenir un transfert de donn\u00e9es stable sur de longues distances<\/li>\n<li data-start=\"289\" data-end=\"351\"><strong data-start=\"291\" data-end=\"308\">Source d'alimentation :<\/strong> Alimentation par bus (aucune alimentation externe n'est n\u00e9cessaire)<\/li>\n<li data-start=\"352\" data-end=\"439\"><strong data-start=\"354\" data-end=\"372\">Compatibilit\u00e9 :<\/strong> USB 3.0 et r\u00e9trocompatibilit\u00e9 avec les dispositifs USB 2.0 et USB 1.1<\/li>\n<li data-start=\"440\" data-end=\"531\"><strong data-start=\"442\" data-end=\"459\">Construction :<\/strong> Blindage renforc\u00e9 pour r\u00e9duire les interf\u00e9rences et am\u00e9liorer la durabilit\u00e9<\/li>\n<li data-start=\"532\" data-end=\"597\"><strong data-start=\"534\" data-end=\"552\">Plug-and-Play :<\/strong> Aucun pilote ou logiciel suppl\u00e9mentaire n'est n\u00e9cessaire<\/li>\n<li data-start=\"598\" data-end=\"699\"><strong data-start=\"600\" data-end=\"610\">Utilisation :<\/strong> Id\u00e9al pour les prises de vue en r\u00e9seau, les disques durs externes, les imprimantes et autres p\u00e9riph\u00e9riques USB.<\/li>\n<li data-start=\"700\" data-end=\"768\"><strong data-start=\"702\" data-end=\"712\">Couleur :<\/strong> Orange haute visibilit\u00e9 pour une identification facile sur le plateau<\/li>\n<li data-start=\"769\" data-end=\"846\"><strong data-start=\"771\" data-end=\"782\">Poids :<\/strong> L\u00e9ger et flexible pour un transport et un stockage pratiques<\/li>\n<\/ul>\n<\/div>\n<\/div>\n<\/div>\n<\/div>\n<\/div>\n<\/div>","protected":false},"featured_media":10351,"template":"","meta":{"om_disable_all_campaigns":false,"_monsterinsights_skip_tracking":false,"_monsterinsights_sitenote_active":false,"_monsterinsights_sitenote_note":"","_monsterinsights_sitenote_category":0,"_uf_show_specific_survey":0,"_uf_disable_surveys":false},"product_brand":[],"product_cat":[55,84],"product_tag":[],"class_list":{"0":"post-10339","1":"product","2":"type-product","3":"status-publish","4":"has-post-thumbnail","6":"product_cat-cables-cinesouk","7":"product_cat-dit-cinesouk","9":"entry","10":"has-media","12":"first","13":"instock","14":"taxable","15":"shipping-taxable","16":"purchasable","17":"product-type-variable","18":"has-product-nav","19":"col","20":"span_1_of_3","21":"owp-content-center","22":"owp-thumbs-layout-horizontal","23":"owp-btn-normal","24":"owp-tabs-layout-horizontal","25":"has-no-thumbnails"},"yoast_head":"<!-- This site is optimized with the Yoast SEO Premium plugin v26.0 (Yoast SEO v26.0) - https:\/\/yoast.com\/wordpress\/plugins\/seo\/ -->\n<title>TetherPro USB 3.0 Active Extension Cable 5m - CineSouk<\/title>\n<meta name=\"description\" content=\"TetherPro USB 3.0 Active Extension Cable 5m ensures high-speed 5Gbps data transfer with signal boosting for tethered shooting and professional setups.\" \/>\n<meta name=\"robots\" content=\"index, follow, max-snippet:-1, max-image-preview:large, max-video-preview:-1\" \/>\n<link rel=\"canonical\" href=\"https:\/\/www.cinesouk.ma\/fr\/produit\/tetherpro-usb-3-0-active-extension-cable-5m\/\" \/>\n<meta property=\"og:locale\" content=\"fr_FR\" \/>\n<meta property=\"og:type\" content=\"article\" \/>\n<meta property=\"og:title\" content=\"TetherPro USB 3.0 Active Extension Cable 5m\" \/>\n<meta property=\"og:description\" content=\"TetherPro USB 3.0 Active Extension Cable 5m ensures high-speed 5Gbps data transfer with signal boosting for tethered shooting and professional setups.\" \/>\n<meta property=\"og:url\" content=\"https:\/\/www.cinesouk.ma\/fr\/produit\/tetherpro-usb-3-0-active-extension-cable-5m\/\" \/>\n<meta property=\"og:site_name\" content=\"CineSouk\" \/>\n<meta property=\"article:modified_time\" content=\"2025-08-16T12:16:10+00:00\" \/>\n<meta property=\"og:image\" content=\"https:\/\/www.cinesouk.ma\/wp-content\/uploads\/2025\/02\/Tether-Tools-TetherPro-USB-3.0-Actieve-Verlengkabel-5m-Oranje_v2.jpg\" \/>\n\t<meta property=\"og:image:width\" content=\"300\" \/>\n\t<meta property=\"og:image:height\" content=\"238\" \/>\n\t<meta property=\"og:image:type\" content=\"image\/jpeg\" \/>\n<meta name=\"twitter:card\" content=\"summary_large_image\" \/>\n<meta name=\"twitter:description\" content=\"TetherPro USB 3.0 Active Extension Cable 5m ensures high-speed 5Gbps data transfer with signal boosting for tethered shooting and professional setups.\" \/>\n<meta name=\"twitter:image\" content=\"https:\/\/www.cinesouk.ma\/wp-content\/uploads\/2025\/02\/Tether-Tools-TetherPro-USB-3.0-Actieve-Verlengkabel-5m-Oranje_v2.jpg\" \/>\n<meta name=\"twitter:label1\" content=\"Dur\u00e9e de lecture estim\u00e9e\" \/>\n\t<meta name=\"twitter:data1\" content=\"2 minutes\" \/>\n<script type=\"application\/ld+json\" class=\"yoast-schema-graph\">{\"@context\":\"https:\/\/schema.org\",\"@graph\":[{\"@type\":\"WebPage\",\"@id\":\"https:\/\/www.cinesouk.ma\/product\/tetherpro-usb-3-0-active-extension-cable-5m\/\",\"url\":\"https:\/\/www.cinesouk.ma\/product\/tetherpro-usb-3-0-active-extension-cable-5m\/\",\"name\":\"TetherPro USB 3.0 Active Extension Cable 5m - CineSouk\",\"isPartOf\":{\"@id\":\"https:\/\/www.cinesouk.ma\/#website\"},\"primaryImageOfPage\":{\"@id\":\"https:\/\/www.cinesouk.ma\/product\/tetherpro-usb-3-0-active-extension-cable-5m\/#primaryimage\"},\"image\":{\"@id\":\"https:\/\/www.cinesouk.ma\/product\/tetherpro-usb-3-0-active-extension-cable-5m\/#primaryimage\"},\"thumbnailUrl\":\"https:\/\/www.cinesouk.ma\/wp-content\/uploads\/2025\/02\/Tether-Tools-TetherPro-USB-3.0-Actieve-Verlengkabel-5m-Oranje_v2.jpg\",\"datePublished\":\"2025-02-17T14:47:55+00:00\",\"dateModified\":\"2025-08-16T12:16:10+00:00\",\"description\":\"TetherPro USB 3.0 Active Extension Cable 5m ensures high-speed 5Gbps data transfer with signal boosting for tethered shooting and professional setups.\",\"breadcrumb\":{\"@id\":\"https:\/\/www.cinesouk.ma\/product\/tetherpro-usb-3-0-active-extension-cable-5m\/#breadcrumb\"},\"inLanguage\":\"fr-FR\",\"potentialAction\":[{\"@type\":\"ReadAction\",\"target\":[\"https:\/\/www.cinesouk.ma\/product\/tetherpro-usb-3-0-active-extension-cable-5m\/\"]}]},{\"@type\":\"ImageObject\",\"inLanguage\":\"fr-FR\",\"@id\":\"https:\/\/www.cinesouk.ma\/product\/tetherpro-usb-3-0-active-extension-cable-5m\/#primaryimage\",\"url\":\"https:\/\/www.cinesouk.ma\/wp-content\/uploads\/2025\/02\/Tether-Tools-TetherPro-USB-3.0-Actieve-Verlengkabel-5m-Oranje_v2.jpg\",\"contentUrl\":\"https:\/\/www.cinesouk.ma\/wp-content\/uploads\/2025\/02\/Tether-Tools-TetherPro-USB-3.0-Actieve-Verlengkabel-5m-Oranje_v2.jpg\",\"width\":300,\"height\":238,\"caption\":\"Tether Tools TetherPro USB 3.0 Actieve Verlengkabel 5m Oranje_v2\"},{\"@type\":\"BreadcrumbList\",\"@id\":\"https:\/\/www.cinesouk.ma\/product\/tetherpro-usb-3-0-active-extension-cable-5m\/#breadcrumb\",\"itemListElement\":[{\"@type\":\"ListItem\",\"position\":1,\"name\":\"Home\",\"item\":\"https:\/\/www.cinesouk.ma\/\"},{\"@type\":\"ListItem\",\"position\":2,\"name\":\"Shop\",\"item\":\"https:\/\/www.cinesouk.ma\/shop\/\"},{\"@type\":\"ListItem\",\"position\":3,\"name\":\"TetherPro USB 3.0 Active Extension Cable 5m\"}]},{\"@type\":\"WebSite\",\"@id\":\"https:\/\/www.cinesouk.ma\/#website\",\"url\":\"https:\/\/www.cinesouk.ma\/\",\"name\":\"CineSouk\",\"description\":\"\",\"publisher\":{\"@id\":\"https:\/\/www.cinesouk.ma\/#organization\"},\"potentialAction\":[{\"@type\":\"SearchAction\",\"target\":{\"@type\":\"EntryPoint\",\"urlTemplate\":\"https:\/\/www.cinesouk.ma\/?s={search_term_string}\"},\"query-input\":{\"@type\":\"PropertyValueSpecification\",\"valueRequired\":true,\"valueName\":\"search_term_string\"}}],\"inLanguage\":\"fr-FR\"},{\"@type\":\"Organization\",\"@id\":\"https:\/\/www.cinesouk.ma\/#organization\",\"name\":\"CineSouk\",\"url\":\"https:\/\/www.cinesouk.ma\/\",\"logo\":{\"@type\":\"ImageObject\",\"inLanguage\":\"fr-FR\",\"@id\":\"https:\/\/www.cinesouk.ma\/#\/schema\/logo\/image\/\",\"url\":\"https:\/\/www.cinesouk.ma\/wp-content\/uploads\/2024\/01\/CineSouk-logo-v01-alpha-alligned-left.png\",\"contentUrl\":\"https:\/\/www.cinesouk.ma\/wp-content\/uploads\/2024\/01\/CineSouk-logo-v01-alpha-alligned-left.png\",\"width\":3204,\"height\":889,\"caption\":\"CineSouk\"},\"image\":{\"@id\":\"https:\/\/www.cinesouk.ma\/#\/schema\/logo\/image\/\"}}]}<\/script>\n<!-- \/ Yoast SEO Premium plugin. -->","yoast_head_json":{"title":"TetherPro USB 3.0 Active Extension Cable 5m - CineSouk","description":"TetherPro USB 3.0 Active Extension Cable 5m ensures high-speed 5Gbps data transfer with signal boosting for tethered shooting and professional setups.","robots":{"index":"index","follow":"follow","max-snippet":"max-snippet:-1","max-image-preview":"max-image-preview:large","max-video-preview":"max-video-preview:-1"},"canonical":"https:\/\/www.cinesouk.ma\/fr\/produit\/tetherpro-usb-3-0-active-extension-cable-5m\/","og_locale":"fr_FR","og_type":"article","og_title":"TetherPro USB 3.0 Active Extension Cable 5m","og_description":"TetherPro USB 3.0 Active Extension Cable 5m ensures high-speed 5Gbps data transfer with signal boosting for tethered shooting and professional setups.","og_url":"https:\/\/www.cinesouk.ma\/fr\/produit\/tetherpro-usb-3-0-active-extension-cable-5m\/","og_site_name":"CineSouk","article_modified_time":"2025-08-16T12:16:10+00:00","og_image":[{"width":300,"height":238,"url":"https:\/\/www.cinesouk.ma\/wp-content\/uploads\/2025\/02\/Tether-Tools-TetherPro-USB-3.0-Actieve-Verlengkabel-5m-Oranje_v2.jpg","type":"image\/jpeg"}],"twitter_card":"summary_large_image","twitter_description":"TetherPro USB 3.0 Active Extension Cable 5m ensures high-speed 5Gbps data transfer with signal boosting for tethered shooting and professional setups.","twitter_image":"https:\/\/www.cinesouk.ma\/wp-content\/uploads\/2025\/02\/Tether-Tools-TetherPro-USB-3.0-Actieve-Verlengkabel-5m-Oranje_v2.jpg","twitter_misc":{"Dur\u00e9e de lecture estim\u00e9e":"2 minutes"},"schema":{"@context":"https:\/\/schema.org","@graph":[{"@type":"WebPage","@id":"https:\/\/www.cinesouk.ma\/product\/tetherpro-usb-3-0-active-extension-cable-5m\/","url":"https:\/\/www.cinesouk.ma\/product\/tetherpro-usb-3-0-active-extension-cable-5m\/","name":"TetherPro USB 3.0 Active Extension Cable 5m - CineSouk","isPartOf":{"@id":"https:\/\/www.cinesouk.ma\/#website"},"primaryImageOfPage":{"@id":"https:\/\/www.cinesouk.ma\/product\/tetherpro-usb-3-0-active-extension-cable-5m\/#primaryimage"},"image":{"@id":"https:\/\/www.cinesouk.ma\/product\/tetherpro-usb-3-0-active-extension-cable-5m\/#primaryimage"},"thumbnailUrl":"https:\/\/www.cinesouk.ma\/wp-content\/uploads\/2025\/02\/Tether-Tools-TetherPro-USB-3.0-Actieve-Verlengkabel-5m-Oranje_v2.jpg","datePublished":"2025-02-17T14:47:55+00:00","dateModified":"2025-08-16T12:16:10+00:00","description":"TetherPro USB 3.0 Active Extension Cable 5m ensures high-speed 5Gbps data transfer with signal boosting for tethered shooting and professional setups.","breadcrumb":{"@id":"https:\/\/www.cinesouk.ma\/product\/tetherpro-usb-3-0-active-extension-cable-5m\/#breadcrumb"},"inLanguage":"fr-FR","potentialAction":[{"@type":"ReadAction","target":["https:\/\/www.cinesouk.ma\/product\/tetherpro-usb-3-0-active-extension-cable-5m\/"]}]},{"@type":"ImageObject","inLanguage":"fr-FR","@id":"https:\/\/www.cinesouk.ma\/product\/tetherpro-usb-3-0-active-extension-cable-5m\/#primaryimage","url":"https:\/\/www.cinesouk.ma\/wp-content\/uploads\/2025\/02\/Tether-Tools-TetherPro-USB-3.0-Actieve-Verlengkabel-5m-Oranje_v2.jpg","contentUrl":"https:\/\/www.cinesouk.ma\/wp-content\/uploads\/2025\/02\/Tether-Tools-TetherPro-USB-3.0-Actieve-Verlengkabel-5m-Oranje_v2.jpg","width":300,"height":238,"caption":"Tether Tools TetherPro USB 3.0 Actieve Verlengkabel 5m Oranje_v2"},{"@type":"BreadcrumbList","@id":"https:\/\/www.cinesouk.ma\/product\/tetherpro-usb-3-0-active-extension-cable-5m\/#breadcrumb","itemListElement":[{"@type":"ListItem","position":1,"name":"Home","item":"https:\/\/www.cinesouk.ma\/"},{"@type":"ListItem","position":2,"name":"Shop","item":"https:\/\/www.cinesouk.ma\/shop\/"},{"@type":"ListItem","position":3,"name":"TetherPro USB 3.0 Active Extension Cable 5m"}]},{"@type":"WebSite","@id":"https:\/\/www.cinesouk.ma\/#website","url":"https:\/\/www.cinesouk.ma\/","name":"CineSouk","description":"","publisher":{"@id":"https:\/\/www.cinesouk.ma\/#organization"},"potentialAction":[{"@type":"SearchAction","target":{"@type":"EntryPoint","urlTemplate":"https:\/\/www.cinesouk.ma\/?s={search_term_string}"},"query-input":{"@type":"PropertyValueSpecification","valueRequired":true,"valueName":"search_term_string"}}],"inLanguage":"fr-FR"},{"@type":"Organization","@id":"https:\/\/www.cinesouk.ma\/#organization","name":"CineSouk","url":"https:\/\/www.cinesouk.ma\/","logo":{"@type":"ImageObject","inLanguage":"fr-FR","@id":"https:\/\/www.cinesouk.ma\/#\/schema\/logo\/image\/","url":"https:\/\/www.cinesouk.ma\/wp-content\/uploads\/2024\/01\/CineSouk-logo-v01-alpha-alligned-left.png","contentUrl":"https:\/\/www.cinesouk.ma\/wp-content\/uploads\/2024\/01\/CineSouk-logo-v01-alpha-alligned-left.png","width":3204,"height":889,"caption":"CineSouk"},"image":{"@id":"https:\/\/www.cinesouk.ma\/#\/schema\/logo\/image\/"}}]}},"_links":{"self":[{"href":"https:\/\/www.cinesouk.ma\/fr\/wp-json\/wp\/v2\/product\/10339","targetHints":{"allow":["GET"]}}],"collection":[{"href":"https:\/\/www.cinesouk.ma\/fr\/wp-json\/wp\/v2\/product"}],"about":[{"href":"https:\/\/www.cinesouk.ma\/fr\/wp-json\/wp\/v2\/types\/product"}],"wp:featuredmedia":[{"embeddable":true,"href":"https:\/\/www.cinesouk.ma\/fr\/wp-json\/wp\/v2\/media\/10351"}],"wp:attachment":[{"href":"https:\/\/www.cinesouk.ma\/fr\/wp-json\/wp\/v2\/media?parent=10339"}],"wp:term":[{"taxonomy":"product_brand","embeddable":true,"href":"https:\/\/www.cinesouk.ma\/fr\/wp-json\/wp\/v2\/product_brand?post=10339"},{"taxonomy":"product_cat","embeddable":true,"href":"https:\/\/www.cinesouk.ma\/fr\/wp-json\/wp\/v2\/product_cat?post=10339"},{"taxonomy":"product_tag","embeddable":true,"href":"https:\/\/www.cinesouk.ma\/fr\/wp-json\/wp\/v2\/product_tag?post=10339"}],"curies":[{"name":"wp","href":"https:\/\/api.w.org\/{rel}","templated":true}]}}