{"id":10352,"date":"2025-02-17T15:05:11","date_gmt":"2025-02-17T15:05:11","guid":{"rendered":"https:\/\/www.cinesouk.ma\/?post_type=product&#038;p=10352"},"modified":"2025-08-16T12:15:58","modified_gmt":"2025-08-16T12:15:58","slug":"tetherpro-usb-c-to-usb-c-4-6m","status":"publish","type":"product","link":"https:\/\/www.cinesouk.ma\/fr\/produit\/tetherpro-usb-c-to-usb-c-4-6m\/","title":{"rendered":"TetherPro USB-C \u00e0 USB-C 4,6m"},"content":{"rendered":"<p data-start=\"41\" data-end=\"378\">Le <strong data-start=\"45\" data-end=\"78\">TetherPro USB-C \u00e0 USB-C 4,6m<\/strong> offre une solution performante pour un transfert de donn\u00e9es rapide et stable dans les domaines de la photographie et de la vid\u00e9ographie professionnelles. Con\u00e7u sp\u00e9cifiquement pour les appareils USB-C modernes, ce c\u00e2ble assure une connectivit\u00e9 transparente entre les appareils photo, les ordinateurs portables et le stockage externe, ce qui le rend parfait pour les prises de vue en tethered.<\/p>\n<p data-start=\"380\" data-end=\"693\">En outre, ce c\u00e2ble prend en charge <strong data-start=\"414\" data-end=\"431\">USB 3.2 Gen 2<\/strong> qui permet d'atteindre des vitesses de transfert de donn\u00e9es allant jusqu'\u00e0 <strong data-start=\"485\" data-end=\"495\">10Gbps<\/strong>permettant des pr\u00e9visualisations d'images instantan\u00e9es et des transferts de fichiers fluides. De plus, son blindage renforc\u00e9 r\u00e9duit les interf\u00e9rences, garantissant une connexion coh\u00e9rente et fiable, m\u00eame dans les environnements exigeants.<\/p>\n<p data-start=\"695\" data-end=\"1106\">Avec <strong data-start=\"700\" data-end=\"739\">une construction \u00e0 la fois durable et flexible<\/strong>Ce c\u00e2ble de 4,6 m\u00e8tres offre une plus grande port\u00e9e, ce qui permet un travail efficace sans compromettre les performances. De plus, sa haute visibilit\u00e9 <strong data-start=\"885\" data-end=\"902\">design orange<\/strong> am\u00e9liore la visibilit\u00e9, r\u00e9duisant ainsi le risque de d\u00e9connexions accidentelles lors de prises de vue importantes. Les connecteurs USB-C s\u00e9curis\u00e9s offrent un ajustement parfait, emp\u00eachant la perte de signal et garantissant un fonctionnement ininterrompu.<\/p>\n<h3 data-start=\"1108\" data-end=\"1130\"><strong data-start=\"1112\" data-end=\"1128\">Caract\u00e9ristiques principales<\/strong><\/h3>\n<ul data-start=\"1132\" data-end=\"2100\">\n<li data-start=\"1132\" data-end=\"1221\"><strong data-start=\"1134\" data-end=\"1154\">Longueur \u00e9tendue :<\/strong> 4,6 m\u00e8tres pour une flexibilit\u00e9 maximale en studio ou en ext\u00e9rieur.<\/li>\n<li data-start=\"1222\" data-end=\"1344\"><strong data-start=\"1224\" data-end=\"1253\">Transfert de donn\u00e9es \u00e0 grande vitesse :<\/strong> Prise en charge de l'USB 3.2 Gen 2 avec <strong data-start=\"1282\" data-end=\"1299\">Vitesses de 10 Gbps<\/strong> pour des transferts de fichiers efficaces et fiables.<\/li>\n<li data-start=\"1345\" data-end=\"1453\"><strong data-start=\"1347\" data-end=\"1369\">Connexion s\u00e9curis\u00e9e :<\/strong> Les connecteurs USB-C bien ajust\u00e9s garantissent la stabilit\u00e9 et emp\u00eachent les d\u00e9connexions accidentelles.<\/li>\n<li data-start=\"1454\" data-end=\"1574\"><strong data-start=\"1456\" data-end=\"1481\">Blindage renforc\u00e9 :<\/strong> Minimise les interf\u00e9rences et offre une connexion stable pour les flux de travail professionnels.<\/li>\n<li data-start=\"1575\" data-end=\"1690\"><strong data-start=\"1577\" data-end=\"1609\">Conception durable et flexible :<\/strong> Con\u00e7ue pour r\u00e9sister \u00e0 une utilisation professionnelle quotidienne tout en restant facile \u00e0 manipuler.<\/li>\n<li data-start=\"1691\" data-end=\"1798\"><strong data-start=\"1693\" data-end=\"1721\">Compatibilit\u00e9 universelle :<\/strong> Fonctionne avec les appareils photo, les ordinateurs portables, les dispositifs de stockage et autres p\u00e9riph\u00e9riques USB-C.<\/li>\n<li data-start=\"1799\" data-end=\"1911\"><strong data-start=\"1801\" data-end=\"1828\">Support Power Delivery :<\/strong> Permet la transmission de l'\u00e9nergie pour les appareils compatibles, garantissant ainsi des performances optimales.<\/li>\n<li data-start=\"1912\" data-end=\"2008\"><strong data-start=\"1914\" data-end=\"1940\">Couleur haute visibilit\u00e9 :<\/strong> Le design orange vif facilite l'identification sur les plateaux tr\u00e8s fr\u00e9quent\u00e9s.<\/li>\n<li data-start=\"2009\" data-end=\"2100\"><strong data-start=\"2011\" data-end=\"2035\">Installation Plug-and-Play :<\/strong> Ne n\u00e9cessitant aucun pilote, l'installation est rapide et sans effort.<\/li>\n<\/ul>\n<p>Louez-le maintenant \u00e0 <a href=\"https:\/\/www.cinesouk.ma\/fr\">CINESOUK<\/a> - une marque de <a href=\"https:\/\/www.broadway.ma\/\">BROADWAY PRODUCTIONS SARL.<\/a><\/p>\n<p>&nbsp;<\/p>\n<p>&nbsp;<\/p>","protected":false},"excerpt":{"rendered":"<h3>Sp\u00e9cifications<\/h3>\n<div class=\"mb-2 flex gap-3 empty:hidden -ml-2\">\n<div class=\"items-center justify-start rounded-xl p-1 flex\">\n<div class=\"flex max-w-full flex-col flex-grow\">\n<div class=\"min-h-8 text-message flex w-full flex-col items-end gap-2 whitespace-normal break-words [.text-message+&amp;]:mt-5\" dir=\"auto\" data-message-author-role=\"assistant\" data-message-id=\"14aa7861-d5b8-427e-a3cc-f5084204f032\" data-message-model-slug=\"gpt-4o\">\n<div class=\"flex w-full flex-col gap-1 empty:hidden first:pt-[3px]\">\n<div class=\"markdown prose w-full break-words dark:prose-invert light\">\n<ul>\n<li data-start=\"2128\" data-end=\"2154\"><strong data-start=\"2130\" data-end=\"2141\">Longueur :<\/strong> 4,6 m\u00e8tres<\/li>\n<li data-start=\"2155\" data-end=\"2203\"><strong data-start=\"2157\" data-end=\"2176\">Type de connecteur :<\/strong> USB-C m\u00e2le vers USB-C m\u00e2le<\/li>\n<li data-start=\"2204\" data-end=\"2265\"><strong data-start=\"2206\" data-end=\"2230\">Vitesse de transfert des donn\u00e9es :<\/strong> Jusqu'\u00e0 10 Gbps (USB 3.2 Gen 2)<\/li>\n<li data-start=\"2266\" data-end=\"2336\"><strong data-start=\"2268\" data-end=\"2287\">Alimentation \u00e9lectrique :<\/strong> Prise en charge de la charge des appareils USB-C compatibles<\/li>\n<li data-start=\"2337\" data-end=\"2425\"><strong data-start=\"2339\" data-end=\"2356\">Construction :<\/strong> Blindage renforc\u00e9 pour r\u00e9duire les interf\u00e9rences et assurer la stabilit\u00e9 du signal<\/li>\n<li data-start=\"2426\" data-end=\"2515\"><strong data-start=\"2428\" data-end=\"2446\">Compatibilit\u00e9 :<\/strong> Fonctionne avec les appareils photo, les ordinateurs portables, les disques de stockage et les p\u00e9riph\u00e9riques USB-C.<\/li>\n<li data-start=\"2516\" data-end=\"2588\"><strong data-start=\"2518\" data-end=\"2528\">Couleur :<\/strong> Orange haute visibilit\u00e9 pour une identification facile sur le plateau<\/li>\n<li data-start=\"2589\" data-end=\"2683\"><strong data-start=\"2591\" data-end=\"2601\">Utilisation :<\/strong> Id\u00e9al pour la photographie en r\u00e9seau, l'\u00e9dition vid\u00e9o et le transfert de donn\u00e9es \u00e0 grande vitesse<\/li>\n<\/ul>\n<\/div>\n<\/div>\n<\/div>\n<\/div>\n<\/div>\n<\/div>","protected":false},"featured_media":10363,"template":"","meta":{"om_disable_all_campaigns":false,"_monsterinsights_skip_tracking":false,"_monsterinsights_sitenote_active":false,"_monsterinsights_sitenote_note":"","_monsterinsights_sitenote_category":0,"_uf_show_specific_survey":0,"_uf_disable_surveys":false},"product_brand":[],"product_cat":[55,84],"product_tag":[],"class_list":{"0":"post-10352","1":"product","2":"type-product","3":"status-publish","4":"has-post-thumbnail","6":"product_cat-cables-cinesouk","7":"product_cat-dit-cinesouk","9":"entry","10":"has-media","12":"first","13":"instock","14":"taxable","15":"shipping-taxable","16":"purchasable","17":"product-type-variable","18":"has-product-nav","19":"col","20":"span_1_of_3","21":"owp-content-center","22":"owp-thumbs-layout-horizontal","23":"owp-btn-normal","24":"owp-tabs-layout-horizontal","25":"has-no-thumbnails"},"yoast_head":"<!-- This site is optimized with the Yoast SEO Premium plugin v26.0 (Yoast SEO v26.0) - https:\/\/yoast.com\/wordpress\/plugins\/seo\/ -->\n<title>TetherPro USB-C to USB-C 4.6m - CineSouk<\/title>\n<meta name=\"description\" content=\"TetherPro USB-C to USB-C 4.6m delivers 10Gbps high-speed data transfer, power delivery, and secure connectivity for tethered photography and professional workflows.\" \/>\n<meta name=\"robots\" content=\"index, follow, max-snippet:-1, max-image-preview:large, max-video-preview:-1\" \/>\n<link rel=\"canonical\" href=\"https:\/\/www.cinesouk.ma\/fr\/produit\/tetherpro-usb-c-to-usb-c-4-6m\/\" \/>\n<meta property=\"og:locale\" content=\"fr_FR\" \/>\n<meta property=\"og:type\" content=\"article\" \/>\n<meta property=\"og:title\" content=\"TetherPro USB-C to USB-C 4.6m\" \/>\n<meta property=\"og:description\" content=\"TetherPro USB-C to USB-C 4.6m delivers 10Gbps high-speed data transfer, power delivery, and secure connectivity for tethered photography and professional workflows.\" \/>\n<meta property=\"og:url\" content=\"https:\/\/www.cinesouk.ma\/fr\/produit\/tetherpro-usb-c-to-usb-c-4-6m\/\" \/>\n<meta property=\"og:site_name\" content=\"CineSouk\" \/>\n<meta property=\"article:modified_time\" content=\"2025-08-16T12:15:58+00:00\" \/>\n<meta property=\"og:image\" content=\"https:\/\/www.cinesouk.ma\/wp-content\/uploads\/2025\/02\/Tether-Tools-TetherPro-USB-C-to-USB-C-46m-oranje.jpg\" \/>\n\t<meta property=\"og:image:width\" content=\"300\" \/>\n\t<meta property=\"og:image:height\" content=\"238\" \/>\n\t<meta property=\"og:image:type\" content=\"image\/jpeg\" \/>\n<meta name=\"twitter:card\" content=\"summary_large_image\" \/>\n<meta name=\"twitter:description\" content=\"TetherPro USB-C to USB-C 4.6m delivers 10Gbps high-speed data transfer, power delivery, and secure connectivity for tethered photography and professional workflows.\" \/>\n<meta name=\"twitter:image\" content=\"https:\/\/www.cinesouk.ma\/wp-content\/uploads\/2025\/02\/Tether-Tools-TetherPro-USB-C-to-USB-C-46m-oranje.jpg\" \/>\n<meta name=\"twitter:label1\" content=\"Dur\u00e9e de lecture estim\u00e9e\" \/>\n\t<meta name=\"twitter:data1\" content=\"2 minutes\" \/>\n<script type=\"application\/ld+json\" class=\"yoast-schema-graph\">{\"@context\":\"https:\/\/schema.org\",\"@graph\":[{\"@type\":\"WebPage\",\"@id\":\"https:\/\/www.cinesouk.ma\/product\/tetherpro-usb-c-to-usb-c-4-6m\/\",\"url\":\"https:\/\/www.cinesouk.ma\/product\/tetherpro-usb-c-to-usb-c-4-6m\/\",\"name\":\"TetherPro USB-C to USB-C 4.6m - CineSouk\",\"isPartOf\":{\"@id\":\"https:\/\/www.cinesouk.ma\/#website\"},\"primaryImageOfPage\":{\"@id\":\"https:\/\/www.cinesouk.ma\/product\/tetherpro-usb-c-to-usb-c-4-6m\/#primaryimage\"},\"image\":{\"@id\":\"https:\/\/www.cinesouk.ma\/product\/tetherpro-usb-c-to-usb-c-4-6m\/#primaryimage\"},\"thumbnailUrl\":\"https:\/\/www.cinesouk.ma\/wp-content\/uploads\/2025\/02\/Tether-Tools-TetherPro-USB-C-to-USB-C-46m-oranje.jpg\",\"datePublished\":\"2025-02-17T15:05:11+00:00\",\"dateModified\":\"2025-08-16T12:15:58+00:00\",\"description\":\"TetherPro USB-C to USB-C 4.6m delivers 10Gbps high-speed data transfer, power delivery, and secure connectivity for tethered photography and professional workflows.\",\"breadcrumb\":{\"@id\":\"https:\/\/www.cinesouk.ma\/product\/tetherpro-usb-c-to-usb-c-4-6m\/#breadcrumb\"},\"inLanguage\":\"fr-FR\",\"potentialAction\":[{\"@type\":\"ReadAction\",\"target\":[\"https:\/\/www.cinesouk.ma\/product\/tetherpro-usb-c-to-usb-c-4-6m\/\"]}]},{\"@type\":\"ImageObject\",\"inLanguage\":\"fr-FR\",\"@id\":\"https:\/\/www.cinesouk.ma\/product\/tetherpro-usb-c-to-usb-c-4-6m\/#primaryimage\",\"url\":\"https:\/\/www.cinesouk.ma\/wp-content\/uploads\/2025\/02\/Tether-Tools-TetherPro-USB-C-to-USB-C-46m-oranje.jpg\",\"contentUrl\":\"https:\/\/www.cinesouk.ma\/wp-content\/uploads\/2025\/02\/Tether-Tools-TetherPro-USB-C-to-USB-C-46m-oranje.jpg\",\"width\":300,\"height\":238,\"caption\":\"Tether Tools TetherPro USB-C to USB-C 4,6m oranje\"},{\"@type\":\"BreadcrumbList\",\"@id\":\"https:\/\/www.cinesouk.ma\/product\/tetherpro-usb-c-to-usb-c-4-6m\/#breadcrumb\",\"itemListElement\":[{\"@type\":\"ListItem\",\"position\":1,\"name\":\"Home\",\"item\":\"https:\/\/www.cinesouk.ma\/\"},{\"@type\":\"ListItem\",\"position\":2,\"name\":\"Shop\",\"item\":\"https:\/\/www.cinesouk.ma\/shop\/\"},{\"@type\":\"ListItem\",\"position\":3,\"name\":\"TetherPro USB-C to USB-C 4.6m\"}]},{\"@type\":\"WebSite\",\"@id\":\"https:\/\/www.cinesouk.ma\/#website\",\"url\":\"https:\/\/www.cinesouk.ma\/\",\"name\":\"CineSouk\",\"description\":\"\",\"publisher\":{\"@id\":\"https:\/\/www.cinesouk.ma\/#organization\"},\"potentialAction\":[{\"@type\":\"SearchAction\",\"target\":{\"@type\":\"EntryPoint\",\"urlTemplate\":\"https:\/\/www.cinesouk.ma\/?s={search_term_string}\"},\"query-input\":{\"@type\":\"PropertyValueSpecification\",\"valueRequired\":true,\"valueName\":\"search_term_string\"}}],\"inLanguage\":\"fr-FR\"},{\"@type\":\"Organization\",\"@id\":\"https:\/\/www.cinesouk.ma\/#organization\",\"name\":\"CineSouk\",\"url\":\"https:\/\/www.cinesouk.ma\/\",\"logo\":{\"@type\":\"ImageObject\",\"inLanguage\":\"fr-FR\",\"@id\":\"https:\/\/www.cinesouk.ma\/#\/schema\/logo\/image\/\",\"url\":\"https:\/\/www.cinesouk.ma\/wp-content\/uploads\/2024\/01\/CineSouk-logo-v01-alpha-alligned-left.png\",\"contentUrl\":\"https:\/\/www.cinesouk.ma\/wp-content\/uploads\/2024\/01\/CineSouk-logo-v01-alpha-alligned-left.png\",\"width\":3204,\"height\":889,\"caption\":\"CineSouk\"},\"image\":{\"@id\":\"https:\/\/www.cinesouk.ma\/#\/schema\/logo\/image\/\"}}]}<\/script>\n<!-- \/ Yoast SEO Premium plugin. -->","yoast_head_json":{"title":"TetherPro USB-C to USB-C 4.6m - CineSouk","description":"TetherPro USB-C to USB-C 4.6m delivers 10Gbps high-speed data transfer, power delivery, and secure connectivity for tethered photography and professional workflows.","robots":{"index":"index","follow":"follow","max-snippet":"max-snippet:-1","max-image-preview":"max-image-preview:large","max-video-preview":"max-video-preview:-1"},"canonical":"https:\/\/www.cinesouk.ma\/fr\/produit\/tetherpro-usb-c-to-usb-c-4-6m\/","og_locale":"fr_FR","og_type":"article","og_title":"TetherPro USB-C to USB-C 4.6m","og_description":"TetherPro USB-C to USB-C 4.6m delivers 10Gbps high-speed data transfer, power delivery, and secure connectivity for tethered photography and professional workflows.","og_url":"https:\/\/www.cinesouk.ma\/fr\/produit\/tetherpro-usb-c-to-usb-c-4-6m\/","og_site_name":"CineSouk","article_modified_time":"2025-08-16T12:15:58+00:00","og_image":[{"width":300,"height":238,"url":"https:\/\/www.cinesouk.ma\/wp-content\/uploads\/2025\/02\/Tether-Tools-TetherPro-USB-C-to-USB-C-46m-oranje.jpg","type":"image\/jpeg"}],"twitter_card":"summary_large_image","twitter_description":"TetherPro USB-C to USB-C 4.6m delivers 10Gbps high-speed data transfer, power delivery, and secure connectivity for tethered photography and professional workflows.","twitter_image":"https:\/\/www.cinesouk.ma\/wp-content\/uploads\/2025\/02\/Tether-Tools-TetherPro-USB-C-to-USB-C-46m-oranje.jpg","twitter_misc":{"Dur\u00e9e de lecture estim\u00e9e":"2 minutes"},"schema":{"@context":"https:\/\/schema.org","@graph":[{"@type":"WebPage","@id":"https:\/\/www.cinesouk.ma\/product\/tetherpro-usb-c-to-usb-c-4-6m\/","url":"https:\/\/www.cinesouk.ma\/product\/tetherpro-usb-c-to-usb-c-4-6m\/","name":"TetherPro USB-C to USB-C 4.6m - CineSouk","isPartOf":{"@id":"https:\/\/www.cinesouk.ma\/#website"},"primaryImageOfPage":{"@id":"https:\/\/www.cinesouk.ma\/product\/tetherpro-usb-c-to-usb-c-4-6m\/#primaryimage"},"image":{"@id":"https:\/\/www.cinesouk.ma\/product\/tetherpro-usb-c-to-usb-c-4-6m\/#primaryimage"},"thumbnailUrl":"https:\/\/www.cinesouk.ma\/wp-content\/uploads\/2025\/02\/Tether-Tools-TetherPro-USB-C-to-USB-C-46m-oranje.jpg","datePublished":"2025-02-17T15:05:11+00:00","dateModified":"2025-08-16T12:15:58+00:00","description":"TetherPro USB-C to USB-C 4.6m delivers 10Gbps high-speed data transfer, power delivery, and secure connectivity for tethered photography and professional workflows.","breadcrumb":{"@id":"https:\/\/www.cinesouk.ma\/product\/tetherpro-usb-c-to-usb-c-4-6m\/#breadcrumb"},"inLanguage":"fr-FR","potentialAction":[{"@type":"ReadAction","target":["https:\/\/www.cinesouk.ma\/product\/tetherpro-usb-c-to-usb-c-4-6m\/"]}]},{"@type":"ImageObject","inLanguage":"fr-FR","@id":"https:\/\/www.cinesouk.ma\/product\/tetherpro-usb-c-to-usb-c-4-6m\/#primaryimage","url":"https:\/\/www.cinesouk.ma\/wp-content\/uploads\/2025\/02\/Tether-Tools-TetherPro-USB-C-to-USB-C-46m-oranje.jpg","contentUrl":"https:\/\/www.cinesouk.ma\/wp-content\/uploads\/2025\/02\/Tether-Tools-TetherPro-USB-C-to-USB-C-46m-oranje.jpg","width":300,"height":238,"caption":"Tether Tools TetherPro USB-C to USB-C 4,6m oranje"},{"@type":"BreadcrumbList","@id":"https:\/\/www.cinesouk.ma\/product\/tetherpro-usb-c-to-usb-c-4-6m\/#breadcrumb","itemListElement":[{"@type":"ListItem","position":1,"name":"Home","item":"https:\/\/www.cinesouk.ma\/"},{"@type":"ListItem","position":2,"name":"Shop","item":"https:\/\/www.cinesouk.ma\/shop\/"},{"@type":"ListItem","position":3,"name":"TetherPro USB-C to USB-C 4.6m"}]},{"@type":"WebSite","@id":"https:\/\/www.cinesouk.ma\/#website","url":"https:\/\/www.cinesouk.ma\/","name":"CineSouk","description":"","publisher":{"@id":"https:\/\/www.cinesouk.ma\/#organization"},"potentialAction":[{"@type":"SearchAction","target":{"@type":"EntryPoint","urlTemplate":"https:\/\/www.cinesouk.ma\/?s={search_term_string}"},"query-input":{"@type":"PropertyValueSpecification","valueRequired":true,"valueName":"search_term_string"}}],"inLanguage":"fr-FR"},{"@type":"Organization","@id":"https:\/\/www.cinesouk.ma\/#organization","name":"CineSouk","url":"https:\/\/www.cinesouk.ma\/","logo":{"@type":"ImageObject","inLanguage":"fr-FR","@id":"https:\/\/www.cinesouk.ma\/#\/schema\/logo\/image\/","url":"https:\/\/www.cinesouk.ma\/wp-content\/uploads\/2024\/01\/CineSouk-logo-v01-alpha-alligned-left.png","contentUrl":"https:\/\/www.cinesouk.ma\/wp-content\/uploads\/2024\/01\/CineSouk-logo-v01-alpha-alligned-left.png","width":3204,"height":889,"caption":"CineSouk"},"image":{"@id":"https:\/\/www.cinesouk.ma\/#\/schema\/logo\/image\/"}}]}},"_links":{"self":[{"href":"https:\/\/www.cinesouk.ma\/fr\/wp-json\/wp\/v2\/product\/10352","targetHints":{"allow":["GET"]}}],"collection":[{"href":"https:\/\/www.cinesouk.ma\/fr\/wp-json\/wp\/v2\/product"}],"about":[{"href":"https:\/\/www.cinesouk.ma\/fr\/wp-json\/wp\/v2\/types\/product"}],"wp:featuredmedia":[{"embeddable":true,"href":"https:\/\/www.cinesouk.ma\/fr\/wp-json\/wp\/v2\/media\/10363"}],"wp:attachment":[{"href":"https:\/\/www.cinesouk.ma\/fr\/wp-json\/wp\/v2\/media?parent=10352"}],"wp:term":[{"taxonomy":"product_brand","embeddable":true,"href":"https:\/\/www.cinesouk.ma\/fr\/wp-json\/wp\/v2\/product_brand?post=10352"},{"taxonomy":"product_cat","embeddable":true,"href":"https:\/\/www.cinesouk.ma\/fr\/wp-json\/wp\/v2\/product_cat?post=10352"},{"taxonomy":"product_tag","embeddable":true,"href":"https:\/\/www.cinesouk.ma\/fr\/wp-json\/wp\/v2\/product_tag?post=10352"}],"curies":[{"name":"wp","href":"https:\/\/api.w.org\/{rel}","templated":true}]}}