{"id":10364,"date":"2024-11-26T08:20:17","date_gmt":"2024-11-26T08:20:17","guid":{"rendered":"https:\/\/www.cinesouk.ma\/?post_type=product&#038;p=10364"},"modified":"2026-03-31T09:19:12","modified_gmt":"2026-03-31T09:19:12","slug":"canon-mount-adapter-ef-eos-r","status":"publish","type":"product","link":"https:\/\/www.cinesouk.ma\/fr\/produit\/canon-mount-adapter-ef-eos-r\/","title":{"rendered":"Canon mount adapter EF-EOS R for EF-Mount Lens to RF-Mount camera"},"content":{"rendered":"<div class=\"flex max-w-full flex-col flex-grow\">\n<div class=\"min-h-8 text-message flex w-full flex-col items-end gap-2 whitespace-normal break-words [.text-message+&amp;]:mt-5\" dir=\"auto\" data-message-author-role=\"assistant\" data-message-id=\"2caf02bb-b7c0-4921-b061-63350f4212a8\" data-message-model-slug=\"gpt-4o\">\n<div class=\"flex w-full flex-col gap-1 empty:hidden first:pt-[3px]\">\n<div class=\"markdown prose w-full break-words dark:prose-invert light\">\n<p data-start=\"40\" data-end=\"377\">L'adaptateur de monture Canon EF-EOS R fait le lien entre les objectifs Canon EF et EF-S et les appareils photo sans miroir EOS R. Il est con\u00e7u pour les photographes et vid\u00e9astes qui passent au syst\u00e8me sans miroir de Canon. Con\u00e7u pour les photographes et vid\u00e9astes qui passent au syst\u00e8me sans miroir de Canon, cet adaptateur conserve toutes les fonctionnalit\u00e9s de l'objectif, y compris l'autofocus, la stabilisation de l'image et la transmission des donn\u00e9es EXIF.<\/p>\n<p data-start=\"379\" data-end=\"808\">De conception l\u00e9g\u00e8re et compacte, cet adaptateur s'int\u00e8gre sans effort dans n'importe quel kit d'appareil photo sans ajouter d'encombrement inutile. Sa monture m\u00e9tallique durable garantit une connexion s\u00fbre et stable, tout en pr\u00e9servant les performances optiques d'origine de vos objectifs EF ou EF-S. En outre, il pr\u00e9serve les caract\u00e9ristiques de l'objectif, ce qui permet aux utilisateurs d'optimiser leur collection d'objectifs existants avec la technologie sans miroir de pointe de Canon.<\/p>\n<p data-start=\"810\" data-end=\"1150\">Parfait pour les professionnels et les passionn\u00e9s, cet adaptateur permet un flux de travail fluide pour les photographes souhaitant passer au syst\u00e8me Canon EOS R sans avoir \u00e0 r\u00e9investir dans de nouveaux objectifs. Qu'il s'agisse de prendre des photos haute r\u00e9solution ou de r\u00e9aliser des vid\u00e9os cin\u00e9matiques, l'adaptateur de monture Canon EF-EOS R garantit la compatibilit\u00e9 et la fiabilit\u00e9 de chaque prise de vue.<\/p>\n<h3 data-start=\"1152\" data-end=\"1174\"><strong data-start=\"1156\" data-end=\"1172\">Caract\u00e9ristiques principales<\/strong><\/h3>\n<ul data-start=\"1176\" data-end=\"2081\">\n<li data-start=\"1176\" data-end=\"1313\"><strong data-start=\"1178\" data-end=\"1205\">Compatibilit\u00e9 sans faille :<\/strong> Permet d'utiliser les objectifs Canon EF et EF-S avec les appareils photo sans miroir EOS R sans perdre de fonctionnalit\u00e9s.<\/li>\n<li data-start=\"1314\" data-end=\"1455\"><strong data-start=\"1316\" data-end=\"1344\">Fonctionnalit\u00e9 de l'objectif complet :<\/strong> Maintient l'autofocus, la stabilisation de l'image et la transmission des donn\u00e9es EXIF pour une exp\u00e9rience de prise de vue transparente.<\/li>\n<li data-start=\"1456\" data-end=\"1545\"><strong data-start=\"1458\" data-end=\"1481\">Construction de haute qualit\u00e9 :<\/strong> <strong data-start=\"1482\" data-end=\"1502\">Monture d'objectif en m\u00e9tal<\/strong> garantit une connexion s\u00fbre et durable.<\/li>\n<li data-start=\"1546\" data-end=\"1638\"><strong data-start=\"1548\" data-end=\"1576\">Compact et l\u00e9ger :<\/strong> Ajoute un poids minimal \u00e0 votre installation, ce qui la rend facile \u00e0 transporter.<\/li>\n<li data-start=\"1639\" data-end=\"1737\"><strong data-start=\"1641\" data-end=\"1675\">Pr\u00e9serve les performances optiques :<\/strong> Maintient la qualit\u00e9 d'image originale des objectifs EF et EF-S.<\/li>\n<li data-start=\"1738\" data-end=\"1868\"><strong data-start=\"1740\" data-end=\"1784\">Id\u00e9al pour les professionnels et les passionn\u00e9s :<\/strong> \u00c9largit les options d'objectifs pour les photographes qui passent \u00e0 la gamme de produits Canon. <strong data-start=\"1849\" data-end=\"1865\">Syst\u00e8me EOS R<\/strong>.<\/li>\n<li data-start=\"1869\" data-end=\"1970\"><strong data-start=\"1871\" data-end=\"1895\">Non El\u00e9ments optiques :<\/strong> Permet \u00e0 la lentille de conserver son champ de vision et ses caract\u00e9ristiques d'origine.<\/li>\n<li data-start=\"1971\" data-end=\"2081\"><strong data-start=\"1973\" data-end=\"1989\">Facile \u00e0 utiliser :<\/strong> Se fixe sans effort sur Canon <strong data-start=\"2021\" data-end=\"2043\">appareils photo sans miroir<\/strong>permettant une installation rapide et sans heurts.<\/li>\n<\/ul>\n<\/div>\n<\/div>\n<\/div>\n<\/div>\n<p>Louez-le maintenant \u00e0 <a href=\"https:\/\/www.cinesouk.ma\/fr\">CINESOUK<\/a> - une marque de <a href=\"https:\/\/www.broadway.ma\/\">BROADWAY PRODUCTIONS SARL.<\/a><\/p>\n<p>&nbsp;<\/p>","protected":false},"excerpt":{"rendered":"<p><strong>Sp\u00e9cifications :<\/strong><\/p>\n<ul>\n<li data-start=\"2109\" data-end=\"2151\"><strong data-start=\"2111\" data-end=\"2126\">Type de montage :<\/strong> Canon EF\/EF-S vers EOS R<\/li>\n<li data-start=\"2152\" data-end=\"2201\"><strong data-start=\"2154\" data-end=\"2167\">Mat\u00e9riau :<\/strong> Monture d'objectif en m\u00e9tal pour une plus grande durabilit\u00e9<\/li>\n<li data-start=\"2202\" data-end=\"2240\"><strong data-start=\"2204\" data-end=\"2215\">Poids :<\/strong> Environ 110 g<\/li>\n<li data-start=\"2241\" data-end=\"2304\"><strong data-start=\"2243\" data-end=\"2265\">Prise en charge de l'autofocus :<\/strong> Oui (conserve toutes les capacit\u00e9s de mise au point automatique)<\/li>\n<li data-start=\"2305\" data-end=\"2364\"><strong data-start=\"2307\" data-end=\"2331\">Stabilisation de l'image :<\/strong> Oui (si l'objectif le permet)<\/li>\n<li data-start=\"2365\" data-end=\"2439\"><strong data-start=\"2367\" data-end=\"2389\">Transmission des donn\u00e9es :<\/strong> Transfert complet des donn\u00e9es EXIF entre l'objectif et l'appareil photo<\/li>\n<li data-start=\"2440\" data-end=\"2495\"><strong data-start=\"2442\" data-end=\"2457\">Dimensions :<\/strong> 74,4 mm (diam\u00e8tre) \u00d7 24,0 mm (longueur)<\/li>\n<li data-start=\"2496\" data-end=\"2571\"><strong data-start=\"2498\" data-end=\"2516\">Compatibilit\u00e9 :<\/strong> Fonctionne avec tous les appareils photo sans miroir Canon \u00e0 monture RF<\/li>\n<li data-start=\"2572\" data-end=\"2688\"><strong data-start=\"2574\" data-end=\"2584\">Utilisation :<\/strong> Id\u00e9al pour les photographes et vid\u00e9astes qui passent d'un reflex num\u00e9rique Canon \u00e0 un syst\u00e8me sans miroir.<\/li>\n<\/ul>","protected":false},"featured_media":10375,"template":"","meta":{"om_disable_all_campaigns":false,"_monsterinsights_skip_tracking":false,"_monsterinsights_sitenote_active":false,"_monsterinsights_sitenote_note":"","_monsterinsights_sitenote_category":0,"_uf_show_specific_survey":0,"_uf_disable_surveys":false},"product_brand":[],"product_cat":[37,36],"product_tag":[],"class_list":{"0":"post-10364","1":"product","2":"type-product","3":"status-publish","4":"has-post-thumbnail","6":"product_cat-accessories-cinesouk","7":"product_cat-lenses-cinesouk","9":"entry","10":"has-media","12":"first","13":"instock","14":"taxable","15":"shipping-taxable","16":"purchasable","17":"product-type-variable","18":"has-product-nav","19":"col","20":"span_1_of_3","21":"owp-content-center","22":"owp-thumbs-layout-horizontal","23":"owp-btn-normal","24":"owp-tabs-layout-horizontal","25":"has-no-thumbnails"},"yoast_head":"<!-- This site is optimized with the Yoast SEO Premium plugin v26.0 (Yoast SEO v26.0) - https:\/\/yoast.com\/wordpress\/plugins\/seo\/ -->\n<title>Canon mount adapter EF-EOS R for EF-Mount Lens to RF-Mount camera - CineSouk - For rent<\/title>\n<meta name=\"description\" content=\"Canon Mount Adapter EF-EOS R allows EF and EF-S lenses to work seamlessly with Canon EOS R mirrorless cameras, retaining autofocus and stabilization.\" \/>\n<meta name=\"robots\" content=\"index, follow, max-snippet:-1, max-image-preview:large, max-video-preview:-1\" \/>\n<link rel=\"canonical\" href=\"https:\/\/www.cinesouk.ma\/fr\/produit\/canon-mount-adapter-ef-eos-r\/\" \/>\n<meta property=\"og:locale\" content=\"fr_FR\" \/>\n<meta property=\"og:type\" content=\"article\" \/>\n<meta property=\"og:title\" content=\"Canon mount adapter EF-EOS R for EF-Mount Lens to RF-Mount camera\" \/>\n<meta property=\"og:description\" content=\"Canon Mount Adapter EF-EOS R allows EF and EF-S lenses to work seamlessly with Canon EOS R mirrorless cameras, retaining autofocus and stabilization.\" \/>\n<meta property=\"og:url\" content=\"https:\/\/www.cinesouk.ma\/fr\/produit\/canon-mount-adapter-ef-eos-r\/\" \/>\n<meta property=\"og:site_name\" content=\"CineSouk\" \/>\n<meta property=\"article:modified_time\" content=\"2026-03-31T09:19:12+00:00\" \/>\n<meta property=\"og:image\" content=\"https:\/\/www.cinesouk.ma\/wp-content\/uploads\/2025\/02\/canon-mount-adapter-EF-EOS-R.jpg\" \/>\n\t<meta property=\"og:image:width\" content=\"300\" \/>\n\t<meta property=\"og:image:height\" content=\"238\" \/>\n\t<meta property=\"og:image:type\" content=\"image\/jpeg\" \/>\n<meta name=\"twitter:card\" content=\"summary_large_image\" \/>\n<meta name=\"twitter:description\" content=\"Canon Mount Adapter EF-EOS R allows EF and EF-S lenses to work seamlessly with Canon EOS R mirrorless cameras, retaining autofocus and stabilization.\" \/>\n<meta name=\"twitter:label1\" content=\"Dur\u00e9e de lecture estim\u00e9e\" \/>\n\t<meta name=\"twitter:data1\" content=\"2 minutes\" \/>\n<script type=\"application\/ld+json\" class=\"yoast-schema-graph\">{\"@context\":\"https:\/\/schema.org\",\"@graph\":[{\"@type\":\"WebPage\",\"@id\":\"https:\/\/www.cinesouk.ma\/product\/canon-mount-adapter-ef-eos-r\/\",\"url\":\"https:\/\/www.cinesouk.ma\/product\/canon-mount-adapter-ef-eos-r\/\",\"name\":\"Canon mount adapter EF-EOS R for EF-Mount Lens to RF-Mount camera - CineSouk - For rent\",\"isPartOf\":{\"@id\":\"https:\/\/www.cinesouk.ma\/#website\"},\"primaryImageOfPage\":{\"@id\":\"https:\/\/www.cinesouk.ma\/product\/canon-mount-adapter-ef-eos-r\/#primaryimage\"},\"image\":{\"@id\":\"https:\/\/www.cinesouk.ma\/product\/canon-mount-adapter-ef-eos-r\/#primaryimage\"},\"thumbnailUrl\":\"https:\/\/www.cinesouk.ma\/wp-content\/uploads\/2025\/02\/canon-mount-adapter-EF-EOS-R.jpg\",\"datePublished\":\"2024-11-26T08:20:17+00:00\",\"dateModified\":\"2026-03-31T09:19:12+00:00\",\"description\":\"Canon Mount Adapter EF-EOS R allows EF and EF-S lenses to work seamlessly with Canon EOS R mirrorless cameras, retaining autofocus and stabilization.\",\"breadcrumb\":{\"@id\":\"https:\/\/www.cinesouk.ma\/product\/canon-mount-adapter-ef-eos-r\/#breadcrumb\"},\"inLanguage\":\"fr-FR\",\"potentialAction\":[{\"@type\":\"ReadAction\",\"target\":[\"https:\/\/www.cinesouk.ma\/product\/canon-mount-adapter-ef-eos-r\/\"]}]},{\"@type\":\"ImageObject\",\"inLanguage\":\"fr-FR\",\"@id\":\"https:\/\/www.cinesouk.ma\/product\/canon-mount-adapter-ef-eos-r\/#primaryimage\",\"url\":\"https:\/\/www.cinesouk.ma\/wp-content\/uploads\/2025\/02\/canon-mount-adapter-EF-EOS-R.jpg\",\"contentUrl\":\"https:\/\/www.cinesouk.ma\/wp-content\/uploads\/2025\/02\/canon-mount-adapter-EF-EOS-R.jpg\",\"width\":300,\"height\":238,\"caption\":\"canon mount adapter EF-EOS R\"},{\"@type\":\"BreadcrumbList\",\"@id\":\"https:\/\/www.cinesouk.ma\/product\/canon-mount-adapter-ef-eos-r\/#breadcrumb\",\"itemListElement\":[{\"@type\":\"ListItem\",\"position\":1,\"name\":\"Home\",\"item\":\"https:\/\/www.cinesouk.ma\/\"},{\"@type\":\"ListItem\",\"position\":2,\"name\":\"Shop\",\"item\":\"https:\/\/www.cinesouk.ma\/shop\/\"},{\"@type\":\"ListItem\",\"position\":3,\"name\":\"Canon mount adapter EF-EOS R for EF-Mount Lens to RF-Mount camera\"}]},{\"@type\":\"WebSite\",\"@id\":\"https:\/\/www.cinesouk.ma\/#website\",\"url\":\"https:\/\/www.cinesouk.ma\/\",\"name\":\"CineSouk\",\"description\":\"\",\"publisher\":{\"@id\":\"https:\/\/www.cinesouk.ma\/#organization\"},\"potentialAction\":[{\"@type\":\"SearchAction\",\"target\":{\"@type\":\"EntryPoint\",\"urlTemplate\":\"https:\/\/www.cinesouk.ma\/?s={search_term_string}\"},\"query-input\":{\"@type\":\"PropertyValueSpecification\",\"valueRequired\":true,\"valueName\":\"search_term_string\"}}],\"inLanguage\":\"fr-FR\"},{\"@type\":\"Organization\",\"@id\":\"https:\/\/www.cinesouk.ma\/#organization\",\"name\":\"CineSouk\",\"url\":\"https:\/\/www.cinesouk.ma\/\",\"logo\":{\"@type\":\"ImageObject\",\"inLanguage\":\"fr-FR\",\"@id\":\"https:\/\/www.cinesouk.ma\/#\/schema\/logo\/image\/\",\"url\":\"https:\/\/www.cinesouk.ma\/wp-content\/uploads\/2024\/01\/CineSouk-logo-v01-alpha-alligned-left.png\",\"contentUrl\":\"https:\/\/www.cinesouk.ma\/wp-content\/uploads\/2024\/01\/CineSouk-logo-v01-alpha-alligned-left.png\",\"width\":3204,\"height\":889,\"caption\":\"CineSouk\"},\"image\":{\"@id\":\"https:\/\/www.cinesouk.ma\/#\/schema\/logo\/image\/\"}}]}<\/script>\n<!-- \/ Yoast SEO Premium plugin. -->","yoast_head_json":{"title":"Canon mount adapter EF-EOS R for EF-Mount Lens to RF-Mount camera - CineSouk - For rent","description":"Canon Mount Adapter EF-EOS R allows EF and EF-S lenses to work seamlessly with Canon EOS R mirrorless cameras, retaining autofocus and stabilization.","robots":{"index":"index","follow":"follow","max-snippet":"max-snippet:-1","max-image-preview":"max-image-preview:large","max-video-preview":"max-video-preview:-1"},"canonical":"https:\/\/www.cinesouk.ma\/fr\/produit\/canon-mount-adapter-ef-eos-r\/","og_locale":"fr_FR","og_type":"article","og_title":"Canon mount adapter EF-EOS R for EF-Mount Lens to RF-Mount camera","og_description":"Canon Mount Adapter EF-EOS R allows EF and EF-S lenses to work seamlessly with Canon EOS R mirrorless cameras, retaining autofocus and stabilization.","og_url":"https:\/\/www.cinesouk.ma\/fr\/produit\/canon-mount-adapter-ef-eos-r\/","og_site_name":"CineSouk","article_modified_time":"2026-03-31T09:19:12+00:00","og_image":[{"width":300,"height":238,"url":"https:\/\/www.cinesouk.ma\/wp-content\/uploads\/2025\/02\/canon-mount-adapter-EF-EOS-R.jpg","type":"image\/jpeg"}],"twitter_card":"summary_large_image","twitter_description":"Canon Mount Adapter EF-EOS R allows EF and EF-S lenses to work seamlessly with Canon EOS R mirrorless cameras, retaining autofocus and stabilization.","twitter_misc":{"Dur\u00e9e de lecture estim\u00e9e":"2 minutes"},"schema":{"@context":"https:\/\/schema.org","@graph":[{"@type":"WebPage","@id":"https:\/\/www.cinesouk.ma\/product\/canon-mount-adapter-ef-eos-r\/","url":"https:\/\/www.cinesouk.ma\/product\/canon-mount-adapter-ef-eos-r\/","name":"Canon mount adapter EF-EOS R for EF-Mount Lens to RF-Mount camera - CineSouk - For rent","isPartOf":{"@id":"https:\/\/www.cinesouk.ma\/#website"},"primaryImageOfPage":{"@id":"https:\/\/www.cinesouk.ma\/product\/canon-mount-adapter-ef-eos-r\/#primaryimage"},"image":{"@id":"https:\/\/www.cinesouk.ma\/product\/canon-mount-adapter-ef-eos-r\/#primaryimage"},"thumbnailUrl":"https:\/\/www.cinesouk.ma\/wp-content\/uploads\/2025\/02\/canon-mount-adapter-EF-EOS-R.jpg","datePublished":"2024-11-26T08:20:17+00:00","dateModified":"2026-03-31T09:19:12+00:00","description":"Canon Mount Adapter EF-EOS R allows EF and EF-S lenses to work seamlessly with Canon EOS R mirrorless cameras, retaining autofocus and stabilization.","breadcrumb":{"@id":"https:\/\/www.cinesouk.ma\/product\/canon-mount-adapter-ef-eos-r\/#breadcrumb"},"inLanguage":"fr-FR","potentialAction":[{"@type":"ReadAction","target":["https:\/\/www.cinesouk.ma\/product\/canon-mount-adapter-ef-eos-r\/"]}]},{"@type":"ImageObject","inLanguage":"fr-FR","@id":"https:\/\/www.cinesouk.ma\/product\/canon-mount-adapter-ef-eos-r\/#primaryimage","url":"https:\/\/www.cinesouk.ma\/wp-content\/uploads\/2025\/02\/canon-mount-adapter-EF-EOS-R.jpg","contentUrl":"https:\/\/www.cinesouk.ma\/wp-content\/uploads\/2025\/02\/canon-mount-adapter-EF-EOS-R.jpg","width":300,"height":238,"caption":"canon mount adapter EF-EOS R"},{"@type":"BreadcrumbList","@id":"https:\/\/www.cinesouk.ma\/product\/canon-mount-adapter-ef-eos-r\/#breadcrumb","itemListElement":[{"@type":"ListItem","position":1,"name":"Home","item":"https:\/\/www.cinesouk.ma\/"},{"@type":"ListItem","position":2,"name":"Shop","item":"https:\/\/www.cinesouk.ma\/shop\/"},{"@type":"ListItem","position":3,"name":"Canon mount adapter EF-EOS R for EF-Mount Lens to RF-Mount camera"}]},{"@type":"WebSite","@id":"https:\/\/www.cinesouk.ma\/#website","url":"https:\/\/www.cinesouk.ma\/","name":"CineSouk","description":"","publisher":{"@id":"https:\/\/www.cinesouk.ma\/#organization"},"potentialAction":[{"@type":"SearchAction","target":{"@type":"EntryPoint","urlTemplate":"https:\/\/www.cinesouk.ma\/?s={search_term_string}"},"query-input":{"@type":"PropertyValueSpecification","valueRequired":true,"valueName":"search_term_string"}}],"inLanguage":"fr-FR"},{"@type":"Organization","@id":"https:\/\/www.cinesouk.ma\/#organization","name":"CineSouk","url":"https:\/\/www.cinesouk.ma\/","logo":{"@type":"ImageObject","inLanguage":"fr-FR","@id":"https:\/\/www.cinesouk.ma\/#\/schema\/logo\/image\/","url":"https:\/\/www.cinesouk.ma\/wp-content\/uploads\/2024\/01\/CineSouk-logo-v01-alpha-alligned-left.png","contentUrl":"https:\/\/www.cinesouk.ma\/wp-content\/uploads\/2024\/01\/CineSouk-logo-v01-alpha-alligned-left.png","width":3204,"height":889,"caption":"CineSouk"},"image":{"@id":"https:\/\/www.cinesouk.ma\/#\/schema\/logo\/image\/"}}]}},"_links":{"self":[{"href":"https:\/\/www.cinesouk.ma\/fr\/wp-json\/wp\/v2\/product\/10364","targetHints":{"allow":["GET"]}}],"collection":[{"href":"https:\/\/www.cinesouk.ma\/fr\/wp-json\/wp\/v2\/product"}],"about":[{"href":"https:\/\/www.cinesouk.ma\/fr\/wp-json\/wp\/v2\/types\/product"}],"wp:featuredmedia":[{"embeddable":true,"href":"https:\/\/www.cinesouk.ma\/fr\/wp-json\/wp\/v2\/media\/10375"}],"wp:attachment":[{"href":"https:\/\/www.cinesouk.ma\/fr\/wp-json\/wp\/v2\/media?parent=10364"}],"wp:term":[{"taxonomy":"product_brand","embeddable":true,"href":"https:\/\/www.cinesouk.ma\/fr\/wp-json\/wp\/v2\/product_brand?post=10364"},{"taxonomy":"product_cat","embeddable":true,"href":"https:\/\/www.cinesouk.ma\/fr\/wp-json\/wp\/v2\/product_cat?post=10364"},{"taxonomy":"product_tag","embeddable":true,"href":"https:\/\/www.cinesouk.ma\/fr\/wp-json\/wp\/v2\/product_tag?post=10364"}],"curies":[{"name":"wp","href":"https:\/\/api.w.org\/{rel}","templated":true}]}}