{"id":10378,"date":"2025-02-20T08:13:04","date_gmt":"2025-02-20T08:13:04","guid":{"rendered":"https:\/\/www.cinesouk.ma\/?post_type=product&#038;p=10378"},"modified":"2026-02-05T15:37:29","modified_gmt":"2026-02-05T15:37:29","slug":"profoto-b1-500-kit","status":"publish","type":"product","link":"https:\/\/www.cinesouk.ma\/fr\/produit\/profoto-b1-500-kit\/","title":{"rendered":"Profoto B1 500 kit"},"content":{"rendered":"<p data-start=\"67\" data-end=\"546\">Le Profoto B1 500 Kit est un flash de studio polyvalent et performant, con\u00e7u pour les photographes qui ont besoin de puissance et de flexibilit\u00e9 sur le terrain. En tant que pr\u00e9d\u00e9cesseur du B1X, il reste un choix de premier ordre pour les professionnels, offrant une qualit\u00e9 de lumi\u00e8re exceptionnelle, des temps de recyclage rapides et un fonctionnement sans fil complet. De plus, sa batterie int\u00e9gr\u00e9e permet une utilisation ind\u00e9pendante sans prise de courant, garantissant une prise de vue ininterrompue dans n'importe quel environnement.<\/p>\n<h3 data-start=\"548\" data-end=\"605\"><strong data-start=\"552\" data-end=\"603\">Fonctionnement sans fil facile pour une commodit\u00e9 maximale<\/strong><\/h3>\n<p data-start=\"607\" data-end=\"970\">Le B1 500 est dot\u00e9 d'une construction solide et d'une interface intuitive, ce qui permet une installation rapide et un fonctionnement sans faille. De plus, le grand \u00e9cran LCD offre un acc\u00e8s clair aux r\u00e9glages, ce qui facilite les ajustements. Comme il fonctionne enti\u00e8rement sans fil, il n'est pas n\u00e9cessaire d'utiliser des c\u00e2bles encombrants, ce qui offre une plus grande libert\u00e9 sur le plateau.<\/p>\n<h3 data-start=\"972\" data-end=\"1034\"><strong data-start=\"976\" data-end=\"1032\">Synchronisation haute vitesse (HSS) pour un contr\u00f4le polyvalent de l'\u00e9clairage<\/strong><\/h3>\n<p data-start=\"1036\" data-end=\"1340\">Les conditions d'\u00e9clairage changent souvent de mani\u00e8re impr\u00e9visible, mais la prise en charge HSS du B1 500 permet d'utiliser le flash avec des vitesses d'obturation allant jusqu'\u00e0 1\/8 000s. Cette capacit\u00e9 permet des ajustements pr\u00e9cis de l'exposition, l'assombrissement de l'arri\u00e8re-plan et l'am\u00e9lioration du d\u00e9tail des ombres, ce qui en fait l'appareil id\u00e9al pour les environnements ext\u00e9rieurs lumineux.<\/p>\n<h3 data-start=\"1342\" data-end=\"1400\"><strong data-start=\"1346\" data-end=\"1398\">Une puissance de sortie exceptionnelle pour les prises de vue professionnelles<\/strong><\/h3>\n<p data-start=\"1402\" data-end=\"1750\">Avec une puissance de 500 W, le B1 500 offre un rendement environ dix fois sup\u00e9rieur \u00e0 celui des flashes standard. De plus, ses r\u00e9glages de puissance s'ajustent par incr\u00e9ments de 1\/10 F-stop, offrant un contr\u00f4le de pr\u00e9cision. La lampe pilote LED am\u00e9liore encore la pr\u00e9cision de l'\u00e9clairage avant la prise de vue, garantissant des r\u00e9sultats coh\u00e9rents et professionnels.<\/p>\n<h3 data-start=\"1752\" data-end=\"1810\"><strong data-start=\"1756\" data-end=\"1808\">Performances fiables de la batterie et recharge rapide<\/strong><\/h3>\n<p data-start=\"1812\" data-end=\"2069\">La batterie au lithium-ion prend en charge 325 flashs \u00e0 pleine puissance par charge, ce qui permet de longues sessions sans remplacement fr\u00e9quent de la batterie. En outre, le chargeur de 4,5 A r\u00e9tablit rapidement la puissance de la batterie, ce qui permet de maintenir un flux de travail efficace avec un minimum de temps d'arr\u00eat.<\/p>\n<h3 data-start=\"2071\" data-end=\"2130\"><strong data-start=\"2075\" data-end=\"2128\">Con\u00e7u pour la vitesse, la durabilit\u00e9 et l'utilisation professionnelle<\/strong><\/h3>\n<p data-start=\"2132\" data-end=\"2439\" data-is-last-node=\"\" data-is-only-node=\"\">Con\u00e7u pour les prises de vue rapides, le B1 500 peut produire jusqu'\u00e0 20 \u00e9clairs par seconde, ce qui le rend id\u00e9al pour capturer l'action et le mouvement. De plus, sa construction robuste r\u00e9siste aux conditions difficiles, garantissant une solution de flash fiable et durable pour les photographes professionnels.<\/p>\n<p>Louez-le maintenant sur <a href=\"https:\/\/www.cinesouk.ma\/fr\">CINESOUK<\/a> - une marque de <a href=\"https:\/\/www.broadway.ma\/\">BROADWAY PRODUCTIONS SARL.<\/a><\/p>","protected":false},"excerpt":{"rendered":"<p><strong>Sp\u00e9cifications<\/strong><\/p>\n<ul>\n<li data-start=\"47\" data-end=\"113\"><strong data-start=\"49\" data-end=\"65\">Puissance de sortie<\/strong>: 500Ws (r\u00e9glable par incr\u00e9ments de 1\/10 F-stop)<\/li>\n<li data-start=\"114\" data-end=\"195\"><strong data-start=\"116\" data-end=\"134\">Dur\u00e9e du flash<\/strong>: 1\/19 000s (t0,5) \u00e0 la puissance minimale, 1\/1 000s \u00e0 la puissance maximale<\/li>\n<li data-start=\"196\" data-end=\"237\"><strong data-start=\"198\" data-end=\"216\">Temps de recyclage<\/strong>: 0,1 - 1,9 secondes<\/li>\n<li data-start=\"238\" data-end=\"283\"><strong data-start=\"240\" data-end=\"265\">Synchronisation haute vitesse (HSS)<\/strong>: Jusqu'\u00e0 1\/8 000s<\/li>\n<li data-start=\"284\" data-end=\"346\"><strong data-start=\"286\" data-end=\"308\">Lampe pilote LED<\/strong>: 130W \u00e9quivalent, puissance r\u00e9glable<\/li>\n<li data-start=\"347\" data-end=\"399\"><strong data-start=\"349\" data-end=\"365\">Type de batterie<\/strong>: Lithium-Ion MkII, rechargeable<\/li>\n<li data-start=\"400\" data-end=\"465\"><strong data-start=\"402\" data-end=\"422\">Capacit\u00e9 de la batterie<\/strong>: Jusqu'\u00e0 325 \u00e9clairs \u00e0 pleine puissance par charge<\/li>\n<li data-start=\"466\" data-end=\"537\"><strong data-start=\"468\" data-end=\"485\">Temps de charge<\/strong>Dur\u00e9e de vie : 80 min (chargeur standard), 60 min (chargeur rapide)<\/li>\n<li data-start=\"538\" data-end=\"618\"><strong data-start=\"540\" data-end=\"564\">D\u00e9clenchement et contr\u00f4le<\/strong>: Sans fil via le syst\u00e8me Profoto Air (jusqu'\u00e0 300 m de port\u00e9e)<\/li>\n<li data-start=\"619\" data-end=\"680\"><strong data-start=\"621\" data-end=\"635\">Type de montage<\/strong>: Compatibilit\u00e9 des outils de fa\u00e7onnage de la lumi\u00e8re Profoto<\/li>\n<li data-start=\"681\" data-end=\"721\"><strong data-start=\"683\" data-end=\"693\">Poids<\/strong>: 3 kg (batterie comprise)<\/li>\n<\/ul>","protected":false},"featured_media":8603,"template":"","meta":{"om_disable_all_campaigns":false,"_monsterinsights_skip_tracking":false,"_monsterinsights_sitenote_active":false,"_monsterinsights_sitenote_note":"","_monsterinsights_sitenote_category":0,"_uf_show_specific_survey":0,"_uf_disable_surveys":false},"product_brand":[],"product_cat":[135,76,20,79,53],"product_tag":[],"class_list":{"0":"post-10378","1":"product","2":"type-product","3":"status-publish","4":"has-post-thumbnail","6":"product_cat-photography-eventsouk","7":"product_cat-bundles-and-kits-cinesouk","8":"product_cat-light-cinesouk","9":"product_cat-photography-cinesouk","10":"product_cat-popular-cinesouk","12":"entry","13":"has-media","15":"first","16":"instock","17":"taxable","18":"shipping-taxable","19":"purchasable","20":"product-type-variable","21":"has-product-nav","22":"col","23":"span_1_of_3","24":"owp-content-center","25":"owp-thumbs-layout-horizontal","26":"owp-btn-normal","27":"owp-tabs-layout-horizontal","28":"has-no-thumbnails"},"yoast_head":"<!-- This site is optimized with the Yoast SEO Premium plugin v26.0 (Yoast SEO v26.0) - https:\/\/yoast.com\/wordpress\/plugins\/seo\/ -->\n<title>Profoto B1 500 kit - CineSouk<\/title>\n<meta name=\"description\" content=\"The Profoto B1 500 Kit delivers 500Ws of portable power, HSS up to 1\/8,000s, and wireless control, making it perfect for on-location photography.\" \/>\n<meta name=\"robots\" content=\"index, follow, max-snippet:-1, max-image-preview:large, max-video-preview:-1\" \/>\n<link rel=\"canonical\" href=\"https:\/\/www.cinesouk.ma\/fr\/produit\/profoto-b1-500-kit\/\" \/>\n<meta property=\"og:locale\" content=\"fr_FR\" \/>\n<meta property=\"og:type\" content=\"article\" \/>\n<meta property=\"og:title\" content=\"Profoto B1 500 kit\" \/>\n<meta property=\"og:description\" content=\"The Profoto B1 500 Kit delivers 500Ws of portable power, HSS up to 1\/8,000s, and wireless control, making it perfect for on-location photography.\" \/>\n<meta property=\"og:url\" content=\"https:\/\/www.cinesouk.ma\/fr\/produit\/profoto-b1-500-kit\/\" \/>\n<meta property=\"og:site_name\" content=\"CineSouk\" \/>\n<meta property=\"article:modified_time\" content=\"2026-02-05T15:37:29+00:00\" \/>\n<meta property=\"og:image\" content=\"https:\/\/www.cinesouk.ma\/wp-content\/uploads\/2024\/10\/Profoto-B1X-500-AIRTTL-kit_1.jpg\" \/>\n\t<meta property=\"og:image:width\" content=\"300\" \/>\n\t<meta property=\"og:image:height\" content=\"238\" \/>\n\t<meta property=\"og:image:type\" content=\"image\/jpeg\" \/>\n<meta name=\"twitter:card\" content=\"summary_large_image\" \/>\n<meta name=\"twitter:description\" content=\"The Profoto B1 500 Kit delivers 500Ws of portable power, HSS up to 1\/8,000s, and wireless control, making it perfect for on-location photography.\" \/>\n<meta name=\"twitter:label1\" content=\"Dur\u00e9e de lecture estim\u00e9e\" \/>\n\t<meta name=\"twitter:data1\" content=\"2 minutes\" \/>\n<script type=\"application\/ld+json\" class=\"yoast-schema-graph\">{\"@context\":\"https:\/\/schema.org\",\"@graph\":[{\"@type\":\"WebPage\",\"@id\":\"https:\/\/www.cinesouk.ma\/product\/profoto-b1-500-kit\/\",\"url\":\"https:\/\/www.cinesouk.ma\/product\/profoto-b1-500-kit\/\",\"name\":\"Profoto B1 500 kit - CineSouk\",\"isPartOf\":{\"@id\":\"https:\/\/www.cinesouk.ma\/#website\"},\"primaryImageOfPage\":{\"@id\":\"https:\/\/www.cinesouk.ma\/product\/profoto-b1-500-kit\/#primaryimage\"},\"image\":{\"@id\":\"https:\/\/www.cinesouk.ma\/product\/profoto-b1-500-kit\/#primaryimage\"},\"thumbnailUrl\":\"https:\/\/www.cinesouk.ma\/wp-content\/uploads\/2024\/10\/Profoto-B1X-500-AIRTTL-kit_1.jpg\",\"datePublished\":\"2025-02-20T08:13:04+00:00\",\"dateModified\":\"2026-02-05T15:37:29+00:00\",\"description\":\"The Profoto B1 500 Kit delivers 500Ws of portable power, HSS up to 1\/8,000s, and wireless control, making it perfect for on-location photography.\",\"breadcrumb\":{\"@id\":\"https:\/\/www.cinesouk.ma\/product\/profoto-b1-500-kit\/#breadcrumb\"},\"inLanguage\":\"fr-FR\",\"potentialAction\":[{\"@type\":\"ReadAction\",\"target\":[\"https:\/\/www.cinesouk.ma\/product\/profoto-b1-500-kit\/\"]}]},{\"@type\":\"ImageObject\",\"inLanguage\":\"fr-FR\",\"@id\":\"https:\/\/www.cinesouk.ma\/product\/profoto-b1-500-kit\/#primaryimage\",\"url\":\"https:\/\/www.cinesouk.ma\/wp-content\/uploads\/2024\/10\/Profoto-B1X-500-AIRTTL-kit_1.jpg\",\"contentUrl\":\"https:\/\/www.cinesouk.ma\/wp-content\/uploads\/2024\/10\/Profoto-B1X-500-AIRTTL-kit_1.jpg\",\"width\":300,\"height\":238,\"caption\":\"Profoto B1X 500 AIRTTL kit\"},{\"@type\":\"BreadcrumbList\",\"@id\":\"https:\/\/www.cinesouk.ma\/product\/profoto-b1-500-kit\/#breadcrumb\",\"itemListElement\":[{\"@type\":\"ListItem\",\"position\":1,\"name\":\"Home\",\"item\":\"https:\/\/www.cinesouk.ma\/\"},{\"@type\":\"ListItem\",\"position\":2,\"name\":\"Shop\",\"item\":\"https:\/\/www.cinesouk.ma\/shop\/\"},{\"@type\":\"ListItem\",\"position\":3,\"name\":\"Profoto B1 500 kit\"}]},{\"@type\":\"WebSite\",\"@id\":\"https:\/\/www.cinesouk.ma\/#website\",\"url\":\"https:\/\/www.cinesouk.ma\/\",\"name\":\"CineSouk\",\"description\":\"\",\"publisher\":{\"@id\":\"https:\/\/www.cinesouk.ma\/#organization\"},\"potentialAction\":[{\"@type\":\"SearchAction\",\"target\":{\"@type\":\"EntryPoint\",\"urlTemplate\":\"https:\/\/www.cinesouk.ma\/?s={search_term_string}\"},\"query-input\":{\"@type\":\"PropertyValueSpecification\",\"valueRequired\":true,\"valueName\":\"search_term_string\"}}],\"inLanguage\":\"fr-FR\"},{\"@type\":\"Organization\",\"@id\":\"https:\/\/www.cinesouk.ma\/#organization\",\"name\":\"CineSouk\",\"url\":\"https:\/\/www.cinesouk.ma\/\",\"logo\":{\"@type\":\"ImageObject\",\"inLanguage\":\"fr-FR\",\"@id\":\"https:\/\/www.cinesouk.ma\/#\/schema\/logo\/image\/\",\"url\":\"https:\/\/www.cinesouk.ma\/wp-content\/uploads\/2024\/01\/CineSouk-logo-v01-alpha-alligned-left.png\",\"contentUrl\":\"https:\/\/www.cinesouk.ma\/wp-content\/uploads\/2024\/01\/CineSouk-logo-v01-alpha-alligned-left.png\",\"width\":3204,\"height\":889,\"caption\":\"CineSouk\"},\"image\":{\"@id\":\"https:\/\/www.cinesouk.ma\/#\/schema\/logo\/image\/\"}}]}<\/script>\n<!-- \/ Yoast SEO Premium plugin. -->","yoast_head_json":{"title":"Profoto B1 500 kit - CineSouk","description":"The Profoto B1 500 Kit delivers 500Ws of portable power, HSS up to 1\/8,000s, and wireless control, making it perfect for on-location photography.","robots":{"index":"index","follow":"follow","max-snippet":"max-snippet:-1","max-image-preview":"max-image-preview:large","max-video-preview":"max-video-preview:-1"},"canonical":"https:\/\/www.cinesouk.ma\/fr\/produit\/profoto-b1-500-kit\/","og_locale":"fr_FR","og_type":"article","og_title":"Profoto B1 500 kit","og_description":"The Profoto B1 500 Kit delivers 500Ws of portable power, HSS up to 1\/8,000s, and wireless control, making it perfect for on-location photography.","og_url":"https:\/\/www.cinesouk.ma\/fr\/produit\/profoto-b1-500-kit\/","og_site_name":"CineSouk","article_modified_time":"2026-02-05T15:37:29+00:00","og_image":[{"width":300,"height":238,"url":"https:\/\/www.cinesouk.ma\/wp-content\/uploads\/2024\/10\/Profoto-B1X-500-AIRTTL-kit_1.jpg","type":"image\/jpeg"}],"twitter_card":"summary_large_image","twitter_description":"The Profoto B1 500 Kit delivers 500Ws of portable power, HSS up to 1\/8,000s, and wireless control, making it perfect for on-location photography.","twitter_misc":{"Dur\u00e9e de lecture estim\u00e9e":"2 minutes"},"schema":{"@context":"https:\/\/schema.org","@graph":[{"@type":"WebPage","@id":"https:\/\/www.cinesouk.ma\/product\/profoto-b1-500-kit\/","url":"https:\/\/www.cinesouk.ma\/product\/profoto-b1-500-kit\/","name":"Profoto B1 500 kit - CineSouk","isPartOf":{"@id":"https:\/\/www.cinesouk.ma\/#website"},"primaryImageOfPage":{"@id":"https:\/\/www.cinesouk.ma\/product\/profoto-b1-500-kit\/#primaryimage"},"image":{"@id":"https:\/\/www.cinesouk.ma\/product\/profoto-b1-500-kit\/#primaryimage"},"thumbnailUrl":"https:\/\/www.cinesouk.ma\/wp-content\/uploads\/2024\/10\/Profoto-B1X-500-AIRTTL-kit_1.jpg","datePublished":"2025-02-20T08:13:04+00:00","dateModified":"2026-02-05T15:37:29+00:00","description":"The Profoto B1 500 Kit delivers 500Ws of portable power, HSS up to 1\/8,000s, and wireless control, making it perfect for on-location photography.","breadcrumb":{"@id":"https:\/\/www.cinesouk.ma\/product\/profoto-b1-500-kit\/#breadcrumb"},"inLanguage":"fr-FR","potentialAction":[{"@type":"ReadAction","target":["https:\/\/www.cinesouk.ma\/product\/profoto-b1-500-kit\/"]}]},{"@type":"ImageObject","inLanguage":"fr-FR","@id":"https:\/\/www.cinesouk.ma\/product\/profoto-b1-500-kit\/#primaryimage","url":"https:\/\/www.cinesouk.ma\/wp-content\/uploads\/2024\/10\/Profoto-B1X-500-AIRTTL-kit_1.jpg","contentUrl":"https:\/\/www.cinesouk.ma\/wp-content\/uploads\/2024\/10\/Profoto-B1X-500-AIRTTL-kit_1.jpg","width":300,"height":238,"caption":"Profoto B1X 500 AIRTTL kit"},{"@type":"BreadcrumbList","@id":"https:\/\/www.cinesouk.ma\/product\/profoto-b1-500-kit\/#breadcrumb","itemListElement":[{"@type":"ListItem","position":1,"name":"Home","item":"https:\/\/www.cinesouk.ma\/"},{"@type":"ListItem","position":2,"name":"Shop","item":"https:\/\/www.cinesouk.ma\/shop\/"},{"@type":"ListItem","position":3,"name":"Profoto B1 500 kit"}]},{"@type":"WebSite","@id":"https:\/\/www.cinesouk.ma\/#website","url":"https:\/\/www.cinesouk.ma\/","name":"CineSouk","description":"","publisher":{"@id":"https:\/\/www.cinesouk.ma\/#organization"},"potentialAction":[{"@type":"SearchAction","target":{"@type":"EntryPoint","urlTemplate":"https:\/\/www.cinesouk.ma\/?s={search_term_string}"},"query-input":{"@type":"PropertyValueSpecification","valueRequired":true,"valueName":"search_term_string"}}],"inLanguage":"fr-FR"},{"@type":"Organization","@id":"https:\/\/www.cinesouk.ma\/#organization","name":"CineSouk","url":"https:\/\/www.cinesouk.ma\/","logo":{"@type":"ImageObject","inLanguage":"fr-FR","@id":"https:\/\/www.cinesouk.ma\/#\/schema\/logo\/image\/","url":"https:\/\/www.cinesouk.ma\/wp-content\/uploads\/2024\/01\/CineSouk-logo-v01-alpha-alligned-left.png","contentUrl":"https:\/\/www.cinesouk.ma\/wp-content\/uploads\/2024\/01\/CineSouk-logo-v01-alpha-alligned-left.png","width":3204,"height":889,"caption":"CineSouk"},"image":{"@id":"https:\/\/www.cinesouk.ma\/#\/schema\/logo\/image\/"}}]}},"_links":{"self":[{"href":"https:\/\/www.cinesouk.ma\/fr\/wp-json\/wp\/v2\/product\/10378","targetHints":{"allow":["GET"]}}],"collection":[{"href":"https:\/\/www.cinesouk.ma\/fr\/wp-json\/wp\/v2\/product"}],"about":[{"href":"https:\/\/www.cinesouk.ma\/fr\/wp-json\/wp\/v2\/types\/product"}],"wp:featuredmedia":[{"embeddable":true,"href":"https:\/\/www.cinesouk.ma\/fr\/wp-json\/wp\/v2\/media\/8603"}],"wp:attachment":[{"href":"https:\/\/www.cinesouk.ma\/fr\/wp-json\/wp\/v2\/media?parent=10378"}],"wp:term":[{"taxonomy":"product_brand","embeddable":true,"href":"https:\/\/www.cinesouk.ma\/fr\/wp-json\/wp\/v2\/product_brand?post=10378"},{"taxonomy":"product_cat","embeddable":true,"href":"https:\/\/www.cinesouk.ma\/fr\/wp-json\/wp\/v2\/product_cat?post=10378"},{"taxonomy":"product_tag","embeddable":true,"href":"https:\/\/www.cinesouk.ma\/fr\/wp-json\/wp\/v2\/product_tag?post=10378"}],"curies":[{"name":"wp","href":"https:\/\/api.w.org\/{rel}","templated":true}]}}