{"id":1040,"date":"2024-01-09T10:30:30","date_gmt":"2024-01-09T10:30:30","guid":{"rendered":"https:\/\/www.cinesouk.ma\/?post_type=product&#038;p=1040"},"modified":"2025-03-21T10:55:41","modified_gmt":"2025-03-21T10:55:41","slug":"sennheiser-ew-iem-g4-solo-a-band","status":"publish","type":"product","link":"https:\/\/www.cinesouk.ma\/fr\/produit\/sennheiser-ew-iem-g4-solo-a-band\/","title":{"rendered":"Sennheiser EW IEM G4 Solo A-band"},"content":{"rendered":"<p>Le casque Sennheiser EW IEM G4 Solo A-band est con\u00e7u pour vous offrir un contr\u00f4le sans fil exceptionnel. Compos\u00e9 d'un r\u00e9cepteur de poche, d'un casque intra-auriculaire IE 4 de Sennheiser et d'un \u00e9metteur st\u00e9r\u00e9o demi-rack, il vous permet de b\u00e9n\u00e9ficier d'un monitoring d'une clart\u00e9 cristalline et d'une durabilit\u00e9 exceptionnelle. Un \u00e9cran OLED facile \u00e0 lire vous permet de configurer votre syst\u00e8me en quelques secondes, tout en fournissant des informations cl\u00e9s en un coup d'\u0153il.<\/p>\n<p>Le syst\u00e8me EW IEM vous permet d'obtenir les r\u00e9sultats que vous recherchez, \u00e0 chaque fois. Vous b\u00e9n\u00e9ficiez d'une transmission fiable avec une port\u00e9e allant jusqu'\u00e0 100 m\u00e8tres, tandis que la synchronisation infrarouge rapide et intuitive vous permet d'\u00eatre op\u00e9rationnel en quelques secondes. Et avec 16 canaux pouvant \u00eatre utilis\u00e9s simultan\u00e9ment dans le m\u00eame espace, vous pouvez construire un syst\u00e8me puissant pour n'importe quelle situation, petite ou grande.<\/p>\n<h4 class=\"content-heading\">Sp\u00e9cifications du produit<\/h4>\n<ul>\n<li>Sennheiser EW IEM G4-A<\/li>\n<li>ensemble d'\u00e9couteurs sans fil<\/li>\n<li>bande de fr\u00e9quences A : 516-558 MHz<\/li>\n<li>compatible avec le logiciel WSM<\/li>\n<li>synchronisation par infrarouge<\/li>\n<li>syst\u00e8me\n<ul>\n<li>largeur de bande : 42 MHz<\/li>\n<li>port\u00e9e : jusqu'\u00e0 100 m\u00e8tres<\/li>\n<li>nombre de canaux : 6 banques de 16 canaux<\/li>\n<li>THD : &lt;0,9%<\/li>\n<li>Rapport S\/B : 90 dB<\/li>\n<li>RF Mute on \/ off<\/li>\n<li>mode : st\u00e9r\u00e9o, mono et mode focus<\/li>\n<li>mode ing\u00e9nieur : l'ing\u00e9nieur du son peut \u00e9couter \u00e0 distance<\/li>\n<\/ul>\n<\/li>\n<li>Emetteur SR IEM G4\n<ul>\n<li>\u00e9cran OLED lumineux<\/li>\n<li>bo\u00eetier m\u00e9tallique<\/li>\n<li>puissance RF r\u00e9glable : 10, 30 et 50 mW<\/li>\n<li>connexions\n<ul>\n<li>2x XLR\/TRS combi (entr\u00e9e, G\/D)<\/li>\n<li>2 prises jack TRS 6,3 mm (sortie en boucle, G\/D)<\/li>\n<li>RJ45 (Ethernet)<\/li>\n<li>BNC (signal d'antenne et alimentation)<\/li>\n<li>adaptateur de courant<\/li>\n<\/ul>\n<\/li>\n<li>dimensions : 202 x 212 x 43 mm (LxLxH)<\/li>\n<li>poids : 980 gr<\/li>\n<\/ul>\n<\/li>\n<li>Bo\u00eetier de poche EK IEM G4\n<ul>\n<li>puissance : 2x 100 mW<\/li>\n<li>imp\u00e9dance : 32 Ohm<\/li>\n<li>autonomie de la batterie : 4-6 heures<\/li>\n<li>alimentation \u00e9lectrique : 2 piles AA ou batterie BA 2015 disponible s\u00e9par\u00e9ment<\/li>\n<li>dimensions : 24 x 64 x 82 mm (LxLxH)<\/li>\n<li>poids : 125 gr (avec les piles)<\/li>\n<\/ul>\n<\/li>\n<\/ul>\n<p>Louez-le maintenant sur <a href=\"https:\/\/www.cinesouk.ma\/fr\">CINESOUK<\/a> - une marque de <a href=\"https:\/\/www.broadway.ma\/\">BROADWAY PRODUCTIONS SARL.<\/a><\/p>","protected":false},"excerpt":{"rendered":"<p>Sp\u00e9cifications<\/p>\n<p>SR IEM G4<\/p>\n<p>Gamme de fr\u00e9quences : 516 - 558 MHz<br \/>\nE\/S : 2x XLR-3, prise jack st\u00e9r\u00e9o<br \/>\nR\u00e9ponse en fr\u00e9quence AF : 25 Hz \u00e0 15 kHz<\/p>\n<p>EK IEM G4<\/p>\n<p>Dur\u00e9e de fonctionnement : 4 - 6 heures<br \/>\nFr\u00e9quence de r\u00e9ception : Max 1680 fr\u00e9quences, r\u00e9glables par pas de 25 kHz et 20 banques de fr\u00e9quences<\/p>","protected":false},"featured_media":1046,"template":"","meta":{"om_disable_all_campaigns":false,"_monsterinsights_skip_tracking":false,"_monsterinsights_sitenote_active":false,"_monsterinsights_sitenote_note":"","_monsterinsights_sitenote_category":0,"_uf_show_specific_survey":0,"_uf_disable_surveys":false},"product_brand":[],"product_cat":[86,35],"product_tag":[],"class_list":{"0":"post-1040","1":"product","2":"type-product","3":"status-publish","4":"has-post-thumbnail","6":"product_cat-foh-cinesouk","7":"product_cat-sound-cinesouk","9":"entry","10":"has-media","12":"first","13":"instock","14":"taxable","15":"shipping-taxable","16":"purchasable","17":"product-type-variable","18":"has-product-nav","19":"col","20":"span_1_of_3","21":"owp-content-center","22":"owp-thumbs-layout-horizontal","23":"owp-btn-normal","24":"owp-tabs-layout-horizontal","25":"has-no-thumbnails"},"yoast_head":"<!-- This site is optimized with the Yoast SEO Premium plugin v26.0 (Yoast SEO v26.0) - https:\/\/yoast.com\/wordpress\/plugins\/seo\/ -->\n<title>Sennheiser EW IEM G4 Solo A-band - Marrakech | Morocco - CineSouk - For rent<\/title>\n<meta name=\"description\" content=\"The Sennheiser EW IEM G4 Solo A-band therefore features the powerful SR IEM G4 transmitter, EK IEM G4 bodypack and the IE 4 in-ears.\" \/>\n<meta name=\"robots\" content=\"index, follow, max-snippet:-1, max-image-preview:large, max-video-preview:-1\" \/>\n<link rel=\"canonical\" href=\"https:\/\/www.cinesouk.ma\/fr\/produit\/sennheiser-ew-iem-g4-solo-a-band\/\" \/>\n<meta property=\"og:locale\" content=\"fr_FR\" \/>\n<meta property=\"og:type\" content=\"article\" \/>\n<meta property=\"og:title\" content=\"Sennheiser EW IEM G4 Solo A-band\" \/>\n<meta property=\"og:description\" content=\"The Sennheiser EW IEM G4 Solo A-band therefore features the powerful SR IEM G4 transmitter, EK IEM G4 bodypack and the IE 4 in-ears.\" \/>\n<meta property=\"og:url\" content=\"https:\/\/www.cinesouk.ma\/fr\/produit\/sennheiser-ew-iem-g4-solo-a-band\/\" \/>\n<meta property=\"og:site_name\" content=\"CineSouk\" \/>\n<meta property=\"article:modified_time\" content=\"2025-03-21T10:55:41+00:00\" \/>\n<meta property=\"og:image\" content=\"https:\/\/www.cinesouk.ma\/wp-content\/uploads\/2024\/01\/Sennheiser-EW-IEM-G4-SOLO.jpg\" \/>\n\t<meta property=\"og:image:width\" content=\"300\" \/>\n\t<meta property=\"og:image:height\" content=\"238\" \/>\n\t<meta property=\"og:image:type\" content=\"image\/jpeg\" \/>\n<meta name=\"twitter:card\" content=\"summary_large_image\" \/>\n<meta name=\"twitter:description\" content=\"The Sennheiser EW IEM G4 Solo A-band therefore features the powerful SR IEM G4 transmitter, EK IEM G4 bodypack and the IE 4 in-ears.\" \/>\n<meta name=\"twitter:label1\" content=\"Dur\u00e9e de lecture estim\u00e9e\" \/>\n\t<meta name=\"twitter:data1\" content=\"2 minutes\" \/>\n<script type=\"application\/ld+json\" class=\"yoast-schema-graph\">{\"@context\":\"https:\/\/schema.org\",\"@graph\":[{\"@type\":\"WebPage\",\"@id\":\"https:\/\/www.cinesouk.ma\/product\/sennheiser-ew-iem-g4-solo-a-band\/\",\"url\":\"https:\/\/www.cinesouk.ma\/product\/sennheiser-ew-iem-g4-solo-a-band\/\",\"name\":\"Sennheiser EW IEM G4 Solo A-band - Marrakech | Morocco - CineSouk - For rent\",\"isPartOf\":{\"@id\":\"https:\/\/www.cinesouk.ma\/#website\"},\"primaryImageOfPage\":{\"@id\":\"https:\/\/www.cinesouk.ma\/product\/sennheiser-ew-iem-g4-solo-a-band\/#primaryimage\"},\"image\":{\"@id\":\"https:\/\/www.cinesouk.ma\/product\/sennheiser-ew-iem-g4-solo-a-band\/#primaryimage\"},\"thumbnailUrl\":\"https:\/\/www.cinesouk.ma\/wp-content\/uploads\/2024\/01\/Sennheiser-EW-IEM-G4-SOLO.jpg\",\"datePublished\":\"2024-01-09T10:30:30+00:00\",\"dateModified\":\"2025-03-21T10:55:41+00:00\",\"description\":\"The Sennheiser EW IEM G4 Solo A-band therefore features the powerful SR IEM G4 transmitter, EK IEM G4 bodypack and the IE 4 in-ears.\",\"breadcrumb\":{\"@id\":\"https:\/\/www.cinesouk.ma\/product\/sennheiser-ew-iem-g4-solo-a-band\/#breadcrumb\"},\"inLanguage\":\"fr-FR\",\"potentialAction\":[{\"@type\":\"ReadAction\",\"target\":[\"https:\/\/www.cinesouk.ma\/product\/sennheiser-ew-iem-g4-solo-a-band\/\"]}]},{\"@type\":\"ImageObject\",\"inLanguage\":\"fr-FR\",\"@id\":\"https:\/\/www.cinesouk.ma\/product\/sennheiser-ew-iem-g4-solo-a-band\/#primaryimage\",\"url\":\"https:\/\/www.cinesouk.ma\/wp-content\/uploads\/2024\/01\/Sennheiser-EW-IEM-G4-SOLO.jpg\",\"contentUrl\":\"https:\/\/www.cinesouk.ma\/wp-content\/uploads\/2024\/01\/Sennheiser-EW-IEM-G4-SOLO.jpg\",\"width\":300,\"height\":238,\"caption\":\"Sennheiser EW IEM G4\"},{\"@type\":\"BreadcrumbList\",\"@id\":\"https:\/\/www.cinesouk.ma\/product\/sennheiser-ew-iem-g4-solo-a-band\/#breadcrumb\",\"itemListElement\":[{\"@type\":\"ListItem\",\"position\":1,\"name\":\"Home\",\"item\":\"https:\/\/www.cinesouk.ma\/\"},{\"@type\":\"ListItem\",\"position\":2,\"name\":\"Shop\",\"item\":\"https:\/\/www.cinesouk.ma\/shop\/\"},{\"@type\":\"ListItem\",\"position\":3,\"name\":\"Sennheiser EW IEM G4 Solo A-band\"}]},{\"@type\":\"WebSite\",\"@id\":\"https:\/\/www.cinesouk.ma\/#website\",\"url\":\"https:\/\/www.cinesouk.ma\/\",\"name\":\"CineSouk\",\"description\":\"\",\"publisher\":{\"@id\":\"https:\/\/www.cinesouk.ma\/#organization\"},\"potentialAction\":[{\"@type\":\"SearchAction\",\"target\":{\"@type\":\"EntryPoint\",\"urlTemplate\":\"https:\/\/www.cinesouk.ma\/?s={search_term_string}\"},\"query-input\":{\"@type\":\"PropertyValueSpecification\",\"valueRequired\":true,\"valueName\":\"search_term_string\"}}],\"inLanguage\":\"fr-FR\"},{\"@type\":\"Organization\",\"@id\":\"https:\/\/www.cinesouk.ma\/#organization\",\"name\":\"CineSouk\",\"url\":\"https:\/\/www.cinesouk.ma\/\",\"logo\":{\"@type\":\"ImageObject\",\"inLanguage\":\"fr-FR\",\"@id\":\"https:\/\/www.cinesouk.ma\/#\/schema\/logo\/image\/\",\"url\":\"https:\/\/www.cinesouk.ma\/wp-content\/uploads\/2024\/01\/CineSouk-logo-v01-alpha-alligned-left.png\",\"contentUrl\":\"https:\/\/www.cinesouk.ma\/wp-content\/uploads\/2024\/01\/CineSouk-logo-v01-alpha-alligned-left.png\",\"width\":3204,\"height\":889,\"caption\":\"CineSouk\"},\"image\":{\"@id\":\"https:\/\/www.cinesouk.ma\/#\/schema\/logo\/image\/\"}}]}<\/script>\n<!-- \/ Yoast SEO Premium plugin. -->","yoast_head_json":{"title":"Sennheiser EW IEM G4 Solo A-band - Marrakech | Morocco - CineSouk - For rent","description":"The Sennheiser EW IEM G4 Solo A-band therefore features the powerful SR IEM G4 transmitter, EK IEM G4 bodypack and the IE 4 in-ears.","robots":{"index":"index","follow":"follow","max-snippet":"max-snippet:-1","max-image-preview":"max-image-preview:large","max-video-preview":"max-video-preview:-1"},"canonical":"https:\/\/www.cinesouk.ma\/fr\/produit\/sennheiser-ew-iem-g4-solo-a-band\/","og_locale":"fr_FR","og_type":"article","og_title":"Sennheiser EW IEM G4 Solo A-band","og_description":"The Sennheiser EW IEM G4 Solo A-band therefore features the powerful SR IEM G4 transmitter, EK IEM G4 bodypack and the IE 4 in-ears.","og_url":"https:\/\/www.cinesouk.ma\/fr\/produit\/sennheiser-ew-iem-g4-solo-a-band\/","og_site_name":"CineSouk","article_modified_time":"2025-03-21T10:55:41+00:00","og_image":[{"width":300,"height":238,"url":"https:\/\/www.cinesouk.ma\/wp-content\/uploads\/2024\/01\/Sennheiser-EW-IEM-G4-SOLO.jpg","type":"image\/jpeg"}],"twitter_card":"summary_large_image","twitter_description":"The Sennheiser EW IEM G4 Solo A-band therefore features the powerful SR IEM G4 transmitter, EK IEM G4 bodypack and the IE 4 in-ears.","twitter_misc":{"Dur\u00e9e de lecture estim\u00e9e":"2 minutes"},"schema":{"@context":"https:\/\/schema.org","@graph":[{"@type":"WebPage","@id":"https:\/\/www.cinesouk.ma\/product\/sennheiser-ew-iem-g4-solo-a-band\/","url":"https:\/\/www.cinesouk.ma\/product\/sennheiser-ew-iem-g4-solo-a-band\/","name":"Sennheiser EW IEM G4 Solo A-band - Marrakech | Morocco - CineSouk - For rent","isPartOf":{"@id":"https:\/\/www.cinesouk.ma\/#website"},"primaryImageOfPage":{"@id":"https:\/\/www.cinesouk.ma\/product\/sennheiser-ew-iem-g4-solo-a-band\/#primaryimage"},"image":{"@id":"https:\/\/www.cinesouk.ma\/product\/sennheiser-ew-iem-g4-solo-a-band\/#primaryimage"},"thumbnailUrl":"https:\/\/www.cinesouk.ma\/wp-content\/uploads\/2024\/01\/Sennheiser-EW-IEM-G4-SOLO.jpg","datePublished":"2024-01-09T10:30:30+00:00","dateModified":"2025-03-21T10:55:41+00:00","description":"The Sennheiser EW IEM G4 Solo A-band therefore features the powerful SR IEM G4 transmitter, EK IEM G4 bodypack and the IE 4 in-ears.","breadcrumb":{"@id":"https:\/\/www.cinesouk.ma\/product\/sennheiser-ew-iem-g4-solo-a-band\/#breadcrumb"},"inLanguage":"fr-FR","potentialAction":[{"@type":"ReadAction","target":["https:\/\/www.cinesouk.ma\/product\/sennheiser-ew-iem-g4-solo-a-band\/"]}]},{"@type":"ImageObject","inLanguage":"fr-FR","@id":"https:\/\/www.cinesouk.ma\/product\/sennheiser-ew-iem-g4-solo-a-band\/#primaryimage","url":"https:\/\/www.cinesouk.ma\/wp-content\/uploads\/2024\/01\/Sennheiser-EW-IEM-G4-SOLO.jpg","contentUrl":"https:\/\/www.cinesouk.ma\/wp-content\/uploads\/2024\/01\/Sennheiser-EW-IEM-G4-SOLO.jpg","width":300,"height":238,"caption":"Sennheiser EW IEM G4"},{"@type":"BreadcrumbList","@id":"https:\/\/www.cinesouk.ma\/product\/sennheiser-ew-iem-g4-solo-a-band\/#breadcrumb","itemListElement":[{"@type":"ListItem","position":1,"name":"Home","item":"https:\/\/www.cinesouk.ma\/"},{"@type":"ListItem","position":2,"name":"Shop","item":"https:\/\/www.cinesouk.ma\/shop\/"},{"@type":"ListItem","position":3,"name":"Sennheiser EW IEM G4 Solo A-band"}]},{"@type":"WebSite","@id":"https:\/\/www.cinesouk.ma\/#website","url":"https:\/\/www.cinesouk.ma\/","name":"CineSouk","description":"","publisher":{"@id":"https:\/\/www.cinesouk.ma\/#organization"},"potentialAction":[{"@type":"SearchAction","target":{"@type":"EntryPoint","urlTemplate":"https:\/\/www.cinesouk.ma\/?s={search_term_string}"},"query-input":{"@type":"PropertyValueSpecification","valueRequired":true,"valueName":"search_term_string"}}],"inLanguage":"fr-FR"},{"@type":"Organization","@id":"https:\/\/www.cinesouk.ma\/#organization","name":"CineSouk","url":"https:\/\/www.cinesouk.ma\/","logo":{"@type":"ImageObject","inLanguage":"fr-FR","@id":"https:\/\/www.cinesouk.ma\/#\/schema\/logo\/image\/","url":"https:\/\/www.cinesouk.ma\/wp-content\/uploads\/2024\/01\/CineSouk-logo-v01-alpha-alligned-left.png","contentUrl":"https:\/\/www.cinesouk.ma\/wp-content\/uploads\/2024\/01\/CineSouk-logo-v01-alpha-alligned-left.png","width":3204,"height":889,"caption":"CineSouk"},"image":{"@id":"https:\/\/www.cinesouk.ma\/#\/schema\/logo\/image\/"}}]}},"_links":{"self":[{"href":"https:\/\/www.cinesouk.ma\/fr\/wp-json\/wp\/v2\/product\/1040","targetHints":{"allow":["GET"]}}],"collection":[{"href":"https:\/\/www.cinesouk.ma\/fr\/wp-json\/wp\/v2\/product"}],"about":[{"href":"https:\/\/www.cinesouk.ma\/fr\/wp-json\/wp\/v2\/types\/product"}],"wp:featuredmedia":[{"embeddable":true,"href":"https:\/\/www.cinesouk.ma\/fr\/wp-json\/wp\/v2\/media\/1046"}],"wp:attachment":[{"href":"https:\/\/www.cinesouk.ma\/fr\/wp-json\/wp\/v2\/media?parent=1040"}],"wp:term":[{"taxonomy":"product_brand","embeddable":true,"href":"https:\/\/www.cinesouk.ma\/fr\/wp-json\/wp\/v2\/product_brand?post=1040"},{"taxonomy":"product_cat","embeddable":true,"href":"https:\/\/www.cinesouk.ma\/fr\/wp-json\/wp\/v2\/product_cat?post=1040"},{"taxonomy":"product_tag","embeddable":true,"href":"https:\/\/www.cinesouk.ma\/fr\/wp-json\/wp\/v2\/product_tag?post=1040"}],"curies":[{"name":"wp","href":"https:\/\/api.w.org\/{rel}","templated":true}]}}