{"id":10412,"date":"2025-02-24T11:20:09","date_gmt":"2025-02-24T11:20:09","guid":{"rendered":"https:\/\/www.cinesouk.ma\/?post_type=product&#038;p=10412"},"modified":"2025-08-22T13:28:07","modified_gmt":"2025-08-22T13:28:07","slug":"profoto-umbrella-deep-silver-l","status":"publish","type":"product","link":"https:\/\/www.cinesouk.ma\/fr\/produit\/profoto-umbrella-deep-silver-l\/","title":{"rendered":"Profoto Parapluie Deep Silver L"},"content":{"rendered":"<div class=\"flex max-w-full flex-col flex-grow\">\n<div class=\"min-h-8 text-message flex w-full flex-col items-end gap-2 whitespace-normal break-words [.text-message+&amp;]:mt-5\" dir=\"auto\" data-message-author-role=\"assistant\" data-message-id=\"e4c3ffad-71cb-44e7-93b8-bb60eda86b77\" data-message-model-slug=\"gpt-4o-mini\">\n<div class=\"flex w-full flex-col gap-1 empty:hidden first:pt-[3px]\">\n<div class=\"markdown prose w-full break-words dark:prose-invert light\">\n<p data-start=\"42\" data-end=\"662\">Le parapluie Profoto Deep Silver L est un modificateur d'\u00e9clairage polyvalent et de haute qualit\u00e9, sp\u00e9cialement con\u00e7u pour fournir une lumi\u00e8re cibl\u00e9e, nette et tr\u00e8s contrast\u00e9e. Gr\u00e2ce \u00e0 sa forme parabolique profonde, ce parapluie permet aux photographes de contr\u00f4ler et de modeler la lumi\u00e8re avec une plus grande pr\u00e9cision que les parapluies standard. Il est donc id\u00e9al pour la photographie en studio et sur place, car il am\u00e9liore efficacement le contraste, la clart\u00e9 et les d\u00e9tails. Il constitue donc un excellent choix pour les portraits, la mode et la photographie de produits, o\u00f9 la pr\u00e9cision de l'\u00e9clairage reste essentielle.<\/p>\n<h3 data-start=\"664\" data-end=\"686\"><strong data-start=\"668\" data-end=\"684\">Caract\u00e9ristiques principales<\/strong><\/h3>\n<ul data-start=\"688\" data-end=\"1893\">\n<li data-start=\"688\" data-end=\"879\"><strong data-start=\"690\" data-end=\"714\">Forme parabolique profonde<\/strong>: Offre un meilleur contr\u00f4le de la lumi\u00e8re, produisant un faisceau plus concentr\u00e9, assurant une meilleure direction et un meilleur contraste pour des r\u00e9sultats professionnels de haute qualit\u00e9.<\/li>\n<li data-start=\"880\" data-end=\"1053\"><strong data-start=\"882\" data-end=\"901\">Int\u00e9rieur argent\u00e9<\/strong>: Augmente la luminosit\u00e9 et l'efficacit\u00e9, cr\u00e9ant un \u00e9clairage net et contrast\u00e9 tout en conservant des tons de peau naturels et des d\u00e9tails riches.<\/li>\n<li data-start=\"1054\" data-end=\"1217\"><strong data-start=\"1056\" data-end=\"1074\">Grande taille (L)<\/strong>: D'un diam\u00e8tre de 130 cm, il offre une lumi\u00e8re douce mais bien d\u00e9finie, ce qui le rend id\u00e9al pour les portraits et les photos de groupe.<\/li>\n<li data-start=\"1218\" data-end=\"1382\"><strong data-start=\"1220\" data-end=\"1244\">Construction durable<\/strong>: Fabriqu\u00e9 avec un tissu de haute qualit\u00e9 r\u00e9sistant \u00e0 la chaleur, il garantit des performances durables, m\u00eame dans des conditions de prise de vue difficiles.<\/li>\n<li data-start=\"1383\" data-end=\"1548\"><strong data-start=\"1385\" data-end=\"1410\">Tiges m\u00e9talliques renforc\u00e9es<\/strong>: Con\u00e7us pour \u00eatre solides et stables, ils emp\u00eachent efficacement la d\u00e9formation ou le gauchissement au fil du temps, garantissant ainsi une durabilit\u00e9 maximale.<\/li>\n<li data-start=\"1549\" data-end=\"1716\"><strong data-start=\"1551\" data-end=\"1579\">Facilit\u00e9 d'installation et portabilit\u00e9<\/strong>: Se plie rapidement et efficacement pour faciliter le stockage et le transport, ce qui en fait un outil id\u00e9al pour les photographes itin\u00e9rants.<\/li>\n<li data-start=\"1717\" data-end=\"1893\"><strong data-start=\"1719\" data-end=\"1748\">Compatible avec les diffuseurs<\/strong>: Fonctionne parfaitement avec les diffuseurs frontaux optionnels, permettant une lumi\u00e8re plus douce et uniform\u00e9ment r\u00e9partie, ce qui am\u00e9liore encore la polyvalence.<\/li>\n<\/ul>\n<h3 data-start=\"1895\" data-end=\"1919\"><strong data-start=\"1899\" data-end=\"1917\">Sp\u00e9cifications<\/strong><\/h3>\n<ul data-start=\"1921\" data-end=\"2222\">\n<li data-start=\"1921\" data-end=\"1965\"><strong data-start=\"1923\" data-end=\"1931\">Taille<\/strong>: 130 cm de diam\u00e8tre<\/li>\n<li data-start=\"1966\" data-end=\"1996\"><strong data-start=\"1968\" data-end=\"1986\">Couleur int\u00e9rieure<\/strong>: Argent<\/li>\n<li data-start=\"1997\" data-end=\"2026\"><strong data-start=\"1999\" data-end=\"2008\">Forme<\/strong>: Parabolique profond<\/li>\n<li data-start=\"2027\" data-end=\"2077\"><strong data-start=\"2029\" data-end=\"2039\">Poids<\/strong>: L\u00e9ger mais tr\u00e8s r\u00e9sistant<\/li>\n<li data-start=\"2078\" data-end=\"2148\"><strong data-start=\"2080\" data-end=\"2092\">Mat\u00e9riau<\/strong>: Tissu r\u00e9sistant \u00e0 la chaleur avec tiges m\u00e9talliques renforc\u00e9es<\/li>\n<li data-start=\"2149\" data-end=\"2222\"><strong data-start=\"2151\" data-end=\"2163\">Montage<\/strong>: Arbre parapluie standard pour une compatibilit\u00e9 universelle<\/li>\n<\/ul>\n<p data-start=\"2246\" data-end=\"2684\">Le Profoto Umbrella Deep Silver L est un outil d'\u00e9clairage indispensable pour les photographes qui ont besoin d'un contraste et d'une directionnalit\u00e9 accrus dans leurs configurations d'\u00e9clairage. Gr\u00e2ce \u00e0 sa forme parabolique profonde et \u00e0 son int\u00e9rieur argent\u00e9 r\u00e9fl\u00e9chissant, ce parapluie fournit une lumi\u00e8re nette et contrast\u00e9e avec une belle d\u00e9finition. De plus, il permet aux photographes de modeler la lumi\u00e8re plus efficacement, ce qui leur donne un contr\u00f4le cr\u00e9atif total.<\/p>\n<p>Louez-le maintenant sur <a href=\"https:\/\/www.cinesouk.ma\/fr\">CINESOUK<\/a> - une marque de <a href=\"https:\/\/www.broadway.ma\/\">BROADWAY PRODUCTIONS SARL.<\/a><\/p>\n<\/div>\n<\/div>\n<\/div>\n<\/div>","protected":false},"excerpt":{"rendered":"<p><strong>Sp\u00e9cifications :<\/strong><\/p>\n<ul>\n<li data-start=\"1855\" data-end=\"1899\"><strong data-start=\"1857\" data-end=\"1865\">Taille<\/strong>: 130 cm de diam\u00e8tre<\/li>\n<li data-start=\"1900\" data-end=\"1930\"><strong data-start=\"1902\" data-end=\"1920\">Couleur int\u00e9rieure<\/strong>: Argent<\/li>\n<li data-start=\"1931\" data-end=\"1960\"><strong data-start=\"1933\" data-end=\"1942\">Forme<\/strong>: Parabolique profond<\/li>\n<li data-start=\"1961\" data-end=\"2004\"><strong data-start=\"1963\" data-end=\"1973\">Poids<\/strong>: L\u00e9ger mais durable<\/li>\n<li data-start=\"2005\" data-end=\"2071\"><strong data-start=\"2007\" data-end=\"2019\">Mat\u00e9riau<\/strong>: Tissu r\u00e9sistant \u00e0 la chaleur avec tiges m\u00e9talliques renforc\u00e9es<\/li>\n<li data-start=\"2072\" data-end=\"2145\"><strong data-start=\"2074\" data-end=\"2086\">Montage<\/strong>: Arbre parapluie standard pour une compatibilit\u00e9 universelle<\/li>\n<\/ul>","protected":false},"featured_media":10423,"template":"","meta":{"om_disable_all_campaigns":false,"_monsterinsights_skip_tracking":false,"_monsterinsights_sitenote_active":false,"_monsterinsights_sitenote_note":"","_monsterinsights_sitenote_category":0,"_uf_show_specific_survey":0,"_uf_disable_surveys":false},"product_brand":[],"product_cat":[135,20,79],"product_tag":[],"class_list":{"0":"post-10412","1":"product","2":"type-product","3":"status-publish","4":"has-post-thumbnail","6":"product_cat-photography-eventsouk","7":"product_cat-light-cinesouk","8":"product_cat-photography-cinesouk","10":"entry","11":"has-media","13":"first","14":"instock","15":"taxable","16":"shipping-taxable","17":"purchasable","18":"product-type-variable","19":"has-product-nav","20":"col","21":"span_1_of_3","22":"owp-content-center","23":"owp-thumbs-layout-horizontal","24":"owp-btn-normal","25":"owp-tabs-layout-horizontal","26":"has-no-thumbnails"},"yoast_head":"<!-- This site is optimized with the Yoast SEO Premium plugin v26.0 (Yoast SEO v26.0) - https:\/\/yoast.com\/wordpress\/plugins\/seo\/ -->\n<title>Profoto Umbrella Deep Silver L - CineSouk<\/title>\n<meta name=\"description\" content=\"The Profoto Umbrella Deep Silver L features a deep parabolic shape and silver interior, providing focused, high-contrast light for precise photography. Ideal for portraits, fashion, and product shoots.\" \/>\n<meta name=\"robots\" content=\"index, follow, max-snippet:-1, max-image-preview:large, max-video-preview:-1\" \/>\n<link rel=\"canonical\" href=\"https:\/\/www.cinesouk.ma\/fr\/produit\/profoto-umbrella-deep-silver-l\/\" \/>\n<meta property=\"og:locale\" content=\"fr_FR\" \/>\n<meta property=\"og:type\" content=\"article\" \/>\n<meta property=\"og:title\" content=\"Profoto Umbrella Deep Silver L\" \/>\n<meta property=\"og:description\" content=\"The Profoto Umbrella Deep Silver L features a deep parabolic shape and silver interior, providing focused, high-contrast light for precise photography. Ideal for portraits, fashion, and product shoots.\" \/>\n<meta property=\"og:url\" content=\"https:\/\/www.cinesouk.ma\/fr\/produit\/profoto-umbrella-deep-silver-l\/\" \/>\n<meta property=\"og:site_name\" content=\"CineSouk\" \/>\n<meta property=\"article:modified_time\" content=\"2025-08-22T13:28:07+00:00\" \/>\n<meta property=\"og:image\" content=\"https:\/\/www.cinesouk.ma\/wp-content\/uploads\/2025\/02\/Umbrella-Deep-Silver-L.jpg\" \/>\n\t<meta property=\"og:image:width\" content=\"300\" \/>\n\t<meta property=\"og:image:height\" content=\"238\" \/>\n\t<meta property=\"og:image:type\" content=\"image\/jpeg\" \/>\n<meta name=\"twitter:card\" content=\"summary_large_image\" \/>\n<meta name=\"twitter:description\" content=\"The Profoto Umbrella Deep Silver L features a deep parabolic shape and silver interior, providing focused, high-contrast light for precise photography. Ideal for portraits, fashion, and product shoots.\" \/>\n<meta name=\"twitter:label1\" content=\"Dur\u00e9e de lecture estim\u00e9e\" \/>\n\t<meta name=\"twitter:data1\" content=\"2 minutes\" \/>\n<script type=\"application\/ld+json\" class=\"yoast-schema-graph\">{\"@context\":\"https:\/\/schema.org\",\"@graph\":[{\"@type\":\"WebPage\",\"@id\":\"https:\/\/www.cinesouk.ma\/product\/profoto-umbrella-deep-silver-l\/\",\"url\":\"https:\/\/www.cinesouk.ma\/product\/profoto-umbrella-deep-silver-l\/\",\"name\":\"Profoto Umbrella Deep Silver L - CineSouk\",\"isPartOf\":{\"@id\":\"https:\/\/www.cinesouk.ma\/#website\"},\"primaryImageOfPage\":{\"@id\":\"https:\/\/www.cinesouk.ma\/product\/profoto-umbrella-deep-silver-l\/#primaryimage\"},\"image\":{\"@id\":\"https:\/\/www.cinesouk.ma\/product\/profoto-umbrella-deep-silver-l\/#primaryimage\"},\"thumbnailUrl\":\"https:\/\/www.cinesouk.ma\/wp-content\/uploads\/2025\/02\/Umbrella-Deep-Silver-L.jpg\",\"datePublished\":\"2025-02-24T11:20:09+00:00\",\"dateModified\":\"2025-08-22T13:28:07+00:00\",\"description\":\"The Profoto Umbrella Deep Silver L features a deep parabolic shape and silver interior, providing focused, high-contrast light for precise photography. Ideal for portraits, fashion, and product shoots.\",\"breadcrumb\":{\"@id\":\"https:\/\/www.cinesouk.ma\/product\/profoto-umbrella-deep-silver-l\/#breadcrumb\"},\"inLanguage\":\"fr-FR\",\"potentialAction\":[{\"@type\":\"ReadAction\",\"target\":[\"https:\/\/www.cinesouk.ma\/product\/profoto-umbrella-deep-silver-l\/\"]}]},{\"@type\":\"ImageObject\",\"inLanguage\":\"fr-FR\",\"@id\":\"https:\/\/www.cinesouk.ma\/product\/profoto-umbrella-deep-silver-l\/#primaryimage\",\"url\":\"https:\/\/www.cinesouk.ma\/wp-content\/uploads\/2025\/02\/Umbrella-Deep-Silver-L.jpg\",\"contentUrl\":\"https:\/\/www.cinesouk.ma\/wp-content\/uploads\/2025\/02\/Umbrella-Deep-Silver-L.jpg\",\"width\":300,\"height\":238,\"caption\":\"Umbrella Deep Silver L\"},{\"@type\":\"BreadcrumbList\",\"@id\":\"https:\/\/www.cinesouk.ma\/product\/profoto-umbrella-deep-silver-l\/#breadcrumb\",\"itemListElement\":[{\"@type\":\"ListItem\",\"position\":1,\"name\":\"Home\",\"item\":\"https:\/\/www.cinesouk.ma\/\"},{\"@type\":\"ListItem\",\"position\":2,\"name\":\"Shop\",\"item\":\"https:\/\/www.cinesouk.ma\/shop\/\"},{\"@type\":\"ListItem\",\"position\":3,\"name\":\"Profoto Umbrella Deep Silver L\"}]},{\"@type\":\"WebSite\",\"@id\":\"https:\/\/www.cinesouk.ma\/#website\",\"url\":\"https:\/\/www.cinesouk.ma\/\",\"name\":\"CineSouk\",\"description\":\"\",\"publisher\":{\"@id\":\"https:\/\/www.cinesouk.ma\/#organization\"},\"potentialAction\":[{\"@type\":\"SearchAction\",\"target\":{\"@type\":\"EntryPoint\",\"urlTemplate\":\"https:\/\/www.cinesouk.ma\/?s={search_term_string}\"},\"query-input\":{\"@type\":\"PropertyValueSpecification\",\"valueRequired\":true,\"valueName\":\"search_term_string\"}}],\"inLanguage\":\"fr-FR\"},{\"@type\":\"Organization\",\"@id\":\"https:\/\/www.cinesouk.ma\/#organization\",\"name\":\"CineSouk\",\"url\":\"https:\/\/www.cinesouk.ma\/\",\"logo\":{\"@type\":\"ImageObject\",\"inLanguage\":\"fr-FR\",\"@id\":\"https:\/\/www.cinesouk.ma\/#\/schema\/logo\/image\/\",\"url\":\"https:\/\/www.cinesouk.ma\/wp-content\/uploads\/2024\/01\/CineSouk-logo-v01-alpha-alligned-left.png\",\"contentUrl\":\"https:\/\/www.cinesouk.ma\/wp-content\/uploads\/2024\/01\/CineSouk-logo-v01-alpha-alligned-left.png\",\"width\":3204,\"height\":889,\"caption\":\"CineSouk\"},\"image\":{\"@id\":\"https:\/\/www.cinesouk.ma\/#\/schema\/logo\/image\/\"}}]}<\/script>\n<!-- \/ Yoast SEO Premium plugin. -->","yoast_head_json":{"title":"Profoto Umbrella Deep Silver L - CineSouk","description":"The Profoto Umbrella Deep Silver L features a deep parabolic shape and silver interior, providing focused, high-contrast light for precise photography. Ideal for portraits, fashion, and product shoots.","robots":{"index":"index","follow":"follow","max-snippet":"max-snippet:-1","max-image-preview":"max-image-preview:large","max-video-preview":"max-video-preview:-1"},"canonical":"https:\/\/www.cinesouk.ma\/fr\/produit\/profoto-umbrella-deep-silver-l\/","og_locale":"fr_FR","og_type":"article","og_title":"Profoto Umbrella Deep Silver L","og_description":"The Profoto Umbrella Deep Silver L features a deep parabolic shape and silver interior, providing focused, high-contrast light for precise photography. Ideal for portraits, fashion, and product shoots.","og_url":"https:\/\/www.cinesouk.ma\/fr\/produit\/profoto-umbrella-deep-silver-l\/","og_site_name":"CineSouk","article_modified_time":"2025-08-22T13:28:07+00:00","og_image":[{"width":300,"height":238,"url":"https:\/\/www.cinesouk.ma\/wp-content\/uploads\/2025\/02\/Umbrella-Deep-Silver-L.jpg","type":"image\/jpeg"}],"twitter_card":"summary_large_image","twitter_description":"The Profoto Umbrella Deep Silver L features a deep parabolic shape and silver interior, providing focused, high-contrast light for precise photography. Ideal for portraits, fashion, and product shoots.","twitter_misc":{"Dur\u00e9e de lecture estim\u00e9e":"2 minutes"},"schema":{"@context":"https:\/\/schema.org","@graph":[{"@type":"WebPage","@id":"https:\/\/www.cinesouk.ma\/product\/profoto-umbrella-deep-silver-l\/","url":"https:\/\/www.cinesouk.ma\/product\/profoto-umbrella-deep-silver-l\/","name":"Profoto Umbrella Deep Silver L - CineSouk","isPartOf":{"@id":"https:\/\/www.cinesouk.ma\/#website"},"primaryImageOfPage":{"@id":"https:\/\/www.cinesouk.ma\/product\/profoto-umbrella-deep-silver-l\/#primaryimage"},"image":{"@id":"https:\/\/www.cinesouk.ma\/product\/profoto-umbrella-deep-silver-l\/#primaryimage"},"thumbnailUrl":"https:\/\/www.cinesouk.ma\/wp-content\/uploads\/2025\/02\/Umbrella-Deep-Silver-L.jpg","datePublished":"2025-02-24T11:20:09+00:00","dateModified":"2025-08-22T13:28:07+00:00","description":"The Profoto Umbrella Deep Silver L features a deep parabolic shape and silver interior, providing focused, high-contrast light for precise photography. Ideal for portraits, fashion, and product shoots.","breadcrumb":{"@id":"https:\/\/www.cinesouk.ma\/product\/profoto-umbrella-deep-silver-l\/#breadcrumb"},"inLanguage":"fr-FR","potentialAction":[{"@type":"ReadAction","target":["https:\/\/www.cinesouk.ma\/product\/profoto-umbrella-deep-silver-l\/"]}]},{"@type":"ImageObject","inLanguage":"fr-FR","@id":"https:\/\/www.cinesouk.ma\/product\/profoto-umbrella-deep-silver-l\/#primaryimage","url":"https:\/\/www.cinesouk.ma\/wp-content\/uploads\/2025\/02\/Umbrella-Deep-Silver-L.jpg","contentUrl":"https:\/\/www.cinesouk.ma\/wp-content\/uploads\/2025\/02\/Umbrella-Deep-Silver-L.jpg","width":300,"height":238,"caption":"Umbrella Deep Silver L"},{"@type":"BreadcrumbList","@id":"https:\/\/www.cinesouk.ma\/product\/profoto-umbrella-deep-silver-l\/#breadcrumb","itemListElement":[{"@type":"ListItem","position":1,"name":"Home","item":"https:\/\/www.cinesouk.ma\/"},{"@type":"ListItem","position":2,"name":"Shop","item":"https:\/\/www.cinesouk.ma\/shop\/"},{"@type":"ListItem","position":3,"name":"Profoto Umbrella Deep Silver L"}]},{"@type":"WebSite","@id":"https:\/\/www.cinesouk.ma\/#website","url":"https:\/\/www.cinesouk.ma\/","name":"CineSouk","description":"","publisher":{"@id":"https:\/\/www.cinesouk.ma\/#organization"},"potentialAction":[{"@type":"SearchAction","target":{"@type":"EntryPoint","urlTemplate":"https:\/\/www.cinesouk.ma\/?s={search_term_string}"},"query-input":{"@type":"PropertyValueSpecification","valueRequired":true,"valueName":"search_term_string"}}],"inLanguage":"fr-FR"},{"@type":"Organization","@id":"https:\/\/www.cinesouk.ma\/#organization","name":"CineSouk","url":"https:\/\/www.cinesouk.ma\/","logo":{"@type":"ImageObject","inLanguage":"fr-FR","@id":"https:\/\/www.cinesouk.ma\/#\/schema\/logo\/image\/","url":"https:\/\/www.cinesouk.ma\/wp-content\/uploads\/2024\/01\/CineSouk-logo-v01-alpha-alligned-left.png","contentUrl":"https:\/\/www.cinesouk.ma\/wp-content\/uploads\/2024\/01\/CineSouk-logo-v01-alpha-alligned-left.png","width":3204,"height":889,"caption":"CineSouk"},"image":{"@id":"https:\/\/www.cinesouk.ma\/#\/schema\/logo\/image\/"}}]}},"_links":{"self":[{"href":"https:\/\/www.cinesouk.ma\/fr\/wp-json\/wp\/v2\/product\/10412","targetHints":{"allow":["GET"]}}],"collection":[{"href":"https:\/\/www.cinesouk.ma\/fr\/wp-json\/wp\/v2\/product"}],"about":[{"href":"https:\/\/www.cinesouk.ma\/fr\/wp-json\/wp\/v2\/types\/product"}],"wp:featuredmedia":[{"embeddable":true,"href":"https:\/\/www.cinesouk.ma\/fr\/wp-json\/wp\/v2\/media\/10423"}],"wp:attachment":[{"href":"https:\/\/www.cinesouk.ma\/fr\/wp-json\/wp\/v2\/media?parent=10412"}],"wp:term":[{"taxonomy":"product_brand","embeddable":true,"href":"https:\/\/www.cinesouk.ma\/fr\/wp-json\/wp\/v2\/product_brand?post=10412"},{"taxonomy":"product_cat","embeddable":true,"href":"https:\/\/www.cinesouk.ma\/fr\/wp-json\/wp\/v2\/product_cat?post=10412"},{"taxonomy":"product_tag","embeddable":true,"href":"https:\/\/www.cinesouk.ma\/fr\/wp-json\/wp\/v2\/product_tag?post=10412"}],"curies":[{"name":"wp","href":"https:\/\/api.w.org\/{rel}","templated":true}]}}