{"id":10424,"date":"2025-02-24T11:56:49","date_gmt":"2025-02-24T11:56:49","guid":{"rendered":"https:\/\/www.cinesouk.ma\/?post_type=product&#038;p=10424"},"modified":"2025-08-22T13:28:06","modified_gmt":"2025-08-22T13:28:06","slug":"profoto-umbrella-l-diffuser","status":"publish","type":"product","link":"https:\/\/www.cinesouk.ma\/fr\/produit\/profoto-umbrella-l-diffuser\/","title":{"rendered":"Profoto Umbrella L Diffuser"},"content":{"rendered":"<div class=\"flex max-w-full flex-col flex-grow\">\n<div class=\"min-h-8 text-message flex w-full flex-col items-end gap-2 whitespace-normal break-words [.text-message+&amp;]:mt-5\" dir=\"auto\" data-message-author-role=\"assistant\" data-message-id=\"e4c3ffad-71cb-44e7-93b8-bb60eda86b77\" data-message-model-slug=\"gpt-4o-mini\">\n<div class=\"flex w-full flex-col gap-1 empty:hidden first:pt-[3px]\">\n<div class=\"markdown prose w-full break-words dark:prose-invert light\">\n<p data-start=\"68\" data-end=\"576\">Le diffuseur Profoto Umbrella L transforme le Profoto Umbrella Deep L en bo\u00eete \u00e0 lumi\u00e8re, offrant une lumi\u00e8re plus douce et mieux r\u00e9partie. Gr\u00e2ce \u00e0 sa conception polyvalente, cet accessoire est essentiel pour les photographes qui souhaitent un \u00e9clairage diffus sans sacrifier la portabilit\u00e9. Qu'il s'agisse de portraits, de mode ou de photographie de produits, le diffuseur assure une lumi\u00e8re naturelle et flatteuse avec un minimum d'ombres dures, am\u00e9liorant ainsi la qualit\u00e9 g\u00e9n\u00e9rale des images.<\/p>\n<p data-start=\"578\" data-end=\"1021\">En fixant ce diffuseur au Profoto Umbrella Deep L, vous cr\u00e9ez instantan\u00e9ment une source de lumi\u00e8re douce, id\u00e9ale pour obtenir des tons de peau doux et un contraste \u00e9quilibr\u00e9. En outre, son tissu r\u00e9sistant \u00e0 la chaleur garantit une durabilit\u00e9 \u00e0 long terme, ce qui en fait un choix fiable pour une utilisation prolong\u00e9e en studio et en ext\u00e9rieur. Les photographes peuvent ainsi travailler efficacement dans des conditions d'\u00e9clairage vari\u00e9es.<\/p>\n<h3 data-start=\"1023\" data-end=\"1045\"><strong data-start=\"1027\" data-end=\"1043\">Caract\u00e9ristiques principales<\/strong><\/h3>\n<ul data-start=\"1047\" data-end=\"1781\">\n<li data-start=\"1047\" data-end=\"1192\"><strong data-start=\"1049\" data-end=\"1070\">Lumi\u00e8re douce et homog\u00e8ne :<\/strong> Convertit le Profoto Umbrella Deep L en bo\u00eete \u00e0 lumi\u00e8re, diffusant la lumi\u00e8re pour un \u00e9clairage naturel et sans ombre.<\/li>\n<li data-start=\"1193\" data-end=\"1329\"><strong data-start=\"1195\" data-end=\"1225\">Fixation rapide et s\u00fbre :<\/strong> Le bord est \u00e9lastique, ce qui garantit un ajustement parfait et sans effort, sans n\u00e9cessiter d'outils suppl\u00e9mentaires.<\/li>\n<li data-start=\"1330\" data-end=\"1482\"><strong data-start=\"1332\" data-end=\"1357\">Construction durable :<\/strong> Fabriqu\u00e9 dans un mat\u00e9riau de haute qualit\u00e9 et r\u00e9sistant \u00e0 la chaleur, il est con\u00e7u pour une utilisation professionnelle fr\u00e9quente dans des environnements exigeants.<\/li>\n<li data-start=\"1483\" data-end=\"1620\"><strong data-start=\"1485\" data-end=\"1510\">Polyvalence accrue :<\/strong> Cr\u00e9e un effet de bo\u00eete \u00e0 lumi\u00e8re sans encombrement suppl\u00e9mentaire, ce qui le rend id\u00e9al pour les installations mobiles et en studio.<\/li>\n<li data-start=\"1621\" data-end=\"1781\"><strong data-start=\"1623\" data-end=\"1649\">L\u00e9ger et compact :<\/strong> Facilement repliable, il permet un transport rapide et un rangement pratique, ce qui est parfait pour les photographes en d\u00e9placement.<\/li>\n<\/ul>\n<h3 data-start=\"1783\" data-end=\"1807\"><strong data-start=\"1787\" data-end=\"1805\">Sp\u00e9cifications<\/strong><\/h3>\n<ul data-start=\"1809\" data-end=\"2138\">\n<li data-start=\"1809\" data-end=\"1909\"><strong data-start=\"1811\" data-end=\"1829\">Compatibilit\u00e9 :<\/strong> Convient au Profoto Umbrella Deep Silver L et au Profoto Umbrella Deep White L<\/li>\n<li data-start=\"1910\" data-end=\"1972\"><strong data-start=\"1912\" data-end=\"1925\">Mat\u00e9riau :<\/strong> Tissu de diffusion de premi\u00e8re qualit\u00e9 r\u00e9sistant \u00e0 la chaleur<\/li>\n<li data-start=\"1973\" data-end=\"2039\"><strong data-start=\"1975\" data-end=\"1990\">Pi\u00e8ce jointe :<\/strong> Bord \u00e9lastique pour un maintien s\u00fbr et ferme<\/li>\n<li data-start=\"2040\" data-end=\"2088\"><strong data-start=\"2042\" data-end=\"2051\">Taille :<\/strong> 130 cm (51 pouces) de diam\u00e8tre<\/li>\n<li data-start=\"2089\" data-end=\"2138\"><strong data-start=\"2091\" data-end=\"2102\">Poids :<\/strong> L\u00e9ger et facile \u00e0 transporter<\/li>\n<\/ul>\n<p data-start=\"2162\" data-end=\"2609\" data-is-last-node=\"\" data-is-only-node=\"\">Le diffuseur Profoto Umbrella L est un outil indispensable pour les photographes qui cherchent \u00e0 obtenir un \u00e9clairage doux et uniforme avec un temps d'installation minimal. Gr\u00e2ce \u00e0 sa construction de haute qualit\u00e9, \u00e0 ses fonctionnalit\u00e9s polyvalentes et \u00e0 sa conception portable, ce diffuseur est un must pour les professionnels comme pour les passionn\u00e9s. Qu'il soit utilis\u00e9 en studio ou en ext\u00e9rieur, il permet de cr\u00e9er facilement et efficacement des images \u00e9tonnantes, \u00e9clair\u00e9es de mani\u00e8re professionnelle.<\/p>\n<p>Louez le Profoto Umbrella L Diffuser maintenant sur <a href=\"https:\/\/www.cinesouk.ma\/fr\">CINESOUK<\/a> - une marque de <a href=\"https:\/\/www.broadway.ma\/\">BROADWAY PRODUCTIONS SARL.<\/a><\/p>\n<\/div>\n<\/div>\n<\/div>\n<\/div>","protected":false},"excerpt":{"rendered":"<p><strong>Sp\u00e9cifications :<\/strong><\/p>\n<ul>\n<li data-start=\"56\" data-end=\"88\"><strong data-start=\"58\" data-end=\"67\">Taille :<\/strong> 130 cm de diam\u00e8tre<\/li>\n<li data-start=\"89\" data-end=\"152\"><strong data-start=\"91\" data-end=\"104\">Mat\u00e9riau :<\/strong> Tissu de diffusion de haute qualit\u00e9 r\u00e9sistant \u00e0 la chaleur<\/li>\n<li data-start=\"153\" data-end=\"202\"><strong data-start=\"155\" data-end=\"170\">Pi\u00e8ce jointe :<\/strong> Bord \u00e9lastique pour un ajustement s\u00fbr<\/li>\n<li data-start=\"203\" data-end=\"295\"><strong data-start=\"205\" data-end=\"223\">Compatibilit\u00e9 :<\/strong> Convient au Profoto Umbrella Deep Silver L et au Profoto Umbrella Deep White L<\/li>\n<li data-start=\"296\" data-end=\"344\"><strong data-start=\"298\" data-end=\"309\">Poids :<\/strong> L\u00e9ger pour une portabilit\u00e9 ais\u00e9e<\/li>\n<li data-start=\"345\" data-end=\"423\"><strong data-start=\"347\" data-end=\"360\">Fonction :<\/strong> Convertit le parapluie en bo\u00eete \u00e0 lumi\u00e8re pour un \u00e9clairage diffus et uniforme<\/li>\n<li data-start=\"424\" data-end=\"471\"><strong data-start=\"426\" data-end=\"436\">Mise en place :<\/strong> Installation rapide et sans outil<\/li>\n<li data-start=\"472\" data-end=\"545\" data-is-last-node=\"\"><strong data-start=\"474\" data-end=\"490\">Portabilit\u00e9 :<\/strong> Se plie facilement pour un rangement et un transport ais\u00e9s<\/li>\n<\/ul>","protected":false},"featured_media":10435,"template":"","meta":{"om_disable_all_campaigns":false,"_monsterinsights_skip_tracking":false,"_monsterinsights_sitenote_active":false,"_monsterinsights_sitenote_note":"","_monsterinsights_sitenote_category":0,"_uf_show_specific_survey":0,"_uf_disable_surveys":false},"product_brand":[],"product_cat":[135,20,79],"product_tag":[],"class_list":{"0":"post-10424","1":"product","2":"type-product","3":"status-publish","4":"has-post-thumbnail","6":"product_cat-photography-eventsouk","7":"product_cat-light-cinesouk","8":"product_cat-photography-cinesouk","10":"entry","11":"has-media","13":"first","14":"instock","15":"taxable","16":"shipping-taxable","17":"purchasable","18":"product-type-variable","19":"has-product-nav","20":"col","21":"span_1_of_3","22":"owp-content-center","23":"owp-thumbs-layout-horizontal","24":"owp-btn-normal","25":"owp-tabs-layout-horizontal","26":"has-no-thumbnails"},"yoast_head":"<!-- This site is optimized with the Yoast SEO Premium plugin v26.0 (Yoast SEO v26.0) - https:\/\/yoast.com\/wordpress\/plugins\/seo\/ -->\n<title>Profoto Umbrella L Diffuser - CineSouk<\/title>\n<meta name=\"description\" content=\"The Profoto Umbrella L Diffuser transforms your umbrella into a softbox, delivering smooth, diffused light for portraits, fashion, and commercial photography.\" \/>\n<meta name=\"robots\" content=\"index, follow, max-snippet:-1, max-image-preview:large, max-video-preview:-1\" \/>\n<link rel=\"canonical\" href=\"https:\/\/www.cinesouk.ma\/fr\/produit\/profoto-umbrella-l-diffuser\/\" \/>\n<meta property=\"og:locale\" content=\"fr_FR\" \/>\n<meta property=\"og:type\" content=\"article\" \/>\n<meta property=\"og:title\" content=\"Profoto Umbrella L Diffuser\" \/>\n<meta property=\"og:description\" content=\"The Profoto Umbrella L Diffuser transforms your umbrella into a softbox, delivering smooth, diffused light for portraits, fashion, and commercial photography.\" \/>\n<meta property=\"og:url\" content=\"https:\/\/www.cinesouk.ma\/fr\/produit\/profoto-umbrella-l-diffuser\/\" \/>\n<meta property=\"og:site_name\" content=\"CineSouk\" \/>\n<meta property=\"article:modified_time\" content=\"2025-08-22T13:28:06+00:00\" \/>\n<meta property=\"og:image\" content=\"https:\/\/www.cinesouk.ma\/wp-content\/uploads\/2025\/02\/Umbrella-L-Diffuser_.jpg\" \/>\n\t<meta property=\"og:image:width\" content=\"300\" \/>\n\t<meta property=\"og:image:height\" content=\"238\" \/>\n\t<meta property=\"og:image:type\" content=\"image\/jpeg\" \/>\n<meta name=\"twitter:card\" content=\"summary_large_image\" \/>\n<meta name=\"twitter:description\" content=\"The Profoto Umbrella L Diffuser transforms your umbrella into a softbox, delivering smooth, diffused light for portraits, fashion, and commercial photography.\" \/>\n<meta name=\"twitter:label1\" content=\"Dur\u00e9e de lecture estim\u00e9e\" \/>\n\t<meta name=\"twitter:data1\" content=\"2 minutes\" \/>\n<script type=\"application\/ld+json\" class=\"yoast-schema-graph\">{\"@context\":\"https:\/\/schema.org\",\"@graph\":[{\"@type\":\"WebPage\",\"@id\":\"https:\/\/www.cinesouk.ma\/product\/profoto-umbrella-l-diffuser\/\",\"url\":\"https:\/\/www.cinesouk.ma\/product\/profoto-umbrella-l-diffuser\/\",\"name\":\"Profoto Umbrella L Diffuser - CineSouk\",\"isPartOf\":{\"@id\":\"https:\/\/www.cinesouk.ma\/#website\"},\"primaryImageOfPage\":{\"@id\":\"https:\/\/www.cinesouk.ma\/product\/profoto-umbrella-l-diffuser\/#primaryimage\"},\"image\":{\"@id\":\"https:\/\/www.cinesouk.ma\/product\/profoto-umbrella-l-diffuser\/#primaryimage\"},\"thumbnailUrl\":\"https:\/\/www.cinesouk.ma\/wp-content\/uploads\/2025\/02\/Umbrella-L-Diffuser_.jpg\",\"datePublished\":\"2025-02-24T11:56:49+00:00\",\"dateModified\":\"2025-08-22T13:28:06+00:00\",\"description\":\"The Profoto Umbrella L Diffuser transforms your umbrella into a softbox, delivering smooth, diffused light for portraits, fashion, and commercial photography.\",\"breadcrumb\":{\"@id\":\"https:\/\/www.cinesouk.ma\/product\/profoto-umbrella-l-diffuser\/#breadcrumb\"},\"inLanguage\":\"fr-FR\",\"potentialAction\":[{\"@type\":\"ReadAction\",\"target\":[\"https:\/\/www.cinesouk.ma\/product\/profoto-umbrella-l-diffuser\/\"]}]},{\"@type\":\"ImageObject\",\"inLanguage\":\"fr-FR\",\"@id\":\"https:\/\/www.cinesouk.ma\/product\/profoto-umbrella-l-diffuser\/#primaryimage\",\"url\":\"https:\/\/www.cinesouk.ma\/wp-content\/uploads\/2025\/02\/Umbrella-L-Diffuser_.jpg\",\"contentUrl\":\"https:\/\/www.cinesouk.ma\/wp-content\/uploads\/2025\/02\/Umbrella-L-Diffuser_.jpg\",\"width\":300,\"height\":238,\"caption\":\"Umbrella L Diffuser\"},{\"@type\":\"BreadcrumbList\",\"@id\":\"https:\/\/www.cinesouk.ma\/product\/profoto-umbrella-l-diffuser\/#breadcrumb\",\"itemListElement\":[{\"@type\":\"ListItem\",\"position\":1,\"name\":\"Home\",\"item\":\"https:\/\/www.cinesouk.ma\/\"},{\"@type\":\"ListItem\",\"position\":2,\"name\":\"Shop\",\"item\":\"https:\/\/www.cinesouk.ma\/shop\/\"},{\"@type\":\"ListItem\",\"position\":3,\"name\":\"Profoto Umbrella L Diffuser\"}]},{\"@type\":\"WebSite\",\"@id\":\"https:\/\/www.cinesouk.ma\/#website\",\"url\":\"https:\/\/www.cinesouk.ma\/\",\"name\":\"CineSouk\",\"description\":\"\",\"publisher\":{\"@id\":\"https:\/\/www.cinesouk.ma\/#organization\"},\"potentialAction\":[{\"@type\":\"SearchAction\",\"target\":{\"@type\":\"EntryPoint\",\"urlTemplate\":\"https:\/\/www.cinesouk.ma\/?s={search_term_string}\"},\"query-input\":{\"@type\":\"PropertyValueSpecification\",\"valueRequired\":true,\"valueName\":\"search_term_string\"}}],\"inLanguage\":\"fr-FR\"},{\"@type\":\"Organization\",\"@id\":\"https:\/\/www.cinesouk.ma\/#organization\",\"name\":\"CineSouk\",\"url\":\"https:\/\/www.cinesouk.ma\/\",\"logo\":{\"@type\":\"ImageObject\",\"inLanguage\":\"fr-FR\",\"@id\":\"https:\/\/www.cinesouk.ma\/#\/schema\/logo\/image\/\",\"url\":\"https:\/\/www.cinesouk.ma\/wp-content\/uploads\/2024\/01\/CineSouk-logo-v01-alpha-alligned-left.png\",\"contentUrl\":\"https:\/\/www.cinesouk.ma\/wp-content\/uploads\/2024\/01\/CineSouk-logo-v01-alpha-alligned-left.png\",\"width\":3204,\"height\":889,\"caption\":\"CineSouk\"},\"image\":{\"@id\":\"https:\/\/www.cinesouk.ma\/#\/schema\/logo\/image\/\"}}]}<\/script>\n<!-- \/ Yoast SEO Premium plugin. -->","yoast_head_json":{"title":"Profoto Umbrella L Diffuser - CineSouk","description":"The Profoto Umbrella L Diffuser transforms your umbrella into a softbox, delivering smooth, diffused light for portraits, fashion, and commercial photography.","robots":{"index":"index","follow":"follow","max-snippet":"max-snippet:-1","max-image-preview":"max-image-preview:large","max-video-preview":"max-video-preview:-1"},"canonical":"https:\/\/www.cinesouk.ma\/fr\/produit\/profoto-umbrella-l-diffuser\/","og_locale":"fr_FR","og_type":"article","og_title":"Profoto Umbrella L Diffuser","og_description":"The Profoto Umbrella L Diffuser transforms your umbrella into a softbox, delivering smooth, diffused light for portraits, fashion, and commercial photography.","og_url":"https:\/\/www.cinesouk.ma\/fr\/produit\/profoto-umbrella-l-diffuser\/","og_site_name":"CineSouk","article_modified_time":"2025-08-22T13:28:06+00:00","og_image":[{"width":300,"height":238,"url":"https:\/\/www.cinesouk.ma\/wp-content\/uploads\/2025\/02\/Umbrella-L-Diffuser_.jpg","type":"image\/jpeg"}],"twitter_card":"summary_large_image","twitter_description":"The Profoto Umbrella L Diffuser transforms your umbrella into a softbox, delivering smooth, diffused light for portraits, fashion, and commercial photography.","twitter_misc":{"Dur\u00e9e de lecture estim\u00e9e":"2 minutes"},"schema":{"@context":"https:\/\/schema.org","@graph":[{"@type":"WebPage","@id":"https:\/\/www.cinesouk.ma\/product\/profoto-umbrella-l-diffuser\/","url":"https:\/\/www.cinesouk.ma\/product\/profoto-umbrella-l-diffuser\/","name":"Profoto Umbrella L Diffuser - CineSouk","isPartOf":{"@id":"https:\/\/www.cinesouk.ma\/#website"},"primaryImageOfPage":{"@id":"https:\/\/www.cinesouk.ma\/product\/profoto-umbrella-l-diffuser\/#primaryimage"},"image":{"@id":"https:\/\/www.cinesouk.ma\/product\/profoto-umbrella-l-diffuser\/#primaryimage"},"thumbnailUrl":"https:\/\/www.cinesouk.ma\/wp-content\/uploads\/2025\/02\/Umbrella-L-Diffuser_.jpg","datePublished":"2025-02-24T11:56:49+00:00","dateModified":"2025-08-22T13:28:06+00:00","description":"The Profoto Umbrella L Diffuser transforms your umbrella into a softbox, delivering smooth, diffused light for portraits, fashion, and commercial photography.","breadcrumb":{"@id":"https:\/\/www.cinesouk.ma\/product\/profoto-umbrella-l-diffuser\/#breadcrumb"},"inLanguage":"fr-FR","potentialAction":[{"@type":"ReadAction","target":["https:\/\/www.cinesouk.ma\/product\/profoto-umbrella-l-diffuser\/"]}]},{"@type":"ImageObject","inLanguage":"fr-FR","@id":"https:\/\/www.cinesouk.ma\/product\/profoto-umbrella-l-diffuser\/#primaryimage","url":"https:\/\/www.cinesouk.ma\/wp-content\/uploads\/2025\/02\/Umbrella-L-Diffuser_.jpg","contentUrl":"https:\/\/www.cinesouk.ma\/wp-content\/uploads\/2025\/02\/Umbrella-L-Diffuser_.jpg","width":300,"height":238,"caption":"Umbrella L Diffuser"},{"@type":"BreadcrumbList","@id":"https:\/\/www.cinesouk.ma\/product\/profoto-umbrella-l-diffuser\/#breadcrumb","itemListElement":[{"@type":"ListItem","position":1,"name":"Home","item":"https:\/\/www.cinesouk.ma\/"},{"@type":"ListItem","position":2,"name":"Shop","item":"https:\/\/www.cinesouk.ma\/shop\/"},{"@type":"ListItem","position":3,"name":"Profoto Umbrella L Diffuser"}]},{"@type":"WebSite","@id":"https:\/\/www.cinesouk.ma\/#website","url":"https:\/\/www.cinesouk.ma\/","name":"CineSouk","description":"","publisher":{"@id":"https:\/\/www.cinesouk.ma\/#organization"},"potentialAction":[{"@type":"SearchAction","target":{"@type":"EntryPoint","urlTemplate":"https:\/\/www.cinesouk.ma\/?s={search_term_string}"},"query-input":{"@type":"PropertyValueSpecification","valueRequired":true,"valueName":"search_term_string"}}],"inLanguage":"fr-FR"},{"@type":"Organization","@id":"https:\/\/www.cinesouk.ma\/#organization","name":"CineSouk","url":"https:\/\/www.cinesouk.ma\/","logo":{"@type":"ImageObject","inLanguage":"fr-FR","@id":"https:\/\/www.cinesouk.ma\/#\/schema\/logo\/image\/","url":"https:\/\/www.cinesouk.ma\/wp-content\/uploads\/2024\/01\/CineSouk-logo-v01-alpha-alligned-left.png","contentUrl":"https:\/\/www.cinesouk.ma\/wp-content\/uploads\/2024\/01\/CineSouk-logo-v01-alpha-alligned-left.png","width":3204,"height":889,"caption":"CineSouk"},"image":{"@id":"https:\/\/www.cinesouk.ma\/#\/schema\/logo\/image\/"}}]}},"_links":{"self":[{"href":"https:\/\/www.cinesouk.ma\/fr\/wp-json\/wp\/v2\/product\/10424","targetHints":{"allow":["GET"]}}],"collection":[{"href":"https:\/\/www.cinesouk.ma\/fr\/wp-json\/wp\/v2\/product"}],"about":[{"href":"https:\/\/www.cinesouk.ma\/fr\/wp-json\/wp\/v2\/types\/product"}],"wp:featuredmedia":[{"embeddable":true,"href":"https:\/\/www.cinesouk.ma\/fr\/wp-json\/wp\/v2\/media\/10435"}],"wp:attachment":[{"href":"https:\/\/www.cinesouk.ma\/fr\/wp-json\/wp\/v2\/media?parent=10424"}],"wp:term":[{"taxonomy":"product_brand","embeddable":true,"href":"https:\/\/www.cinesouk.ma\/fr\/wp-json\/wp\/v2\/product_brand?post=10424"},{"taxonomy":"product_cat","embeddable":true,"href":"https:\/\/www.cinesouk.ma\/fr\/wp-json\/wp\/v2\/product_cat?post=10424"},{"taxonomy":"product_tag","embeddable":true,"href":"https:\/\/www.cinesouk.ma\/fr\/wp-json\/wp\/v2\/product_tag?post=10424"}],"curies":[{"name":"wp","href":"https:\/\/api.w.org\/{rel}","templated":true}]}}