{"id":10449,"date":"2025-02-24T15:33:44","date_gmt":"2025-02-24T15:33:44","guid":{"rendered":"https:\/\/www.cinesouk.ma\/?post_type=product&#038;p=10449"},"modified":"2025-08-22T13:28:05","modified_gmt":"2025-08-22T13:28:05","slug":"westcott-7-parabolic-white-diffusion-umbrella","status":"publish","type":"product","link":"https:\/\/www.cinesouk.ma\/fr\/produit\/westcott-7-parabolic-white-diffusion-umbrella\/","title":{"rendered":"Westcott 7\u2032 Parapluie parabolique \u00e0 diffusion blanche"},"content":{"rendered":"<p data-start=\"58\" data-end=\"678\">Le parapluie Westcott 7\u2032 Parabolic White Diffusion Umbrella est un modificateur de lumi\u00e8re polyvalent, sp\u00e9cialement con\u00e7u pour un \u00e9clairage doux et uniforme en photographie. Gr\u00e2ce \u00e0 son large diam\u00e8tre de 7 pieds, il produit une lumi\u00e8re large et naturelle, ce qui le rend parfait pour les portraits, la mode et la photographie commerciale. De plus, sa forme parabolique am\u00e9liore la direction de la lumi\u00e8re, ce qui permet aux photographes de contr\u00f4ler plus efficacement les ombres et les lumi\u00e8res et d'assurer un \u00e9clairage \u00e9quilibr\u00e9. En outre, ce parapluie s'adapte parfaitement \u00e0 diverses configurations d'\u00e9clairage, ce qui en fait un outil essentiel pour les professionnels.<\/p>\n<h3 data-start=\"680\" data-end=\"702\"><strong data-start=\"684\" data-end=\"700\">Caract\u00e9ristiques principales<\/strong><\/h3>\n<ul data-start=\"704\" data-end=\"1805\">\n<li data-start=\"704\" data-end=\"875\"><strong data-start=\"706\" data-end=\"730\">Lumi\u00e8re douce et naturelle :<\/strong> Son int\u00e9rieur blanc cr\u00e9e un \u00e9clairage doux et diffus, r\u00e9duisant efficacement les ombres dures pour des portraits flatteurs et des images d\u00e9taill\u00e9es.<\/li>\n<li data-start=\"876\" data-end=\"1032\"><strong data-start=\"878\" data-end=\"898\">Forme parabolique :<\/strong> Con\u00e7u pour diriger efficacement la lumi\u00e8re, il permet un meilleur contr\u00f4le de l'intensit\u00e9 et de la diffusion, garantissant un \u00e9clairage plus raffin\u00e9.<\/li>\n<li data-start=\"1033\" data-end=\"1181\"><strong data-start=\"1035\" data-end=\"1054\">Grande couverture :<\/strong> Avec un diam\u00e8tre de 7 pieds, il assure une distribution large et uniforme de la lumi\u00e8re, ce qui le rend id\u00e9al pour les prises de vue de corps entiers et de groupes.<\/li>\n<li data-start=\"1182\" data-end=\"1331\"><strong data-start=\"1184\" data-end=\"1209\">Construction durable :<\/strong> Construit avec des mat\u00e9riaux de haute qualit\u00e9, il garantit une utilisation professionnelle de longue dur\u00e9e, m\u00eame dans des environnements exigeants.<\/li>\n<li data-start=\"1332\" data-end=\"1484\"><strong data-start=\"1334\" data-end=\"1350\">Installation rapide :<\/strong> Sa conception simple s'ouvre rapidement et se fixe facilement aux supports de parapluie standard, ce qui permet aux photographes de s'installer en quelques secondes.<\/li>\n<li data-start=\"1485\" data-end=\"1623\"><strong data-start=\"1487\" data-end=\"1514\">L\u00e9ger et portable :<\/strong> Comme il se plie de mani\u00e8re compacte, il est facile \u00e0 transporter et \u00e0 ranger, ce qui est pratique pour les tournages en ext\u00e9rieur.<\/li>\n<li data-start=\"1624\" data-end=\"1805\"><strong data-start=\"1626\" data-end=\"1656\">Compatible avec les diffuseurs :<\/strong> Associ\u00e9 \u00e0 un diffuseur optionnel, il fournit une lumi\u00e8re plus douce et uniform\u00e9ment r\u00e9partie, offrant aux photographes une plus grande souplesse d'\u00e9clairage.<\/li>\n<\/ul>\n<h3 data-start=\"1807\" data-end=\"1831\"><strong data-start=\"1811\" data-end=\"1829\">Sp\u00e9cifications<\/strong><\/h3>\n<ul data-start=\"1833\" data-end=\"2263\">\n<li data-start=\"1833\" data-end=\"1909\"><strong data-start=\"1835\" data-end=\"1848\">Diam\u00e8tre :<\/strong> 7 pieds (2,1 m\u00e8tres)<\/li>\n<li data-start=\"1910\" data-end=\"1997\"><strong data-start=\"1912\" data-end=\"1932\">Finition int\u00e9rieure :<\/strong> Blanc pour un rendu neutre de la lumi\u00e8re et des changements de couleur minimes<\/li>\n<li data-start=\"1998\" data-end=\"2092\"><strong data-start=\"2000\" data-end=\"2013\">Mat\u00e9riau :<\/strong> Tissu de haute qualit\u00e9 avec nervures en fibre de verre renforc\u00e9es pour une plus grande durabilit\u00e9<\/li>\n<li data-start=\"2093\" data-end=\"2183\"><strong data-start=\"2095\" data-end=\"2108\">Montage :<\/strong> Arbre de parapluie universel pour <strong data-start=\"2138\" data-end=\"2181\">c<\/strong>ompatibilit\u00e9 avec la plupart des \u00e9clairages<\/li>\n<li data-start=\"2184\" data-end=\"2263\"><strong data-start=\"2186\" data-end=\"2197\">Poids :<\/strong> L\u00e9ger mais robuste pour une manipulation et une mobilit\u00e9 sans effort<\/li>\n<\/ul>\n<p data-start=\"2265\" data-end=\"2657\" data-is-last-node=\"\" data-is-only-node=\"\">Le parapluie parabolique \u00e0 diffusion blanche Westcott 7\u2032 est un outil indispensable pour les photographes qui ont besoin d'un \u00e9clairage doux professionnel. Qu'il s'agisse de travailler en studio ou en ext\u00e9rieur, il offre une installation rapide, de la flexibilit\u00e9 et de la portabilit\u00e9. De plus, sa construction durable garantit des r\u00e9sultats d'\u00e9clairage constants et de haute qualit\u00e9, ce qui en fait un outil indispensable pour tout photographe s\u00e9rieux.<\/p>\n<p>Louez-le maintenant sur <a href=\"https:\/\/www.cinesouk.ma\/fr\">CINESOUK<\/a> - une marque de <a href=\"https:\/\/www.broadway.ma\/\">BROADWAY PRODUCTIONS SARL.<\/a><\/p>","protected":false},"excerpt":{"rendered":"<p>Sp\u00e9cifications :<\/p>\n<ul>\n<li data-start=\"1833\" data-end=\"1909\"><strong data-start=\"1835\" data-end=\"1848\">Diam\u00e8tre :<\/strong> 7 pieds (2,1 m\u00e8tres)<\/li>\n<li data-start=\"1910\" data-end=\"1997\"><strong data-start=\"1912\" data-end=\"1932\">Finition int\u00e9rieure :<\/strong> Blanc pour un rendu neutre de la lumi\u00e8re et des changements de couleur minimes<\/li>\n<li data-start=\"1998\" data-end=\"2092\"><strong data-start=\"2000\" data-end=\"2013\">Mat\u00e9riau :<\/strong> Tissu de haute qualit\u00e9 avec nervures en fibre de verre renforc\u00e9es pour une plus grande durabilit\u00e9<\/li>\n<li data-start=\"2093\" data-end=\"2183\"><strong data-start=\"2095\" data-end=\"2108\">Montage :<\/strong> Arbre de parapluie universel pour <strong data-start=\"2138\" data-end=\"2181\">c<\/strong>ompatibilit\u00e9 avec la plupart des \u00e9clairages<\/li>\n<li data-start=\"2184\" data-end=\"2263\"><strong data-start=\"2186\" data-end=\"2197\">Poids :<\/strong> L\u00e9ger mais robuste pour une manipulation et une mobilit\u00e9 sans effort<\/li>\n<\/ul>","protected":false},"featured_media":10460,"template":"","meta":{"om_disable_all_campaigns":false,"_monsterinsights_skip_tracking":false,"_monsterinsights_sitenote_active":false,"_monsterinsights_sitenote_note":"","_monsterinsights_sitenote_category":0,"_uf_show_specific_survey":0,"_uf_disable_surveys":false},"product_brand":[],"product_cat":[135,20,79],"product_tag":[],"class_list":{"0":"post-10449","1":"product","2":"type-product","3":"status-publish","4":"has-post-thumbnail","6":"product_cat-photography-eventsouk","7":"product_cat-light-cinesouk","8":"product_cat-photography-cinesouk","10":"entry","11":"has-media","13":"first","14":"instock","15":"taxable","16":"shipping-taxable","17":"purchasable","18":"product-type-variable","19":"has-product-nav","20":"col","21":"span_1_of_3","22":"owp-content-center","23":"owp-thumbs-layout-horizontal","24":"owp-btn-normal","25":"owp-tabs-layout-horizontal","26":"has-no-thumbnails"},"yoast_head":"<!-- This site is optimized with the Yoast SEO Premium plugin v26.0 (Yoast SEO v26.0) - https:\/\/yoast.com\/wordpress\/plugins\/seo\/ -->\n<title>For rent - Westcott 7&#039; Parabolic\u00a0White Diffusion Umbrella - CineSouk<\/title>\n<meta name=\"description\" content=\"The Westcott 7&#039; Parabolic White Diffusion Umbrella softens and diffuses light evenly, creating flattering illumination for portraits, fashion, and commercial photography.\" \/>\n<meta name=\"robots\" content=\"index, follow, max-snippet:-1, max-image-preview:large, max-video-preview:-1\" \/>\n<link rel=\"canonical\" href=\"https:\/\/www.cinesouk.ma\/fr\/produit\/westcott-7-parabolic-white-diffusion-umbrella\/\" \/>\n<meta property=\"og:locale\" content=\"fr_FR\" \/>\n<meta property=\"og:type\" content=\"article\" \/>\n<meta property=\"og:title\" content=\"Westcott 7&#039; Parabolic\u00a0White Diffusion Umbrella\" \/>\n<meta property=\"og:description\" content=\"The Westcott 7&#039; Parabolic White Diffusion Umbrella softens and diffuses light evenly, creating flattering illumination for portraits, fashion, and commercial photography.\" \/>\n<meta property=\"og:url\" content=\"https:\/\/www.cinesouk.ma\/fr\/produit\/westcott-7-parabolic-white-diffusion-umbrella\/\" \/>\n<meta property=\"og:site_name\" content=\"CineSouk\" \/>\n<meta property=\"article:modified_time\" content=\"2025-08-22T13:28:05+00:00\" \/>\n<meta property=\"og:image\" content=\"https:\/\/www.cinesouk.ma\/wp-content\/uploads\/2025\/02\/Westcott-7-Parabolic-White-Diffusion-Umbrella.jpg\" \/>\n\t<meta property=\"og:image:width\" content=\"300\" \/>\n\t<meta property=\"og:image:height\" content=\"238\" \/>\n\t<meta property=\"og:image:type\" content=\"image\/jpeg\" \/>\n<meta name=\"twitter:card\" content=\"summary_large_image\" \/>\n<meta name=\"twitter:description\" content=\"The Westcott 7&#039; Parabolic White Diffusion Umbrella softens and diffuses light evenly, creating flattering illumination for portraits, fashion, and commercial photography.\" \/>\n<meta name=\"twitter:label1\" content=\"Dur\u00e9e de lecture estim\u00e9e\" \/>\n\t<meta name=\"twitter:data1\" content=\"2 minutes\" \/>\n<script type=\"application\/ld+json\" class=\"yoast-schema-graph\">{\"@context\":\"https:\/\/schema.org\",\"@graph\":[{\"@type\":\"WebPage\",\"@id\":\"https:\/\/www.cinesouk.ma\/product\/westcott-7-parabolic-white-diffusion-umbrella\/\",\"url\":\"https:\/\/www.cinesouk.ma\/product\/westcott-7-parabolic-white-diffusion-umbrella\/\",\"name\":\"For rent - Westcott 7' Parabolic\u00a0White Diffusion Umbrella - CineSouk\",\"isPartOf\":{\"@id\":\"https:\/\/www.cinesouk.ma\/#website\"},\"primaryImageOfPage\":{\"@id\":\"https:\/\/www.cinesouk.ma\/product\/westcott-7-parabolic-white-diffusion-umbrella\/#primaryimage\"},\"image\":{\"@id\":\"https:\/\/www.cinesouk.ma\/product\/westcott-7-parabolic-white-diffusion-umbrella\/#primaryimage\"},\"thumbnailUrl\":\"https:\/\/www.cinesouk.ma\/wp-content\/uploads\/2025\/02\/Westcott-7-Parabolic-White-Diffusion-Umbrella.jpg\",\"datePublished\":\"2025-02-24T15:33:44+00:00\",\"dateModified\":\"2025-08-22T13:28:05+00:00\",\"description\":\"The Westcott 7' Parabolic White Diffusion Umbrella softens and diffuses light evenly, creating flattering illumination for portraits, fashion, and commercial photography.\",\"breadcrumb\":{\"@id\":\"https:\/\/www.cinesouk.ma\/product\/westcott-7-parabolic-white-diffusion-umbrella\/#breadcrumb\"},\"inLanguage\":\"fr-FR\",\"potentialAction\":[{\"@type\":\"ReadAction\",\"target\":[\"https:\/\/www.cinesouk.ma\/product\/westcott-7-parabolic-white-diffusion-umbrella\/\"]}]},{\"@type\":\"ImageObject\",\"inLanguage\":\"fr-FR\",\"@id\":\"https:\/\/www.cinesouk.ma\/product\/westcott-7-parabolic-white-diffusion-umbrella\/#primaryimage\",\"url\":\"https:\/\/www.cinesouk.ma\/wp-content\/uploads\/2025\/02\/Westcott-7-Parabolic-White-Diffusion-Umbrella.jpg\",\"contentUrl\":\"https:\/\/www.cinesouk.ma\/wp-content\/uploads\/2025\/02\/Westcott-7-Parabolic-White-Diffusion-Umbrella.jpg\",\"width\":300,\"height\":238,\"caption\":\"Westcott 7' Parabolic\u00a0White Diffusion Umbrella\"},{\"@type\":\"BreadcrumbList\",\"@id\":\"https:\/\/www.cinesouk.ma\/product\/westcott-7-parabolic-white-diffusion-umbrella\/#breadcrumb\",\"itemListElement\":[{\"@type\":\"ListItem\",\"position\":1,\"name\":\"Home\",\"item\":\"https:\/\/www.cinesouk.ma\/\"},{\"@type\":\"ListItem\",\"position\":2,\"name\":\"Shop\",\"item\":\"https:\/\/www.cinesouk.ma\/shop\/\"},{\"@type\":\"ListItem\",\"position\":3,\"name\":\"Westcott 7&#8242; Parabolic\u00a0White Diffusion Umbrella\"}]},{\"@type\":\"WebSite\",\"@id\":\"https:\/\/www.cinesouk.ma\/#website\",\"url\":\"https:\/\/www.cinesouk.ma\/\",\"name\":\"CineSouk\",\"description\":\"\",\"publisher\":{\"@id\":\"https:\/\/www.cinesouk.ma\/#organization\"},\"potentialAction\":[{\"@type\":\"SearchAction\",\"target\":{\"@type\":\"EntryPoint\",\"urlTemplate\":\"https:\/\/www.cinesouk.ma\/?s={search_term_string}\"},\"query-input\":{\"@type\":\"PropertyValueSpecification\",\"valueRequired\":true,\"valueName\":\"search_term_string\"}}],\"inLanguage\":\"fr-FR\"},{\"@type\":\"Organization\",\"@id\":\"https:\/\/www.cinesouk.ma\/#organization\",\"name\":\"CineSouk\",\"url\":\"https:\/\/www.cinesouk.ma\/\",\"logo\":{\"@type\":\"ImageObject\",\"inLanguage\":\"fr-FR\",\"@id\":\"https:\/\/www.cinesouk.ma\/#\/schema\/logo\/image\/\",\"url\":\"https:\/\/www.cinesouk.ma\/wp-content\/uploads\/2024\/01\/CineSouk-logo-v01-alpha-alligned-left.png\",\"contentUrl\":\"https:\/\/www.cinesouk.ma\/wp-content\/uploads\/2024\/01\/CineSouk-logo-v01-alpha-alligned-left.png\",\"width\":3204,\"height\":889,\"caption\":\"CineSouk\"},\"image\":{\"@id\":\"https:\/\/www.cinesouk.ma\/#\/schema\/logo\/image\/\"}}]}<\/script>\n<!-- \/ Yoast SEO Premium plugin. -->","yoast_head_json":{"title":"For rent - Westcott 7' Parabolic\u00a0White Diffusion Umbrella - CineSouk","description":"The Westcott 7' Parabolic White Diffusion Umbrella softens and diffuses light evenly, creating flattering illumination for portraits, fashion, and commercial photography.","robots":{"index":"index","follow":"follow","max-snippet":"max-snippet:-1","max-image-preview":"max-image-preview:large","max-video-preview":"max-video-preview:-1"},"canonical":"https:\/\/www.cinesouk.ma\/fr\/produit\/westcott-7-parabolic-white-diffusion-umbrella\/","og_locale":"fr_FR","og_type":"article","og_title":"Westcott 7' Parabolic\u00a0White Diffusion Umbrella","og_description":"The Westcott 7' Parabolic White Diffusion Umbrella softens and diffuses light evenly, creating flattering illumination for portraits, fashion, and commercial photography.","og_url":"https:\/\/www.cinesouk.ma\/fr\/produit\/westcott-7-parabolic-white-diffusion-umbrella\/","og_site_name":"CineSouk","article_modified_time":"2025-08-22T13:28:05+00:00","og_image":[{"width":300,"height":238,"url":"https:\/\/www.cinesouk.ma\/wp-content\/uploads\/2025\/02\/Westcott-7-Parabolic-White-Diffusion-Umbrella.jpg","type":"image\/jpeg"}],"twitter_card":"summary_large_image","twitter_description":"The Westcott 7' Parabolic White Diffusion Umbrella softens and diffuses light evenly, creating flattering illumination for portraits, fashion, and commercial photography.","twitter_misc":{"Dur\u00e9e de lecture estim\u00e9e":"2 minutes"},"schema":{"@context":"https:\/\/schema.org","@graph":[{"@type":"WebPage","@id":"https:\/\/www.cinesouk.ma\/product\/westcott-7-parabolic-white-diffusion-umbrella\/","url":"https:\/\/www.cinesouk.ma\/product\/westcott-7-parabolic-white-diffusion-umbrella\/","name":"For rent - Westcott 7' Parabolic\u00a0White Diffusion Umbrella - CineSouk","isPartOf":{"@id":"https:\/\/www.cinesouk.ma\/#website"},"primaryImageOfPage":{"@id":"https:\/\/www.cinesouk.ma\/product\/westcott-7-parabolic-white-diffusion-umbrella\/#primaryimage"},"image":{"@id":"https:\/\/www.cinesouk.ma\/product\/westcott-7-parabolic-white-diffusion-umbrella\/#primaryimage"},"thumbnailUrl":"https:\/\/www.cinesouk.ma\/wp-content\/uploads\/2025\/02\/Westcott-7-Parabolic-White-Diffusion-Umbrella.jpg","datePublished":"2025-02-24T15:33:44+00:00","dateModified":"2025-08-22T13:28:05+00:00","description":"The Westcott 7' Parabolic White Diffusion Umbrella softens and diffuses light evenly, creating flattering illumination for portraits, fashion, and commercial photography.","breadcrumb":{"@id":"https:\/\/www.cinesouk.ma\/product\/westcott-7-parabolic-white-diffusion-umbrella\/#breadcrumb"},"inLanguage":"fr-FR","potentialAction":[{"@type":"ReadAction","target":["https:\/\/www.cinesouk.ma\/product\/westcott-7-parabolic-white-diffusion-umbrella\/"]}]},{"@type":"ImageObject","inLanguage":"fr-FR","@id":"https:\/\/www.cinesouk.ma\/product\/westcott-7-parabolic-white-diffusion-umbrella\/#primaryimage","url":"https:\/\/www.cinesouk.ma\/wp-content\/uploads\/2025\/02\/Westcott-7-Parabolic-White-Diffusion-Umbrella.jpg","contentUrl":"https:\/\/www.cinesouk.ma\/wp-content\/uploads\/2025\/02\/Westcott-7-Parabolic-White-Diffusion-Umbrella.jpg","width":300,"height":238,"caption":"Westcott 7' Parabolic\u00a0White Diffusion Umbrella"},{"@type":"BreadcrumbList","@id":"https:\/\/www.cinesouk.ma\/product\/westcott-7-parabolic-white-diffusion-umbrella\/#breadcrumb","itemListElement":[{"@type":"ListItem","position":1,"name":"Home","item":"https:\/\/www.cinesouk.ma\/"},{"@type":"ListItem","position":2,"name":"Shop","item":"https:\/\/www.cinesouk.ma\/shop\/"},{"@type":"ListItem","position":3,"name":"Westcott 7&#8242; Parabolic\u00a0White Diffusion Umbrella"}]},{"@type":"WebSite","@id":"https:\/\/www.cinesouk.ma\/#website","url":"https:\/\/www.cinesouk.ma\/","name":"CineSouk","description":"","publisher":{"@id":"https:\/\/www.cinesouk.ma\/#organization"},"potentialAction":[{"@type":"SearchAction","target":{"@type":"EntryPoint","urlTemplate":"https:\/\/www.cinesouk.ma\/?s={search_term_string}"},"query-input":{"@type":"PropertyValueSpecification","valueRequired":true,"valueName":"search_term_string"}}],"inLanguage":"fr-FR"},{"@type":"Organization","@id":"https:\/\/www.cinesouk.ma\/#organization","name":"CineSouk","url":"https:\/\/www.cinesouk.ma\/","logo":{"@type":"ImageObject","inLanguage":"fr-FR","@id":"https:\/\/www.cinesouk.ma\/#\/schema\/logo\/image\/","url":"https:\/\/www.cinesouk.ma\/wp-content\/uploads\/2024\/01\/CineSouk-logo-v01-alpha-alligned-left.png","contentUrl":"https:\/\/www.cinesouk.ma\/wp-content\/uploads\/2024\/01\/CineSouk-logo-v01-alpha-alligned-left.png","width":3204,"height":889,"caption":"CineSouk"},"image":{"@id":"https:\/\/www.cinesouk.ma\/#\/schema\/logo\/image\/"}}]}},"_links":{"self":[{"href":"https:\/\/www.cinesouk.ma\/fr\/wp-json\/wp\/v2\/product\/10449","targetHints":{"allow":["GET"]}}],"collection":[{"href":"https:\/\/www.cinesouk.ma\/fr\/wp-json\/wp\/v2\/product"}],"about":[{"href":"https:\/\/www.cinesouk.ma\/fr\/wp-json\/wp\/v2\/types\/product"}],"wp:featuredmedia":[{"embeddable":true,"href":"https:\/\/www.cinesouk.ma\/fr\/wp-json\/wp\/v2\/media\/10460"}],"wp:attachment":[{"href":"https:\/\/www.cinesouk.ma\/fr\/wp-json\/wp\/v2\/media?parent=10449"}],"wp:term":[{"taxonomy":"product_brand","embeddable":true,"href":"https:\/\/www.cinesouk.ma\/fr\/wp-json\/wp\/v2\/product_brand?post=10449"},{"taxonomy":"product_cat","embeddable":true,"href":"https:\/\/www.cinesouk.ma\/fr\/wp-json\/wp\/v2\/product_cat?post=10449"},{"taxonomy":"product_tag","embeddable":true,"href":"https:\/\/www.cinesouk.ma\/fr\/wp-json\/wp\/v2\/product_tag?post=10449"}],"curies":[{"name":"wp","href":"https:\/\/api.w.org\/{rel}","templated":true}]}}