{"id":10461,"date":"2025-02-24T15:53:34","date_gmt":"2025-02-24T15:53:34","guid":{"rendered":"https:\/\/www.cinesouk.ma\/?post_type=product&#038;p=10461"},"modified":"2025-08-22T13:28:05","modified_gmt":"2025-08-22T13:28:05","slug":"westcott-7-parabolic-silver-umbrella","status":"publish","type":"product","link":"https:\/\/www.cinesouk.ma\/fr\/produit\/westcott-7-parabolic-silver-umbrella\/","title":{"rendered":"Parapluie Westcott 7\u2032 Parabolique Argent"},"content":{"rendered":"<p data-start=\"49\" data-end=\"473\">Le parapluie parabolique argent\u00e9 Westcott 7\u2032 est un modificateur d'\u00e9clairage puissant et polyvalent con\u00e7u pour maximiser le rendement et le contraste de la lumi\u00e8re. Gr\u00e2ce \u00e0 sa forme parabolique profonde, ce parapluie fournit une lumi\u00e8re plus concentr\u00e9e et directionnelle, ce qui le rend id\u00e9al pour les portraits, la mode et la photographie commerciale. De plus, son int\u00e9rieur argent\u00e9 am\u00e9liore consid\u00e9rablement la luminosit\u00e9 tout en conservant des d\u00e9tails nets et des tons de peau naturels.<\/p>\n<h3 data-start=\"475\" data-end=\"497\"><strong data-start=\"479\" data-end=\"495\">Caract\u00e9ristiques principales<\/strong><\/h3>\n<ul data-start=\"499\" data-end=\"1397\">\n<li data-start=\"499\" data-end=\"626\"><strong data-start=\"501\" data-end=\"526\">Forme parabolique profonde :<\/strong> Cr\u00e9e un faisceau lumineux contr\u00f4l\u00e9 et directionnel, offrant un \u00e9clairage pr\u00e9cis et un meilleur contraste.<\/li>\n<li data-start=\"627\" data-end=\"751\"><strong data-start=\"629\" data-end=\"649\">Argent Int\u00e9rieur :<\/strong> Augmente la luminosit\u00e9 et l'efficacit\u00e9, offrant un \u00e9clairage net et contrast\u00e9 pour des effets spectaculaires.<\/li>\n<li data-start=\"752\" data-end=\"874\"><strong data-start=\"754\" data-end=\"776\">Grand diam\u00e8tre 7\u2032 :<\/strong> Produit un \u00e9clairage doux mais bien d\u00e9fini, adapt\u00e9 \u00e0 la fois aux sujets uniques et aux portraits de groupe.<\/li>\n<li data-start=\"875\" data-end=\"995\"><strong data-start=\"877\" data-end=\"895\">Construction durable :<\/strong> Fabriqu\u00e9 \u00e0 partir de mat\u00e9riaux de haute qualit\u00e9 pour garantir des performances durables dans des environnements professionnels.<\/li>\n<li data-start=\"996\" data-end=\"1105\"><strong data-start=\"998\" data-end=\"1029\">Tiges en fibre de verre renforc\u00e9e :<\/strong> Ils offrent une stabilit\u00e9 et une durabilit\u00e9 accrues, emp\u00eachant la flexion ou le gauchissement.<\/li>\n<li data-start=\"1106\" data-end=\"1259\"><strong data-start=\"1108\" data-end=\"1137\">Installation facile et portabilit\u00e9 :<\/strong> Il se replie rapidement pour un rangement et un transport sans effort, ce qui le rend parfait pour les prises de vue en studio ou sur place.<\/li>\n<li data-start=\"1260\" data-end=\"1397\"><strong data-start=\"1262\" data-end=\"1292\">Compatible avec les diffuseurs :<\/strong> Fonctionne parfaitement avec les diffuseurs frontaux optionnels, permettant un \u00e9clairage encore plus doux et mieux contr\u00f4l\u00e9.<\/li>\n<\/ul>\n<h3 data-start=\"1399\" data-end=\"1423\"><strong data-start=\"1403\" data-end=\"1421\">Sp\u00e9cifications<\/strong><\/h3>\n<ul data-start=\"1425\" data-end=\"1722\">\n<li data-start=\"1425\" data-end=\"1470\"><strong data-start=\"1427\" data-end=\"1436\">Taille :<\/strong> 7 pieds (2,1 m\u00e8tres) de diam\u00e8tre<\/li>\n<li data-start=\"1471\" data-end=\"1501\"><strong data-start=\"1473\" data-end=\"1492\">Couleur int\u00e9rieure :<\/strong> Argent<\/li>\n<li data-start=\"1502\" data-end=\"1531\"><strong data-start=\"1504\" data-end=\"1514\">Forme :<\/strong> Parabolique profond<\/li>\n<li data-start=\"1532\" data-end=\"1571\"><strong data-start=\"1534\" data-end=\"1545\">Poids :<\/strong> L\u00e9ger mais durable<\/li>\n<li data-start=\"1572\" data-end=\"1652\"><strong data-start=\"1574\" data-end=\"1587\">Mat\u00e9riau :<\/strong> Tissu r\u00e9fl\u00e9chissant de haute qualit\u00e9 avec tiges en fibre de verre renforc\u00e9es<\/li>\n<li data-start=\"1653\" data-end=\"1722\"><strong data-start=\"1655\" data-end=\"1668\">Montage :<\/strong> Arbre parapluie standard pour une compatibilit\u00e9 universelle<\/li>\n<\/ul>\n<p data-start=\"1746\" data-end=\"2208\" data-is-last-node=\"\" data-is-only-node=\"\">Le parapluie parabolique argent\u00e9 Westcott 7\u2032 est un outil essentiel pour les photographes qui ont besoin d'un \u00e9clairage directionnel \u00e0 haut rendement avec un contraste am\u00e9lior\u00e9. Gr\u00e2ce \u00e0 sa conception parabolique profonde et \u00e0 son int\u00e9rieur argent\u00e9 r\u00e9fl\u00e9chissant, il fournit une lumi\u00e8re plus nette et mieux contr\u00f4l\u00e9e, ce qui le rend id\u00e9al pour la photographie de mode, commerciale et de portrait. De plus, sa construction durable et sa facilit\u00e9 de transport en font un choix de premier ordre pour le travail en studio et sur site.<\/p>\n<p>Louez-le maintenant sur <a href=\"https:\/\/www.cinesouk.ma\/fr\">CINESOUK<\/a> - une marque de <a href=\"https:\/\/www.broadway.ma\/\">BROADWAY PRODUCTIONS SARL.<\/a><\/p>","protected":false},"excerpt":{"rendered":"<p>Sp\u00e9cifications :<\/p>\n<ul>\n<li data-start=\"1425\" data-end=\"1470\"><strong data-start=\"1427\" data-end=\"1436\">Taille :<\/strong> 7 pieds (2,1 m\u00e8tres) de diam\u00e8tre<\/li>\n<li data-start=\"1471\" data-end=\"1501\"><strong data-start=\"1473\" data-end=\"1492\">Couleur int\u00e9rieure :<\/strong> Argent<\/li>\n<li data-start=\"1502\" data-end=\"1531\"><strong data-start=\"1504\" data-end=\"1514\">Forme :<\/strong> Parabolique profond<\/li>\n<li data-start=\"1532\" data-end=\"1571\"><strong data-start=\"1534\" data-end=\"1545\">Poids :<\/strong> L\u00e9ger mais durable<\/li>\n<li data-start=\"1572\" data-end=\"1652\"><strong data-start=\"1574\" data-end=\"1587\">Mat\u00e9riau :<\/strong> Tissu r\u00e9fl\u00e9chissant de haute qualit\u00e9 avec tiges en fibre de verre renforc\u00e9es<\/li>\n<li data-start=\"1653\" data-end=\"1722\"><strong data-start=\"1655\" data-end=\"1668\">Montage :<\/strong> Arbre parapluie standard pour une compatibilit\u00e9 universelle<\/li>\n<\/ul>","protected":false},"featured_media":10472,"template":"","meta":{"om_disable_all_campaigns":false,"_monsterinsights_skip_tracking":false,"_monsterinsights_sitenote_active":false,"_monsterinsights_sitenote_note":"","_monsterinsights_sitenote_category":0,"_uf_show_specific_survey":0,"_uf_disable_surveys":false},"product_brand":[],"product_cat":[135,20,79],"product_tag":[],"class_list":{"0":"post-10461","1":"product","2":"type-product","3":"status-publish","4":"has-post-thumbnail","6":"product_cat-photography-eventsouk","7":"product_cat-light-cinesouk","8":"product_cat-photography-cinesouk","10":"entry","11":"has-media","13":"first","14":"instock","15":"taxable","16":"shipping-taxable","17":"purchasable","18":"product-type-variable","19":"has-product-nav","20":"col","21":"span_1_of_3","22":"owp-content-center","23":"owp-thumbs-layout-horizontal","24":"owp-btn-normal","25":"owp-tabs-layout-horizontal","26":"has-no-thumbnails"},"yoast_head":"<!-- This site is optimized with the Yoast SEO Premium plugin v26.0 (Yoast SEO v26.0) - https:\/\/yoast.com\/wordpress\/plugins\/seo\/ -->\n<title>For rent - Westcott 7&#039; Parabolic Silver Umbrella - CineSouk<\/title>\n<meta name=\"description\" content=\"The Westcott 7&#039; Parabolic Silver Umbrella enhances light output and contrast, delivering crisp, directional lighting for portraits, fashion, and commercial photography.\" \/>\n<meta name=\"robots\" content=\"index, follow, max-snippet:-1, max-image-preview:large, max-video-preview:-1\" \/>\n<link rel=\"canonical\" href=\"https:\/\/www.cinesouk.ma\/fr\/produit\/westcott-7-parabolic-silver-umbrella\/\" \/>\n<meta property=\"og:locale\" content=\"fr_FR\" \/>\n<meta property=\"og:type\" content=\"article\" \/>\n<meta property=\"og:title\" content=\"Westcott 7&#039; Parabolic Silver Umbrella\" \/>\n<meta property=\"og:description\" content=\"The Westcott 7&#039; Parabolic Silver Umbrella enhances light output and contrast, delivering crisp, directional lighting for portraits, fashion, and commercial photography.\" \/>\n<meta property=\"og:url\" content=\"https:\/\/www.cinesouk.ma\/fr\/produit\/westcott-7-parabolic-silver-umbrella\/\" \/>\n<meta property=\"og:site_name\" content=\"CineSouk\" \/>\n<meta property=\"article:modified_time\" content=\"2025-08-22T13:28:05+00:00\" \/>\n<meta property=\"og:image\" content=\"https:\/\/www.cinesouk.ma\/wp-content\/uploads\/2025\/02\/Westcott-7-Parabolic-Silver-Umbrella.jpg\" \/>\n\t<meta property=\"og:image:width\" content=\"300\" \/>\n\t<meta property=\"og:image:height\" content=\"238\" \/>\n\t<meta property=\"og:image:type\" content=\"image\/jpeg\" \/>\n<meta name=\"twitter:card\" content=\"summary_large_image\" \/>\n<meta name=\"twitter:description\" content=\"The Westcott 7&#039; Parabolic Silver Umbrella enhances light output and contrast, delivering crisp, directional lighting for portraits, fashion, and commercial photography.\" \/>\n<meta name=\"twitter:label1\" content=\"Dur\u00e9e de lecture estim\u00e9e\" \/>\n\t<meta name=\"twitter:data1\" content=\"2 minutes\" \/>\n<script type=\"application\/ld+json\" class=\"yoast-schema-graph\">{\"@context\":\"https:\/\/schema.org\",\"@graph\":[{\"@type\":\"WebPage\",\"@id\":\"https:\/\/www.cinesouk.ma\/product\/westcott-7-parabolic-silver-umbrella\/\",\"url\":\"https:\/\/www.cinesouk.ma\/product\/westcott-7-parabolic-silver-umbrella\/\",\"name\":\"For rent - Westcott 7' Parabolic Silver Umbrella - CineSouk\",\"isPartOf\":{\"@id\":\"https:\/\/www.cinesouk.ma\/#website\"},\"primaryImageOfPage\":{\"@id\":\"https:\/\/www.cinesouk.ma\/product\/westcott-7-parabolic-silver-umbrella\/#primaryimage\"},\"image\":{\"@id\":\"https:\/\/www.cinesouk.ma\/product\/westcott-7-parabolic-silver-umbrella\/#primaryimage\"},\"thumbnailUrl\":\"https:\/\/www.cinesouk.ma\/wp-content\/uploads\/2025\/02\/Westcott-7-Parabolic-Silver-Umbrella.jpg\",\"datePublished\":\"2025-02-24T15:53:34+00:00\",\"dateModified\":\"2025-08-22T13:28:05+00:00\",\"description\":\"The Westcott 7' Parabolic Silver Umbrella enhances light output and contrast, delivering crisp, directional lighting for portraits, fashion, and commercial photography.\",\"breadcrumb\":{\"@id\":\"https:\/\/www.cinesouk.ma\/product\/westcott-7-parabolic-silver-umbrella\/#breadcrumb\"},\"inLanguage\":\"fr-FR\",\"potentialAction\":[{\"@type\":\"ReadAction\",\"target\":[\"https:\/\/www.cinesouk.ma\/product\/westcott-7-parabolic-silver-umbrella\/\"]}]},{\"@type\":\"ImageObject\",\"inLanguage\":\"fr-FR\",\"@id\":\"https:\/\/www.cinesouk.ma\/product\/westcott-7-parabolic-silver-umbrella\/#primaryimage\",\"url\":\"https:\/\/www.cinesouk.ma\/wp-content\/uploads\/2025\/02\/Westcott-7-Parabolic-Silver-Umbrella.jpg\",\"contentUrl\":\"https:\/\/www.cinesouk.ma\/wp-content\/uploads\/2025\/02\/Westcott-7-Parabolic-Silver-Umbrella.jpg\",\"width\":300,\"height\":238,\"caption\":\"Westcott 7' Parabolic Silver Umbrella\"},{\"@type\":\"BreadcrumbList\",\"@id\":\"https:\/\/www.cinesouk.ma\/product\/westcott-7-parabolic-silver-umbrella\/#breadcrumb\",\"itemListElement\":[{\"@type\":\"ListItem\",\"position\":1,\"name\":\"Home\",\"item\":\"https:\/\/www.cinesouk.ma\/\"},{\"@type\":\"ListItem\",\"position\":2,\"name\":\"Shop\",\"item\":\"https:\/\/www.cinesouk.ma\/shop\/\"},{\"@type\":\"ListItem\",\"position\":3,\"name\":\"Westcott 7&#8242; Parabolic Silver Umbrella\"}]},{\"@type\":\"WebSite\",\"@id\":\"https:\/\/www.cinesouk.ma\/#website\",\"url\":\"https:\/\/www.cinesouk.ma\/\",\"name\":\"CineSouk\",\"description\":\"\",\"publisher\":{\"@id\":\"https:\/\/www.cinesouk.ma\/#organization\"},\"potentialAction\":[{\"@type\":\"SearchAction\",\"target\":{\"@type\":\"EntryPoint\",\"urlTemplate\":\"https:\/\/www.cinesouk.ma\/?s={search_term_string}\"},\"query-input\":{\"@type\":\"PropertyValueSpecification\",\"valueRequired\":true,\"valueName\":\"search_term_string\"}}],\"inLanguage\":\"fr-FR\"},{\"@type\":\"Organization\",\"@id\":\"https:\/\/www.cinesouk.ma\/#organization\",\"name\":\"CineSouk\",\"url\":\"https:\/\/www.cinesouk.ma\/\",\"logo\":{\"@type\":\"ImageObject\",\"inLanguage\":\"fr-FR\",\"@id\":\"https:\/\/www.cinesouk.ma\/#\/schema\/logo\/image\/\",\"url\":\"https:\/\/www.cinesouk.ma\/wp-content\/uploads\/2024\/01\/CineSouk-logo-v01-alpha-alligned-left.png\",\"contentUrl\":\"https:\/\/www.cinesouk.ma\/wp-content\/uploads\/2024\/01\/CineSouk-logo-v01-alpha-alligned-left.png\",\"width\":3204,\"height\":889,\"caption\":\"CineSouk\"},\"image\":{\"@id\":\"https:\/\/www.cinesouk.ma\/#\/schema\/logo\/image\/\"}}]}<\/script>\n<!-- \/ Yoast SEO Premium plugin. -->","yoast_head_json":{"title":"For rent - Westcott 7' Parabolic Silver Umbrella - CineSouk","description":"The Westcott 7' Parabolic Silver Umbrella enhances light output and contrast, delivering crisp, directional lighting for portraits, fashion, and commercial photography.","robots":{"index":"index","follow":"follow","max-snippet":"max-snippet:-1","max-image-preview":"max-image-preview:large","max-video-preview":"max-video-preview:-1"},"canonical":"https:\/\/www.cinesouk.ma\/fr\/produit\/westcott-7-parabolic-silver-umbrella\/","og_locale":"fr_FR","og_type":"article","og_title":"Westcott 7' Parabolic Silver Umbrella","og_description":"The Westcott 7' Parabolic Silver Umbrella enhances light output and contrast, delivering crisp, directional lighting for portraits, fashion, and commercial photography.","og_url":"https:\/\/www.cinesouk.ma\/fr\/produit\/westcott-7-parabolic-silver-umbrella\/","og_site_name":"CineSouk","article_modified_time":"2025-08-22T13:28:05+00:00","og_image":[{"width":300,"height":238,"url":"https:\/\/www.cinesouk.ma\/wp-content\/uploads\/2025\/02\/Westcott-7-Parabolic-Silver-Umbrella.jpg","type":"image\/jpeg"}],"twitter_card":"summary_large_image","twitter_description":"The Westcott 7' Parabolic Silver Umbrella enhances light output and contrast, delivering crisp, directional lighting for portraits, fashion, and commercial photography.","twitter_misc":{"Dur\u00e9e de lecture estim\u00e9e":"2 minutes"},"schema":{"@context":"https:\/\/schema.org","@graph":[{"@type":"WebPage","@id":"https:\/\/www.cinesouk.ma\/product\/westcott-7-parabolic-silver-umbrella\/","url":"https:\/\/www.cinesouk.ma\/product\/westcott-7-parabolic-silver-umbrella\/","name":"For rent - Westcott 7' Parabolic Silver Umbrella - CineSouk","isPartOf":{"@id":"https:\/\/www.cinesouk.ma\/#website"},"primaryImageOfPage":{"@id":"https:\/\/www.cinesouk.ma\/product\/westcott-7-parabolic-silver-umbrella\/#primaryimage"},"image":{"@id":"https:\/\/www.cinesouk.ma\/product\/westcott-7-parabolic-silver-umbrella\/#primaryimage"},"thumbnailUrl":"https:\/\/www.cinesouk.ma\/wp-content\/uploads\/2025\/02\/Westcott-7-Parabolic-Silver-Umbrella.jpg","datePublished":"2025-02-24T15:53:34+00:00","dateModified":"2025-08-22T13:28:05+00:00","description":"The Westcott 7' Parabolic Silver Umbrella enhances light output and contrast, delivering crisp, directional lighting for portraits, fashion, and commercial photography.","breadcrumb":{"@id":"https:\/\/www.cinesouk.ma\/product\/westcott-7-parabolic-silver-umbrella\/#breadcrumb"},"inLanguage":"fr-FR","potentialAction":[{"@type":"ReadAction","target":["https:\/\/www.cinesouk.ma\/product\/westcott-7-parabolic-silver-umbrella\/"]}]},{"@type":"ImageObject","inLanguage":"fr-FR","@id":"https:\/\/www.cinesouk.ma\/product\/westcott-7-parabolic-silver-umbrella\/#primaryimage","url":"https:\/\/www.cinesouk.ma\/wp-content\/uploads\/2025\/02\/Westcott-7-Parabolic-Silver-Umbrella.jpg","contentUrl":"https:\/\/www.cinesouk.ma\/wp-content\/uploads\/2025\/02\/Westcott-7-Parabolic-Silver-Umbrella.jpg","width":300,"height":238,"caption":"Westcott 7' Parabolic Silver Umbrella"},{"@type":"BreadcrumbList","@id":"https:\/\/www.cinesouk.ma\/product\/westcott-7-parabolic-silver-umbrella\/#breadcrumb","itemListElement":[{"@type":"ListItem","position":1,"name":"Home","item":"https:\/\/www.cinesouk.ma\/"},{"@type":"ListItem","position":2,"name":"Shop","item":"https:\/\/www.cinesouk.ma\/shop\/"},{"@type":"ListItem","position":3,"name":"Westcott 7&#8242; Parabolic Silver Umbrella"}]},{"@type":"WebSite","@id":"https:\/\/www.cinesouk.ma\/#website","url":"https:\/\/www.cinesouk.ma\/","name":"CineSouk","description":"","publisher":{"@id":"https:\/\/www.cinesouk.ma\/#organization"},"potentialAction":[{"@type":"SearchAction","target":{"@type":"EntryPoint","urlTemplate":"https:\/\/www.cinesouk.ma\/?s={search_term_string}"},"query-input":{"@type":"PropertyValueSpecification","valueRequired":true,"valueName":"search_term_string"}}],"inLanguage":"fr-FR"},{"@type":"Organization","@id":"https:\/\/www.cinesouk.ma\/#organization","name":"CineSouk","url":"https:\/\/www.cinesouk.ma\/","logo":{"@type":"ImageObject","inLanguage":"fr-FR","@id":"https:\/\/www.cinesouk.ma\/#\/schema\/logo\/image\/","url":"https:\/\/www.cinesouk.ma\/wp-content\/uploads\/2024\/01\/CineSouk-logo-v01-alpha-alligned-left.png","contentUrl":"https:\/\/www.cinesouk.ma\/wp-content\/uploads\/2024\/01\/CineSouk-logo-v01-alpha-alligned-left.png","width":3204,"height":889,"caption":"CineSouk"},"image":{"@id":"https:\/\/www.cinesouk.ma\/#\/schema\/logo\/image\/"}}]}},"_links":{"self":[{"href":"https:\/\/www.cinesouk.ma\/fr\/wp-json\/wp\/v2\/product\/10461","targetHints":{"allow":["GET"]}}],"collection":[{"href":"https:\/\/www.cinesouk.ma\/fr\/wp-json\/wp\/v2\/product"}],"about":[{"href":"https:\/\/www.cinesouk.ma\/fr\/wp-json\/wp\/v2\/types\/product"}],"wp:featuredmedia":[{"embeddable":true,"href":"https:\/\/www.cinesouk.ma\/fr\/wp-json\/wp\/v2\/media\/10472"}],"wp:attachment":[{"href":"https:\/\/www.cinesouk.ma\/fr\/wp-json\/wp\/v2\/media?parent=10461"}],"wp:term":[{"taxonomy":"product_brand","embeddable":true,"href":"https:\/\/www.cinesouk.ma\/fr\/wp-json\/wp\/v2\/product_brand?post=10461"},{"taxonomy":"product_cat","embeddable":true,"href":"https:\/\/www.cinesouk.ma\/fr\/wp-json\/wp\/v2\/product_cat?post=10461"},{"taxonomy":"product_tag","embeddable":true,"href":"https:\/\/www.cinesouk.ma\/fr\/wp-json\/wp\/v2\/product_tag?post=10461"}],"curies":[{"name":"wp","href":"https:\/\/api.w.org\/{rel}","templated":true}]}}