{"id":10539,"date":"2025-02-28T09:44:30","date_gmt":"2025-02-28T09:44:30","guid":{"rendered":"https:\/\/www.cinesouk.ma\/?post_type=product&#038;p=10539"},"modified":"2026-01-24T14:16:31","modified_gmt":"2026-01-24T14:16:31","slug":"tipke-foldit-2100-cart-beach-cart","status":"publish","type":"product","link":"https:\/\/www.cinesouk.ma\/fr\/produit\/tipke-foldit-2100-cart-beach-cart\/","title":{"rendered":"Chariot \/ chariot de plage Tipke Foldit 2100"},"content":{"rendered":"<p data-start=\"47\" data-end=\"397\">Le chariot Tipke Foldit 2100 est un chariot utilitaire pliable tr\u00e8s r\u00e9sistant, con\u00e7u pour transporter des charges sans effort sur diff\u00e9rents terrains. Comme il est fabriqu\u00e9 en aluminium de qualit\u00e9 marine, il garantit la durabilit\u00e9, la r\u00e9sistance \u00e0 la rouille et la l\u00e9g\u00e8ret\u00e9, ce qui le rend id\u00e9al pour les voyages \u00e0 la plage, le jardinage, les entrep\u00f4ts ou d'autres activit\u00e9s de plein air. De plus, sa conception compacte et pliable permet un rangement facile, ce qui en fait une option pratique pour les personnes disposant de peu d'espace.<\/p>\n<h3 data-start=\"539\" data-end=\"562\"><strong data-start=\"543\" data-end=\"560\">Caract\u00e9ristiques principales :<\/strong><\/h3>\n<ul data-start=\"563\" data-end=\"2144\">\n<li data-start=\"563\" data-end=\"824\"><strong data-start=\"565\" data-end=\"593\">Construction robuste :<\/strong> Fabriqu\u00e9 en aluminium de qualit\u00e9 marine, ce chariot offre une solidit\u00e9 et une r\u00e9sistance \u00e0 la rouille exceptionnelles, garantissant des performances durables dans diverses conditions. Par cons\u00e9quent, il reste fiable pour une utilisation \u00e0 l'ext\u00e9rieur et \u00e0 l'int\u00e9rieur.<\/li>\n<li data-start=\"825\" data-end=\"1004\"><strong data-start=\"827\" data-end=\"847\">Design pliable :<\/strong> Comme il se replie facilement, ce chariot est incroyablement pratique \u00e0 ranger et \u00e0 transporter, surtout pour ceux qui ont besoin d'une solution peu encombrante.<\/li>\n<li data-start=\"1005\" data-end=\"1204\"><strong data-start=\"1007\" data-end=\"1030\">Capacit\u00e9 de charge \u00e9lev\u00e9e :<\/strong> Pouvant supporter jusqu'\u00e0 150 kg, ce chariot est parfait pour transporter des charges lourdes avec un minimum d'effort, ce qui en fait une option polyvalente pour diff\u00e9rentes t\u00e2ches.<\/li>\n<li data-start=\"1205\" data-end=\"1480\"><strong data-start=\"1207\" data-end=\"1234\">Grandes roues pneumatiques :<\/strong> Con\u00e7u pour <strong data-start=\"1248\" data-end=\"1267\">s<\/strong>Se d\u00e9pla\u00e7ant facilement sur le sable, le gravier et les surfaces irr\u00e9guli\u00e8res, ce chariot est particuli\u00e8rement utile pour les s\u00e9jours \u00e0 la plage ou les environnements difficiles. En outre, les roues robustes garantissent un transport stable, \u00e9vitant ainsi les efforts inutiles.<\/li>\n<li data-start=\"1481\" data-end=\"1636\"><strong data-start=\"1483\" data-end=\"1505\">Construction l\u00e9g\u00e8re :<\/strong> Comme il ne p\u00e8se que 15 kg, il reste facile \u00e0 man\u0153uvrer, sans pour autant compromettre sa solidit\u00e9 ou sa durabilit\u00e9.<\/li>\n<li data-start=\"1637\" data-end=\"1832\"><strong data-start=\"1639\" data-end=\"1656\">Lit spacieux :<\/strong> Gr\u00e2ce \u00e0 sa grande surface de transport, il peut facilement accueillir du mat\u00e9riel de plage, des provisions, des outils de jardinage ou des fournitures d'entrep\u00f4t, ce qui en fait un outil indispensable pour r\u00e9pondre \u00e0 divers besoins.<\/li>\n<li data-start=\"1833\" data-end=\"2000\"><strong data-start=\"1835\" data-end=\"1864\">Finition r\u00e9sistante aux intemp\u00e9ries :<\/strong> Construit pour r\u00e9sister aux conditions ext\u00e9rieures difficiles, il garantit une durabilit\u00e9 dans tous les environnements, m\u00eame dans des conditions m\u00e9t\u00e9orologiques difficiles.<\/li>\n<li data-start=\"2001\" data-end=\"2144\"><strong data-start=\"2003\" data-end=\"2024\">Poign\u00e9e ergonomique :<\/strong> Dot\u00e9 d'une poign\u00e9e confortable, il permet de tirer et de diriger sans effort, m\u00eame sur les terrains difficiles.<\/li>\n<\/ul>\n<h3 data-start=\"2146\" data-end=\"2171\"><strong data-start=\"2150\" data-end=\"2169\">Sp\u00e9cifications :<\/strong><\/h3>\n<ul data-start=\"2172\" data-end=\"2626\">\n<li data-start=\"2172\" data-end=\"2226\"><strong data-start=\"2174\" data-end=\"2187\">Mat\u00e9riau :<\/strong> Aluminium de qualit\u00e9 marine pour la durabilit\u00e9<\/li>\n<li data-start=\"2227\" data-end=\"2300\"><strong data-start=\"2229\" data-end=\"2249\">Capacit\u00e9 de poids :<\/strong> 330 lbs (150 kg), parfait pour une utilisation intensive<\/li>\n<li data-start=\"2301\" data-end=\"2380\"><strong data-start=\"2303\" data-end=\"2314\">Poids :<\/strong> 33 lbs (15 kg), ce qui le rend l\u00e9ger et facile \u00e0 transporter<\/li>\n<li data-start=\"2381\" data-end=\"2452\"><strong data-start=\"2383\" data-end=\"2405\">Pli\u00e9 Dimensions :<\/strong> Compact pour un stockage facile dans les petits espaces<\/li>\n<li data-start=\"2453\" data-end=\"2544\"><strong data-start=\"2455\" data-end=\"2470\">Type de roue :<\/strong> Grandes roues pneumatiques con\u00e7ues pour assurer la stabilit\u00e9 sur diff\u00e9rentes surfaces<\/li>\n<li data-start=\"2545\" data-end=\"2626\"><strong data-start=\"2547\" data-end=\"2557\">Utilisation :<\/strong> Id\u00e9al pour les plages, les jardins, les entrep\u00f4ts et les activit\u00e9s de plein air<\/li>\n<\/ul>\n<p data-start=\"2649\" data-end=\"3215\" data-is-last-node=\"\" data-is-only-node=\"\">En d\u00e9finitive, le chariot Tipke Foldit 2100 est un choix exceptionnel pour ceux qui recherchent une solution de transport pratique, durable et polyvalente. Gr\u00e2ce \u00e0 sa construction robuste et \u00e0 sa conception facile \u00e0 plier, il est parfait pour transporter sans effort des charges lourdes. Que vous alliez \u00e0 la plage, que vous travailliez dans le jardin ou que vous g\u00e9riez les fournitures de l'entrep\u00f4t, ce chariot garantit des performances fluides et fiables dans toutes les situations. De plus, sa construction l\u00e9g\u00e8re mais durable vous permet de transporter facilement des marchandises sans effort inutile.<\/p>\n<p>Louez le chariot Tipke Foldit 2100 maintenant sur <a href=\"https:\/\/www.cinesouk.ma\/fr\">CINESOUK<\/a> - une marque de <a href=\"https:\/\/www.broadway.ma\/\">BROADWAY PRODUCTIONS SARL.<\/a><\/p>","protected":false},"excerpt":{"rendered":"<p>Sp\u00e9cifications<\/p>\n<ul data-start=\"2172\" data-end=\"2626\">\n<li data-start=\"2172\" data-end=\"2226\"><strong data-start=\"2174\" data-end=\"2187\">Mat\u00e9riau :<\/strong> Aluminium de qualit\u00e9 marine pour la durabilit\u00e9<\/li>\n<li data-start=\"2227\" data-end=\"2300\"><strong data-start=\"2229\" data-end=\"2249\">Capacit\u00e9 de poids :<\/strong> 330 lbs (150 kg), parfait pour une utilisation intensive<\/li>\n<li data-start=\"2301\" data-end=\"2380\"><strong data-start=\"2303\" data-end=\"2314\">Poids :<\/strong> 33 lbs (15 kg), ce qui le rend l\u00e9ger et facile \u00e0 transporter<\/li>\n<li data-start=\"2381\" data-end=\"2452\"><strong data-start=\"2383\" data-end=\"2405\">Pli\u00e9 Dimensions :<\/strong> Compact pour un stockage facile dans les petits espaces<\/li>\n<li data-start=\"2453\" data-end=\"2544\"><strong data-start=\"2455\" data-end=\"2470\">Type de roue :<\/strong> Grandes roues pneumatiques con\u00e7ues pour assurer la stabilit\u00e9 sur diff\u00e9rentes surfaces<\/li>\n<li data-start=\"2545\" data-end=\"2626\"><strong data-start=\"2547\" data-end=\"2557\">Utilisation :<\/strong> Id\u00e9al pour les plages, les jardins, les entrep\u00f4ts et les activit\u00e9s de plein air<\/li>\n<\/ul>","protected":false},"featured_media":10550,"template":"","meta":{"om_disable_all_campaigns":false,"_monsterinsights_skip_tracking":false,"_monsterinsights_sitenote_active":false,"_monsterinsights_sitenote_note":"","_monsterinsights_sitenote_category":0,"_uf_show_specific_survey":0,"_uf_disable_surveys":false},"product_brand":[],"product_cat":[82],"product_tag":[],"class_list":{"0":"post-10539","1":"product","2":"type-product","3":"status-publish","4":"has-post-thumbnail","6":"product_cat-carts-cinesouk","8":"entry","9":"has-media","11":"first","12":"instock","13":"taxable","14":"shipping-taxable","15":"purchasable","16":"product-type-variable","17":"has-product-nav","18":"col","19":"span_1_of_3","20":"owp-content-center","21":"owp-thumbs-layout-horizontal","22":"owp-btn-normal","23":"owp-tabs-layout-horizontal","24":"has-no-thumbnails"},"yoast_head":"<!-- This site is optimized with the Yoast SEO Premium plugin v26.0 (Yoast SEO v26.0) - https:\/\/yoast.com\/wordpress\/plugins\/seo\/ -->\n<title>Tipke Foldit 2100 cart \/ beach cart - CineSouk - For rent<\/title>\n<meta name=\"description\" content=\"The Tipke Foldit 2100 Cart is a durable, foldable utility cart with marine-grade aluminum construction, 330 lbs capacity, and large pneumatic wheels, ideal for beach trips, gardening, and warehouses.\" \/>\n<meta name=\"robots\" content=\"index, follow, max-snippet:-1, max-image-preview:large, max-video-preview:-1\" \/>\n<link rel=\"canonical\" href=\"https:\/\/www.cinesouk.ma\/fr\/produit\/tipke-foldit-2100-cart-beach-cart\/\" \/>\n<meta property=\"og:locale\" content=\"fr_FR\" \/>\n<meta property=\"og:type\" content=\"article\" \/>\n<meta property=\"og:title\" content=\"Tipke Foldit 2100 cart \/ beach cart\" \/>\n<meta property=\"og:description\" content=\"The Tipke Foldit 2100 Cart is a durable, foldable utility cart with marine-grade aluminum construction, 330 lbs capacity, and large pneumatic wheels, ideal for beach trips, gardening, and warehouses.\" \/>\n<meta property=\"og:url\" content=\"https:\/\/www.cinesouk.ma\/fr\/produit\/tipke-foldit-2100-cart-beach-cart\/\" \/>\n<meta property=\"og:site_name\" content=\"CineSouk\" \/>\n<meta property=\"article:modified_time\" content=\"2026-01-24T14:16:31+00:00\" \/>\n<meta property=\"og:image\" content=\"https:\/\/www.cinesouk.ma\/wp-content\/uploads\/2025\/02\/Tipke-Foldit-2100-cart-beach-cart.jpg\" \/>\n\t<meta property=\"og:image:width\" content=\"300\" \/>\n\t<meta property=\"og:image:height\" content=\"238\" \/>\n\t<meta property=\"og:image:type\" content=\"image\/jpeg\" \/>\n<meta name=\"twitter:card\" content=\"summary_large_image\" \/>\n<meta name=\"twitter:description\" content=\"The Tipke Foldit 2100 Cart is a durable, foldable utility cart with marine-grade aluminum construction, 330 lbs capacity, and large pneumatic wheels, ideal for beach trips, gardening, and warehouses.\" \/>\n<meta name=\"twitter:label1\" content=\"Dur\u00e9e de lecture estim\u00e9e\" \/>\n\t<meta name=\"twitter:data1\" content=\"3 minutes\" \/>\n<script type=\"application\/ld+json\" class=\"yoast-schema-graph\">{\"@context\":\"https:\/\/schema.org\",\"@graph\":[{\"@type\":\"WebPage\",\"@id\":\"https:\/\/www.cinesouk.ma\/product\/tipke-foldit-2100-cart-beach-cart\/\",\"url\":\"https:\/\/www.cinesouk.ma\/product\/tipke-foldit-2100-cart-beach-cart\/\",\"name\":\"Tipke Foldit 2100 cart \/ beach cart - CineSouk - For rent\",\"isPartOf\":{\"@id\":\"https:\/\/www.cinesouk.ma\/#website\"},\"primaryImageOfPage\":{\"@id\":\"https:\/\/www.cinesouk.ma\/product\/tipke-foldit-2100-cart-beach-cart\/#primaryimage\"},\"image\":{\"@id\":\"https:\/\/www.cinesouk.ma\/product\/tipke-foldit-2100-cart-beach-cart\/#primaryimage\"},\"thumbnailUrl\":\"https:\/\/www.cinesouk.ma\/wp-content\/uploads\/2025\/02\/Tipke-Foldit-2100-cart-beach-cart.jpg\",\"datePublished\":\"2025-02-28T09:44:30+00:00\",\"dateModified\":\"2026-01-24T14:16:31+00:00\",\"description\":\"The Tipke Foldit 2100 Cart is a durable, foldable utility cart with marine-grade aluminum construction, 330 lbs capacity, and large pneumatic wheels, ideal for beach trips, gardening, and warehouses.\",\"breadcrumb\":{\"@id\":\"https:\/\/www.cinesouk.ma\/product\/tipke-foldit-2100-cart-beach-cart\/#breadcrumb\"},\"inLanguage\":\"fr-FR\",\"potentialAction\":[{\"@type\":\"ReadAction\",\"target\":[\"https:\/\/www.cinesouk.ma\/product\/tipke-foldit-2100-cart-beach-cart\/\"]}]},{\"@type\":\"ImageObject\",\"inLanguage\":\"fr-FR\",\"@id\":\"https:\/\/www.cinesouk.ma\/product\/tipke-foldit-2100-cart-beach-cart\/#primaryimage\",\"url\":\"https:\/\/www.cinesouk.ma\/wp-content\/uploads\/2025\/02\/Tipke-Foldit-2100-cart-beach-cart.jpg\",\"contentUrl\":\"https:\/\/www.cinesouk.ma\/wp-content\/uploads\/2025\/02\/Tipke-Foldit-2100-cart-beach-cart.jpg\",\"width\":300,\"height\":238,\"caption\":\"Tipke Foldit 2100 cart : beach cart\"},{\"@type\":\"BreadcrumbList\",\"@id\":\"https:\/\/www.cinesouk.ma\/product\/tipke-foldit-2100-cart-beach-cart\/#breadcrumb\",\"itemListElement\":[{\"@type\":\"ListItem\",\"position\":1,\"name\":\"Home\",\"item\":\"https:\/\/www.cinesouk.ma\/\"},{\"@type\":\"ListItem\",\"position\":2,\"name\":\"Shop\",\"item\":\"https:\/\/www.cinesouk.ma\/shop\/\"},{\"@type\":\"ListItem\",\"position\":3,\"name\":\"Tipke Foldit 2100 cart \/ beach cart\"}]},{\"@type\":\"WebSite\",\"@id\":\"https:\/\/www.cinesouk.ma\/#website\",\"url\":\"https:\/\/www.cinesouk.ma\/\",\"name\":\"CineSouk\",\"description\":\"\",\"publisher\":{\"@id\":\"https:\/\/www.cinesouk.ma\/#organization\"},\"potentialAction\":[{\"@type\":\"SearchAction\",\"target\":{\"@type\":\"EntryPoint\",\"urlTemplate\":\"https:\/\/www.cinesouk.ma\/?s={search_term_string}\"},\"query-input\":{\"@type\":\"PropertyValueSpecification\",\"valueRequired\":true,\"valueName\":\"search_term_string\"}}],\"inLanguage\":\"fr-FR\"},{\"@type\":\"Organization\",\"@id\":\"https:\/\/www.cinesouk.ma\/#organization\",\"name\":\"CineSouk\",\"url\":\"https:\/\/www.cinesouk.ma\/\",\"logo\":{\"@type\":\"ImageObject\",\"inLanguage\":\"fr-FR\",\"@id\":\"https:\/\/www.cinesouk.ma\/#\/schema\/logo\/image\/\",\"url\":\"https:\/\/www.cinesouk.ma\/wp-content\/uploads\/2024\/01\/CineSouk-logo-v01-alpha-alligned-left.png\",\"contentUrl\":\"https:\/\/www.cinesouk.ma\/wp-content\/uploads\/2024\/01\/CineSouk-logo-v01-alpha-alligned-left.png\",\"width\":3204,\"height\":889,\"caption\":\"CineSouk\"},\"image\":{\"@id\":\"https:\/\/www.cinesouk.ma\/#\/schema\/logo\/image\/\"}}]}<\/script>\n<!-- \/ Yoast SEO Premium plugin. -->","yoast_head_json":{"title":"Tipke Foldit 2100 cart \/ beach cart - CineSouk - For rent","description":"The Tipke Foldit 2100 Cart is a durable, foldable utility cart with marine-grade aluminum construction, 330 lbs capacity, and large pneumatic wheels, ideal for beach trips, gardening, and warehouses.","robots":{"index":"index","follow":"follow","max-snippet":"max-snippet:-1","max-image-preview":"max-image-preview:large","max-video-preview":"max-video-preview:-1"},"canonical":"https:\/\/www.cinesouk.ma\/fr\/produit\/tipke-foldit-2100-cart-beach-cart\/","og_locale":"fr_FR","og_type":"article","og_title":"Tipke Foldit 2100 cart \/ beach cart","og_description":"The Tipke Foldit 2100 Cart is a durable, foldable utility cart with marine-grade aluminum construction, 330 lbs capacity, and large pneumatic wheels, ideal for beach trips, gardening, and warehouses.","og_url":"https:\/\/www.cinesouk.ma\/fr\/produit\/tipke-foldit-2100-cart-beach-cart\/","og_site_name":"CineSouk","article_modified_time":"2026-01-24T14:16:31+00:00","og_image":[{"width":300,"height":238,"url":"https:\/\/www.cinesouk.ma\/wp-content\/uploads\/2025\/02\/Tipke-Foldit-2100-cart-beach-cart.jpg","type":"image\/jpeg"}],"twitter_card":"summary_large_image","twitter_description":"The Tipke Foldit 2100 Cart is a durable, foldable utility cart with marine-grade aluminum construction, 330 lbs capacity, and large pneumatic wheels, ideal for beach trips, gardening, and warehouses.","twitter_misc":{"Dur\u00e9e de lecture estim\u00e9e":"3 minutes"},"schema":{"@context":"https:\/\/schema.org","@graph":[{"@type":"WebPage","@id":"https:\/\/www.cinesouk.ma\/product\/tipke-foldit-2100-cart-beach-cart\/","url":"https:\/\/www.cinesouk.ma\/product\/tipke-foldit-2100-cart-beach-cart\/","name":"Tipke Foldit 2100 cart \/ beach cart - CineSouk - For rent","isPartOf":{"@id":"https:\/\/www.cinesouk.ma\/#website"},"primaryImageOfPage":{"@id":"https:\/\/www.cinesouk.ma\/product\/tipke-foldit-2100-cart-beach-cart\/#primaryimage"},"image":{"@id":"https:\/\/www.cinesouk.ma\/product\/tipke-foldit-2100-cart-beach-cart\/#primaryimage"},"thumbnailUrl":"https:\/\/www.cinesouk.ma\/wp-content\/uploads\/2025\/02\/Tipke-Foldit-2100-cart-beach-cart.jpg","datePublished":"2025-02-28T09:44:30+00:00","dateModified":"2026-01-24T14:16:31+00:00","description":"The Tipke Foldit 2100 Cart is a durable, foldable utility cart with marine-grade aluminum construction, 330 lbs capacity, and large pneumatic wheels, ideal for beach trips, gardening, and warehouses.","breadcrumb":{"@id":"https:\/\/www.cinesouk.ma\/product\/tipke-foldit-2100-cart-beach-cart\/#breadcrumb"},"inLanguage":"fr-FR","potentialAction":[{"@type":"ReadAction","target":["https:\/\/www.cinesouk.ma\/product\/tipke-foldit-2100-cart-beach-cart\/"]}]},{"@type":"ImageObject","inLanguage":"fr-FR","@id":"https:\/\/www.cinesouk.ma\/product\/tipke-foldit-2100-cart-beach-cart\/#primaryimage","url":"https:\/\/www.cinesouk.ma\/wp-content\/uploads\/2025\/02\/Tipke-Foldit-2100-cart-beach-cart.jpg","contentUrl":"https:\/\/www.cinesouk.ma\/wp-content\/uploads\/2025\/02\/Tipke-Foldit-2100-cart-beach-cart.jpg","width":300,"height":238,"caption":"Tipke Foldit 2100 cart : beach cart"},{"@type":"BreadcrumbList","@id":"https:\/\/www.cinesouk.ma\/product\/tipke-foldit-2100-cart-beach-cart\/#breadcrumb","itemListElement":[{"@type":"ListItem","position":1,"name":"Home","item":"https:\/\/www.cinesouk.ma\/"},{"@type":"ListItem","position":2,"name":"Shop","item":"https:\/\/www.cinesouk.ma\/shop\/"},{"@type":"ListItem","position":3,"name":"Tipke Foldit 2100 cart \/ beach cart"}]},{"@type":"WebSite","@id":"https:\/\/www.cinesouk.ma\/#website","url":"https:\/\/www.cinesouk.ma\/","name":"CineSouk","description":"","publisher":{"@id":"https:\/\/www.cinesouk.ma\/#organization"},"potentialAction":[{"@type":"SearchAction","target":{"@type":"EntryPoint","urlTemplate":"https:\/\/www.cinesouk.ma\/?s={search_term_string}"},"query-input":{"@type":"PropertyValueSpecification","valueRequired":true,"valueName":"search_term_string"}}],"inLanguage":"fr-FR"},{"@type":"Organization","@id":"https:\/\/www.cinesouk.ma\/#organization","name":"CineSouk","url":"https:\/\/www.cinesouk.ma\/","logo":{"@type":"ImageObject","inLanguage":"fr-FR","@id":"https:\/\/www.cinesouk.ma\/#\/schema\/logo\/image\/","url":"https:\/\/www.cinesouk.ma\/wp-content\/uploads\/2024\/01\/CineSouk-logo-v01-alpha-alligned-left.png","contentUrl":"https:\/\/www.cinesouk.ma\/wp-content\/uploads\/2024\/01\/CineSouk-logo-v01-alpha-alligned-left.png","width":3204,"height":889,"caption":"CineSouk"},"image":{"@id":"https:\/\/www.cinesouk.ma\/#\/schema\/logo\/image\/"}}]}},"_links":{"self":[{"href":"https:\/\/www.cinesouk.ma\/fr\/wp-json\/wp\/v2\/product\/10539","targetHints":{"allow":["GET"]}}],"collection":[{"href":"https:\/\/www.cinesouk.ma\/fr\/wp-json\/wp\/v2\/product"}],"about":[{"href":"https:\/\/www.cinesouk.ma\/fr\/wp-json\/wp\/v2\/types\/product"}],"wp:featuredmedia":[{"embeddable":true,"href":"https:\/\/www.cinesouk.ma\/fr\/wp-json\/wp\/v2\/media\/10550"}],"wp:attachment":[{"href":"https:\/\/www.cinesouk.ma\/fr\/wp-json\/wp\/v2\/media?parent=10539"}],"wp:term":[{"taxonomy":"product_brand","embeddable":true,"href":"https:\/\/www.cinesouk.ma\/fr\/wp-json\/wp\/v2\/product_brand?post=10539"},{"taxonomy":"product_cat","embeddable":true,"href":"https:\/\/www.cinesouk.ma\/fr\/wp-json\/wp\/v2\/product_cat?post=10539"},{"taxonomy":"product_tag","embeddable":true,"href":"https:\/\/www.cinesouk.ma\/fr\/wp-json\/wp\/v2\/product_tag?post=10539"}],"curies":[{"name":"wp","href":"https:\/\/api.w.org\/{rel}","templated":true}]}}