{"id":1055,"date":"2024-01-09T10:30:45","date_gmt":"2024-01-09T10:30:45","guid":{"rendered":"https:\/\/www.cinesouk.ma\/?post_type=product&#038;p=1055"},"modified":"2025-03-21T10:55:41","modified_gmt":"2025-03-21T10:55:41","slug":"sennheiser-ew-iem-g4-duo-a-band","status":"publish","type":"product","link":"https:\/\/www.cinesouk.ma\/fr\/produit\/sennheiser-ew-iem-g4-duo-a-band\/","title":{"rendered":"Sennheiser EW IEM G4 Duo bande A"},"content":{"rendered":"<p>Sennheiser EW IEM G4 Duo bande A<\/p>\n<p>SR IEM G4<br \/>\nR\u00e9cepteur st\u00e9r\u00e9o demi-rack dans un bo\u00eetier enti\u00e8rement m\u00e9tallique avec \u00e9cran OLED pour un contr\u00f4le complet couvrant l'ensemble du spectre de fr\u00e9quences avec un son cristallin, pour une utilisation quotidienne sur sc\u00e8ne en combinaison avec les syst\u00e8mes de monitoring intra-auriculaires sans fil evolution G4. La synchronisation et l'organisation des deux r\u00e9cepteurs sont faciles gr\u00e2ce au syst\u00e8me infrarouge et au logiciel WSM qui vous permet de tout voir d'un coup d'\u0153il. Dans tous les cas, vous avez le choix avec une largeur de bande de 42 MHz (516-558 MHz) dans laquelle vous pouvez choisir 1680 fr\u00e9quences et assigner seize canaux.<\/p>\n<p>EK IEM G4<br \/>\nR\u00e9cepteur de poche robuste qui couvre l'ensemble du spectre de fr\u00e9quences avec un son cristallin, pour une utilisation quotidienne sur sc\u00e8ne.<\/p>\n<h3 class=\"content-heading\">Sp\u00e9cifications du produit<\/h3>\n<ul>\n<li>Sennheiser EW IEM G4-TWIN-A<\/li>\n<li>ensemble d'\u00e9couteurs sans fil<\/li>\n<li>bande de fr\u00e9quences B : 516-558 MHz<\/li>\n<li>compatible avec le logiciel WSM<\/li>\n<li>synchronisation par infrarouge<\/li>\n<li>syst\u00e8me\n<ul>\n<li>largeur de bande : 42 MHz<\/li>\n<li>port\u00e9e : jusqu'\u00e0 100 m\u00e8tres<\/li>\n<li>nombre de canaux : 6 banques de 16 canaux<\/li>\n<li>THD : &lt;0,9%<\/li>\n<li>Rapport S\/B : 90 dB<\/li>\n<li>RF Mute on \/ off<\/li>\n<li>mode : st\u00e9r\u00e9o, mono et mode focus<\/li>\n<li>mode ing\u00e9nieur : l'ing\u00e9nieur du son peut \u00e9couter \u00e0 distance<\/li>\n<\/ul>\n<\/li>\n<li>Emetteur SR IEM G4\n<ul>\n<li>\u00e9cran OLED lumineux<\/li>\n<li>bo\u00eetier m\u00e9tallique<\/li>\n<li>puissance RF r\u00e9glable : 10, 30 et 50 mW<\/li>\n<li>connexions\n<ul>\n<li>2x XLR\/TRS combi (entr\u00e9e, G\/D)<\/li>\n<li>2 prises jack TRS 6,3 mm (sortie en boucle, G\/D)<\/li>\n<li>RJ45 (Ethernet)<\/li>\n<li>BNC (signal d'antenne et alimentation)<\/li>\n<li>adaptateur de courant<\/li>\n<\/ul>\n<\/li>\n<li>dimensions : 202 x 212 x 43 mm (LxLxH)<\/li>\n<li>poids : 980 gr<\/li>\n<\/ul>\n<\/li>\n<li>2x EK IEM G4 bodypack\n<ul>\n<li>puissance : 2x 100 mW<\/li>\n<li>imp\u00e9dance : 32 Ohm<\/li>\n<li>autonomie de la batterie : 4-6 heures<\/li>\n<li>alimentation \u00e9lectrique : 2 piles AA ou batterie BA 2015 disponible s\u00e9par\u00e9ment<\/li>\n<li>dimensions : 24 x 64 x 82 mm (LxLxH)<\/li>\n<li>poids : 125 gr (avec les piles)<\/li>\n<\/ul>\n<\/li>\n<\/ul>\n<p>Louez-le maintenant sur <a href=\"https:\/\/www.cinesouk.ma\/fr\">CINESOUK<\/a> - une marque de <a href=\"https:\/\/www.broadway.ma\/\">BROADWAY PRODUCTIONS SARL.<\/a><\/p>","protected":false},"excerpt":{"rendered":"<p>Sp\u00e9cifications<\/p>\n<p>SR IEM G4<\/p>\n<p>Gamme de fr\u00e9quences : 516 - 558 MHz<br \/>\nE\/S : 2x XLR-3, prise jack st\u00e9r\u00e9o<br \/>\nR\u00e9ponse en fr\u00e9quence AF : 25 Hz \u00e0 15 kHz<\/p>\n<p>EK IEM G4<\/p>\n<p>Dur\u00e9e de fonctionnement : 4 - 6 heures<br \/>\nFr\u00e9quence de r\u00e9ception : Max 1680 fr\u00e9quences, r\u00e9glables par pas de 25 kHz et 20 banques de fr\u00e9quences<\/p>","protected":false},"featured_media":1077,"template":"","meta":{"om_disable_all_campaigns":false,"_monsterinsights_skip_tracking":false,"_monsterinsights_sitenote_active":false,"_monsterinsights_sitenote_note":"","_monsterinsights_sitenote_category":0,"_uf_show_specific_survey":0,"_uf_disable_surveys":false},"product_brand":[],"product_cat":[86,35],"product_tag":[],"class_list":{"0":"post-1055","1":"product","2":"type-product","3":"status-publish","4":"has-post-thumbnail","6":"product_cat-foh-cinesouk","7":"product_cat-sound-cinesouk","9":"entry","10":"has-media","12":"first","13":"instock","14":"taxable","15":"shipping-taxable","16":"purchasable","17":"product-type-variable","18":"has-product-nav","19":"col","20":"span_1_of_3","21":"owp-content-center","22":"owp-thumbs-layout-horizontal","23":"owp-btn-normal","24":"owp-tabs-layout-horizontal","25":"has-no-thumbnails"},"yoast_head":"<!-- This site is optimized with the Yoast SEO Premium plugin v26.0 (Yoast SEO v26.0) - https:\/\/yoast.com\/wordpress\/plugins\/seo\/ -->\n<title>Sennheiser EW IEM G4 Duo A-band - CineSouk - For rent<\/title>\n<meta name=\"description\" content=\"The Sennheiser EW IEM G4 Duo A-band therefore features the powerful SR IEM G4 transmitter, EK IEM G4 bodypack and the IE 4 in-ears giving you a very complete package.\" \/>\n<meta name=\"robots\" content=\"index, follow, max-snippet:-1, max-image-preview:large, max-video-preview:-1\" \/>\n<link rel=\"canonical\" href=\"https:\/\/www.cinesouk.ma\/fr\/produit\/sennheiser-ew-iem-g4-duo-a-band\/\" \/>\n<meta property=\"og:locale\" content=\"fr_FR\" \/>\n<meta property=\"og:type\" content=\"article\" \/>\n<meta property=\"og:title\" content=\"Sennheiser EW IEM G4 Duo A-band\" \/>\n<meta property=\"og:description\" content=\"The Sennheiser EW IEM G4 Duo A-band therefore features the powerful SR IEM G4 transmitter, EK IEM G4 bodypack and the IE 4 in-ears giving you a very complete package.\" \/>\n<meta property=\"og:url\" content=\"https:\/\/www.cinesouk.ma\/fr\/produit\/sennheiser-ew-iem-g4-duo-a-band\/\" \/>\n<meta property=\"og:site_name\" content=\"CineSouk\" \/>\n<meta property=\"article:modified_time\" content=\"2025-03-21T10:55:41+00:00\" \/>\n<meta property=\"og:image\" content=\"https:\/\/www.cinesouk.ma\/wp-content\/uploads\/2024\/01\/Sennheiser-EW-IEM-G4-DUO.jpg\" \/>\n\t<meta property=\"og:image:width\" content=\"300\" \/>\n\t<meta property=\"og:image:height\" content=\"238\" \/>\n\t<meta property=\"og:image:type\" content=\"image\/jpeg\" \/>\n<meta name=\"twitter:card\" content=\"summary_large_image\" \/>\n<meta name=\"twitter:description\" content=\"The Sennheiser EW IEM G4 Duo A-band therefore features the powerful SR IEM G4 transmitter, EK IEM G4 bodypack and the IE 4 in-ears giving you a very complete package.\" \/>\n<meta name=\"twitter:label1\" content=\"Dur\u00e9e de lecture estim\u00e9e\" \/>\n\t<meta name=\"twitter:data1\" content=\"2 minutes\" \/>\n<script type=\"application\/ld+json\" class=\"yoast-schema-graph\">{\"@context\":\"https:\/\/schema.org\",\"@graph\":[{\"@type\":\"WebPage\",\"@id\":\"https:\/\/www.cinesouk.ma\/product\/sennheiser-ew-iem-g4-duo-a-band\/\",\"url\":\"https:\/\/www.cinesouk.ma\/product\/sennheiser-ew-iem-g4-duo-a-band\/\",\"name\":\"Sennheiser EW IEM G4 Duo A-band - CineSouk - For rent\",\"isPartOf\":{\"@id\":\"https:\/\/www.cinesouk.ma\/#website\"},\"primaryImageOfPage\":{\"@id\":\"https:\/\/www.cinesouk.ma\/product\/sennheiser-ew-iem-g4-duo-a-band\/#primaryimage\"},\"image\":{\"@id\":\"https:\/\/www.cinesouk.ma\/product\/sennheiser-ew-iem-g4-duo-a-band\/#primaryimage\"},\"thumbnailUrl\":\"https:\/\/www.cinesouk.ma\/wp-content\/uploads\/2024\/01\/Sennheiser-EW-IEM-G4-DUO.jpg\",\"datePublished\":\"2024-01-09T10:30:45+00:00\",\"dateModified\":\"2025-03-21T10:55:41+00:00\",\"description\":\"The Sennheiser EW IEM G4 Duo A-band therefore features the powerful SR IEM G4 transmitter, EK IEM G4 bodypack and the IE 4 in-ears giving you a very complete package.\",\"breadcrumb\":{\"@id\":\"https:\/\/www.cinesouk.ma\/product\/sennheiser-ew-iem-g4-duo-a-band\/#breadcrumb\"},\"inLanguage\":\"fr-FR\",\"potentialAction\":[{\"@type\":\"ReadAction\",\"target\":[\"https:\/\/www.cinesouk.ma\/product\/sennheiser-ew-iem-g4-duo-a-band\/\"]}]},{\"@type\":\"ImageObject\",\"inLanguage\":\"fr-FR\",\"@id\":\"https:\/\/www.cinesouk.ma\/product\/sennheiser-ew-iem-g4-duo-a-band\/#primaryimage\",\"url\":\"https:\/\/www.cinesouk.ma\/wp-content\/uploads\/2024\/01\/Sennheiser-EW-IEM-G4-DUO.jpg\",\"contentUrl\":\"https:\/\/www.cinesouk.ma\/wp-content\/uploads\/2024\/01\/Sennheiser-EW-IEM-G4-DUO.jpg\",\"width\":300,\"height\":238},{\"@type\":\"BreadcrumbList\",\"@id\":\"https:\/\/www.cinesouk.ma\/product\/sennheiser-ew-iem-g4-duo-a-band\/#breadcrumb\",\"itemListElement\":[{\"@type\":\"ListItem\",\"position\":1,\"name\":\"Home\",\"item\":\"https:\/\/www.cinesouk.ma\/\"},{\"@type\":\"ListItem\",\"position\":2,\"name\":\"Shop\",\"item\":\"https:\/\/www.cinesouk.ma\/shop\/\"},{\"@type\":\"ListItem\",\"position\":3,\"name\":\"Sennheiser EW IEM G4 Duo A-band\"}]},{\"@type\":\"WebSite\",\"@id\":\"https:\/\/www.cinesouk.ma\/#website\",\"url\":\"https:\/\/www.cinesouk.ma\/\",\"name\":\"CineSouk\",\"description\":\"\",\"publisher\":{\"@id\":\"https:\/\/www.cinesouk.ma\/#organization\"},\"potentialAction\":[{\"@type\":\"SearchAction\",\"target\":{\"@type\":\"EntryPoint\",\"urlTemplate\":\"https:\/\/www.cinesouk.ma\/?s={search_term_string}\"},\"query-input\":{\"@type\":\"PropertyValueSpecification\",\"valueRequired\":true,\"valueName\":\"search_term_string\"}}],\"inLanguage\":\"fr-FR\"},{\"@type\":\"Organization\",\"@id\":\"https:\/\/www.cinesouk.ma\/#organization\",\"name\":\"CineSouk\",\"url\":\"https:\/\/www.cinesouk.ma\/\",\"logo\":{\"@type\":\"ImageObject\",\"inLanguage\":\"fr-FR\",\"@id\":\"https:\/\/www.cinesouk.ma\/#\/schema\/logo\/image\/\",\"url\":\"https:\/\/www.cinesouk.ma\/wp-content\/uploads\/2024\/01\/CineSouk-logo-v01-alpha-alligned-left.png\",\"contentUrl\":\"https:\/\/www.cinesouk.ma\/wp-content\/uploads\/2024\/01\/CineSouk-logo-v01-alpha-alligned-left.png\",\"width\":3204,\"height\":889,\"caption\":\"CineSouk\"},\"image\":{\"@id\":\"https:\/\/www.cinesouk.ma\/#\/schema\/logo\/image\/\"}}]}<\/script>\n<!-- \/ Yoast SEO Premium plugin. -->","yoast_head_json":{"title":"Sennheiser EW IEM G4 Duo A-band - CineSouk - For rent","description":"The Sennheiser EW IEM G4 Duo A-band therefore features the powerful SR IEM G4 transmitter, EK IEM G4 bodypack and the IE 4 in-ears giving you a very complete package.","robots":{"index":"index","follow":"follow","max-snippet":"max-snippet:-1","max-image-preview":"max-image-preview:large","max-video-preview":"max-video-preview:-1"},"canonical":"https:\/\/www.cinesouk.ma\/fr\/produit\/sennheiser-ew-iem-g4-duo-a-band\/","og_locale":"fr_FR","og_type":"article","og_title":"Sennheiser EW IEM G4 Duo A-band","og_description":"The Sennheiser EW IEM G4 Duo A-band therefore features the powerful SR IEM G4 transmitter, EK IEM G4 bodypack and the IE 4 in-ears giving you a very complete package.","og_url":"https:\/\/www.cinesouk.ma\/fr\/produit\/sennheiser-ew-iem-g4-duo-a-band\/","og_site_name":"CineSouk","article_modified_time":"2025-03-21T10:55:41+00:00","og_image":[{"width":300,"height":238,"url":"https:\/\/www.cinesouk.ma\/wp-content\/uploads\/2024\/01\/Sennheiser-EW-IEM-G4-DUO.jpg","type":"image\/jpeg"}],"twitter_card":"summary_large_image","twitter_description":"The Sennheiser EW IEM G4 Duo A-band therefore features the powerful SR IEM G4 transmitter, EK IEM G4 bodypack and the IE 4 in-ears giving you a very complete package.","twitter_misc":{"Dur\u00e9e de lecture estim\u00e9e":"2 minutes"},"schema":{"@context":"https:\/\/schema.org","@graph":[{"@type":"WebPage","@id":"https:\/\/www.cinesouk.ma\/product\/sennheiser-ew-iem-g4-duo-a-band\/","url":"https:\/\/www.cinesouk.ma\/product\/sennheiser-ew-iem-g4-duo-a-band\/","name":"Sennheiser EW IEM G4 Duo A-band - CineSouk - For rent","isPartOf":{"@id":"https:\/\/www.cinesouk.ma\/#website"},"primaryImageOfPage":{"@id":"https:\/\/www.cinesouk.ma\/product\/sennheiser-ew-iem-g4-duo-a-band\/#primaryimage"},"image":{"@id":"https:\/\/www.cinesouk.ma\/product\/sennheiser-ew-iem-g4-duo-a-band\/#primaryimage"},"thumbnailUrl":"https:\/\/www.cinesouk.ma\/wp-content\/uploads\/2024\/01\/Sennheiser-EW-IEM-G4-DUO.jpg","datePublished":"2024-01-09T10:30:45+00:00","dateModified":"2025-03-21T10:55:41+00:00","description":"The Sennheiser EW IEM G4 Duo A-band therefore features the powerful SR IEM G4 transmitter, EK IEM G4 bodypack and the IE 4 in-ears giving you a very complete package.","breadcrumb":{"@id":"https:\/\/www.cinesouk.ma\/product\/sennheiser-ew-iem-g4-duo-a-band\/#breadcrumb"},"inLanguage":"fr-FR","potentialAction":[{"@type":"ReadAction","target":["https:\/\/www.cinesouk.ma\/product\/sennheiser-ew-iem-g4-duo-a-band\/"]}]},{"@type":"ImageObject","inLanguage":"fr-FR","@id":"https:\/\/www.cinesouk.ma\/product\/sennheiser-ew-iem-g4-duo-a-band\/#primaryimage","url":"https:\/\/www.cinesouk.ma\/wp-content\/uploads\/2024\/01\/Sennheiser-EW-IEM-G4-DUO.jpg","contentUrl":"https:\/\/www.cinesouk.ma\/wp-content\/uploads\/2024\/01\/Sennheiser-EW-IEM-G4-DUO.jpg","width":300,"height":238},{"@type":"BreadcrumbList","@id":"https:\/\/www.cinesouk.ma\/product\/sennheiser-ew-iem-g4-duo-a-band\/#breadcrumb","itemListElement":[{"@type":"ListItem","position":1,"name":"Home","item":"https:\/\/www.cinesouk.ma\/"},{"@type":"ListItem","position":2,"name":"Shop","item":"https:\/\/www.cinesouk.ma\/shop\/"},{"@type":"ListItem","position":3,"name":"Sennheiser EW IEM G4 Duo A-band"}]},{"@type":"WebSite","@id":"https:\/\/www.cinesouk.ma\/#website","url":"https:\/\/www.cinesouk.ma\/","name":"CineSouk","description":"","publisher":{"@id":"https:\/\/www.cinesouk.ma\/#organization"},"potentialAction":[{"@type":"SearchAction","target":{"@type":"EntryPoint","urlTemplate":"https:\/\/www.cinesouk.ma\/?s={search_term_string}"},"query-input":{"@type":"PropertyValueSpecification","valueRequired":true,"valueName":"search_term_string"}}],"inLanguage":"fr-FR"},{"@type":"Organization","@id":"https:\/\/www.cinesouk.ma\/#organization","name":"CineSouk","url":"https:\/\/www.cinesouk.ma\/","logo":{"@type":"ImageObject","inLanguage":"fr-FR","@id":"https:\/\/www.cinesouk.ma\/#\/schema\/logo\/image\/","url":"https:\/\/www.cinesouk.ma\/wp-content\/uploads\/2024\/01\/CineSouk-logo-v01-alpha-alligned-left.png","contentUrl":"https:\/\/www.cinesouk.ma\/wp-content\/uploads\/2024\/01\/CineSouk-logo-v01-alpha-alligned-left.png","width":3204,"height":889,"caption":"CineSouk"},"image":{"@id":"https:\/\/www.cinesouk.ma\/#\/schema\/logo\/image\/"}}]}},"_links":{"self":[{"href":"https:\/\/www.cinesouk.ma\/fr\/wp-json\/wp\/v2\/product\/1055","targetHints":{"allow":["GET"]}}],"collection":[{"href":"https:\/\/www.cinesouk.ma\/fr\/wp-json\/wp\/v2\/product"}],"about":[{"href":"https:\/\/www.cinesouk.ma\/fr\/wp-json\/wp\/v2\/types\/product"}],"wp:featuredmedia":[{"embeddable":true,"href":"https:\/\/www.cinesouk.ma\/fr\/wp-json\/wp\/v2\/media\/1077"}],"wp:attachment":[{"href":"https:\/\/www.cinesouk.ma\/fr\/wp-json\/wp\/v2\/media?parent=1055"}],"wp:term":[{"taxonomy":"product_brand","embeddable":true,"href":"https:\/\/www.cinesouk.ma\/fr\/wp-json\/wp\/v2\/product_brand?post=1055"},{"taxonomy":"product_cat","embeddable":true,"href":"https:\/\/www.cinesouk.ma\/fr\/wp-json\/wp\/v2\/product_cat?post=1055"},{"taxonomy":"product_tag","embeddable":true,"href":"https:\/\/www.cinesouk.ma\/fr\/wp-json\/wp\/v2\/product_tag?post=1055"}],"curies":[{"name":"wp","href":"https:\/\/api.w.org\/{rel}","templated":true}]}}