{"id":10551,"date":"2025-02-28T10:15:03","date_gmt":"2025-02-28T10:15:03","guid":{"rendered":"https:\/\/www.cinesouk.ma\/?post_type=product&#038;p=10551"},"modified":"2025-03-21T10:56:47","modified_gmt":"2025-03-21T10:56:47","slug":"tetherblock-cable-management","status":"publish","type":"product","link":"https:\/\/www.cinesouk.ma\/fr\/produit\/tetherblock-cable-management\/","title":{"rendered":"TetherBlock - Gestion des c\u00e2bles"},"content":{"rendered":"<div class=\"flex-shrink-0 flex flex-col relative items-end\">\n<div class=\"pt-0\">\n<div class=\"gizmo-bot-avatar flex h-8 w-8 items-center justify-center overflow-hidden rounded-full\">\n<div class=\"relative p-1 rounded-sm flex items-center justify-center bg-token-main-surface-primary text-token-text-primary h-8 w-8\">\n<p data-start=\"64\" data-end=\"425\">Le TetherBlock de Tether Tools est un dispositif essentiel de gestion des c\u00e2bles con\u00e7u pour prot\u00e9ger les c\u00e2bles de liaison et assurer une connexion s\u00e9curis\u00e9e pendant les tournages professionnels. Que ce soit en studio ou sur le terrain, cette solution l\u00e9g\u00e8re et durable \u00e9vite les tensions sur les c\u00e2bles, les d\u00e9connexions accidentelles et les dommages potentiels aux ports de l'appareil photo.<\/p>\n<h3 data-start=\"427\" data-end=\"449\"><strong data-start=\"431\" data-end=\"447\">Caract\u00e9ristiques principales<\/strong><\/h3>\n<ul data-start=\"451\" data-end=\"1194\">\n<li data-start=\"451\" data-end=\"570\"><strong data-start=\"453\" data-end=\"479\">Pr\u00e9vient les tensions sur les c\u00e2bles :<\/strong> S\u00e9curise les c\u00e2bles d'attache, r\u00e9duisant la tension sur les ports de l'appareil photo et \u00e9vitant des r\u00e9parations co\u00fbteuses.<\/li>\n<li data-start=\"571\" data-end=\"707\"><strong data-start=\"573\" data-end=\"601\">Compatibilit\u00e9 universelle :<\/strong> Fonctionne avec les c\u00e2bles USB, HDMI et FireWire, garantissant une fixation s\u00fbre pour les diff\u00e9rentes configurations de connexion.<\/li>\n<li data-start=\"708\" data-end=\"853\"><strong data-start=\"710\" data-end=\"740\">Plusieurs options de montage :<\/strong> Les filetages pour tr\u00e9pieds 1\/4\u2033-20 et 3\/8\u2033-16 permettent une fixation facile sur les tr\u00e9pieds, les plateaux de cam\u00e9ra et les gr\u00e9ements.<\/li>\n<li data-start=\"854\" data-end=\"981\"><strong data-start=\"856\" data-end=\"884\">L\u00e9ger et durable :<\/strong> Fabriqu\u00e9 en aluminium de qualit\u00e9 a\u00e9ronautique, il est solide sans \u00eatre encombrant.<\/li>\n<li data-start=\"982\" data-end=\"1080\"><strong data-start=\"984\" data-end=\"1004\">Conception antid\u00e9rapante :<\/strong> La surface caoutchout\u00e9e emp\u00eache le c\u00e2ble de bouger et de glisser.<\/li>\n<li data-start=\"1081\" data-end=\"1194\"><strong data-start=\"1083\" data-end=\"1105\">Installation facile :<\/strong> L'installation rapide et sans outil garantit une int\u00e9gration rapide dans tout flux de travail professionnel.<\/li>\n<\/ul>\n<h3 data-start=\"1196\" data-end=\"1220\"><strong data-start=\"1200\" data-end=\"1218\">Sp\u00e9cifications<\/strong><\/h3>\n<ul data-start=\"1222\" data-end=\"1536\">\n<li data-start=\"1222\" data-end=\"1263\"><strong data-start=\"1224\" data-end=\"1237\">Mat\u00e9riau :<\/strong> Aluminium de qualit\u00e9 a\u00e9ronautique<\/li>\n<li data-start=\"1264\" data-end=\"1340\"><strong data-start=\"1266\" data-end=\"1290\">Compatibilit\u00e9 des c\u00e2bles :<\/strong> C\u00e2bles USB, HDMI, FireWire et autres c\u00e2bles de connexion<\/li>\n<li data-start=\"1341\" data-end=\"1401\"><strong data-start=\"1343\" data-end=\"1364\">Options de montage :<\/strong> Filets de tr\u00e9pieds 1\/4\u2033-20 et 3\/8\u2033-16<\/li>\n<li data-start=\"1402\" data-end=\"1461\"><strong data-start=\"1404\" data-end=\"1415\">Poids :<\/strong> L\u00e9ger pour la portabilit\u00e9 et la facilit\u00e9 d'utilisation<\/li>\n<li data-start=\"1462\" data-end=\"1536\"><strong data-start=\"1464\" data-end=\"1479\">Dimensions :<\/strong> Conception compacte pour une int\u00e9gration parfaite dans n'importe quelle installation<\/li>\n<\/ul>\n<p>Le TetherBlock de Tether Tools est un outil indispensable pour les photographes et les vid\u00e9astes qui d\u00e9pendent d'une prise de vue s\u00e9curis\u00e9e et ininterrompue. En emp\u00eachant efficacement la tension du c\u00e2ble et les d\u00e9connexions accidentelles, il assure un flux de travail fluide et efficace tout en prot\u00e9geant les ports pr\u00e9cieux de l'appareil photo. Que ce soit en studio ou sur le terrain, le TetherBlock offre des performances fiables et une durabilit\u00e9 \u00e0 long terme, ce qui en fait un outil indispensable pour les professionnels.<\/p>\n<\/div>\n<\/div>\n<\/div>\n<\/div>\n<p>Louez le TetherBlock d\u00e8s maintenant sur <a href=\"https:\/\/www.cinesouk.ma\/fr\">CINESOUK<\/a> - une marque de <a href=\"https:\/\/www.broadway.ma\/\">BROADWAY PRODUCTIONS SARL.<\/a><\/p>","protected":false},"excerpt":{"rendered":"<p><strong>Sp\u00e9cifications :<\/strong><\/p>\n<ul data-start=\"1222\" data-end=\"1536\">\n<li data-start=\"1222\" data-end=\"1263\"><strong data-start=\"1224\" data-end=\"1237\">Mat\u00e9riau :<\/strong> Aluminium de qualit\u00e9 a\u00e9ronautique<\/li>\n<li data-start=\"1264\" data-end=\"1340\"><strong data-start=\"1266\" data-end=\"1290\">Compatibilit\u00e9 des c\u00e2bles :<\/strong> C\u00e2bles USB, HDMI, FireWire et autres c\u00e2bles de connexion<\/li>\n<li data-start=\"1341\" data-end=\"1401\"><strong data-start=\"1343\" data-end=\"1364\">Options de montage :<\/strong> Filets de tr\u00e9pieds 1\/4\u2033-20 et 3\/8\u2033-16<\/li>\n<li data-start=\"1402\" data-end=\"1461\"><strong data-start=\"1404\" data-end=\"1415\">Poids :<\/strong> L\u00e9ger pour la portabilit\u00e9 et la facilit\u00e9 d'utilisation<\/li>\n<li data-start=\"1462\" data-end=\"1536\"><strong data-start=\"1464\" data-end=\"1479\">Dimensions :<\/strong> Conception compacte pour une int\u00e9gration parfaite dans n'importe quelle installation<\/li>\n<\/ul>","protected":false},"featured_media":10562,"template":"","meta":{"om_disable_all_campaigns":false,"_monsterinsights_skip_tracking":false,"_monsterinsights_sitenote_active":false,"_monsterinsights_sitenote_note":"","_monsterinsights_sitenote_category":0,"_uf_show_specific_survey":0,"_uf_disable_surveys":false},"product_brand":[],"product_cat":[37,55,84],"product_tag":[],"class_list":{"0":"post-10551","1":"product","2":"type-product","3":"status-publish","4":"has-post-thumbnail","6":"product_cat-accessories-cinesouk","7":"product_cat-cables-cinesouk","8":"product_cat-dit-cinesouk","10":"entry","11":"has-media","13":"first","14":"instock","15":"taxable","16":"shipping-taxable","17":"purchasable","18":"product-type-variable","19":"has-product-nav","20":"col","21":"span_1_of_3","22":"owp-content-center","23":"owp-thumbs-layout-horizontal","24":"owp-btn-normal","25":"owp-tabs-layout-horizontal","26":"has-no-thumbnails"},"yoast_head":"<!-- This site is optimized with the Yoast SEO Premium plugin v26.0 (Yoast SEO v26.0) - https:\/\/yoast.com\/wordpress\/plugins\/seo\/ -->\n<title>TetherBlock \u2013 Cable Management - CineSouk - Marrakech l Morocco- For rent<\/title>\n<meta name=\"description\" content=\"The TetherBlock by Tether Tools ensures secure cable management, preventing strain and accidental disconnections while protecting camera ports for professional tethered photography.\" \/>\n<meta name=\"robots\" content=\"index, follow, max-snippet:-1, max-image-preview:large, max-video-preview:-1\" \/>\n<link rel=\"canonical\" href=\"https:\/\/www.cinesouk.ma\/fr\/produit\/tetherblock-cable-management\/\" \/>\n<meta property=\"og:locale\" content=\"fr_FR\" \/>\n<meta property=\"og:type\" content=\"article\" \/>\n<meta property=\"og:title\" content=\"TetherBlock \u2013 Cable Management\" \/>\n<meta property=\"og:description\" content=\"The TetherBlock by Tether Tools ensures secure cable management, preventing strain and accidental disconnections while protecting camera ports for professional tethered photography.\" \/>\n<meta property=\"og:url\" content=\"https:\/\/www.cinesouk.ma\/fr\/produit\/tetherblock-cable-management\/\" \/>\n<meta property=\"og:site_name\" content=\"CineSouk\" \/>\n<meta property=\"article:modified_time\" content=\"2025-03-21T10:56:47+00:00\" \/>\n<meta property=\"og:image\" content=\"https:\/\/www.cinesouk.ma\/wp-content\/uploads\/2025\/02\/tetherblock-tether-tools-cable-management.jpg\" \/>\n\t<meta property=\"og:image:width\" content=\"300\" \/>\n\t<meta property=\"og:image:height\" content=\"238\" \/>\n\t<meta property=\"og:image:type\" content=\"image\/jpeg\" \/>\n<meta name=\"twitter:card\" content=\"summary_large_image\" \/>\n<meta name=\"twitter:description\" content=\"The TetherBlock by Tether Tools ensures secure cable management, preventing strain and accidental disconnections while protecting camera ports for professional tethered photography.\" \/>\n<meta name=\"twitter:image\" content=\"https:\/\/www.cinesouk.ma\/wp-content\/uploads\/2024\/01\/BNC-Haspel.jpg\" \/>\n<meta name=\"twitter:label1\" content=\"Dur\u00e9e de lecture estim\u00e9e\" \/>\n\t<meta name=\"twitter:data1\" content=\"2 minutes\" \/>\n<script type=\"application\/ld+json\" class=\"yoast-schema-graph\">{\"@context\":\"https:\/\/schema.org\",\"@graph\":[{\"@type\":\"WebPage\",\"@id\":\"https:\/\/www.cinesouk.ma\/product\/tetherblock-cable-management\/\",\"url\":\"https:\/\/www.cinesouk.ma\/product\/tetherblock-cable-management\/\",\"name\":\"TetherBlock \u2013 Cable Management - CineSouk - Marrakech l Morocco- For rent\",\"isPartOf\":{\"@id\":\"https:\/\/www.cinesouk.ma\/#website\"},\"primaryImageOfPage\":{\"@id\":\"https:\/\/www.cinesouk.ma\/product\/tetherblock-cable-management\/#primaryimage\"},\"image\":{\"@id\":\"https:\/\/www.cinesouk.ma\/product\/tetherblock-cable-management\/#primaryimage\"},\"thumbnailUrl\":\"https:\/\/www.cinesouk.ma\/wp-content\/uploads\/2025\/02\/tetherblock-tether-tools-cable-management.jpg\",\"datePublished\":\"2025-02-28T10:15:03+00:00\",\"dateModified\":\"2025-03-21T10:56:47+00:00\",\"description\":\"The TetherBlock by Tether Tools ensures secure cable management, preventing strain and accidental disconnections while protecting camera ports for professional tethered photography.\",\"breadcrumb\":{\"@id\":\"https:\/\/www.cinesouk.ma\/product\/tetherblock-cable-management\/#breadcrumb\"},\"inLanguage\":\"fr-FR\",\"potentialAction\":[{\"@type\":\"ReadAction\",\"target\":[\"https:\/\/www.cinesouk.ma\/product\/tetherblock-cable-management\/\"]}]},{\"@type\":\"ImageObject\",\"inLanguage\":\"fr-FR\",\"@id\":\"https:\/\/www.cinesouk.ma\/product\/tetherblock-cable-management\/#primaryimage\",\"url\":\"https:\/\/www.cinesouk.ma\/wp-content\/uploads\/2025\/02\/tetherblock-tether-tools-cable-management.jpg\",\"contentUrl\":\"https:\/\/www.cinesouk.ma\/wp-content\/uploads\/2025\/02\/tetherblock-tether-tools-cable-management.jpg\",\"width\":300,\"height\":238,\"caption\":\"tetherblock tether tools cable management\"},{\"@type\":\"BreadcrumbList\",\"@id\":\"https:\/\/www.cinesouk.ma\/product\/tetherblock-cable-management\/#breadcrumb\",\"itemListElement\":[{\"@type\":\"ListItem\",\"position\":1,\"name\":\"Home\",\"item\":\"https:\/\/www.cinesouk.ma\/\"},{\"@type\":\"ListItem\",\"position\":2,\"name\":\"Shop\",\"item\":\"https:\/\/www.cinesouk.ma\/shop\/\"},{\"@type\":\"ListItem\",\"position\":3,\"name\":\"TetherBlock \u2013 Cable Management\"}]},{\"@type\":\"WebSite\",\"@id\":\"https:\/\/www.cinesouk.ma\/#website\",\"url\":\"https:\/\/www.cinesouk.ma\/\",\"name\":\"CineSouk\",\"description\":\"\",\"publisher\":{\"@id\":\"https:\/\/www.cinesouk.ma\/#organization\"},\"potentialAction\":[{\"@type\":\"SearchAction\",\"target\":{\"@type\":\"EntryPoint\",\"urlTemplate\":\"https:\/\/www.cinesouk.ma\/?s={search_term_string}\"},\"query-input\":{\"@type\":\"PropertyValueSpecification\",\"valueRequired\":true,\"valueName\":\"search_term_string\"}}],\"inLanguage\":\"fr-FR\"},{\"@type\":\"Organization\",\"@id\":\"https:\/\/www.cinesouk.ma\/#organization\",\"name\":\"CineSouk\",\"url\":\"https:\/\/www.cinesouk.ma\/\",\"logo\":{\"@type\":\"ImageObject\",\"inLanguage\":\"fr-FR\",\"@id\":\"https:\/\/www.cinesouk.ma\/#\/schema\/logo\/image\/\",\"url\":\"https:\/\/www.cinesouk.ma\/wp-content\/uploads\/2024\/01\/CineSouk-logo-v01-alpha-alligned-left.png\",\"contentUrl\":\"https:\/\/www.cinesouk.ma\/wp-content\/uploads\/2024\/01\/CineSouk-logo-v01-alpha-alligned-left.png\",\"width\":3204,\"height\":889,\"caption\":\"CineSouk\"},\"image\":{\"@id\":\"https:\/\/www.cinesouk.ma\/#\/schema\/logo\/image\/\"}}]}<\/script>\n<!-- \/ Yoast SEO Premium plugin. -->","yoast_head_json":{"title":"TetherBlock \u2013 Cable Management - CineSouk - Marrakech l Morocco- For rent","description":"The TetherBlock by Tether Tools ensures secure cable management, preventing strain and accidental disconnections while protecting camera ports for professional tethered photography.","robots":{"index":"index","follow":"follow","max-snippet":"max-snippet:-1","max-image-preview":"max-image-preview:large","max-video-preview":"max-video-preview:-1"},"canonical":"https:\/\/www.cinesouk.ma\/fr\/produit\/tetherblock-cable-management\/","og_locale":"fr_FR","og_type":"article","og_title":"TetherBlock \u2013 Cable Management","og_description":"The TetherBlock by Tether Tools ensures secure cable management, preventing strain and accidental disconnections while protecting camera ports for professional tethered photography.","og_url":"https:\/\/www.cinesouk.ma\/fr\/produit\/tetherblock-cable-management\/","og_site_name":"CineSouk","article_modified_time":"2025-03-21T10:56:47+00:00","og_image":[{"width":300,"height":238,"url":"https:\/\/www.cinesouk.ma\/wp-content\/uploads\/2025\/02\/tetherblock-tether-tools-cable-management.jpg","type":"image\/jpeg"}],"twitter_card":"summary_large_image","twitter_description":"The TetherBlock by Tether Tools ensures secure cable management, preventing strain and accidental disconnections while protecting camera ports for professional tethered photography.","twitter_image":"https:\/\/www.cinesouk.ma\/wp-content\/uploads\/2024\/01\/BNC-Haspel.jpg","twitter_misc":{"Dur\u00e9e de lecture estim\u00e9e":"2 minutes"},"schema":{"@context":"https:\/\/schema.org","@graph":[{"@type":"WebPage","@id":"https:\/\/www.cinesouk.ma\/product\/tetherblock-cable-management\/","url":"https:\/\/www.cinesouk.ma\/product\/tetherblock-cable-management\/","name":"TetherBlock \u2013 Cable Management - CineSouk - Marrakech l Morocco- For rent","isPartOf":{"@id":"https:\/\/www.cinesouk.ma\/#website"},"primaryImageOfPage":{"@id":"https:\/\/www.cinesouk.ma\/product\/tetherblock-cable-management\/#primaryimage"},"image":{"@id":"https:\/\/www.cinesouk.ma\/product\/tetherblock-cable-management\/#primaryimage"},"thumbnailUrl":"https:\/\/www.cinesouk.ma\/wp-content\/uploads\/2025\/02\/tetherblock-tether-tools-cable-management.jpg","datePublished":"2025-02-28T10:15:03+00:00","dateModified":"2025-03-21T10:56:47+00:00","description":"The TetherBlock by Tether Tools ensures secure cable management, preventing strain and accidental disconnections while protecting camera ports for professional tethered photography.","breadcrumb":{"@id":"https:\/\/www.cinesouk.ma\/product\/tetherblock-cable-management\/#breadcrumb"},"inLanguage":"fr-FR","potentialAction":[{"@type":"ReadAction","target":["https:\/\/www.cinesouk.ma\/product\/tetherblock-cable-management\/"]}]},{"@type":"ImageObject","inLanguage":"fr-FR","@id":"https:\/\/www.cinesouk.ma\/product\/tetherblock-cable-management\/#primaryimage","url":"https:\/\/www.cinesouk.ma\/wp-content\/uploads\/2025\/02\/tetherblock-tether-tools-cable-management.jpg","contentUrl":"https:\/\/www.cinesouk.ma\/wp-content\/uploads\/2025\/02\/tetherblock-tether-tools-cable-management.jpg","width":300,"height":238,"caption":"tetherblock tether tools cable management"},{"@type":"BreadcrumbList","@id":"https:\/\/www.cinesouk.ma\/product\/tetherblock-cable-management\/#breadcrumb","itemListElement":[{"@type":"ListItem","position":1,"name":"Home","item":"https:\/\/www.cinesouk.ma\/"},{"@type":"ListItem","position":2,"name":"Shop","item":"https:\/\/www.cinesouk.ma\/shop\/"},{"@type":"ListItem","position":3,"name":"TetherBlock \u2013 Cable Management"}]},{"@type":"WebSite","@id":"https:\/\/www.cinesouk.ma\/#website","url":"https:\/\/www.cinesouk.ma\/","name":"CineSouk","description":"","publisher":{"@id":"https:\/\/www.cinesouk.ma\/#organization"},"potentialAction":[{"@type":"SearchAction","target":{"@type":"EntryPoint","urlTemplate":"https:\/\/www.cinesouk.ma\/?s={search_term_string}"},"query-input":{"@type":"PropertyValueSpecification","valueRequired":true,"valueName":"search_term_string"}}],"inLanguage":"fr-FR"},{"@type":"Organization","@id":"https:\/\/www.cinesouk.ma\/#organization","name":"CineSouk","url":"https:\/\/www.cinesouk.ma\/","logo":{"@type":"ImageObject","inLanguage":"fr-FR","@id":"https:\/\/www.cinesouk.ma\/#\/schema\/logo\/image\/","url":"https:\/\/www.cinesouk.ma\/wp-content\/uploads\/2024\/01\/CineSouk-logo-v01-alpha-alligned-left.png","contentUrl":"https:\/\/www.cinesouk.ma\/wp-content\/uploads\/2024\/01\/CineSouk-logo-v01-alpha-alligned-left.png","width":3204,"height":889,"caption":"CineSouk"},"image":{"@id":"https:\/\/www.cinesouk.ma\/#\/schema\/logo\/image\/"}}]}},"_links":{"self":[{"href":"https:\/\/www.cinesouk.ma\/fr\/wp-json\/wp\/v2\/product\/10551","targetHints":{"allow":["GET"]}}],"collection":[{"href":"https:\/\/www.cinesouk.ma\/fr\/wp-json\/wp\/v2\/product"}],"about":[{"href":"https:\/\/www.cinesouk.ma\/fr\/wp-json\/wp\/v2\/types\/product"}],"wp:featuredmedia":[{"embeddable":true,"href":"https:\/\/www.cinesouk.ma\/fr\/wp-json\/wp\/v2\/media\/10562"}],"wp:attachment":[{"href":"https:\/\/www.cinesouk.ma\/fr\/wp-json\/wp\/v2\/media?parent=10551"}],"wp:term":[{"taxonomy":"product_brand","embeddable":true,"href":"https:\/\/www.cinesouk.ma\/fr\/wp-json\/wp\/v2\/product_brand?post=10551"},{"taxonomy":"product_cat","embeddable":true,"href":"https:\/\/www.cinesouk.ma\/fr\/wp-json\/wp\/v2\/product_cat?post=10551"},{"taxonomy":"product_tag","embeddable":true,"href":"https:\/\/www.cinesouk.ma\/fr\/wp-json\/wp\/v2\/product_tag?post=10551"}],"curies":[{"name":"wp","href":"https:\/\/api.w.org\/{rel}","templated":true}]}}