{"id":1056,"date":"2024-12-04T10:30:45","date_gmt":"2024-12-04T10:30:45","guid":{"rendered":"https:\/\/www.cinesouk.ma\/?post_type=product&#038;p=1056"},"modified":"2025-09-25T12:49:25","modified_gmt":"2025-09-25T12:49:25","slug":"sony-fe-24-70-mm-f-2-8-gm","status":"publish","type":"product","link":"https:\/\/www.cinesouk.ma\/fr\/produit\/sony-fe-24-70-mm-f-2-8-gm\/","title":{"rendered":"Sony FE 24-70mm F\/2.8 GM Lens"},"content":{"rendered":"<p>L'objectif Sony FE 24-70mm f\/2.8 GM est con\u00e7u pour les appareils photo sans miroir \u00e0 monture E. Ce zoom standard rapide offre des performances fiables gr\u00e2ce \u00e0 son ouverture maximale constante. Il excelle dans les conditions de faible luminosit\u00e9 et permet une mise au point s\u00e9lective, produisant des images nettes et d\u00e9taill\u00e9es avec des arri\u00e8re-plans magnifiquement flous. Que vous preniez des photos en int\u00e9rieur sous une lumi\u00e8re mod\u00e9r\u00e9e ou en ext\u00e9rieur par temps couvert, cet objectif s'adapte parfaitement aux diff\u00e9rents sc\u00e9narios d'\u00e9clairage.<\/p>\n<h3>Principales sp\u00e9cifications<\/h3>\n<ul>\n<li><strong>Distance minimale de mise au point :<\/strong> 0.38 m<\/li>\n<li><strong>Rapport de grossissement maximal :<\/strong> 0,24 fois<\/li>\n<li><strong>Diam\u00e8tre du filtre :<\/strong> 82 mm<\/li>\n<li><strong>Poids :<\/strong> 886 g<\/li>\n<\/ul>\n<h3>Performance in\u00e9gal\u00e9e du zoom standard<\/h3>\n<p>L'objectif Sony FE 24-70mm f\/2.8 GM fonctionne sans compromis. Avec son ouverture F2.8 constante sur toute la plage de zoom, il exploite pleinement le potentiel des appareils photo haute r\u00e9solution actuels et futurs. Cet objectif inaugure une nouvelle \u00e8re de performances pour les zooms standard.<\/p>\n<h3>R\u00e9solution et d\u00e9tails exceptionnels<\/h3>\n<p>\u00c9quip\u00e9 d'un \u00e9l\u00e9ment XA (extr\u00eamement asph\u00e9rique), cet objectif atteint une pr\u00e9cision de surface sans pr\u00e9c\u00e9dent. Associ\u00e9 \u00e0 des \u00e9l\u00e9ments ED, il garantit une excellente r\u00e9solution et des d\u00e9tails r\u00e9alistes \u00e0 couper le souffle \u00e0 chaque prise de vue. Vous capturez des images qui sortent vraiment du lot.<\/p>\n<h3>Qualit\u00e9 constante pour toutes les longueurs focales<\/h3>\n<p>Gr\u00e2ce \u00e0 son ouverture F2.8 l\u00e9g\u00e8re et rapide, vous conservez des param\u00e8tres d'exposition coh\u00e9rents sur toute la plage du zoom. Cette capacit\u00e9 s'av\u00e8re cruciale pour obtenir des r\u00e9sultats \u00e9poustouflants dans les environnements faiblement \u00e9clair\u00e9s et les sc\u00e8nes d'action rapide. Faites confiance \u00e0 cet objectif pour des situations de prise de vue polyvalentes.<\/p>\n<h3>Autofocus rapide et pr\u00e9cis<\/h3>\n<p>Le Direct Drive SSM (DDSSM) minimise les mouvements de l'objectif, ce qui permet une mise au point automatique incroyablement rapide et pr\u00e9cise. Des algorithmes raffin\u00e9s am\u00e9liorent la vitesse de l'AF, faisant du Sony FE 24-70mm f\/2.8 GM l'outil id\u00e9al pour un fonctionnement fluide et silencieux, que vous preniez des photos ou filmiez des vid\u00e9os. Travaillez efficacement dans diff\u00e9rents contextes.<\/p>\n<h3>Caract\u00e9ristiques du contr\u00f4le professionnel<\/h3>\n<p>Cet objectif offre des commandes professionnelles, notamment un commutateur de mode de mise au point, un verrouillage de la mise au point et un commutateur de verrouillage du zoom. Ces fonctions vous donnent le contr\u00f4le n\u00e9cessaire dans diff\u00e9rentes situations de prise de vue, vous permettant de capturer les meilleurs moments sans h\u00e9sitation.<\/p>\n<h3>Rev\u00eatements avanc\u00e9s et conception<\/h3>\n<p>L'objectif Sony FE 24-70mm f\/2.8 GM est dot\u00e9 du rev\u00eatement nano AR de Sony, qui r\u00e9duit efficacement les reflets et l'\u00e9blouissement. Vos images conservent ainsi leur clart\u00e9 et la pr\u00e9cision de leurs couleurs. Son ouverture ronde \u00e0 9 lamelles cr\u00e9e de magnifiques effets bokeh, am\u00e9liorant ainsi vos options cr\u00e9atives. En outre, l'objectif est r\u00e9sistant \u00e0 la poussi\u00e8re et \u00e0 l'humidit\u00e9, ce qui en fait un choix fiable pour divers environnements de prise de vue.<\/p>\n<h3>Conclusion<\/h3>\n<p>En r\u00e9sum\u00e9, l'objectif Sony FE 24-70mm f\/2.8 GM est un outil essentiel pour tout photographe ou vid\u00e9aste. Gr\u00e2ce \u00e0 ses performances, sa durabilit\u00e9 et sa polyvalence exceptionnelles, il augmente vos capacit\u00e9s cr\u00e9atives et garantit des r\u00e9sultats \u00e9poustouflants pour chaque projet. Saisissez les moments de la vie quotidienne ou les productions professionnelles en toute confiance ; cet objectif offre une qualit\u00e9 exceptionnelle \u00e0 chaque prise de vue. Faites-lui confiance pour r\u00e9pondre \u00e0 vos besoins et am\u00e9liorer votre exp\u00e9rience photographique.<\/p>\n<p>Louez l'objectif Sony d\u00e8s maintenant sur <a href=\"https:\/\/www.cinesouk.ma\/fr\">CINESOUK<\/a> - une marque de <a href=\"https:\/\/www.broadway.ma\/\">BROADWAY PRODUCTIONS SARL.<\/a><\/p>","protected":false},"excerpt":{"rendered":"<p>Sp\u00e9cifications de l'objectif Sony FE 24-70mm<\/p>\n<p>Longueur focale : 24-70mm<br \/>\nOuverture maximale : f\/2.8<br \/>\nOuverture minimale : f\/22<br \/>\nType de mise au point : Autofocus<br \/>\nMonture : Monture E<\/p>","protected":false},"featured_media":1078,"template":"","meta":{"om_disable_all_campaigns":false,"_monsterinsights_skip_tracking":false,"_monsterinsights_sitenote_active":false,"_monsterinsights_sitenote_note":"","_monsterinsights_sitenote_category":0,"_uf_show_specific_survey":0,"_uf_disable_surveys":false},"product_brand":[],"product_cat":[36,53],"product_tag":[],"class_list":{"0":"post-1056","1":"product","2":"type-product","3":"status-publish","4":"has-post-thumbnail","6":"product_cat-lenses-cinesouk","7":"product_cat-popular-cinesouk","9":"entry","10":"has-media","12":"first","13":"instock","14":"taxable","15":"shipping-taxable","16":"purchasable","17":"product-type-variable","18":"has-product-nav","19":"col","20":"span_1_of_3","21":"owp-content-center","22":"owp-thumbs-layout-horizontal","23":"owp-btn-normal","24":"owp-tabs-layout-horizontal","25":"has-no-thumbnails"},"yoast_head":"<!-- This site is optimized with the Yoast SEO Premium plugin v26.0 (Yoast SEO v26.0) - https:\/\/yoast.com\/wordpress\/plugins\/seo\/ -->\n<title>Sony FE 24-70mm F\/2.8 GM Lens - Morocco\/Marrakech - CineSouk - For rent<\/title>\n<meta name=\"description\" content=\"The Sony FE 24-70mm f\/2.8 GM is a wide-angle to short telephoto lens designed for FE-mount system cameras. Marrakech lens rental services - CineSouk\" \/>\n<meta name=\"robots\" content=\"index, follow, max-snippet:-1, max-image-preview:large, max-video-preview:-1\" \/>\n<link rel=\"canonical\" href=\"https:\/\/www.cinesouk.ma\/fr\/produit\/sony-fe-24-70-mm-f-2-8-gm\/\" \/>\n<meta property=\"og:locale\" content=\"fr_FR\" \/>\n<meta property=\"og:type\" content=\"article\" \/>\n<meta property=\"og:title\" content=\"Sony FE 24-70mm F\/2.8 GM Lens\" \/>\n<meta property=\"og:description\" content=\"The Sony FE 24-70mm f\/2.8 GM is a wide-angle to short telephoto lens designed for FE-mount system cameras. Marrakech lens rental services - CineSouk\" \/>\n<meta property=\"og:url\" content=\"https:\/\/www.cinesouk.ma\/fr\/produit\/sony-fe-24-70-mm-f-2-8-gm\/\" \/>\n<meta property=\"og:site_name\" content=\"CineSouk\" \/>\n<meta property=\"article:modified_time\" content=\"2025-09-25T12:49:25+00:00\" \/>\n<meta property=\"og:image\" content=\"https:\/\/www.cinesouk.ma\/wp-content\/uploads\/2024\/01\/Sony-FE-24-70-mm-F2.8-GM.jpg\" \/>\n\t<meta property=\"og:image:width\" content=\"300\" \/>\n\t<meta property=\"og:image:height\" content=\"238\" \/>\n\t<meta property=\"og:image:type\" content=\"image\/jpeg\" \/>\n<meta name=\"twitter:card\" content=\"summary_large_image\" \/>\n<meta name=\"twitter:description\" content=\"The Sony FE 24-70mm f\/2.8 GM is a wide-angle to short telephoto lens designed for FE-mount system cameras. Marrakech lens rental services - CineSouk\" \/>\n<meta name=\"twitter:label1\" content=\"Dur\u00e9e de lecture estim\u00e9e\" \/>\n\t<meta name=\"twitter:data1\" content=\"3 minutes\" \/>\n<script type=\"application\/ld+json\" class=\"yoast-schema-graph\">{\"@context\":\"https:\/\/schema.org\",\"@graph\":[{\"@type\":\"WebPage\",\"@id\":\"https:\/\/www.cinesouk.ma\/product\/sony-fe-24-70-mm-f-2-8-gm\/\",\"url\":\"https:\/\/www.cinesouk.ma\/product\/sony-fe-24-70-mm-f-2-8-gm\/\",\"name\":\"Sony FE 24-70mm F\/2.8 GM Lens - Morocco\/Marrakech - CineSouk - For rent\",\"isPartOf\":{\"@id\":\"https:\/\/www.cinesouk.ma\/#website\"},\"primaryImageOfPage\":{\"@id\":\"https:\/\/www.cinesouk.ma\/product\/sony-fe-24-70-mm-f-2-8-gm\/#primaryimage\"},\"image\":{\"@id\":\"https:\/\/www.cinesouk.ma\/product\/sony-fe-24-70-mm-f-2-8-gm\/#primaryimage\"},\"thumbnailUrl\":\"https:\/\/www.cinesouk.ma\/wp-content\/uploads\/2024\/01\/Sony-FE-24-70-mm-F2.8-GM.jpg\",\"datePublished\":\"2024-12-04T10:30:45+00:00\",\"dateModified\":\"2025-09-25T12:49:25+00:00\",\"description\":\"The Sony FE 24-70mm f\/2.8 GM is a wide-angle to short telephoto lens designed for FE-mount system cameras. Marrakech lens rental services - CineSouk\",\"breadcrumb\":{\"@id\":\"https:\/\/www.cinesouk.ma\/product\/sony-fe-24-70-mm-f-2-8-gm\/#breadcrumb\"},\"inLanguage\":\"fr-FR\",\"potentialAction\":[{\"@type\":\"ReadAction\",\"target\":[\"https:\/\/www.cinesouk.ma\/product\/sony-fe-24-70-mm-f-2-8-gm\/\"]}]},{\"@type\":\"ImageObject\",\"inLanguage\":\"fr-FR\",\"@id\":\"https:\/\/www.cinesouk.ma\/product\/sony-fe-24-70-mm-f-2-8-gm\/#primaryimage\",\"url\":\"https:\/\/www.cinesouk.ma\/wp-content\/uploads\/2024\/01\/Sony-FE-24-70-mm-F2.8-GM.jpg\",\"contentUrl\":\"https:\/\/www.cinesouk.ma\/wp-content\/uploads\/2024\/01\/Sony-FE-24-70-mm-F2.8-GM.jpg\",\"width\":300,\"height\":238,\"caption\":\"Sony FE 24-70mm\"},{\"@type\":\"BreadcrumbList\",\"@id\":\"https:\/\/www.cinesouk.ma\/product\/sony-fe-24-70-mm-f-2-8-gm\/#breadcrumb\",\"itemListElement\":[{\"@type\":\"ListItem\",\"position\":1,\"name\":\"Home\",\"item\":\"https:\/\/www.cinesouk.ma\/\"},{\"@type\":\"ListItem\",\"position\":2,\"name\":\"Shop\",\"item\":\"https:\/\/www.cinesouk.ma\/shop\/\"},{\"@type\":\"ListItem\",\"position\":3,\"name\":\"Sony FE 24-70mm F\/2.8 GM Lens\"}]},{\"@type\":\"WebSite\",\"@id\":\"https:\/\/www.cinesouk.ma\/#website\",\"url\":\"https:\/\/www.cinesouk.ma\/\",\"name\":\"CineSouk\",\"description\":\"\",\"publisher\":{\"@id\":\"https:\/\/www.cinesouk.ma\/#organization\"},\"potentialAction\":[{\"@type\":\"SearchAction\",\"target\":{\"@type\":\"EntryPoint\",\"urlTemplate\":\"https:\/\/www.cinesouk.ma\/?s={search_term_string}\"},\"query-input\":{\"@type\":\"PropertyValueSpecification\",\"valueRequired\":true,\"valueName\":\"search_term_string\"}}],\"inLanguage\":\"fr-FR\"},{\"@type\":\"Organization\",\"@id\":\"https:\/\/www.cinesouk.ma\/#organization\",\"name\":\"CineSouk\",\"url\":\"https:\/\/www.cinesouk.ma\/\",\"logo\":{\"@type\":\"ImageObject\",\"inLanguage\":\"fr-FR\",\"@id\":\"https:\/\/www.cinesouk.ma\/#\/schema\/logo\/image\/\",\"url\":\"https:\/\/www.cinesouk.ma\/wp-content\/uploads\/2024\/01\/CineSouk-logo-v01-alpha-alligned-left.png\",\"contentUrl\":\"https:\/\/www.cinesouk.ma\/wp-content\/uploads\/2024\/01\/CineSouk-logo-v01-alpha-alligned-left.png\",\"width\":3204,\"height\":889,\"caption\":\"CineSouk\"},\"image\":{\"@id\":\"https:\/\/www.cinesouk.ma\/#\/schema\/logo\/image\/\"}}]}<\/script>\n<!-- \/ Yoast SEO Premium plugin. -->","yoast_head_json":{"title":"Sony FE 24-70mm F\/2.8 GM Lens - Morocco\/Marrakech - CineSouk - For rent","description":"The Sony FE 24-70mm f\/2.8 GM is a wide-angle to short telephoto lens designed for FE-mount system cameras. Marrakech lens rental services - CineSouk","robots":{"index":"index","follow":"follow","max-snippet":"max-snippet:-1","max-image-preview":"max-image-preview:large","max-video-preview":"max-video-preview:-1"},"canonical":"https:\/\/www.cinesouk.ma\/fr\/produit\/sony-fe-24-70-mm-f-2-8-gm\/","og_locale":"fr_FR","og_type":"article","og_title":"Sony FE 24-70mm F\/2.8 GM Lens","og_description":"The Sony FE 24-70mm f\/2.8 GM is a wide-angle to short telephoto lens designed for FE-mount system cameras. Marrakech lens rental services - CineSouk","og_url":"https:\/\/www.cinesouk.ma\/fr\/produit\/sony-fe-24-70-mm-f-2-8-gm\/","og_site_name":"CineSouk","article_modified_time":"2025-09-25T12:49:25+00:00","og_image":[{"width":300,"height":238,"url":"https:\/\/www.cinesouk.ma\/wp-content\/uploads\/2024\/01\/Sony-FE-24-70-mm-F2.8-GM.jpg","type":"image\/jpeg"}],"twitter_card":"summary_large_image","twitter_description":"The Sony FE 24-70mm f\/2.8 GM is a wide-angle to short telephoto lens designed for FE-mount system cameras. Marrakech lens rental services - CineSouk","twitter_misc":{"Dur\u00e9e de lecture estim\u00e9e":"3 minutes"},"schema":{"@context":"https:\/\/schema.org","@graph":[{"@type":"WebPage","@id":"https:\/\/www.cinesouk.ma\/product\/sony-fe-24-70-mm-f-2-8-gm\/","url":"https:\/\/www.cinesouk.ma\/product\/sony-fe-24-70-mm-f-2-8-gm\/","name":"Sony FE 24-70mm F\/2.8 GM Lens - Morocco\/Marrakech - CineSouk - For rent","isPartOf":{"@id":"https:\/\/www.cinesouk.ma\/#website"},"primaryImageOfPage":{"@id":"https:\/\/www.cinesouk.ma\/product\/sony-fe-24-70-mm-f-2-8-gm\/#primaryimage"},"image":{"@id":"https:\/\/www.cinesouk.ma\/product\/sony-fe-24-70-mm-f-2-8-gm\/#primaryimage"},"thumbnailUrl":"https:\/\/www.cinesouk.ma\/wp-content\/uploads\/2024\/01\/Sony-FE-24-70-mm-F2.8-GM.jpg","datePublished":"2024-12-04T10:30:45+00:00","dateModified":"2025-09-25T12:49:25+00:00","description":"The Sony FE 24-70mm f\/2.8 GM is a wide-angle to short telephoto lens designed for FE-mount system cameras. Marrakech lens rental services - CineSouk","breadcrumb":{"@id":"https:\/\/www.cinesouk.ma\/product\/sony-fe-24-70-mm-f-2-8-gm\/#breadcrumb"},"inLanguage":"fr-FR","potentialAction":[{"@type":"ReadAction","target":["https:\/\/www.cinesouk.ma\/product\/sony-fe-24-70-mm-f-2-8-gm\/"]}]},{"@type":"ImageObject","inLanguage":"fr-FR","@id":"https:\/\/www.cinesouk.ma\/product\/sony-fe-24-70-mm-f-2-8-gm\/#primaryimage","url":"https:\/\/www.cinesouk.ma\/wp-content\/uploads\/2024\/01\/Sony-FE-24-70-mm-F2.8-GM.jpg","contentUrl":"https:\/\/www.cinesouk.ma\/wp-content\/uploads\/2024\/01\/Sony-FE-24-70-mm-F2.8-GM.jpg","width":300,"height":238,"caption":"Sony FE 24-70mm"},{"@type":"BreadcrumbList","@id":"https:\/\/www.cinesouk.ma\/product\/sony-fe-24-70-mm-f-2-8-gm\/#breadcrumb","itemListElement":[{"@type":"ListItem","position":1,"name":"Home","item":"https:\/\/www.cinesouk.ma\/"},{"@type":"ListItem","position":2,"name":"Shop","item":"https:\/\/www.cinesouk.ma\/shop\/"},{"@type":"ListItem","position":3,"name":"Sony FE 24-70mm F\/2.8 GM Lens"}]},{"@type":"WebSite","@id":"https:\/\/www.cinesouk.ma\/#website","url":"https:\/\/www.cinesouk.ma\/","name":"CineSouk","description":"","publisher":{"@id":"https:\/\/www.cinesouk.ma\/#organization"},"potentialAction":[{"@type":"SearchAction","target":{"@type":"EntryPoint","urlTemplate":"https:\/\/www.cinesouk.ma\/?s={search_term_string}"},"query-input":{"@type":"PropertyValueSpecification","valueRequired":true,"valueName":"search_term_string"}}],"inLanguage":"fr-FR"},{"@type":"Organization","@id":"https:\/\/www.cinesouk.ma\/#organization","name":"CineSouk","url":"https:\/\/www.cinesouk.ma\/","logo":{"@type":"ImageObject","inLanguage":"fr-FR","@id":"https:\/\/www.cinesouk.ma\/#\/schema\/logo\/image\/","url":"https:\/\/www.cinesouk.ma\/wp-content\/uploads\/2024\/01\/CineSouk-logo-v01-alpha-alligned-left.png","contentUrl":"https:\/\/www.cinesouk.ma\/wp-content\/uploads\/2024\/01\/CineSouk-logo-v01-alpha-alligned-left.png","width":3204,"height":889,"caption":"CineSouk"},"image":{"@id":"https:\/\/www.cinesouk.ma\/#\/schema\/logo\/image\/"}}]}},"_links":{"self":[{"href":"https:\/\/www.cinesouk.ma\/fr\/wp-json\/wp\/v2\/product\/1056","targetHints":{"allow":["GET"]}}],"collection":[{"href":"https:\/\/www.cinesouk.ma\/fr\/wp-json\/wp\/v2\/product"}],"about":[{"href":"https:\/\/www.cinesouk.ma\/fr\/wp-json\/wp\/v2\/types\/product"}],"wp:featuredmedia":[{"embeddable":true,"href":"https:\/\/www.cinesouk.ma\/fr\/wp-json\/wp\/v2\/media\/1078"}],"wp:attachment":[{"href":"https:\/\/www.cinesouk.ma\/fr\/wp-json\/wp\/v2\/media?parent=1056"}],"wp:term":[{"taxonomy":"product_brand","embeddable":true,"href":"https:\/\/www.cinesouk.ma\/fr\/wp-json\/wp\/v2\/product_brand?post=1056"},{"taxonomy":"product_cat","embeddable":true,"href":"https:\/\/www.cinesouk.ma\/fr\/wp-json\/wp\/v2\/product_cat?post=1056"},{"taxonomy":"product_tag","embeddable":true,"href":"https:\/\/www.cinesouk.ma\/fr\/wp-json\/wp\/v2\/product_tag?post=1056"}],"curies":[{"name":"wp","href":"https:\/\/api.w.org\/{rel}","templated":true}]}}