{"id":10593,"date":"2025-02-28T11:54:37","date_gmt":"2025-02-28T11:54:37","guid":{"rendered":"https:\/\/www.cinesouk.ma\/?post_type=product&#038;p=10593"},"modified":"2025-03-21T10:56:47","modified_gmt":"2025-03-21T10:56:47","slug":"folding-transport-cart","status":"publish","type":"product","link":"https:\/\/www.cinesouk.ma\/fr\/produit\/folding-transport-cart\/","title":{"rendered":"Chariot de transport pliant"},"content":{"rendered":"<p data-start=\"136\" data-end=\"691\">Le chariot de transport pliant est un compagnon essentiel pour transporter des charges lourdes sans effort, que ce soit sur la plage, dans le jardin ou sur le plateau de tournage. Con\u00e7u pour \u00eatre \u00e0 la fois durable et pratique, ce chariot est dot\u00e9 d'un cadre en acier robuste et de grandes roues tout-terrain, garantissant un d\u00e9placement en douceur sur diverses surfaces. De plus, sa conception pliable facilite le stockage et le transport, ce qui en fait un excellent choix pour les photographes, les organisateurs d'\u00e9v\u00e9nements et les amateurs de plein air qui ont besoin d'une solution de transport fiable.<\/p>\n<p data-start=\"693\" data-end=\"1225\">Outre son cadre robuste, le chariot est dot\u00e9 d'un compartiment en tissu spacieux, fabriqu\u00e9 \u00e0 partir d'un mat\u00e9riau de haute qualit\u00e9 r\u00e9sistant aux intemp\u00e9ries, ce qui garantit des performances durables dans divers environnements. De plus, qu'il s'agisse de transporter du mat\u00e9riel de production, des fournitures de camping ou des articles de plage, les utilisateurs peuvent compter sur son vaste espace de rangement tout en conservant sa stabilit\u00e9 et sa durabilit\u00e9. Pour am\u00e9liorer le confort de l'utilisateur, la poign\u00e9e r\u00e9glable permet une man\u0153uvre sans effort, m\u00eame lorsqu'elle est enti\u00e8rement charg\u00e9e.<\/p>\n<h3 data-start=\"1227\" data-end=\"1249\"><strong data-start=\"1231\" data-end=\"1247\">Caract\u00e9ristiques principales<\/strong><\/h3>\n<p data-start=\"1251\" data-end=\"2019\">\u00a0&#8211; <strong data-start=\"1253\" data-end=\"1270\">Cadre robuste :<\/strong> Construit pour supporter un poids important, il garantit une stabilit\u00e9 exceptionnelle et une durabilit\u00e9 \u00e0 long terme.<br data-start=\"1376\" data-end=\"1379\" \/>\u00a0&#8211; <strong data-start=\"1381\" data-end=\"1400\">Conception pliante :<\/strong> Se replie rapidement et efficacement, pour un rangement compact et un transport sans probl\u00e8me.<br data-start=\"1500\" data-end=\"1503\" \/>\u00a0&#8211; <strong data-start=\"1505\" data-end=\"1528\">Tout-terrain Roues :<\/strong> Con\u00e7ue pour se d\u00e9placer en douceur sur le sable, le gravier et les surfaces irr\u00e9guli\u00e8res.<br data-start=\"1607\" data-end=\"1610\" \/>\u00a0&#8211; <strong data-start=\"1612\" data-end=\"1634\">Capacit\u00e9 spacieuse :<\/strong> Il offre un grand espace de rangement, ce qui le rend adapt\u00e9 \u00e0 diverses utilisations professionnelles et r\u00e9cr\u00e9atives.<br data-start=\"1731\" data-end=\"1734\" \/>\u00a0&#8211; <strong data-start=\"1736\" data-end=\"1758\">Poign\u00e9e r\u00e9glable :<\/strong> Con\u00e7ue pour une manipulation confortable, elle permet une plus grande maniabilit\u00e9 sur diff\u00e9rents terrains.<br data-start=\"1867\" data-end=\"1870\" \/>\u00a0&#8211; <strong data-start=\"1872\" data-end=\"1901\">Tissu r\u00e9sistant aux intemp\u00e9ries :<\/strong> Prot\u00e8ge le contenu de la poussi\u00e8re, de la salet\u00e9 et de l'humidit\u00e9 l\u00e9g\u00e8re, garantissant des performances fiables dans n'importe quel environnement.<\/p>\n<h3 data-start=\"2021\" data-end=\"2045\"><strong data-start=\"2025\" data-end=\"2043\">Sp\u00e9cifications<\/strong><\/h3>\n<ul data-start=\"2047\" data-end=\"2528\">\n<li data-start=\"2047\" data-end=\"2076\"><strong data-start=\"2049\" data-end=\"2068\">Mat\u00e9riau du cadre :<\/strong> Acier<\/li>\n<li data-start=\"2077\" data-end=\"2138\"><strong data-start=\"2079\" data-end=\"2099\">Mati\u00e8re du tissu :<\/strong> Polyester durable et r\u00e9sistant aux intemp\u00e9ries<\/li>\n<li data-start=\"2139\" data-end=\"2183\"><strong data-start=\"2141\" data-end=\"2156\">Type de roue :<\/strong> Grandes roues tout-terrain<\/li>\n<li data-start=\"2184\" data-end=\"2233\"><strong data-start=\"2186\" data-end=\"2197\">Poign\u00e9e :<\/strong> R\u00e9glable avec une poign\u00e9e ergonomique<\/li>\n<li data-start=\"2234\" data-end=\"2315\"><strong data-start=\"2236\" data-end=\"2249\">Pliable :<\/strong> Oui, con\u00e7u pour un stockage pratique et un transport facile<\/li>\n<li data-start=\"2316\" data-end=\"2403\"><strong data-start=\"2318\" data-end=\"2338\">Capacit\u00e9 de poids :<\/strong> Supporte les charges lourdes, ce qui rend le transport sans effort<\/li>\n<li data-start=\"2404\" data-end=\"2464\"><strong data-start=\"2406\" data-end=\"2428\">Dimensions (ouvertes) :<\/strong> Environ 90 cm x 50 cm x 60 cm<\/li>\n<li data-start=\"2465\" data-end=\"2528\"><strong data-start=\"2467\" data-end=\"2491\">Dimensions (pli\u00e9) :<\/strong> Compact pour un stockage efficace<\/li>\n<\/ul>\n<h3 data-start=\"2530\" data-end=\"2579\"><strong data-start=\"2534\" data-end=\"2577\">Une solution de transport pratique et fiable<\/strong><\/h3>\n<p data-start=\"2581\" data-end=\"3060\" data-is-last-node=\"\" data-is-only-node=\"\">Con\u00e7u pour \u00eatre efficace et durable, le chariot de transport pliant offre un moyen polyvalent et fiable de d\u00e9placer du mat\u00e9riel lourd sans effort. Sa construction solide, ses roues robustes et son design pliable peu encombrant assurent un transport pratique pour les photographes, les campeurs et les organisateurs d'\u00e9v\u00e9nements. De plus, qu'il s'agisse de transporter du mat\u00e9riel, des articles de plein air ou des fournitures, ce chariot offre une solution transparente et efficace pour tous les besoins de transport.<\/p>\n<p>Louez le chariot de transport pliant maintenant sur <a href=\"https:\/\/www.cinesouk.ma\/fr\">CINESOUK<\/a> - une marque de <a href=\"https:\/\/www.broadway.ma\/\">BROADWAY PRODUCTIONS SARL.<\/a><\/p>","protected":false},"excerpt":{"rendered":"<p>Sp\u00e9cifications<\/p>\n<ul data-start=\"2172\" data-end=\"2626\">\n<li data-start=\"1364\" data-end=\"1393\"><strong data-start=\"1366\" data-end=\"1385\">Mat\u00e9riau du cadre :<\/strong> Acier<\/li>\n<li data-start=\"1394\" data-end=\"1455\"><strong data-start=\"1396\" data-end=\"1416\">Mati\u00e8re du tissu :<\/strong> Polyester durable et r\u00e9sistant aux intemp\u00e9ries<\/li>\n<li data-start=\"1456\" data-end=\"1500\"><strong data-start=\"1458\" data-end=\"1473\">Type de roue :<\/strong> Grandes roues tout-terrain<\/li>\n<li data-start=\"1501\" data-end=\"1543\"><strong data-start=\"1503\" data-end=\"1514\">Poign\u00e9e :<\/strong> Poign\u00e9e ergonomique r\u00e9glable<\/li>\n<li data-start=\"1544\" data-end=\"1583\"><strong data-start=\"1546\" data-end=\"1559\">Pliable :<\/strong> Oui, pour un stockage facile<\/li>\n<li data-start=\"1584\" data-end=\"1656\"><strong data-start=\"1586\" data-end=\"1606\">Capacit\u00e9 de poids :<\/strong> Capacit\u00e9 de charge \u00e9lev\u00e9e pour le transport d'objets lourds<\/li>\n<li data-start=\"1657\" data-end=\"1710\"><strong data-start=\"1659\" data-end=\"1681\">Dimensions (ouvertes) :<\/strong> Environ 90cm x 50cm x 60cm<\/li>\n<li data-start=\"1711\" data-end=\"1773\"><strong data-start=\"1713\" data-end=\"1737\">Dimensions (pli\u00e9) :<\/strong> Compact pour le transport et le stockage<\/li>\n<\/ul>","protected":false},"featured_media":10622,"template":"","meta":{"om_disable_all_campaigns":false,"_monsterinsights_skip_tracking":false,"_monsterinsights_sitenote_active":false,"_monsterinsights_sitenote_note":"","_monsterinsights_sitenote_category":0,"_uf_show_specific_survey":0,"_uf_disable_surveys":false},"product_brand":[],"product_cat":[82],"product_tag":[],"class_list":{"0":"post-10593","1":"product","2":"type-product","3":"status-publish","4":"has-post-thumbnail","6":"product_cat-carts-cinesouk","8":"entry","9":"has-media","11":"first","12":"instock","13":"taxable","14":"shipping-taxable","15":"purchasable","16":"product-type-variable","17":"has-product-nav","18":"col","19":"span_1_of_3","20":"owp-content-center","21":"owp-thumbs-layout-horizontal","22":"owp-btn-normal","23":"owp-tabs-layout-horizontal","24":"has-no-thumbnails"},"yoast_head":"<!-- This site is optimized with the Yoast SEO Premium plugin v26.0 (Yoast SEO v26.0) - https:\/\/yoast.com\/wordpress\/plugins\/seo\/ -->\n<title>Folding Transport Cart - CineSouk - For rent<\/title>\n<meta name=\"description\" content=\"Folding Transport Cart with all-terrain wheels, sturdy frame, and collapsible design. Ideal for gardening, beach trips, production sets, and outdoor hauling.\" \/>\n<meta name=\"robots\" content=\"index, follow, max-snippet:-1, max-image-preview:large, max-video-preview:-1\" \/>\n<link rel=\"canonical\" href=\"https:\/\/www.cinesouk.ma\/fr\/produit\/folding-transport-cart\/\" \/>\n<meta property=\"og:locale\" content=\"fr_FR\" \/>\n<meta property=\"og:type\" content=\"article\" \/>\n<meta property=\"og:title\" content=\"Folding Transport Cart\" \/>\n<meta property=\"og:description\" content=\"Folding Transport Cart with all-terrain wheels, sturdy frame, and collapsible design. Ideal for gardening, beach trips, production sets, and outdoor hauling.\" \/>\n<meta property=\"og:url\" content=\"https:\/\/www.cinesouk.ma\/fr\/produit\/folding-transport-cart\/\" \/>\n<meta property=\"og:site_name\" content=\"CineSouk\" \/>\n<meta property=\"article:modified_time\" content=\"2025-03-21T10:56:47+00:00\" \/>\n<meta property=\"og:image\" content=\"https:\/\/www.cinesouk.ma\/wp-content\/uploads\/2025\/02\/transport-cart.jpg\" \/>\n\t<meta property=\"og:image:width\" content=\"300\" \/>\n\t<meta property=\"og:image:height\" content=\"238\" \/>\n\t<meta property=\"og:image:type\" content=\"image\/jpeg\" \/>\n<meta name=\"twitter:card\" content=\"summary_large_image\" \/>\n<meta name=\"twitter:description\" content=\"Folding Transport Cart with all-terrain wheels, sturdy frame, and collapsible design. Ideal for gardening, beach trips, production sets, and outdoor hauling.\" \/>\n<meta name=\"twitter:label1\" content=\"Dur\u00e9e de lecture estim\u00e9e\" \/>\n\t<meta name=\"twitter:data1\" content=\"2 minutes\" \/>\n<script type=\"application\/ld+json\" class=\"yoast-schema-graph\">{\"@context\":\"https:\/\/schema.org\",\"@graph\":[{\"@type\":\"WebPage\",\"@id\":\"https:\/\/www.cinesouk.ma\/product\/folding-transport-cart\/\",\"url\":\"https:\/\/www.cinesouk.ma\/product\/folding-transport-cart\/\",\"name\":\"Folding Transport Cart - CineSouk - For rent\",\"isPartOf\":{\"@id\":\"https:\/\/www.cinesouk.ma\/#website\"},\"primaryImageOfPage\":{\"@id\":\"https:\/\/www.cinesouk.ma\/product\/folding-transport-cart\/#primaryimage\"},\"image\":{\"@id\":\"https:\/\/www.cinesouk.ma\/product\/folding-transport-cart\/#primaryimage\"},\"thumbnailUrl\":\"https:\/\/www.cinesouk.ma\/wp-content\/uploads\/2025\/02\/transport-cart.jpg\",\"datePublished\":\"2025-02-28T11:54:37+00:00\",\"dateModified\":\"2025-03-21T10:56:47+00:00\",\"description\":\"Folding Transport Cart with all-terrain wheels, sturdy frame, and collapsible design. Ideal for gardening, beach trips, production sets, and outdoor hauling.\",\"breadcrumb\":{\"@id\":\"https:\/\/www.cinesouk.ma\/product\/folding-transport-cart\/#breadcrumb\"},\"inLanguage\":\"fr-FR\",\"potentialAction\":[{\"@type\":\"ReadAction\",\"target\":[\"https:\/\/www.cinesouk.ma\/product\/folding-transport-cart\/\"]}]},{\"@type\":\"ImageObject\",\"inLanguage\":\"fr-FR\",\"@id\":\"https:\/\/www.cinesouk.ma\/product\/folding-transport-cart\/#primaryimage\",\"url\":\"https:\/\/www.cinesouk.ma\/wp-content\/uploads\/2025\/02\/transport-cart.jpg\",\"contentUrl\":\"https:\/\/www.cinesouk.ma\/wp-content\/uploads\/2025\/02\/transport-cart.jpg\",\"width\":300,\"height\":238,\"caption\":\"transport cart\"},{\"@type\":\"BreadcrumbList\",\"@id\":\"https:\/\/www.cinesouk.ma\/product\/folding-transport-cart\/#breadcrumb\",\"itemListElement\":[{\"@type\":\"ListItem\",\"position\":1,\"name\":\"Home\",\"item\":\"https:\/\/www.cinesouk.ma\/\"},{\"@type\":\"ListItem\",\"position\":2,\"name\":\"Shop\",\"item\":\"https:\/\/www.cinesouk.ma\/shop\/\"},{\"@type\":\"ListItem\",\"position\":3,\"name\":\"Folding Transport Cart\"}]},{\"@type\":\"WebSite\",\"@id\":\"https:\/\/www.cinesouk.ma\/#website\",\"url\":\"https:\/\/www.cinesouk.ma\/\",\"name\":\"CineSouk\",\"description\":\"\",\"publisher\":{\"@id\":\"https:\/\/www.cinesouk.ma\/#organization\"},\"potentialAction\":[{\"@type\":\"SearchAction\",\"target\":{\"@type\":\"EntryPoint\",\"urlTemplate\":\"https:\/\/www.cinesouk.ma\/?s={search_term_string}\"},\"query-input\":{\"@type\":\"PropertyValueSpecification\",\"valueRequired\":true,\"valueName\":\"search_term_string\"}}],\"inLanguage\":\"fr-FR\"},{\"@type\":\"Organization\",\"@id\":\"https:\/\/www.cinesouk.ma\/#organization\",\"name\":\"CineSouk\",\"url\":\"https:\/\/www.cinesouk.ma\/\",\"logo\":{\"@type\":\"ImageObject\",\"inLanguage\":\"fr-FR\",\"@id\":\"https:\/\/www.cinesouk.ma\/#\/schema\/logo\/image\/\",\"url\":\"https:\/\/www.cinesouk.ma\/wp-content\/uploads\/2024\/01\/CineSouk-logo-v01-alpha-alligned-left.png\",\"contentUrl\":\"https:\/\/www.cinesouk.ma\/wp-content\/uploads\/2024\/01\/CineSouk-logo-v01-alpha-alligned-left.png\",\"width\":3204,\"height\":889,\"caption\":\"CineSouk\"},\"image\":{\"@id\":\"https:\/\/www.cinesouk.ma\/#\/schema\/logo\/image\/\"}}]}<\/script>\n<!-- \/ Yoast SEO Premium plugin. -->","yoast_head_json":{"title":"Folding Transport Cart - CineSouk - For rent","description":"Folding Transport Cart with all-terrain wheels, sturdy frame, and collapsible design. Ideal for gardening, beach trips, production sets, and outdoor hauling.","robots":{"index":"index","follow":"follow","max-snippet":"max-snippet:-1","max-image-preview":"max-image-preview:large","max-video-preview":"max-video-preview:-1"},"canonical":"https:\/\/www.cinesouk.ma\/fr\/produit\/folding-transport-cart\/","og_locale":"fr_FR","og_type":"article","og_title":"Folding Transport Cart","og_description":"Folding Transport Cart with all-terrain wheels, sturdy frame, and collapsible design. Ideal for gardening, beach trips, production sets, and outdoor hauling.","og_url":"https:\/\/www.cinesouk.ma\/fr\/produit\/folding-transport-cart\/","og_site_name":"CineSouk","article_modified_time":"2025-03-21T10:56:47+00:00","og_image":[{"width":300,"height":238,"url":"https:\/\/www.cinesouk.ma\/wp-content\/uploads\/2025\/02\/transport-cart.jpg","type":"image\/jpeg"}],"twitter_card":"summary_large_image","twitter_description":"Folding Transport Cart with all-terrain wheels, sturdy frame, and collapsible design. Ideal for gardening, beach trips, production sets, and outdoor hauling.","twitter_misc":{"Dur\u00e9e de lecture estim\u00e9e":"2 minutes"},"schema":{"@context":"https:\/\/schema.org","@graph":[{"@type":"WebPage","@id":"https:\/\/www.cinesouk.ma\/product\/folding-transport-cart\/","url":"https:\/\/www.cinesouk.ma\/product\/folding-transport-cart\/","name":"Folding Transport Cart - CineSouk - For rent","isPartOf":{"@id":"https:\/\/www.cinesouk.ma\/#website"},"primaryImageOfPage":{"@id":"https:\/\/www.cinesouk.ma\/product\/folding-transport-cart\/#primaryimage"},"image":{"@id":"https:\/\/www.cinesouk.ma\/product\/folding-transport-cart\/#primaryimage"},"thumbnailUrl":"https:\/\/www.cinesouk.ma\/wp-content\/uploads\/2025\/02\/transport-cart.jpg","datePublished":"2025-02-28T11:54:37+00:00","dateModified":"2025-03-21T10:56:47+00:00","description":"Folding Transport Cart with all-terrain wheels, sturdy frame, and collapsible design. Ideal for gardening, beach trips, production sets, and outdoor hauling.","breadcrumb":{"@id":"https:\/\/www.cinesouk.ma\/product\/folding-transport-cart\/#breadcrumb"},"inLanguage":"fr-FR","potentialAction":[{"@type":"ReadAction","target":["https:\/\/www.cinesouk.ma\/product\/folding-transport-cart\/"]}]},{"@type":"ImageObject","inLanguage":"fr-FR","@id":"https:\/\/www.cinesouk.ma\/product\/folding-transport-cart\/#primaryimage","url":"https:\/\/www.cinesouk.ma\/wp-content\/uploads\/2025\/02\/transport-cart.jpg","contentUrl":"https:\/\/www.cinesouk.ma\/wp-content\/uploads\/2025\/02\/transport-cart.jpg","width":300,"height":238,"caption":"transport cart"},{"@type":"BreadcrumbList","@id":"https:\/\/www.cinesouk.ma\/product\/folding-transport-cart\/#breadcrumb","itemListElement":[{"@type":"ListItem","position":1,"name":"Home","item":"https:\/\/www.cinesouk.ma\/"},{"@type":"ListItem","position":2,"name":"Shop","item":"https:\/\/www.cinesouk.ma\/shop\/"},{"@type":"ListItem","position":3,"name":"Folding Transport Cart"}]},{"@type":"WebSite","@id":"https:\/\/www.cinesouk.ma\/#website","url":"https:\/\/www.cinesouk.ma\/","name":"CineSouk","description":"","publisher":{"@id":"https:\/\/www.cinesouk.ma\/#organization"},"potentialAction":[{"@type":"SearchAction","target":{"@type":"EntryPoint","urlTemplate":"https:\/\/www.cinesouk.ma\/?s={search_term_string}"},"query-input":{"@type":"PropertyValueSpecification","valueRequired":true,"valueName":"search_term_string"}}],"inLanguage":"fr-FR"},{"@type":"Organization","@id":"https:\/\/www.cinesouk.ma\/#organization","name":"CineSouk","url":"https:\/\/www.cinesouk.ma\/","logo":{"@type":"ImageObject","inLanguage":"fr-FR","@id":"https:\/\/www.cinesouk.ma\/#\/schema\/logo\/image\/","url":"https:\/\/www.cinesouk.ma\/wp-content\/uploads\/2024\/01\/CineSouk-logo-v01-alpha-alligned-left.png","contentUrl":"https:\/\/www.cinesouk.ma\/wp-content\/uploads\/2024\/01\/CineSouk-logo-v01-alpha-alligned-left.png","width":3204,"height":889,"caption":"CineSouk"},"image":{"@id":"https:\/\/www.cinesouk.ma\/#\/schema\/logo\/image\/"}}]}},"_links":{"self":[{"href":"https:\/\/www.cinesouk.ma\/fr\/wp-json\/wp\/v2\/product\/10593","targetHints":{"allow":["GET"]}}],"collection":[{"href":"https:\/\/www.cinesouk.ma\/fr\/wp-json\/wp\/v2\/product"}],"about":[{"href":"https:\/\/www.cinesouk.ma\/fr\/wp-json\/wp\/v2\/types\/product"}],"wp:featuredmedia":[{"embeddable":true,"href":"https:\/\/www.cinesouk.ma\/fr\/wp-json\/wp\/v2\/media\/10622"}],"wp:attachment":[{"href":"https:\/\/www.cinesouk.ma\/fr\/wp-json\/wp\/v2\/media?parent=10593"}],"wp:term":[{"taxonomy":"product_brand","embeddable":true,"href":"https:\/\/www.cinesouk.ma\/fr\/wp-json\/wp\/v2\/product_brand?post=10593"},{"taxonomy":"product_cat","embeddable":true,"href":"https:\/\/www.cinesouk.ma\/fr\/wp-json\/wp\/v2\/product_cat?post=10593"},{"taxonomy":"product_tag","embeddable":true,"href":"https:\/\/www.cinesouk.ma\/fr\/wp-json\/wp\/v2\/product_tag?post=10593"}],"curies":[{"name":"wp","href":"https:\/\/api.w.org\/{rel}","templated":true}]}}