{"id":10659,"date":"2025-02-28T13:22:42","date_gmt":"2025-02-28T13:22:42","guid":{"rendered":"https:\/\/www.cinesouk.ma\/?post_type=product&#038;p=10659"},"modified":"2025-03-21T10:56:47","modified_gmt":"2025-03-21T10:56:47","slug":"canon-lp-e6-battery","status":"publish","type":"product","link":"https:\/\/www.cinesouk.ma\/fr\/produit\/canon-lp-e6-battery\/","title":{"rendered":"Batterie Canon LP-E6"},"content":{"rendered":"<p data-start=\"64\" data-end=\"523\">La batterie Canon LP-E6 est une batterie lithium-ion rechargeable haute performance, sp\u00e9cialement con\u00e7ue pour alimenter efficacement les appareils photo DSLR et sans miroir Canon. Que vous capturiez des paysages \u00e9poustouflants, tourniez des vid\u00e9os professionnelles ou couvriez des \u00e9v\u00e9nements, cette batterie garantit une alimentation longue dur\u00e9e pour une cr\u00e9ativit\u00e9 ininterrompue. Gr\u00e2ce \u00e0 sa construction durable et \u00e0 sa capacit\u00e9 fiable, elle reste un accessoire essentiel pour les professionnels et les amateurs.<\/p>\n<h3 data-start=\"525\" data-end=\"574\"><strong data-start=\"529\" data-end=\"572\">Caract\u00e9ristiques principales de la batterie Canon LP-E6<\/strong><\/h3>\n<ul data-start=\"576\" data-end=\"1456\">\n<li data-start=\"576\" data-end=\"692\"><strong data-start=\"578\" data-end=\"595\">Grande capacit\u00e9<\/strong> - Prolonge la dur\u00e9e de prise de vue, r\u00e9duisant consid\u00e9rablement la n\u00e9cessit\u00e9 de remplacer fr\u00e9quemment les piles.<\/li>\n<li data-start=\"693\" data-end=\"811\"><strong data-start=\"695\" data-end=\"723\">Rechargeable et efficace<\/strong> - Garantit une efficacit\u00e9 \u00e9nerg\u00e9tique optimale et une longue dur\u00e9e de vie avec une puissance de sortie constante.<\/li>\n<li data-start=\"812\" data-end=\"942\"><strong data-start=\"814\" data-end=\"840\">Compatibilit\u00e9 sans faille<\/strong> - Fonctionne sans effort avec une large gamme d'appareils photo Canon, y compris les mod\u00e8les DSLR et sans miroir.<\/li>\n<li data-start=\"943\" data-end=\"1069\"><strong data-start=\"945\" data-end=\"969\">Des performances fiables<\/strong> - L'alimentation \u00e9lectrique reste stable, m\u00eame dans des conditions de tournage exigeantes ou dans des environnements extr\u00eames.<\/li>\n<li data-start=\"1070\" data-end=\"1183\"><strong data-start=\"1072\" data-end=\"1097\">Compact et l\u00e9ger<\/strong> - Con\u00e7u pour \u00eatre facilement transport\u00e9, il est parfait pour les voyages et les tournages sur place.<\/li>\n<li data-start=\"1184\" data-end=\"1318\"><strong data-start=\"1186\" data-end=\"1211\">Prise en charge de la charge rapide<\/strong> - Se charge rapidement avec les chargeurs Canon compatibles, minimisant ainsi les temps d'arr\u00eat et am\u00e9liorant l'efficacit\u00e9 du flux de travail.<\/li>\n<li data-start=\"1319\" data-end=\"1456\"><strong data-start=\"1321\" data-end=\"1344\">Protection int\u00e9gr\u00e9e<\/strong> - Il est dot\u00e9 de protections contre la surcharge, la surchauffe et les courts-circuits pour une s\u00e9curit\u00e9 et une long\u00e9vit\u00e9 maximales.<\/li>\n<\/ul>\n<h3 data-start=\"1458\" data-end=\"1482\"><strong data-start=\"1462\" data-end=\"1480\">Sp\u00e9cifications<\/strong><\/h3>\n<ul data-start=\"1484\" data-end=\"1867\">\n<li data-start=\"1484\" data-end=\"1517\"><strong data-start=\"1486\" data-end=\"1503\">Type de batterie :<\/strong> Lithium-ion<\/li>\n<li data-start=\"1518\" data-end=\"1566\"><strong data-start=\"1520\" data-end=\"1533\">Capacit\u00e9 :<\/strong> 1800-2000mAh (varie selon le mod\u00e8le)<\/li>\n<li data-start=\"1567\" data-end=\"1588\"><strong data-start=\"1569\" data-end=\"1581\">Tension :<\/strong> 7.2V<\/li>\n<li data-start=\"1589\" data-end=\"1678\"><strong data-start=\"1591\" data-end=\"1609\">Compatibilit\u00e9 :<\/strong> Appareils photo reflex num\u00e9riques et sans miroir Canon EOS compatibles avec les batteries LP-E6<\/li>\n<li data-start=\"1679\" data-end=\"1756\"><strong data-start=\"1681\" data-end=\"1699\">Temps de charge :<\/strong> Environ 2 \u00e0 3 heures avec les chargeurs Canon compatibles<\/li>\n<li data-start=\"1757\" data-end=\"1815\"><strong data-start=\"1759\" data-end=\"1774\">Dimensions :<\/strong> Compact pour faciliter le stockage et le transport<\/li>\n<li data-start=\"1816\" data-end=\"1867\"><strong data-start=\"1818\" data-end=\"1829\">Poids :<\/strong> L\u00e9ger pour un transport pratique<\/li>\n<\/ul>\n<h3 data-start=\"1869\" data-end=\"1920\"><strong data-start=\"1873\" data-end=\"1918\">Une solution d'alimentation fiable pour les utilisateurs de Canon<\/strong><\/h3>\n<p data-start=\"1922\" data-end=\"2496\">Con\u00e7ue dans un souci de fiabilit\u00e9 et de commodit\u00e9, la batterie Canon LP-E6 est une source d'alimentation essentielle pour les photographes et les vid\u00e9astes \u00e0 la recherche de performances fiables. Qu'il s'agisse de travailler en studio ou de capturer des moments en ext\u00e9rieur, sa longue dur\u00e9e de vie et ses capacit\u00e9s de charge rapide garantissent un travail cr\u00e9atif ininterrompu. En outre, ses fonctions de s\u00e9curit\u00e9 int\u00e9gr\u00e9es et sa compatibilit\u00e9 parfaite avec les appareils photo en font un choix de confiance parmi les utilisateurs Canon du monde entier. Avec cette batterie, vous pouvez vous concentrer sur la capture d'images incroyables sans vous soucier des coupures de courant.<\/p>\n<p>Louez-le maintenant sur <a href=\"https:\/\/www.cinesouk.ma\/fr\">CINESOUK<\/a> - une marque de <a href=\"https:\/\/www.broadway.ma\/\">BROADWAY PRODUCTIONS SARL.<\/a><\/p>","protected":false},"excerpt":{"rendered":"<p><strong>Sp\u00e9cifications :<\/strong><\/p>\n<ul>\n<li data-start=\"1484\" data-end=\"1517\"><strong data-start=\"1486\" data-end=\"1503\">Type de batterie :<\/strong> Lithium-ion<\/li>\n<li data-start=\"1518\" data-end=\"1566\"><strong data-start=\"1520\" data-end=\"1533\">Capacit\u00e9 :<\/strong> 1800-2000mAh (varie selon le mod\u00e8le)<\/li>\n<li data-start=\"1567\" data-end=\"1588\"><strong data-start=\"1569\" data-end=\"1581\">Tension :<\/strong> 7.2V<\/li>\n<li data-start=\"1589\" data-end=\"1678\"><strong data-start=\"1591\" data-end=\"1609\">Compatibilit\u00e9 :<\/strong> Appareils photo reflex num\u00e9riques et sans miroir Canon EOS compatibles avec les batteries LP-E6<\/li>\n<li data-start=\"1679\" data-end=\"1756\"><strong data-start=\"1681\" data-end=\"1699\">Temps de charge :<\/strong> Environ 2 \u00e0 3 heures avec les chargeurs Canon compatibles<\/li>\n<li data-start=\"1757\" data-end=\"1815\"><strong data-start=\"1759\" data-end=\"1774\">Dimensions :<\/strong> Compact pour faciliter le stockage et le transport<\/li>\n<li data-start=\"1816\" data-end=\"1867\"><strong data-start=\"1818\" data-end=\"1829\">Poids :<\/strong> L\u00e9ger pour un transport pratique<\/li>\n<\/ul>","protected":false},"featured_media":10670,"template":"","meta":{"om_disable_all_campaigns":false,"_monsterinsights_skip_tracking":false,"_monsterinsights_sitenote_active":false,"_monsterinsights_sitenote_note":"","_monsterinsights_sitenote_category":0,"_uf_show_specific_survey":0,"_uf_disable_surveys":false},"product_brand":[],"product_cat":[57],"product_tag":[],"class_list":{"0":"post-10659","1":"product","2":"type-product","3":"status-publish","4":"has-post-thumbnail","6":"product_cat-batteries-cinesouk","8":"entry","9":"has-media","11":"first","12":"instock","13":"taxable","14":"shipping-taxable","15":"purchasable","16":"product-type-variable","17":"has-product-nav","18":"col","19":"span_1_of_3","20":"owp-content-center","21":"owp-thumbs-layout-horizontal","22":"owp-btn-normal","23":"owp-tabs-layout-horizontal","24":"has-no-thumbnails"},"yoast_head":"<!-- This site is optimized with the Yoast SEO Premium plugin v26.0 (Yoast SEO v26.0) - https:\/\/yoast.com\/wordpress\/plugins\/seo\/ -->\n<title>Canon LP-E6 Battery - CineSouk - For rent<\/title>\n<meta name=\"description\" content=\"The Canon LP-E6 Battery delivers long-lasting power for Canon cameras. Rechargeable, lightweight, and reliable, it ensures uninterrupted shooting for photographers and videographers.\" \/>\n<meta name=\"robots\" content=\"index, follow, max-snippet:-1, max-image-preview:large, max-video-preview:-1\" \/>\n<link rel=\"canonical\" href=\"https:\/\/www.cinesouk.ma\/fr\/produit\/canon-lp-e6-battery\/\" \/>\n<meta property=\"og:locale\" content=\"fr_FR\" \/>\n<meta property=\"og:type\" content=\"article\" \/>\n<meta property=\"og:title\" content=\"Canon LP-E6 Battery\" \/>\n<meta property=\"og:description\" content=\"The Canon LP-E6 Battery delivers long-lasting power for Canon cameras. Rechargeable, lightweight, and reliable, it ensures uninterrupted shooting for photographers and videographers.\" \/>\n<meta property=\"og:url\" content=\"https:\/\/www.cinesouk.ma\/fr\/produit\/canon-lp-e6-battery\/\" \/>\n<meta property=\"og:site_name\" content=\"CineSouk\" \/>\n<meta property=\"article:modified_time\" content=\"2025-03-21T10:56:47+00:00\" \/>\n<meta property=\"og:image\" content=\"https:\/\/www.cinesouk.ma\/wp-content\/uploads\/2025\/02\/Lp-e6-canon-batteries.jpg\" \/>\n\t<meta property=\"og:image:width\" content=\"300\" \/>\n\t<meta property=\"og:image:height\" content=\"238\" \/>\n\t<meta property=\"og:image:type\" content=\"image\/jpeg\" \/>\n<meta name=\"twitter:card\" content=\"summary_large_image\" \/>\n<meta name=\"twitter:description\" content=\"The Canon LP-E6 Battery delivers long-lasting power for Canon cameras. Rechargeable, lightweight, and reliable, it ensures uninterrupted shooting for photographers and videographers.\" \/>\n<meta name=\"twitter:label1\" content=\"Dur\u00e9e de lecture estim\u00e9e\" \/>\n\t<meta name=\"twitter:data1\" content=\"2 minutes\" \/>\n<script type=\"application\/ld+json\" class=\"yoast-schema-graph\">{\"@context\":\"https:\/\/schema.org\",\"@graph\":[{\"@type\":\"WebPage\",\"@id\":\"https:\/\/www.cinesouk.ma\/product\/canon-lp-e6-battery\/\",\"url\":\"https:\/\/www.cinesouk.ma\/product\/canon-lp-e6-battery\/\",\"name\":\"Canon LP-E6 Battery - CineSouk - For rent\",\"isPartOf\":{\"@id\":\"https:\/\/www.cinesouk.ma\/#website\"},\"primaryImageOfPage\":{\"@id\":\"https:\/\/www.cinesouk.ma\/product\/canon-lp-e6-battery\/#primaryimage\"},\"image\":{\"@id\":\"https:\/\/www.cinesouk.ma\/product\/canon-lp-e6-battery\/#primaryimage\"},\"thumbnailUrl\":\"https:\/\/www.cinesouk.ma\/wp-content\/uploads\/2025\/02\/Lp-e6-canon-batteries.jpg\",\"datePublished\":\"2025-02-28T13:22:42+00:00\",\"dateModified\":\"2025-03-21T10:56:47+00:00\",\"description\":\"The Canon LP-E6 Battery delivers long-lasting power for Canon cameras. Rechargeable, lightweight, and reliable, it ensures uninterrupted shooting for photographers and videographers.\",\"breadcrumb\":{\"@id\":\"https:\/\/www.cinesouk.ma\/product\/canon-lp-e6-battery\/#breadcrumb\"},\"inLanguage\":\"fr-FR\",\"potentialAction\":[{\"@type\":\"ReadAction\",\"target\":[\"https:\/\/www.cinesouk.ma\/product\/canon-lp-e6-battery\/\"]}]},{\"@type\":\"ImageObject\",\"inLanguage\":\"fr-FR\",\"@id\":\"https:\/\/www.cinesouk.ma\/product\/canon-lp-e6-battery\/#primaryimage\",\"url\":\"https:\/\/www.cinesouk.ma\/wp-content\/uploads\/2025\/02\/Lp-e6-canon-batteries.jpg\",\"contentUrl\":\"https:\/\/www.cinesouk.ma\/wp-content\/uploads\/2025\/02\/Lp-e6-canon-batteries.jpg\",\"width\":300,\"height\":238,\"caption\":\"Lp-e6 canon batteries\"},{\"@type\":\"BreadcrumbList\",\"@id\":\"https:\/\/www.cinesouk.ma\/product\/canon-lp-e6-battery\/#breadcrumb\",\"itemListElement\":[{\"@type\":\"ListItem\",\"position\":1,\"name\":\"Home\",\"item\":\"https:\/\/www.cinesouk.ma\/\"},{\"@type\":\"ListItem\",\"position\":2,\"name\":\"Shop\",\"item\":\"https:\/\/www.cinesouk.ma\/shop\/\"},{\"@type\":\"ListItem\",\"position\":3,\"name\":\"Canon LP-E6 Battery\"}]},{\"@type\":\"WebSite\",\"@id\":\"https:\/\/www.cinesouk.ma\/#website\",\"url\":\"https:\/\/www.cinesouk.ma\/\",\"name\":\"CineSouk\",\"description\":\"\",\"publisher\":{\"@id\":\"https:\/\/www.cinesouk.ma\/#organization\"},\"potentialAction\":[{\"@type\":\"SearchAction\",\"target\":{\"@type\":\"EntryPoint\",\"urlTemplate\":\"https:\/\/www.cinesouk.ma\/?s={search_term_string}\"},\"query-input\":{\"@type\":\"PropertyValueSpecification\",\"valueRequired\":true,\"valueName\":\"search_term_string\"}}],\"inLanguage\":\"fr-FR\"},{\"@type\":\"Organization\",\"@id\":\"https:\/\/www.cinesouk.ma\/#organization\",\"name\":\"CineSouk\",\"url\":\"https:\/\/www.cinesouk.ma\/\",\"logo\":{\"@type\":\"ImageObject\",\"inLanguage\":\"fr-FR\",\"@id\":\"https:\/\/www.cinesouk.ma\/#\/schema\/logo\/image\/\",\"url\":\"https:\/\/www.cinesouk.ma\/wp-content\/uploads\/2024\/01\/CineSouk-logo-v01-alpha-alligned-left.png\",\"contentUrl\":\"https:\/\/www.cinesouk.ma\/wp-content\/uploads\/2024\/01\/CineSouk-logo-v01-alpha-alligned-left.png\",\"width\":3204,\"height\":889,\"caption\":\"CineSouk\"},\"image\":{\"@id\":\"https:\/\/www.cinesouk.ma\/#\/schema\/logo\/image\/\"}}]}<\/script>\n<!-- \/ Yoast SEO Premium plugin. -->","yoast_head_json":{"title":"Canon LP-E6 Battery - CineSouk - For rent","description":"The Canon LP-E6 Battery delivers long-lasting power for Canon cameras. Rechargeable, lightweight, and reliable, it ensures uninterrupted shooting for photographers and videographers.","robots":{"index":"index","follow":"follow","max-snippet":"max-snippet:-1","max-image-preview":"max-image-preview:large","max-video-preview":"max-video-preview:-1"},"canonical":"https:\/\/www.cinesouk.ma\/fr\/produit\/canon-lp-e6-battery\/","og_locale":"fr_FR","og_type":"article","og_title":"Canon LP-E6 Battery","og_description":"The Canon LP-E6 Battery delivers long-lasting power for Canon cameras. Rechargeable, lightweight, and reliable, it ensures uninterrupted shooting for photographers and videographers.","og_url":"https:\/\/www.cinesouk.ma\/fr\/produit\/canon-lp-e6-battery\/","og_site_name":"CineSouk","article_modified_time":"2025-03-21T10:56:47+00:00","og_image":[{"width":300,"height":238,"url":"https:\/\/www.cinesouk.ma\/wp-content\/uploads\/2025\/02\/Lp-e6-canon-batteries.jpg","type":"image\/jpeg"}],"twitter_card":"summary_large_image","twitter_description":"The Canon LP-E6 Battery delivers long-lasting power for Canon cameras. Rechargeable, lightweight, and reliable, it ensures uninterrupted shooting for photographers and videographers.","twitter_misc":{"Dur\u00e9e de lecture estim\u00e9e":"2 minutes"},"schema":{"@context":"https:\/\/schema.org","@graph":[{"@type":"WebPage","@id":"https:\/\/www.cinesouk.ma\/product\/canon-lp-e6-battery\/","url":"https:\/\/www.cinesouk.ma\/product\/canon-lp-e6-battery\/","name":"Canon LP-E6 Battery - CineSouk - For rent","isPartOf":{"@id":"https:\/\/www.cinesouk.ma\/#website"},"primaryImageOfPage":{"@id":"https:\/\/www.cinesouk.ma\/product\/canon-lp-e6-battery\/#primaryimage"},"image":{"@id":"https:\/\/www.cinesouk.ma\/product\/canon-lp-e6-battery\/#primaryimage"},"thumbnailUrl":"https:\/\/www.cinesouk.ma\/wp-content\/uploads\/2025\/02\/Lp-e6-canon-batteries.jpg","datePublished":"2025-02-28T13:22:42+00:00","dateModified":"2025-03-21T10:56:47+00:00","description":"The Canon LP-E6 Battery delivers long-lasting power for Canon cameras. Rechargeable, lightweight, and reliable, it ensures uninterrupted shooting for photographers and videographers.","breadcrumb":{"@id":"https:\/\/www.cinesouk.ma\/product\/canon-lp-e6-battery\/#breadcrumb"},"inLanguage":"fr-FR","potentialAction":[{"@type":"ReadAction","target":["https:\/\/www.cinesouk.ma\/product\/canon-lp-e6-battery\/"]}]},{"@type":"ImageObject","inLanguage":"fr-FR","@id":"https:\/\/www.cinesouk.ma\/product\/canon-lp-e6-battery\/#primaryimage","url":"https:\/\/www.cinesouk.ma\/wp-content\/uploads\/2025\/02\/Lp-e6-canon-batteries.jpg","contentUrl":"https:\/\/www.cinesouk.ma\/wp-content\/uploads\/2025\/02\/Lp-e6-canon-batteries.jpg","width":300,"height":238,"caption":"Lp-e6 canon batteries"},{"@type":"BreadcrumbList","@id":"https:\/\/www.cinesouk.ma\/product\/canon-lp-e6-battery\/#breadcrumb","itemListElement":[{"@type":"ListItem","position":1,"name":"Home","item":"https:\/\/www.cinesouk.ma\/"},{"@type":"ListItem","position":2,"name":"Shop","item":"https:\/\/www.cinesouk.ma\/shop\/"},{"@type":"ListItem","position":3,"name":"Canon LP-E6 Battery"}]},{"@type":"WebSite","@id":"https:\/\/www.cinesouk.ma\/#website","url":"https:\/\/www.cinesouk.ma\/","name":"CineSouk","description":"","publisher":{"@id":"https:\/\/www.cinesouk.ma\/#organization"},"potentialAction":[{"@type":"SearchAction","target":{"@type":"EntryPoint","urlTemplate":"https:\/\/www.cinesouk.ma\/?s={search_term_string}"},"query-input":{"@type":"PropertyValueSpecification","valueRequired":true,"valueName":"search_term_string"}}],"inLanguage":"fr-FR"},{"@type":"Organization","@id":"https:\/\/www.cinesouk.ma\/#organization","name":"CineSouk","url":"https:\/\/www.cinesouk.ma\/","logo":{"@type":"ImageObject","inLanguage":"fr-FR","@id":"https:\/\/www.cinesouk.ma\/#\/schema\/logo\/image\/","url":"https:\/\/www.cinesouk.ma\/wp-content\/uploads\/2024\/01\/CineSouk-logo-v01-alpha-alligned-left.png","contentUrl":"https:\/\/www.cinesouk.ma\/wp-content\/uploads\/2024\/01\/CineSouk-logo-v01-alpha-alligned-left.png","width":3204,"height":889,"caption":"CineSouk"},"image":{"@id":"https:\/\/www.cinesouk.ma\/#\/schema\/logo\/image\/"}}]}},"_links":{"self":[{"href":"https:\/\/www.cinesouk.ma\/fr\/wp-json\/wp\/v2\/product\/10659","targetHints":{"allow":["GET"]}}],"collection":[{"href":"https:\/\/www.cinesouk.ma\/fr\/wp-json\/wp\/v2\/product"}],"about":[{"href":"https:\/\/www.cinesouk.ma\/fr\/wp-json\/wp\/v2\/types\/product"}],"wp:featuredmedia":[{"embeddable":true,"href":"https:\/\/www.cinesouk.ma\/fr\/wp-json\/wp\/v2\/media\/10670"}],"wp:attachment":[{"href":"https:\/\/www.cinesouk.ma\/fr\/wp-json\/wp\/v2\/media?parent=10659"}],"wp:term":[{"taxonomy":"product_brand","embeddable":true,"href":"https:\/\/www.cinesouk.ma\/fr\/wp-json\/wp\/v2\/product_brand?post=10659"},{"taxonomy":"product_cat","embeddable":true,"href":"https:\/\/www.cinesouk.ma\/fr\/wp-json\/wp\/v2\/product_cat?post=10659"},{"taxonomy":"product_tag","embeddable":true,"href":"https:\/\/www.cinesouk.ma\/fr\/wp-json\/wp\/v2\/product_tag?post=10659"}],"curies":[{"name":"wp","href":"https:\/\/api.w.org\/{rel}","templated":true}]}}