{"id":10683,"date":"2024-01-07T13:45:11","date_gmt":"2024-01-07T13:45:11","guid":{"rendered":"https:\/\/www.cinesouk.ma\/?post_type=product&#038;p=10683"},"modified":"2025-08-26T12:42:56","modified_gmt":"2025-08-26T12:42:56","slug":"avenger-d400-jumbo-grip-head-4-5","status":"publish","type":"product","link":"https:\/\/www.cinesouk.ma\/fr\/produit\/avenger-d400-jumbo-grip-head-4-5\/","title":{"rendered":"T\u00eate Avenger D400 Jumbo Grip 4.5\""},"content":{"rendered":"<p data-start=\"84\" data-end=\"532\">La t\u00eate de pr\u00e9hension Avenger D400 Jumbo 4.5\u2033 est un outil essentiel pour les photographes et cin\u00e9astes professionnels qui ont besoin d'une solution de montage s\u00fbre et fiable. Con\u00e7ue pour les applications lourdes, cette t\u00eate de pr\u00e9hension offre un support solide et stable pour l'\u00e9quipement d'\u00e9clairage, les modificateurs, les scrims et les drapeaux. Que ce soit en studio ou en ext\u00e9rieur, la D400 assure un positionnement pr\u00e9cis et une prise ferme, ce qui en fait un outil indispensable pour toute installation de production.<\/p>\n<h3 data-start=\"534\" data-end=\"592\"><strong data-start=\"538\" data-end=\"590\">Caract\u00e9ristiques principales de la poign\u00e9e Avenger D400 Jumbo :<\/strong><\/h3>\n<ul data-start=\"594\" data-end=\"1517\">\n<li data-start=\"594\" data-end=\"738\"><strong data-start=\"596\" data-end=\"623\">Construction robuste<\/strong> - Construit \u00e0 partir de composants durables en aluminium et en acier, il garantit des performances durables dans des environnements exigeants.<\/li>\n<li data-start=\"739\" data-end=\"894\"><strong data-start=\"741\" data-end=\"763\">T\u00eate de pr\u00e9hension de 4,5 pouces<\/strong> - Offre une prise s\u00fbre pour les grands scrims, les r\u00e9flecteurs et les modificateurs de lumi\u00e8re, en maintenant la stabilit\u00e9 m\u00eame dans des conditions difficiles.<\/li>\n<li data-start=\"895\" data-end=\"1020\"><strong data-start=\"897\" data-end=\"918\">Poign\u00e9e double<\/strong> - Il offre un meilleur contr\u00f4le, permettant des ajustements et un positionnement pr\u00e9cis de l'\u00e9quipement mont\u00e9.<\/li>\n<li data-start=\"1021\" data-end=\"1162\"><strong data-start=\"1023\" data-end=\"1050\">Compatibilit\u00e9 polyvalente<\/strong> - Fonctionne avec les goupilles Junior standard 1-1\/8\u2033 et les r\u00e9cepteurs Baby 5\/8\u2033, ce qui permet de l'adapter \u00e0 diverses configurations de prise.<\/li>\n<li data-start=\"1163\" data-end=\"1260\"><strong data-start=\"1165\" data-end=\"1192\">Poign\u00e9e en T pour le serrage<\/strong> - Assure une prise ferme et s\u00fbre, \u00e9vitant tout glissement pendant l'utilisation.<\/li>\n<li data-start=\"1261\" data-end=\"1385\"><strong data-start=\"1263\" data-end=\"1302\">M\u00e9canisme de rotation et de verrouillage en douceur<\/strong> - Permet un positionnement flexible tout en maintenant l'\u00e9quipement bien en place.<\/li>\n<li data-start=\"1386\" data-end=\"1517\"><strong data-start=\"1388\" data-end=\"1426\">Id\u00e9al pour les prises de vue en studio et en ext\u00e9rieur<\/strong> - Parfait pour supporter les grands drapeaux, les grilles, les panneaux de rebond et autres accessoires de pr\u00e9hension.<\/li>\n<\/ul>\n<h3 data-start=\"1519\" data-end=\"1543\"><strong data-start=\"1523\" data-end=\"1541\">Sp\u00e9cifications<\/strong><\/h3>\n<ul data-start=\"1545\" data-end=\"1812\">\n<li data-start=\"1545\" data-end=\"1579\"><strong data-start=\"1547\" data-end=\"1560\">Mat\u00e9riau :<\/strong> Aluminium et acier<\/li>\n<li data-start=\"1580\" data-end=\"1618\"><strong data-start=\"1582\" data-end=\"1605\">Diam\u00e8tre de la t\u00eate de la poign\u00e9e :<\/strong> 4,5 pouces<\/li>\n<li data-start=\"1619\" data-end=\"1677\"><strong data-start=\"1621\" data-end=\"1636\">Type de montage :<\/strong> 1-1\/8\u2033 r\u00e9cepteur Junior &amp; 5\/8\u2033 goupille Baby<\/li>\n<li data-start=\"1678\" data-end=\"1708\"><strong data-start=\"1680\" data-end=\"1691\">Poids :<\/strong> 3,2 kg (7 lbs)<\/li>\n<li data-start=\"1709\" data-end=\"1730\"><strong data-start=\"1711\" data-end=\"1721\">Couleur :<\/strong> Argent<\/li>\n<li data-start=\"1731\" data-end=\"1812\"><strong data-start=\"1733\" data-end=\"1751\">Capacit\u00e9 de charge :<\/strong> Robuste, con\u00e7u pour les grands \u00e9quipements d'\u00e9clairage et de pr\u00e9hension<\/li>\n<\/ul>\n<h3 data-start=\"1814\" data-end=\"1866\"><strong data-start=\"1818\" data-end=\"1864\">Une prise fiable pour les productions professionnelles<\/strong><\/h3>\n<p data-start=\"1868\" data-end=\"2317\">La t\u00eate de pr\u00e9hension Avenger D400 Jumbo 4.5\u2033 est l'outil ultime pour les professionnels qui ont besoin de pr\u00e9cision et de stabilit\u00e9 lors du montage d'\u00e9quipements de pr\u00e9hension lourds. Sa construction robuste, son syst\u00e8me de verrouillage s\u00e9curis\u00e9 et sa compatibilit\u00e9 polyvalente en font un compl\u00e9ment essentiel \u00e0 toute installation d'\u00e9clairage ou de prise de vue. Que vous travailliez dans un studio contr\u00f4l\u00e9 ou que vous tourniez en ext\u00e9rieur, cette t\u00eate de pr\u00e9hension garantit que votre \u00e9clairage et vos modificateurs restent exactement l\u00e0 o\u00f9 vous en avez besoin.<\/p>\n<p>Louez-le maintenant \u00e0 CINESOUK - une marque de BROADWAY PRODUCTIONS SARL.<\/p>","protected":false},"excerpt":{"rendered":"<p><strong>Sp\u00e9cifications :<\/strong><\/p>\n<ul data-start=\"1545\" data-end=\"1812\">\n<li data-start=\"1545\" data-end=\"1579\"><strong data-start=\"1547\" data-end=\"1560\">Mat\u00e9riau :<\/strong> Aluminium et acier<\/li>\n<li data-start=\"1580\" data-end=\"1618\"><strong data-start=\"1582\" data-end=\"1605\">Diam\u00e8tre de la t\u00eate de la poign\u00e9e :<\/strong> 4,5 pouces<\/li>\n<li data-start=\"1619\" data-end=\"1677\"><strong data-start=\"1621\" data-end=\"1636\">Type de montage :<\/strong> 1-1\/8\u2033 r\u00e9cepteur Junior &amp; 5\/8\u2033 goupille Baby<\/li>\n<li data-start=\"1678\" data-end=\"1708\"><strong data-start=\"1680\" data-end=\"1691\">Poids :<\/strong> 3,2 kg (7 lbs)<\/li>\n<li data-start=\"1709\" data-end=\"1730\"><strong data-start=\"1711\" data-end=\"1721\">Couleur :<\/strong> Argent<\/li>\n<li data-start=\"1731\" data-end=\"1812\"><strong data-start=\"1733\" data-end=\"1751\">Capacit\u00e9 de charge :<\/strong> Robuste, con\u00e7u pour les grands \u00e9quipements d'\u00e9clairage et de pr\u00e9hension<\/li>\n<\/ul>","protected":false},"featured_media":10694,"template":"","meta":{"om_disable_all_campaigns":false,"_monsterinsights_skip_tracking":false,"_monsterinsights_sitenote_active":false,"_monsterinsights_sitenote_note":"","_monsterinsights_sitenote_category":0,"_uf_show_specific_survey":0,"_uf_disable_surveys":false},"product_brand":[],"product_cat":[38],"product_tag":[],"class_list":{"0":"post-10683","1":"product","2":"type-product","3":"status-publish","4":"has-post-thumbnail","6":"product_cat-grip-cinesouk","8":"entry","9":"has-media","11":"first","12":"instock","13":"taxable","14":"shipping-taxable","15":"purchasable","16":"product-type-variable","17":"has-product-nav","18":"col","19":"span_1_of_3","20":"owp-content-center","21":"owp-thumbs-layout-horizontal","22":"owp-btn-normal","23":"owp-tabs-layout-horizontal","24":"has-no-thumbnails"},"yoast_head":"<!-- This site is optimized with the Yoast SEO Premium plugin v26.0 (Yoast SEO v26.0) - https:\/\/yoast.com\/wordpress\/plugins\/seo\/ -->\n<title>Avenger D400 Jumbo Grip Head 4.5&#039;&#039; - CineSouk - For rent<\/title>\n<meta name=\"description\" content=\"The Avenger D400 Jumbo Grip Head 4.5&quot; provides secure, stable support for large scrims, flags, and modifiers. - Avenger D400 Jumbo Grip Head 4.5&#039;&#039;\" \/>\n<meta name=\"robots\" content=\"index, follow, max-snippet:-1, max-image-preview:large, max-video-preview:-1\" \/>\n<link rel=\"canonical\" href=\"https:\/\/www.cinesouk.ma\/fr\/produit\/avenger-d400-jumbo-grip-head-4-5\/\" \/>\n<meta property=\"og:locale\" content=\"fr_FR\" \/>\n<meta property=\"og:type\" content=\"article\" \/>\n<meta property=\"og:title\" content=\"Avenger D400 Jumbo Grip Head 4.5&#039;&#039;\" \/>\n<meta property=\"og:description\" content=\"The Avenger D400 Jumbo Grip Head 4.5&quot; provides secure, stable support for large scrims, flags, and modifiers. - Avenger D400 Jumbo Grip Head 4.5&#039;&#039;\" \/>\n<meta property=\"og:url\" content=\"https:\/\/www.cinesouk.ma\/fr\/produit\/avenger-d400-jumbo-grip-head-4-5\/\" \/>\n<meta property=\"og:site_name\" content=\"CineSouk\" \/>\n<meta property=\"article:modified_time\" content=\"2025-08-26T12:42:56+00:00\" \/>\n<meta property=\"og:image\" content=\"https:\/\/www.cinesouk.ma\/wp-content\/uploads\/2025\/02\/Avenger-D400-Jumbo-Grip-Head-4.5.jpg\" \/>\n\t<meta property=\"og:image:width\" content=\"300\" \/>\n\t<meta property=\"og:image:height\" content=\"238\" \/>\n\t<meta property=\"og:image:type\" content=\"image\/jpeg\" \/>\n<meta name=\"twitter:card\" content=\"summary_large_image\" \/>\n<meta name=\"twitter:description\" content=\"The Avenger D400 Jumbo Grip Head 4.5&quot; provides secure, stable support for large scrims, flags, and modifiers. - Avenger D400 Jumbo Grip Head 4.5&#039;&#039;\" \/>\n<meta name=\"twitter:label1\" content=\"Dur\u00e9e de lecture estim\u00e9e\" \/>\n\t<meta name=\"twitter:data1\" content=\"2 minutes\" \/>\n<script type=\"application\/ld+json\" class=\"yoast-schema-graph\">{\"@context\":\"https:\/\/schema.org\",\"@graph\":[{\"@type\":\"WebPage\",\"@id\":\"https:\/\/www.cinesouk.ma\/product\/avenger-d400-jumbo-grip-head-4-5\/\",\"url\":\"https:\/\/www.cinesouk.ma\/product\/avenger-d400-jumbo-grip-head-4-5\/\",\"name\":\"Avenger D400 Jumbo Grip Head 4.5'' - CineSouk - For rent\",\"isPartOf\":{\"@id\":\"https:\/\/www.cinesouk.ma\/#website\"},\"primaryImageOfPage\":{\"@id\":\"https:\/\/www.cinesouk.ma\/product\/avenger-d400-jumbo-grip-head-4-5\/#primaryimage\"},\"image\":{\"@id\":\"https:\/\/www.cinesouk.ma\/product\/avenger-d400-jumbo-grip-head-4-5\/#primaryimage\"},\"thumbnailUrl\":\"https:\/\/www.cinesouk.ma\/wp-content\/uploads\/2025\/02\/Avenger-D400-Jumbo-Grip-Head-4.5.jpg\",\"datePublished\":\"2024-01-07T13:45:11+00:00\",\"dateModified\":\"2025-08-26T12:42:56+00:00\",\"description\":\"The Avenger D400 Jumbo Grip Head 4.5\\\" provides secure, stable support for large scrims, flags, and modifiers. - Avenger D400 Jumbo Grip Head 4.5''\",\"breadcrumb\":{\"@id\":\"https:\/\/www.cinesouk.ma\/product\/avenger-d400-jumbo-grip-head-4-5\/#breadcrumb\"},\"inLanguage\":\"fr-FR\",\"potentialAction\":[{\"@type\":\"ReadAction\",\"target\":[\"https:\/\/www.cinesouk.ma\/product\/avenger-d400-jumbo-grip-head-4-5\/\"]}]},{\"@type\":\"ImageObject\",\"inLanguage\":\"fr-FR\",\"@id\":\"https:\/\/www.cinesouk.ma\/product\/avenger-d400-jumbo-grip-head-4-5\/#primaryimage\",\"url\":\"https:\/\/www.cinesouk.ma\/wp-content\/uploads\/2025\/02\/Avenger-D400-Jumbo-Grip-Head-4.5.jpg\",\"contentUrl\":\"https:\/\/www.cinesouk.ma\/wp-content\/uploads\/2025\/02\/Avenger-D400-Jumbo-Grip-Head-4.5.jpg\",\"width\":300,\"height\":238,\"caption\":\"Avenger D400 Jumbo Grip Head 4.5''\"},{\"@type\":\"BreadcrumbList\",\"@id\":\"https:\/\/www.cinesouk.ma\/product\/avenger-d400-jumbo-grip-head-4-5\/#breadcrumb\",\"itemListElement\":[{\"@type\":\"ListItem\",\"position\":1,\"name\":\"Home\",\"item\":\"https:\/\/www.cinesouk.ma\/\"},{\"@type\":\"ListItem\",\"position\":2,\"name\":\"Shop\",\"item\":\"https:\/\/www.cinesouk.ma\/shop\/\"},{\"@type\":\"ListItem\",\"position\":3,\"name\":\"Avenger D400 Jumbo Grip Head 4.5&#8221;\"}]},{\"@type\":\"WebSite\",\"@id\":\"https:\/\/www.cinesouk.ma\/#website\",\"url\":\"https:\/\/www.cinesouk.ma\/\",\"name\":\"CineSouk\",\"description\":\"\",\"publisher\":{\"@id\":\"https:\/\/www.cinesouk.ma\/#organization\"},\"potentialAction\":[{\"@type\":\"SearchAction\",\"target\":{\"@type\":\"EntryPoint\",\"urlTemplate\":\"https:\/\/www.cinesouk.ma\/?s={search_term_string}\"},\"query-input\":{\"@type\":\"PropertyValueSpecification\",\"valueRequired\":true,\"valueName\":\"search_term_string\"}}],\"inLanguage\":\"fr-FR\"},{\"@type\":\"Organization\",\"@id\":\"https:\/\/www.cinesouk.ma\/#organization\",\"name\":\"CineSouk\",\"url\":\"https:\/\/www.cinesouk.ma\/\",\"logo\":{\"@type\":\"ImageObject\",\"inLanguage\":\"fr-FR\",\"@id\":\"https:\/\/www.cinesouk.ma\/#\/schema\/logo\/image\/\",\"url\":\"https:\/\/www.cinesouk.ma\/wp-content\/uploads\/2024\/01\/CineSouk-logo-v01-alpha-alligned-left.png\",\"contentUrl\":\"https:\/\/www.cinesouk.ma\/wp-content\/uploads\/2024\/01\/CineSouk-logo-v01-alpha-alligned-left.png\",\"width\":3204,\"height\":889,\"caption\":\"CineSouk\"},\"image\":{\"@id\":\"https:\/\/www.cinesouk.ma\/#\/schema\/logo\/image\/\"}}]}<\/script>\n<!-- \/ Yoast SEO Premium plugin. -->","yoast_head_json":{"title":"Avenger D400 Jumbo Grip Head 4.5'' - CineSouk - For rent","description":"The Avenger D400 Jumbo Grip Head 4.5\" provides secure, stable support for large scrims, flags, and modifiers. - Avenger D400 Jumbo Grip Head 4.5''","robots":{"index":"index","follow":"follow","max-snippet":"max-snippet:-1","max-image-preview":"max-image-preview:large","max-video-preview":"max-video-preview:-1"},"canonical":"https:\/\/www.cinesouk.ma\/fr\/produit\/avenger-d400-jumbo-grip-head-4-5\/","og_locale":"fr_FR","og_type":"article","og_title":"Avenger D400 Jumbo Grip Head 4.5''","og_description":"The Avenger D400 Jumbo Grip Head 4.5\" provides secure, stable support for large scrims, flags, and modifiers. - Avenger D400 Jumbo Grip Head 4.5''","og_url":"https:\/\/www.cinesouk.ma\/fr\/produit\/avenger-d400-jumbo-grip-head-4-5\/","og_site_name":"CineSouk","article_modified_time":"2025-08-26T12:42:56+00:00","og_image":[{"width":300,"height":238,"url":"https:\/\/www.cinesouk.ma\/wp-content\/uploads\/2025\/02\/Avenger-D400-Jumbo-Grip-Head-4.5.jpg","type":"image\/jpeg"}],"twitter_card":"summary_large_image","twitter_description":"The Avenger D400 Jumbo Grip Head 4.5\" provides secure, stable support for large scrims, flags, and modifiers. - Avenger D400 Jumbo Grip Head 4.5''","twitter_misc":{"Dur\u00e9e de lecture estim\u00e9e":"2 minutes"},"schema":{"@context":"https:\/\/schema.org","@graph":[{"@type":"WebPage","@id":"https:\/\/www.cinesouk.ma\/product\/avenger-d400-jumbo-grip-head-4-5\/","url":"https:\/\/www.cinesouk.ma\/product\/avenger-d400-jumbo-grip-head-4-5\/","name":"Avenger D400 Jumbo Grip Head 4.5'' - CineSouk - For rent","isPartOf":{"@id":"https:\/\/www.cinesouk.ma\/#website"},"primaryImageOfPage":{"@id":"https:\/\/www.cinesouk.ma\/product\/avenger-d400-jumbo-grip-head-4-5\/#primaryimage"},"image":{"@id":"https:\/\/www.cinesouk.ma\/product\/avenger-d400-jumbo-grip-head-4-5\/#primaryimage"},"thumbnailUrl":"https:\/\/www.cinesouk.ma\/wp-content\/uploads\/2025\/02\/Avenger-D400-Jumbo-Grip-Head-4.5.jpg","datePublished":"2024-01-07T13:45:11+00:00","dateModified":"2025-08-26T12:42:56+00:00","description":"The Avenger D400 Jumbo Grip Head 4.5\" provides secure, stable support for large scrims, flags, and modifiers. - Avenger D400 Jumbo Grip Head 4.5''","breadcrumb":{"@id":"https:\/\/www.cinesouk.ma\/product\/avenger-d400-jumbo-grip-head-4-5\/#breadcrumb"},"inLanguage":"fr-FR","potentialAction":[{"@type":"ReadAction","target":["https:\/\/www.cinesouk.ma\/product\/avenger-d400-jumbo-grip-head-4-5\/"]}]},{"@type":"ImageObject","inLanguage":"fr-FR","@id":"https:\/\/www.cinesouk.ma\/product\/avenger-d400-jumbo-grip-head-4-5\/#primaryimage","url":"https:\/\/www.cinesouk.ma\/wp-content\/uploads\/2025\/02\/Avenger-D400-Jumbo-Grip-Head-4.5.jpg","contentUrl":"https:\/\/www.cinesouk.ma\/wp-content\/uploads\/2025\/02\/Avenger-D400-Jumbo-Grip-Head-4.5.jpg","width":300,"height":238,"caption":"Avenger D400 Jumbo Grip Head 4.5''"},{"@type":"BreadcrumbList","@id":"https:\/\/www.cinesouk.ma\/product\/avenger-d400-jumbo-grip-head-4-5\/#breadcrumb","itemListElement":[{"@type":"ListItem","position":1,"name":"Home","item":"https:\/\/www.cinesouk.ma\/"},{"@type":"ListItem","position":2,"name":"Shop","item":"https:\/\/www.cinesouk.ma\/shop\/"},{"@type":"ListItem","position":3,"name":"Avenger D400 Jumbo Grip Head 4.5&#8221;"}]},{"@type":"WebSite","@id":"https:\/\/www.cinesouk.ma\/#website","url":"https:\/\/www.cinesouk.ma\/","name":"CineSouk","description":"","publisher":{"@id":"https:\/\/www.cinesouk.ma\/#organization"},"potentialAction":[{"@type":"SearchAction","target":{"@type":"EntryPoint","urlTemplate":"https:\/\/www.cinesouk.ma\/?s={search_term_string}"},"query-input":{"@type":"PropertyValueSpecification","valueRequired":true,"valueName":"search_term_string"}}],"inLanguage":"fr-FR"},{"@type":"Organization","@id":"https:\/\/www.cinesouk.ma\/#organization","name":"CineSouk","url":"https:\/\/www.cinesouk.ma\/","logo":{"@type":"ImageObject","inLanguage":"fr-FR","@id":"https:\/\/www.cinesouk.ma\/#\/schema\/logo\/image\/","url":"https:\/\/www.cinesouk.ma\/wp-content\/uploads\/2024\/01\/CineSouk-logo-v01-alpha-alligned-left.png","contentUrl":"https:\/\/www.cinesouk.ma\/wp-content\/uploads\/2024\/01\/CineSouk-logo-v01-alpha-alligned-left.png","width":3204,"height":889,"caption":"CineSouk"},"image":{"@id":"https:\/\/www.cinesouk.ma\/#\/schema\/logo\/image\/"}}]}},"_links":{"self":[{"href":"https:\/\/www.cinesouk.ma\/fr\/wp-json\/wp\/v2\/product\/10683","targetHints":{"allow":["GET"]}}],"collection":[{"href":"https:\/\/www.cinesouk.ma\/fr\/wp-json\/wp\/v2\/product"}],"about":[{"href":"https:\/\/www.cinesouk.ma\/fr\/wp-json\/wp\/v2\/types\/product"}],"wp:featuredmedia":[{"embeddable":true,"href":"https:\/\/www.cinesouk.ma\/fr\/wp-json\/wp\/v2\/media\/10694"}],"wp:attachment":[{"href":"https:\/\/www.cinesouk.ma\/fr\/wp-json\/wp\/v2\/media?parent=10683"}],"wp:term":[{"taxonomy":"product_brand","embeddable":true,"href":"https:\/\/www.cinesouk.ma\/fr\/wp-json\/wp\/v2\/product_brand?post=10683"},{"taxonomy":"product_cat","embeddable":true,"href":"https:\/\/www.cinesouk.ma\/fr\/wp-json\/wp\/v2\/product_cat?post=10683"},{"taxonomy":"product_tag","embeddable":true,"href":"https:\/\/www.cinesouk.ma\/fr\/wp-json\/wp\/v2\/product_tag?post=10683"}],"curies":[{"name":"wp","href":"https:\/\/api.w.org\/{rel}","templated":true}]}}