{"id":10748,"date":"2024-01-07T10:39:21","date_gmt":"2024-01-07T10:39:21","guid":{"rendered":"https:\/\/www.cinesouk.ma\/?post_type=product&#038;p=10748"},"modified":"2025-08-26T12:47:00","modified_gmt":"2025-08-26T12:47:00","slug":"avenger-c4465-1-eye-coupler-mp","status":"publish","type":"product","link":"https:\/\/www.cinesouk.ma\/fr\/produit\/avenger-c4465-1-eye-coupler-mp\/","title":{"rendered":"Avenger C4465-1 Coupleur \u00e0 \u0153il MP"},"content":{"rendered":"<p data-start=\"42\" data-end=\"464\">La pince Avenger C4465-1 Eye Coupler MP est une pince polyvalente de haute qualit\u00e9, sp\u00e9cialement con\u00e7ue pour le montage s\u00e9curis\u00e9 d'\u00e9quipements d'\u00e9clairage et de gr\u00e9ement. Gr\u00e2ce \u00e0 sa construction durable en aluminium, elle offre un support solide et stable pour les productions professionnelles de films, de photographies et de sc\u00e8nes. De plus, sa conception fiable garantit un ajustement s\u00fbr, ce qui en fait un excellent choix pour les studios, les th\u00e9\u00e2tres et les installations \u00e9v\u00e9nementielles.<\/p>\n<h3 data-start=\"466\" data-end=\"488\"><strong data-start=\"470\" data-end=\"486\">Caract\u00e9ristiques principales du coupleur \u00e0 \u0153il Avenger C4465-1 MP :<\/strong><\/h3>\n<ul data-start=\"490\" data-end=\"1307\">\n<li data-start=\"490\" data-end=\"599\"><strong data-start=\"492\" data-end=\"511\">Montage s\u00e9curis\u00e9<\/strong> - Offre une prise solide, garantissant une fixation s\u00fbre de l'\u00e9quipement d'\u00e9clairage et de gr\u00e9ement.<\/li>\n<li data-start=\"600\" data-end=\"733\"><strong data-start=\"602\" data-end=\"626\">Conception polyvalente<\/strong> - Compatible avec divers syst\u00e8mes de treillis, il est parfait pour les productions cin\u00e9matographiques, photographiques et sc\u00e9niques.<\/li>\n<li data-start=\"734\" data-end=\"856\"><strong data-start=\"736\" data-end=\"760\">Construction durable<\/strong> - Fabriqu\u00e9 en aluminium de haute qualit\u00e9, il garantit une r\u00e9sistance durable et une stabilit\u00e9 accrue.<\/li>\n<li data-start=\"857\" data-end=\"974\"><strong data-start=\"859\" data-end=\"881\">Capacit\u00e9 de charge \u00e9lev\u00e9e<\/strong> - Prend en charge les appareils d'\u00e9clairage lourds, garantissant des performances fiables pour les installations professionnelles.<\/li>\n<li data-start=\"975\" data-end=\"1083\"><strong data-start=\"977\" data-end=\"999\">Installation rapide et facile<\/strong> - Permet une fixation et un retrait rapides, am\u00e9liorant ainsi l'efficacit\u00e9 de la production.<\/li>\n<li data-start=\"1084\" data-end=\"1209\"><strong data-start=\"1086\" data-end=\"1111\">Compact et l\u00e9ger<\/strong> - Con\u00e7us pour une manipulation et un transport faciles, ils sont pratiques sans compromettre la solidit\u00e9.<\/li>\n<li data-start=\"1210\" data-end=\"1307\"><strong data-start=\"1212\" data-end=\"1236\">Des performances fiables<\/strong> - Garantit un ajustement s\u00fbr, emp\u00eachant tout mouvement ou rel\u00e2chement pendant l'utilisation.<\/li>\n<\/ul>\n<h3 data-start=\"1309\" data-end=\"1333\"><strong data-start=\"1313\" data-end=\"1331\">Sp\u00e9cifications<\/strong><\/h3>\n<ul data-start=\"1335\" data-end=\"1596\">\n<li data-start=\"1335\" data-end=\"1375\"><strong data-start=\"1337\" data-end=\"1350\">Mat\u00e9riau :<\/strong> Aluminium haute r\u00e9sistance<\/li>\n<li data-start=\"1376\" data-end=\"1428\"><strong data-start=\"1378\" data-end=\"1396\">Type de montage :<\/strong> Accouplement \u00e0 \u0153il pour syst\u00e8mes de fermes<\/li>\n<li data-start=\"1429\" data-end=\"1497\"><strong data-start=\"1431\" data-end=\"1451\">Capacit\u00e9 de poids :<\/strong> Con\u00e7ue pour maintenir des charges importantes en toute s\u00e9curit\u00e9<\/li>\n<li data-start=\"1498\" data-end=\"1574\"><strong data-start=\"1500\" data-end=\"1510\">Utilisation :<\/strong> Convient pour le cin\u00e9ma, la photographie, le th\u00e9\u00e2tre et la production d'\u00e9v\u00e9nements<\/li>\n<li data-start=\"1575\" data-end=\"1596\"><strong data-start=\"1577\" data-end=\"1587\">Couleur :<\/strong> Argent<\/li>\n<\/ul>\n<p data-start=\"1620\" data-end=\"2045\">En fin de compte, l'Avenger C4465-1 Eye Coupler MP est un outil essentiel pour les professionnels qui ont besoin d'une solution de montage s\u00fbre et de haute qualit\u00e9. Gr\u00e2ce \u00e0 sa construction durable, \u00e0 son m\u00e9canisme de fixation facile et \u00e0 sa forte prise en main, il offre la fiabilit\u00e9 et la flexibilit\u00e9 n\u00e9cessaires pour les productions en studio, sur sc\u00e8ne et lors d'\u00e9v\u00e9nements. Qu'il s'agisse d'un petit tournage ou d'un \u00e9v\u00e9nement de grande envergure, ce coupleur garantit que l'\u00e9quipement reste fermement en place.<\/p>\n<p>Louez-le maintenant sur <a href=\"https:\/\/www.cinesouk.ma\/fr\">CINESOUK<\/a> - une marque de <a href=\"https:\/\/www.broadway.ma\/\">BROADWAY PRODUCTIONS SARL.<\/a><\/p>","protected":false},"excerpt":{"rendered":"<p><strong>Sp\u00e9cifications :<\/strong><\/p>\n<ul data-start=\"1335\" data-end=\"1596\">\n<li data-start=\"1335\" data-end=\"1375\"><strong data-start=\"1337\" data-end=\"1350\">Mat\u00e9riau :<\/strong> Aluminium haute r\u00e9sistance<\/li>\n<li data-start=\"1376\" data-end=\"1428\"><strong data-start=\"1378\" data-end=\"1396\">Type de montage :<\/strong> Accouplement \u00e0 \u0153il pour syst\u00e8mes de fermes<\/li>\n<li data-start=\"1429\" data-end=\"1497\"><strong data-start=\"1431\" data-end=\"1451\">Capacit\u00e9 de poids :<\/strong> Con\u00e7ue pour maintenir des charges importantes en toute s\u00e9curit\u00e9<\/li>\n<li data-start=\"1498\" data-end=\"1574\"><strong data-start=\"1500\" data-end=\"1510\">Utilisation :<\/strong> Convient pour le cin\u00e9ma, la photographie, le th\u00e9\u00e2tre et la production d'\u00e9v\u00e9nements<\/li>\n<li data-start=\"1575\" data-end=\"1596\"><strong data-start=\"1577\" data-end=\"1587\">Couleur :<\/strong> Argent<\/li>\n<\/ul>","protected":false},"featured_media":10759,"template":"","meta":{"om_disable_all_campaigns":false,"_monsterinsights_skip_tracking":false,"_monsterinsights_sitenote_active":false,"_monsterinsights_sitenote_note":"","_monsterinsights_sitenote_category":0,"_uf_show_specific_survey":0,"_uf_disable_surveys":false},"product_brand":[],"product_cat":[38],"product_tag":[],"class_list":{"0":"post-10748","1":"product","2":"type-product","3":"status-publish","4":"has-post-thumbnail","6":"product_cat-grip-cinesouk","8":"entry","9":"has-media","11":"first","12":"instock","13":"taxable","14":"shipping-taxable","15":"purchasable","16":"product-type-variable","17":"has-product-nav","18":"col","19":"span_1_of_3","20":"owp-content-center","21":"owp-thumbs-layout-horizontal","22":"owp-btn-normal","23":"owp-tabs-layout-horizontal","24":"has-no-thumbnails"},"yoast_head":"<!-- This site is optimized with the Yoast SEO Premium plugin v26.0 (Yoast SEO v26.0) - https:\/\/yoast.com\/wordpress\/plugins\/seo\/ -->\n<title>Avenger C4465-1 Eye Coupler MP - Marrakech | Morocco - CineSouk - For rent<\/title>\n<meta name=\"description\" content=\"The Avenger C4465-1 Eye Coupler MP is a durable aluminum clamp for securely mounting lighting and rigging equipment on truss systems. Ideal for film, photography, and stage productions.\" \/>\n<meta name=\"robots\" content=\"index, follow, max-snippet:-1, max-image-preview:large, max-video-preview:-1\" \/>\n<link rel=\"canonical\" href=\"https:\/\/www.cinesouk.ma\/fr\/produit\/avenger-c4465-1-eye-coupler-mp\/\" \/>\n<meta property=\"og:locale\" content=\"fr_FR\" \/>\n<meta property=\"og:type\" content=\"article\" \/>\n<meta property=\"og:title\" content=\"Avenger C4465-1 Eye Coupler MP\" \/>\n<meta property=\"og:description\" content=\"The Avenger C4465-1 Eye Coupler MP is a durable aluminum clamp for securely mounting lighting and rigging equipment on truss systems. Ideal for film, photography, and stage productions.\" \/>\n<meta property=\"og:url\" content=\"https:\/\/www.cinesouk.ma\/fr\/produit\/avenger-c4465-1-eye-coupler-mp\/\" \/>\n<meta property=\"og:site_name\" content=\"CineSouk\" \/>\n<meta property=\"article:modified_time\" content=\"2025-08-26T12:47:00+00:00\" \/>\n<meta property=\"og:image\" content=\"https:\/\/www.cinesouk.ma\/wp-content\/uploads\/2025\/03\/Avenger-C4465-1-Eye-Coupler-MP-.jpg\" \/>\n\t<meta property=\"og:image:width\" content=\"300\" \/>\n\t<meta property=\"og:image:height\" content=\"238\" \/>\n\t<meta property=\"og:image:type\" content=\"image\/jpeg\" \/>\n<meta name=\"twitter:card\" content=\"summary_large_image\" \/>\n<meta name=\"twitter:description\" content=\"The Avenger C4465-1 Eye Coupler MP is a durable aluminum clamp for securely mounting lighting and rigging equipment on truss systems. Ideal for film, photography, and stage productions.\" \/>\n<meta name=\"twitter:label1\" content=\"Dur\u00e9e de lecture estim\u00e9e\" \/>\n\t<meta name=\"twitter:data1\" content=\"2 minutes\" \/>\n<script type=\"application\/ld+json\" class=\"yoast-schema-graph\">{\"@context\":\"https:\/\/schema.org\",\"@graph\":[{\"@type\":\"WebPage\",\"@id\":\"https:\/\/www.cinesouk.ma\/product\/avenger-c4465-1-eye-coupler-mp\/\",\"url\":\"https:\/\/www.cinesouk.ma\/product\/avenger-c4465-1-eye-coupler-mp\/\",\"name\":\"Avenger C4465-1 Eye Coupler MP - Marrakech | Morocco - CineSouk - For rent\",\"isPartOf\":{\"@id\":\"https:\/\/www.cinesouk.ma\/#website\"},\"primaryImageOfPage\":{\"@id\":\"https:\/\/www.cinesouk.ma\/product\/avenger-c4465-1-eye-coupler-mp\/#primaryimage\"},\"image\":{\"@id\":\"https:\/\/www.cinesouk.ma\/product\/avenger-c4465-1-eye-coupler-mp\/#primaryimage\"},\"thumbnailUrl\":\"https:\/\/www.cinesouk.ma\/wp-content\/uploads\/2025\/03\/Avenger-C4465-1-Eye-Coupler-MP-.jpg\",\"datePublished\":\"2024-01-07T10:39:21+00:00\",\"dateModified\":\"2025-08-26T12:47:00+00:00\",\"description\":\"The Avenger C4465-1 Eye Coupler MP is a durable aluminum clamp for securely mounting lighting and rigging equipment on truss systems. Ideal for film, photography, and stage productions.\",\"breadcrumb\":{\"@id\":\"https:\/\/www.cinesouk.ma\/product\/avenger-c4465-1-eye-coupler-mp\/#breadcrumb\"},\"inLanguage\":\"fr-FR\",\"potentialAction\":[{\"@type\":\"ReadAction\",\"target\":[\"https:\/\/www.cinesouk.ma\/product\/avenger-c4465-1-eye-coupler-mp\/\"]}]},{\"@type\":\"ImageObject\",\"inLanguage\":\"fr-FR\",\"@id\":\"https:\/\/www.cinesouk.ma\/product\/avenger-c4465-1-eye-coupler-mp\/#primaryimage\",\"url\":\"https:\/\/www.cinesouk.ma\/wp-content\/uploads\/2025\/03\/Avenger-C4465-1-Eye-Coupler-MP-.jpg\",\"contentUrl\":\"https:\/\/www.cinesouk.ma\/wp-content\/uploads\/2025\/03\/Avenger-C4465-1-Eye-Coupler-MP-.jpg\",\"width\":300,\"height\":238,\"caption\":\"Avenger C4465-1 Eye Coupler MP\u00a0\"},{\"@type\":\"BreadcrumbList\",\"@id\":\"https:\/\/www.cinesouk.ma\/product\/avenger-c4465-1-eye-coupler-mp\/#breadcrumb\",\"itemListElement\":[{\"@type\":\"ListItem\",\"position\":1,\"name\":\"Home\",\"item\":\"https:\/\/www.cinesouk.ma\/\"},{\"@type\":\"ListItem\",\"position\":2,\"name\":\"Shop\",\"item\":\"https:\/\/www.cinesouk.ma\/shop\/\"},{\"@type\":\"ListItem\",\"position\":3,\"name\":\"Avenger C4465-1 Eye Coupler MP\"}]},{\"@type\":\"WebSite\",\"@id\":\"https:\/\/www.cinesouk.ma\/#website\",\"url\":\"https:\/\/www.cinesouk.ma\/\",\"name\":\"CineSouk\",\"description\":\"\",\"publisher\":{\"@id\":\"https:\/\/www.cinesouk.ma\/#organization\"},\"potentialAction\":[{\"@type\":\"SearchAction\",\"target\":{\"@type\":\"EntryPoint\",\"urlTemplate\":\"https:\/\/www.cinesouk.ma\/?s={search_term_string}\"},\"query-input\":{\"@type\":\"PropertyValueSpecification\",\"valueRequired\":true,\"valueName\":\"search_term_string\"}}],\"inLanguage\":\"fr-FR\"},{\"@type\":\"Organization\",\"@id\":\"https:\/\/www.cinesouk.ma\/#organization\",\"name\":\"CineSouk\",\"url\":\"https:\/\/www.cinesouk.ma\/\",\"logo\":{\"@type\":\"ImageObject\",\"inLanguage\":\"fr-FR\",\"@id\":\"https:\/\/www.cinesouk.ma\/#\/schema\/logo\/image\/\",\"url\":\"https:\/\/www.cinesouk.ma\/wp-content\/uploads\/2024\/01\/CineSouk-logo-v01-alpha-alligned-left.png\",\"contentUrl\":\"https:\/\/www.cinesouk.ma\/wp-content\/uploads\/2024\/01\/CineSouk-logo-v01-alpha-alligned-left.png\",\"width\":3204,\"height\":889,\"caption\":\"CineSouk\"},\"image\":{\"@id\":\"https:\/\/www.cinesouk.ma\/#\/schema\/logo\/image\/\"}}]}<\/script>\n<!-- \/ Yoast SEO Premium plugin. -->","yoast_head_json":{"title":"Avenger C4465-1 Eye Coupler MP - Marrakech | Morocco - CineSouk - For rent","description":"The Avenger C4465-1 Eye Coupler MP is a durable aluminum clamp for securely mounting lighting and rigging equipment on truss systems. Ideal for film, photography, and stage productions.","robots":{"index":"index","follow":"follow","max-snippet":"max-snippet:-1","max-image-preview":"max-image-preview:large","max-video-preview":"max-video-preview:-1"},"canonical":"https:\/\/www.cinesouk.ma\/fr\/produit\/avenger-c4465-1-eye-coupler-mp\/","og_locale":"fr_FR","og_type":"article","og_title":"Avenger C4465-1 Eye Coupler MP","og_description":"The Avenger C4465-1 Eye Coupler MP is a durable aluminum clamp for securely mounting lighting and rigging equipment on truss systems. Ideal for film, photography, and stage productions.","og_url":"https:\/\/www.cinesouk.ma\/fr\/produit\/avenger-c4465-1-eye-coupler-mp\/","og_site_name":"CineSouk","article_modified_time":"2025-08-26T12:47:00+00:00","og_image":[{"width":300,"height":238,"url":"https:\/\/www.cinesouk.ma\/wp-content\/uploads\/2025\/03\/Avenger-C4465-1-Eye-Coupler-MP-.jpg","type":"image\/jpeg"}],"twitter_card":"summary_large_image","twitter_description":"The Avenger C4465-1 Eye Coupler MP is a durable aluminum clamp for securely mounting lighting and rigging equipment on truss systems. Ideal for film, photography, and stage productions.","twitter_misc":{"Dur\u00e9e de lecture estim\u00e9e":"2 minutes"},"schema":{"@context":"https:\/\/schema.org","@graph":[{"@type":"WebPage","@id":"https:\/\/www.cinesouk.ma\/product\/avenger-c4465-1-eye-coupler-mp\/","url":"https:\/\/www.cinesouk.ma\/product\/avenger-c4465-1-eye-coupler-mp\/","name":"Avenger C4465-1 Eye Coupler MP - Marrakech | Morocco - CineSouk - For rent","isPartOf":{"@id":"https:\/\/www.cinesouk.ma\/#website"},"primaryImageOfPage":{"@id":"https:\/\/www.cinesouk.ma\/product\/avenger-c4465-1-eye-coupler-mp\/#primaryimage"},"image":{"@id":"https:\/\/www.cinesouk.ma\/product\/avenger-c4465-1-eye-coupler-mp\/#primaryimage"},"thumbnailUrl":"https:\/\/www.cinesouk.ma\/wp-content\/uploads\/2025\/03\/Avenger-C4465-1-Eye-Coupler-MP-.jpg","datePublished":"2024-01-07T10:39:21+00:00","dateModified":"2025-08-26T12:47:00+00:00","description":"The Avenger C4465-1 Eye Coupler MP is a durable aluminum clamp for securely mounting lighting and rigging equipment on truss systems. Ideal for film, photography, and stage productions.","breadcrumb":{"@id":"https:\/\/www.cinesouk.ma\/product\/avenger-c4465-1-eye-coupler-mp\/#breadcrumb"},"inLanguage":"fr-FR","potentialAction":[{"@type":"ReadAction","target":["https:\/\/www.cinesouk.ma\/product\/avenger-c4465-1-eye-coupler-mp\/"]}]},{"@type":"ImageObject","inLanguage":"fr-FR","@id":"https:\/\/www.cinesouk.ma\/product\/avenger-c4465-1-eye-coupler-mp\/#primaryimage","url":"https:\/\/www.cinesouk.ma\/wp-content\/uploads\/2025\/03\/Avenger-C4465-1-Eye-Coupler-MP-.jpg","contentUrl":"https:\/\/www.cinesouk.ma\/wp-content\/uploads\/2025\/03\/Avenger-C4465-1-Eye-Coupler-MP-.jpg","width":300,"height":238,"caption":"Avenger C4465-1 Eye Coupler MP\u00a0"},{"@type":"BreadcrumbList","@id":"https:\/\/www.cinesouk.ma\/product\/avenger-c4465-1-eye-coupler-mp\/#breadcrumb","itemListElement":[{"@type":"ListItem","position":1,"name":"Home","item":"https:\/\/www.cinesouk.ma\/"},{"@type":"ListItem","position":2,"name":"Shop","item":"https:\/\/www.cinesouk.ma\/shop\/"},{"@type":"ListItem","position":3,"name":"Avenger C4465-1 Eye Coupler MP"}]},{"@type":"WebSite","@id":"https:\/\/www.cinesouk.ma\/#website","url":"https:\/\/www.cinesouk.ma\/","name":"CineSouk","description":"","publisher":{"@id":"https:\/\/www.cinesouk.ma\/#organization"},"potentialAction":[{"@type":"SearchAction","target":{"@type":"EntryPoint","urlTemplate":"https:\/\/www.cinesouk.ma\/?s={search_term_string}"},"query-input":{"@type":"PropertyValueSpecification","valueRequired":true,"valueName":"search_term_string"}}],"inLanguage":"fr-FR"},{"@type":"Organization","@id":"https:\/\/www.cinesouk.ma\/#organization","name":"CineSouk","url":"https:\/\/www.cinesouk.ma\/","logo":{"@type":"ImageObject","inLanguage":"fr-FR","@id":"https:\/\/www.cinesouk.ma\/#\/schema\/logo\/image\/","url":"https:\/\/www.cinesouk.ma\/wp-content\/uploads\/2024\/01\/CineSouk-logo-v01-alpha-alligned-left.png","contentUrl":"https:\/\/www.cinesouk.ma\/wp-content\/uploads\/2024\/01\/CineSouk-logo-v01-alpha-alligned-left.png","width":3204,"height":889,"caption":"CineSouk"},"image":{"@id":"https:\/\/www.cinesouk.ma\/#\/schema\/logo\/image\/"}}]}},"_links":{"self":[{"href":"https:\/\/www.cinesouk.ma\/fr\/wp-json\/wp\/v2\/product\/10748","targetHints":{"allow":["GET"]}}],"collection":[{"href":"https:\/\/www.cinesouk.ma\/fr\/wp-json\/wp\/v2\/product"}],"about":[{"href":"https:\/\/www.cinesouk.ma\/fr\/wp-json\/wp\/v2\/types\/product"}],"wp:featuredmedia":[{"embeddable":true,"href":"https:\/\/www.cinesouk.ma\/fr\/wp-json\/wp\/v2\/media\/10759"}],"wp:attachment":[{"href":"https:\/\/www.cinesouk.ma\/fr\/wp-json\/wp\/v2\/media?parent=10748"}],"wp:term":[{"taxonomy":"product_brand","embeddable":true,"href":"https:\/\/www.cinesouk.ma\/fr\/wp-json\/wp\/v2\/product_brand?post=10748"},{"taxonomy":"product_cat","embeddable":true,"href":"https:\/\/www.cinesouk.ma\/fr\/wp-json\/wp\/v2\/product_cat?post=10748"},{"taxonomy":"product_tag","embeddable":true,"href":"https:\/\/www.cinesouk.ma\/fr\/wp-json\/wp\/v2\/product_tag?post=10748"}],"curies":[{"name":"wp","href":"https:\/\/api.w.org\/{rel}","templated":true}]}}