{"id":10760,"date":"2024-01-07T11:05:07","date_gmt":"2024-01-07T11:05:07","guid":{"rendered":"https:\/\/www.cinesouk.ma\/?post_type=product&#038;p=10760"},"modified":"2025-03-21T10:56:51","modified_gmt":"2025-03-21T10:56:51","slug":"scaffold-clamp","status":"publish","type":"product","link":"https:\/\/www.cinesouk.ma\/fr\/produit\/scaffold-clamp\/","title":{"rendered":"Pince d'\u00e9chafaudage"},"content":{"rendered":"<p data-start=\"26\" data-end=\"474\">Le <strong data-start=\"30\" data-end=\"48\">Pince d'\u00e9chafaudage<\/strong> est une solution de montage robuste et polyvalente con\u00e7ue pour fixer en toute s\u00e9curit\u00e9 l'\u00e9clairage, le gr\u00e9ement et l'\u00e9quipement de pr\u00e9hension aux \u00e9chafaudages et aux structures tubulaires. Gr\u00e2ce \u00e0 sa construction durable, il garantit stabilit\u00e9 et fiabilit\u00e9, ce qui en fait un outil essentiel pour les productions cin\u00e9matographiques, les studios de photographie et les installations sc\u00e9niques. De plus, sa forte adh\u00e9rence emp\u00eache tout mouvement ind\u00e9sirable, ce qui garantit la s\u00e9curit\u00e9 et l'efficacit\u00e9 dans diverses applications.<\/p>\n<h3 data-start=\"476\" data-end=\"498\"><strong data-start=\"480\" data-end=\"496\">Caract\u00e9ristiques principales de la pince d'\u00e9chafaudage :<\/strong><\/h3>\n<ul data-start=\"500\" data-end=\"1204\">\n<li data-start=\"500\" data-end=\"621\"><strong data-start=\"502\" data-end=\"526\">Tenue forte et s\u00fbre<\/strong> - Permet une fixation solide aux \u00e9chafaudages et aux structures de tuyaux, emp\u00eachant tout mouvement ind\u00e9sirable.<\/li>\n<li data-start=\"622\" data-end=\"735\"><strong data-start=\"624\" data-end=\"651\">Construction robuste<\/strong> - Fabriqu\u00e9 en m\u00e9tal de haute qualit\u00e9, il garantit une durabilit\u00e9 et une performance \u00e0 long terme.<\/li>\n<li data-start=\"736\" data-end=\"834\"><strong data-start=\"738\" data-end=\"765\">Compatibilit\u00e9 polyvalente<\/strong> - Travaille avec des tuyaux d'\u00e9chafaudage, des grilles et des syst\u00e8mes de treillis standard.<\/li>\n<li data-start=\"835\" data-end=\"925\"><strong data-start=\"837\" data-end=\"859\">Capacit\u00e9 de charge \u00e9lev\u00e9e<\/strong> - Con\u00e7u pour supporter en toute s\u00e9curit\u00e9 les \u00e9clairages lourds et les montages.<\/li>\n<li data-start=\"926\" data-end=\"1024\"><strong data-start=\"928\" data-end=\"957\">Installation rapide et facile<\/strong> - Permet une installation et un retrait rapides, optimisant ainsi l'efficacit\u00e9 du flux de travail.<\/li>\n<li data-start=\"1025\" data-end=\"1109\"><strong data-start=\"1027\" data-end=\"1044\">Prise fiable<\/strong> - Emp\u00eache le glissement et assure la stabilit\u00e9 de l'\u00e9quipement mont\u00e9.<\/li>\n<li data-start=\"1110\" data-end=\"1204\"><strong data-start=\"1112\" data-end=\"1134\">Compact et portable<\/strong> - L\u00e9ger mais solide, il se transporte et se manipule sans effort.<\/li>\n<\/ul>\n<h3 data-start=\"1206\" data-end=\"1230\"><strong data-start=\"1210\" data-end=\"1228\">Sp\u00e9cifications<\/strong><\/h3>\n<ul data-start=\"1232\" data-end=\"1522\">\n<li data-start=\"1232\" data-end=\"1269\"><strong data-start=\"1234\" data-end=\"1247\">Mat\u00e9riau :<\/strong> M\u00e9tal \u00e0 haute r\u00e9sistance<\/li>\n<li data-start=\"1270\" data-end=\"1344\"><strong data-start=\"1272\" data-end=\"1290\">Type de montage :<\/strong> Compatible avec les tubes d'\u00e9chafaudage et les syst\u00e8mes de treillis<\/li>\n<li data-start=\"1345\" data-end=\"1396\"><strong data-start=\"1347\" data-end=\"1367\">Capacit\u00e9 de poids :<\/strong> Con\u00e7u pour les charges lourdes<\/li>\n<li data-start=\"1397\" data-end=\"1470\"><strong data-start=\"1399\" data-end=\"1409\">Utilisation :<\/strong> Id\u00e9al pour le cin\u00e9ma, la photographie, le th\u00e9\u00e2tre et la production d'\u00e9v\u00e9nements<\/li>\n<li data-start=\"1471\" data-end=\"1522\"><strong data-start=\"1473\" data-end=\"1483\">Couleur :<\/strong> Argent ou noir (selon le mod\u00e8le)<\/li>\n<\/ul>\n<h3 data-start=\"1524\" data-end=\"1544\"><strong data-start=\"1528\" data-end=\"1542\">Conclusion<\/strong><\/h3>\n<p data-start=\"1546\" data-end=\"1954\">Le <strong data-start=\"1550\" data-end=\"1568\">Pince d'\u00e9chafaudage<\/strong> est un outil essentiel pour les professionnels qui ont besoin d'une solution de gr\u00e9ement solide, s\u00fbre et efficace. Gr\u00e2ce \u00e0 sa construction durable, \u00e0 sa prise en main fiable et \u00e0 son installation rapide, elle garantit s\u00e9curit\u00e9 et stabilit\u00e9 dans les environnements de production exigeants. Qu'elle soit utilis\u00e9e sur des plateaux de tournage, dans des studios de photographie ou pour des \u00e9v\u00e9nements en direct, cette pince constitue une solution de montage fiable pour les besoins d'\u00e9clairage et de gr\u00e9ement.<\/p>\n<p>Louez-le maintenant sur <a href=\"https:\/\/www.cinesouk.ma\/fr\">CINESOUK<\/a> - une marque de <a href=\"https:\/\/www.broadway.ma\/\">BROADWAY PRODUCTIONS SARL.<\/a><\/p>","protected":false},"excerpt":{"rendered":"<p><strong>Sp\u00e9cifications :<\/strong><\/p>\n<ul data-start=\"1335\" data-end=\"1596\">\n<li data-start=\"1232\" data-end=\"1269\"><strong data-start=\"1234\" data-end=\"1247\">Mat\u00e9riau :<\/strong> M\u00e9tal \u00e0 haute r\u00e9sistance<\/li>\n<li data-start=\"1270\" data-end=\"1344\"><strong data-start=\"1272\" data-end=\"1290\">Type de montage :<\/strong> Compatible avec les tubes d'\u00e9chafaudage et les syst\u00e8mes de treillis<\/li>\n<li data-start=\"1345\" data-end=\"1396\"><strong data-start=\"1347\" data-end=\"1367\">Capacit\u00e9 de poids :<\/strong> Con\u00e7u pour les charges lourdes<\/li>\n<li data-start=\"1397\" data-end=\"1470\"><strong data-start=\"1399\" data-end=\"1409\">Utilisation :<\/strong> Id\u00e9al pour le cin\u00e9ma, la photographie, le th\u00e9\u00e2tre et la production d'\u00e9v\u00e9nements<\/li>\n<li data-start=\"1471\" data-end=\"1522\"><strong data-start=\"1473\" data-end=\"1483\">Couleur :<\/strong> Argent<\/li>\n<li data-start=\"1335\" data-end=\"1375\"><\/li>\n<\/ul>","protected":false},"featured_media":10759,"template":"","meta":{"om_disable_all_campaigns":false,"_monsterinsights_skip_tracking":false,"_monsterinsights_sitenote_active":false,"_monsterinsights_sitenote_note":"","_monsterinsights_sitenote_category":0,"_uf_show_specific_survey":0,"_uf_disable_surveys":false},"product_brand":[],"product_cat":[38],"product_tag":[],"class_list":{"0":"post-10760","1":"product","2":"type-product","3":"status-publish","4":"has-post-thumbnail","6":"product_cat-grip-cinesouk","8":"entry","9":"has-media","11":"first","12":"instock","13":"taxable","14":"shipping-taxable","15":"purchasable","16":"product-type-variable","17":"has-product-nav","18":"col","19":"span_1_of_3","20":"owp-content-center","21":"owp-thumbs-layout-horizontal","22":"owp-btn-normal","23":"owp-tabs-layout-horizontal","24":"has-no-thumbnails"},"yoast_head":"<!-- This site is optimized with the Yoast SEO Premium plugin v26.0 (Yoast SEO v26.0) - https:\/\/yoast.com\/wordpress\/plugins\/seo\/ -->\n<title>Scaffold Clamp - Marrakech | Morocco - CineSouk - For rent<\/title>\n<meta name=\"description\" content=\"The Scaffold Clamp securely mounts lighting and rigging equipment to scaffolding and pipe structures. Built for durability, stability, and efficiency in film, photography, and stage productions.\" \/>\n<meta name=\"robots\" content=\"index, follow, max-snippet:-1, max-image-preview:large, max-video-preview:-1\" \/>\n<link rel=\"canonical\" href=\"https:\/\/www.cinesouk.ma\/fr\/produit\/scaffold-clamp\/\" \/>\n<meta property=\"og:locale\" content=\"fr_FR\" \/>\n<meta property=\"og:type\" content=\"article\" \/>\n<meta property=\"og:title\" content=\"Scaffold Clamp\" \/>\n<meta property=\"og:description\" content=\"The Scaffold Clamp securely mounts lighting and rigging equipment to scaffolding and pipe structures. Built for durability, stability, and efficiency in film, photography, and stage productions.\" \/>\n<meta property=\"og:url\" content=\"https:\/\/www.cinesouk.ma\/fr\/produit\/scaffold-clamp\/\" \/>\n<meta property=\"og:site_name\" content=\"CineSouk\" \/>\n<meta property=\"article:modified_time\" content=\"2025-03-21T10:56:51+00:00\" \/>\n<meta property=\"og:image\" content=\"https:\/\/www.cinesouk.ma\/wp-content\/uploads\/2025\/03\/Avenger-C4465-1-Eye-Coupler-MP-.jpg\" \/>\n\t<meta property=\"og:image:width\" content=\"300\" \/>\n\t<meta property=\"og:image:height\" content=\"238\" \/>\n\t<meta property=\"og:image:type\" content=\"image\/jpeg\" \/>\n<meta name=\"twitter:card\" content=\"summary_large_image\" \/>\n<meta name=\"twitter:description\" content=\"The Scaffold Clamp securely mounts lighting and rigging equipment to scaffolding and pipe structures. Built for durability, stability, and efficiency in film, photography, and stage productions.\" \/>\n<meta name=\"twitter:label1\" content=\"Dur\u00e9e de lecture estim\u00e9e\" \/>\n\t<meta name=\"twitter:data1\" content=\"2 minutes\" \/>\n<script type=\"application\/ld+json\" class=\"yoast-schema-graph\">{\"@context\":\"https:\/\/schema.org\",\"@graph\":[{\"@type\":\"WebPage\",\"@id\":\"https:\/\/www.cinesouk.ma\/product\/scaffold-clamp\/\",\"url\":\"https:\/\/www.cinesouk.ma\/product\/scaffold-clamp\/\",\"name\":\"Scaffold Clamp - Marrakech | Morocco - CineSouk - For rent\",\"isPartOf\":{\"@id\":\"https:\/\/www.cinesouk.ma\/#website\"},\"primaryImageOfPage\":{\"@id\":\"https:\/\/www.cinesouk.ma\/product\/scaffold-clamp\/#primaryimage\"},\"image\":{\"@id\":\"https:\/\/www.cinesouk.ma\/product\/scaffold-clamp\/#primaryimage\"},\"thumbnailUrl\":\"https:\/\/www.cinesouk.ma\/wp-content\/uploads\/2025\/03\/Avenger-C4465-1-Eye-Coupler-MP-.jpg\",\"datePublished\":\"2024-01-07T11:05:07+00:00\",\"dateModified\":\"2025-03-21T10:56:51+00:00\",\"description\":\"The Scaffold Clamp securely mounts lighting and rigging equipment to scaffolding and pipe structures. Built for durability, stability, and efficiency in film, photography, and stage productions.\",\"breadcrumb\":{\"@id\":\"https:\/\/www.cinesouk.ma\/product\/scaffold-clamp\/#breadcrumb\"},\"inLanguage\":\"fr-FR\",\"potentialAction\":[{\"@type\":\"ReadAction\",\"target\":[\"https:\/\/www.cinesouk.ma\/product\/scaffold-clamp\/\"]}]},{\"@type\":\"ImageObject\",\"inLanguage\":\"fr-FR\",\"@id\":\"https:\/\/www.cinesouk.ma\/product\/scaffold-clamp\/#primaryimage\",\"url\":\"https:\/\/www.cinesouk.ma\/wp-content\/uploads\/2025\/03\/Avenger-C4465-1-Eye-Coupler-MP-.jpg\",\"contentUrl\":\"https:\/\/www.cinesouk.ma\/wp-content\/uploads\/2025\/03\/Avenger-C4465-1-Eye-Coupler-MP-.jpg\",\"width\":300,\"height\":238,\"caption\":\"Avenger C4465-1 Eye Coupler MP\u00a0\"},{\"@type\":\"BreadcrumbList\",\"@id\":\"https:\/\/www.cinesouk.ma\/product\/scaffold-clamp\/#breadcrumb\",\"itemListElement\":[{\"@type\":\"ListItem\",\"position\":1,\"name\":\"Home\",\"item\":\"https:\/\/www.cinesouk.ma\/\"},{\"@type\":\"ListItem\",\"position\":2,\"name\":\"Shop\",\"item\":\"https:\/\/www.cinesouk.ma\/shop\/\"},{\"@type\":\"ListItem\",\"position\":3,\"name\":\"Scaffold Clamp\"}]},{\"@type\":\"WebSite\",\"@id\":\"https:\/\/www.cinesouk.ma\/#website\",\"url\":\"https:\/\/www.cinesouk.ma\/\",\"name\":\"CineSouk\",\"description\":\"\",\"publisher\":{\"@id\":\"https:\/\/www.cinesouk.ma\/#organization\"},\"potentialAction\":[{\"@type\":\"SearchAction\",\"target\":{\"@type\":\"EntryPoint\",\"urlTemplate\":\"https:\/\/www.cinesouk.ma\/?s={search_term_string}\"},\"query-input\":{\"@type\":\"PropertyValueSpecification\",\"valueRequired\":true,\"valueName\":\"search_term_string\"}}],\"inLanguage\":\"fr-FR\"},{\"@type\":\"Organization\",\"@id\":\"https:\/\/www.cinesouk.ma\/#organization\",\"name\":\"CineSouk\",\"url\":\"https:\/\/www.cinesouk.ma\/\",\"logo\":{\"@type\":\"ImageObject\",\"inLanguage\":\"fr-FR\",\"@id\":\"https:\/\/www.cinesouk.ma\/#\/schema\/logo\/image\/\",\"url\":\"https:\/\/www.cinesouk.ma\/wp-content\/uploads\/2024\/01\/CineSouk-logo-v01-alpha-alligned-left.png\",\"contentUrl\":\"https:\/\/www.cinesouk.ma\/wp-content\/uploads\/2024\/01\/CineSouk-logo-v01-alpha-alligned-left.png\",\"width\":3204,\"height\":889,\"caption\":\"CineSouk\"},\"image\":{\"@id\":\"https:\/\/www.cinesouk.ma\/#\/schema\/logo\/image\/\"}}]}<\/script>\n<!-- \/ Yoast SEO Premium plugin. -->","yoast_head_json":{"title":"Scaffold Clamp - Marrakech | Morocco - CineSouk - For rent","description":"The Scaffold Clamp securely mounts lighting and rigging equipment to scaffolding and pipe structures. Built for durability, stability, and efficiency in film, photography, and stage productions.","robots":{"index":"index","follow":"follow","max-snippet":"max-snippet:-1","max-image-preview":"max-image-preview:large","max-video-preview":"max-video-preview:-1"},"canonical":"https:\/\/www.cinesouk.ma\/fr\/produit\/scaffold-clamp\/","og_locale":"fr_FR","og_type":"article","og_title":"Scaffold Clamp","og_description":"The Scaffold Clamp securely mounts lighting and rigging equipment to scaffolding and pipe structures. Built for durability, stability, and efficiency in film, photography, and stage productions.","og_url":"https:\/\/www.cinesouk.ma\/fr\/produit\/scaffold-clamp\/","og_site_name":"CineSouk","article_modified_time":"2025-03-21T10:56:51+00:00","og_image":[{"width":300,"height":238,"url":"https:\/\/www.cinesouk.ma\/wp-content\/uploads\/2025\/03\/Avenger-C4465-1-Eye-Coupler-MP-.jpg","type":"image\/jpeg"}],"twitter_card":"summary_large_image","twitter_description":"The Scaffold Clamp securely mounts lighting and rigging equipment to scaffolding and pipe structures. Built for durability, stability, and efficiency in film, photography, and stage productions.","twitter_misc":{"Dur\u00e9e de lecture estim\u00e9e":"2 minutes"},"schema":{"@context":"https:\/\/schema.org","@graph":[{"@type":"WebPage","@id":"https:\/\/www.cinesouk.ma\/product\/scaffold-clamp\/","url":"https:\/\/www.cinesouk.ma\/product\/scaffold-clamp\/","name":"Scaffold Clamp - Marrakech | Morocco - CineSouk - For rent","isPartOf":{"@id":"https:\/\/www.cinesouk.ma\/#website"},"primaryImageOfPage":{"@id":"https:\/\/www.cinesouk.ma\/product\/scaffold-clamp\/#primaryimage"},"image":{"@id":"https:\/\/www.cinesouk.ma\/product\/scaffold-clamp\/#primaryimage"},"thumbnailUrl":"https:\/\/www.cinesouk.ma\/wp-content\/uploads\/2025\/03\/Avenger-C4465-1-Eye-Coupler-MP-.jpg","datePublished":"2024-01-07T11:05:07+00:00","dateModified":"2025-03-21T10:56:51+00:00","description":"The Scaffold Clamp securely mounts lighting and rigging equipment to scaffolding and pipe structures. Built for durability, stability, and efficiency in film, photography, and stage productions.","breadcrumb":{"@id":"https:\/\/www.cinesouk.ma\/product\/scaffold-clamp\/#breadcrumb"},"inLanguage":"fr-FR","potentialAction":[{"@type":"ReadAction","target":["https:\/\/www.cinesouk.ma\/product\/scaffold-clamp\/"]}]},{"@type":"ImageObject","inLanguage":"fr-FR","@id":"https:\/\/www.cinesouk.ma\/product\/scaffold-clamp\/#primaryimage","url":"https:\/\/www.cinesouk.ma\/wp-content\/uploads\/2025\/03\/Avenger-C4465-1-Eye-Coupler-MP-.jpg","contentUrl":"https:\/\/www.cinesouk.ma\/wp-content\/uploads\/2025\/03\/Avenger-C4465-1-Eye-Coupler-MP-.jpg","width":300,"height":238,"caption":"Avenger C4465-1 Eye Coupler MP\u00a0"},{"@type":"BreadcrumbList","@id":"https:\/\/www.cinesouk.ma\/product\/scaffold-clamp\/#breadcrumb","itemListElement":[{"@type":"ListItem","position":1,"name":"Home","item":"https:\/\/www.cinesouk.ma\/"},{"@type":"ListItem","position":2,"name":"Shop","item":"https:\/\/www.cinesouk.ma\/shop\/"},{"@type":"ListItem","position":3,"name":"Scaffold Clamp"}]},{"@type":"WebSite","@id":"https:\/\/www.cinesouk.ma\/#website","url":"https:\/\/www.cinesouk.ma\/","name":"CineSouk","description":"","publisher":{"@id":"https:\/\/www.cinesouk.ma\/#organization"},"potentialAction":[{"@type":"SearchAction","target":{"@type":"EntryPoint","urlTemplate":"https:\/\/www.cinesouk.ma\/?s={search_term_string}"},"query-input":{"@type":"PropertyValueSpecification","valueRequired":true,"valueName":"search_term_string"}}],"inLanguage":"fr-FR"},{"@type":"Organization","@id":"https:\/\/www.cinesouk.ma\/#organization","name":"CineSouk","url":"https:\/\/www.cinesouk.ma\/","logo":{"@type":"ImageObject","inLanguage":"fr-FR","@id":"https:\/\/www.cinesouk.ma\/#\/schema\/logo\/image\/","url":"https:\/\/www.cinesouk.ma\/wp-content\/uploads\/2024\/01\/CineSouk-logo-v01-alpha-alligned-left.png","contentUrl":"https:\/\/www.cinesouk.ma\/wp-content\/uploads\/2024\/01\/CineSouk-logo-v01-alpha-alligned-left.png","width":3204,"height":889,"caption":"CineSouk"},"image":{"@id":"https:\/\/www.cinesouk.ma\/#\/schema\/logo\/image\/"}}]}},"_links":{"self":[{"href":"https:\/\/www.cinesouk.ma\/fr\/wp-json\/wp\/v2\/product\/10760","targetHints":{"allow":["GET"]}}],"collection":[{"href":"https:\/\/www.cinesouk.ma\/fr\/wp-json\/wp\/v2\/product"}],"about":[{"href":"https:\/\/www.cinesouk.ma\/fr\/wp-json\/wp\/v2\/types\/product"}],"wp:featuredmedia":[{"embeddable":true,"href":"https:\/\/www.cinesouk.ma\/fr\/wp-json\/wp\/v2\/media\/10759"}],"wp:attachment":[{"href":"https:\/\/www.cinesouk.ma\/fr\/wp-json\/wp\/v2\/media?parent=10760"}],"wp:term":[{"taxonomy":"product_brand","embeddable":true,"href":"https:\/\/www.cinesouk.ma\/fr\/wp-json\/wp\/v2\/product_brand?post=10760"},{"taxonomy":"product_cat","embeddable":true,"href":"https:\/\/www.cinesouk.ma\/fr\/wp-json\/wp\/v2\/product_cat?post=10760"},{"taxonomy":"product_tag","embeddable":true,"href":"https:\/\/www.cinesouk.ma\/fr\/wp-json\/wp\/v2\/product_tag?post=10760"}],"curies":[{"name":"wp","href":"https:\/\/api.w.org\/{rel}","templated":true}]}}