{"id":10771,"date":"2024-01-07T11:05:10","date_gmt":"2024-01-07T11:05:10","guid":{"rendered":"https:\/\/www.cinesouk.ma\/?post_type=product&#038;p=10771"},"modified":"2025-03-21T10:56:51","modified_gmt":"2025-03-21T10:56:51","slug":"avenger-big-ben-clamp","status":"publish","type":"product","link":"https:\/\/www.cinesouk.ma\/fr\/produit\/avenger-big-ben-clamp\/","title":{"rendered":"Avenger Big Ben Clamp"},"content":{"rendered":"<p data-start=\"33\" data-end=\"453\">La pince Big Ben d'Avenger est une solution de montage de qualit\u00e9 professionnelle, sp\u00e9cialement con\u00e7ue pour fixer en toute s\u00e9curit\u00e9 le mat\u00e9riel de montage et d'\u00e9clairage. Gr\u00e2ce \u00e0 sa construction en acier durable, elle offre une r\u00e9sistance et une stabilit\u00e9 excellentes, ce qui la rend id\u00e9ale pour les plateaux de tournage, les studios de photographie et les productions sc\u00e9niques. De plus, sa poign\u00e9e fiable assure un maintien ferme, r\u00e9duisant les mouvements et garantissant la s\u00e9curit\u00e9 pendant l'utilisation.<\/p>\n<h3 data-start=\"455\" data-end=\"477\"><strong data-start=\"459\" data-end=\"475\">Caract\u00e9ristiques principales de la pince Avenger Big Ben :<\/strong><\/h3>\n<ul data-start=\"479\" data-end=\"1201\">\n<li data-start=\"479\" data-end=\"578\"><strong data-start=\"481\" data-end=\"500\">Montage s\u00e9curis\u00e9<\/strong> - Veiller \u00e0 la solidit\u00e9 et \u00e0 la fiabilit\u00e9 de la fixation du mat\u00e9riel de montage et d'\u00e9clairage.<\/li>\n<li data-start=\"579\" data-end=\"690\"><strong data-start=\"581\" data-end=\"608\">Construction robuste<\/strong> - Fabriqu\u00e9 en acier de haute qualit\u00e9, il offre une durabilit\u00e9 et une r\u00e9sistance \u00e0 long terme.<\/li>\n<li data-start=\"691\" data-end=\"798\"><strong data-start=\"693\" data-end=\"720\">Compatibilit\u00e9 polyvalente<\/strong> - Fonctionne sans probl\u00e8me avec les syst\u00e8mes de fermes, les grilles et les structures tubulaires standard.<\/li>\n<li data-start=\"799\" data-end=\"906\"><strong data-start=\"801\" data-end=\"823\">Capacit\u00e9 de charge \u00e9lev\u00e9e<\/strong> - Con\u00e7us pour supporter un poids important, ils garantissent un fonctionnement s\u00fbr et efficace.<\/li>\n<li data-start=\"907\" data-end=\"1002\"><strong data-start=\"909\" data-end=\"931\">Installation rapide et facile<\/strong> - Permet une fixation et un retrait rapides, am\u00e9liorant ainsi l'efficacit\u00e9 du flux de travail.<\/li>\n<li data-start=\"1003\" data-end=\"1097\"><strong data-start=\"1005\" data-end=\"1027\">Compact et portable<\/strong> - L\u00e9ger mais solide, il se transporte et se manipule sans effort.<\/li>\n<li data-start=\"1098\" data-end=\"1201\"><strong data-start=\"1100\" data-end=\"1117\">Prise fiable<\/strong> - Emp\u00eache le glissement et assure un positionnement s\u00fbr, m\u00eame dans des conditions difficiles.<\/li>\n<\/ul>\n<h3 data-start=\"1203\" data-end=\"1227\"><strong data-start=\"1207\" data-end=\"1225\">Sp\u00e9cifications<\/strong><\/h3>\n<ul data-start=\"1229\" data-end=\"1476\">\n<li data-start=\"1229\" data-end=\"1266\"><strong data-start=\"1231\" data-end=\"1244\">Mat\u00e9riau :<\/strong> Acier \u00e0 haute r\u00e9sistance<\/li>\n<li data-start=\"1267\" data-end=\"1328\"><strong data-start=\"1269\" data-end=\"1287\">Type de montage :<\/strong> Compatible avec les syst\u00e8mes de poutrelles et de tuyaux<\/li>\n<li data-start=\"1329\" data-end=\"1380\"><strong data-start=\"1331\" data-end=\"1351\">Capacit\u00e9 de poids :<\/strong> Con\u00e7u pour les charges lourdes<\/li>\n<li data-start=\"1381\" data-end=\"1454\"><strong data-start=\"1383\" data-end=\"1393\">Utilisation :<\/strong> Id\u00e9al pour le cin\u00e9ma, la photographie, le th\u00e9\u00e2tre et la production d'\u00e9v\u00e9nements<\/li>\n<li data-start=\"1455\" data-end=\"1476\"><strong data-start=\"1457\" data-end=\"1467\">Couleur :<\/strong> Argent<\/li>\n<\/ul>\n<p data-start=\"1500\" data-end=\"1894\">En fin de compte, la pince Avenger Big Ben est un outil essentiel pour les professionnels \u00e0 la recherche d'une solution de gr\u00e9age solide, s\u00fbre et efficace. Gr\u00e2ce \u00e0 sa construction durable, \u00e0 sa prise fiable et \u00e0 son installation rapide, elle offre stabilit\u00e9 et facilit\u00e9 d'utilisation dans divers environnements de production. Que ce soit en studio ou en ext\u00e9rieur, cette pince garantit la s\u00e9curit\u00e9 et la stabilit\u00e9 des installations d'\u00e9clairage et de gr\u00e9ement.<\/p>\n<p>Louez-le maintenant sur <a href=\"https:\/\/www.cinesouk.ma\/fr\">CINESOUK<\/a> - une marque de <a href=\"https:\/\/www.broadway.ma\/\">BROADWAY PRODUCTIONS SARL.<\/a><\/p>","protected":false},"excerpt":{"rendered":"<p><strong>Sp\u00e9cifications :<\/strong><\/p>\n<ul data-start=\"1335\" data-end=\"1596\">\n<li data-start=\"1229\" data-end=\"1266\"><strong data-start=\"1231\" data-end=\"1244\">Mat\u00e9riau :<\/strong> Acier \u00e0 haute r\u00e9sistance<\/li>\n<li data-start=\"1267\" data-end=\"1328\"><strong data-start=\"1269\" data-end=\"1287\">Type de montage :<\/strong> Compatible avec les syst\u00e8mes de poutrelles et de tuyaux<\/li>\n<li data-start=\"1329\" data-end=\"1380\"><strong data-start=\"1331\" data-end=\"1351\">Capacit\u00e9 de poids :<\/strong> Con\u00e7u pour les charges lourdes<\/li>\n<li data-start=\"1381\" data-end=\"1454\"><strong data-start=\"1383\" data-end=\"1393\">Utilisation :<\/strong> Id\u00e9al pour le cin\u00e9ma, la photographie, le th\u00e9\u00e2tre et la production d'\u00e9v\u00e9nements<\/li>\n<li data-start=\"1455\" data-end=\"1476\"><strong data-start=\"1457\" data-end=\"1467\">Couleur :<\/strong> Argent<\/li>\n<li data-start=\"1335\" data-end=\"1375\"><\/li>\n<\/ul>","protected":false},"featured_media":10782,"template":"","meta":{"om_disable_all_campaigns":false,"_monsterinsights_skip_tracking":false,"_monsterinsights_sitenote_active":false,"_monsterinsights_sitenote_note":"","_monsterinsights_sitenote_category":0,"_uf_show_specific_survey":0,"_uf_disable_surveys":false},"product_brand":[],"product_cat":[38],"product_tag":[],"class_list":{"0":"post-10771","1":"product","2":"type-product","3":"status-publish","4":"has-post-thumbnail","6":"product_cat-grip-cinesouk","8":"entry","9":"has-media","11":"first","12":"instock","13":"taxable","14":"shipping-taxable","15":"purchasable","16":"product-type-variable","17":"has-product-nav","18":"col","19":"span_1_of_3","20":"owp-content-center","21":"owp-thumbs-layout-horizontal","22":"owp-btn-normal","23":"owp-tabs-layout-horizontal","24":"has-no-thumbnails"},"yoast_head":"<!-- This site is optimized with the Yoast SEO Premium plugin v26.0 (Yoast SEO v26.0) - https:\/\/yoast.com\/wordpress\/plugins\/seo\/ -->\n<title>Avenger Big Ben Clamp - Marrakech | Morocco - CineSouk - For rent<\/title>\n<meta name=\"description\" content=\"The Avenger Big Ben Clamp is a heavy-duty steel clamp designed for securely mounting rigging and lighting equipment on truss and pipe systems. Perfect for film, photography, and stage productions.\" \/>\n<meta name=\"robots\" content=\"index, follow, max-snippet:-1, max-image-preview:large, max-video-preview:-1\" \/>\n<link rel=\"canonical\" href=\"https:\/\/www.cinesouk.ma\/fr\/produit\/avenger-big-ben-clamp\/\" \/>\n<meta property=\"og:locale\" content=\"fr_FR\" \/>\n<meta property=\"og:type\" content=\"article\" \/>\n<meta property=\"og:title\" content=\"Avenger Big Ben Clamp\" \/>\n<meta property=\"og:description\" content=\"The Avenger Big Ben Clamp is a heavy-duty steel clamp designed for securely mounting rigging and lighting equipment on truss and pipe systems. Perfect for film, photography, and stage productions.\" \/>\n<meta property=\"og:url\" content=\"https:\/\/www.cinesouk.ma\/fr\/produit\/avenger-big-ben-clamp\/\" \/>\n<meta property=\"og:site_name\" content=\"CineSouk\" \/>\n<meta property=\"article:modified_time\" content=\"2025-03-21T10:56:51+00:00\" \/>\n<meta property=\"og:image\" content=\"https:\/\/www.cinesouk.ma\/wp-content\/uploads\/2025\/03\/avenger-Big-Ben.jpg\" \/>\n\t<meta property=\"og:image:width\" content=\"300\" \/>\n\t<meta property=\"og:image:height\" content=\"238\" \/>\n\t<meta property=\"og:image:type\" content=\"image\/jpeg\" \/>\n<meta name=\"twitter:card\" content=\"summary_large_image\" \/>\n<meta name=\"twitter:description\" content=\"The Avenger Big Ben Clamp is a heavy-duty steel clamp designed for securely mounting rigging and lighting equipment on truss and pipe systems. Perfect for film, photography, and stage productions.\" \/>\n<meta name=\"twitter:label1\" content=\"Dur\u00e9e de lecture estim\u00e9e\" \/>\n\t<meta name=\"twitter:data1\" content=\"2 minutes\" \/>\n<script type=\"application\/ld+json\" class=\"yoast-schema-graph\">{\"@context\":\"https:\/\/schema.org\",\"@graph\":[{\"@type\":\"WebPage\",\"@id\":\"https:\/\/www.cinesouk.ma\/product\/avenger-big-ben-clamp\/\",\"url\":\"https:\/\/www.cinesouk.ma\/product\/avenger-big-ben-clamp\/\",\"name\":\"Avenger Big Ben Clamp - Marrakech | Morocco - CineSouk - For rent\",\"isPartOf\":{\"@id\":\"https:\/\/www.cinesouk.ma\/#website\"},\"primaryImageOfPage\":{\"@id\":\"https:\/\/www.cinesouk.ma\/product\/avenger-big-ben-clamp\/#primaryimage\"},\"image\":{\"@id\":\"https:\/\/www.cinesouk.ma\/product\/avenger-big-ben-clamp\/#primaryimage\"},\"thumbnailUrl\":\"https:\/\/www.cinesouk.ma\/wp-content\/uploads\/2025\/03\/avenger-Big-Ben.jpg\",\"datePublished\":\"2024-01-07T11:05:10+00:00\",\"dateModified\":\"2025-03-21T10:56:51+00:00\",\"description\":\"The Avenger Big Ben Clamp is a heavy-duty steel clamp designed for securely mounting rigging and lighting equipment on truss and pipe systems. Perfect for film, photography, and stage productions.\",\"breadcrumb\":{\"@id\":\"https:\/\/www.cinesouk.ma\/product\/avenger-big-ben-clamp\/#breadcrumb\"},\"inLanguage\":\"fr-FR\",\"potentialAction\":[{\"@type\":\"ReadAction\",\"target\":[\"https:\/\/www.cinesouk.ma\/product\/avenger-big-ben-clamp\/\"]}]},{\"@type\":\"ImageObject\",\"inLanguage\":\"fr-FR\",\"@id\":\"https:\/\/www.cinesouk.ma\/product\/avenger-big-ben-clamp\/#primaryimage\",\"url\":\"https:\/\/www.cinesouk.ma\/wp-content\/uploads\/2025\/03\/avenger-Big-Ben.jpg\",\"contentUrl\":\"https:\/\/www.cinesouk.ma\/wp-content\/uploads\/2025\/03\/avenger-Big-Ben.jpg\",\"width\":300,\"height\":238,\"caption\":\"avenger Big Ben\"},{\"@type\":\"BreadcrumbList\",\"@id\":\"https:\/\/www.cinesouk.ma\/product\/avenger-big-ben-clamp\/#breadcrumb\",\"itemListElement\":[{\"@type\":\"ListItem\",\"position\":1,\"name\":\"Home\",\"item\":\"https:\/\/www.cinesouk.ma\/\"},{\"@type\":\"ListItem\",\"position\":2,\"name\":\"Shop\",\"item\":\"https:\/\/www.cinesouk.ma\/shop\/\"},{\"@type\":\"ListItem\",\"position\":3,\"name\":\"Avenger Big Ben Clamp\"}]},{\"@type\":\"WebSite\",\"@id\":\"https:\/\/www.cinesouk.ma\/#website\",\"url\":\"https:\/\/www.cinesouk.ma\/\",\"name\":\"CineSouk\",\"description\":\"\",\"publisher\":{\"@id\":\"https:\/\/www.cinesouk.ma\/#organization\"},\"potentialAction\":[{\"@type\":\"SearchAction\",\"target\":{\"@type\":\"EntryPoint\",\"urlTemplate\":\"https:\/\/www.cinesouk.ma\/?s={search_term_string}\"},\"query-input\":{\"@type\":\"PropertyValueSpecification\",\"valueRequired\":true,\"valueName\":\"search_term_string\"}}],\"inLanguage\":\"fr-FR\"},{\"@type\":\"Organization\",\"@id\":\"https:\/\/www.cinesouk.ma\/#organization\",\"name\":\"CineSouk\",\"url\":\"https:\/\/www.cinesouk.ma\/\",\"logo\":{\"@type\":\"ImageObject\",\"inLanguage\":\"fr-FR\",\"@id\":\"https:\/\/www.cinesouk.ma\/#\/schema\/logo\/image\/\",\"url\":\"https:\/\/www.cinesouk.ma\/wp-content\/uploads\/2024\/01\/CineSouk-logo-v01-alpha-alligned-left.png\",\"contentUrl\":\"https:\/\/www.cinesouk.ma\/wp-content\/uploads\/2024\/01\/CineSouk-logo-v01-alpha-alligned-left.png\",\"width\":3204,\"height\":889,\"caption\":\"CineSouk\"},\"image\":{\"@id\":\"https:\/\/www.cinesouk.ma\/#\/schema\/logo\/image\/\"}}]}<\/script>\n<!-- \/ Yoast SEO Premium plugin. -->","yoast_head_json":{"title":"Avenger Big Ben Clamp - Marrakech | Morocco - CineSouk - For rent","description":"The Avenger Big Ben Clamp is a heavy-duty steel clamp designed for securely mounting rigging and lighting equipment on truss and pipe systems. Perfect for film, photography, and stage productions.","robots":{"index":"index","follow":"follow","max-snippet":"max-snippet:-1","max-image-preview":"max-image-preview:large","max-video-preview":"max-video-preview:-1"},"canonical":"https:\/\/www.cinesouk.ma\/fr\/produit\/avenger-big-ben-clamp\/","og_locale":"fr_FR","og_type":"article","og_title":"Avenger Big Ben Clamp","og_description":"The Avenger Big Ben Clamp is a heavy-duty steel clamp designed for securely mounting rigging and lighting equipment on truss and pipe systems. Perfect for film, photography, and stage productions.","og_url":"https:\/\/www.cinesouk.ma\/fr\/produit\/avenger-big-ben-clamp\/","og_site_name":"CineSouk","article_modified_time":"2025-03-21T10:56:51+00:00","og_image":[{"width":300,"height":238,"url":"https:\/\/www.cinesouk.ma\/wp-content\/uploads\/2025\/03\/avenger-Big-Ben.jpg","type":"image\/jpeg"}],"twitter_card":"summary_large_image","twitter_description":"The Avenger Big Ben Clamp is a heavy-duty steel clamp designed for securely mounting rigging and lighting equipment on truss and pipe systems. Perfect for film, photography, and stage productions.","twitter_misc":{"Dur\u00e9e de lecture estim\u00e9e":"2 minutes"},"schema":{"@context":"https:\/\/schema.org","@graph":[{"@type":"WebPage","@id":"https:\/\/www.cinesouk.ma\/product\/avenger-big-ben-clamp\/","url":"https:\/\/www.cinesouk.ma\/product\/avenger-big-ben-clamp\/","name":"Avenger Big Ben Clamp - Marrakech | Morocco - CineSouk - For rent","isPartOf":{"@id":"https:\/\/www.cinesouk.ma\/#website"},"primaryImageOfPage":{"@id":"https:\/\/www.cinesouk.ma\/product\/avenger-big-ben-clamp\/#primaryimage"},"image":{"@id":"https:\/\/www.cinesouk.ma\/product\/avenger-big-ben-clamp\/#primaryimage"},"thumbnailUrl":"https:\/\/www.cinesouk.ma\/wp-content\/uploads\/2025\/03\/avenger-Big-Ben.jpg","datePublished":"2024-01-07T11:05:10+00:00","dateModified":"2025-03-21T10:56:51+00:00","description":"The Avenger Big Ben Clamp is a heavy-duty steel clamp designed for securely mounting rigging and lighting equipment on truss and pipe systems. Perfect for film, photography, and stage productions.","breadcrumb":{"@id":"https:\/\/www.cinesouk.ma\/product\/avenger-big-ben-clamp\/#breadcrumb"},"inLanguage":"fr-FR","potentialAction":[{"@type":"ReadAction","target":["https:\/\/www.cinesouk.ma\/product\/avenger-big-ben-clamp\/"]}]},{"@type":"ImageObject","inLanguage":"fr-FR","@id":"https:\/\/www.cinesouk.ma\/product\/avenger-big-ben-clamp\/#primaryimage","url":"https:\/\/www.cinesouk.ma\/wp-content\/uploads\/2025\/03\/avenger-Big-Ben.jpg","contentUrl":"https:\/\/www.cinesouk.ma\/wp-content\/uploads\/2025\/03\/avenger-Big-Ben.jpg","width":300,"height":238,"caption":"avenger Big Ben"},{"@type":"BreadcrumbList","@id":"https:\/\/www.cinesouk.ma\/product\/avenger-big-ben-clamp\/#breadcrumb","itemListElement":[{"@type":"ListItem","position":1,"name":"Home","item":"https:\/\/www.cinesouk.ma\/"},{"@type":"ListItem","position":2,"name":"Shop","item":"https:\/\/www.cinesouk.ma\/shop\/"},{"@type":"ListItem","position":3,"name":"Avenger Big Ben Clamp"}]},{"@type":"WebSite","@id":"https:\/\/www.cinesouk.ma\/#website","url":"https:\/\/www.cinesouk.ma\/","name":"CineSouk","description":"","publisher":{"@id":"https:\/\/www.cinesouk.ma\/#organization"},"potentialAction":[{"@type":"SearchAction","target":{"@type":"EntryPoint","urlTemplate":"https:\/\/www.cinesouk.ma\/?s={search_term_string}"},"query-input":{"@type":"PropertyValueSpecification","valueRequired":true,"valueName":"search_term_string"}}],"inLanguage":"fr-FR"},{"@type":"Organization","@id":"https:\/\/www.cinesouk.ma\/#organization","name":"CineSouk","url":"https:\/\/www.cinesouk.ma\/","logo":{"@type":"ImageObject","inLanguage":"fr-FR","@id":"https:\/\/www.cinesouk.ma\/#\/schema\/logo\/image\/","url":"https:\/\/www.cinesouk.ma\/wp-content\/uploads\/2024\/01\/CineSouk-logo-v01-alpha-alligned-left.png","contentUrl":"https:\/\/www.cinesouk.ma\/wp-content\/uploads\/2024\/01\/CineSouk-logo-v01-alpha-alligned-left.png","width":3204,"height":889,"caption":"CineSouk"},"image":{"@id":"https:\/\/www.cinesouk.ma\/#\/schema\/logo\/image\/"}}]}},"_links":{"self":[{"href":"https:\/\/www.cinesouk.ma\/fr\/wp-json\/wp\/v2\/product\/10771","targetHints":{"allow":["GET"]}}],"collection":[{"href":"https:\/\/www.cinesouk.ma\/fr\/wp-json\/wp\/v2\/product"}],"about":[{"href":"https:\/\/www.cinesouk.ma\/fr\/wp-json\/wp\/v2\/types\/product"}],"wp:featuredmedia":[{"embeddable":true,"href":"https:\/\/www.cinesouk.ma\/fr\/wp-json\/wp\/v2\/media\/10782"}],"wp:attachment":[{"href":"https:\/\/www.cinesouk.ma\/fr\/wp-json\/wp\/v2\/media?parent=10771"}],"wp:term":[{"taxonomy":"product_brand","embeddable":true,"href":"https:\/\/www.cinesouk.ma\/fr\/wp-json\/wp\/v2\/product_brand?post=10771"},{"taxonomy":"product_cat","embeddable":true,"href":"https:\/\/www.cinesouk.ma\/fr\/wp-json\/wp\/v2\/product_cat?post=10771"},{"taxonomy":"product_tag","embeddable":true,"href":"https:\/\/www.cinesouk.ma\/fr\/wp-json\/wp\/v2\/product_tag?post=10771"}],"curies":[{"name":"wp","href":"https:\/\/api.w.org\/{rel}","templated":true}]}}