{"id":10783,"date":"2024-02-20T16:20:34","date_gmt":"2024-02-20T16:20:34","guid":{"rendered":"https:\/\/www.cinesouk.ma\/?post_type=product&#038;p=10783"},"modified":"2025-10-30T14:02:46","modified_gmt":"2025-10-30T14:02:46","slug":"seaport-i-visor-ls-pro-mag-and-benro-tma38cl-carbon-fiber-tripod","status":"publish","type":"product","link":"https:\/\/www.cinesouk.ma\/fr\/produit\/seaport-i-visor-ls-pro-mag-and-benro-tma38cl-carbon-fiber-tripod\/","title":{"rendered":"Seaport I-Visor et tr\u00e9pied Benro TMA38CL en fibre de carbone"},"content":{"rendered":"<p data-start=\"103\" data-end=\"534\">Le Seaport I-Visor LS Pro MAG et le tr\u00e9pied en fibre de carbone Benro TMA38CL constituent une excellente configuration de poste de travail professionnel. En associant des solutions d'imagerie num\u00e9rique portables \u00e0 un tr\u00e9pied durable et performant, cette configuration am\u00e9liore l'efficacit\u00e9 du flux de travail. Con\u00e7u pour les photographes, les vid\u00e9astes et les techniciens num\u00e9riques, il assure stabilit\u00e9, protection et efficacit\u00e9 en studio et sur le terrain.<\/p>\n<p data-start=\"536\" data-end=\"876\">Le Seaport I-Visor LS Pro MAG est une station de travail portable dot\u00e9e d'un parasol autonome. Il offre ainsi un environnement de travail id\u00e9al en ext\u00e9rieur ou sur les plateaux de tournage. Ce syst\u00e8me est particuli\u00e8rement utile pour les techniciens num\u00e9riques, les photographes et les professionnels de la vid\u00e9o qui ont besoin d'une visibilit\u00e9 claire de l'\u00e9cran m\u00eame dans des conditions lumineuses.<\/p>\n<h3 data-start=\"878\" data-end=\"947\"><strong data-start=\"882\" data-end=\"945\">Caract\u00e9ristiques principales du Seaport I-Visor et du tr\u00e9pied Benro TMA38CL :<\/strong><\/h3>\n<ul data-start=\"948\" data-end=\"1566\">\n<li data-start=\"948\" data-end=\"1064\"><strong data-start=\"950\" data-end=\"973\">Pare-soleil int\u00e9gr\u00e9<\/strong> - R\u00e9duit l'\u00e9blouissement et les reflets, am\u00e9liorant ainsi la visibilit\u00e9 en ext\u00e9rieur.<\/li>\n<li data-start=\"1065\" data-end=\"1202\"><strong data-start=\"1067\" data-end=\"1094\">Syst\u00e8me de fermeture magn\u00e9tique<\/strong> - Il garantit une installation rapide et un stockage s\u00e9curis\u00e9, ce qui permet un d\u00e9ploiement sans probl\u00e8me dans n'importe quel environnement.<\/li>\n<li data-start=\"1203\" data-end=\"1349\"><strong data-start=\"1205\" data-end=\"1228\">Construction robuste<\/strong> - Prot\u00e8ge les ordinateurs portables et les accessoires de la poussi\u00e8re, de l'humidit\u00e9 et des \u00e9l\u00e9ments environnementaux, garantissant ainsi une durabilit\u00e9 \u00e0 long terme.<\/li>\n<li data-start=\"1350\" data-end=\"1451\"><strong data-start=\"1352\" data-end=\"1367\">Portabilit\u00e9<\/strong> - L\u00e9ger et pliable, il permet un transport ais\u00e9 et un d\u00e9ploiement rapide.<\/li>\n<li data-start=\"1452\" data-end=\"1566\"><strong data-start=\"1454\" data-end=\"1481\">Compatibilit\u00e9 polyvalente<\/strong> - Convient \u00e0 la plupart des ordinateurs portables, ce qui en fait une solution id\u00e9ale pour les flux de travail num\u00e9riques sur le plateau.<\/li>\n<\/ul>\n<h3 data-start=\"1568\" data-end=\"1593\"><strong data-start=\"1572\" data-end=\"1591\">Sp\u00e9cifications :<\/strong><\/h3>\n<ul>\n<li><strong data-start=\"1596\" data-end=\"1619\">Pare-soleil int\u00e9gr\u00e9<\/strong> - R\u00e9duit l'\u00e9blouissement et les reflets, ce qui am\u00e9liore la visibilit\u00e9 en ext\u00e9rieur.<\/li>\n<li><strong data-start=\"1708\" data-end=\"1735\">Syst\u00e8me de fermeture magn\u00e9tique<\/strong> - L'installation est rapide et le stockage s\u00e9curis\u00e9, ce qui permet un d\u00e9ploiement facile dans n'importe quel environnement.<\/li>\n<li><strong data-start=\"1835\" data-end=\"1858\">Construction robuste<\/strong> - Prot\u00e8ge les ordinateurs portables et les accessoires de la poussi\u00e8re, de l'humidit\u00e9 et des \u00e9l\u00e9ments environnementaux, offrant ainsi une durabilit\u00e9 \u00e0 long terme.<\/li>\n<li><strong data-start=\"1991\" data-end=\"2006\">Portabilit\u00e9<\/strong> - L\u00e9ger et pliable, il facilite le transport et le d\u00e9ploiement rapide.<\/li>\n<li><strong data-start=\"2098\" data-end=\"2125\">Compatibilit\u00e9 polyvalente<\/strong> - Convient \u00e0 la plupart des ordinateurs portables, ce qui le rend parfait pour les flux de travail num\u00e9riques sur le plateau.<\/li>\n<li><strong data-start=\"2208\" data-end=\"2220\">Mat\u00e9riau<\/strong> - Fabriqu\u00e9 en fibre de carbone 100%, ce qui garantit une r\u00e9sistance maximale et un poids r\u00e9duit.<\/li>\n<li><strong data-start=\"2318\" data-end=\"2343\">Capacit\u00e9 de charge maximale<\/strong> - Il prend en charge les cam\u00e9ras lourdes, les ordinateurs portables ou les stations de travail. En cons\u00e9quence<strong data-start=\"2355\" data-end=\"2423\">,<\/strong> il est id\u00e9al pour une utilisation professionnelle exigeante.<\/li>\n<li><strong data-start=\"2471\" data-end=\"2487\">Gamme de hauteurs<\/strong> - R\u00e9glable, il permet aux utilisateurs d'am\u00e9nager un poste de travail ergonomique.<\/li>\n<li><strong data-start=\"2561\" data-end=\"2580\">Pieds Twist-Lock<\/strong> - Assure une installation rapide et s\u00fbre, ce qui permet de gagner du temps sur le terrain.<\/li>\n<li><strong data-start=\"2658\" data-end=\"2671\">Stabilit\u00e9<\/strong> - \u00c9quip\u00e9 de pieds en caoutchouc et de pointes, il offre une forte traction sur diff\u00e9rents terrains.<\/li>\n<li style=\"list-style-type: none;\"><\/li>\n<\/ul>\n<p>Louez-le maintenant sur <a href=\"https:\/\/www.cinesouk.ma\/fr\">CINESOUK<\/a> - une marque de <a href=\"https:\/\/www.broadway.ma\/\">BROADWAY PRODUCTIONS SARL.<\/a><\/p>","protected":false},"excerpt":{"rendered":"<p>Sp\u00e9cifications :<\/p>\n<ul>\n<li style=\"list-style-type: none;\">\n<ul data-start=\"834\" data-end=\"1323\">\n<li data-start=\"834\" data-end=\"942\"><strong data-start=\"836\" data-end=\"859\">Pare-soleil int\u00e9gr\u00e9<\/strong>: R\u00e9duit l'\u00e9blouissement et les reflets, pour une meilleure visibilit\u00e9 \u00e0 l'ext\u00e9rieur.<\/li>\n<li data-start=\"943\" data-end=\"1015\"><strong data-start=\"945\" data-end=\"972\">Syst\u00e8me de fermeture magn\u00e9tique<\/strong>: Permet une installation rapide et un stockage s\u00e9curis\u00e9.<\/li>\n<li data-start=\"1016\" data-end=\"1126\"><strong data-start=\"1018\" data-end=\"1041\">Construction robuste<\/strong>: Prot\u00e8ge les ordinateurs portables et les accessoires de la poussi\u00e8re, de l'humidit\u00e9 et des \u00e9l\u00e9ments environnementaux.<\/li>\n<li data-start=\"1127\" data-end=\"1213\"><strong data-start=\"1129\" data-end=\"1144\">Portabilit\u00e9<\/strong>: L\u00e9ger et pliable pour un transport facile et un d\u00e9ploiement rapide.<\/li>\n<li data-start=\"1214\" data-end=\"1323\"><strong data-start=\"1216\" data-end=\"1243\">Compatibilit\u00e9 polyvalente<\/strong>: Convient \u00e0 la plupart des ordinateurs portables, ce qui en fait une solution id\u00e9ale pour les flux de travail num\u00e9riques sur le plateau.<\/li>\n<\/ul>\n<ul data-start=\"1675\" data-end=\"2056\">\n<li data-start=\"1675\" data-end=\"1751\"><strong data-start=\"1677\" data-end=\"1689\">Mat\u00e9riau<\/strong>: Fibre de carbone 100% pour une r\u00e9sistance maximale et un poids r\u00e9duit.<\/li>\n<li data-start=\"1752\" data-end=\"1842\"><strong data-start=\"1754\" data-end=\"1779\">Capacit\u00e9 de charge maximale<\/strong>: Supporte les cam\u00e9ras lourdes, les ordinateurs portables ou les stations de travail.<\/li>\n<li data-start=\"1843\" data-end=\"1921\"><strong data-start=\"1845\" data-end=\"1861\">Gamme de hauteurs<\/strong>: R\u00e9glable pour un positionnement ergonomique du poste de travail.<\/li>\n<li data-start=\"1922\" data-end=\"1978\"><strong data-start=\"1924\" data-end=\"1943\">Pieds Twist-Lock<\/strong>: Assure une installation rapide et s\u00fbre.<\/li>\n<li data-start=\"1979\" data-end=\"2056\"><strong data-start=\"1981\" data-end=\"1994\">Stabilit\u00e9<\/strong>: Pieds en caoutchouc et \u00e0 pointes pour une meilleure adh\u00e9rence sur les diff\u00e9rents terrains.<\/li>\n<\/ul>\n<\/li>\n<\/ul>","protected":false},"featured_media":10795,"template":"","meta":{"om_disable_all_campaigns":false,"_monsterinsights_skip_tracking":false,"_monsterinsights_sitenote_active":false,"_monsterinsights_sitenote_note":"","_monsterinsights_sitenote_category":0,"_uf_show_specific_survey":0,"_uf_disable_surveys":false},"product_brand":[],"product_cat":[37,77,84,79],"product_tag":[],"class_list":{"0":"post-10783","1":"product","2":"type-product","3":"status-publish","4":"has-post-thumbnail","6":"product_cat-accessories-cinesouk","7":"product_cat-computers-cinesouk","8":"product_cat-dit-cinesouk","9":"product_cat-photography-cinesouk","11":"entry","12":"has-media","14":"first","15":"instock","16":"taxable","17":"shipping-taxable","18":"purchasable","19":"product-type-variable","20":"has-product-nav","21":"col","22":"span_1_of_3","23":"owp-content-center","24":"owp-thumbs-layout-horizontal","25":"owp-btn-normal","26":"owp-tabs-layout-horizontal","27":"has-no-thumbnails"},"yoast_head":"<!-- This site is optimized with the Yoast SEO Premium plugin v26.0 (Yoast SEO v26.0) - https:\/\/yoast.com\/wordpress\/plugins\/seo\/ -->\n<title>Seaport I-Visor &amp; Benro TMA38CL Carbon Fiber Tripod<\/title>\n<meta name=\"description\" content=\"Seaport I-Visor &amp; Benro TMA38CL Carbon Fiber Tripod: A premium mobile workstation and sturdy tripod setup for on-location photography and video production.\" \/>\n<meta name=\"robots\" content=\"index, follow, max-snippet:-1, max-image-preview:large, max-video-preview:-1\" \/>\n<link rel=\"canonical\" href=\"https:\/\/www.cinesouk.ma\/fr\/produit\/seaport-i-visor-ls-pro-mag-and-benro-tma38cl-carbon-fiber-tripod\/\" \/>\n<meta property=\"og:locale\" content=\"fr_FR\" \/>\n<meta property=\"og:type\" content=\"article\" \/>\n<meta property=\"og:title\" content=\"Seaport I-Visor LS Pro MAG and Benro TMA38CL Carbon Fiber Tripod\" \/>\n<meta property=\"og:description\" content=\"Seaport I-Visor &amp; Benro TMA38CL Carbon Fiber Tripod: A premium mobile workstation and sturdy tripod setup for on-location photography and video production.\" \/>\n<meta property=\"og:url\" content=\"https:\/\/www.cinesouk.ma\/fr\/produit\/seaport-i-visor-ls-pro-mag-and-benro-tma38cl-carbon-fiber-tripod\/\" \/>\n<meta property=\"og:site_name\" content=\"CineSouk\" \/>\n<meta property=\"article:modified_time\" content=\"2025-10-30T14:02:46+00:00\" \/>\n<meta property=\"og:image\" content=\"https:\/\/www.cinesouk.ma\/wp-content\/uploads\/2025\/03\/Seaport-I-Visor-LS-Pro-MAG-and-Benro-TMA38CL-Carbon-Fiber-Tripod.jpg\" \/>\n\t<meta property=\"og:image:width\" content=\"300\" \/>\n\t<meta property=\"og:image:height\" content=\"238\" \/>\n\t<meta property=\"og:image:type\" content=\"image\/jpeg\" \/>\n<meta name=\"twitter:card\" content=\"summary_large_image\" \/>\n<meta name=\"twitter:title\" content=\"Seaport I-Visor &amp; Benro TMA38CL Carbon Fiber Tripod\" \/>\n<meta name=\"twitter:description\" content=\"Seaport I-Visor &amp; Benro TMA38CL Carbon Fiber Tripod: A premium mobile workstation and sturdy tripod setup for on-location photography and video production.\" \/>\n<meta name=\"twitter:label1\" content=\"Dur\u00e9e de lecture estim\u00e9e\" \/>\n\t<meta name=\"twitter:data1\" content=\"2 minutes\" \/>\n<script type=\"application\/ld+json\" class=\"yoast-schema-graph\">{\"@context\":\"https:\/\/schema.org\",\"@graph\":[{\"@type\":\"WebPage\",\"@id\":\"https:\/\/www.cinesouk.ma\/product\/seaport-i-visor-ls-pro-mag-and-benro-tma38cl-carbon-fiber-tripod\/\",\"url\":\"https:\/\/www.cinesouk.ma\/product\/seaport-i-visor-ls-pro-mag-and-benro-tma38cl-carbon-fiber-tripod\/\",\"name\":\"Seaport I-Visor & Benro TMA38CL Carbon Fiber Tripod\",\"isPartOf\":{\"@id\":\"https:\/\/www.cinesouk.ma\/#website\"},\"primaryImageOfPage\":{\"@id\":\"https:\/\/www.cinesouk.ma\/product\/seaport-i-visor-ls-pro-mag-and-benro-tma38cl-carbon-fiber-tripod\/#primaryimage\"},\"image\":{\"@id\":\"https:\/\/www.cinesouk.ma\/product\/seaport-i-visor-ls-pro-mag-and-benro-tma38cl-carbon-fiber-tripod\/#primaryimage\"},\"thumbnailUrl\":\"https:\/\/www.cinesouk.ma\/wp-content\/uploads\/2025\/03\/Seaport-I-Visor-LS-Pro-MAG-and-Benro-TMA38CL-Carbon-Fiber-Tripod.jpg\",\"datePublished\":\"2024-02-20T16:20:34+00:00\",\"dateModified\":\"2025-10-30T14:02:46+00:00\",\"description\":\"Seaport I-Visor & Benro TMA38CL Carbon Fiber Tripod: A premium mobile workstation and sturdy tripod setup for on-location photography and video production.\",\"breadcrumb\":{\"@id\":\"https:\/\/www.cinesouk.ma\/product\/seaport-i-visor-ls-pro-mag-and-benro-tma38cl-carbon-fiber-tripod\/#breadcrumb\"},\"inLanguage\":\"fr-FR\",\"potentialAction\":[{\"@type\":\"ReadAction\",\"target\":[\"https:\/\/www.cinesouk.ma\/product\/seaport-i-visor-ls-pro-mag-and-benro-tma38cl-carbon-fiber-tripod\/\"]}]},{\"@type\":\"ImageObject\",\"inLanguage\":\"fr-FR\",\"@id\":\"https:\/\/www.cinesouk.ma\/product\/seaport-i-visor-ls-pro-mag-and-benro-tma38cl-carbon-fiber-tripod\/#primaryimage\",\"url\":\"https:\/\/www.cinesouk.ma\/wp-content\/uploads\/2025\/03\/Seaport-I-Visor-LS-Pro-MAG-and-Benro-TMA38CL-Carbon-Fiber-Tripod.jpg\",\"contentUrl\":\"https:\/\/www.cinesouk.ma\/wp-content\/uploads\/2025\/03\/Seaport-I-Visor-LS-Pro-MAG-and-Benro-TMA38CL-Carbon-Fiber-Tripod.jpg\",\"width\":300,\"height\":238,\"caption\":\"Seaport I-Visor LS Pro MAG and Benro TMA38CL Carbon Fiber Tripod\"},{\"@type\":\"BreadcrumbList\",\"@id\":\"https:\/\/www.cinesouk.ma\/product\/seaport-i-visor-ls-pro-mag-and-benro-tma38cl-carbon-fiber-tripod\/#breadcrumb\",\"itemListElement\":[{\"@type\":\"ListItem\",\"position\":1,\"name\":\"Home\",\"item\":\"https:\/\/www.cinesouk.ma\/\"},{\"@type\":\"ListItem\",\"position\":2,\"name\":\"Shop\",\"item\":\"https:\/\/www.cinesouk.ma\/shop\/\"},{\"@type\":\"ListItem\",\"position\":3,\"name\":\"Seaport I-Visor &#038; Benro TMA38CL Carbon Fiber Tripod\"}]},{\"@type\":\"WebSite\",\"@id\":\"https:\/\/www.cinesouk.ma\/#website\",\"url\":\"https:\/\/www.cinesouk.ma\/\",\"name\":\"CineSouk\",\"description\":\"\",\"publisher\":{\"@id\":\"https:\/\/www.cinesouk.ma\/#organization\"},\"potentialAction\":[{\"@type\":\"SearchAction\",\"target\":{\"@type\":\"EntryPoint\",\"urlTemplate\":\"https:\/\/www.cinesouk.ma\/?s={search_term_string}\"},\"query-input\":{\"@type\":\"PropertyValueSpecification\",\"valueRequired\":true,\"valueName\":\"search_term_string\"}}],\"inLanguage\":\"fr-FR\"},{\"@type\":\"Organization\",\"@id\":\"https:\/\/www.cinesouk.ma\/#organization\",\"name\":\"CineSouk\",\"url\":\"https:\/\/www.cinesouk.ma\/\",\"logo\":{\"@type\":\"ImageObject\",\"inLanguage\":\"fr-FR\",\"@id\":\"https:\/\/www.cinesouk.ma\/#\/schema\/logo\/image\/\",\"url\":\"https:\/\/www.cinesouk.ma\/wp-content\/uploads\/2024\/01\/CineSouk-logo-v01-alpha-alligned-left.png\",\"contentUrl\":\"https:\/\/www.cinesouk.ma\/wp-content\/uploads\/2024\/01\/CineSouk-logo-v01-alpha-alligned-left.png\",\"width\":3204,\"height\":889,\"caption\":\"CineSouk\"},\"image\":{\"@id\":\"https:\/\/www.cinesouk.ma\/#\/schema\/logo\/image\/\"}}]}<\/script>\n<!-- \/ Yoast SEO Premium plugin. -->","yoast_head_json":{"title":"Seaport I-Visor et tr\u00e9pied Benro TMA38CL en fibre de carbone","description":"Seaport I-Visor & Benro TMA38CL Carbon Fiber Tripod: A premium mobile workstation and sturdy tripod setup for on-location photography and video production.","robots":{"index":"index","follow":"follow","max-snippet":"max-snippet:-1","max-image-preview":"max-image-preview:large","max-video-preview":"max-video-preview:-1"},"canonical":"https:\/\/www.cinesouk.ma\/fr\/produit\/seaport-i-visor-ls-pro-mag-and-benro-tma38cl-carbon-fiber-tripod\/","og_locale":"fr_FR","og_type":"article","og_title":"Seaport I-Visor LS Pro MAG and Benro TMA38CL Carbon Fiber Tripod","og_description":"Seaport I-Visor & Benro TMA38CL Carbon Fiber Tripod: A premium mobile workstation and sturdy tripod setup for on-location photography and video production.","og_url":"https:\/\/www.cinesouk.ma\/fr\/produit\/seaport-i-visor-ls-pro-mag-and-benro-tma38cl-carbon-fiber-tripod\/","og_site_name":"CineSouk","article_modified_time":"2025-10-30T14:02:46+00:00","og_image":[{"width":300,"height":238,"url":"https:\/\/www.cinesouk.ma\/wp-content\/uploads\/2025\/03\/Seaport-I-Visor-LS-Pro-MAG-and-Benro-TMA38CL-Carbon-Fiber-Tripod.jpg","type":"image\/jpeg"}],"twitter_card":"summary_large_image","twitter_title":"Seaport I-Visor & Benro TMA38CL Carbon Fiber Tripod","twitter_description":"Seaport I-Visor & Benro TMA38CL Carbon Fiber Tripod: A premium mobile workstation and sturdy tripod setup for on-location photography and video production.","twitter_misc":{"Dur\u00e9e de lecture estim\u00e9e":"2 minutes"},"schema":{"@context":"https:\/\/schema.org","@graph":[{"@type":"WebPage","@id":"https:\/\/www.cinesouk.ma\/product\/seaport-i-visor-ls-pro-mag-and-benro-tma38cl-carbon-fiber-tripod\/","url":"https:\/\/www.cinesouk.ma\/product\/seaport-i-visor-ls-pro-mag-and-benro-tma38cl-carbon-fiber-tripod\/","name":"Seaport I-Visor et tr\u00e9pied Benro TMA38CL en fibre de carbone","isPartOf":{"@id":"https:\/\/www.cinesouk.ma\/#website"},"primaryImageOfPage":{"@id":"https:\/\/www.cinesouk.ma\/product\/seaport-i-visor-ls-pro-mag-and-benro-tma38cl-carbon-fiber-tripod\/#primaryimage"},"image":{"@id":"https:\/\/www.cinesouk.ma\/product\/seaport-i-visor-ls-pro-mag-and-benro-tma38cl-carbon-fiber-tripod\/#primaryimage"},"thumbnailUrl":"https:\/\/www.cinesouk.ma\/wp-content\/uploads\/2025\/03\/Seaport-I-Visor-LS-Pro-MAG-and-Benro-TMA38CL-Carbon-Fiber-Tripod.jpg","datePublished":"2024-02-20T16:20:34+00:00","dateModified":"2025-10-30T14:02:46+00:00","description":"Seaport I-Visor & Benro TMA38CL Carbon Fiber Tripod: A premium mobile workstation and sturdy tripod setup for on-location photography and video production.","breadcrumb":{"@id":"https:\/\/www.cinesouk.ma\/product\/seaport-i-visor-ls-pro-mag-and-benro-tma38cl-carbon-fiber-tripod\/#breadcrumb"},"inLanguage":"fr-FR","potentialAction":[{"@type":"ReadAction","target":["https:\/\/www.cinesouk.ma\/product\/seaport-i-visor-ls-pro-mag-and-benro-tma38cl-carbon-fiber-tripod\/"]}]},{"@type":"ImageObject","inLanguage":"fr-FR","@id":"https:\/\/www.cinesouk.ma\/product\/seaport-i-visor-ls-pro-mag-and-benro-tma38cl-carbon-fiber-tripod\/#primaryimage","url":"https:\/\/www.cinesouk.ma\/wp-content\/uploads\/2025\/03\/Seaport-I-Visor-LS-Pro-MAG-and-Benro-TMA38CL-Carbon-Fiber-Tripod.jpg","contentUrl":"https:\/\/www.cinesouk.ma\/wp-content\/uploads\/2025\/03\/Seaport-I-Visor-LS-Pro-MAG-and-Benro-TMA38CL-Carbon-Fiber-Tripod.jpg","width":300,"height":238,"caption":"Seaport I-Visor LS Pro MAG and Benro TMA38CL Carbon Fiber Tripod"},{"@type":"BreadcrumbList","@id":"https:\/\/www.cinesouk.ma\/product\/seaport-i-visor-ls-pro-mag-and-benro-tma38cl-carbon-fiber-tripod\/#breadcrumb","itemListElement":[{"@type":"ListItem","position":1,"name":"Home","item":"https:\/\/www.cinesouk.ma\/"},{"@type":"ListItem","position":2,"name":"Shop","item":"https:\/\/www.cinesouk.ma\/shop\/"},{"@type":"ListItem","position":3,"name":"Seaport I-Visor &#038; Benro TMA38CL Carbon Fiber Tripod"}]},{"@type":"WebSite","@id":"https:\/\/www.cinesouk.ma\/#website","url":"https:\/\/www.cinesouk.ma\/","name":"CineSouk","description":"","publisher":{"@id":"https:\/\/www.cinesouk.ma\/#organization"},"potentialAction":[{"@type":"SearchAction","target":{"@type":"EntryPoint","urlTemplate":"https:\/\/www.cinesouk.ma\/?s={search_term_string}"},"query-input":{"@type":"PropertyValueSpecification","valueRequired":true,"valueName":"search_term_string"}}],"inLanguage":"fr-FR"},{"@type":"Organization","@id":"https:\/\/www.cinesouk.ma\/#organization","name":"CineSouk","url":"https:\/\/www.cinesouk.ma\/","logo":{"@type":"ImageObject","inLanguage":"fr-FR","@id":"https:\/\/www.cinesouk.ma\/#\/schema\/logo\/image\/","url":"https:\/\/www.cinesouk.ma\/wp-content\/uploads\/2024\/01\/CineSouk-logo-v01-alpha-alligned-left.png","contentUrl":"https:\/\/www.cinesouk.ma\/wp-content\/uploads\/2024\/01\/CineSouk-logo-v01-alpha-alligned-left.png","width":3204,"height":889,"caption":"CineSouk"},"image":{"@id":"https:\/\/www.cinesouk.ma\/#\/schema\/logo\/image\/"}}]}},"_links":{"self":[{"href":"https:\/\/www.cinesouk.ma\/fr\/wp-json\/wp\/v2\/product\/10783","targetHints":{"allow":["GET"]}}],"collection":[{"href":"https:\/\/www.cinesouk.ma\/fr\/wp-json\/wp\/v2\/product"}],"about":[{"href":"https:\/\/www.cinesouk.ma\/fr\/wp-json\/wp\/v2\/types\/product"}],"wp:featuredmedia":[{"embeddable":true,"href":"https:\/\/www.cinesouk.ma\/fr\/wp-json\/wp\/v2\/media\/10795"}],"wp:attachment":[{"href":"https:\/\/www.cinesouk.ma\/fr\/wp-json\/wp\/v2\/media?parent=10783"}],"wp:term":[{"taxonomy":"product_brand","embeddable":true,"href":"https:\/\/www.cinesouk.ma\/fr\/wp-json\/wp\/v2\/product_brand?post=10783"},{"taxonomy":"product_cat","embeddable":true,"href":"https:\/\/www.cinesouk.ma\/fr\/wp-json\/wp\/v2\/product_cat?post=10783"},{"taxonomy":"product_tag","embeddable":true,"href":"https:\/\/www.cinesouk.ma\/fr\/wp-json\/wp\/v2\/product_tag?post=10783"}],"curies":[{"name":"wp","href":"https:\/\/api.w.org\/{rel}","templated":true}]}}