{"id":10927,"date":"2025-03-05T09:43:07","date_gmt":"2025-03-05T09:43:07","guid":{"rendered":"https:\/\/www.cinesouk.ma\/?post_type=product&#038;p=10927"},"modified":"2025-08-26T13:05:20","modified_gmt":"2025-08-26T13:05:20","slug":"shure-sm58-lc","status":"publish","type":"product","link":"https:\/\/www.cinesouk.ma\/fr\/produit\/shure-sm58-lc\/","title":{"rendered":"Shure SM58 LC"},"content":{"rendered":"<p data-start=\"53\" data-end=\"437\">Le Shure SM58 LC est un microphone vocal dynamique l\u00e9gendaire, r\u00e9put\u00e9 pour son son chaud et clair et sa durabilit\u00e9 in\u00e9gal\u00e9e. Con\u00e7u pour les performances en direct, les enregistrements en studio et la radiodiffusion, le SM58 LC offre des voix riches et nettes avec une excellente r\u00e9jection des bruits de fond, ce qui en fait un choix de premier ordre pour les musiciens, les orateurs et les professionnels de l'audio du monde entier.<\/p>\n<p data-start=\"439\" data-end=\"739\">Avec son diagramme polaire cardio\u00efde, le SM58 LC isole efficacement la source sonore principale, r\u00e9duisant ainsi les bruits de fond ind\u00e9sirables et l'effet Larsen. Son syst\u00e8me de montage pneumatique int\u00e9gr\u00e9 minimise les bruits de manipulation, garantissant des performances constantes et fiables, m\u00eame dans les environnements exigeants.<\/p>\n<p data-start=\"741\" data-end=\"940\">La construction robuste du microphone, sa grille en acier et son filtre anti-pop interne le rendent r\u00e9sistant \u00e0 l'usure, ce qui lui conf\u00e8re une longue dur\u00e9e de vie, tant sur sc\u00e8ne qu'en studio.<\/p>\n<h3 data-start=\"947\" data-end=\"969\"><strong data-start=\"951\" data-end=\"967\">Caract\u00e9ristiques principales du Shure SM58 LC :<\/strong><\/h3>\n<ul data-start=\"971\" data-end=\"1415\">\n<li data-start=\"971\" data-end=\"1058\"><strong data-start=\"973\" data-end=\"1004\">Microphone vocal conforme aux normes de l'industrie<\/strong> - Un produit de confiance dans le monde entier pour les enregistrements vocaux en direct et en studio.<\/li>\n<li data-start=\"1059\" data-end=\"1158\"><strong data-start=\"1061\" data-end=\"1087\">Diagramme polaire cardio\u00efde<\/strong> - Isole les voix tout en rejetant les bruits de fond et l'effet Larsen.<\/li>\n<li data-start=\"1159\" data-end=\"1250\"><strong data-start=\"1161\" data-end=\"1193\">Syst\u00e8me de montage \u00e0 chocs pneumatiques<\/strong> - R\u00e9duit les bruits de manipulation pour des enregistrements plus nets.<\/li>\n<li data-start=\"1251\" data-end=\"1336\"><strong data-start=\"1253\" data-end=\"1277\">Construction durable<\/strong> - Con\u00e7u pour r\u00e9sister \u00e0 une utilisation intensive sur sc\u00e8ne et en studio.<\/li>\n<li data-start=\"1337\" data-end=\"1415\"><strong data-start=\"1339\" data-end=\"1364\">Filtre anti-pop int\u00e9gr\u00e9<\/strong> - R\u00e9duit les sons plosifs pour des voix plus claires.<\/li>\n<\/ul>\n<h3>Sp\u00e9cifications :<\/h3>\n<ul>\n<li data-start=\"1456\" data-end=\"1488\"><strong data-start=\"1458\" data-end=\"1478\">Type de microphone :<\/strong> Dynamique<\/li>\n<li data-start=\"1489\" data-end=\"1520\"><strong data-start=\"1491\" data-end=\"1509\">Mod\u00e8le polaire :<\/strong> Cardio\u00efde<\/li>\n<li data-start=\"1521\" data-end=\"1561\"><strong data-start=\"1523\" data-end=\"1546\">R\u00e9ponse en fr\u00e9quence :<\/strong> 50Hz - 15kHz<\/li>\n<li data-start=\"1562\" data-end=\"1592\"><strong data-start=\"1564\" data-end=\"1585\">Imp\u00e9dance de sortie :<\/strong> 150\u03a9<\/li>\n<li data-start=\"1593\" data-end=\"1623\"><strong data-start=\"1595\" data-end=\"1609\">Connecteur :<\/strong> XLR (3 broches)<\/li>\n<li data-start=\"1624\" data-end=\"1686\"><strong data-start=\"1626\" data-end=\"1643\">Construction :<\/strong> Corps m\u00e9tallique robuste avec grille en acier<\/li>\n<li data-start=\"1687\" data-end=\"1774\"><strong data-start=\"1689\" data-end=\"1706\">Applications :<\/strong> Chant en direct, enregistrement en studio, discours, radiodiffusion, podcasting<\/li>\n<\/ul>\n<p><strong>Louez le Shure SM58 LC maintenant sur <a href=\"https:\/\/www.cinesouk.ma\/fr\">CINESOUK<\/a> - une marque de <a href=\"https:\/\/www.broadway.ma\/\"><strong>BROADWAY PRODUCTIONS SARL.<\/strong><\/a><\/strong><\/p>","protected":false},"excerpt":{"rendered":"<h3>Sp\u00e9cifications :<\/h3>\n<ul>\n<li data-start=\"1456\" data-end=\"1488\"><strong data-start=\"1458\" data-end=\"1478\">Type de microphone :<\/strong> Dynamique<\/li>\n<li data-start=\"1489\" data-end=\"1520\"><strong data-start=\"1491\" data-end=\"1509\">Mod\u00e8le polaire :<\/strong> Cardio\u00efde<\/li>\n<li data-start=\"1521\" data-end=\"1561\"><strong data-start=\"1523\" data-end=\"1546\">R\u00e9ponse en fr\u00e9quence :<\/strong> 50Hz - 15kHz<\/li>\n<li data-start=\"1562\" data-end=\"1592\"><strong data-start=\"1564\" data-end=\"1585\">Imp\u00e9dance de sortie :<\/strong> 150\u03a9<\/li>\n<li data-start=\"1593\" data-end=\"1623\"><strong data-start=\"1595\" data-end=\"1609\">Connecteur :<\/strong> XLR (3 broches)<\/li>\n<li data-start=\"1624\" data-end=\"1686\"><strong data-start=\"1626\" data-end=\"1643\">Construction :<\/strong> Corps m\u00e9tallique robuste avec grille en acier<\/li>\n<li data-start=\"1687\" data-end=\"1774\"><strong data-start=\"1689\" data-end=\"1706\">Applications :<\/strong> Chant en direct, enregistrement en studio, discours, radiodiffusion, podcasting<\/li>\n<\/ul>","protected":false},"featured_media":10939,"template":"","meta":{"om_disable_all_campaigns":false,"_monsterinsights_skip_tracking":false,"_monsterinsights_sitenote_active":false,"_monsterinsights_sitenote_note":"","_monsterinsights_sitenote_category":0,"_uf_show_specific_survey":0,"_uf_disable_surveys":false},"product_brand":[],"product_cat":[83,86,35],"product_tag":[],"class_list":{"0":"post-10927","1":"product","2":"type-product","3":"status-publish","4":"has-post-thumbnail","6":"product_cat-efp-eng-cinesouk","7":"product_cat-foh-cinesouk","8":"product_cat-sound-cinesouk","10":"entry","11":"has-media","13":"first","14":"instock","15":"taxable","16":"shipping-taxable","17":"purchasable","18":"product-type-variable","19":"has-product-nav","20":"col","21":"span_1_of_3","22":"owp-content-center","23":"owp-thumbs-layout-horizontal","24":"owp-btn-normal","25":"owp-tabs-layout-horizontal","26":"has-no-thumbnails"},"yoast_head":"<!-- This site is optimized with the Yoast SEO Premium plugin v26.0 (Yoast SEO v26.0) - https:\/\/yoast.com\/wordpress\/plugins\/seo\/ -->\n<title>Shure SM58 LC - CineSouk - Marrakech | Morocco - For rent<\/title>\n<meta name=\"description\" content=\"Shure SM58 LC Dynamic Vocal Microphone: The industry-standard microphone for live performances and studio vocals, featuring rich sound, noise isolation, and unmatched durability.\" \/>\n<meta name=\"robots\" content=\"index, follow, max-snippet:-1, max-image-preview:large, max-video-preview:-1\" \/>\n<link rel=\"canonical\" href=\"https:\/\/www.cinesouk.ma\/fr\/produit\/shure-sm58-lc\/\" \/>\n<meta property=\"og:locale\" content=\"fr_FR\" \/>\n<meta property=\"og:type\" content=\"article\" \/>\n<meta property=\"og:title\" content=\"Shure SM58 LC\" \/>\n<meta property=\"og:description\" content=\"Shure SM58 LC Dynamic Vocal Microphone: The industry-standard microphone for live performances and studio vocals, featuring rich sound, noise isolation, and unmatched durability.\" \/>\n<meta property=\"og:url\" content=\"https:\/\/www.cinesouk.ma\/fr\/produit\/shure-sm58-lc\/\" \/>\n<meta property=\"og:site_name\" content=\"CineSouk\" \/>\n<meta property=\"article:modified_time\" content=\"2025-08-26T13:05:20+00:00\" \/>\n<meta property=\"og:image\" content=\"https:\/\/www.cinesouk.ma\/wp-content\/uploads\/2025\/03\/Shure-SM58-LC.jpg\" \/>\n\t<meta property=\"og:image:width\" content=\"300\" \/>\n\t<meta property=\"og:image:height\" content=\"238\" \/>\n\t<meta property=\"og:image:type\" content=\"image\/jpeg\" \/>\n<meta name=\"twitter:card\" content=\"summary_large_image\" \/>\n<meta name=\"twitter:description\" content=\"Shure SM58 LC Dynamic Vocal Microphone: The industry-standard microphone for live performances and studio vocals, featuring rich sound, noise isolation, and unmatched durability.\" \/>\n<meta name=\"twitter:label1\" content=\"Dur\u00e9e de lecture estim\u00e9e\" \/>\n\t<meta name=\"twitter:data1\" content=\"2 minutes\" \/>\n<script type=\"application\/ld+json\" class=\"yoast-schema-graph\">{\"@context\":\"https:\/\/schema.org\",\"@graph\":[{\"@type\":\"WebPage\",\"@id\":\"https:\/\/www.cinesouk.ma\/product\/shure-sm58-lc\/\",\"url\":\"https:\/\/www.cinesouk.ma\/product\/shure-sm58-lc\/\",\"name\":\"Shure SM58 LC - CineSouk - Marrakech | Morocco - For rent\",\"isPartOf\":{\"@id\":\"https:\/\/www.cinesouk.ma\/#website\"},\"primaryImageOfPage\":{\"@id\":\"https:\/\/www.cinesouk.ma\/product\/shure-sm58-lc\/#primaryimage\"},\"image\":{\"@id\":\"https:\/\/www.cinesouk.ma\/product\/shure-sm58-lc\/#primaryimage\"},\"thumbnailUrl\":\"https:\/\/www.cinesouk.ma\/wp-content\/uploads\/2025\/03\/Shure-SM58-LC-1.jpg\",\"datePublished\":\"2025-03-05T09:43:07+00:00\",\"dateModified\":\"2025-08-26T13:05:20+00:00\",\"description\":\"Shure SM58 LC Dynamic Vocal Microphone: The industry-standard microphone for live performances and studio vocals, featuring rich sound, noise isolation, and unmatched durability.\",\"breadcrumb\":{\"@id\":\"https:\/\/www.cinesouk.ma\/product\/shure-sm58-lc\/#breadcrumb\"},\"inLanguage\":\"fr-FR\",\"potentialAction\":[{\"@type\":\"ReadAction\",\"target\":[\"https:\/\/www.cinesouk.ma\/product\/shure-sm58-lc\/\"]}]},{\"@type\":\"ImageObject\",\"inLanguage\":\"fr-FR\",\"@id\":\"https:\/\/www.cinesouk.ma\/product\/shure-sm58-lc\/#primaryimage\",\"url\":\"https:\/\/www.cinesouk.ma\/wp-content\/uploads\/2025\/03\/Shure-SM58-LC-1.jpg\",\"contentUrl\":\"https:\/\/www.cinesouk.ma\/wp-content\/uploads\/2025\/03\/Shure-SM58-LC-1.jpg\",\"width\":300,\"height\":238,\"caption\":\"Shure SM58 LC\"},{\"@type\":\"BreadcrumbList\",\"@id\":\"https:\/\/www.cinesouk.ma\/product\/shure-sm58-lc\/#breadcrumb\",\"itemListElement\":[{\"@type\":\"ListItem\",\"position\":1,\"name\":\"Home\",\"item\":\"https:\/\/www.cinesouk.ma\/\"},{\"@type\":\"ListItem\",\"position\":2,\"name\":\"Shop\",\"item\":\"https:\/\/www.cinesouk.ma\/shop\/\"},{\"@type\":\"ListItem\",\"position\":3,\"name\":\"Shure SM58 LC\"}]},{\"@type\":\"WebSite\",\"@id\":\"https:\/\/www.cinesouk.ma\/#website\",\"url\":\"https:\/\/www.cinesouk.ma\/\",\"name\":\"CineSouk\",\"description\":\"\",\"publisher\":{\"@id\":\"https:\/\/www.cinesouk.ma\/#organization\"},\"potentialAction\":[{\"@type\":\"SearchAction\",\"target\":{\"@type\":\"EntryPoint\",\"urlTemplate\":\"https:\/\/www.cinesouk.ma\/?s={search_term_string}\"},\"query-input\":{\"@type\":\"PropertyValueSpecification\",\"valueRequired\":true,\"valueName\":\"search_term_string\"}}],\"inLanguage\":\"fr-FR\"},{\"@type\":\"Organization\",\"@id\":\"https:\/\/www.cinesouk.ma\/#organization\",\"name\":\"CineSouk\",\"url\":\"https:\/\/www.cinesouk.ma\/\",\"logo\":{\"@type\":\"ImageObject\",\"inLanguage\":\"fr-FR\",\"@id\":\"https:\/\/www.cinesouk.ma\/#\/schema\/logo\/image\/\",\"url\":\"https:\/\/www.cinesouk.ma\/wp-content\/uploads\/2024\/01\/CineSouk-logo-v01-alpha-alligned-left.png\",\"contentUrl\":\"https:\/\/www.cinesouk.ma\/wp-content\/uploads\/2024\/01\/CineSouk-logo-v01-alpha-alligned-left.png\",\"width\":3204,\"height\":889,\"caption\":\"CineSouk\"},\"image\":{\"@id\":\"https:\/\/www.cinesouk.ma\/#\/schema\/logo\/image\/\"}}]}<\/script>\n<!-- \/ Yoast SEO Premium plugin. -->","yoast_head_json":{"title":"Shure SM58 LC - CineSouk - Marrakech | Morocco - For rent","description":"Shure SM58 LC Dynamic Vocal Microphone: The industry-standard microphone for live performances and studio vocals, featuring rich sound, noise isolation, and unmatched durability.","robots":{"index":"index","follow":"follow","max-snippet":"max-snippet:-1","max-image-preview":"max-image-preview:large","max-video-preview":"max-video-preview:-1"},"canonical":"https:\/\/www.cinesouk.ma\/fr\/produit\/shure-sm58-lc\/","og_locale":"fr_FR","og_type":"article","og_title":"Shure SM58 LC","og_description":"Shure SM58 LC Dynamic Vocal Microphone: The industry-standard microphone for live performances and studio vocals, featuring rich sound, noise isolation, and unmatched durability.","og_url":"https:\/\/www.cinesouk.ma\/fr\/produit\/shure-sm58-lc\/","og_site_name":"CineSouk","article_modified_time":"2025-08-26T13:05:20+00:00","og_image":[{"width":300,"height":238,"url":"https:\/\/www.cinesouk.ma\/wp-content\/uploads\/2025\/03\/Shure-SM58-LC.jpg","type":"image\/jpeg"}],"twitter_card":"summary_large_image","twitter_description":"Shure SM58 LC Dynamic Vocal Microphone: The industry-standard microphone for live performances and studio vocals, featuring rich sound, noise isolation, and unmatched durability.","twitter_misc":{"Dur\u00e9e de lecture estim\u00e9e":"2 minutes"},"schema":{"@context":"https:\/\/schema.org","@graph":[{"@type":"WebPage","@id":"https:\/\/www.cinesouk.ma\/product\/shure-sm58-lc\/","url":"https:\/\/www.cinesouk.ma\/product\/shure-sm58-lc\/","name":"Shure SM58 LC - CineSouk - Marrakech | Morocco - For rent","isPartOf":{"@id":"https:\/\/www.cinesouk.ma\/#website"},"primaryImageOfPage":{"@id":"https:\/\/www.cinesouk.ma\/product\/shure-sm58-lc\/#primaryimage"},"image":{"@id":"https:\/\/www.cinesouk.ma\/product\/shure-sm58-lc\/#primaryimage"},"thumbnailUrl":"https:\/\/www.cinesouk.ma\/wp-content\/uploads\/2025\/03\/Shure-SM58-LC-1.jpg","datePublished":"2025-03-05T09:43:07+00:00","dateModified":"2025-08-26T13:05:20+00:00","description":"Shure SM58 LC Dynamic Vocal Microphone: The industry-standard microphone for live performances and studio vocals, featuring rich sound, noise isolation, and unmatched durability.","breadcrumb":{"@id":"https:\/\/www.cinesouk.ma\/product\/shure-sm58-lc\/#breadcrumb"},"inLanguage":"fr-FR","potentialAction":[{"@type":"ReadAction","target":["https:\/\/www.cinesouk.ma\/product\/shure-sm58-lc\/"]}]},{"@type":"ImageObject","inLanguage":"fr-FR","@id":"https:\/\/www.cinesouk.ma\/product\/shure-sm58-lc\/#primaryimage","url":"https:\/\/www.cinesouk.ma\/wp-content\/uploads\/2025\/03\/Shure-SM58-LC-1.jpg","contentUrl":"https:\/\/www.cinesouk.ma\/wp-content\/uploads\/2025\/03\/Shure-SM58-LC-1.jpg","width":300,"height":238,"caption":"Shure SM58 LC"},{"@type":"BreadcrumbList","@id":"https:\/\/www.cinesouk.ma\/product\/shure-sm58-lc\/#breadcrumb","itemListElement":[{"@type":"ListItem","position":1,"name":"Home","item":"https:\/\/www.cinesouk.ma\/"},{"@type":"ListItem","position":2,"name":"Shop","item":"https:\/\/www.cinesouk.ma\/shop\/"},{"@type":"ListItem","position":3,"name":"Shure SM58 LC"}]},{"@type":"WebSite","@id":"https:\/\/www.cinesouk.ma\/#website","url":"https:\/\/www.cinesouk.ma\/","name":"CineSouk","description":"","publisher":{"@id":"https:\/\/www.cinesouk.ma\/#organization"},"potentialAction":[{"@type":"SearchAction","target":{"@type":"EntryPoint","urlTemplate":"https:\/\/www.cinesouk.ma\/?s={search_term_string}"},"query-input":{"@type":"PropertyValueSpecification","valueRequired":true,"valueName":"search_term_string"}}],"inLanguage":"fr-FR"},{"@type":"Organization","@id":"https:\/\/www.cinesouk.ma\/#organization","name":"CineSouk","url":"https:\/\/www.cinesouk.ma\/","logo":{"@type":"ImageObject","inLanguage":"fr-FR","@id":"https:\/\/www.cinesouk.ma\/#\/schema\/logo\/image\/","url":"https:\/\/www.cinesouk.ma\/wp-content\/uploads\/2024\/01\/CineSouk-logo-v01-alpha-alligned-left.png","contentUrl":"https:\/\/www.cinesouk.ma\/wp-content\/uploads\/2024\/01\/CineSouk-logo-v01-alpha-alligned-left.png","width":3204,"height":889,"caption":"CineSouk"},"image":{"@id":"https:\/\/www.cinesouk.ma\/#\/schema\/logo\/image\/"}}]}},"_links":{"self":[{"href":"https:\/\/www.cinesouk.ma\/fr\/wp-json\/wp\/v2\/product\/10927","targetHints":{"allow":["GET"]}}],"collection":[{"href":"https:\/\/www.cinesouk.ma\/fr\/wp-json\/wp\/v2\/product"}],"about":[{"href":"https:\/\/www.cinesouk.ma\/fr\/wp-json\/wp\/v2\/types\/product"}],"wp:featuredmedia":[{"embeddable":true,"href":"https:\/\/www.cinesouk.ma\/fr\/wp-json\/wp\/v2\/media\/10939"}],"wp:attachment":[{"href":"https:\/\/www.cinesouk.ma\/fr\/wp-json\/wp\/v2\/media?parent=10927"}],"wp:term":[{"taxonomy":"product_brand","embeddable":true,"href":"https:\/\/www.cinesouk.ma\/fr\/wp-json\/wp\/v2\/product_brand?post=10927"},{"taxonomy":"product_cat","embeddable":true,"href":"https:\/\/www.cinesouk.ma\/fr\/wp-json\/wp\/v2\/product_cat?post=10927"},{"taxonomy":"product_tag","embeddable":true,"href":"https:\/\/www.cinesouk.ma\/fr\/wp-json\/wp\/v2\/product_tag?post=10927"}],"curies":[{"name":"wp","href":"https:\/\/api.w.org\/{rel}","templated":true}]}}