{"id":10940,"date":"2024-11-27T08:21:55","date_gmt":"2024-11-27T08:21:55","guid":{"rendered":"https:\/\/www.cinesouk.ma\/?post_type=product&#038;p=10940"},"modified":"2025-08-22T10:46:24","modified_gmt":"2025-08-22T10:46:24","slug":"vocas-mb-255-matte-box","status":"publish","type":"product","link":"https:\/\/www.cinesouk.ma\/fr\/produit\/vocas-mb-255-matte-box\/","title":{"rendered":"Vocas - MB-255 Matte Box"},"content":{"rendered":"<p data-start=\"145\" data-end=\"538\">La bo\u00eete de matage MB-255 de Vocas est une solution l\u00e9g\u00e8re et compacte pour le tournage de films, de documentaires et de cam\u00e9ras portatives. Fabriqu\u00e9e avec des mat\u00e9riaux de haute qualit\u00e9, elle bloque efficacement les reflets et l'\u00e9blouissement ind\u00e9sirables tout en conservant une mobilit\u00e9 maximale. Les directeurs de la photographie peuvent ainsi mieux contr\u00f4ler la lumi\u00e8re sans compromettre la flexibilit\u00e9.<\/p>\n<p data-start=\"540\" data-end=\"843\">Cette bo\u00eete \u00e0 matte \u00e0 2 \u00e9tages prend en charge les filtres 4 x 4\u2033 et 4 x 5,65\u2033, ce qui permet aux directeurs de la photographie d'empiler plusieurs filtres pour un meilleur contr\u00f4le de l'exposition et de la qualit\u00e9 de l'image. En outre, son m\u00e9canisme de pivotement acc\u00e9l\u00e8re les changements d'objectif, ce qui en fait un outil id\u00e9al pour les productions rapides.<\/p>\n<p data-start=\"845\" data-end=\"1133\">Le MB-255 fonctionne parfaitement avec les objectifs grand angle, \u00e9vitant le vignettage et garantissant une mise en forme optimale de la lumi\u00e8re et un contr\u00f4le des reflets. Qu'il soit mont\u00e9 sur des tiges LWS de 15 mm ou clips\u00e9 directement sur l'objectif, il est compatible avec de nombreux syst\u00e8mes de cam\u00e9ras professionnelles.<\/p>\n<h3 data-start=\"1135\" data-end=\"1188\"><strong data-start=\"1139\" data-end=\"1186\">Caract\u00e9ristiques du Vocas MB-255 Matte Box :<\/strong><\/h3>\n<ul data-start=\"1189\" data-end=\"1861\">\n<li data-start=\"1189\" data-end=\"1328\"><strong data-start=\"1191\" data-end=\"1223\">Conception l\u00e9g\u00e8re et compacte<\/strong> - Parfait pour la r\u00e9alisation de films \u00e0 main lev\u00e9e, \u00e0 l'aide d'un cardan et de documentaires, il permet une grande maniabilit\u00e9.<\/li>\n<li data-start=\"1329\" data-end=\"1438\"><strong data-start=\"1331\" data-end=\"1356\">Syst\u00e8me de filtre \u00e0 2 \u00e9tages<\/strong> - Contient des filtres de 4 x 4\u2033 et de 4 x 5,65\u2033, ce qui permet un meilleur contr\u00f4le de l'image.<\/li>\n<li data-start=\"1439\" data-end=\"1547\"><strong data-start=\"1441\" data-end=\"1465\">M\u00e9canisme de pivotement<\/strong> - Acc\u00e9l\u00e8re le changement d'objectif en \u00e9liminant la n\u00e9cessit\u00e9 de retirer la bo\u00eete de matte.<\/li>\n<li data-start=\"1548\" data-end=\"1656\"><strong data-start=\"1550\" data-end=\"1583\">Compatibilit\u00e9 avec les objectifs grand angle<\/strong> - Emp\u00eache le vignettage et garantit des images nettes et professionnelles.<\/li>\n<li data-start=\"1657\" data-end=\"1763\"><strong data-start=\"1659\" data-end=\"1685\">A clipser ou \u00e0 monter sur tige<\/strong> - Fonctionne avec un support de tige LWS de 15 mm ou se fixe directement sur l'objectif.<\/li>\n<li data-start=\"1764\" data-end=\"1861\"><strong data-start=\"1766\" data-end=\"1790\">Construction durable<\/strong> - Con\u00e7u pour r\u00e9sister \u00e0 une utilisation professionnelle dans des environnements exigeants.<\/li>\n<\/ul>\n<p>&nbsp;<\/p>\n<p>Louez-le maintenant sur <a href=\"https:\/\/www.cinesouk.ma\/fr\">CINESOUK<\/a> - une marque de <a href=\"https:\/\/www.broadway.ma\/\">BROADWAY PRODUCTIONS SARL.<\/a><\/p>","protected":false},"excerpt":{"rendered":"<p><strong>Sp\u00e9cifications :<\/strong><\/p>\n<ul>\n<li data-start=\"1725\" data-end=\"1785\"><strong data-start=\"1727\" data-end=\"1752\">Compatibilit\u00e9 des filtres :<\/strong> 2x 4 x 4\u2033 ou 4 x 5.65\u2033 filtres<\/li>\n<li data-start=\"1786\" data-end=\"1843\"><strong data-start=\"1788\" data-end=\"1809\">Options de montage :<\/strong> Support de tige \u00e0 clipser ou LWS de 15 mm<\/li>\n<li data-start=\"1844\" data-end=\"1875\"><strong data-start=\"1846\" data-end=\"1869\">Fonction Swing-Away :<\/strong> Oui<\/li>\n<li data-start=\"1876\" data-end=\"1912\"><strong data-start=\"1878\" data-end=\"1906\">Prise en charge des objectifs grand angle :<\/strong> Oui<\/li>\n<li data-start=\"1913\" data-end=\"1979\"><strong data-start=\"1915\" data-end=\"1928\">Mat\u00e9riau :<\/strong> Construction composite l\u00e9g\u00e8re de haute qualit\u00e9<\/li>\n<li data-start=\"1980\" data-end=\"2060\"><strong data-start=\"1982\" data-end=\"1999\">Applications :<\/strong> Documentaires, prises de vue \u00e0 main lev\u00e9e, \u00e0 l'aide d'un cardan et r\u00e9alisation de films professionnels<\/li>\n<\/ul>","protected":false},"featured_media":10962,"template":"","meta":{"om_disable_all_campaigns":false,"_monsterinsights_skip_tracking":false,"_monsterinsights_sitenote_active":false,"_monsterinsights_sitenote_note":"","_monsterinsights_sitenote_category":0,"_uf_show_specific_survey":0,"_uf_disable_surveys":false},"product_brand":[],"product_cat":[133,58,36],"product_tag":[],"class_list":{"0":"post-10940","1":"product","2":"type-product","3":"status-publish","4":"has-post-thumbnail","6":"product_cat-filters-eventsouk","7":"product_cat-filters-cinesouk","8":"product_cat-lenses-cinesouk","10":"entry","11":"has-media","13":"first","14":"instock","15":"taxable","16":"shipping-taxable","17":"purchasable","18":"product-type-variable","19":"has-product-nav","20":"col","21":"span_1_of_3","22":"owp-content-center","23":"owp-thumbs-layout-horizontal","24":"owp-btn-normal","25":"owp-tabs-layout-horizontal","26":"has-no-thumbnails"},"yoast_head":"<!-- This site is optimized with the Yoast SEO Premium plugin v26.0 (Yoast SEO v26.0) - https:\/\/yoast.com\/wordpress\/plugins\/seo\/ -->\n<title>Vocas - MB-255 Matte Box - CineSouk - For rent<\/title>\n<meta name=\"description\" content=\"Vocas MB-255 Matte Box: A compact, lightweight matte box with 2-stage filter support, swing-away functionality, and wide-angle compatibility, perfect for handheld and professional filmmaking.\" \/>\n<meta name=\"robots\" content=\"index, follow, max-snippet:-1, max-image-preview:large, max-video-preview:-1\" \/>\n<link rel=\"canonical\" href=\"https:\/\/www.cinesouk.ma\/fr\/produit\/vocas-mb-255-matte-box\/\" \/>\n<meta property=\"og:locale\" content=\"fr_FR\" \/>\n<meta property=\"og:type\" content=\"article\" \/>\n<meta property=\"og:title\" content=\"Vocas - MB-255 Matte Box\" \/>\n<meta property=\"og:description\" content=\"Vocas MB-255 Matte Box: A compact, lightweight matte box with 2-stage filter support, swing-away functionality, and wide-angle compatibility, perfect for handheld and professional filmmaking.\" \/>\n<meta property=\"og:url\" content=\"https:\/\/www.cinesouk.ma\/fr\/produit\/vocas-mb-255-matte-box\/\" \/>\n<meta property=\"og:site_name\" content=\"CineSouk\" \/>\n<meta property=\"article:modified_time\" content=\"2025-08-22T10:46:24+00:00\" \/>\n<meta property=\"og:image\" content=\"https:\/\/www.cinesouk.ma\/wp-content\/uploads\/2025\/03\/Vocas-MB-255-Matte-Box.jpg\" \/>\n\t<meta property=\"og:image:width\" content=\"300\" \/>\n\t<meta property=\"og:image:height\" content=\"238\" \/>\n\t<meta property=\"og:image:type\" content=\"image\/jpeg\" \/>\n<meta name=\"twitter:card\" content=\"summary_large_image\" \/>\n<meta name=\"twitter:description\" content=\"Tilta Mirage Matte Box VND Complete Kit: A comprehensive kit with Variable ND, Polarizer, Black Mist, and Pure Mist filters, plus adapters for professional light and exposure control.\" \/>\n<meta name=\"twitter:label1\" content=\"Dur\u00e9e de lecture estim\u00e9e\" \/>\n\t<meta name=\"twitter:data1\" content=\"2 minutes\" \/>\n<script type=\"application\/ld+json\" class=\"yoast-schema-graph\">{\"@context\":\"https:\/\/schema.org\",\"@graph\":[{\"@type\":\"WebPage\",\"@id\":\"https:\/\/www.cinesouk.ma\/product\/vocas-mb-255-matte-box\/\",\"url\":\"https:\/\/www.cinesouk.ma\/product\/vocas-mb-255-matte-box\/\",\"name\":\"Vocas - MB-255 Matte Box - CineSouk - For rent\",\"isPartOf\":{\"@id\":\"https:\/\/www.cinesouk.ma\/#website\"},\"primaryImageOfPage\":{\"@id\":\"https:\/\/www.cinesouk.ma\/product\/vocas-mb-255-matte-box\/#primaryimage\"},\"image\":{\"@id\":\"https:\/\/www.cinesouk.ma\/product\/vocas-mb-255-matte-box\/#primaryimage\"},\"thumbnailUrl\":\"https:\/\/www.cinesouk.ma\/wp-content\/uploads\/2025\/03\/Vocas-MB-255-Matte-Box.jpg\",\"datePublished\":\"2024-11-27T08:21:55+00:00\",\"dateModified\":\"2025-08-22T10:46:24+00:00\",\"description\":\"Vocas MB-255 Matte Box: A compact, lightweight matte box with 2-stage filter support, swing-away functionality, and wide-angle compatibility, perfect for handheld and professional filmmaking.\",\"breadcrumb\":{\"@id\":\"https:\/\/www.cinesouk.ma\/product\/vocas-mb-255-matte-box\/#breadcrumb\"},\"inLanguage\":\"fr-FR\",\"potentialAction\":[{\"@type\":\"ReadAction\",\"target\":[\"https:\/\/www.cinesouk.ma\/product\/vocas-mb-255-matte-box\/\"]}]},{\"@type\":\"ImageObject\",\"inLanguage\":\"fr-FR\",\"@id\":\"https:\/\/www.cinesouk.ma\/product\/vocas-mb-255-matte-box\/#primaryimage\",\"url\":\"https:\/\/www.cinesouk.ma\/wp-content\/uploads\/2025\/03\/Vocas-MB-255-Matte-Box.jpg\",\"contentUrl\":\"https:\/\/www.cinesouk.ma\/wp-content\/uploads\/2025\/03\/Vocas-MB-255-Matte-Box.jpg\",\"width\":300,\"height\":238},{\"@type\":\"BreadcrumbList\",\"@id\":\"https:\/\/www.cinesouk.ma\/product\/vocas-mb-255-matte-box\/#breadcrumb\",\"itemListElement\":[{\"@type\":\"ListItem\",\"position\":1,\"name\":\"Home\",\"item\":\"https:\/\/www.cinesouk.ma\/\"},{\"@type\":\"ListItem\",\"position\":2,\"name\":\"Shop\",\"item\":\"https:\/\/www.cinesouk.ma\/shop\/\"},{\"@type\":\"ListItem\",\"position\":3,\"name\":\"Vocas &#8211; MB-255 Matte Box\"}]},{\"@type\":\"WebSite\",\"@id\":\"https:\/\/www.cinesouk.ma\/#website\",\"url\":\"https:\/\/www.cinesouk.ma\/\",\"name\":\"CineSouk\",\"description\":\"\",\"publisher\":{\"@id\":\"https:\/\/www.cinesouk.ma\/#organization\"},\"potentialAction\":[{\"@type\":\"SearchAction\",\"target\":{\"@type\":\"EntryPoint\",\"urlTemplate\":\"https:\/\/www.cinesouk.ma\/?s={search_term_string}\"},\"query-input\":{\"@type\":\"PropertyValueSpecification\",\"valueRequired\":true,\"valueName\":\"search_term_string\"}}],\"inLanguage\":\"fr-FR\"},{\"@type\":\"Organization\",\"@id\":\"https:\/\/www.cinesouk.ma\/#organization\",\"name\":\"CineSouk\",\"url\":\"https:\/\/www.cinesouk.ma\/\",\"logo\":{\"@type\":\"ImageObject\",\"inLanguage\":\"fr-FR\",\"@id\":\"https:\/\/www.cinesouk.ma\/#\/schema\/logo\/image\/\",\"url\":\"https:\/\/www.cinesouk.ma\/wp-content\/uploads\/2024\/01\/CineSouk-logo-v01-alpha-alligned-left.png\",\"contentUrl\":\"https:\/\/www.cinesouk.ma\/wp-content\/uploads\/2024\/01\/CineSouk-logo-v01-alpha-alligned-left.png\",\"width\":3204,\"height\":889,\"caption\":\"CineSouk\"},\"image\":{\"@id\":\"https:\/\/www.cinesouk.ma\/#\/schema\/logo\/image\/\"}}]}<\/script>\n<!-- \/ Yoast SEO Premium plugin. -->","yoast_head_json":{"title":"Vocas - MB-255 Matte Box - CineSouk - For rent","description":"Vocas MB-255 Matte Box: A compact, lightweight matte box with 2-stage filter support, swing-away functionality, and wide-angle compatibility, perfect for handheld and professional filmmaking.","robots":{"index":"index","follow":"follow","max-snippet":"max-snippet:-1","max-image-preview":"max-image-preview:large","max-video-preview":"max-video-preview:-1"},"canonical":"https:\/\/www.cinesouk.ma\/fr\/produit\/vocas-mb-255-matte-box\/","og_locale":"fr_FR","og_type":"article","og_title":"Vocas - MB-255 Matte Box","og_description":"Vocas MB-255 Matte Box: A compact, lightweight matte box with 2-stage filter support, swing-away functionality, and wide-angle compatibility, perfect for handheld and professional filmmaking.","og_url":"https:\/\/www.cinesouk.ma\/fr\/produit\/vocas-mb-255-matte-box\/","og_site_name":"CineSouk","article_modified_time":"2025-08-22T10:46:24+00:00","og_image":[{"width":300,"height":238,"url":"https:\/\/www.cinesouk.ma\/wp-content\/uploads\/2025\/03\/Vocas-MB-255-Matte-Box.jpg","type":"image\/jpeg"}],"twitter_card":"summary_large_image","twitter_description":"Tilta Mirage Matte Box VND Complete Kit: A comprehensive kit with Variable ND, Polarizer, Black Mist, and Pure Mist filters, plus adapters for professional light and exposure control.","twitter_misc":{"Dur\u00e9e de lecture estim\u00e9e":"2 minutes"},"schema":{"@context":"https:\/\/schema.org","@graph":[{"@type":"WebPage","@id":"https:\/\/www.cinesouk.ma\/product\/vocas-mb-255-matte-box\/","url":"https:\/\/www.cinesouk.ma\/product\/vocas-mb-255-matte-box\/","name":"Vocas - MB-255 Matte Box - CineSouk - For rent","isPartOf":{"@id":"https:\/\/www.cinesouk.ma\/#website"},"primaryImageOfPage":{"@id":"https:\/\/www.cinesouk.ma\/product\/vocas-mb-255-matte-box\/#primaryimage"},"image":{"@id":"https:\/\/www.cinesouk.ma\/product\/vocas-mb-255-matte-box\/#primaryimage"},"thumbnailUrl":"https:\/\/www.cinesouk.ma\/wp-content\/uploads\/2025\/03\/Vocas-MB-255-Matte-Box.jpg","datePublished":"2024-11-27T08:21:55+00:00","dateModified":"2025-08-22T10:46:24+00:00","description":"Vocas MB-255 Matte Box: A compact, lightweight matte box with 2-stage filter support, swing-away functionality, and wide-angle compatibility, perfect for handheld and professional filmmaking.","breadcrumb":{"@id":"https:\/\/www.cinesouk.ma\/product\/vocas-mb-255-matte-box\/#breadcrumb"},"inLanguage":"fr-FR","potentialAction":[{"@type":"ReadAction","target":["https:\/\/www.cinesouk.ma\/product\/vocas-mb-255-matte-box\/"]}]},{"@type":"ImageObject","inLanguage":"fr-FR","@id":"https:\/\/www.cinesouk.ma\/product\/vocas-mb-255-matte-box\/#primaryimage","url":"https:\/\/www.cinesouk.ma\/wp-content\/uploads\/2025\/03\/Vocas-MB-255-Matte-Box.jpg","contentUrl":"https:\/\/www.cinesouk.ma\/wp-content\/uploads\/2025\/03\/Vocas-MB-255-Matte-Box.jpg","width":300,"height":238},{"@type":"BreadcrumbList","@id":"https:\/\/www.cinesouk.ma\/product\/vocas-mb-255-matte-box\/#breadcrumb","itemListElement":[{"@type":"ListItem","position":1,"name":"Home","item":"https:\/\/www.cinesouk.ma\/"},{"@type":"ListItem","position":2,"name":"Shop","item":"https:\/\/www.cinesouk.ma\/shop\/"},{"@type":"ListItem","position":3,"name":"Vocas &#8211; MB-255 Matte Box"}]},{"@type":"WebSite","@id":"https:\/\/www.cinesouk.ma\/#website","url":"https:\/\/www.cinesouk.ma\/","name":"CineSouk","description":"","publisher":{"@id":"https:\/\/www.cinesouk.ma\/#organization"},"potentialAction":[{"@type":"SearchAction","target":{"@type":"EntryPoint","urlTemplate":"https:\/\/www.cinesouk.ma\/?s={search_term_string}"},"query-input":{"@type":"PropertyValueSpecification","valueRequired":true,"valueName":"search_term_string"}}],"inLanguage":"fr-FR"},{"@type":"Organization","@id":"https:\/\/www.cinesouk.ma\/#organization","name":"CineSouk","url":"https:\/\/www.cinesouk.ma\/","logo":{"@type":"ImageObject","inLanguage":"fr-FR","@id":"https:\/\/www.cinesouk.ma\/#\/schema\/logo\/image\/","url":"https:\/\/www.cinesouk.ma\/wp-content\/uploads\/2024\/01\/CineSouk-logo-v01-alpha-alligned-left.png","contentUrl":"https:\/\/www.cinesouk.ma\/wp-content\/uploads\/2024\/01\/CineSouk-logo-v01-alpha-alligned-left.png","width":3204,"height":889,"caption":"CineSouk"},"image":{"@id":"https:\/\/www.cinesouk.ma\/#\/schema\/logo\/image\/"}}]}},"_links":{"self":[{"href":"https:\/\/www.cinesouk.ma\/fr\/wp-json\/wp\/v2\/product\/10940","targetHints":{"allow":["GET"]}}],"collection":[{"href":"https:\/\/www.cinesouk.ma\/fr\/wp-json\/wp\/v2\/product"}],"about":[{"href":"https:\/\/www.cinesouk.ma\/fr\/wp-json\/wp\/v2\/types\/product"}],"wp:featuredmedia":[{"embeddable":true,"href":"https:\/\/www.cinesouk.ma\/fr\/wp-json\/wp\/v2\/media\/10962"}],"wp:attachment":[{"href":"https:\/\/www.cinesouk.ma\/fr\/wp-json\/wp\/v2\/media?parent=10940"}],"wp:term":[{"taxonomy":"product_brand","embeddable":true,"href":"https:\/\/www.cinesouk.ma\/fr\/wp-json\/wp\/v2\/product_brand?post=10940"},{"taxonomy":"product_cat","embeddable":true,"href":"https:\/\/www.cinesouk.ma\/fr\/wp-json\/wp\/v2\/product_cat?post=10940"},{"taxonomy":"product_tag","embeddable":true,"href":"https:\/\/www.cinesouk.ma\/fr\/wp-json\/wp\/v2\/product_tag?post=10940"}],"curies":[{"name":"wp","href":"https:\/\/api.w.org\/{rel}","templated":true}]}}