{"id":10968,"date":"2025-03-05T14:58:40","date_gmt":"2025-03-05T14:58:40","guid":{"rendered":"https:\/\/www.cinesouk.ma\/?post_type=product&#038;p=10968"},"modified":"2025-08-16T12:15:40","modified_gmt":"2025-08-16T12:15:40","slug":"tether-tools-tetherpro-usb-3-0-male-to-micro-b-4-6m","status":"publish","type":"product","link":"https:\/\/www.cinesouk.ma\/fr\/produit\/tether-tools-tetherpro-usb-3-0-male-to-micro-b-4-6m\/","title":{"rendered":"Tether Tools TetherPro USB 3.0 Male to Micro-B 4.6m cable"},"content":{"rendered":"<p data-start=\"72\" data-end=\"477\">Le c\u00e2ble USB 3.0 TetherPro de Tether Tools (m\u00e2le vers Micro-B, 4,6 m) est une solution de connexion haute performance con\u00e7ue pour un transfert de donn\u00e9es rapide et stable dans les domaines de la photographie et de la vid\u00e9ographie professionnelles. Optimis\u00e9 pour les appareils USB 3.0, ce c\u00e2ble assure une connectivit\u00e9 transparente entre les appareils photo, les disques externes et les ordinateurs, ce qui le rend id\u00e9al pour les prises de vue en studio ou en ext\u00e9rieur.<\/p>\n<p data-start=\"479\" data-end=\"766\">En outre, ce c\u00e2ble prend en charge des taux de transfert de donn\u00e9es SuperSpeed allant jusqu'\u00e0 5 Gbps, ce qui permet des pr\u00e9visualisations d'images rapides et des transferts de fichiers fluides. De plus, son blindage renforc\u00e9 r\u00e9duit les interf\u00e9rences du signal, garantissant une connexion fiable m\u00eame dans les environnements exigeants.<\/p>\n<p data-start=\"768\" data-end=\"1076\">Avec une construction durable mais flexible, ce c\u00e2ble de 4,6 m\u00e8tres offre une port\u00e9e \u00e9tendue, permettant un flux de travail efficace sans compromettre les performances. En outre, ses connecteurs plaqu\u00e9s or am\u00e9liorent la conductivit\u00e9, \u00e9vitant la corrosion et la perte de signal pour une fiabilit\u00e9 \u00e0 long terme.<\/p>\n<h3 data-start=\"1078\" data-end=\"1100\"><strong data-start=\"1082\" data-end=\"1098\">Caract\u00e9ristiques principales<\/strong><\/h3>\n<ul data-start=\"1102\" data-end=\"1867\">\n<li data-start=\"1102\" data-end=\"1212\"><strong data-start=\"1104\" data-end=\"1124\">Longueur \u00e9tendue :<\/strong> <strong data-start=\"1125\" data-end=\"1139\">4,6 m\u00e8tres<\/strong> pour <strong data-start=\"1144\" data-end=\"1167\">une flexibilit\u00e9 maximale<\/strong> dans les deux <strong data-start=\"1176\" data-end=\"1210\">en studio et sur place.<\/strong><\/li>\n<li data-start=\"1213\" data-end=\"1334\"><strong data-start=\"1215\" data-end=\"1244\">Transfert de donn\u00e9es \u00e0 grande vitesse :<\/strong> Soutien <strong data-start=\"1254\" data-end=\"1290\">USB 3.0 avec des vitesses allant jusqu'\u00e0 5 Gbps<\/strong> pour <strong data-start=\"1295\" data-end=\"1332\">des transferts de fichiers rapides et fiables.<\/strong><\/li>\n<li data-start=\"1335\" data-end=\"1444\"><strong data-start=\"1337\" data-end=\"1359\">Connexion s\u00e9curis\u00e9e :<\/strong> <strong data-start=\"1360\" data-end=\"1386\">Connecteurs plaqu\u00e9s or<\/strong> assurer une <strong data-start=\"1396\" data-end=\"1442\">connexion stable et r\u00e9sistante \u00e0 la corrosion.<\/strong><\/li>\n<li data-start=\"1445\" data-end=\"1542\"><strong data-start=\"1447\" data-end=\"1472\">Blindage renforc\u00e9 :<\/strong> Minimise <strong data-start=\"1483\" data-end=\"1540\">et permet d'assurer un flux de travail fiable.<\/strong><\/li>\n<li data-start=\"1543\" data-end=\"1657\"><strong data-start=\"1545\" data-end=\"1577\">Conception durable et flexible :<\/strong> Ing\u00e9nierie <strong data-start=\"1589\" data-end=\"1619\">pour un usage professionnel quotidien<\/strong> tout en restant <strong data-start=\"1636\" data-end=\"1655\">facile \u00e0 manipuler.<\/strong><\/li>\n<li data-start=\"1658\" data-end=\"1776\"><strong data-start=\"1660\" data-end=\"1688\">Compatibilit\u00e9 universelle :<\/strong> Fonctionne avec <strong data-start=\"1700\" data-end=\"1774\">Appareils photo, ordinateurs portables, dispositifs de stockage et p\u00e9riph\u00e9riques compatibles USB 3.0.<\/strong><\/li>\n<li data-start=\"1777\" data-end=\"1867\"><strong data-start=\"1779\" data-end=\"1803\">Installation Plug-and-Play :<\/strong> Exigences <strong data-start=\"1813\" data-end=\"1865\">aucun pilote, ce qui garantit une installation sans probl\u00e8me.<\/strong><\/li>\n<\/ul>\n<p data-start=\"1869\" data-end=\"2200\" data-is-last-node=\"\" data-is-only-node=\"\">Le c\u00e2ble USB 3.0 TetherPro de Tether Tools est un outil essentiel pour les photographes et les vid\u00e9astes qui ont besoin d'une connexion rapide, sans interf\u00e9rence et fiable. Avec sa conception durable, son transfert de donn\u00e9es SuperSpeed et sa longueur \u00e9tendue, ce c\u00e2ble garantit une performance sans faille pour les flux de travail professionnels.<\/p>\n<p data-start=\"72\" data-end=\"512\">Louez-le maintenant sur <a href=\"https:\/\/www.cinesouk.ma\/fr\">CINESOUK<\/a> - une marque de <a href=\"https:\/\/www.broadway.ma\/\">BROADWAY PRODUCTIONS SARL.<\/a><\/p>","protected":false},"excerpt":{"rendered":"<h3>Sp\u00e9cifications<\/h3>\n<div class=\"mb-2 flex gap-3 empty:hidden -ml-2\">\n<div class=\"items-center justify-start rounded-xl p-1 flex\">\n<div class=\"flex max-w-full flex-col flex-grow\">\n<div class=\"min-h-8 text-message flex w-full flex-col items-end gap-2 whitespace-normal break-words [.text-message+&amp;]:mt-5\" dir=\"auto\" data-message-author-role=\"assistant\" data-message-id=\"14aa7861-d5b8-427e-a3cc-f5084204f032\" data-message-model-slug=\"gpt-4o\">\n<div class=\"flex w-full flex-col gap-1 empty:hidden first:pt-[3px]\">\n<div class=\"markdown prose w-full break-words dark:prose-invert light\">\n<ul>\n<li data-start=\"1659\" data-end=\"1722\"><strong data-start=\"1661\" data-end=\"1680\">Type de connecteur :<\/strong> USB 3.0 Type-A (m\u00e2le) vers Micro-B (m\u00e2le)<\/li>\n<li data-start=\"1723\" data-end=\"1765\"><strong data-start=\"1725\" data-end=\"1742\">Longueur du c\u00e2ble :<\/strong> 4,6 m\u00e8tres (15 pieds)<\/li>\n<li data-start=\"1766\" data-end=\"1810\"><strong data-start=\"1768\" data-end=\"1791\">Taux de transfert de donn\u00e9es :<\/strong> Jusqu'\u00e0 <strong data-start=\"1798\" data-end=\"1808\">5 Gbps<\/strong><\/li>\n<li data-start=\"1811\" data-end=\"1886\"><strong data-start=\"1813\" data-end=\"1830\">Construction :<\/strong> <strong data-start=\"1831\" data-end=\"1849\">Enti\u00e8rement blind\u00e9<\/strong> pour une transmission sans interf\u00e9rence<\/li>\n<li data-start=\"1887\" data-end=\"1991\"><strong data-start=\"1889\" data-end=\"1907\">Compatibilit\u00e9 :<\/strong> Fonctionne avec <strong data-start=\"1919\" data-end=\"1989\">appareils photo, disques externes et p\u00e9riph\u00e9riques USB 3.0 compatibles avec le tethering<\/strong><\/li>\n<li data-start=\"1992\" data-end=\"2078\"><strong data-start=\"1994\" data-end=\"2011\">Applications :<\/strong> Photographie au pied lev\u00e9, production vid\u00e9o, transfert de donn\u00e9es \u00e0 haut d\u00e9bit<\/li>\n<\/ul>\n<\/div>\n<\/div>\n<\/div>\n<\/div>\n<\/div>\n<\/div>","protected":false},"featured_media":10979,"template":"","meta":{"om_disable_all_campaigns":false,"_monsterinsights_skip_tracking":false,"_monsterinsights_sitenote_active":false,"_monsterinsights_sitenote_note":"","_monsterinsights_sitenote_category":0,"_uf_show_specific_survey":0,"_uf_disable_surveys":false},"product_brand":[],"product_cat":[55,84],"product_tag":[],"class_list":{"0":"post-10968","1":"product","2":"type-product","3":"status-publish","4":"has-post-thumbnail","6":"product_cat-cables-cinesouk","7":"product_cat-dit-cinesouk","9":"entry","10":"has-media","12":"first","13":"instock","14":"taxable","15":"shipping-taxable","16":"purchasable","17":"product-type-variable","18":"has-product-nav","19":"col","20":"span_1_of_3","21":"owp-content-center","22":"owp-thumbs-layout-horizontal","23":"owp-btn-normal","24":"owp-tabs-layout-horizontal","25":"has-no-thumbnails"},"yoast_head":"<!-- This site is optimized with the Yoast SEO Premium plugin v26.0 (Yoast SEO v26.0) - https:\/\/yoast.com\/wordpress\/plugins\/seo\/ -->\n<title>Tether Tools TetherPro USB 3.0 Male to Micro-B 4.6m cable - CineSouk<\/title>\n<meta name=\"description\" content=\"TetherPro USB 3.0 Cable (Male to Micro-B, 4.6m): A high-speed, durable tethering cable for photographers and filmmakers, ensuring seamless data transfer and workflow efficiency.\" \/>\n<meta name=\"robots\" content=\"index, follow, max-snippet:-1, max-image-preview:large, max-video-preview:-1\" \/>\n<link rel=\"canonical\" href=\"https:\/\/www.cinesouk.ma\/fr\/produit\/tether-tools-tetherpro-usb-3-0-male-to-micro-b-4-6m\/\" \/>\n<meta property=\"og:locale\" content=\"fr_FR\" \/>\n<meta property=\"og:type\" content=\"article\" \/>\n<meta property=\"og:title\" content=\"Tether Tools TetherPro USB 3.0 Male to Micro-B 4.6m cable\" \/>\n<meta property=\"og:description\" content=\"TetherPro USB 3.0 Cable (Male to Micro-B, 4.6m): A high-speed, durable tethering cable for photographers and filmmakers, ensuring seamless data transfer and workflow efficiency.\" \/>\n<meta property=\"og:url\" content=\"https:\/\/www.cinesouk.ma\/fr\/produit\/tether-tools-tetherpro-usb-3-0-male-to-micro-b-4-6m\/\" \/>\n<meta property=\"og:site_name\" content=\"CineSouk\" \/>\n<meta property=\"article:modified_time\" content=\"2025-08-16T12:15:40+00:00\" \/>\n<meta property=\"og:image\" content=\"https:\/\/www.cinesouk.ma\/wp-content\/uploads\/2025\/03\/Tether-Tools-TetherPro-USB-3.0-Male-to-Micro-B-4.6m-1-1.jpg\" \/>\n\t<meta property=\"og:image:width\" content=\"300\" \/>\n\t<meta property=\"og:image:height\" content=\"238\" \/>\n\t<meta property=\"og:image:type\" content=\"image\/jpeg\" \/>\n<meta name=\"twitter:card\" content=\"summary_large_image\" \/>\n<meta name=\"twitter:description\" content=\"TetherPro USB 3.0 Cable (Male to Micro-B, 4.6m): A high-speed, durable tethering cable for photographers and filmmakers, ensuring seamless data transfer and workflow efficiency.\" \/>\n<meta name=\"twitter:image\" content=\"https:\/\/www.cinesouk.ma\/wp-content\/uploads\/2025\/03\/Tether-Tools-TetherPro-USB-3.0-Male-to-Micro-B-4.6m-1-1.jpg\" \/>\n<meta name=\"twitter:label1\" content=\"Dur\u00e9e de lecture estim\u00e9e\" \/>\n\t<meta name=\"twitter:data1\" content=\"2 minutes\" \/>\n<script type=\"application\/ld+json\" class=\"yoast-schema-graph\">{\"@context\":\"https:\/\/schema.org\",\"@graph\":[{\"@type\":\"WebPage\",\"@id\":\"https:\/\/www.cinesouk.ma\/product\/tether-tools-tetherpro-usb-3-0-male-to-micro-b-4-6m\/\",\"url\":\"https:\/\/www.cinesouk.ma\/product\/tether-tools-tetherpro-usb-3-0-male-to-micro-b-4-6m\/\",\"name\":\"Tether Tools TetherPro USB 3.0 Male to Micro-B 4.6m cable - CineSouk\",\"isPartOf\":{\"@id\":\"https:\/\/www.cinesouk.ma\/#website\"},\"primaryImageOfPage\":{\"@id\":\"https:\/\/www.cinesouk.ma\/product\/tether-tools-tetherpro-usb-3-0-male-to-micro-b-4-6m\/#primaryimage\"},\"image\":{\"@id\":\"https:\/\/www.cinesouk.ma\/product\/tether-tools-tetherpro-usb-3-0-male-to-micro-b-4-6m\/#primaryimage\"},\"thumbnailUrl\":\"https:\/\/www.cinesouk.ma\/wp-content\/uploads\/2025\/03\/Tether-Tools-TetherPro-USB-3.0-Male-to-Micro-B-4.6m-.jpg\",\"datePublished\":\"2025-03-05T14:58:40+00:00\",\"dateModified\":\"2025-08-16T12:15:40+00:00\",\"description\":\"TetherPro USB 3.0 Cable (Male to Micro-B, 4.6m): A high-speed, durable tethering cable for photographers and filmmakers, ensuring seamless data transfer and workflow efficiency.\",\"breadcrumb\":{\"@id\":\"https:\/\/www.cinesouk.ma\/product\/tether-tools-tetherpro-usb-3-0-male-to-micro-b-4-6m\/#breadcrumb\"},\"inLanguage\":\"fr-FR\",\"potentialAction\":[{\"@type\":\"ReadAction\",\"target\":[\"https:\/\/www.cinesouk.ma\/product\/tether-tools-tetherpro-usb-3-0-male-to-micro-b-4-6m\/\"]}]},{\"@type\":\"ImageObject\",\"inLanguage\":\"fr-FR\",\"@id\":\"https:\/\/www.cinesouk.ma\/product\/tether-tools-tetherpro-usb-3-0-male-to-micro-b-4-6m\/#primaryimage\",\"url\":\"https:\/\/www.cinesouk.ma\/wp-content\/uploads\/2025\/03\/Tether-Tools-TetherPro-USB-3.0-Male-to-Micro-B-4.6m-.jpg\",\"contentUrl\":\"https:\/\/www.cinesouk.ma\/wp-content\/uploads\/2025\/03\/Tether-Tools-TetherPro-USB-3.0-Male-to-Micro-B-4.6m-.jpg\",\"width\":300,\"height\":238,\"caption\":\"Tether Tools TetherPro USB 3.0 Male to Micro-B 4.6m\"},{\"@type\":\"BreadcrumbList\",\"@id\":\"https:\/\/www.cinesouk.ma\/product\/tether-tools-tetherpro-usb-3-0-male-to-micro-b-4-6m\/#breadcrumb\",\"itemListElement\":[{\"@type\":\"ListItem\",\"position\":1,\"name\":\"Home\",\"item\":\"https:\/\/www.cinesouk.ma\/\"},{\"@type\":\"ListItem\",\"position\":2,\"name\":\"Shop\",\"item\":\"https:\/\/www.cinesouk.ma\/shop\/\"},{\"@type\":\"ListItem\",\"position\":3,\"name\":\"Tether Tools TetherPro USB 3.0 Male to Micro-B 4.6m cable\"}]},{\"@type\":\"WebSite\",\"@id\":\"https:\/\/www.cinesouk.ma\/#website\",\"url\":\"https:\/\/www.cinesouk.ma\/\",\"name\":\"CineSouk\",\"description\":\"\",\"publisher\":{\"@id\":\"https:\/\/www.cinesouk.ma\/#organization\"},\"potentialAction\":[{\"@type\":\"SearchAction\",\"target\":{\"@type\":\"EntryPoint\",\"urlTemplate\":\"https:\/\/www.cinesouk.ma\/?s={search_term_string}\"},\"query-input\":{\"@type\":\"PropertyValueSpecification\",\"valueRequired\":true,\"valueName\":\"search_term_string\"}}],\"inLanguage\":\"fr-FR\"},{\"@type\":\"Organization\",\"@id\":\"https:\/\/www.cinesouk.ma\/#organization\",\"name\":\"CineSouk\",\"url\":\"https:\/\/www.cinesouk.ma\/\",\"logo\":{\"@type\":\"ImageObject\",\"inLanguage\":\"fr-FR\",\"@id\":\"https:\/\/www.cinesouk.ma\/#\/schema\/logo\/image\/\",\"url\":\"https:\/\/www.cinesouk.ma\/wp-content\/uploads\/2024\/01\/CineSouk-logo-v01-alpha-alligned-left.png\",\"contentUrl\":\"https:\/\/www.cinesouk.ma\/wp-content\/uploads\/2024\/01\/CineSouk-logo-v01-alpha-alligned-left.png\",\"width\":3204,\"height\":889,\"caption\":\"CineSouk\"},\"image\":{\"@id\":\"https:\/\/www.cinesouk.ma\/#\/schema\/logo\/image\/\"}}]}<\/script>\n<!-- \/ Yoast SEO Premium plugin. -->","yoast_head_json":{"title":"Tether Tools TetherPro USB 3.0 Male to Micro-B 4.6m cable - CineSouk","description":"TetherPro USB 3.0 Cable (Male to Micro-B, 4.6m): A high-speed, durable tethering cable for photographers and filmmakers, ensuring seamless data transfer and workflow efficiency.","robots":{"index":"index","follow":"follow","max-snippet":"max-snippet:-1","max-image-preview":"max-image-preview:large","max-video-preview":"max-video-preview:-1"},"canonical":"https:\/\/www.cinesouk.ma\/fr\/produit\/tether-tools-tetherpro-usb-3-0-male-to-micro-b-4-6m\/","og_locale":"fr_FR","og_type":"article","og_title":"Tether Tools TetherPro USB 3.0 Male to Micro-B 4.6m cable","og_description":"TetherPro USB 3.0 Cable (Male to Micro-B, 4.6m): A high-speed, durable tethering cable for photographers and filmmakers, ensuring seamless data transfer and workflow efficiency.","og_url":"https:\/\/www.cinesouk.ma\/fr\/produit\/tether-tools-tetherpro-usb-3-0-male-to-micro-b-4-6m\/","og_site_name":"CineSouk","article_modified_time":"2025-08-16T12:15:40+00:00","og_image":[{"width":300,"height":238,"url":"https:\/\/www.cinesouk.ma\/wp-content\/uploads\/2025\/03\/Tether-Tools-TetherPro-USB-3.0-Male-to-Micro-B-4.6m-1-1.jpg","type":"image\/jpeg"}],"twitter_card":"summary_large_image","twitter_description":"TetherPro USB 3.0 Cable (Male to Micro-B, 4.6m): A high-speed, durable tethering cable for photographers and filmmakers, ensuring seamless data transfer and workflow efficiency.","twitter_image":"https:\/\/www.cinesouk.ma\/wp-content\/uploads\/2025\/03\/Tether-Tools-TetherPro-USB-3.0-Male-to-Micro-B-4.6m-1-1.jpg","twitter_misc":{"Dur\u00e9e de lecture estim\u00e9e":"2 minutes"},"schema":{"@context":"https:\/\/schema.org","@graph":[{"@type":"WebPage","@id":"https:\/\/www.cinesouk.ma\/product\/tether-tools-tetherpro-usb-3-0-male-to-micro-b-4-6m\/","url":"https:\/\/www.cinesouk.ma\/product\/tether-tools-tetherpro-usb-3-0-male-to-micro-b-4-6m\/","name":"Tether Tools TetherPro USB 3.0 Male to Micro-B 4.6m cable - CineSouk","isPartOf":{"@id":"https:\/\/www.cinesouk.ma\/#website"},"primaryImageOfPage":{"@id":"https:\/\/www.cinesouk.ma\/product\/tether-tools-tetherpro-usb-3-0-male-to-micro-b-4-6m\/#primaryimage"},"image":{"@id":"https:\/\/www.cinesouk.ma\/product\/tether-tools-tetherpro-usb-3-0-male-to-micro-b-4-6m\/#primaryimage"},"thumbnailUrl":"https:\/\/www.cinesouk.ma\/wp-content\/uploads\/2025\/03\/Tether-Tools-TetherPro-USB-3.0-Male-to-Micro-B-4.6m-.jpg","datePublished":"2025-03-05T14:58:40+00:00","dateModified":"2025-08-16T12:15:40+00:00","description":"TetherPro USB 3.0 Cable (Male to Micro-B, 4.6m): A high-speed, durable tethering cable for photographers and filmmakers, ensuring seamless data transfer and workflow efficiency.","breadcrumb":{"@id":"https:\/\/www.cinesouk.ma\/product\/tether-tools-tetherpro-usb-3-0-male-to-micro-b-4-6m\/#breadcrumb"},"inLanguage":"fr-FR","potentialAction":[{"@type":"ReadAction","target":["https:\/\/www.cinesouk.ma\/product\/tether-tools-tetherpro-usb-3-0-male-to-micro-b-4-6m\/"]}]},{"@type":"ImageObject","inLanguage":"fr-FR","@id":"https:\/\/www.cinesouk.ma\/product\/tether-tools-tetherpro-usb-3-0-male-to-micro-b-4-6m\/#primaryimage","url":"https:\/\/www.cinesouk.ma\/wp-content\/uploads\/2025\/03\/Tether-Tools-TetherPro-USB-3.0-Male-to-Micro-B-4.6m-.jpg","contentUrl":"https:\/\/www.cinesouk.ma\/wp-content\/uploads\/2025\/03\/Tether-Tools-TetherPro-USB-3.0-Male-to-Micro-B-4.6m-.jpg","width":300,"height":238,"caption":"Tether Tools TetherPro USB 3.0 Male to Micro-B 4.6m"},{"@type":"BreadcrumbList","@id":"https:\/\/www.cinesouk.ma\/product\/tether-tools-tetherpro-usb-3-0-male-to-micro-b-4-6m\/#breadcrumb","itemListElement":[{"@type":"ListItem","position":1,"name":"Home","item":"https:\/\/www.cinesouk.ma\/"},{"@type":"ListItem","position":2,"name":"Shop","item":"https:\/\/www.cinesouk.ma\/shop\/"},{"@type":"ListItem","position":3,"name":"Tether Tools TetherPro USB 3.0 Male to Micro-B 4.6m cable"}]},{"@type":"WebSite","@id":"https:\/\/www.cinesouk.ma\/#website","url":"https:\/\/www.cinesouk.ma\/","name":"CineSouk","description":"","publisher":{"@id":"https:\/\/www.cinesouk.ma\/#organization"},"potentialAction":[{"@type":"SearchAction","target":{"@type":"EntryPoint","urlTemplate":"https:\/\/www.cinesouk.ma\/?s={search_term_string}"},"query-input":{"@type":"PropertyValueSpecification","valueRequired":true,"valueName":"search_term_string"}}],"inLanguage":"fr-FR"},{"@type":"Organization","@id":"https:\/\/www.cinesouk.ma\/#organization","name":"CineSouk","url":"https:\/\/www.cinesouk.ma\/","logo":{"@type":"ImageObject","inLanguage":"fr-FR","@id":"https:\/\/www.cinesouk.ma\/#\/schema\/logo\/image\/","url":"https:\/\/www.cinesouk.ma\/wp-content\/uploads\/2024\/01\/CineSouk-logo-v01-alpha-alligned-left.png","contentUrl":"https:\/\/www.cinesouk.ma\/wp-content\/uploads\/2024\/01\/CineSouk-logo-v01-alpha-alligned-left.png","width":3204,"height":889,"caption":"CineSouk"},"image":{"@id":"https:\/\/www.cinesouk.ma\/#\/schema\/logo\/image\/"}}]}},"_links":{"self":[{"href":"https:\/\/www.cinesouk.ma\/fr\/wp-json\/wp\/v2\/product\/10968","targetHints":{"allow":["GET"]}}],"collection":[{"href":"https:\/\/www.cinesouk.ma\/fr\/wp-json\/wp\/v2\/product"}],"about":[{"href":"https:\/\/www.cinesouk.ma\/fr\/wp-json\/wp\/v2\/types\/product"}],"wp:featuredmedia":[{"embeddable":true,"href":"https:\/\/www.cinesouk.ma\/fr\/wp-json\/wp\/v2\/media\/10979"}],"wp:attachment":[{"href":"https:\/\/www.cinesouk.ma\/fr\/wp-json\/wp\/v2\/media?parent=10968"}],"wp:term":[{"taxonomy":"product_brand","embeddable":true,"href":"https:\/\/www.cinesouk.ma\/fr\/wp-json\/wp\/v2\/product_brand?post=10968"},{"taxonomy":"product_cat","embeddable":true,"href":"https:\/\/www.cinesouk.ma\/fr\/wp-json\/wp\/v2\/product_cat?post=10968"},{"taxonomy":"product_tag","embeddable":true,"href":"https:\/\/www.cinesouk.ma\/fr\/wp-json\/wp\/v2\/product_tag?post=10968"}],"curies":[{"name":"wp","href":"https:\/\/api.w.org\/{rel}","templated":true}]}}