{"id":10981,"date":"2025-03-05T15:02:31","date_gmt":"2025-03-05T15:02:31","guid":{"rendered":"https:\/\/www.cinesouk.ma\/?post_type=product&#038;p=10981"},"modified":"2025-08-16T12:15:27","modified_gmt":"2025-08-16T12:15:27","slug":"tether-tools-tetherpro-usb-c-to-2-0-micro-b-5-pin-4-6m","status":"publish","type":"product","link":"https:\/\/www.cinesouk.ma\/fr\/produit\/tether-tools-tetherpro-usb-c-to-2-0-micro-b-5-pin-4-6m\/","title":{"rendered":"Tether Tools TetherPro USB-C vers 2.0 Micro-B 5-Pin 4.6m"},"content":{"rendered":"<p data-start=\"76\" data-end=\"594\">Le Tether Tools TetherPro USB-C to 2.0 Micro-B 5-Pin 4.6m est un c\u00e2ble de connexion de qualit\u00e9 professionnelle. Il assure un transfert de donn\u00e9es rapide et fiable entre les appareils USB-C et les appareils photo ou les disques externes dot\u00e9s d'un port Micro-B 5 broches. Faisant partie de la gammeTetherPro USB-C vers Micro-B, ce c\u00e2ble est dot\u00e9 d'un blindage renforc\u00e9 et d'une construction durable. Il fournit une connexion stable avec une perte de signal minimale. Cela le rend essentiel pour les photographes, les vid\u00e9astes et les cr\u00e9atifs num\u00e9riques qui utilisent des flux de travail connect\u00e9s.<\/p>\n<p data-start=\"596\" data-end=\"993\">La longueur de 4,6 m\u00e8tres (15 pieds) offre une mobilit\u00e9 accrue lors de l'utilisation du c\u00e2ble. Elle permet des s\u00e9ances de prise de vue ininterrompues, que ce soit en studio ou sur le terrain. En outre, sa conception enti\u00e8rement blind\u00e9e minimise les interf\u00e9rences \u00e9lectromagn\u00e9tiques (EMI) et les interf\u00e9rences radio\u00e9lectriques (RFI). Il garantit ainsi une connexion rapide, s\u00e9curis\u00e9e et ininterrompue pour les transferts de donn\u00e9es en temps r\u00e9el.<\/p>\n<h3 data-start=\"995\" data-end=\"1018\"><strong data-start=\"999\" data-end=\"1016\">Caract\u00e9ristiques principales du TetherPro USB-C to Micro-B :<\/strong><\/h3>\n<ul data-start=\"1019\" data-end=\"1612\">\n<li data-start=\"1019\" data-end=\"1119\"><strong data-start=\"1021\" data-end=\"1051\">Prise de vue \u00e0 l'aide d'un c\u00e2ble fiable<\/strong> - Permet un transfert de donn\u00e9es fluide et sans d\u00e9calage entre l'appareil photo et l'ordinateur.<\/li>\n<li data-start=\"1120\" data-end=\"1229\"><strong data-start=\"1122\" data-end=\"1148\">USB-C vers Micro-B 5 broches<\/strong> - Con\u00e7u pour les appareils photo et les dispositifs externes utilisant des ports USB 2.0 Micro-B \u00e0 5 broches.<\/li>\n<li data-start=\"1230\" data-end=\"1335\"><strong data-start=\"1232\" data-end=\"1263\">Longueur \u00e9tendue de 4,6 m (15ft)<\/strong> - Permet une plus grande libert\u00e9 de mouvement et une plus grande souplesse pendant les s\u00e9ances de travail \u00e0 l'attache.<\/li>\n<li data-start=\"1336\" data-end=\"1424\"><strong data-start=\"1338\" data-end=\"1369\">Construction enti\u00e8rement blind\u00e9e<\/strong> - R\u00e9duit le bruit du signal, les interf\u00e9rences et la perte de donn\u00e9es.<\/li>\n<li data-start=\"1425\" data-end=\"1514\"><strong data-start=\"1427\" data-end=\"1455\">Transfert de donn\u00e9es \u00e0 haut d\u00e9bit<\/strong> - Transmission rapide et coh\u00e9rente d'images et de vid\u00e9os.<\/li>\n<li data-start=\"1515\" data-end=\"1612\"><strong data-start=\"1517\" data-end=\"1548\">Connexion durable et s\u00fbre<\/strong> - Les connecteurs plaqu\u00e9s or maximisent la conductivit\u00e9 et la long\u00e9vit\u00e9.<\/li>\n<\/ul>\n<p>&nbsp;<\/p>\n<p>Louez-le maintenant \u00e0 <a href=\"https:\/\/www.cinesouk.ma\/fr\">CINESOUK<\/a> - une marque de <a href=\"https:\/\/www.broadway.ma\/\">BROADWAY PRODUCTIONS SARL.<\/a><\/p>","protected":false},"excerpt":{"rendered":"<h3>Sp\u00e9cifications<\/h3>\n<div class=\"mb-2 flex gap-3 empty:hidden -ml-2\">\n<div class=\"items-center justify-start rounded-xl p-1 flex\">\n<div class=\"flex max-w-full flex-col flex-grow\">\n<div class=\"min-h-8 text-message flex w-full flex-col items-end gap-2 whitespace-normal break-words [.text-message+&amp;]:mt-5\" dir=\"auto\" data-message-author-role=\"assistant\" data-message-id=\"14aa7861-d5b8-427e-a3cc-f5084204f032\" data-message-model-slug=\"gpt-4o\">\n<div class=\"flex w-full flex-col gap-1 empty:hidden first:pt-[3px]\">\n<div class=\"markdown prose w-full break-words dark:prose-invert light\">\n<ul>\n<li data-start=\"1728\" data-end=\"1796\"><strong data-start=\"1730\" data-end=\"1749\">Type de connecteur :<\/strong> USB-C (m\u00e2le) vers USB 2.0 Micro-B 5 broches (m\u00e2le)<\/li>\n<li data-start=\"1797\" data-end=\"1839\"><strong data-start=\"1799\" data-end=\"1816\">Longueur du c\u00e2ble :<\/strong> 4,6 m\u00e8tres (15 pieds)<\/li>\n<li data-start=\"1840\" data-end=\"1896\"><strong data-start=\"1842\" data-end=\"1865\">Taux de transfert de donn\u00e9es :<\/strong> Jusqu'\u00e0 <strong data-start=\"1872\" data-end=\"1894\">480 Mbps (USB 2.0)<\/strong><\/li>\n<li data-start=\"1897\" data-end=\"1969\"><strong data-start=\"1899\" data-end=\"1913\">Blindage :<\/strong> <strong data-start=\"1914\" data-end=\"1932\">Enti\u00e8rement blind\u00e9<\/strong> pour la r\u00e9duction des interf\u00e9rences EMI\/RFI<\/li>\n<li data-start=\"1970\" data-end=\"2067\"><strong data-start=\"1972\" data-end=\"1990\">Compatibilit\u00e9 :<\/strong> Fonctionne avec <strong data-start=\"2002\" data-end=\"2065\">appareils photo, disques externes et p\u00e9riph\u00e9riques USB 2.0 Micro-B 5 broches<\/strong><\/li>\n<li data-start=\"2068\" data-end=\"2172\"><strong data-start=\"2070\" data-end=\"2087\">Applications :<\/strong> Photographie au pied lev\u00e9, production vid\u00e9o, stockage externe, transfert de donn\u00e9es \u00e0 grande vitesse<\/li>\n<\/ul>\n<\/div>\n<\/div>\n<\/div>\n<\/div>\n<\/div>\n<\/div>","protected":false},"featured_media":10992,"template":"","meta":{"om_disable_all_campaigns":false,"_monsterinsights_skip_tracking":false,"_monsterinsights_sitenote_active":false,"_monsterinsights_sitenote_note":"","_monsterinsights_sitenote_category":0,"_uf_show_specific_survey":0,"_uf_disable_surveys":false},"product_brand":[],"product_cat":[55,84],"product_tag":[],"class_list":{"0":"post-10981","1":"product","2":"type-product","3":"status-publish","4":"has-post-thumbnail","6":"product_cat-cables-cinesouk","7":"product_cat-dit-cinesouk","9":"entry","10":"has-media","12":"first","13":"instock","14":"taxable","15":"shipping-taxable","16":"purchasable","17":"product-type-variable","18":"has-product-nav","19":"col","20":"span_1_of_3","21":"owp-content-center","22":"owp-thumbs-layout-horizontal","23":"owp-btn-normal","24":"owp-tabs-layout-horizontal","25":"has-no-thumbnails"},"yoast_head":"<!-- This site is optimized with the Yoast SEO Premium plugin v26.0 (Yoast SEO v26.0) - https:\/\/yoast.com\/wordpress\/plugins\/seo\/ -->\n<title>Tether Tools TetherPro USB-C to 2.0 Micro-B 5-Pin 4.6m - CineSouk<\/title>\n<meta name=\"description\" content=\"TetherPro USB-C to Micro-B 4.6m: A high-speed, fully shielded tethering cable for stable data transfer in professional photography and video production.\" \/>\n<meta name=\"robots\" content=\"index, follow, max-snippet:-1, max-image-preview:large, max-video-preview:-1\" \/>\n<link rel=\"canonical\" href=\"https:\/\/www.cinesouk.ma\/fr\/produit\/tether-tools-tetherpro-usb-c-to-2-0-micro-b-5-pin-4-6m\/\" \/>\n<meta property=\"og:locale\" content=\"fr_FR\" \/>\n<meta property=\"og:type\" content=\"article\" \/>\n<meta property=\"og:title\" content=\"Tether Tools TetherPro USB-C to 2.0 Micro-B 5-Pin 4.6m\" \/>\n<meta property=\"og:description\" content=\"TetherPro USB-C to Micro-B 4.6m: A high-speed, fully shielded tethering cable for stable data transfer in professional photography and video production.\" \/>\n<meta property=\"og:url\" content=\"https:\/\/www.cinesouk.ma\/fr\/produit\/tether-tools-tetherpro-usb-c-to-2-0-micro-b-5-pin-4-6m\/\" \/>\n<meta property=\"og:site_name\" content=\"CineSouk\" \/>\n<meta property=\"article:modified_time\" content=\"2025-08-16T12:15:27+00:00\" \/>\n<meta property=\"og:image\" content=\"https:\/\/www.cinesouk.ma\/wp-content\/uploads\/2025\/03\/tether-tools-tetherpro-usb-c-to-2-0-micro-b.webp\" \/>\n\t<meta property=\"og:image:width\" content=\"484\" \/>\n\t<meta property=\"og:image:height\" content=\"484\" \/>\n\t<meta property=\"og:image:type\" content=\"image\/webp\" \/>\n<meta name=\"twitter:card\" content=\"summary_large_image\" \/>\n<meta name=\"twitter:description\" content=\"TetherPro USB-C to Micro-B 4.6m: A high-speed, fully shielded tethering cable for stable data transfer in professional photography and video production.\" \/>\n<meta name=\"twitter:image\" content=\"https:\/\/www.cinesouk.ma\/wp-content\/uploads\/2025\/03\/tether-tools-tetherpro-usb-c-to-2-0-micro-b.webp\" \/>\n<meta name=\"twitter:label1\" content=\"Dur\u00e9e de lecture estim\u00e9e\" \/>\n\t<meta name=\"twitter:data1\" content=\"2 minutes\" \/>\n<script type=\"application\/ld+json\" class=\"yoast-schema-graph\">{\"@context\":\"https:\/\/schema.org\",\"@graph\":[{\"@type\":\"WebPage\",\"@id\":\"https:\/\/www.cinesouk.ma\/product\/tether-tools-tetherpro-usb-c-to-2-0-micro-b-5-pin-4-6m\/\",\"url\":\"https:\/\/www.cinesouk.ma\/product\/tether-tools-tetherpro-usb-c-to-2-0-micro-b-5-pin-4-6m\/\",\"name\":\"Tether Tools TetherPro USB-C to 2.0 Micro-B 5-Pin 4.6m - CineSouk\",\"isPartOf\":{\"@id\":\"https:\/\/www.cinesouk.ma\/#website\"},\"primaryImageOfPage\":{\"@id\":\"https:\/\/www.cinesouk.ma\/product\/tether-tools-tetherpro-usb-c-to-2-0-micro-b-5-pin-4-6m\/#primaryimage\"},\"image\":{\"@id\":\"https:\/\/www.cinesouk.ma\/product\/tether-tools-tetherpro-usb-c-to-2-0-micro-b-5-pin-4-6m\/#primaryimage\"},\"thumbnailUrl\":\"https:\/\/www.cinesouk.ma\/wp-content\/uploads\/2025\/03\/tether-tools-tetherpro-usb-c-to-2-0-micro-b.webp\",\"datePublished\":\"2025-03-05T15:02:31+00:00\",\"dateModified\":\"2025-08-16T12:15:27+00:00\",\"description\":\"TetherPro USB-C to Micro-B 4.6m: A high-speed, fully shielded tethering cable for stable data transfer in professional photography and video production.\",\"breadcrumb\":{\"@id\":\"https:\/\/www.cinesouk.ma\/product\/tether-tools-tetherpro-usb-c-to-2-0-micro-b-5-pin-4-6m\/#breadcrumb\"},\"inLanguage\":\"fr-FR\",\"potentialAction\":[{\"@type\":\"ReadAction\",\"target\":[\"https:\/\/www.cinesouk.ma\/product\/tether-tools-tetherpro-usb-c-to-2-0-micro-b-5-pin-4-6m\/\"]}]},{\"@type\":\"ImageObject\",\"inLanguage\":\"fr-FR\",\"@id\":\"https:\/\/www.cinesouk.ma\/product\/tether-tools-tetherpro-usb-c-to-2-0-micro-b-5-pin-4-6m\/#primaryimage\",\"url\":\"https:\/\/www.cinesouk.ma\/wp-content\/uploads\/2025\/03\/tether-tools-tetherpro-usb-c-to-2-0-micro-b.webp\",\"contentUrl\":\"https:\/\/www.cinesouk.ma\/wp-content\/uploads\/2025\/03\/tether-tools-tetherpro-usb-c-to-2-0-micro-b.webp\",\"width\":484,\"height\":484,\"caption\":\"tether-tools-tetherpro-usb-c-to-2-0-micro-b\"},{\"@type\":\"BreadcrumbList\",\"@id\":\"https:\/\/www.cinesouk.ma\/product\/tether-tools-tetherpro-usb-c-to-2-0-micro-b-5-pin-4-6m\/#breadcrumb\",\"itemListElement\":[{\"@type\":\"ListItem\",\"position\":1,\"name\":\"Home\",\"item\":\"https:\/\/www.cinesouk.ma\/\"},{\"@type\":\"ListItem\",\"position\":2,\"name\":\"Shop\",\"item\":\"https:\/\/www.cinesouk.ma\/shop\/\"},{\"@type\":\"ListItem\",\"position\":3,\"name\":\"Tether Tools TetherPro USB-C to 2.0 Micro-B 5-Pin 4.6m\"}]},{\"@type\":\"WebSite\",\"@id\":\"https:\/\/www.cinesouk.ma\/#website\",\"url\":\"https:\/\/www.cinesouk.ma\/\",\"name\":\"CineSouk\",\"description\":\"\",\"publisher\":{\"@id\":\"https:\/\/www.cinesouk.ma\/#organization\"},\"potentialAction\":[{\"@type\":\"SearchAction\",\"target\":{\"@type\":\"EntryPoint\",\"urlTemplate\":\"https:\/\/www.cinesouk.ma\/?s={search_term_string}\"},\"query-input\":{\"@type\":\"PropertyValueSpecification\",\"valueRequired\":true,\"valueName\":\"search_term_string\"}}],\"inLanguage\":\"fr-FR\"},{\"@type\":\"Organization\",\"@id\":\"https:\/\/www.cinesouk.ma\/#organization\",\"name\":\"CineSouk\",\"url\":\"https:\/\/www.cinesouk.ma\/\",\"logo\":{\"@type\":\"ImageObject\",\"inLanguage\":\"fr-FR\",\"@id\":\"https:\/\/www.cinesouk.ma\/#\/schema\/logo\/image\/\",\"url\":\"https:\/\/www.cinesouk.ma\/wp-content\/uploads\/2024\/01\/CineSouk-logo-v01-alpha-alligned-left.png\",\"contentUrl\":\"https:\/\/www.cinesouk.ma\/wp-content\/uploads\/2024\/01\/CineSouk-logo-v01-alpha-alligned-left.png\",\"width\":3204,\"height\":889,\"caption\":\"CineSouk\"},\"image\":{\"@id\":\"https:\/\/www.cinesouk.ma\/#\/schema\/logo\/image\/\"}}]}<\/script>\n<!-- \/ Yoast SEO Premium plugin. -->","yoast_head_json":{"title":"Tether Tools TetherPro USB-C to 2.0 Micro-B 5-Pin 4.6m - CineSouk","description":"TetherPro USB-C to Micro-B 4.6m: A high-speed, fully shielded tethering cable for stable data transfer in professional photography and video production.","robots":{"index":"index","follow":"follow","max-snippet":"max-snippet:-1","max-image-preview":"max-image-preview:large","max-video-preview":"max-video-preview:-1"},"canonical":"https:\/\/www.cinesouk.ma\/fr\/produit\/tether-tools-tetherpro-usb-c-to-2-0-micro-b-5-pin-4-6m\/","og_locale":"fr_FR","og_type":"article","og_title":"Tether Tools TetherPro USB-C to 2.0 Micro-B 5-Pin 4.6m","og_description":"TetherPro USB-C to Micro-B 4.6m: A high-speed, fully shielded tethering cable for stable data transfer in professional photography and video production.","og_url":"https:\/\/www.cinesouk.ma\/fr\/produit\/tether-tools-tetherpro-usb-c-to-2-0-micro-b-5-pin-4-6m\/","og_site_name":"CineSouk","article_modified_time":"2025-08-16T12:15:27+00:00","og_image":[{"width":484,"height":484,"url":"https:\/\/www.cinesouk.ma\/wp-content\/uploads\/2025\/03\/tether-tools-tetherpro-usb-c-to-2-0-micro-b.webp","type":"image\/webp"}],"twitter_card":"summary_large_image","twitter_description":"TetherPro USB-C to Micro-B 4.6m: A high-speed, fully shielded tethering cable for stable data transfer in professional photography and video production.","twitter_image":"https:\/\/www.cinesouk.ma\/wp-content\/uploads\/2025\/03\/tether-tools-tetherpro-usb-c-to-2-0-micro-b.webp","twitter_misc":{"Dur\u00e9e de lecture estim\u00e9e":"2 minutes"},"schema":{"@context":"https:\/\/schema.org","@graph":[{"@type":"WebPage","@id":"https:\/\/www.cinesouk.ma\/product\/tether-tools-tetherpro-usb-c-to-2-0-micro-b-5-pin-4-6m\/","url":"https:\/\/www.cinesouk.ma\/product\/tether-tools-tetherpro-usb-c-to-2-0-micro-b-5-pin-4-6m\/","name":"Tether Tools TetherPro USB-C to 2.0 Micro-B 5-Pin 4.6m - CineSouk","isPartOf":{"@id":"https:\/\/www.cinesouk.ma\/#website"},"primaryImageOfPage":{"@id":"https:\/\/www.cinesouk.ma\/product\/tether-tools-tetherpro-usb-c-to-2-0-micro-b-5-pin-4-6m\/#primaryimage"},"image":{"@id":"https:\/\/www.cinesouk.ma\/product\/tether-tools-tetherpro-usb-c-to-2-0-micro-b-5-pin-4-6m\/#primaryimage"},"thumbnailUrl":"https:\/\/www.cinesouk.ma\/wp-content\/uploads\/2025\/03\/tether-tools-tetherpro-usb-c-to-2-0-micro-b.webp","datePublished":"2025-03-05T15:02:31+00:00","dateModified":"2025-08-16T12:15:27+00:00","description":"TetherPro USB-C to Micro-B 4.6m: A high-speed, fully shielded tethering cable for stable data transfer in professional photography and video production.","breadcrumb":{"@id":"https:\/\/www.cinesouk.ma\/product\/tether-tools-tetherpro-usb-c-to-2-0-micro-b-5-pin-4-6m\/#breadcrumb"},"inLanguage":"fr-FR","potentialAction":[{"@type":"ReadAction","target":["https:\/\/www.cinesouk.ma\/product\/tether-tools-tetherpro-usb-c-to-2-0-micro-b-5-pin-4-6m\/"]}]},{"@type":"ImageObject","inLanguage":"fr-FR","@id":"https:\/\/www.cinesouk.ma\/product\/tether-tools-tetherpro-usb-c-to-2-0-micro-b-5-pin-4-6m\/#primaryimage","url":"https:\/\/www.cinesouk.ma\/wp-content\/uploads\/2025\/03\/tether-tools-tetherpro-usb-c-to-2-0-micro-b.webp","contentUrl":"https:\/\/www.cinesouk.ma\/wp-content\/uploads\/2025\/03\/tether-tools-tetherpro-usb-c-to-2-0-micro-b.webp","width":484,"height":484,"caption":"tether-tools-tetherpro-usb-c-to-2-0-micro-b"},{"@type":"BreadcrumbList","@id":"https:\/\/www.cinesouk.ma\/product\/tether-tools-tetherpro-usb-c-to-2-0-micro-b-5-pin-4-6m\/#breadcrumb","itemListElement":[{"@type":"ListItem","position":1,"name":"Home","item":"https:\/\/www.cinesouk.ma\/"},{"@type":"ListItem","position":2,"name":"Shop","item":"https:\/\/www.cinesouk.ma\/shop\/"},{"@type":"ListItem","position":3,"name":"Tether Tools TetherPro USB-C to 2.0 Micro-B 5-Pin 4.6m"}]},{"@type":"WebSite","@id":"https:\/\/www.cinesouk.ma\/#website","url":"https:\/\/www.cinesouk.ma\/","name":"CineSouk","description":"","publisher":{"@id":"https:\/\/www.cinesouk.ma\/#organization"},"potentialAction":[{"@type":"SearchAction","target":{"@type":"EntryPoint","urlTemplate":"https:\/\/www.cinesouk.ma\/?s={search_term_string}"},"query-input":{"@type":"PropertyValueSpecification","valueRequired":true,"valueName":"search_term_string"}}],"inLanguage":"fr-FR"},{"@type":"Organization","@id":"https:\/\/www.cinesouk.ma\/#organization","name":"CineSouk","url":"https:\/\/www.cinesouk.ma\/","logo":{"@type":"ImageObject","inLanguage":"fr-FR","@id":"https:\/\/www.cinesouk.ma\/#\/schema\/logo\/image\/","url":"https:\/\/www.cinesouk.ma\/wp-content\/uploads\/2024\/01\/CineSouk-logo-v01-alpha-alligned-left.png","contentUrl":"https:\/\/www.cinesouk.ma\/wp-content\/uploads\/2024\/01\/CineSouk-logo-v01-alpha-alligned-left.png","width":3204,"height":889,"caption":"CineSouk"},"image":{"@id":"https:\/\/www.cinesouk.ma\/#\/schema\/logo\/image\/"}}]}},"_links":{"self":[{"href":"https:\/\/www.cinesouk.ma\/fr\/wp-json\/wp\/v2\/product\/10981","targetHints":{"allow":["GET"]}}],"collection":[{"href":"https:\/\/www.cinesouk.ma\/fr\/wp-json\/wp\/v2\/product"}],"about":[{"href":"https:\/\/www.cinesouk.ma\/fr\/wp-json\/wp\/v2\/types\/product"}],"wp:featuredmedia":[{"embeddable":true,"href":"https:\/\/www.cinesouk.ma\/fr\/wp-json\/wp\/v2\/media\/10992"}],"wp:attachment":[{"href":"https:\/\/www.cinesouk.ma\/fr\/wp-json\/wp\/v2\/media?parent=10981"}],"wp:term":[{"taxonomy":"product_brand","embeddable":true,"href":"https:\/\/www.cinesouk.ma\/fr\/wp-json\/wp\/v2\/product_brand?post=10981"},{"taxonomy":"product_cat","embeddable":true,"href":"https:\/\/www.cinesouk.ma\/fr\/wp-json\/wp\/v2\/product_cat?post=10981"},{"taxonomy":"product_tag","embeddable":true,"href":"https:\/\/www.cinesouk.ma\/fr\/wp-json\/wp\/v2\/product_tag?post=10981"}],"curies":[{"name":"wp","href":"https:\/\/api.w.org\/{rel}","templated":true}]}}