{"id":10993,"date":"2025-03-05T15:08:48","date_gmt":"2025-03-05T15:08:48","guid":{"rendered":"https:\/\/www.cinesouk.ma\/?post_type=product&#038;p=10993"},"modified":"2025-08-16T12:15:13","modified_gmt":"2025-08-16T12:15:13","slug":"tether-tools-tether-boost-pro-usb-c-core-controller-extension-cable","status":"publish","type":"product","link":"https:\/\/www.cinesouk.ma\/fr\/produit\/tether-tools-tether-boost-pro-usb-c-core-controller-extension-cable\/","title":{"rendered":"TetherBoost Pro USB-C Core Controller Extension Cable (c\u00e2ble de rallonge pour contr\u00f4leur central USB-C)"},"content":{"rendered":"<p data-start=\"94\" data-end=\"603\">Le c\u00e2ble d'extension Tether Tools TetherBoost Pro USB-C Core Controller est un c\u00e2ble d'extension de qualit\u00e9 professionnelle sp\u00e9cialement con\u00e7u pour maintenir le transfert de donn\u00e9es stable et ininterrompu pendant les prises de vue en tethered. En boostant et en r\u00e9gulant activement la puissance, ce c\u00e2ble d'extension USB-C assure une connexion solide et coh\u00e9rente entre un appareil photo et un ordinateur, m\u00eame lorsque vous travaillez sur de longues distances. Par cons\u00e9quent, il aide les photographes et les vid\u00e9astes \u00e0 \u00e9viter les chutes de signal frustrantes.<\/p>\n<p data-start=\"605\" data-end=\"1143\">Pour les photographes, les vid\u00e9astes et les techniciens num\u00e9riques, le TetherBoost Pro USB-C joue un r\u00f4le crucial en \u00e9vitant les chutes de signal, les vitesses de transfert lentes et les probl\u00e8mes de connectivit\u00e9 qui se produisent souvent en raison d'une perte de puissance dans les configurations de tethering prolong\u00e9es. En outre, son blindage complet r\u00e9duit le bruit du signal et les interf\u00e9rences \u00e9lectromagn\u00e9tiques, garantissant une performance rapide et fiable, que ce soit en studio ou sur place. Les utilisateurs peuvent ainsi se concentrer sur leur travail cr\u00e9atif sans se soucier des perturbations techniques.<\/p>\n<h3 data-start=\"1145\" data-end=\"1223\"><strong data-start=\"1149\" data-end=\"1221\">Caract\u00e9ristiques principales du TetherBoost Pro USB-C Core Controller Extension :<\/strong><\/h3>\n<ul data-start=\"1224\" data-end=\"2213\">\n<li data-start=\"1224\" data-end=\"1418\"><strong data-start=\"1226\" data-end=\"1254\">Augmente et r\u00e9gule la puissance<\/strong> - Le transfert de donn\u00e9es reste rapide et fiable, m\u00eame sur de longues distances. Ceci est particuli\u00e8rement utile pour les professionnels qui ont besoin d'une connexion ininterrompue.<\/li>\n<li data-start=\"1419\" data-end=\"1555\"><strong data-start=\"1421\" data-end=\"1453\">Pr\u00e9vient les probl\u00e8mes de connectivit\u00e9<\/strong> - \u00c9vite les pertes de signal, le d\u00e9calage et les transferts lents, ce qui contribue \u00e0 am\u00e9liorer l'efficacit\u00e9 et le flux de travail.<\/li>\n<li data-start=\"1556\" data-end=\"1735\"><strong data-start=\"1558\" data-end=\"1589\">Connexion USB-C \u00e0 haut d\u00e9bit<\/strong> - Il offre une connexion stable et rapide pour les images et les vid\u00e9os haute r\u00e9solution, garantissant ainsi des performances fluides dans les environnements exigeants.<\/li>\n<li data-start=\"1736\" data-end=\"1931\"><strong data-start=\"1738\" data-end=\"1784\">Enti\u00e8rement blind\u00e9 pour la protection contre les interf\u00e9rences<\/strong> - Bloque \u00e0 la fois les EMI (interf\u00e9rences \u00e9lectromagn\u00e9tiques) et les RFI (interf\u00e9rences de fr\u00e9quence radio), ce qui permet une meilleure transmission des donn\u00e9es.<\/li>\n<li data-start=\"1932\" data-end=\"2098\"><strong data-start=\"1934\" data-end=\"1960\">Construction durable et s\u00fbre<\/strong> - Les connecteurs sont plaqu\u00e9s or, ce qui permet non seulement d'obtenir des performances plus solides et plus durables, mais aussi d'am\u00e9liorer la fiabilit\u00e9.<\/li>\n<li data-start=\"2099\" data-end=\"2213\"><strong data-start=\"2101\" data-end=\"2130\">Compatibilit\u00e9 Plug &amp; Play<\/strong> - Fonctionne instantan\u00e9ment sans logiciel suppl\u00e9mentaire, de sorte que l'installation est rapide et sans tracas.<\/li>\n<\/ul>\n<h3 data-start=\"2215\" data-end=\"2240\">Sp\u00e9cifications :<\/h3>\n<ul data-start=\"2241\" data-end=\"2669\">\n<li data-start=\"2241\" data-end=\"2308\"><strong data-start=\"2243\" data-end=\"2258\">Type de c\u00e2ble :<\/strong> Extension USB-C avec la technologie Core Controller<\/li>\n<li data-start=\"2309\" data-end=\"2366\"><strong data-start=\"2311\" data-end=\"2329\">Fonctionnalit\u00e9 :<\/strong> R\u00e9gulation de la puissance et renforcement du signal<\/li>\n<li data-start=\"2367\" data-end=\"2454\"><strong data-start=\"2369\" data-end=\"2387\">Compatibilit\u00e9 :<\/strong> Fonctionne avec les c\u00e2bles de liaison USB-C, les appareils photo et les p\u00e9riph\u00e9riques externes.<\/li>\n<li data-start=\"2455\" data-end=\"2576\"><strong data-start=\"2457\" data-end=\"2471\">Blindage :<\/strong> Enti\u00e8rement blind\u00e9 pour bloquer les interf\u00e9rences et maintenir l'int\u00e9grit\u00e9 du signal, ce qui am\u00e9liore les performances.<\/li>\n<li data-start=\"2577\" data-end=\"2669\"><strong data-start=\"2579\" data-end=\"2596\">Applications :<\/strong> Photographie au pied lev\u00e9, production vid\u00e9o, flux de travail num\u00e9rique professionnel<\/li>\n<\/ul>\n<p>Louez-le maintenant sur <a href=\"https:\/\/www.cinesouk.ma\/fr\">CINESOUK<\/a> - une marque de <a href=\"https:\/\/www.broadway.ma\/\">BROADWAY PRODUCTIONS SARL.<\/a><\/p>","protected":false},"excerpt":{"rendered":"<h3>Sp\u00e9cifications<\/h3>\n<div class=\"mb-2 flex gap-3 empty:hidden -ml-2\">\n<div class=\"items-center justify-start rounded-xl p-1 flex\">\n<div class=\"flex max-w-full flex-col flex-grow\">\n<div class=\"min-h-8 text-message flex w-full flex-col items-end gap-2 whitespace-normal break-words [.text-message+&amp;]:mt-5\" dir=\"auto\" data-message-author-role=\"assistant\" data-message-id=\"14aa7861-d5b8-427e-a3cc-f5084204f032\" data-message-model-slug=\"gpt-4o\">\n<div class=\"flex w-full flex-col gap-1 empty:hidden first:pt-[3px]\">\n<div class=\"markdown prose w-full break-words dark:prose-invert light\">\n<ul>\n<li data-start=\"1598\" data-end=\"1665\"><strong data-start=\"1600\" data-end=\"1615\">Type de c\u00e2ble :<\/strong> Extension USB-C avec la technologie Core Controller<\/li>\n<li data-start=\"1666\" data-end=\"1723\"><strong data-start=\"1668\" data-end=\"1686\">Fonctionnalit\u00e9 :<\/strong> R\u00e9gulation de la puissance et renforcement du signal<\/li>\n<li data-start=\"1724\" data-end=\"1815\"><strong data-start=\"1726\" data-end=\"1744\">Compatibilit\u00e9 :<\/strong> Fonctionne avec <strong data-start=\"1756\" data-end=\"1813\">C\u00e2bles de liaison USB-C, appareils photo et p\u00e9riph\u00e9riques externes<\/strong><\/li>\n<li data-start=\"1816\" data-end=\"1880\"><strong data-start=\"1818\" data-end=\"1832\">Blindage :<\/strong> <strong data-start=\"1833\" data-end=\"1851\">Enti\u00e8rement blind\u00e9<\/strong> pour la r\u00e9duction des interf\u00e9rences<\/li>\n<li data-start=\"1881\" data-end=\"1973\"><strong data-start=\"1883\" data-end=\"1900\">Applications :<\/strong> Photographie au pied lev\u00e9, production vid\u00e9o, flux de travail num\u00e9rique professionnel<\/li>\n<\/ul>\n<\/div>\n<\/div>\n<\/div>\n<\/div>\n<\/div>\n<\/div>","protected":false},"featured_media":11004,"template":"","meta":{"om_disable_all_campaigns":false,"_monsterinsights_skip_tracking":false,"_monsterinsights_sitenote_active":false,"_monsterinsights_sitenote_note":"","_monsterinsights_sitenote_category":0,"_uf_show_specific_survey":0,"_uf_disable_surveys":false},"product_brand":[],"product_cat":[55,84],"product_tag":[],"class_list":{"0":"post-10993","1":"product","2":"type-product","3":"status-publish","4":"has-post-thumbnail","6":"product_cat-cables-cinesouk","7":"product_cat-dit-cinesouk","9":"entry","10":"has-media","12":"first","13":"instock","14":"taxable","15":"shipping-taxable","16":"purchasable","17":"product-type-variable","18":"has-product-nav","19":"col","20":"span_1_of_3","21":"owp-content-center","22":"owp-thumbs-layout-horizontal","23":"owp-btn-normal","24":"owp-tabs-layout-horizontal","25":"has-no-thumbnails"},"yoast_head":"<!-- This site is optimized with the Yoast SEO Premium plugin v26.0 (Yoast SEO v26.0) - https:\/\/yoast.com\/wordpress\/plugins\/seo\/ -->\n<title>TetherBoost Pro USB-C Core Controller Extension Cable - CineSouk<\/title>\n<meta name=\"description\" content=\"Tether Tools TetherBoost Pro USB-C Extension: Power-regulating cable for stable tethering and signal reliability in professional photography.\" \/>\n<meta name=\"robots\" content=\"index, follow, max-snippet:-1, max-image-preview:large, max-video-preview:-1\" \/>\n<link rel=\"canonical\" href=\"https:\/\/www.cinesouk.ma\/fr\/produit\/tether-tools-tether-boost-pro-usb-c-core-controller-extension-cable\/\" \/>\n<meta property=\"og:locale\" content=\"fr_FR\" \/>\n<meta property=\"og:type\" content=\"article\" \/>\n<meta property=\"og:title\" content=\"TetherBoost Pro USB-C Core Controller Extension Cable\" \/>\n<meta property=\"og:description\" content=\"TetherPro USB-C to USB Female Adapter (Extender) 4.6m \u2013 High-speed, durable, and reliable cable extension for seamless tethered photography and data transfer.\" \/>\n<meta property=\"og:url\" content=\"https:\/\/www.cinesouk.ma\/fr\/produit\/tether-tools-tether-boost-pro-usb-c-core-controller-extension-cable\/\" \/>\n<meta property=\"og:site_name\" content=\"CineSouk\" \/>\n<meta property=\"article:modified_time\" content=\"2025-08-16T12:15:13+00:00\" \/>\n<meta property=\"og:image\" content=\"https:\/\/www.cinesouk.ma\/wp-content\/uploads\/2025\/03\/Tether-Tools-Tether-Boost-Pro-USB-C-Core-Controller-Extension-Cable-Zwart-.jpg\" \/>\n\t<meta property=\"og:image:width\" content=\"300\" \/>\n\t<meta property=\"og:image:height\" content=\"238\" \/>\n\t<meta property=\"og:image:type\" content=\"image\/jpeg\" \/>\n<meta name=\"twitter:card\" content=\"summary_large_image\" \/>\n<meta name=\"twitter:description\" content=\"Tether Tools TetherBoost Pro USB-C Core Controller Extension Cable: A power-regulating USB-C extension cable designed to boost tethering stability and prevent signal dropouts for professional photography.\" \/>\n<meta name=\"twitter:image\" content=\"https:\/\/www.cinesouk.ma\/wp-content\/uploads\/2025\/03\/Tether-Tools-Tether-Boost-Pro-USB-C-Core-Controller-Extension-Cable-Zwart-.jpg\" \/>\n<meta name=\"twitter:label1\" content=\"Dur\u00e9e de lecture estim\u00e9e\" \/>\n\t<meta name=\"twitter:data1\" content=\"2 minutes\" \/>\n<script type=\"application\/ld+json\" class=\"yoast-schema-graph\">{\"@context\":\"https:\/\/schema.org\",\"@graph\":[{\"@type\":\"WebPage\",\"@id\":\"https:\/\/www.cinesouk.ma\/product\/tether-tools-tether-boost-pro-usb-c-core-controller-extension-cable\/\",\"url\":\"https:\/\/www.cinesouk.ma\/product\/tether-tools-tether-boost-pro-usb-c-core-controller-extension-cable\/\",\"name\":\"TetherBoost Pro USB-C Core Controller Extension Cable - CineSouk\",\"isPartOf\":{\"@id\":\"https:\/\/www.cinesouk.ma\/#website\"},\"primaryImageOfPage\":{\"@id\":\"https:\/\/www.cinesouk.ma\/product\/tether-tools-tether-boost-pro-usb-c-core-controller-extension-cable\/#primaryimage\"},\"image\":{\"@id\":\"https:\/\/www.cinesouk.ma\/product\/tether-tools-tether-boost-pro-usb-c-core-controller-extension-cable\/#primaryimage\"},\"thumbnailUrl\":\"https:\/\/www.cinesouk.ma\/wp-content\/uploads\/2025\/03\/Tether-Tools-Tether-Boost-Pro-USB-C-Core-Controller-Extension-Cable-Zwart-.jpg\",\"datePublished\":\"2025-03-05T15:08:48+00:00\",\"dateModified\":\"2025-08-16T12:15:13+00:00\",\"description\":\"Tether Tools TetherBoost Pro USB-C Extension: Power-regulating cable for stable tethering and signal reliability in professional photography.\",\"breadcrumb\":{\"@id\":\"https:\/\/www.cinesouk.ma\/product\/tether-tools-tether-boost-pro-usb-c-core-controller-extension-cable\/#breadcrumb\"},\"inLanguage\":\"fr-FR\",\"potentialAction\":[{\"@type\":\"ReadAction\",\"target\":[\"https:\/\/www.cinesouk.ma\/product\/tether-tools-tether-boost-pro-usb-c-core-controller-extension-cable\/\"]}]},{\"@type\":\"ImageObject\",\"inLanguage\":\"fr-FR\",\"@id\":\"https:\/\/www.cinesouk.ma\/product\/tether-tools-tether-boost-pro-usb-c-core-controller-extension-cable\/#primaryimage\",\"url\":\"https:\/\/www.cinesouk.ma\/wp-content\/uploads\/2025\/03\/Tether-Tools-Tether-Boost-Pro-USB-C-Core-Controller-Extension-Cable-Zwart-.jpg\",\"contentUrl\":\"https:\/\/www.cinesouk.ma\/wp-content\/uploads\/2025\/03\/Tether-Tools-Tether-Boost-Pro-USB-C-Core-Controller-Extension-Cable-Zwart-.jpg\",\"width\":300,\"height\":238,\"caption\":\"Tether Tools Tether Boost Pro USB-C Core Controller Extension Cable\"},{\"@type\":\"BreadcrumbList\",\"@id\":\"https:\/\/www.cinesouk.ma\/product\/tether-tools-tether-boost-pro-usb-c-core-controller-extension-cable\/#breadcrumb\",\"itemListElement\":[{\"@type\":\"ListItem\",\"position\":1,\"name\":\"Home\",\"item\":\"https:\/\/www.cinesouk.ma\/\"},{\"@type\":\"ListItem\",\"position\":2,\"name\":\"Shop\",\"item\":\"https:\/\/www.cinesouk.ma\/shop\/\"},{\"@type\":\"ListItem\",\"position\":3,\"name\":\"TetherBoost Pro USB-C Core Controller Extension Cable\"}]},{\"@type\":\"WebSite\",\"@id\":\"https:\/\/www.cinesouk.ma\/#website\",\"url\":\"https:\/\/www.cinesouk.ma\/\",\"name\":\"CineSouk\",\"description\":\"\",\"publisher\":{\"@id\":\"https:\/\/www.cinesouk.ma\/#organization\"},\"potentialAction\":[{\"@type\":\"SearchAction\",\"target\":{\"@type\":\"EntryPoint\",\"urlTemplate\":\"https:\/\/www.cinesouk.ma\/?s={search_term_string}\"},\"query-input\":{\"@type\":\"PropertyValueSpecification\",\"valueRequired\":true,\"valueName\":\"search_term_string\"}}],\"inLanguage\":\"fr-FR\"},{\"@type\":\"Organization\",\"@id\":\"https:\/\/www.cinesouk.ma\/#organization\",\"name\":\"CineSouk\",\"url\":\"https:\/\/www.cinesouk.ma\/\",\"logo\":{\"@type\":\"ImageObject\",\"inLanguage\":\"fr-FR\",\"@id\":\"https:\/\/www.cinesouk.ma\/#\/schema\/logo\/image\/\",\"url\":\"https:\/\/www.cinesouk.ma\/wp-content\/uploads\/2024\/01\/CineSouk-logo-v01-alpha-alligned-left.png\",\"contentUrl\":\"https:\/\/www.cinesouk.ma\/wp-content\/uploads\/2024\/01\/CineSouk-logo-v01-alpha-alligned-left.png\",\"width\":3204,\"height\":889,\"caption\":\"CineSouk\"},\"image\":{\"@id\":\"https:\/\/www.cinesouk.ma\/#\/schema\/logo\/image\/\"}}]}<\/script>\n<!-- \/ Yoast SEO Premium plugin. -->","yoast_head_json":{"title":"TetherBoost Pro USB-C Core Controller Extension Cable - CineSouk","description":"Tether Tools TetherBoost Pro USB-C Extension: Power-regulating cable for stable tethering and signal reliability in professional photography.","robots":{"index":"index","follow":"follow","max-snippet":"max-snippet:-1","max-image-preview":"max-image-preview:large","max-video-preview":"max-video-preview:-1"},"canonical":"https:\/\/www.cinesouk.ma\/fr\/produit\/tether-tools-tether-boost-pro-usb-c-core-controller-extension-cable\/","og_locale":"fr_FR","og_type":"article","og_title":"TetherBoost Pro USB-C Core Controller Extension Cable","og_description":"TetherPro USB-C to USB Female Adapter (Extender) 4.6m \u2013 High-speed, durable, and reliable cable extension for seamless tethered photography and data transfer.","og_url":"https:\/\/www.cinesouk.ma\/fr\/produit\/tether-tools-tether-boost-pro-usb-c-core-controller-extension-cable\/","og_site_name":"CineSouk","article_modified_time":"2025-08-16T12:15:13+00:00","og_image":[{"width":300,"height":238,"url":"https:\/\/www.cinesouk.ma\/wp-content\/uploads\/2025\/03\/Tether-Tools-Tether-Boost-Pro-USB-C-Core-Controller-Extension-Cable-Zwart-.jpg","type":"image\/jpeg"}],"twitter_card":"summary_large_image","twitter_description":"Tether Tools TetherBoost Pro USB-C Core Controller Extension Cable: A power-regulating USB-C extension cable designed to boost tethering stability and prevent signal dropouts for professional photography.","twitter_image":"https:\/\/www.cinesouk.ma\/wp-content\/uploads\/2025\/03\/Tether-Tools-Tether-Boost-Pro-USB-C-Core-Controller-Extension-Cable-Zwart-.jpg","twitter_misc":{"Dur\u00e9e de lecture estim\u00e9e":"2 minutes"},"schema":{"@context":"https:\/\/schema.org","@graph":[{"@type":"WebPage","@id":"https:\/\/www.cinesouk.ma\/product\/tether-tools-tether-boost-pro-usb-c-core-controller-extension-cable\/","url":"https:\/\/www.cinesouk.ma\/product\/tether-tools-tether-boost-pro-usb-c-core-controller-extension-cable\/","name":"TetherBoost Pro USB-C Core Controller Extension Cable - CineSouk","isPartOf":{"@id":"https:\/\/www.cinesouk.ma\/#website"},"primaryImageOfPage":{"@id":"https:\/\/www.cinesouk.ma\/product\/tether-tools-tether-boost-pro-usb-c-core-controller-extension-cable\/#primaryimage"},"image":{"@id":"https:\/\/www.cinesouk.ma\/product\/tether-tools-tether-boost-pro-usb-c-core-controller-extension-cable\/#primaryimage"},"thumbnailUrl":"https:\/\/www.cinesouk.ma\/wp-content\/uploads\/2025\/03\/Tether-Tools-Tether-Boost-Pro-USB-C-Core-Controller-Extension-Cable-Zwart-.jpg","datePublished":"2025-03-05T15:08:48+00:00","dateModified":"2025-08-16T12:15:13+00:00","description":"Tether Tools TetherBoost Pro USB-C Extension: Power-regulating cable for stable tethering and signal reliability in professional photography.","breadcrumb":{"@id":"https:\/\/www.cinesouk.ma\/product\/tether-tools-tether-boost-pro-usb-c-core-controller-extension-cable\/#breadcrumb"},"inLanguage":"fr-FR","potentialAction":[{"@type":"ReadAction","target":["https:\/\/www.cinesouk.ma\/product\/tether-tools-tether-boost-pro-usb-c-core-controller-extension-cable\/"]}]},{"@type":"ImageObject","inLanguage":"fr-FR","@id":"https:\/\/www.cinesouk.ma\/product\/tether-tools-tether-boost-pro-usb-c-core-controller-extension-cable\/#primaryimage","url":"https:\/\/www.cinesouk.ma\/wp-content\/uploads\/2025\/03\/Tether-Tools-Tether-Boost-Pro-USB-C-Core-Controller-Extension-Cable-Zwart-.jpg","contentUrl":"https:\/\/www.cinesouk.ma\/wp-content\/uploads\/2025\/03\/Tether-Tools-Tether-Boost-Pro-USB-C-Core-Controller-Extension-Cable-Zwart-.jpg","width":300,"height":238,"caption":"Tether Tools Tether Boost Pro USB-C Core Controller Extension Cable"},{"@type":"BreadcrumbList","@id":"https:\/\/www.cinesouk.ma\/product\/tether-tools-tether-boost-pro-usb-c-core-controller-extension-cable\/#breadcrumb","itemListElement":[{"@type":"ListItem","position":1,"name":"Home","item":"https:\/\/www.cinesouk.ma\/"},{"@type":"ListItem","position":2,"name":"Shop","item":"https:\/\/www.cinesouk.ma\/shop\/"},{"@type":"ListItem","position":3,"name":"TetherBoost Pro USB-C Core Controller Extension Cable"}]},{"@type":"WebSite","@id":"https:\/\/www.cinesouk.ma\/#website","url":"https:\/\/www.cinesouk.ma\/","name":"CineSouk","description":"","publisher":{"@id":"https:\/\/www.cinesouk.ma\/#organization"},"potentialAction":[{"@type":"SearchAction","target":{"@type":"EntryPoint","urlTemplate":"https:\/\/www.cinesouk.ma\/?s={search_term_string}"},"query-input":{"@type":"PropertyValueSpecification","valueRequired":true,"valueName":"search_term_string"}}],"inLanguage":"fr-FR"},{"@type":"Organization","@id":"https:\/\/www.cinesouk.ma\/#organization","name":"CineSouk","url":"https:\/\/www.cinesouk.ma\/","logo":{"@type":"ImageObject","inLanguage":"fr-FR","@id":"https:\/\/www.cinesouk.ma\/#\/schema\/logo\/image\/","url":"https:\/\/www.cinesouk.ma\/wp-content\/uploads\/2024\/01\/CineSouk-logo-v01-alpha-alligned-left.png","contentUrl":"https:\/\/www.cinesouk.ma\/wp-content\/uploads\/2024\/01\/CineSouk-logo-v01-alpha-alligned-left.png","width":3204,"height":889,"caption":"CineSouk"},"image":{"@id":"https:\/\/www.cinesouk.ma\/#\/schema\/logo\/image\/"}}]}},"_links":{"self":[{"href":"https:\/\/www.cinesouk.ma\/fr\/wp-json\/wp\/v2\/product\/10993","targetHints":{"allow":["GET"]}}],"collection":[{"href":"https:\/\/www.cinesouk.ma\/fr\/wp-json\/wp\/v2\/product"}],"about":[{"href":"https:\/\/www.cinesouk.ma\/fr\/wp-json\/wp\/v2\/types\/product"}],"wp:featuredmedia":[{"embeddable":true,"href":"https:\/\/www.cinesouk.ma\/fr\/wp-json\/wp\/v2\/media\/11004"}],"wp:attachment":[{"href":"https:\/\/www.cinesouk.ma\/fr\/wp-json\/wp\/v2\/media?parent=10993"}],"wp:term":[{"taxonomy":"product_brand","embeddable":true,"href":"https:\/\/www.cinesouk.ma\/fr\/wp-json\/wp\/v2\/product_brand?post=10993"},{"taxonomy":"product_cat","embeddable":true,"href":"https:\/\/www.cinesouk.ma\/fr\/wp-json\/wp\/v2\/product_cat?post=10993"},{"taxonomy":"product_tag","embeddable":true,"href":"https:\/\/www.cinesouk.ma\/fr\/wp-json\/wp\/v2\/product_tag?post=10993"}],"curies":[{"name":"wp","href":"https:\/\/api.w.org\/{rel}","templated":true}]}}