{"id":11068,"date":"2025-03-07T14:10:08","date_gmt":"2025-03-07T14:10:08","guid":{"rendered":"https:\/\/www.cinesouk.ma\/?post_type=product&#038;p=11068"},"modified":"2025-03-21T10:56:52","modified_gmt":"2025-03-21T10:56:52","slug":"delock-thunderbolt-3-cable-2m","status":"publish","type":"product","link":"https:\/\/www.cinesouk.ma\/fr\/produit\/delock-thunderbolt-3-cable-2m\/","title":{"rendered":"C\u00e2ble Delock Thunderbolt 3 2m"},"content":{"rendered":"<p data-start=\"43\" data-end=\"458\">Le c\u00e2ble Delock Thunderbolt 3 (2m) est un c\u00e2ble de donn\u00e9es et d'alimentation \u00e0 haute vitesse con\u00e7u pour une connectivit\u00e9 rapide, stable et polyvalente. Gr\u00e2ce \u00e0 sa longueur \u00e9tendue, ce c\u00e2ble offre une plus grande flexibilit\u00e9 pour les installations professionnelles, ce qui le rend id\u00e9al pour le transfert de fichiers volumineux, la connexion d'\u00e9crans haute r\u00e9solution et l'alimentation d'appareils. Il est donc id\u00e9al pour le transfert de fichiers volumineux, la connexion d'\u00e9crans haute r\u00e9solution et l'alimentation d'appareils. Il garantit ainsi des performances sans faille dans tous les flux de travail.<\/p>\n<h3 data-start=\"460\" data-end=\"482\"><strong data-start=\"464\" data-end=\"480\">Caract\u00e9ristiques principales<\/strong><\/h3>\n<ul data-start=\"484\" data-end=\"1334\">\n<li data-start=\"484\" data-end=\"626\"><strong data-start=\"486\" data-end=\"516\">Transfert de donn\u00e9es ultra-rapide<\/strong> - Prend en charge des vitesses allant jusqu'\u00e0 40 Gbps, permettant des transferts de fichiers ultra-rapides et une int\u00e9gration fluide du flux de travail.<\/li>\n<li data-start=\"627\" data-end=\"765\"><strong data-start=\"629\" data-end=\"658\">Puissance d\u00e9livr\u00e9e jusqu'\u00e0 100W<\/strong> - Permet une charge efficace, de sorte que les ordinateurs portables, p\u00e9riph\u00e9riques et accessoires compatibles restent aliment\u00e9s.<\/li>\n<li data-start=\"766\" data-end=\"919\"><strong data-start=\"768\" data-end=\"795\">Prise en charge des \u00e9crans 4K et 5K<\/strong> - Il fournit une sortie vid\u00e9o haute r\u00e9solution, ce qui le rend id\u00e9al pour les moniteurs externes et les professionnels de la cr\u00e9ation.<\/li>\n<li data-start=\"920\" data-end=\"1064\"><strong data-start=\"922\" data-end=\"949\">Compatibilit\u00e9 universelle<\/strong> - Fonctionne avec les appareils Thunderbolt 3, USB-C et DisplayPort, garantissant une flexibilit\u00e9 sur plusieurs configurations.<\/li>\n<li data-start=\"1065\" data-end=\"1213\"><strong data-start=\"1067\" data-end=\"1096\">Conception blind\u00e9e et durable<\/strong> - Construit avec un blindage de haute qualit\u00e9, r\u00e9duisant ainsi les interf\u00e9rences et garantissant une connexion stable.<\/li>\n<li data-start=\"1214\" data-end=\"1334\"><strong data-start=\"1216\" data-end=\"1238\">Longueur \u00e9tendue de 2m<\/strong> - Offre une plus grande port\u00e9e pour les postes de travail professionnels, ce qui en fait la solution id\u00e9ale pour les grandes installations.<\/li>\n<\/ul>\n<h3 data-start=\"1336\" data-end=\"1360\"><strong data-start=\"1340\" data-end=\"1358\">Sp\u00e9cifications<\/strong><\/h3>\n<ul data-start=\"1362\" data-end=\"1649\">\n<li data-start=\"1362\" data-end=\"1407\"><strong data-start=\"1364\" data-end=\"1383\">Type de connecteur :<\/strong> Thunderbolt 3 (USB-C)<\/li>\n<li data-start=\"1408\" data-end=\"1449\"><strong data-start=\"1410\" data-end=\"1427\">Longueur du c\u00e2ble :<\/strong> 2 m\u00e8tres (6,6 pieds)<\/li>\n<li data-start=\"1450\" data-end=\"1491\"><strong data-start=\"1452\" data-end=\"1476\">Vitesse de transfert des donn\u00e9es :<\/strong> Jusqu'\u00e0 40 Gbps<\/li>\n<li data-start=\"1492\" data-end=\"1535\"><strong data-start=\"1494\" data-end=\"1513\">Alimentation \u00e9lectrique :<\/strong> Prend en charge jusqu'\u00e0 100W<\/li>\n<li data-start=\"1536\" data-end=\"1580\"><strong data-start=\"1538\" data-end=\"1561\">Soutien \u00e0 la r\u00e9solution :<\/strong> \u00c9crans 4K et 5K<\/li>\n<li data-start=\"1581\" data-end=\"1649\"><strong data-start=\"1583\" data-end=\"1601\">Compatibilit\u00e9 :<\/strong> P\u00e9riph\u00e9riques Thunderbolt 3, USB-C et DisplayPort<\/li>\n<\/ul>\n<p data-start=\"1651\" data-end=\"2222\" data-is-last-node=\"\" data-is-only-node=\"\">Le c\u00e2ble Delock Thunderbolt 3 (2 m) est indispensable pour les professionnels qui ont besoin d'une connectivit\u00e9 \u00e0 grande vitesse et d'une alimentation \u00e9lectrique fiable. Comme il prend en charge le transfert de donn\u00e9es ultrarapide, les \u00e9crans haute r\u00e9solution et la compatibilit\u00e9 avec de nombreux appareils, il garantit un flux de travail fluide et efficace. De plus, sa conception durable garantit une utilisation \u00e0 long terme dans n'importe quel environnement. Que vous travailliez sur le montage vid\u00e9o, le transfert de donn\u00e9es ou les \u00e9crans externes, ce c\u00e2ble haute performance offre une durabilit\u00e9 exceptionnelle et une int\u00e9gration transparente dans n'importe quelle configuration.<\/p>\n<p>Louez-le maintenant sur <a href=\"https:\/\/www.cinesouk.ma\/fr\">CINESOUK<\/a> - une marque de <a href=\"https:\/\/www.broadway.ma\/\">BROADWAY PRODUCTIONS SARL.<\/a><\/p>\n<p>&nbsp;<\/p>","protected":false},"excerpt":{"rendered":"<p><strong>Sp\u00e9cifications<\/strong><\/p>\n<ul data-start=\"1362\" data-end=\"1649\">\n<li data-start=\"1362\" data-end=\"1407\"><strong data-start=\"1364\" data-end=\"1383\">Type de connecteur :<\/strong> Thunderbolt 3 (USB-C)<\/li>\n<li data-start=\"1408\" data-end=\"1449\"><strong data-start=\"1410\" data-end=\"1427\">Longueur du c\u00e2ble :<\/strong> 2 m\u00e8tres (6,6 pieds)<\/li>\n<li data-start=\"1450\" data-end=\"1491\"><strong data-start=\"1452\" data-end=\"1476\">Vitesse de transfert des donn\u00e9es :<\/strong> Jusqu'\u00e0 40 Gbps<\/li>\n<li data-start=\"1492\" data-end=\"1535\"><strong data-start=\"1494\" data-end=\"1513\">Alimentation \u00e9lectrique :<\/strong> Prend en charge jusqu'\u00e0 100W<\/li>\n<li data-start=\"1536\" data-end=\"1580\"><strong data-start=\"1538\" data-end=\"1561\">Soutien \u00e0 la r\u00e9solution :<\/strong> \u00c9crans 4K et 5K<\/li>\n<li data-start=\"1581\" data-end=\"1649\"><strong data-start=\"1583\" data-end=\"1601\">Compatibilit\u00e9 :<\/strong> P\u00e9riph\u00e9riques Thunderbolt 3, USB-C et DisplayPort<\/li>\n<\/ul>","protected":false},"featured_media":11079,"template":"","meta":{"om_disable_all_campaigns":false,"_monsterinsights_skip_tracking":false,"_monsterinsights_sitenote_active":false,"_monsterinsights_sitenote_note":"","_monsterinsights_sitenote_category":0,"_uf_show_specific_survey":0,"_uf_disable_surveys":false},"product_brand":[],"product_cat":[37,55,86],"product_tag":[],"class_list":{"0":"post-11068","1":"product","2":"type-product","3":"status-publish","4":"has-post-thumbnail","6":"product_cat-accessories-cinesouk","7":"product_cat-cables-cinesouk","8":"product_cat-foh-cinesouk","10":"entry","11":"has-media","13":"first","14":"instock","15":"taxable","16":"shipping-taxable","17":"purchasable","18":"product-type-variable","19":"has-product-nav","20":"col","21":"span_1_of_3","22":"owp-content-center","23":"owp-thumbs-layout-horizontal","24":"owp-btn-normal","25":"owp-tabs-layout-horizontal","26":"has-no-thumbnails"},"yoast_head":"<!-- This site is optimized with the Yoast SEO Premium plugin v26.0 (Yoast SEO v26.0) - https:\/\/yoast.com\/wordpress\/plugins\/seo\/ -->\n<title>Delock Thunderbolt 3 Cable 2m - CineSouk - Marrakech l Morocco - For rent<\/title>\n<meta name=\"description\" content=\"Delock Thunderbolt 3 Cable (2m) \u2013 Ultra-fast 40Gbps data transfer, 100W power delivery, and 4K\/5K display support for reliable, high-performance connectivity.\" \/>\n<meta name=\"robots\" content=\"index, follow, max-snippet:-1, max-image-preview:large, max-video-preview:-1\" \/>\n<link rel=\"canonical\" href=\"https:\/\/www.cinesouk.ma\/fr\/produit\/delock-thunderbolt-3-cable-2m\/\" \/>\n<meta property=\"og:locale\" content=\"fr_FR\" \/>\n<meta property=\"og:type\" content=\"article\" \/>\n<meta property=\"og:title\" content=\"Delock Thunderbolt 3 Cable 2m\" \/>\n<meta property=\"og:description\" content=\"Delock Thunderbolt 3 Cable (2m) \u2013 Ultra-fast 40Gbps data transfer, 100W power delivery, and 4K\/5K display support for reliable, high-performance connectivity.\" \/>\n<meta property=\"og:url\" content=\"https:\/\/www.cinesouk.ma\/fr\/produit\/delock-thunderbolt-3-cable-2m\/\" \/>\n<meta property=\"og:site_name\" content=\"CineSouk\" \/>\n<meta property=\"article:modified_time\" content=\"2025-03-21T10:56:52+00:00\" \/>\n<meta property=\"og:image\" content=\"https:\/\/www.cinesouk.ma\/wp-content\/uploads\/2025\/03\/Delock-Thunderbolt-3-Cable-1m.jpg\" \/>\n\t<meta property=\"og:image:width\" content=\"300\" \/>\n\t<meta property=\"og:image:height\" content=\"238\" \/>\n\t<meta property=\"og:image:type\" content=\"image\/jpeg\" \/>\n<meta name=\"twitter:card\" content=\"summary_large_image\" \/>\n<meta name=\"twitter:description\" content=\"Delock Thunderbolt 3 Cable (2m) \u2013 Ultra-fast 40Gbps data transfer, 100W power delivery, and 4K\/5K display support for reliable, high-performance connectivity.\" \/>\n<meta name=\"twitter:label1\" content=\"Dur\u00e9e de lecture estim\u00e9e\" \/>\n\t<meta name=\"twitter:data1\" content=\"2 minutes\" \/>\n<script type=\"application\/ld+json\" class=\"yoast-schema-graph\">{\"@context\":\"https:\/\/schema.org\",\"@graph\":[{\"@type\":\"WebPage\",\"@id\":\"https:\/\/www.cinesouk.ma\/product\/delock-thunderbolt-3-cable-2m\/\",\"url\":\"https:\/\/www.cinesouk.ma\/product\/delock-thunderbolt-3-cable-2m\/\",\"name\":\"Delock Thunderbolt 3 Cable 2m - CineSouk - Marrakech l Morocco - For rent\",\"isPartOf\":{\"@id\":\"https:\/\/www.cinesouk.ma\/#website\"},\"primaryImageOfPage\":{\"@id\":\"https:\/\/www.cinesouk.ma\/product\/delock-thunderbolt-3-cable-2m\/#primaryimage\"},\"image\":{\"@id\":\"https:\/\/www.cinesouk.ma\/product\/delock-thunderbolt-3-cable-2m\/#primaryimage\"},\"thumbnailUrl\":\"https:\/\/www.cinesouk.ma\/wp-content\/uploads\/2025\/03\/Delock-Thunderbolt-3-Cable-1m.jpg\",\"datePublished\":\"2025-03-07T14:10:08+00:00\",\"dateModified\":\"2025-03-21T10:56:52+00:00\",\"description\":\"Delock Thunderbolt 3 Cable (2m) \u2013 Ultra-fast 40Gbps data transfer, 100W power delivery, and 4K\/5K display support for reliable, high-performance connectivity.\",\"breadcrumb\":{\"@id\":\"https:\/\/www.cinesouk.ma\/product\/delock-thunderbolt-3-cable-2m\/#breadcrumb\"},\"inLanguage\":\"fr-FR\",\"potentialAction\":[{\"@type\":\"ReadAction\",\"target\":[\"https:\/\/www.cinesouk.ma\/product\/delock-thunderbolt-3-cable-2m\/\"]}]},{\"@type\":\"ImageObject\",\"inLanguage\":\"fr-FR\",\"@id\":\"https:\/\/www.cinesouk.ma\/product\/delock-thunderbolt-3-cable-2m\/#primaryimage\",\"url\":\"https:\/\/www.cinesouk.ma\/wp-content\/uploads\/2025\/03\/Delock-Thunderbolt-3-Cable-1m.jpg\",\"contentUrl\":\"https:\/\/www.cinesouk.ma\/wp-content\/uploads\/2025\/03\/Delock-Thunderbolt-3-Cable-1m.jpg\",\"width\":300,\"height\":238,\"caption\":\"Delock Thunderbolt 3 Cable 1m\"},{\"@type\":\"BreadcrumbList\",\"@id\":\"https:\/\/www.cinesouk.ma\/product\/delock-thunderbolt-3-cable-2m\/#breadcrumb\",\"itemListElement\":[{\"@type\":\"ListItem\",\"position\":1,\"name\":\"Home\",\"item\":\"https:\/\/www.cinesouk.ma\/\"},{\"@type\":\"ListItem\",\"position\":2,\"name\":\"Shop\",\"item\":\"https:\/\/www.cinesouk.ma\/shop\/\"},{\"@type\":\"ListItem\",\"position\":3,\"name\":\"Delock Thunderbolt 3 Cable 2m\"}]},{\"@type\":\"WebSite\",\"@id\":\"https:\/\/www.cinesouk.ma\/#website\",\"url\":\"https:\/\/www.cinesouk.ma\/\",\"name\":\"CineSouk\",\"description\":\"\",\"publisher\":{\"@id\":\"https:\/\/www.cinesouk.ma\/#organization\"},\"potentialAction\":[{\"@type\":\"SearchAction\",\"target\":{\"@type\":\"EntryPoint\",\"urlTemplate\":\"https:\/\/www.cinesouk.ma\/?s={search_term_string}\"},\"query-input\":{\"@type\":\"PropertyValueSpecification\",\"valueRequired\":true,\"valueName\":\"search_term_string\"}}],\"inLanguage\":\"fr-FR\"},{\"@type\":\"Organization\",\"@id\":\"https:\/\/www.cinesouk.ma\/#organization\",\"name\":\"CineSouk\",\"url\":\"https:\/\/www.cinesouk.ma\/\",\"logo\":{\"@type\":\"ImageObject\",\"inLanguage\":\"fr-FR\",\"@id\":\"https:\/\/www.cinesouk.ma\/#\/schema\/logo\/image\/\",\"url\":\"https:\/\/www.cinesouk.ma\/wp-content\/uploads\/2024\/01\/CineSouk-logo-v01-alpha-alligned-left.png\",\"contentUrl\":\"https:\/\/www.cinesouk.ma\/wp-content\/uploads\/2024\/01\/CineSouk-logo-v01-alpha-alligned-left.png\",\"width\":3204,\"height\":889,\"caption\":\"CineSouk\"},\"image\":{\"@id\":\"https:\/\/www.cinesouk.ma\/#\/schema\/logo\/image\/\"}}]}<\/script>\n<!-- \/ Yoast SEO Premium plugin. -->","yoast_head_json":{"title":"Delock Thunderbolt 3 Cable 2m - CineSouk - Marrakech l Morocco - For rent","description":"Delock Thunderbolt 3 Cable (2m) \u2013 Ultra-fast 40Gbps data transfer, 100W power delivery, and 4K\/5K display support for reliable, high-performance connectivity.","robots":{"index":"index","follow":"follow","max-snippet":"max-snippet:-1","max-image-preview":"max-image-preview:large","max-video-preview":"max-video-preview:-1"},"canonical":"https:\/\/www.cinesouk.ma\/fr\/produit\/delock-thunderbolt-3-cable-2m\/","og_locale":"fr_FR","og_type":"article","og_title":"Delock Thunderbolt 3 Cable 2m","og_description":"Delock Thunderbolt 3 Cable (2m) \u2013 Ultra-fast 40Gbps data transfer, 100W power delivery, and 4K\/5K display support for reliable, high-performance connectivity.","og_url":"https:\/\/www.cinesouk.ma\/fr\/produit\/delock-thunderbolt-3-cable-2m\/","og_site_name":"CineSouk","article_modified_time":"2025-03-21T10:56:52+00:00","og_image":[{"width":300,"height":238,"url":"https:\/\/www.cinesouk.ma\/wp-content\/uploads\/2025\/03\/Delock-Thunderbolt-3-Cable-1m.jpg","type":"image\/jpeg"}],"twitter_card":"summary_large_image","twitter_description":"Delock Thunderbolt 3 Cable (2m) \u2013 Ultra-fast 40Gbps data transfer, 100W power delivery, and 4K\/5K display support for reliable, high-performance connectivity.","twitter_misc":{"Dur\u00e9e de lecture estim\u00e9e":"2 minutes"},"schema":{"@context":"https:\/\/schema.org","@graph":[{"@type":"WebPage","@id":"https:\/\/www.cinesouk.ma\/product\/delock-thunderbolt-3-cable-2m\/","url":"https:\/\/www.cinesouk.ma\/product\/delock-thunderbolt-3-cable-2m\/","name":"Delock Thunderbolt 3 Cable 2m - CineSouk - Marrakech l Morocco - For rent","isPartOf":{"@id":"https:\/\/www.cinesouk.ma\/#website"},"primaryImageOfPage":{"@id":"https:\/\/www.cinesouk.ma\/product\/delock-thunderbolt-3-cable-2m\/#primaryimage"},"image":{"@id":"https:\/\/www.cinesouk.ma\/product\/delock-thunderbolt-3-cable-2m\/#primaryimage"},"thumbnailUrl":"https:\/\/www.cinesouk.ma\/wp-content\/uploads\/2025\/03\/Delock-Thunderbolt-3-Cable-1m.jpg","datePublished":"2025-03-07T14:10:08+00:00","dateModified":"2025-03-21T10:56:52+00:00","description":"Delock Thunderbolt 3 Cable (2m) \u2013 Ultra-fast 40Gbps data transfer, 100W power delivery, and 4K\/5K display support for reliable, high-performance connectivity.","breadcrumb":{"@id":"https:\/\/www.cinesouk.ma\/product\/delock-thunderbolt-3-cable-2m\/#breadcrumb"},"inLanguage":"fr-FR","potentialAction":[{"@type":"ReadAction","target":["https:\/\/www.cinesouk.ma\/product\/delock-thunderbolt-3-cable-2m\/"]}]},{"@type":"ImageObject","inLanguage":"fr-FR","@id":"https:\/\/www.cinesouk.ma\/product\/delock-thunderbolt-3-cable-2m\/#primaryimage","url":"https:\/\/www.cinesouk.ma\/wp-content\/uploads\/2025\/03\/Delock-Thunderbolt-3-Cable-1m.jpg","contentUrl":"https:\/\/www.cinesouk.ma\/wp-content\/uploads\/2025\/03\/Delock-Thunderbolt-3-Cable-1m.jpg","width":300,"height":238,"caption":"Delock Thunderbolt 3 Cable 1m"},{"@type":"BreadcrumbList","@id":"https:\/\/www.cinesouk.ma\/product\/delock-thunderbolt-3-cable-2m\/#breadcrumb","itemListElement":[{"@type":"ListItem","position":1,"name":"Home","item":"https:\/\/www.cinesouk.ma\/"},{"@type":"ListItem","position":2,"name":"Shop","item":"https:\/\/www.cinesouk.ma\/shop\/"},{"@type":"ListItem","position":3,"name":"Delock Thunderbolt 3 Cable 2m"}]},{"@type":"WebSite","@id":"https:\/\/www.cinesouk.ma\/#website","url":"https:\/\/www.cinesouk.ma\/","name":"CineSouk","description":"","publisher":{"@id":"https:\/\/www.cinesouk.ma\/#organization"},"potentialAction":[{"@type":"SearchAction","target":{"@type":"EntryPoint","urlTemplate":"https:\/\/www.cinesouk.ma\/?s={search_term_string}"},"query-input":{"@type":"PropertyValueSpecification","valueRequired":true,"valueName":"search_term_string"}}],"inLanguage":"fr-FR"},{"@type":"Organization","@id":"https:\/\/www.cinesouk.ma\/#organization","name":"CineSouk","url":"https:\/\/www.cinesouk.ma\/","logo":{"@type":"ImageObject","inLanguage":"fr-FR","@id":"https:\/\/www.cinesouk.ma\/#\/schema\/logo\/image\/","url":"https:\/\/www.cinesouk.ma\/wp-content\/uploads\/2024\/01\/CineSouk-logo-v01-alpha-alligned-left.png","contentUrl":"https:\/\/www.cinesouk.ma\/wp-content\/uploads\/2024\/01\/CineSouk-logo-v01-alpha-alligned-left.png","width":3204,"height":889,"caption":"CineSouk"},"image":{"@id":"https:\/\/www.cinesouk.ma\/#\/schema\/logo\/image\/"}}]}},"_links":{"self":[{"href":"https:\/\/www.cinesouk.ma\/fr\/wp-json\/wp\/v2\/product\/11068","targetHints":{"allow":["GET"]}}],"collection":[{"href":"https:\/\/www.cinesouk.ma\/fr\/wp-json\/wp\/v2\/product"}],"about":[{"href":"https:\/\/www.cinesouk.ma\/fr\/wp-json\/wp\/v2\/types\/product"}],"wp:featuredmedia":[{"embeddable":true,"href":"https:\/\/www.cinesouk.ma\/fr\/wp-json\/wp\/v2\/media\/11079"}],"wp:attachment":[{"href":"https:\/\/www.cinesouk.ma\/fr\/wp-json\/wp\/v2\/media?parent=11068"}],"wp:term":[{"taxonomy":"product_brand","embeddable":true,"href":"https:\/\/www.cinesouk.ma\/fr\/wp-json\/wp\/v2\/product_brand?post=11068"},{"taxonomy":"product_cat","embeddable":true,"href":"https:\/\/www.cinesouk.ma\/fr\/wp-json\/wp\/v2\/product_cat?post=11068"},{"taxonomy":"product_tag","embeddable":true,"href":"https:\/\/www.cinesouk.ma\/fr\/wp-json\/wp\/v2\/product_tag?post=11068"}],"curies":[{"name":"wp","href":"https:\/\/api.w.org\/{rel}","templated":true}]}}