{"id":1108,"date":"2024-11-01T01:00:04","date_gmt":"2024-11-01T01:00:04","guid":{"rendered":"https:\/\/www.cinesouk.ma\/?post_type=product&#038;p=1108"},"modified":"2026-01-24T11:50:21","modified_gmt":"2026-01-24T11:50:21","slug":"chamsys-quickq-20-light-panel","status":"publish","type":"product","link":"https:\/\/www.cinesouk.ma\/fr\/produit\/chamsys-quickq-20-light-panel\/","title":{"rendered":"ChamSys QuickQ 20 Light"},"content":{"rendered":"<p>Utilisez le ChamSys QuickQ 20 Light pour contr\u00f4ler les LED et les gradateurs. Cette interface de pointe dispose de 2 univers DMX sur un syst\u00e8me de 1024 canaux. Pour ce faire, vous utilisez le grand \u00e9cran tactile multicolore de 9,7\u2033 situ\u00e9 sur le dessus. Cela vous permet de contr\u00f4ler les appareils d'un simple geste de la main. De plus, le ChamSys QuickQ 20 offre le support RDM pour RDM Autopatch, le logiciel gratuit QuickQ designer offline, 10 playbacks multifonctions. 20 faders multifonctions avec mode Fixture, Group, ou Cue, et le support du logiciel gratuit MagicVis Visualiser.<\/p>\n<p>Le QuickQ 20 fait partie de la gamme QuickQ de ChamSys, des consoles de contr\u00f4le d'\u00e9clairage conviviales et abordables. La QuickQ 20 est la console id\u00e9ale pour le contr\u00f4le des gradateurs, des m\u00e9langes de couleurs LED et des luminaires mobiles. La console dispose d'un grand \u00e9cran tactile de 9,7 pouces. Elle utilise une interface de type smartphone pour la configuration, la programmation et la lecture de votre spectacle.<\/p>\n<p>La console peut d\u00e9tecter et patcher automatiquement les luminaires conformes \u00e0 la norme RDM et dispose de capacit\u00e9s WIFI int\u00e9gr\u00e9es. Cela permet de se connecter \u00e0 distance \u00e0 l'application gratuite QuickQ disponible sur les tablettes et t\u00e9l\u00e9phones iOS, Android et Windows. Il suffit de scanner le code QR sur l'\u00e9cran de la console pour se connecter \u00e0 l'application.<\/p>\n<p>La console est dot\u00e9e de boutons et de faders faciles \u00e0 comprendre, d'outils simples de s\u00e9lection des couleurs et de contr\u00f4le de l'intensit\u00e9, d'un grand \u00e9cran tactile avec zoom et d\u00e9filement du bout des doigts, ainsi que d'un syst\u00e8me simple de rep\u00e8res et de chenillards pour la lecture. L'interface QuickQ vous guide facilement dans l'installation, la programmation et l'utilisation de la console.<\/p>\n<h3>Caract\u00e9ristiques du ChamSys QuickQ 20 Light :<\/h3>\n<ul>\n<li>La console est \u00e9quip\u00e9e d'un logiciel de programmation hors ligne t\u00e9l\u00e9chargeable gratuitement pour Mac et Windows. Vous pouvez programmer votre \u00e9mission sur votre ordinateur, l'enregistrer sur une cl\u00e9 USB et la charger sur la console QuickQ.<\/li>\n<li>QuickQ utilise la biblioth\u00e8que de personnalit\u00e9s de ChamSys, vaste et continuellement mise \u00e0 jour, qui compte plus de 45 000 personnalit\u00e9s.<\/li>\n<li>Les spectacles QuickQ sont compatibles et peuvent \u00eatre charg\u00e9s sur n'importe quel syst\u00e8me MagicQ, ce qui permet une progression future vers la gamme de consoles MagicQ de ChamSys, plus avanc\u00e9e.<\/li>\n<\/ul>\n<p>Louez-le maintenant sur <a href=\"https:\/\/www.cinesouk.ma\/fr\">CINESOUK<\/a> - une marque de <a href=\"https:\/\/www.broadway.ma\/\">BROADWAY PRODUCTIONS SARL.<\/a><\/p>","protected":false},"excerpt":{"rendered":"<p><strong>Sp\u00e9cifications<\/strong><\/p>\n<ul>\n<li><strong>Master Playback Faders :<\/strong> 10<\/li>\n<li><strong>Faders de l'appareil multifonctions :<\/strong> 20<\/li>\n<li><strong>Encodeurs d'attributs :<\/strong> 4<\/li>\n<li><strong>Encodeurs de teinte\/saturation d\u00e9di\u00e9s :<\/strong> Oui<\/li>\n<li><strong>Moniteur externe :<\/strong> 1920\u00d71080 HDMI<\/li>\n<li><strong>Nombre maximum de canaux DMX :<\/strong> 1024<\/li>\n<li><strong>Nombre maximal de luminaires pris en charge :<\/strong> 1024<\/li>\n<\/ul>","protected":false},"featured_media":1113,"template":"","meta":{"om_disable_all_campaigns":false,"_monsterinsights_skip_tracking":false,"_monsterinsights_sitenote_active":false,"_monsterinsights_sitenote_note":"","_monsterinsights_sitenote_category":0,"_uf_show_specific_survey":0,"_uf_disable_surveys":false},"product_brand":[],"product_cat":[90,20,95],"product_tag":[],"class_list":{"0":"post-1108","1":"product","2":"type-product","3":"status-publish","4":"has-post-thumbnail","6":"product_cat-djparty-cinesouk","7":"product_cat-light-cinesouk","8":"product_cat-mixing-consoles-eventsouk","10":"entry","11":"has-media","13":"first","14":"instock","15":"taxable","16":"shipping-taxable","17":"purchasable","18":"product-type-variable","19":"has-product-nav","20":"col","21":"span_1_of_3","22":"owp-content-center","23":"owp-thumbs-layout-horizontal","24":"owp-btn-normal","25":"owp-tabs-layout-horizontal","26":"has-no-thumbnails"},"yoast_head":"<!-- This site is optimized with the Yoast SEO Premium plugin v26.0 (Yoast SEO v26.0) - https:\/\/yoast.com\/wordpress\/plugins\/seo\/ -->\n<title>ChamSys QuickQ 20 Light - CineSouk - For Rent<\/title>\n<meta name=\"description\" content=\"Use the ChamSys QuickQ 20 to control LEDs and dimmers. This state-of-the-art interface features 2 DMX universes, so 1024 channels.\" \/>\n<meta name=\"robots\" content=\"index, follow, max-snippet:-1, max-image-preview:large, max-video-preview:-1\" \/>\n<link rel=\"canonical\" href=\"https:\/\/www.cinesouk.ma\/fr\/produit\/chamsys-quickq-20-light-panel\/\" \/>\n<meta property=\"og:locale\" content=\"fr_FR\" \/>\n<meta property=\"og:type\" content=\"article\" \/>\n<meta property=\"og:title\" content=\"ChamSys QuickQ 20 Light\" \/>\n<meta property=\"og:description\" content=\"Use the ChamSys QuickQ 20 to control LEDs and dimmers. This state-of-the-art interface features 2 DMX universes, so 1024 channels.\" \/>\n<meta property=\"og:url\" content=\"https:\/\/www.cinesouk.ma\/fr\/produit\/chamsys-quickq-20-light-panel\/\" \/>\n<meta property=\"og:site_name\" content=\"CineSouk\" \/>\n<meta property=\"article:modified_time\" content=\"2026-01-24T11:50:21+00:00\" \/>\n<meta property=\"og:image\" content=\"https:\/\/www.cinesouk.ma\/wp-content\/uploads\/2024\/01\/QuickQ20-2.jpg\" \/>\n\t<meta property=\"og:image:width\" content=\"300\" \/>\n\t<meta property=\"og:image:height\" content=\"238\" \/>\n\t<meta property=\"og:image:type\" content=\"image\/jpeg\" \/>\n<meta name=\"twitter:card\" content=\"summary_large_image\" \/>\n<meta name=\"twitter:description\" content=\"Use the ChamSys QuickQ 20 to control LEDs and dimmers. This state-of-the-art interface features 2 DMX universes, so 1024 channels.\" \/>\n<meta name=\"twitter:label1\" content=\"Dur\u00e9e de lecture estim\u00e9e\" \/>\n\t<meta name=\"twitter:data1\" content=\"2 minutes\" \/>\n<script type=\"application\/ld+json\" class=\"yoast-schema-graph\">{\"@context\":\"https:\/\/schema.org\",\"@graph\":[{\"@type\":\"WebPage\",\"@id\":\"https:\/\/www.cinesouk.ma\/product\/chamsys-quickq-20-light-panel\/\",\"url\":\"https:\/\/www.cinesouk.ma\/product\/chamsys-quickq-20-light-panel\/\",\"name\":\"ChamSys QuickQ 20 Light - CineSouk - For Rent\",\"isPartOf\":{\"@id\":\"https:\/\/www.cinesouk.ma\/#website\"},\"primaryImageOfPage\":{\"@id\":\"https:\/\/www.cinesouk.ma\/product\/chamsys-quickq-20-light-panel\/#primaryimage\"},\"image\":{\"@id\":\"https:\/\/www.cinesouk.ma\/product\/chamsys-quickq-20-light-panel\/#primaryimage\"},\"thumbnailUrl\":\"https:\/\/www.cinesouk.ma\/wp-content\/uploads\/2024\/01\/QuickQ20-2.jpg\",\"datePublished\":\"2024-11-01T01:00:04+00:00\",\"dateModified\":\"2026-01-24T11:50:21+00:00\",\"description\":\"Use the ChamSys QuickQ 20 to control LEDs and dimmers. This state-of-the-art interface features 2 DMX universes, so 1024 channels.\",\"breadcrumb\":{\"@id\":\"https:\/\/www.cinesouk.ma\/product\/chamsys-quickq-20-light-panel\/#breadcrumb\"},\"inLanguage\":\"fr-FR\",\"potentialAction\":[{\"@type\":\"ReadAction\",\"target\":[\"https:\/\/www.cinesouk.ma\/product\/chamsys-quickq-20-light-panel\/\"]}]},{\"@type\":\"ImageObject\",\"inLanguage\":\"fr-FR\",\"@id\":\"https:\/\/www.cinesouk.ma\/product\/chamsys-quickq-20-light-panel\/#primaryimage\",\"url\":\"https:\/\/www.cinesouk.ma\/wp-content\/uploads\/2024\/01\/QuickQ20-2.jpg\",\"contentUrl\":\"https:\/\/www.cinesouk.ma\/wp-content\/uploads\/2024\/01\/QuickQ20-2.jpg\",\"width\":300,\"height\":238},{\"@type\":\"BreadcrumbList\",\"@id\":\"https:\/\/www.cinesouk.ma\/product\/chamsys-quickq-20-light-panel\/#breadcrumb\",\"itemListElement\":[{\"@type\":\"ListItem\",\"position\":1,\"name\":\"Home\",\"item\":\"https:\/\/www.cinesouk.ma\/\"},{\"@type\":\"ListItem\",\"position\":2,\"name\":\"Shop\",\"item\":\"https:\/\/www.cinesouk.ma\/shop\/\"},{\"@type\":\"ListItem\",\"position\":3,\"name\":\"ChamSys QuickQ 20 Light\"}]},{\"@type\":\"WebSite\",\"@id\":\"https:\/\/www.cinesouk.ma\/#website\",\"url\":\"https:\/\/www.cinesouk.ma\/\",\"name\":\"CineSouk\",\"description\":\"\",\"publisher\":{\"@id\":\"https:\/\/www.cinesouk.ma\/#organization\"},\"potentialAction\":[{\"@type\":\"SearchAction\",\"target\":{\"@type\":\"EntryPoint\",\"urlTemplate\":\"https:\/\/www.cinesouk.ma\/?s={search_term_string}\"},\"query-input\":{\"@type\":\"PropertyValueSpecification\",\"valueRequired\":true,\"valueName\":\"search_term_string\"}}],\"inLanguage\":\"fr-FR\"},{\"@type\":\"Organization\",\"@id\":\"https:\/\/www.cinesouk.ma\/#organization\",\"name\":\"CineSouk\",\"url\":\"https:\/\/www.cinesouk.ma\/\",\"logo\":{\"@type\":\"ImageObject\",\"inLanguage\":\"fr-FR\",\"@id\":\"https:\/\/www.cinesouk.ma\/#\/schema\/logo\/image\/\",\"url\":\"https:\/\/www.cinesouk.ma\/wp-content\/uploads\/2024\/01\/CineSouk-logo-v01-alpha-alligned-left.png\",\"contentUrl\":\"https:\/\/www.cinesouk.ma\/wp-content\/uploads\/2024\/01\/CineSouk-logo-v01-alpha-alligned-left.png\",\"width\":3204,\"height\":889,\"caption\":\"CineSouk\"},\"image\":{\"@id\":\"https:\/\/www.cinesouk.ma\/#\/schema\/logo\/image\/\"}}]}<\/script>\n<!-- \/ Yoast SEO Premium plugin. -->","yoast_head_json":{"title":"ChamSys QuickQ 20 Light - CineSouk - For Rent","description":"Use the ChamSys QuickQ 20 to control LEDs and dimmers. This state-of-the-art interface features 2 DMX universes, so 1024 channels.","robots":{"index":"index","follow":"follow","max-snippet":"max-snippet:-1","max-image-preview":"max-image-preview:large","max-video-preview":"max-video-preview:-1"},"canonical":"https:\/\/www.cinesouk.ma\/fr\/produit\/chamsys-quickq-20-light-panel\/","og_locale":"fr_FR","og_type":"article","og_title":"ChamSys QuickQ 20 Light","og_description":"Use the ChamSys QuickQ 20 to control LEDs and dimmers. This state-of-the-art interface features 2 DMX universes, so 1024 channels.","og_url":"https:\/\/www.cinesouk.ma\/fr\/produit\/chamsys-quickq-20-light-panel\/","og_site_name":"CineSouk","article_modified_time":"2026-01-24T11:50:21+00:00","og_image":[{"width":300,"height":238,"url":"https:\/\/www.cinesouk.ma\/wp-content\/uploads\/2024\/01\/QuickQ20-2.jpg","type":"image\/jpeg"}],"twitter_card":"summary_large_image","twitter_description":"Use the ChamSys QuickQ 20 to control LEDs and dimmers. This state-of-the-art interface features 2 DMX universes, so 1024 channels.","twitter_misc":{"Dur\u00e9e de lecture estim\u00e9e":"2 minutes"},"schema":{"@context":"https:\/\/schema.org","@graph":[{"@type":"WebPage","@id":"https:\/\/www.cinesouk.ma\/product\/chamsys-quickq-20-light-panel\/","url":"https:\/\/www.cinesouk.ma\/product\/chamsys-quickq-20-light-panel\/","name":"ChamSys QuickQ 20 Light - CineSouk - For Rent","isPartOf":{"@id":"https:\/\/www.cinesouk.ma\/#website"},"primaryImageOfPage":{"@id":"https:\/\/www.cinesouk.ma\/product\/chamsys-quickq-20-light-panel\/#primaryimage"},"image":{"@id":"https:\/\/www.cinesouk.ma\/product\/chamsys-quickq-20-light-panel\/#primaryimage"},"thumbnailUrl":"https:\/\/www.cinesouk.ma\/wp-content\/uploads\/2024\/01\/QuickQ20-2.jpg","datePublished":"2024-11-01T01:00:04+00:00","dateModified":"2026-01-24T11:50:21+00:00","description":"Use the ChamSys QuickQ 20 to control LEDs and dimmers. This state-of-the-art interface features 2 DMX universes, so 1024 channels.","breadcrumb":{"@id":"https:\/\/www.cinesouk.ma\/product\/chamsys-quickq-20-light-panel\/#breadcrumb"},"inLanguage":"fr-FR","potentialAction":[{"@type":"ReadAction","target":["https:\/\/www.cinesouk.ma\/product\/chamsys-quickq-20-light-panel\/"]}]},{"@type":"ImageObject","inLanguage":"fr-FR","@id":"https:\/\/www.cinesouk.ma\/product\/chamsys-quickq-20-light-panel\/#primaryimage","url":"https:\/\/www.cinesouk.ma\/wp-content\/uploads\/2024\/01\/QuickQ20-2.jpg","contentUrl":"https:\/\/www.cinesouk.ma\/wp-content\/uploads\/2024\/01\/QuickQ20-2.jpg","width":300,"height":238},{"@type":"BreadcrumbList","@id":"https:\/\/www.cinesouk.ma\/product\/chamsys-quickq-20-light-panel\/#breadcrumb","itemListElement":[{"@type":"ListItem","position":1,"name":"Home","item":"https:\/\/www.cinesouk.ma\/"},{"@type":"ListItem","position":2,"name":"Shop","item":"https:\/\/www.cinesouk.ma\/shop\/"},{"@type":"ListItem","position":3,"name":"ChamSys QuickQ 20 Light"}]},{"@type":"WebSite","@id":"https:\/\/www.cinesouk.ma\/#website","url":"https:\/\/www.cinesouk.ma\/","name":"CineSouk","description":"","publisher":{"@id":"https:\/\/www.cinesouk.ma\/#organization"},"potentialAction":[{"@type":"SearchAction","target":{"@type":"EntryPoint","urlTemplate":"https:\/\/www.cinesouk.ma\/?s={search_term_string}"},"query-input":{"@type":"PropertyValueSpecification","valueRequired":true,"valueName":"search_term_string"}}],"inLanguage":"fr-FR"},{"@type":"Organization","@id":"https:\/\/www.cinesouk.ma\/#organization","name":"CineSouk","url":"https:\/\/www.cinesouk.ma\/","logo":{"@type":"ImageObject","inLanguage":"fr-FR","@id":"https:\/\/www.cinesouk.ma\/#\/schema\/logo\/image\/","url":"https:\/\/www.cinesouk.ma\/wp-content\/uploads\/2024\/01\/CineSouk-logo-v01-alpha-alligned-left.png","contentUrl":"https:\/\/www.cinesouk.ma\/wp-content\/uploads\/2024\/01\/CineSouk-logo-v01-alpha-alligned-left.png","width":3204,"height":889,"caption":"CineSouk"},"image":{"@id":"https:\/\/www.cinesouk.ma\/#\/schema\/logo\/image\/"}}]}},"_links":{"self":[{"href":"https:\/\/www.cinesouk.ma\/fr\/wp-json\/wp\/v2\/product\/1108","targetHints":{"allow":["GET"]}}],"collection":[{"href":"https:\/\/www.cinesouk.ma\/fr\/wp-json\/wp\/v2\/product"}],"about":[{"href":"https:\/\/www.cinesouk.ma\/fr\/wp-json\/wp\/v2\/types\/product"}],"wp:featuredmedia":[{"embeddable":true,"href":"https:\/\/www.cinesouk.ma\/fr\/wp-json\/wp\/v2\/media\/1113"}],"wp:attachment":[{"href":"https:\/\/www.cinesouk.ma\/fr\/wp-json\/wp\/v2\/media?parent=1108"}],"wp:term":[{"taxonomy":"product_brand","embeddable":true,"href":"https:\/\/www.cinesouk.ma\/fr\/wp-json\/wp\/v2\/product_brand?post=1108"},{"taxonomy":"product_cat","embeddable":true,"href":"https:\/\/www.cinesouk.ma\/fr\/wp-json\/wp\/v2\/product_cat?post=1108"},{"taxonomy":"product_tag","embeddable":true,"href":"https:\/\/www.cinesouk.ma\/fr\/wp-json\/wp\/v2\/product_tag?post=1108"}],"curies":[{"name":"wp","href":"https:\/\/api.w.org\/{rel}","templated":true}]}}