{"id":11080,"date":"2025-03-07T14:27:14","date_gmt":"2025-03-07T14:27:14","guid":{"rendered":"https:\/\/www.cinesouk.ma\/?post_type=product&#038;p=11080"},"modified":"2025-03-21T10:56:52","modified_gmt":"2025-03-21T10:56:52","slug":"apple-thunderbolt-3-to-tb2-adapter","status":"publish","type":"product","link":"https:\/\/www.cinesouk.ma\/fr\/produit\/apple-thunderbolt-3-to-tb2-adapter\/","title":{"rendered":"Adaptateur Apple Thunderbolt 3 vers TB2"},"content":{"rendered":"<div class=\"flex-shrink-0 flex flex-col relative items-end\">\n<div class=\"pt-0\">\n<div class=\"gizmo-bot-avatar flex h-8 w-8 items-center justify-center overflow-hidden rounded-full\">\n<div class=\"relative p-1 rounded-sm flex items-center justify-center bg-token-main-surface-primary text-token-text-primary h-8 w-8\">\n<p data-start=\"56\" data-end=\"501\">L'adaptateur Apple Thunderbolt 3 vers TB2 constitue une solution polyvalente et fiable pour connecter des appareils Thunderbolt 2 aux ports Thunderbolt 3 (USB-C) modernes. Con\u00e7u pour une compatibilit\u00e9 transparente, cet adaptateur permet aux professionnels d'utiliser leurs accessoires Thunderbolt 2 existants avec les derniers MacBook et iMac. Par cons\u00e9quent, il garantit une utilisation continue du stockage, des stations d'accueil et des \u00e9crans haute performance sans compromis.<\/p>\n<h3 data-start=\"503\" data-end=\"525\"><strong data-start=\"507\" data-end=\"523\">Caract\u00e9ristiques principales<\/strong><\/h3>\n<ul data-start=\"527\" data-end=\"1302\">\n<li data-start=\"527\" data-end=\"668\"><strong data-start=\"529\" data-end=\"555\">Compatibilit\u00e9 sans faille<\/strong> - Connecte les appareils Thunderbolt 2 aux ports Thunderbolt 3 (USB-C), garantissant une int\u00e9gration fluide du flux de travail.<\/li>\n<li data-start=\"669\" data-end=\"809\"><strong data-start=\"671\" data-end=\"699\">Transfert de donn\u00e9es \u00e0 haut d\u00e9bit<\/strong> - Prend en charge une bande passante allant jusqu'\u00e0 20 Gbps, ce qui permet des transferts de fichiers et une connectivit\u00e9 des appareils rapides et stables.<\/li>\n<li data-start=\"810\" data-end=\"946\"><strong data-start=\"812\" data-end=\"837\">Support bidirectionnel<\/strong> - Fonctionne dans les deux sens, permettant aux appareils Thunderbolt 3 de se connecter aux anciens Macs Thunderbolt 2.<\/li>\n<li data-start=\"947\" data-end=\"1090\"><strong data-start=\"949\" data-end=\"976\">Soutien \u00e0 la vid\u00e9o et \u00e0 l'affichage<\/strong> - Compatibilit\u00e9 totale avec les \u00e9crans Thunderbolt, y compris l'\u00e9cran Thunderbolt 27 pouces d'Apple.<\/li>\n<li data-start=\"1091\" data-end=\"1201\"><strong data-start=\"1093\" data-end=\"1115\">Compact et portable<\/strong> - L\u00e9ger et facile \u00e0 transporter, il est id\u00e9al pour les professionnels en d\u00e9placement.<\/li>\n<li data-start=\"1202\" data-end=\"1302\"><strong data-start=\"1204\" data-end=\"1231\">Qualit\u00e9 certifi\u00e9e Apple<\/strong> - Con\u00e7u par Apple pour une int\u00e9gration transparente avec les appareils macOS.<\/li>\n<\/ul>\n<h3 data-start=\"1304\" data-end=\"1328\"><strong data-start=\"1308\" data-end=\"1326\">Sp\u00e9cifications<\/strong><\/h3>\n<ul data-start=\"1330\" data-end=\"1702\">\n<li data-start=\"1330\" data-end=\"1392\"><strong data-start=\"1332\" data-end=\"1351\">Type de connecteur :<\/strong> Thunderbolt 3 (USB-C) vers Thunderbolt 2<\/li>\n<li data-start=\"1393\" data-end=\"1434\"><strong data-start=\"1395\" data-end=\"1419\">Vitesse de transfert des donn\u00e9es :<\/strong> Jusqu'\u00e0 20 Gbps<\/li>\n<li data-start=\"1435\" data-end=\"1556\"><strong data-start=\"1437\" data-end=\"1455\">Compatibilit\u00e9 :<\/strong> Fonctionne avec les appareils Thunderbolt 2 et Thunderbolt 3 (Mac, stockage externe, stations d'accueil et \u00e9crans)<\/li>\n<li data-start=\"1557\" data-end=\"1653\"><strong data-start=\"1559\" data-end=\"1585\">Support bidirectionnel :<\/strong> Permet aux accessoires Thunderbolt 3 de se connecter aux Macs Thunderbolt 2<\/li>\n<li data-start=\"1654\" data-end=\"1702\"><strong data-start=\"1656\" data-end=\"1671\">Dimensions :<\/strong> Compact pour une portabilit\u00e9 ais\u00e9e<\/li>\n<\/ul>\n<p data-start=\"1704\" data-end=\"2051\" data-is-last-node=\"\" data-is-only-node=\"\">L'adaptateur Apple Thunderbolt 3 vers TB2 est un outil essentiel pour les professionnels qui ont besoin de connecter des appareils Thunderbolt 2 h\u00e9rit\u00e9s aux ports Thunderbolt 3 modernes. Gr\u00e2ce \u00e0 ses performances \u00e0 grande vitesse, \u00e0 sa fonctionnalit\u00e9 bidirectionnelle et \u00e0 son design compact, il garantit la continuit\u00e9 du flux de travail, que ce soit en studio ou en d\u00e9placement.<\/p>\n<\/div>\n<\/div>\n<\/div>\n<\/div>\n<p>Louez le TetherBlock d\u00e8s maintenant sur <a href=\"https:\/\/www.cinesouk.ma\/fr\">CINESOUK<\/a> - une marque de <a href=\"https:\/\/www.broadway.ma\/\">BROADWAY PRODUCTIONS SARL.<\/a><\/p>","protected":false},"excerpt":{"rendered":"<h3 data-start=\"1304\" data-end=\"1328\"><strong data-start=\"1308\" data-end=\"1326\">Sp\u00e9cifications<\/strong><\/h3>\n<ul data-start=\"1330\" data-end=\"1702\">\n<li data-start=\"1330\" data-end=\"1392\"><strong data-start=\"1332\" data-end=\"1351\">Type de connecteur :<\/strong> Thunderbolt 3 (USB-C) vers Thunderbolt 2<\/li>\n<li data-start=\"1393\" data-end=\"1434\"><strong data-start=\"1395\" data-end=\"1419\">Vitesse de transfert des donn\u00e9es :<\/strong> Jusqu'\u00e0 20 Gbps<\/li>\n<li data-start=\"1435\" data-end=\"1556\"><strong data-start=\"1437\" data-end=\"1455\">Compatibilit\u00e9 :<\/strong> Fonctionne avec les appareils Thunderbolt 2 et Thunderbolt 3 (Mac, stockage externe, stations d'accueil et \u00e9crans)<\/li>\n<li data-start=\"1557\" data-end=\"1653\"><strong data-start=\"1559\" data-end=\"1585\">Support bidirectionnel :<\/strong> Permet aux accessoires Thunderbolt 3 de se connecter aux Macs Thunderbolt 2<\/li>\n<li data-start=\"1654\" data-end=\"1702\"><strong data-start=\"1656\" data-end=\"1671\">Dimensions :<\/strong> Compact pour une portabilit\u00e9 ais\u00e9e<\/li>\n<\/ul>","protected":false},"featured_media":11091,"template":"","meta":{"om_disable_all_campaigns":false,"_monsterinsights_skip_tracking":false,"_monsterinsights_sitenote_active":false,"_monsterinsights_sitenote_note":"","_monsterinsights_sitenote_category":0,"_uf_show_specific_survey":0,"_uf_disable_surveys":false},"product_brand":[],"product_cat":[37,55,84],"product_tag":[],"class_list":{"0":"post-11080","1":"product","2":"type-product","3":"status-publish","4":"has-post-thumbnail","6":"product_cat-accessories-cinesouk","7":"product_cat-cables-cinesouk","8":"product_cat-dit-cinesouk","10":"entry","11":"has-media","13":"first","14":"instock","15":"taxable","16":"shipping-taxable","17":"purchasable","18":"product-type-variable","19":"has-product-nav","20":"col","21":"span_1_of_3","22":"owp-content-center","23":"owp-thumbs-layout-horizontal","24":"owp-btn-normal","25":"owp-tabs-layout-horizontal","26":"has-no-thumbnails"},"yoast_head":"<!-- This site is optimized with the Yoast SEO Premium plugin v26.0 (Yoast SEO v26.0) - https:\/\/yoast.com\/wordpress\/plugins\/seo\/ -->\n<title>Apple Thunderbolt 3 to TB2 Adapter - CineSouk - Marrakech l Morocco- For rent<\/title>\n<meta name=\"description\" content=\"Apple Thunderbolt 3 to Thunderbolt 2 Adapter \u2013 Connect legacy Thunderbolt 2 devices to Thunderbolt 3 (USB-C) ports with high-speed 20Gbps data transfer and bidirectional support.\" \/>\n<meta name=\"robots\" content=\"index, follow, max-snippet:-1, max-image-preview:large, max-video-preview:-1\" \/>\n<link rel=\"canonical\" href=\"https:\/\/www.cinesouk.ma\/fr\/produit\/apple-thunderbolt-3-to-tb2-adapter\/\" \/>\n<meta property=\"og:locale\" content=\"fr_FR\" \/>\n<meta property=\"og:type\" content=\"article\" \/>\n<meta property=\"og:title\" content=\"Apple Thunderbolt 3 to TB2 Adapter\" \/>\n<meta property=\"og:description\" content=\"Apple Thunderbolt 3 to Thunderbolt 2 Adapter \u2013 Connect legacy Thunderbolt 2 devices to Thunderbolt 3 (USB-C) ports with high-speed 20Gbps data transfer and bidirectional support.\" \/>\n<meta property=\"og:url\" content=\"https:\/\/www.cinesouk.ma\/fr\/produit\/apple-thunderbolt-3-to-tb2-adapter\/\" \/>\n<meta property=\"og:site_name\" content=\"CineSouk\" \/>\n<meta property=\"article:modified_time\" content=\"2025-03-21T10:56:52+00:00\" \/>\n<meta property=\"og:image\" content=\"https:\/\/www.cinesouk.ma\/wp-content\/uploads\/2025\/03\/Apple-Thunderbolt-3-to-TB2-Adapter.jpg\" \/>\n\t<meta property=\"og:image:width\" content=\"300\" \/>\n\t<meta property=\"og:image:height\" content=\"238\" \/>\n\t<meta property=\"og:image:type\" content=\"image\/jpeg\" \/>\n<meta name=\"twitter:card\" content=\"summary_large_image\" \/>\n<meta name=\"twitter:description\" content=\"Apple Thunderbolt 3 to Thunderbolt 2 Adapter \u2013 Connect legacy Thunderbolt 2 devices to Thunderbolt 3 (USB-C) ports with high-speed 20Gbps data transfer and bidirectional support.\" \/>\n<meta name=\"twitter:image\" content=\"https:\/\/www.cinesouk.ma\/wp-content\/uploads\/2025\/03\/Apple-Thunderbolt-3-to-TB2-Adapter.jpg\" \/>\n<meta name=\"twitter:label1\" content=\"Dur\u00e9e de lecture estim\u00e9e\" \/>\n\t<meta name=\"twitter:data1\" content=\"2 minutes\" \/>\n<script type=\"application\/ld+json\" class=\"yoast-schema-graph\">{\"@context\":\"https:\/\/schema.org\",\"@graph\":[{\"@type\":\"WebPage\",\"@id\":\"https:\/\/www.cinesouk.ma\/product\/apple-thunderbolt-3-to-tb2-adapter\/\",\"url\":\"https:\/\/www.cinesouk.ma\/product\/apple-thunderbolt-3-to-tb2-adapter\/\",\"name\":\"Apple Thunderbolt 3 to TB2 Adapter - CineSouk - Marrakech l Morocco- For rent\",\"isPartOf\":{\"@id\":\"https:\/\/www.cinesouk.ma\/#website\"},\"primaryImageOfPage\":{\"@id\":\"https:\/\/www.cinesouk.ma\/product\/apple-thunderbolt-3-to-tb2-adapter\/#primaryimage\"},\"image\":{\"@id\":\"https:\/\/www.cinesouk.ma\/product\/apple-thunderbolt-3-to-tb2-adapter\/#primaryimage\"},\"thumbnailUrl\":\"https:\/\/www.cinesouk.ma\/wp-content\/uploads\/2025\/03\/Apple-Thunderbolt-3-to-TB2-Adapter.jpg\",\"datePublished\":\"2025-03-07T14:27:14+00:00\",\"dateModified\":\"2025-03-21T10:56:52+00:00\",\"description\":\"Apple Thunderbolt 3 to Thunderbolt 2 Adapter \u2013 Connect legacy Thunderbolt 2 devices to Thunderbolt 3 (USB-C) ports with high-speed 20Gbps data transfer and bidirectional support.\",\"breadcrumb\":{\"@id\":\"https:\/\/www.cinesouk.ma\/product\/apple-thunderbolt-3-to-tb2-adapter\/#breadcrumb\"},\"inLanguage\":\"fr-FR\",\"potentialAction\":[{\"@type\":\"ReadAction\",\"target\":[\"https:\/\/www.cinesouk.ma\/product\/apple-thunderbolt-3-to-tb2-adapter\/\"]}]},{\"@type\":\"ImageObject\",\"inLanguage\":\"fr-FR\",\"@id\":\"https:\/\/www.cinesouk.ma\/product\/apple-thunderbolt-3-to-tb2-adapter\/#primaryimage\",\"url\":\"https:\/\/www.cinesouk.ma\/wp-content\/uploads\/2025\/03\/Apple-Thunderbolt-3-to-TB2-Adapter.jpg\",\"contentUrl\":\"https:\/\/www.cinesouk.ma\/wp-content\/uploads\/2025\/03\/Apple-Thunderbolt-3-to-TB2-Adapter.jpg\",\"width\":300,\"height\":238,\"caption\":\"Apple Thunderbolt 3 to TB2 Adapter\"},{\"@type\":\"BreadcrumbList\",\"@id\":\"https:\/\/www.cinesouk.ma\/product\/apple-thunderbolt-3-to-tb2-adapter\/#breadcrumb\",\"itemListElement\":[{\"@type\":\"ListItem\",\"position\":1,\"name\":\"Home\",\"item\":\"https:\/\/www.cinesouk.ma\/\"},{\"@type\":\"ListItem\",\"position\":2,\"name\":\"Shop\",\"item\":\"https:\/\/www.cinesouk.ma\/shop\/\"},{\"@type\":\"ListItem\",\"position\":3,\"name\":\"Apple Thunderbolt 3 to TB2 Adapter\"}]},{\"@type\":\"WebSite\",\"@id\":\"https:\/\/www.cinesouk.ma\/#website\",\"url\":\"https:\/\/www.cinesouk.ma\/\",\"name\":\"CineSouk\",\"description\":\"\",\"publisher\":{\"@id\":\"https:\/\/www.cinesouk.ma\/#organization\"},\"potentialAction\":[{\"@type\":\"SearchAction\",\"target\":{\"@type\":\"EntryPoint\",\"urlTemplate\":\"https:\/\/www.cinesouk.ma\/?s={search_term_string}\"},\"query-input\":{\"@type\":\"PropertyValueSpecification\",\"valueRequired\":true,\"valueName\":\"search_term_string\"}}],\"inLanguage\":\"fr-FR\"},{\"@type\":\"Organization\",\"@id\":\"https:\/\/www.cinesouk.ma\/#organization\",\"name\":\"CineSouk\",\"url\":\"https:\/\/www.cinesouk.ma\/\",\"logo\":{\"@type\":\"ImageObject\",\"inLanguage\":\"fr-FR\",\"@id\":\"https:\/\/www.cinesouk.ma\/#\/schema\/logo\/image\/\",\"url\":\"https:\/\/www.cinesouk.ma\/wp-content\/uploads\/2024\/01\/CineSouk-logo-v01-alpha-alligned-left.png\",\"contentUrl\":\"https:\/\/www.cinesouk.ma\/wp-content\/uploads\/2024\/01\/CineSouk-logo-v01-alpha-alligned-left.png\",\"width\":3204,\"height\":889,\"caption\":\"CineSouk\"},\"image\":{\"@id\":\"https:\/\/www.cinesouk.ma\/#\/schema\/logo\/image\/\"}}]}<\/script>\n<!-- \/ Yoast SEO Premium plugin. -->","yoast_head_json":{"title":"Apple Thunderbolt 3 to TB2 Adapter - CineSouk - Marrakech l Morocco- For rent","description":"Apple Thunderbolt 3 to Thunderbolt 2 Adapter \u2013 Connect legacy Thunderbolt 2 devices to Thunderbolt 3 (USB-C) ports with high-speed 20Gbps data transfer and bidirectional support.","robots":{"index":"index","follow":"follow","max-snippet":"max-snippet:-1","max-image-preview":"max-image-preview:large","max-video-preview":"max-video-preview:-1"},"canonical":"https:\/\/www.cinesouk.ma\/fr\/produit\/apple-thunderbolt-3-to-tb2-adapter\/","og_locale":"fr_FR","og_type":"article","og_title":"Apple Thunderbolt 3 to TB2 Adapter","og_description":"Apple Thunderbolt 3 to Thunderbolt 2 Adapter \u2013 Connect legacy Thunderbolt 2 devices to Thunderbolt 3 (USB-C) ports with high-speed 20Gbps data transfer and bidirectional support.","og_url":"https:\/\/www.cinesouk.ma\/fr\/produit\/apple-thunderbolt-3-to-tb2-adapter\/","og_site_name":"CineSouk","article_modified_time":"2025-03-21T10:56:52+00:00","og_image":[{"width":300,"height":238,"url":"https:\/\/www.cinesouk.ma\/wp-content\/uploads\/2025\/03\/Apple-Thunderbolt-3-to-TB2-Adapter.jpg","type":"image\/jpeg"}],"twitter_card":"summary_large_image","twitter_description":"Apple Thunderbolt 3 to Thunderbolt 2 Adapter \u2013 Connect legacy Thunderbolt 2 devices to Thunderbolt 3 (USB-C) ports with high-speed 20Gbps data transfer and bidirectional support.","twitter_image":"https:\/\/www.cinesouk.ma\/wp-content\/uploads\/2025\/03\/Apple-Thunderbolt-3-to-TB2-Adapter.jpg","twitter_misc":{"Dur\u00e9e de lecture estim\u00e9e":"2 minutes"},"schema":{"@context":"https:\/\/schema.org","@graph":[{"@type":"WebPage","@id":"https:\/\/www.cinesouk.ma\/product\/apple-thunderbolt-3-to-tb2-adapter\/","url":"https:\/\/www.cinesouk.ma\/product\/apple-thunderbolt-3-to-tb2-adapter\/","name":"Apple Thunderbolt 3 to TB2 Adapter - CineSouk - Marrakech l Morocco- For rent","isPartOf":{"@id":"https:\/\/www.cinesouk.ma\/#website"},"primaryImageOfPage":{"@id":"https:\/\/www.cinesouk.ma\/product\/apple-thunderbolt-3-to-tb2-adapter\/#primaryimage"},"image":{"@id":"https:\/\/www.cinesouk.ma\/product\/apple-thunderbolt-3-to-tb2-adapter\/#primaryimage"},"thumbnailUrl":"https:\/\/www.cinesouk.ma\/wp-content\/uploads\/2025\/03\/Apple-Thunderbolt-3-to-TB2-Adapter.jpg","datePublished":"2025-03-07T14:27:14+00:00","dateModified":"2025-03-21T10:56:52+00:00","description":"Apple Thunderbolt 3 to Thunderbolt 2 Adapter \u2013 Connect legacy Thunderbolt 2 devices to Thunderbolt 3 (USB-C) ports with high-speed 20Gbps data transfer and bidirectional support.","breadcrumb":{"@id":"https:\/\/www.cinesouk.ma\/product\/apple-thunderbolt-3-to-tb2-adapter\/#breadcrumb"},"inLanguage":"fr-FR","potentialAction":[{"@type":"ReadAction","target":["https:\/\/www.cinesouk.ma\/product\/apple-thunderbolt-3-to-tb2-adapter\/"]}]},{"@type":"ImageObject","inLanguage":"fr-FR","@id":"https:\/\/www.cinesouk.ma\/product\/apple-thunderbolt-3-to-tb2-adapter\/#primaryimage","url":"https:\/\/www.cinesouk.ma\/wp-content\/uploads\/2025\/03\/Apple-Thunderbolt-3-to-TB2-Adapter.jpg","contentUrl":"https:\/\/www.cinesouk.ma\/wp-content\/uploads\/2025\/03\/Apple-Thunderbolt-3-to-TB2-Adapter.jpg","width":300,"height":238,"caption":"Apple Thunderbolt 3 to TB2 Adapter"},{"@type":"BreadcrumbList","@id":"https:\/\/www.cinesouk.ma\/product\/apple-thunderbolt-3-to-tb2-adapter\/#breadcrumb","itemListElement":[{"@type":"ListItem","position":1,"name":"Home","item":"https:\/\/www.cinesouk.ma\/"},{"@type":"ListItem","position":2,"name":"Shop","item":"https:\/\/www.cinesouk.ma\/shop\/"},{"@type":"ListItem","position":3,"name":"Apple Thunderbolt 3 to TB2 Adapter"}]},{"@type":"WebSite","@id":"https:\/\/www.cinesouk.ma\/#website","url":"https:\/\/www.cinesouk.ma\/","name":"CineSouk","description":"","publisher":{"@id":"https:\/\/www.cinesouk.ma\/#organization"},"potentialAction":[{"@type":"SearchAction","target":{"@type":"EntryPoint","urlTemplate":"https:\/\/www.cinesouk.ma\/?s={search_term_string}"},"query-input":{"@type":"PropertyValueSpecification","valueRequired":true,"valueName":"search_term_string"}}],"inLanguage":"fr-FR"},{"@type":"Organization","@id":"https:\/\/www.cinesouk.ma\/#organization","name":"CineSouk","url":"https:\/\/www.cinesouk.ma\/","logo":{"@type":"ImageObject","inLanguage":"fr-FR","@id":"https:\/\/www.cinesouk.ma\/#\/schema\/logo\/image\/","url":"https:\/\/www.cinesouk.ma\/wp-content\/uploads\/2024\/01\/CineSouk-logo-v01-alpha-alligned-left.png","contentUrl":"https:\/\/www.cinesouk.ma\/wp-content\/uploads\/2024\/01\/CineSouk-logo-v01-alpha-alligned-left.png","width":3204,"height":889,"caption":"CineSouk"},"image":{"@id":"https:\/\/www.cinesouk.ma\/#\/schema\/logo\/image\/"}}]}},"_links":{"self":[{"href":"https:\/\/www.cinesouk.ma\/fr\/wp-json\/wp\/v2\/product\/11080","targetHints":{"allow":["GET"]}}],"collection":[{"href":"https:\/\/www.cinesouk.ma\/fr\/wp-json\/wp\/v2\/product"}],"about":[{"href":"https:\/\/www.cinesouk.ma\/fr\/wp-json\/wp\/v2\/types\/product"}],"wp:featuredmedia":[{"embeddable":true,"href":"https:\/\/www.cinesouk.ma\/fr\/wp-json\/wp\/v2\/media\/11091"}],"wp:attachment":[{"href":"https:\/\/www.cinesouk.ma\/fr\/wp-json\/wp\/v2\/media?parent=11080"}],"wp:term":[{"taxonomy":"product_brand","embeddable":true,"href":"https:\/\/www.cinesouk.ma\/fr\/wp-json\/wp\/v2\/product_brand?post=11080"},{"taxonomy":"product_cat","embeddable":true,"href":"https:\/\/www.cinesouk.ma\/fr\/wp-json\/wp\/v2\/product_cat?post=11080"},{"taxonomy":"product_tag","embeddable":true,"href":"https:\/\/www.cinesouk.ma\/fr\/wp-json\/wp\/v2\/product_tag?post=11080"}],"curies":[{"name":"wp","href":"https:\/\/api.w.org\/{rel}","templated":true}]}}