{"id":11092,"date":"2025-03-07T14:32:35","date_gmt":"2025-03-07T14:32:35","guid":{"rendered":"https:\/\/www.cinesouk.ma\/?post_type=product&#038;p=11092"},"modified":"2025-03-21T10:56:52","modified_gmt":"2025-03-21T10:56:52","slug":"belkin-usb-c-core-gan-power-adapter-100w","status":"publish","type":"product","link":"https:\/\/www.cinesouk.ma\/fr\/produit\/belkin-usb-c-core-gan-power-adapter-100w\/","title":{"rendered":"Belkin USB-C Core GaN Power Adapter 100W"},"content":{"rendered":"<p data-start=\"54\" data-end=\"595\">L'adaptateur d'alimentation USB-C Core GaN de Belkin (100W) est une solution de charge rapide et efficace con\u00e7ue pour les ordinateurs portables, les tablettes et autres appareils USB-C. Gr\u00e2ce \u00e0 la technologie avanc\u00e9e GaN (nitrure de gallium), il fournit une puissance haute performance tout en conservant un design compact et l\u00e9ger. Ainsi, ce chargeur fournit une puissance maximale sans surchauffer ni prendre trop de place. Que vous soyez \u00e0 la maison, au bureau ou en d\u00e9placement, il assure une recharge fiable et s\u00fbre de tous vos appareils.<\/p>\n<p data-start=\"659\" data-end=\"1048\">L'adaptateur d'alimentation USB-C Core GaN de Belkin se distingue par sa vitesse, sa fiabilit\u00e9 et sa polyvalence. Contrairement aux chargeurs traditionnels, il utilise la technologie GaN pour r\u00e9duire la chaleur et augmenter l'efficacit\u00e9. Cela signifie que vous b\u00e9n\u00e9ficiez d'une charge plus rapide sans risque de surchauffe ou de perte de puissance. De plus, sa compatibilit\u00e9 universelle le rend id\u00e9al pour une grande vari\u00e9t\u00e9 d'appareils.<\/p>\n<h3 data-start=\"1050\" data-end=\"1115\"><strong data-start=\"1054\" data-end=\"1113\">Principales caract\u00e9ristiques de l'adaptateur d'alimentation USB-C Core GaN de Belkin<\/strong><\/h3>\n<ul data-start=\"1117\" data-end=\"1876\">\n<li data-start=\"1117\" data-end=\"1233\"><strong data-start=\"1119\" data-end=\"1142\">Alimentation \u00e9lectrique de 100 W<\/strong> - Recharge rapidement les ordinateurs portables, les tablettes et les smartphones avec un rendement \u00e9lev\u00e9.<\/li>\n<li data-start=\"1234\" data-end=\"1382\"><strong data-start=\"1236\" data-end=\"1254\">Technologie GaN<\/strong> - Augmente les performances tout en r\u00e9duisant la chaleur et la taille, ce qui le rend plus s\u00fbr et plus compact que les chargeurs traditionnels.<\/li>\n<li data-start=\"1383\" data-end=\"1504\"><strong data-start=\"1385\" data-end=\"1412\">Compatibilit\u00e9 universelle<\/strong> - Fonctionne avec les appareils USB-C, notamment les MacBooks, les iPads, les ordinateurs portables Windows, etc.<\/li>\n<li data-start=\"1505\" data-end=\"1625\"><strong data-start=\"1507\" data-end=\"1536\">Compact et facile \u00e0 transporter<\/strong> - L\u00e9ger et peu encombrant, il est parfait pour la maison, le bureau ou les voyages.<\/li>\n<li data-start=\"1626\" data-end=\"1750\"><strong data-start=\"1628\" data-end=\"1657\">Chargement rapide et efficace<\/strong> - Fournit une puissance maximale avec un minimum de perte d'\u00e9nergie, garantissant une charge s\u00fbre et rapide.<\/li>\n<li data-start=\"1751\" data-end=\"1876\"><strong data-start=\"1753\" data-end=\"1781\">Construction durable et fiable<\/strong> - Con\u00e7u par Belkin, une marque de confiance connue pour ses chargeurs durables et de haute qualit\u00e9.<\/li>\n<\/ul>\n<h3 data-start=\"1878\" data-end=\"1912\"><strong data-start=\"1882\" data-end=\"1910\">\u00a0Sp\u00e9cifications<\/strong><\/h3>\n<ul data-start=\"1914\" data-end=\"2303\">\n<li data-start=\"1914\" data-end=\"1961\"><strong data-start=\"1916\" data-end=\"1933\">Puissance de sortie :<\/strong> Livraison d'\u00e9nergie USB-C de 100 W<\/li>\n<li data-start=\"1962\" data-end=\"2003\"><strong data-start=\"1964\" data-end=\"1979\">Technologie :<\/strong> GaN (nitrure de gallium)<\/li>\n<li data-start=\"2004\" data-end=\"2028\"><strong data-start=\"2006\" data-end=\"2020\">Type de port :<\/strong> USB-C<\/li>\n<li data-start=\"2029\" data-end=\"2135\"><strong data-start=\"2031\" data-end=\"2049\">Compatibilit\u00e9 :<\/strong> Fonctionne avec les MacBooks, les iPads, les ordinateurs portables Windows, les smartphones et les accessoires USB-C<\/li>\n<li data-start=\"2136\" data-end=\"2200\"><strong data-start=\"2138\" data-end=\"2149\">Conception :<\/strong> Compact et l\u00e9ger pour une portabilit\u00e9 ais\u00e9e<\/li>\n<li data-start=\"2201\" data-end=\"2303\"><strong data-start=\"2203\" data-end=\"2223\">Caract\u00e9ristiques de s\u00e9curit\u00e9 :<\/strong> Protection int\u00e9gr\u00e9e contre la surchauffe, la surcharge et les courts-circuits<\/li>\n<\/ul>\n<p data-start=\"2366\" data-end=\"2802\">Ce chargeur est id\u00e9al pour les professionnels, les \u00e9tudiants et les passionn\u00e9s de technologie qui ont besoin d'une alimentation fiable pour leurs ordinateurs portables, tablettes et autres appareils USB-C. Comme il est compact et facile \u00e0 transporter, il constitue un excellent choix pour ceux qui travaillent \u00e0 distance ou qui se d\u00e9placent fr\u00e9quemment d'un endroit \u00e0 l'autre. De plus, ses performances \u00e0 grande vitesse garantissent que les appareils se chargent rapidement, ce qui vous permet de rester productif tout au long de la journ\u00e9e.<\/p>\n<p data-start=\"2873\" data-end=\"3375\">Le chargeur USB-C Core GaN 100W de Belkin est un incontournable pour tous ceux qui recherchent une solution de charge compacte, rapide et s\u00fbre. Parce qu'il utilise la technologie GaN avanc\u00e9e, il fournit une puissance \u00e0 haut rendement tout en restant froid et l\u00e9ger. Gr\u00e2ce \u00e0 sa compatibilit\u00e9 universelle, il fonctionne en toute transparence avec une large gamme d'appareils USB-C. Que vous ayez besoin d'un chargeur rapide pour votre MacBook, votre iPad ou votre smartphone, cet adaptateur garantit une alimentation coh\u00e9rente et s\u00e9curis\u00e9e.<\/p>\n<p>Louez-le maintenant sur <a href=\"https:\/\/www.cinesouk.ma\/fr\">CINESOUK<\/a> - une marque de <a href=\"https:\/\/www.broadway.ma\/\">BROADWAY PRODUCTIONS SARL.<\/a><\/p>","protected":false},"excerpt":{"rendered":"<p><strong>Sp\u00e9cifications :<\/strong><\/p>\n<ul>\n<li data-start=\"1293\" data-end=\"1340\"><strong data-start=\"1295\" data-end=\"1312\">Puissance de sortie :<\/strong> Livraison d'\u00e9nergie USB-C de 100 W<\/li>\n<li data-start=\"1341\" data-end=\"1382\"><strong data-start=\"1343\" data-end=\"1358\">Technologie :<\/strong> GaN (nitrure de gallium)<\/li>\n<li data-start=\"1383\" data-end=\"1407\"><strong data-start=\"1385\" data-end=\"1399\">Type de port :<\/strong> USB-C<\/li>\n<li data-start=\"1408\" data-end=\"1514\"><strong data-start=\"1410\" data-end=\"1428\">Compatibilit\u00e9 :<\/strong> Fonctionne avec les MacBooks, les iPads, les ordinateurs portables Windows, les smartphones et les accessoires USB-C<\/li>\n<li data-start=\"1515\" data-end=\"1575\"><strong data-start=\"1517\" data-end=\"1528\">Conception :<\/strong> Compact et l\u00e9ger pour une portabilit\u00e9 ais\u00e9e<\/li>\n<li data-start=\"1576\" data-end=\"1674\"><strong data-start=\"1578\" data-end=\"1598\">Caract\u00e9ristiques de s\u00e9curit\u00e9 :<\/strong> Protection int\u00e9gr\u00e9e contre la surchauffe, la surcharge et les courts-circuits<\/li>\n<\/ul>","protected":false},"featured_media":11103,"template":"","meta":{"om_disable_all_campaigns":false,"_monsterinsights_skip_tracking":false,"_monsterinsights_sitenote_active":false,"_monsterinsights_sitenote_note":"","_monsterinsights_sitenote_category":0,"_uf_show_specific_survey":0,"_uf_disable_surveys":false},"product_brand":[],"product_cat":[55],"product_tag":[],"class_list":{"0":"post-11092","1":"product","2":"type-product","3":"status-publish","4":"has-post-thumbnail","6":"product_cat-cables-cinesouk","8":"entry","9":"has-media","11":"first","12":"instock","13":"taxable","14":"shipping-taxable","15":"purchasable","16":"product-type-variable","17":"has-product-nav","18":"col","19":"span_1_of_3","20":"owp-content-center","21":"owp-thumbs-layout-horizontal","22":"owp-btn-normal","23":"owp-tabs-layout-horizontal","24":"has-no-thumbnails"},"yoast_head":"<!-- This site is optimized with the Yoast SEO Premium plugin v26.0 (Yoast SEO v26.0) - https:\/\/yoast.com\/wordpress\/plugins\/seo\/ -->\n<title>Belkin USB-C Core GaN Power Adapter 100W - CineSouk - For rent<\/title>\n<meta name=\"description\" content=\"Belkin USB-C Core GaN Power Adapter 100W \u2013 Fast, compact, and efficient charger for laptops, tablets, and USB-C devices.\" \/>\n<meta name=\"robots\" content=\"index, follow, max-snippet:-1, max-image-preview:large, max-video-preview:-1\" \/>\n<link rel=\"canonical\" href=\"https:\/\/www.cinesouk.ma\/fr\/produit\/belkin-usb-c-core-gan-power-adapter-100w\/\" \/>\n<meta property=\"og:locale\" content=\"fr_FR\" \/>\n<meta property=\"og:type\" content=\"article\" \/>\n<meta property=\"og:title\" content=\"Belkin USB-C Core GaN Power Adapter 100W\" \/>\n<meta property=\"og:description\" content=\"Belkin USB-C GaN 100W Charger \u2013 Fast, compact, and efficient power delivery for laptops, tablets, and USB-C devices.\" \/>\n<meta property=\"og:url\" content=\"https:\/\/www.cinesouk.ma\/fr\/produit\/belkin-usb-c-core-gan-power-adapter-100w\/\" \/>\n<meta property=\"og:site_name\" content=\"CineSouk\" \/>\n<meta property=\"article:modified_time\" content=\"2025-03-21T10:56:52+00:00\" \/>\n<meta property=\"og:image\" content=\"https:\/\/www.cinesouk.ma\/wp-content\/uploads\/2025\/03\/Belkin-USB-C-Core-GaN-Power-Adapter-100W.jpg\" \/>\n\t<meta property=\"og:image:width\" content=\"300\" \/>\n\t<meta property=\"og:image:height\" content=\"238\" \/>\n\t<meta property=\"og:image:type\" content=\"image\/jpeg\" \/>\n<meta name=\"twitter:card\" content=\"summary_large_image\" \/>\n<meta name=\"twitter:description\" content=\"Belkin USB-C GaN 100W Charger \u2013 Fast, compact, and efficient power delivery for laptops, tablets, and USB-C devices.\" \/>\n<meta name=\"twitter:label1\" content=\"Dur\u00e9e de lecture estim\u00e9e\" \/>\n\t<meta name=\"twitter:data1\" content=\"2 minutes\" \/>\n<script type=\"application\/ld+json\" class=\"yoast-schema-graph\">{\"@context\":\"https:\/\/schema.org\",\"@graph\":[{\"@type\":\"WebPage\",\"@id\":\"https:\/\/www.cinesouk.ma\/product\/belkin-usb-c-core-gan-power-adapter-100w\/\",\"url\":\"https:\/\/www.cinesouk.ma\/product\/belkin-usb-c-core-gan-power-adapter-100w\/\",\"name\":\"Belkin USB-C Core GaN Power Adapter 100W - CineSouk - For rent\",\"isPartOf\":{\"@id\":\"https:\/\/www.cinesouk.ma\/#website\"},\"primaryImageOfPage\":{\"@id\":\"https:\/\/www.cinesouk.ma\/product\/belkin-usb-c-core-gan-power-adapter-100w\/#primaryimage\"},\"image\":{\"@id\":\"https:\/\/www.cinesouk.ma\/product\/belkin-usb-c-core-gan-power-adapter-100w\/#primaryimage\"},\"thumbnailUrl\":\"https:\/\/www.cinesouk.ma\/wp-content\/uploads\/2025\/03\/Belkin-USB-C-Core-GaN-Power-Adapter-100W.jpg\",\"datePublished\":\"2025-03-07T14:32:35+00:00\",\"dateModified\":\"2025-03-21T10:56:52+00:00\",\"description\":\"Belkin USB-C Core GaN Power Adapter 100W \u2013 Fast, compact, and efficient charger for laptops, tablets, and USB-C devices.\",\"breadcrumb\":{\"@id\":\"https:\/\/www.cinesouk.ma\/product\/belkin-usb-c-core-gan-power-adapter-100w\/#breadcrumb\"},\"inLanguage\":\"fr-FR\",\"potentialAction\":[{\"@type\":\"ReadAction\",\"target\":[\"https:\/\/www.cinesouk.ma\/product\/belkin-usb-c-core-gan-power-adapter-100w\/\"]}]},{\"@type\":\"ImageObject\",\"inLanguage\":\"fr-FR\",\"@id\":\"https:\/\/www.cinesouk.ma\/product\/belkin-usb-c-core-gan-power-adapter-100w\/#primaryimage\",\"url\":\"https:\/\/www.cinesouk.ma\/wp-content\/uploads\/2025\/03\/Belkin-USB-C-Core-GaN-Power-Adapter-100W.jpg\",\"contentUrl\":\"https:\/\/www.cinesouk.ma\/wp-content\/uploads\/2025\/03\/Belkin-USB-C-Core-GaN-Power-Adapter-100W.jpg\",\"width\":300,\"height\":238,\"caption\":\"Belkin USB-C Core GaN Power Adapter 100W\"},{\"@type\":\"BreadcrumbList\",\"@id\":\"https:\/\/www.cinesouk.ma\/product\/belkin-usb-c-core-gan-power-adapter-100w\/#breadcrumb\",\"itemListElement\":[{\"@type\":\"ListItem\",\"position\":1,\"name\":\"Home\",\"item\":\"https:\/\/www.cinesouk.ma\/\"},{\"@type\":\"ListItem\",\"position\":2,\"name\":\"Shop\",\"item\":\"https:\/\/www.cinesouk.ma\/shop\/\"},{\"@type\":\"ListItem\",\"position\":3,\"name\":\"Belkin USB-C Core GaN Power Adapter 100W\"}]},{\"@type\":\"WebSite\",\"@id\":\"https:\/\/www.cinesouk.ma\/#website\",\"url\":\"https:\/\/www.cinesouk.ma\/\",\"name\":\"CineSouk\",\"description\":\"\",\"publisher\":{\"@id\":\"https:\/\/www.cinesouk.ma\/#organization\"},\"potentialAction\":[{\"@type\":\"SearchAction\",\"target\":{\"@type\":\"EntryPoint\",\"urlTemplate\":\"https:\/\/www.cinesouk.ma\/?s={search_term_string}\"},\"query-input\":{\"@type\":\"PropertyValueSpecification\",\"valueRequired\":true,\"valueName\":\"search_term_string\"}}],\"inLanguage\":\"fr-FR\"},{\"@type\":\"Organization\",\"@id\":\"https:\/\/www.cinesouk.ma\/#organization\",\"name\":\"CineSouk\",\"url\":\"https:\/\/www.cinesouk.ma\/\",\"logo\":{\"@type\":\"ImageObject\",\"inLanguage\":\"fr-FR\",\"@id\":\"https:\/\/www.cinesouk.ma\/#\/schema\/logo\/image\/\",\"url\":\"https:\/\/www.cinesouk.ma\/wp-content\/uploads\/2024\/01\/CineSouk-logo-v01-alpha-alligned-left.png\",\"contentUrl\":\"https:\/\/www.cinesouk.ma\/wp-content\/uploads\/2024\/01\/CineSouk-logo-v01-alpha-alligned-left.png\",\"width\":3204,\"height\":889,\"caption\":\"CineSouk\"},\"image\":{\"@id\":\"https:\/\/www.cinesouk.ma\/#\/schema\/logo\/image\/\"}}]}<\/script>\n<!-- \/ Yoast SEO Premium plugin. -->","yoast_head_json":{"title":"Belkin USB-C Core GaN Power Adapter 100W - CineSouk - For rent","description":"Belkin USB-C Core GaN Power Adapter 100W \u2013 Fast, compact, and efficient charger for laptops, tablets, and USB-C devices.","robots":{"index":"index","follow":"follow","max-snippet":"max-snippet:-1","max-image-preview":"max-image-preview:large","max-video-preview":"max-video-preview:-1"},"canonical":"https:\/\/www.cinesouk.ma\/fr\/produit\/belkin-usb-c-core-gan-power-adapter-100w\/","og_locale":"fr_FR","og_type":"article","og_title":"Belkin USB-C Core GaN Power Adapter 100W","og_description":"Belkin USB-C GaN 100W Charger \u2013 Fast, compact, and efficient power delivery for laptops, tablets, and USB-C devices.","og_url":"https:\/\/www.cinesouk.ma\/fr\/produit\/belkin-usb-c-core-gan-power-adapter-100w\/","og_site_name":"CineSouk","article_modified_time":"2025-03-21T10:56:52+00:00","og_image":[{"width":300,"height":238,"url":"https:\/\/www.cinesouk.ma\/wp-content\/uploads\/2025\/03\/Belkin-USB-C-Core-GaN-Power-Adapter-100W.jpg","type":"image\/jpeg"}],"twitter_card":"summary_large_image","twitter_description":"Belkin USB-C GaN 100W Charger \u2013 Fast, compact, and efficient power delivery for laptops, tablets, and USB-C devices.","twitter_misc":{"Dur\u00e9e de lecture estim\u00e9e":"2 minutes"},"schema":{"@context":"https:\/\/schema.org","@graph":[{"@type":"WebPage","@id":"https:\/\/www.cinesouk.ma\/product\/belkin-usb-c-core-gan-power-adapter-100w\/","url":"https:\/\/www.cinesouk.ma\/product\/belkin-usb-c-core-gan-power-adapter-100w\/","name":"Belkin USB-C Core GaN Power Adapter 100W - CineSouk - For rent","isPartOf":{"@id":"https:\/\/www.cinesouk.ma\/#website"},"primaryImageOfPage":{"@id":"https:\/\/www.cinesouk.ma\/product\/belkin-usb-c-core-gan-power-adapter-100w\/#primaryimage"},"image":{"@id":"https:\/\/www.cinesouk.ma\/product\/belkin-usb-c-core-gan-power-adapter-100w\/#primaryimage"},"thumbnailUrl":"https:\/\/www.cinesouk.ma\/wp-content\/uploads\/2025\/03\/Belkin-USB-C-Core-GaN-Power-Adapter-100W.jpg","datePublished":"2025-03-07T14:32:35+00:00","dateModified":"2025-03-21T10:56:52+00:00","description":"Belkin USB-C Core GaN Power Adapter 100W \u2013 Fast, compact, and efficient charger for laptops, tablets, and USB-C devices.","breadcrumb":{"@id":"https:\/\/www.cinesouk.ma\/product\/belkin-usb-c-core-gan-power-adapter-100w\/#breadcrumb"},"inLanguage":"fr-FR","potentialAction":[{"@type":"ReadAction","target":["https:\/\/www.cinesouk.ma\/product\/belkin-usb-c-core-gan-power-adapter-100w\/"]}]},{"@type":"ImageObject","inLanguage":"fr-FR","@id":"https:\/\/www.cinesouk.ma\/product\/belkin-usb-c-core-gan-power-adapter-100w\/#primaryimage","url":"https:\/\/www.cinesouk.ma\/wp-content\/uploads\/2025\/03\/Belkin-USB-C-Core-GaN-Power-Adapter-100W.jpg","contentUrl":"https:\/\/www.cinesouk.ma\/wp-content\/uploads\/2025\/03\/Belkin-USB-C-Core-GaN-Power-Adapter-100W.jpg","width":300,"height":238,"caption":"Belkin USB-C Core GaN Power Adapter 100W"},{"@type":"BreadcrumbList","@id":"https:\/\/www.cinesouk.ma\/product\/belkin-usb-c-core-gan-power-adapter-100w\/#breadcrumb","itemListElement":[{"@type":"ListItem","position":1,"name":"Home","item":"https:\/\/www.cinesouk.ma\/"},{"@type":"ListItem","position":2,"name":"Shop","item":"https:\/\/www.cinesouk.ma\/shop\/"},{"@type":"ListItem","position":3,"name":"Belkin USB-C Core GaN Power Adapter 100W"}]},{"@type":"WebSite","@id":"https:\/\/www.cinesouk.ma\/#website","url":"https:\/\/www.cinesouk.ma\/","name":"CineSouk","description":"","publisher":{"@id":"https:\/\/www.cinesouk.ma\/#organization"},"potentialAction":[{"@type":"SearchAction","target":{"@type":"EntryPoint","urlTemplate":"https:\/\/www.cinesouk.ma\/?s={search_term_string}"},"query-input":{"@type":"PropertyValueSpecification","valueRequired":true,"valueName":"search_term_string"}}],"inLanguage":"fr-FR"},{"@type":"Organization","@id":"https:\/\/www.cinesouk.ma\/#organization","name":"CineSouk","url":"https:\/\/www.cinesouk.ma\/","logo":{"@type":"ImageObject","inLanguage":"fr-FR","@id":"https:\/\/www.cinesouk.ma\/#\/schema\/logo\/image\/","url":"https:\/\/www.cinesouk.ma\/wp-content\/uploads\/2024\/01\/CineSouk-logo-v01-alpha-alligned-left.png","contentUrl":"https:\/\/www.cinesouk.ma\/wp-content\/uploads\/2024\/01\/CineSouk-logo-v01-alpha-alligned-left.png","width":3204,"height":889,"caption":"CineSouk"},"image":{"@id":"https:\/\/www.cinesouk.ma\/#\/schema\/logo\/image\/"}}]}},"_links":{"self":[{"href":"https:\/\/www.cinesouk.ma\/fr\/wp-json\/wp\/v2\/product\/11092","targetHints":{"allow":["GET"]}}],"collection":[{"href":"https:\/\/www.cinesouk.ma\/fr\/wp-json\/wp\/v2\/product"}],"about":[{"href":"https:\/\/www.cinesouk.ma\/fr\/wp-json\/wp\/v2\/types\/product"}],"wp:featuredmedia":[{"embeddable":true,"href":"https:\/\/www.cinesouk.ma\/fr\/wp-json\/wp\/v2\/media\/11103"}],"wp:attachment":[{"href":"https:\/\/www.cinesouk.ma\/fr\/wp-json\/wp\/v2\/media?parent=11092"}],"wp:term":[{"taxonomy":"product_brand","embeddable":true,"href":"https:\/\/www.cinesouk.ma\/fr\/wp-json\/wp\/v2\/product_brand?post=11092"},{"taxonomy":"product_cat","embeddable":true,"href":"https:\/\/www.cinesouk.ma\/fr\/wp-json\/wp\/v2\/product_cat?post=11092"},{"taxonomy":"product_tag","embeddable":true,"href":"https:\/\/www.cinesouk.ma\/fr\/wp-json\/wp\/v2\/product_tag?post=11092"}],"curies":[{"name":"wp","href":"https:\/\/api.w.org\/{rel}","templated":true}]}}