{"id":11104,"date":"2025-03-07T14:42:48","date_gmt":"2025-03-07T14:42:48","guid":{"rendered":"https:\/\/www.cinesouk.ma\/?post_type=product&#038;p=11104"},"modified":"2025-03-21T10:56:52","modified_gmt":"2025-03-21T10:56:52","slug":"decimator-12g-cross","status":"publish","type":"product","link":"https:\/\/www.cinesouk.ma\/fr\/produit\/decimator-12g-cross\/","title":{"rendered":"D\u00e9cimateur 12G-CROSS"},"content":{"rendered":"<p data-start=\"76\" data-end=\"564\">Le Decimator 12G-CROSS est un convertisseur puissant et compact con\u00e7u pour une conversion de format vid\u00e9o transparente entre les signaux SDI et HDMI. Id\u00e9al pour la diffusion, la production en direct et les flux de travail de post-production, cet appareil permet aux professionnels de mettre \u00e0 l'\u00e9chelle, de convertir la fr\u00e9quence d'images et d'effectuer une conversion entre les formats 12G, 6G, 3G, HD et SD. Gr\u00e2ce \u00e0 sa construction robuste et \u00e0 son traitement avanc\u00e9, le 12G-CROSS garantit une sortie vid\u00e9o de haute qualit\u00e9 avec une latence minimale.<\/p>\n<p data-start=\"613\" data-end=\"1012\">Le 12G-CROSS est parfait pour les professionnels qui ont besoin d'un convertisseur polyvalent et fiable pour diff\u00e9rents formats et r\u00e9solutions vid\u00e9o. Comme il prend en charge \u00e0 la fois le HDMI et le SDI, il comble le foss\u00e9 entre les diff\u00e9rents environnements de production. En outre, ses capacit\u00e9s de mise \u00e0 l'\u00e9chelle et de conversion de la fr\u00e9quence d'images en font un outil essentiel pour toute installation de production vid\u00e9o.<\/p>\n<h3 data-start=\"1014\" data-end=\"1063\"><strong data-start=\"1018\" data-end=\"1061\">Caract\u00e9ristiques principales du Decimator 12G-CROSS<\/strong><\/h3>\n<ul data-start=\"1065\" data-end=\"1868\">\n<li data-start=\"1065\" data-end=\"1198\"><strong data-start=\"1067\" data-end=\"1105\">Support 12G\/6G\/3G\/HD\/SD-SDI &amp; HDMI<\/strong> - Convertit et met \u00e0 l'\u00e9chelle plusieurs formats vid\u00e9o pour une int\u00e9gration transparente.<\/li>\n<li data-start=\"1199\" data-end=\"1348\"><strong data-start=\"1201\" data-end=\"1231\">Conversion crois\u00e9e et mise \u00e0 l'\u00e9chelle<\/strong> - Permet la conversion des formats SDI vers HDMI, HDMI vers SDI ou SDI vers SDI avec r\u00e9glage de la fr\u00e9quence d'images et de la r\u00e9solution.<\/li>\n<li data-start=\"1349\" data-end=\"1466\"><strong data-start=\"1351\" data-end=\"1384\">Traitement d'images de haute qualit\u00e9<\/strong> - Garantit une sortie vid\u00e9o de qualit\u00e9 sup\u00e9rieure avec une faible latence et un minimum d'artefacts.<\/li>\n<li data-start=\"1467\" data-end=\"1607\"><strong data-start=\"1469\" data-end=\"1504\">Conception ultra-portable et durable<\/strong> - Compact, l\u00e9ger et con\u00e7u pour une utilisation professionnelle dans des environnements de production exigeants.<\/li>\n<li data-start=\"1608\" data-end=\"1730\"><strong data-start=\"1610\" data-end=\"1636\">Contr\u00f4les conviviaux<\/strong> - Il est dot\u00e9 d'un menu LCD facile \u00e0 utiliser et d'une interface \u00e0 boutons pour un r\u00e9glage rapide des param\u00e8tres.<\/li>\n<li data-start=\"1731\" data-end=\"1868\"><strong data-start=\"1733\" data-end=\"1760\">Options d'alimentation polyvalentes<\/strong> - Il comprend un bloc d'alimentation verrouillable et prend en charge l'alimentation par USB, ce qui le rend fiable dans diff\u00e9rentes configurations.<\/li>\n<\/ul>\n<h3 data-start=\"1870\" data-end=\"1904\"><strong data-start=\"1874\" data-end=\"1902\">Sp\u00e9cifications<\/strong><\/h3>\n<ul data-start=\"1906\" data-end=\"2298\">\n<li data-start=\"1906\" data-end=\"1958\"><strong data-start=\"1908\" data-end=\"1929\">Entr\u00e9es et sorties :<\/strong> 12G\/6G\/3G\/HD\/SD-SDI &amp; HDMI<\/li>\n<li data-start=\"1959\" data-end=\"2036\"><strong data-start=\"1961\" data-end=\"1983\">Formats pris en charge :<\/strong> Conversion crois\u00e9e entre SD, HD, 3G, 6G et 12G-SDI<\/li>\n<li data-start=\"2037\" data-end=\"2081\"><strong data-start=\"2039\" data-end=\"2075\">Mise \u00e0 l'\u00e9chelle et conversion de la fr\u00e9quence d'images :<\/strong> Oui<\/li>\n<li data-start=\"2082\" data-end=\"2137\"><strong data-start=\"2084\" data-end=\"2106\">Interface de contr\u00f4le :<\/strong> \u00c9cran LCD avec touches de menu<\/li>\n<li data-start=\"2138\" data-end=\"2203\"><strong data-start=\"2140\" data-end=\"2158\">Options d'alimentation :<\/strong> Alimentation en courant continu verrouillable, support d'alimentation USB<\/li>\n<li data-start=\"2204\" data-end=\"2298\"><strong data-start=\"2206\" data-end=\"2223\">Applications :<\/strong> Diffusion, production en direct, postproduction et surveillance vid\u00e9o sur le plateau de tournage<\/li>\n<\/ul>\n<p data-start=\"2346\" data-end=\"2768\">Ce convertisseur est essentiel pour les diffuseurs, les professionnels des \u00e9v\u00e9nements en direct et les \u00e9quipes de production vid\u00e9o qui travaillent avec diff\u00e9rents formats et r\u00e9solutions. Comme il prend en charge les flux de travail HDMI et SDI, il garantit la compatibilit\u00e9 avec diverses configurations de cam\u00e9ras et d'\u00e9crans. De plus, ses fonctions de mise \u00e0 l'\u00e9chelle et de conversion de la fr\u00e9quence d'images en font un outil indispensable pour un traitement vid\u00e9o transparent.<\/p>\n<p data-start=\"2823\" data-end=\"3230\">Le Decimator 12G-CROSS est une solution compacte et puissante pour la conversion de formats vid\u00e9o. Gr\u00e2ce \u00e0 sa prise en charge de plusieurs r\u00e9solutions et formats, il offre flexibilit\u00e9 et fiabilit\u00e9 dans n'importe quel environnement de production. Que vous ayez besoin d'une conversion SDI vers HDMI, d'une mise \u00e0 l'\u00e9chelle de la fr\u00e9quence d'images ou d'un traitement du signal de qualit\u00e9 professionnelle, cet appareil fournit \u00e0 chaque fois des r\u00e9sultats de haute performance.<\/p>\n<p>&nbsp;<\/p>\n<p>Louez-le maintenant sur <a href=\"https:\/\/www.cinesouk.ma\/fr\">CINESOUK<\/a> - une marque de <a href=\"https:\/\/www.broadway.ma\/\">BROADWAY PRODUCTIONS SARL.<\/a><\/p>","protected":false},"excerpt":{"rendered":"<p><strong>Sp\u00e9cifications :<\/strong><\/p>\n<ul data-start=\"1906\" data-end=\"2298\">\n<li data-start=\"1906\" data-end=\"1958\"><strong data-start=\"1908\" data-end=\"1929\">Entr\u00e9es et sorties :<\/strong> 12G\/6G\/3G\/HD\/SD-SDI &amp; HDMI<\/li>\n<li data-start=\"1959\" data-end=\"2036\"><strong data-start=\"1961\" data-end=\"1983\">Formats pris en charge :<\/strong> Conversion crois\u00e9e entre SD, HD, 3G, 6G et 12G-SDI<\/li>\n<li data-start=\"2037\" data-end=\"2081\"><strong data-start=\"2039\" data-end=\"2075\">Mise \u00e0 l'\u00e9chelle et conversion de la fr\u00e9quence d'images :<\/strong> Oui<\/li>\n<li data-start=\"2082\" data-end=\"2137\"><strong data-start=\"2084\" data-end=\"2106\">Interface de contr\u00f4le :<\/strong> \u00c9cran LCD avec touches de menu<\/li>\n<li data-start=\"2138\" data-end=\"2203\"><strong data-start=\"2140\" data-end=\"2158\">Options d'alimentation :<\/strong> Alimentation en courant continu verrouillable, support d'alimentation USB<\/li>\n<li data-start=\"2204\" data-end=\"2298\"><strong data-start=\"2206\" data-end=\"2223\">Applications :<\/strong> Diffusion, production en direct, postproduction et surveillance vid\u00e9o sur le plateau de tournage<\/li>\n<\/ul>","protected":false},"featured_media":11115,"template":"","meta":{"om_disable_all_campaigns":false,"_monsterinsights_skip_tracking":false,"_monsterinsights_sitenote_active":false,"_monsterinsights_sitenote_note":"","_monsterinsights_sitenote_category":0,"_uf_show_specific_survey":0,"_uf_disable_surveys":false},"product_brand":[],"product_cat":[37,84,33],"product_tag":[],"class_list":{"0":"post-11104","1":"product","2":"type-product","3":"status-publish","4":"has-post-thumbnail","6":"product_cat-accessories-cinesouk","7":"product_cat-dit-cinesouk","8":"product_cat-processing-cinesouk","10":"entry","11":"has-media","13":"first","14":"instock","15":"taxable","16":"shipping-taxable","17":"purchasable","18":"product-type-variable","19":"has-product-nav","20":"col","21":"span_1_of_3","22":"owp-content-center","23":"owp-thumbs-layout-horizontal","24":"owp-btn-normal","25":"owp-tabs-layout-horizontal","26":"has-no-thumbnails"},"yoast_head":"<!-- This site is optimized with the Yoast SEO Premium plugin v26.0 (Yoast SEO v26.0) - https:\/\/yoast.com\/wordpress\/plugins\/seo\/ -->\n<title>For rent - Decimator 12G-CROSS - CineSouk<\/title>\n<meta name=\"description\" content=\"Decimator 12G-CROSS \u2013 Compact 12G\/6G\/3G\/HD\/SD-SDI &amp; HDMI cross converter with scaling, frame-rate conversion, and professional-grade video processing.\" \/>\n<meta name=\"robots\" content=\"index, follow, max-snippet:-1, max-image-preview:large, max-video-preview:-1\" \/>\n<link rel=\"canonical\" href=\"https:\/\/www.cinesouk.ma\/fr\/produit\/decimator-12g-cross\/\" \/>\n<meta property=\"og:locale\" content=\"fr_FR\" \/>\n<meta property=\"og:type\" content=\"article\" \/>\n<meta property=\"og:title\" content=\"Decimator 12G-CROSS\" \/>\n<meta property=\"og:description\" content=\"Decimator 12G-CROSS \u2013 Compact 12G\/6G\/3G\/HD\/SD-SDI &amp; HDMI cross converter with scaling, frame-rate conversion, and professional-grade video processing.\" \/>\n<meta property=\"og:url\" content=\"https:\/\/www.cinesouk.ma\/fr\/produit\/decimator-12g-cross\/\" \/>\n<meta property=\"og:site_name\" content=\"CineSouk\" \/>\n<meta property=\"article:modified_time\" content=\"2025-03-21T10:56:52+00:00\" \/>\n<meta property=\"og:image\" content=\"https:\/\/www.cinesouk.ma\/wp-content\/uploads\/2025\/03\/Decimator-12G-CROSS_.jpg\" \/>\n\t<meta property=\"og:image:width\" content=\"300\" \/>\n\t<meta property=\"og:image:height\" content=\"238\" \/>\n\t<meta property=\"og:image:type\" content=\"image\/jpeg\" \/>\n<meta name=\"twitter:card\" content=\"summary_large_image\" \/>\n<meta name=\"twitter:description\" content=\"Decimator 12G-CROSS \u2013 Compact 12G\/6G\/3G\/HD\/SD-SDI &amp; HDMI cross converter with scaling, frame-rate conversion, and professional-grade video processing.\" \/>\n<meta name=\"twitter:label1\" content=\"Dur\u00e9e de lecture estim\u00e9e\" \/>\n\t<meta name=\"twitter:data1\" content=\"2 minutes\" \/>\n<script type=\"application\/ld+json\" class=\"yoast-schema-graph\">{\"@context\":\"https:\/\/schema.org\",\"@graph\":[{\"@type\":\"WebPage\",\"@id\":\"https:\/\/www.cinesouk.ma\/product\/decimator-12g-cross\/\",\"url\":\"https:\/\/www.cinesouk.ma\/product\/decimator-12g-cross\/\",\"name\":\"For rent - Decimator 12G-CROSS - CineSouk\",\"isPartOf\":{\"@id\":\"https:\/\/www.cinesouk.ma\/#website\"},\"primaryImageOfPage\":{\"@id\":\"https:\/\/www.cinesouk.ma\/product\/decimator-12g-cross\/#primaryimage\"},\"image\":{\"@id\":\"https:\/\/www.cinesouk.ma\/product\/decimator-12g-cross\/#primaryimage\"},\"thumbnailUrl\":\"https:\/\/www.cinesouk.ma\/wp-content\/uploads\/2025\/03\/Decimator-12G-CROSS_.jpg\",\"datePublished\":\"2025-03-07T14:42:48+00:00\",\"dateModified\":\"2025-03-21T10:56:52+00:00\",\"description\":\"Decimator 12G-CROSS \u2013 Compact 12G\/6G\/3G\/HD\/SD-SDI & HDMI cross converter with scaling, frame-rate conversion, and professional-grade video processing.\",\"breadcrumb\":{\"@id\":\"https:\/\/www.cinesouk.ma\/product\/decimator-12g-cross\/#breadcrumb\"},\"inLanguage\":\"fr-FR\",\"potentialAction\":[{\"@type\":\"ReadAction\",\"target\":[\"https:\/\/www.cinesouk.ma\/product\/decimator-12g-cross\/\"]}]},{\"@type\":\"ImageObject\",\"inLanguage\":\"fr-FR\",\"@id\":\"https:\/\/www.cinesouk.ma\/product\/decimator-12g-cross\/#primaryimage\",\"url\":\"https:\/\/www.cinesouk.ma\/wp-content\/uploads\/2025\/03\/Decimator-12G-CROSS_.jpg\",\"contentUrl\":\"https:\/\/www.cinesouk.ma\/wp-content\/uploads\/2025\/03\/Decimator-12G-CROSS_.jpg\",\"width\":300,\"height\":238,\"caption\":\"Decimator 12G-CROSS_\"},{\"@type\":\"BreadcrumbList\",\"@id\":\"https:\/\/www.cinesouk.ma\/product\/decimator-12g-cross\/#breadcrumb\",\"itemListElement\":[{\"@type\":\"ListItem\",\"position\":1,\"name\":\"Home\",\"item\":\"https:\/\/www.cinesouk.ma\/\"},{\"@type\":\"ListItem\",\"position\":2,\"name\":\"Shop\",\"item\":\"https:\/\/www.cinesouk.ma\/shop\/\"},{\"@type\":\"ListItem\",\"position\":3,\"name\":\"Decimator 12G-CROSS\"}]},{\"@type\":\"WebSite\",\"@id\":\"https:\/\/www.cinesouk.ma\/#website\",\"url\":\"https:\/\/www.cinesouk.ma\/\",\"name\":\"CineSouk\",\"description\":\"\",\"publisher\":{\"@id\":\"https:\/\/www.cinesouk.ma\/#organization\"},\"potentialAction\":[{\"@type\":\"SearchAction\",\"target\":{\"@type\":\"EntryPoint\",\"urlTemplate\":\"https:\/\/www.cinesouk.ma\/?s={search_term_string}\"},\"query-input\":{\"@type\":\"PropertyValueSpecification\",\"valueRequired\":true,\"valueName\":\"search_term_string\"}}],\"inLanguage\":\"fr-FR\"},{\"@type\":\"Organization\",\"@id\":\"https:\/\/www.cinesouk.ma\/#organization\",\"name\":\"CineSouk\",\"url\":\"https:\/\/www.cinesouk.ma\/\",\"logo\":{\"@type\":\"ImageObject\",\"inLanguage\":\"fr-FR\",\"@id\":\"https:\/\/www.cinesouk.ma\/#\/schema\/logo\/image\/\",\"url\":\"https:\/\/www.cinesouk.ma\/wp-content\/uploads\/2024\/01\/CineSouk-logo-v01-alpha-alligned-left.png\",\"contentUrl\":\"https:\/\/www.cinesouk.ma\/wp-content\/uploads\/2024\/01\/CineSouk-logo-v01-alpha-alligned-left.png\",\"width\":3204,\"height\":889,\"caption\":\"CineSouk\"},\"image\":{\"@id\":\"https:\/\/www.cinesouk.ma\/#\/schema\/logo\/image\/\"}}]}<\/script>\n<!-- \/ Yoast SEO Premium plugin. -->","yoast_head_json":{"title":"For rent - Decimator 12G-CROSS - CineSouk","description":"Decimator 12G-CROSS \u2013 Compact 12G\/6G\/3G\/HD\/SD-SDI & HDMI cross converter with scaling, frame-rate conversion, and professional-grade video processing.","robots":{"index":"index","follow":"follow","max-snippet":"max-snippet:-1","max-image-preview":"max-image-preview:large","max-video-preview":"max-video-preview:-1"},"canonical":"https:\/\/www.cinesouk.ma\/fr\/produit\/decimator-12g-cross\/","og_locale":"fr_FR","og_type":"article","og_title":"Decimator 12G-CROSS","og_description":"Decimator 12G-CROSS \u2013 Compact 12G\/6G\/3G\/HD\/SD-SDI & HDMI cross converter with scaling, frame-rate conversion, and professional-grade video processing.","og_url":"https:\/\/www.cinesouk.ma\/fr\/produit\/decimator-12g-cross\/","og_site_name":"CineSouk","article_modified_time":"2025-03-21T10:56:52+00:00","og_image":[{"width":300,"height":238,"url":"https:\/\/www.cinesouk.ma\/wp-content\/uploads\/2025\/03\/Decimator-12G-CROSS_.jpg","type":"image\/jpeg"}],"twitter_card":"summary_large_image","twitter_description":"Decimator 12G-CROSS \u2013 Compact 12G\/6G\/3G\/HD\/SD-SDI & HDMI cross converter with scaling, frame-rate conversion, and professional-grade video processing.","twitter_misc":{"Dur\u00e9e de lecture estim\u00e9e":"2 minutes"},"schema":{"@context":"https:\/\/schema.org","@graph":[{"@type":"WebPage","@id":"https:\/\/www.cinesouk.ma\/product\/decimator-12g-cross\/","url":"https:\/\/www.cinesouk.ma\/product\/decimator-12g-cross\/","name":"For rent - Decimator 12G-CROSS - CineSouk","isPartOf":{"@id":"https:\/\/www.cinesouk.ma\/#website"},"primaryImageOfPage":{"@id":"https:\/\/www.cinesouk.ma\/product\/decimator-12g-cross\/#primaryimage"},"image":{"@id":"https:\/\/www.cinesouk.ma\/product\/decimator-12g-cross\/#primaryimage"},"thumbnailUrl":"https:\/\/www.cinesouk.ma\/wp-content\/uploads\/2025\/03\/Decimator-12G-CROSS_.jpg","datePublished":"2025-03-07T14:42:48+00:00","dateModified":"2025-03-21T10:56:52+00:00","description":"Decimator 12G-CROSS \u2013 Compact 12G\/6G\/3G\/HD\/SD-SDI & HDMI cross converter with scaling, frame-rate conversion, and professional-grade video processing.","breadcrumb":{"@id":"https:\/\/www.cinesouk.ma\/product\/decimator-12g-cross\/#breadcrumb"},"inLanguage":"fr-FR","potentialAction":[{"@type":"ReadAction","target":["https:\/\/www.cinesouk.ma\/product\/decimator-12g-cross\/"]}]},{"@type":"ImageObject","inLanguage":"fr-FR","@id":"https:\/\/www.cinesouk.ma\/product\/decimator-12g-cross\/#primaryimage","url":"https:\/\/www.cinesouk.ma\/wp-content\/uploads\/2025\/03\/Decimator-12G-CROSS_.jpg","contentUrl":"https:\/\/www.cinesouk.ma\/wp-content\/uploads\/2025\/03\/Decimator-12G-CROSS_.jpg","width":300,"height":238,"caption":"Decimator 12G-CROSS_"},{"@type":"BreadcrumbList","@id":"https:\/\/www.cinesouk.ma\/product\/decimator-12g-cross\/#breadcrumb","itemListElement":[{"@type":"ListItem","position":1,"name":"Home","item":"https:\/\/www.cinesouk.ma\/"},{"@type":"ListItem","position":2,"name":"Shop","item":"https:\/\/www.cinesouk.ma\/shop\/"},{"@type":"ListItem","position":3,"name":"Decimator 12G-CROSS"}]},{"@type":"WebSite","@id":"https:\/\/www.cinesouk.ma\/#website","url":"https:\/\/www.cinesouk.ma\/","name":"CineSouk","description":"","publisher":{"@id":"https:\/\/www.cinesouk.ma\/#organization"},"potentialAction":[{"@type":"SearchAction","target":{"@type":"EntryPoint","urlTemplate":"https:\/\/www.cinesouk.ma\/?s={search_term_string}"},"query-input":{"@type":"PropertyValueSpecification","valueRequired":true,"valueName":"search_term_string"}}],"inLanguage":"fr-FR"},{"@type":"Organization","@id":"https:\/\/www.cinesouk.ma\/#organization","name":"CineSouk","url":"https:\/\/www.cinesouk.ma\/","logo":{"@type":"ImageObject","inLanguage":"fr-FR","@id":"https:\/\/www.cinesouk.ma\/#\/schema\/logo\/image\/","url":"https:\/\/www.cinesouk.ma\/wp-content\/uploads\/2024\/01\/CineSouk-logo-v01-alpha-alligned-left.png","contentUrl":"https:\/\/www.cinesouk.ma\/wp-content\/uploads\/2024\/01\/CineSouk-logo-v01-alpha-alligned-left.png","width":3204,"height":889,"caption":"CineSouk"},"image":{"@id":"https:\/\/www.cinesouk.ma\/#\/schema\/logo\/image\/"}}]}},"_links":{"self":[{"href":"https:\/\/www.cinesouk.ma\/fr\/wp-json\/wp\/v2\/product\/11104","targetHints":{"allow":["GET"]}}],"collection":[{"href":"https:\/\/www.cinesouk.ma\/fr\/wp-json\/wp\/v2\/product"}],"about":[{"href":"https:\/\/www.cinesouk.ma\/fr\/wp-json\/wp\/v2\/types\/product"}],"wp:featuredmedia":[{"embeddable":true,"href":"https:\/\/www.cinesouk.ma\/fr\/wp-json\/wp\/v2\/media\/11115"}],"wp:attachment":[{"href":"https:\/\/www.cinesouk.ma\/fr\/wp-json\/wp\/v2\/media?parent=11104"}],"wp:term":[{"taxonomy":"product_brand","embeddable":true,"href":"https:\/\/www.cinesouk.ma\/fr\/wp-json\/wp\/v2\/product_brand?post=11104"},{"taxonomy":"product_cat","embeddable":true,"href":"https:\/\/www.cinesouk.ma\/fr\/wp-json\/wp\/v2\/product_cat?post=11104"},{"taxonomy":"product_tag","embeddable":true,"href":"https:\/\/www.cinesouk.ma\/fr\/wp-json\/wp\/v2\/product_tag?post=11104"}],"curies":[{"name":"wp","href":"https:\/\/api.w.org\/{rel}","templated":true}]}}