{"id":11144,"date":"2025-03-08T13:34:49","date_gmt":"2025-03-08T13:34:49","guid":{"rendered":"https:\/\/www.cinesouk.ma\/?post_type=product&#038;p=11144"},"modified":"2025-08-16T12:49:06","modified_gmt":"2025-08-16T12:49:06","slug":"kupo-18-china-ball-bracket-w-e27-socket","status":"publish","type":"product","link":"https:\/\/www.cinesouk.ma\/fr\/produit\/kupo-18-china-ball-bracket-w-e27-socket\/","title":{"rendered":"Kupo KS-181 Lanterne chinoise \/ Boule de Chine 18inch (45cm) avec fiche d'alimentation EU"},"content":{"rendered":"<p data-start=\"55\" data-end=\"477\">Le support KUPO 18\u2033 China Ball Bracket avec prise E27 est une solution d'\u00e9clairage polyvalente et fiable pour le cin\u00e9ma, la t\u00e9l\u00e9vision et la photographie. Con\u00e7u pour \u00eatre utilis\u00e9 avec des lanternes chinoises de 18 pouces, ce support offre une fixation s\u00fbre et stable pour les luminaires de style lanterne. Avec sa douille E27 standard, il supporte une vari\u00e9t\u00e9 d'ampoules LED et incandescentes, ce qui le rend id\u00e9al pour des configurations d'\u00e9clairage flexibles.<\/p>\n<p data-start=\"479\" data-end=\"859\">En outre, cet ensemble comprend une lanterne en papier de 18 pouces en tant qu'\u00e9l\u00e9ment consommable, permettant aux utilisateurs d'installer imm\u00e9diatement un \u00e9clairage doux et ambiant. Pour garantir une utilisation sans faille dans les installations, nous les adaptons avec des prises de l'UE.<\/p>\n<p data-start=\"479\" data-end=\"859\"><strong data-start=\"0\" data-end=\"9\" data-is-only-node=\"\">Remarque :<\/strong> La lanterne en papier comprend un consommable de papier dans le prix de la location (vous en avez un de rechange). Si plus d'un consommable est endommag\u00e9, les remplacements suppl\u00e9mentaires sont factur\u00e9s \u00e0 250Dhs chacun.<\/p>\n<p data-start=\"861\" data-end=\"1160\">La construction m\u00e9tallique robuste garantit une fiabilit\u00e9 \u00e0 long terme, m\u00eame dans des environnements de production exigeants. De plus, la broche de montage int\u00e9gr\u00e9e permet une fixation rapide sur les pieds en C, les bras de perche ou les plates-formes de pr\u00e9hension. L'installation est ainsi rapide et efficace, en particulier sur les plateaux tr\u00e8s fr\u00e9quent\u00e9s.<\/p>\n<h3 data-start=\"1162\" data-end=\"1219\"><strong data-start=\"1166\" data-end=\"1217\">Caract\u00e9ristiques principales du support KUPO 18\u2033 China Ball Bracket<\/strong><\/h3>\n<ul data-start=\"1221\" data-end=\"1977\">\n<li data-start=\"1221\" data-end=\"1343\"><strong data-start=\"1223\" data-end=\"1251\">Comprend 1 lanterne en papier<\/strong> - Livr\u00e9 avec un <strong data-start=\"1268\" data-end=\"1298\">Lanterne chinoise \u00e0 boule de 18 pouces<\/strong>, <strong data-start=\"1300\" data-end=\"1340\">fournir un \u00e9clairage doux et diffus<\/strong>.<\/li>\n<li data-start=\"1344\" data-end=\"1462\"><strong data-start=\"1346\" data-end=\"1369\">Douille standard E27<\/strong> - <strong data-start=\"1372\" data-end=\"1419\">Compatible avec les ampoules LED et incandescentes,<\/strong> <strong data-start=\"1420\" data-end=\"1459\">offrant des options d'\u00e9clairage polyvalentes<\/strong>.<\/li>\n<li data-start=\"1463\" data-end=\"1596\"><strong data-start=\"1465\" data-end=\"1487\">Adapt\u00e9 \u00e0 l'usage de l'UE<\/strong> - Nous <strong data-start=\"1496\" data-end=\"1534\">modifier la fiche pour qu'elle soit conforme \u00e0 la norme de l'UE,<\/strong> garantissant <strong data-start=\"1544\" data-end=\"1566\">compatibilit\u00e9 totale<\/strong> avec des installations \u00e9lectriques europ\u00e9ennes.<\/li>\n<li data-start=\"1597\" data-end=\"1725\"><strong data-start=\"1599\" data-end=\"1629\">Construction m\u00e9tallique durable<\/strong> - Fournit <strong data-start=\"1641\" data-end=\"1681\">la stabilit\u00e9 et la fiabilit\u00e9 \u00e0 long terme,<\/strong> m\u00eame en <strong data-start=\"1690\" data-end=\"1722\">les environnements de production \u00e0 forte activit\u00e9<\/strong>.<\/li>\n<li data-start=\"1726\" data-end=\"1852\"><strong data-start=\"1728\" data-end=\"1745\">Montage facile<\/strong> - Caract\u00e9ristiques <strong data-start=\"1759\" data-end=\"1775\">broche int\u00e9gr\u00e9e<\/strong> pour <strong data-start=\"1780\" data-end=\"1800\">fixation rapide<\/strong> aux supports en C, aux bras de perche et \u00e0 d'autres \u00e9quipements de pr\u00e9hension.<\/li>\n<li data-start=\"1853\" data-end=\"1977\"><strong data-start=\"1855\" data-end=\"1881\">L\u00e9ger et portable<\/strong> - <strong data-start=\"1884\" data-end=\"1918\">Compact et facile \u00e0 transporter,<\/strong> le rendre <strong data-start=\"1929\" data-end=\"1974\">id\u00e9al pour les prises de vue en studio et en ext\u00e9rieur<\/strong>.<\/li>\n<\/ul>\n<h3 data-start=\"1979\" data-end=\"2003\"><strong data-start=\"1983\" data-end=\"2001\">Sp\u00e9cifications<\/strong><\/h3>\n<ul data-start=\"2005\" data-end=\"2384\">\n<li data-start=\"2005\" data-end=\"2043\"><strong data-start=\"2007\" data-end=\"2024\">Type de support :<\/strong> Monture \u00e0 bille en Chine<\/li>\n<li data-start=\"2044\" data-end=\"2068\"><strong data-start=\"2046\" data-end=\"2062\">Type de douille :<\/strong> E27<\/li>\n<li data-start=\"2069\" data-end=\"2123\"><strong data-start=\"2071\" data-end=\"2095\">Consommable inclus :<\/strong> 1 x lanterne en papier de 18 pouces<\/li>\n<li data-start=\"2124\" data-end=\"2175\"><strong data-start=\"2126\" data-end=\"2139\">Mat\u00e9riau :<\/strong> Construction en m\u00e9tal pour une plus grande durabilit\u00e9<\/li>\n<li data-start=\"2176\" data-end=\"2250\"><strong data-start=\"2178\" data-end=\"2198\">Option de montage :<\/strong> Goupille int\u00e9gr\u00e9e pour les supports en C, les perches et les prises en main<\/li>\n<li data-start=\"2251\" data-end=\"2314\"><strong data-start=\"2253\" data-end=\"2267\">Type de prise :<\/strong> <strong data-start=\"2268\" data-end=\"2294\">Adapt\u00e9 \u00e0 la norme europ\u00e9enne<\/strong> pour la compatibilit\u00e9<\/li>\n<li data-start=\"2315\" data-end=\"2384\"><strong data-start=\"2317\" data-end=\"2334\">Applications :<\/strong> Film, t\u00e9l\u00e9vision, photographie et \u00e9clairage doux<\/li>\n<\/ul>\n<p data-start=\"2386\" data-end=\"2851\" data-is-last-node=\"\" data-is-only-node=\"\">Le support KUPO 18\u2033 China Ball Bracket avec prise E27 est un outil essentiel pour les directeurs de la photographie et les photographes qui ont besoin d'un \u00e9clairage doux et ambiant avec des lanternes China Ball. Gr\u00e2ce \u00e0 sa construction robuste, \u00e0 sa compatibilit\u00e9 avec les prises standard et \u00e0 son syst\u00e8me de montage facile, ce support assure une installation rapide et transparente de l'\u00e9clairage, que ce soit en studio ou sur le terrain. Avec son adaptation \u00e0 la prise EU, il est pr\u00eat \u00e0 \u00eatre utilis\u00e9 imm\u00e9diatement pour les tournages europ\u00e9ens.<\/p>\n<p>Louez-le maintenant sur <a href=\"https:\/\/www.cinesouk.ma\/fr\">CINESOUK<\/a> - une marque de <a href=\"https:\/\/www.broadway.ma\/\">BROADWAY PRODUCTIONS SARL.<\/a><\/p>","protected":false},"excerpt":{"rendered":"<p><strong>Sp\u00e9cifications :<\/strong><\/p>\n<ul>\n<li data-start=\"1733\" data-end=\"1771\"><strong data-start=\"1735\" data-end=\"1752\">Type de support :<\/strong> Monture \u00e0 bille en Chine<\/li>\n<li data-start=\"1772\" data-end=\"1796\"><strong data-start=\"1774\" data-end=\"1790\">Type de douille :<\/strong> E27<\/li>\n<li data-start=\"1797\" data-end=\"1851\"><strong data-start=\"1799\" data-end=\"1823\">Consommable inclus :<\/strong> 1 x lanterne en papier de 18 pouces<\/li>\n<li data-start=\"1852\" data-end=\"1903\"><strong data-start=\"1854\" data-end=\"1867\">Mat\u00e9riau :<\/strong> Construction en m\u00e9tal pour une plus grande durabilit\u00e9<\/li>\n<li data-start=\"1904\" data-end=\"1978\"><strong data-start=\"1906\" data-end=\"1926\">Option de montage :<\/strong> Goupille int\u00e9gr\u00e9e pour les supports en C, les perches et les prises en main<\/li>\n<li data-start=\"1979\" data-end=\"2048\"><strong data-start=\"1981\" data-end=\"1998\">Applications :<\/strong> Film, t\u00e9l\u00e9vision, photographie et \u00e9clairage doux<\/li>\n<\/ul>","protected":false},"featured_media":12042,"template":"","meta":{"om_disable_all_campaigns":false,"_monsterinsights_skip_tracking":false,"_monsterinsights_sitenote_active":false,"_monsterinsights_sitenote_note":"","_monsterinsights_sitenote_category":0,"_uf_show_specific_survey":0,"_uf_disable_surveys":false},"product_brand":[],"product_cat":[37,20],"product_tag":[],"class_list":{"0":"post-11144","1":"product","2":"type-product","3":"status-publish","4":"has-post-thumbnail","6":"product_cat-accessories-cinesouk","7":"product_cat-light-cinesouk","9":"entry","10":"has-media","12":"first","13":"instock","14":"taxable","15":"shipping-taxable","16":"purchasable","17":"product-type-variable","18":"has-product-nav","19":"col","20":"span_1_of_3","21":"owp-content-center","22":"owp-thumbs-layout-horizontal","23":"owp-btn-normal","24":"owp-tabs-layout-horizontal"},"yoast_head":"<!-- This site is optimized with the Yoast SEO Premium plugin v26.0 (Yoast SEO v26.0) - https:\/\/yoast.com\/wordpress\/plugins\/seo\/ -->\n<title>Kupo KS-181 Chinese Lantern \/ China Ball 18inch (45cm) with EU power plug - CineSouk - For rent<\/title>\n<meta name=\"description\" content=\"KUPO 18&quot; China Ball Bracket with E27 Socket \u2013 Includes 1 paper lantern, providing soft, diffused lighting for film, TV, and photography setups.\" \/>\n<meta name=\"robots\" content=\"index, follow, max-snippet:-1, max-image-preview:large, max-video-preview:-1\" \/>\n<link rel=\"canonical\" href=\"https:\/\/www.cinesouk.ma\/fr\/produit\/kupo-18-china-ball-bracket-w-e27-socket\/\" \/>\n<meta property=\"og:locale\" content=\"fr_FR\" \/>\n<meta property=\"og:type\" content=\"article\" \/>\n<meta property=\"og:title\" content=\"Kupo KS-181 Chinese Lantern \/ China Ball 18inch (45cm) with EU power plug\" \/>\n<meta property=\"og:description\" content=\"KUPO 18&quot; China Ball Bracket with E27 Socket \u2013 Includes 1 paper lantern, providing soft, diffused lighting for film, TV, and photography setups.\" \/>\n<meta property=\"og:url\" content=\"https:\/\/www.cinesouk.ma\/fr\/produit\/kupo-18-china-ball-bracket-w-e27-socket\/\" \/>\n<meta property=\"og:site_name\" content=\"CineSouk\" \/>\n<meta property=\"article:modified_time\" content=\"2025-08-16T12:49:06+00:00\" \/>\n<meta property=\"og:image\" content=\"https:\/\/www.cinesouk.ma\/wp-content\/uploads\/2025\/03\/KUPO-China-Ball-Bracket-24_-With-E27.jpg\" \/>\n\t<meta property=\"og:image:width\" content=\"300\" \/>\n\t<meta property=\"og:image:height\" content=\"238\" \/>\n\t<meta property=\"og:image:type\" content=\"image\/jpeg\" \/>\n<meta name=\"twitter:card\" content=\"summary_large_image\" \/>\n<meta name=\"twitter:description\" content=\"KUPO 18&quot; China Ball Bracket with E27 Socket \u2013 Includes 1 paper lantern, providing soft, diffused lighting for film, TV, and photography setups.\" \/>\n<meta name=\"twitter:image\" content=\"https:\/\/www.cinesouk.ma\/wp-content\/uploads\/2025\/03\/KUPO-China-Ball-Bracket-24_-With-E27.jpg\" \/>\n<meta name=\"twitter:label1\" content=\"Dur\u00e9e de lecture estim\u00e9e\" \/>\n\t<meta name=\"twitter:data1\" content=\"2 minutes\" \/>\n<script type=\"application\/ld+json\" class=\"yoast-schema-graph\">{\"@context\":\"https:\/\/schema.org\",\"@graph\":[{\"@type\":\"WebPage\",\"@id\":\"https:\/\/www.cinesouk.ma\/product\/kupo-18-china-ball-bracket-w-e27-socket\/\",\"url\":\"https:\/\/www.cinesouk.ma\/product\/kupo-18-china-ball-bracket-w-e27-socket\/\",\"name\":\"Kupo KS-181 Chinese Lantern \/ China Ball 18inch (45cm) with EU power plug - CineSouk - For rent\",\"isPartOf\":{\"@id\":\"https:\/\/www.cinesouk.ma\/#website\"},\"primaryImageOfPage\":{\"@id\":\"https:\/\/www.cinesouk.ma\/product\/kupo-18-china-ball-bracket-w-e27-socket\/#primaryimage\"},\"image\":{\"@id\":\"https:\/\/www.cinesouk.ma\/product\/kupo-18-china-ball-bracket-w-e27-socket\/#primaryimage\"},\"thumbnailUrl\":\"https:\/\/www.cinesouk.ma\/wp-content\/uploads\/2025\/03\/China-Ball-18inch-45cm-with-EU-power-plug.jpg\",\"datePublished\":\"2025-03-08T13:34:49+00:00\",\"dateModified\":\"2025-08-16T12:49:06+00:00\",\"description\":\"KUPO 18\\\" China Ball Bracket with E27 Socket \u2013 Includes 1 paper lantern, providing soft, diffused lighting for film, TV, and photography setups.\",\"breadcrumb\":{\"@id\":\"https:\/\/www.cinesouk.ma\/product\/kupo-18-china-ball-bracket-w-e27-socket\/#breadcrumb\"},\"inLanguage\":\"fr-FR\",\"potentialAction\":[{\"@type\":\"ReadAction\",\"target\":[\"https:\/\/www.cinesouk.ma\/product\/kupo-18-china-ball-bracket-w-e27-socket\/\"]}]},{\"@type\":\"ImageObject\",\"inLanguage\":\"fr-FR\",\"@id\":\"https:\/\/www.cinesouk.ma\/product\/kupo-18-china-ball-bracket-w-e27-socket\/#primaryimage\",\"url\":\"https:\/\/www.cinesouk.ma\/wp-content\/uploads\/2025\/03\/China-Ball-18inch-45cm-with-EU-power-plug.jpg\",\"contentUrl\":\"https:\/\/www.cinesouk.ma\/wp-content\/uploads\/2025\/03\/China-Ball-18inch-45cm-with-EU-power-plug.jpg\",\"width\":300,\"height\":238,\"caption\":\"China Ball 18inch (45cm) with EU power plug\"},{\"@type\":\"BreadcrumbList\",\"@id\":\"https:\/\/www.cinesouk.ma\/product\/kupo-18-china-ball-bracket-w-e27-socket\/#breadcrumb\",\"itemListElement\":[{\"@type\":\"ListItem\",\"position\":1,\"name\":\"Home\",\"item\":\"https:\/\/www.cinesouk.ma\/\"},{\"@type\":\"ListItem\",\"position\":2,\"name\":\"Shop\",\"item\":\"https:\/\/www.cinesouk.ma\/shop\/\"},{\"@type\":\"ListItem\",\"position\":3,\"name\":\"Kupo KS-181 Chinese Lantern \/ China Ball 18inch (45cm) with EU power plug\"}]},{\"@type\":\"WebSite\",\"@id\":\"https:\/\/www.cinesouk.ma\/#website\",\"url\":\"https:\/\/www.cinesouk.ma\/\",\"name\":\"CineSouk\",\"description\":\"\",\"publisher\":{\"@id\":\"https:\/\/www.cinesouk.ma\/#organization\"},\"potentialAction\":[{\"@type\":\"SearchAction\",\"target\":{\"@type\":\"EntryPoint\",\"urlTemplate\":\"https:\/\/www.cinesouk.ma\/?s={search_term_string}\"},\"query-input\":{\"@type\":\"PropertyValueSpecification\",\"valueRequired\":true,\"valueName\":\"search_term_string\"}}],\"inLanguage\":\"fr-FR\"},{\"@type\":\"Organization\",\"@id\":\"https:\/\/www.cinesouk.ma\/#organization\",\"name\":\"CineSouk\",\"url\":\"https:\/\/www.cinesouk.ma\/\",\"logo\":{\"@type\":\"ImageObject\",\"inLanguage\":\"fr-FR\",\"@id\":\"https:\/\/www.cinesouk.ma\/#\/schema\/logo\/image\/\",\"url\":\"https:\/\/www.cinesouk.ma\/wp-content\/uploads\/2024\/01\/CineSouk-logo-v01-alpha-alligned-left.png\",\"contentUrl\":\"https:\/\/www.cinesouk.ma\/wp-content\/uploads\/2024\/01\/CineSouk-logo-v01-alpha-alligned-left.png\",\"width\":3204,\"height\":889,\"caption\":\"CineSouk\"},\"image\":{\"@id\":\"https:\/\/www.cinesouk.ma\/#\/schema\/logo\/image\/\"}}]}<\/script>\n<!-- \/ Yoast SEO Premium plugin. -->","yoast_head_json":{"title":"Kupo KS-181 Chinese Lantern \/ China Ball 18inch (45cm) with EU power plug - CineSouk - For rent","description":"KUPO 18\" China Ball Bracket with E27 Socket \u2013 Includes 1 paper lantern, providing soft, diffused lighting for film, TV, and photography setups.","robots":{"index":"index","follow":"follow","max-snippet":"max-snippet:-1","max-image-preview":"max-image-preview:large","max-video-preview":"max-video-preview:-1"},"canonical":"https:\/\/www.cinesouk.ma\/fr\/produit\/kupo-18-china-ball-bracket-w-e27-socket\/","og_locale":"fr_FR","og_type":"article","og_title":"Kupo KS-181 Chinese Lantern \/ China Ball 18inch (45cm) with EU power plug","og_description":"KUPO 18\" China Ball Bracket with E27 Socket \u2013 Includes 1 paper lantern, providing soft, diffused lighting for film, TV, and photography setups.","og_url":"https:\/\/www.cinesouk.ma\/fr\/produit\/kupo-18-china-ball-bracket-w-e27-socket\/","og_site_name":"CineSouk","article_modified_time":"2025-08-16T12:49:06+00:00","og_image":[{"width":300,"height":238,"url":"https:\/\/www.cinesouk.ma\/wp-content\/uploads\/2025\/03\/KUPO-China-Ball-Bracket-24_-With-E27.jpg","type":"image\/jpeg"}],"twitter_card":"summary_large_image","twitter_description":"KUPO 18\" China Ball Bracket with E27 Socket \u2013 Includes 1 paper lantern, providing soft, diffused lighting for film, TV, and photography setups.","twitter_image":"https:\/\/www.cinesouk.ma\/wp-content\/uploads\/2025\/03\/KUPO-China-Ball-Bracket-24_-With-E27.jpg","twitter_misc":{"Dur\u00e9e de lecture estim\u00e9e":"2 minutes"},"schema":{"@context":"https:\/\/schema.org","@graph":[{"@type":"WebPage","@id":"https:\/\/www.cinesouk.ma\/product\/kupo-18-china-ball-bracket-w-e27-socket\/","url":"https:\/\/www.cinesouk.ma\/product\/kupo-18-china-ball-bracket-w-e27-socket\/","name":"Kupo KS-181 Chinese Lantern \/ China Ball 18inch (45cm) with EU power plug - CineSouk - For rent","isPartOf":{"@id":"https:\/\/www.cinesouk.ma\/#website"},"primaryImageOfPage":{"@id":"https:\/\/www.cinesouk.ma\/product\/kupo-18-china-ball-bracket-w-e27-socket\/#primaryimage"},"image":{"@id":"https:\/\/www.cinesouk.ma\/product\/kupo-18-china-ball-bracket-w-e27-socket\/#primaryimage"},"thumbnailUrl":"https:\/\/www.cinesouk.ma\/wp-content\/uploads\/2025\/03\/China-Ball-18inch-45cm-with-EU-power-plug.jpg","datePublished":"2025-03-08T13:34:49+00:00","dateModified":"2025-08-16T12:49:06+00:00","description":"KUPO 18\" China Ball Bracket with E27 Socket \u2013 Includes 1 paper lantern, providing soft, diffused lighting for film, TV, and photography setups.","breadcrumb":{"@id":"https:\/\/www.cinesouk.ma\/product\/kupo-18-china-ball-bracket-w-e27-socket\/#breadcrumb"},"inLanguage":"fr-FR","potentialAction":[{"@type":"ReadAction","target":["https:\/\/www.cinesouk.ma\/product\/kupo-18-china-ball-bracket-w-e27-socket\/"]}]},{"@type":"ImageObject","inLanguage":"fr-FR","@id":"https:\/\/www.cinesouk.ma\/product\/kupo-18-china-ball-bracket-w-e27-socket\/#primaryimage","url":"https:\/\/www.cinesouk.ma\/wp-content\/uploads\/2025\/03\/China-Ball-18inch-45cm-with-EU-power-plug.jpg","contentUrl":"https:\/\/www.cinesouk.ma\/wp-content\/uploads\/2025\/03\/China-Ball-18inch-45cm-with-EU-power-plug.jpg","width":300,"height":238,"caption":"China Ball 18inch (45cm) with EU power plug"},{"@type":"BreadcrumbList","@id":"https:\/\/www.cinesouk.ma\/product\/kupo-18-china-ball-bracket-w-e27-socket\/#breadcrumb","itemListElement":[{"@type":"ListItem","position":1,"name":"Home","item":"https:\/\/www.cinesouk.ma\/"},{"@type":"ListItem","position":2,"name":"Shop","item":"https:\/\/www.cinesouk.ma\/shop\/"},{"@type":"ListItem","position":3,"name":"Kupo KS-181 Chinese Lantern \/ China Ball 18inch (45cm) with EU power plug"}]},{"@type":"WebSite","@id":"https:\/\/www.cinesouk.ma\/#website","url":"https:\/\/www.cinesouk.ma\/","name":"CineSouk","description":"","publisher":{"@id":"https:\/\/www.cinesouk.ma\/#organization"},"potentialAction":[{"@type":"SearchAction","target":{"@type":"EntryPoint","urlTemplate":"https:\/\/www.cinesouk.ma\/?s={search_term_string}"},"query-input":{"@type":"PropertyValueSpecification","valueRequired":true,"valueName":"search_term_string"}}],"inLanguage":"fr-FR"},{"@type":"Organization","@id":"https:\/\/www.cinesouk.ma\/#organization","name":"CineSouk","url":"https:\/\/www.cinesouk.ma\/","logo":{"@type":"ImageObject","inLanguage":"fr-FR","@id":"https:\/\/www.cinesouk.ma\/#\/schema\/logo\/image\/","url":"https:\/\/www.cinesouk.ma\/wp-content\/uploads\/2024\/01\/CineSouk-logo-v01-alpha-alligned-left.png","contentUrl":"https:\/\/www.cinesouk.ma\/wp-content\/uploads\/2024\/01\/CineSouk-logo-v01-alpha-alligned-left.png","width":3204,"height":889,"caption":"CineSouk"},"image":{"@id":"https:\/\/www.cinesouk.ma\/#\/schema\/logo\/image\/"}}]}},"_links":{"self":[{"href":"https:\/\/www.cinesouk.ma\/fr\/wp-json\/wp\/v2\/product\/11144","targetHints":{"allow":["GET"]}}],"collection":[{"href":"https:\/\/www.cinesouk.ma\/fr\/wp-json\/wp\/v2\/product"}],"about":[{"href":"https:\/\/www.cinesouk.ma\/fr\/wp-json\/wp\/v2\/types\/product"}],"wp:featuredmedia":[{"embeddable":true,"href":"https:\/\/www.cinesouk.ma\/fr\/wp-json\/wp\/v2\/media\/12042"}],"wp:attachment":[{"href":"https:\/\/www.cinesouk.ma\/fr\/wp-json\/wp\/v2\/media?parent=11144"}],"wp:term":[{"taxonomy":"product_brand","embeddable":true,"href":"https:\/\/www.cinesouk.ma\/fr\/wp-json\/wp\/v2\/product_brand?post=11144"},{"taxonomy":"product_cat","embeddable":true,"href":"https:\/\/www.cinesouk.ma\/fr\/wp-json\/wp\/v2\/product_cat?post=11144"},{"taxonomy":"product_tag","embeddable":true,"href":"https:\/\/www.cinesouk.ma\/fr\/wp-json\/wp\/v2\/product_tag?post=11144"}],"curies":[{"name":"wp","href":"https:\/\/api.w.org\/{rel}","templated":true}]}}