{"id":11183,"date":"2024-08-01T10:06:47","date_gmt":"2024-08-01T10:06:47","guid":{"rendered":"https:\/\/www.cinesouk.ma\/?post_type=product&#038;p=11183"},"modified":"2025-08-22T11:20:16","modified_gmt":"2025-08-22T11:20:16","slug":"sony-ptz-rm-ip500","status":"publish","type":"product","link":"https:\/\/www.cinesouk.ma\/fr\/produit\/sony-ptz-rm-ip500\/","title":{"rendered":"Sony PTZ RM-IP500"},"content":{"rendered":"<p data-start=\"54\" data-end=\"583\">La Sony RM-IP500 est une t\u00e9l\u00e9commande de cam\u00e9ra PTZ professionnelle con\u00e7ue pour un contr\u00f4le fluide et pr\u00e9cis des cam\u00e9ras PTZ Sony dans les environnements de diffusion, de production en direct, d'entreprise et de lieux de culte. Dot\u00e9e d'un joystick r\u00e9actif et de commandes ergonomiques, cette unit\u00e9 permet aux op\u00e9rateurs de r\u00e9gler le panoramique, l'inclinaison, le zoom et la mise au point avec une pr\u00e9cision exceptionnelle. En outre, son syst\u00e8me de contr\u00f4le bas\u00e9 sur IP permet une gestion multi-cam\u00e9ras transparente, ce qui en fait un choix id\u00e9al pour les productions complexes.<\/p>\n<p data-start=\"585\" data-end=\"931\">Pouvant contr\u00f4ler jusqu'\u00e0 100 cam\u00e9ras PTZ Sony sur un r\u00e9seau IP, le RM-IP500 simplifie l'utilisation des cam\u00e9ras \u00e0 distance tout en garantissant une int\u00e9gration rapide et efficace des flux de travail. De plus, ses boutons personnalisables et ses param\u00e8tres de r\u00e9glage de la vitesse offrent aux op\u00e9rateurs une plus grande flexibilit\u00e9 pour les ajustements en temps r\u00e9el.<\/p>\n<h3 data-start=\"933\" data-end=\"991\"><strong data-start=\"937\" data-end=\"989\">Principales caract\u00e9ristiques du contr\u00f4leur PTZ RM-IP500 de Sony<\/strong><\/h3>\n<ul data-start=\"993\" data-end=\"1786\">\n<li data-start=\"993\" data-end=\"1111\"><strong data-start=\"995\" data-end=\"1025\">Commande intuitive par joystick<\/strong> - <strong data-start=\"1028\" data-end=\"1075\">R\u00e9glage en douceur du panoramique, de l'inclinaison, du zoom et de la mise au point<\/strong> pour <strong data-start=\"1080\" data-end=\"1108\">fonctionnement pr\u00e9cis de l'appareil photo<\/strong>.<\/li>\n<li data-start=\"1112\" data-end=\"1210\"><strong data-start=\"1114\" data-end=\"1147\">Contr\u00f4le multi-cam\u00e9ras sur IP<\/strong> - <strong data-start=\"1150\" data-end=\"1188\">G\u00e8re jusqu'\u00e0 100 cam\u00e9ras Sony PTZ<\/strong> sur un r\u00e9seau IP.<\/li>\n<li data-start=\"1211\" data-end=\"1319\"><strong data-start=\"1213\" data-end=\"1235\">Rappel facile des pr\u00e9r\u00e9glages<\/strong> - <strong data-start=\"1238\" data-end=\"1277\">M\u00e9morisation et rappel des positions de la cam\u00e9ra<\/strong> pour <strong data-start=\"1282\" data-end=\"1316\">des transitions rapides et transparentes<\/strong>.<\/li>\n<li data-start=\"1320\" data-end=\"1424\"><strong data-start=\"1322\" data-end=\"1351\">R\u00e9glage de la vitesse<\/strong> - <strong data-start=\"1354\" data-end=\"1395\">R\u00e9glage pr\u00e9cis des vitesses de panoramique, d'inclinaison et de zoom<\/strong> pour r\u00e9pondre aux besoins de la production.<\/li>\n<li data-start=\"1425\" data-end=\"1512\"><strong data-start=\"1427\" data-end=\"1451\">Boutons personnalisables<\/strong> - Attribue <strong data-start=\"1462\" data-end=\"1509\">des raccourcis pour un acc\u00e8s rapide aux fonctions cl\u00e9s<\/strong>.<\/li>\n<li data-start=\"1513\" data-end=\"1642\"><strong data-start=\"1515\" data-end=\"1539\">Int\u00e9gration transparente<\/strong> - Travaux <strong data-start=\"1548\" data-end=\"1584\">sans probl\u00e8me avec les cam\u00e9ras PTZ de Sony<\/strong>, y compris les <strong data-start=\"1600\" data-end=\"1639\">BRC-X1000, BRC-H800 et s\u00e9rie SRG<\/strong>.<\/li>\n<li data-start=\"1643\" data-end=\"1786\"><strong data-start=\"1645\" data-end=\"1675\">Conception compacte et ergonomique<\/strong> - <strong data-start=\"1678\" data-end=\"1711\">L\u00e9ger et convivial<\/strong>, ce qui en fait <strong data-start=\"1723\" data-end=\"1783\">id\u00e9al pour les salles de contr\u00f4le et les environnements de production en direct<\/strong>.<\/li>\n<\/ul>\n<h3 data-start=\"1788\" data-end=\"1812\"><strong data-start=\"1792\" data-end=\"1810\">Sp\u00e9cifications<\/strong><\/h3>\n<ul data-start=\"1814\" data-end=\"2264\">\n<li data-start=\"1814\" data-end=\"1861\"><strong data-start=\"1816\" data-end=\"1838\">Interface de contr\u00f4le :<\/strong> IP et s\u00e9rie (RS-422)<\/li>\n<li data-start=\"1862\" data-end=\"1931\"><strong data-start=\"1864\" data-end=\"1889\">Compatibilit\u00e9 avec les appareils photo :<\/strong> Prend en charge jusqu'\u00e0 <strong data-start=\"1905\" data-end=\"1929\">100 cam\u00e9ras PTZ Sony<\/strong><\/li>\n<li data-start=\"1932\" data-end=\"1997\"><strong data-start=\"1934\" data-end=\"1952\">Type de joystick :<\/strong> Contr\u00f4le 3 axes pour <strong data-start=\"1972\" data-end=\"1995\">panoramique, inclinaison et zoom<\/strong><\/li>\n<li data-start=\"1998\" data-end=\"2082\"><strong data-start=\"2000\" data-end=\"2018\">M\u00e9moire de pr\u00e9s\u00e9lection :<\/strong> Positions multiples rappelables pour <strong data-start=\"2053\" data-end=\"2080\">r\u00e9glages rapides de l'appareil photo<\/strong><\/li>\n<li data-start=\"2083\" data-end=\"2145\"><strong data-start=\"2085\" data-end=\"2102\">Alimentation \u00e9lectrique :<\/strong> Adaptateur CA ou PoE+ (Power over Ethernet)<\/li>\n<li data-start=\"2146\" data-end=\"2264\"><strong data-start=\"2148\" data-end=\"2165\">Applications :<\/strong> Diffusion, \u00e9v\u00e9nements en direct, pr\u00e9sentations d'entreprise, lieux de culte et installations de production \u00e0 distance<\/li>\n<\/ul>\n<p data-start=\"2266\" data-end=\"2627\">Le RM-IP500 de Sony est un contr\u00f4leur \u00e0 distance puissant et intuitif qui simplifie le fonctionnement des cam\u00e9ras PTZ dans les environnements de production en direct exigeants. Gr\u00e2ce \u00e0 son contr\u00f4le IP, ses param\u00e8tres personnalisables et son joystick r\u00e9actif, cette unit\u00e9 assure une gestion fluide et pr\u00e9cise des cam\u00e9ras, ce qui en fait un outil indispensable pour les installations multi-cam\u00e9ras.<\/p>\n<p>Louez-le maintenant sur <a href=\"https:\/\/www.cinesouk.ma\/fr\">CINESOUK<\/a> - une marque de <a href=\"https:\/\/www.broadway.ma\/\">BROADWAY PRODUCTIONS SARL.<\/a><\/p>","protected":false},"excerpt":{"rendered":"<p><strong>Sp\u00e9cifications :<\/strong><\/p>\n<ul data-start=\"1814\" data-end=\"2264\">\n<li data-start=\"1814\" data-end=\"1861\"><strong data-start=\"1816\" data-end=\"1838\">Interface de contr\u00f4le :<\/strong> IP et s\u00e9rie (RS-422)<\/li>\n<li data-start=\"1862\" data-end=\"1931\"><strong data-start=\"1864\" data-end=\"1889\">Compatibilit\u00e9 avec les appareils photo :<\/strong> Prend en charge jusqu'\u00e0 <strong data-start=\"1905\" data-end=\"1929\">100 cam\u00e9ras PTZ Sony<\/strong><\/li>\n<li data-start=\"1932\" data-end=\"1997\"><strong data-start=\"1934\" data-end=\"1952\">Type de joystick :<\/strong> Contr\u00f4le 3 axes pour <strong data-start=\"1972\" data-end=\"1995\">panoramique, inclinaison et zoom<\/strong><\/li>\n<li data-start=\"1998\" data-end=\"2082\"><strong data-start=\"2000\" data-end=\"2018\">M\u00e9moire de pr\u00e9s\u00e9lection :<\/strong> Positions multiples rappelables pour <strong data-start=\"2053\" data-end=\"2080\">r\u00e9glages rapides de l'appareil photo<\/strong><\/li>\n<li data-start=\"2083\" data-end=\"2145\"><strong data-start=\"2085\" data-end=\"2102\">Alimentation \u00e9lectrique :<\/strong> Adaptateur CA ou PoE+ (Power over Ethernet)<\/li>\n<li data-start=\"2146\" data-end=\"2264\"><strong data-start=\"2148\" data-end=\"2165\">Applications :<\/strong> Diffusion, \u00e9v\u00e9nements en direct, pr\u00e9sentations d'entreprise, lieux de culte et installations de production \u00e0 distance<\/li>\n<\/ul>","protected":false},"featured_media":11194,"template":"","meta":{"om_disable_all_campaigns":false,"_monsterinsights_skip_tracking":false,"_monsterinsights_sitenote_active":false,"_monsterinsights_sitenote_note":"","_monsterinsights_sitenote_category":0,"_uf_show_specific_survey":0,"_uf_disable_surveys":false},"product_brand":[],"product_cat":[34,52,113,32],"product_tag":[],"class_list":{"0":"post-11183","1":"product","2":"type-product","3":"status-publish","4":"has-post-thumbnail","6":"product_cat-camera-cinesouk","7":"product_cat-multicam-cinesouk","8":"product_cat-multicam-eventsouk","9":"product_cat-streaming-cinesouk","11":"entry","12":"has-media","14":"first","15":"instock","16":"taxable","17":"shipping-taxable","18":"purchasable","19":"product-type-variable","20":"has-product-nav","21":"col","22":"span_1_of_3","23":"owp-content-center","24":"owp-thumbs-layout-horizontal","25":"owp-btn-normal","26":"owp-tabs-layout-horizontal","27":"has-no-thumbnails"},"yoast_head":"<!-- This site is optimized with the Yoast SEO Premium plugin v26.0 (Yoast SEO v26.0) - https:\/\/yoast.com\/wordpress\/plugins\/seo\/ -->\n<title>Panasonic AW-UE70WEJ - CineSouk - Marrakech | Morocco - For rent<\/title>\n<meta name=\"description\" content=\"Sony RM-IP500 PTZ Controller \u2013 Professional joystick controller for Sony PTZ cameras with IP-based multi-camera control, preset recall, and smooth pan-tilt-zoom operation.\" \/>\n<meta name=\"robots\" content=\"index, follow, max-snippet:-1, max-image-preview:large, max-video-preview:-1\" \/>\n<link rel=\"canonical\" href=\"https:\/\/www.cinesouk.ma\/fr\/produit\/sony-ptz-rm-ip500\/\" \/>\n<meta property=\"og:locale\" content=\"fr_FR\" \/>\n<meta property=\"og:type\" content=\"article\" \/>\n<meta property=\"og:title\" content=\"Sony PTZ RM-IP500\" \/>\n<meta property=\"og:description\" content=\"Sony RM-IP500 PTZ Controller \u2013 Professional joystick controller for Sony PTZ cameras with IP-based multi-camera control, preset recall, and smooth pan-tilt-zoom operation.\" \/>\n<meta property=\"og:url\" content=\"https:\/\/www.cinesouk.ma\/fr\/produit\/sony-ptz-rm-ip500\/\" \/>\n<meta property=\"og:site_name\" content=\"CineSouk\" \/>\n<meta property=\"article:modified_time\" content=\"2025-08-22T11:20:16+00:00\" \/>\n<meta property=\"og:image\" content=\"https:\/\/www.cinesouk.ma\/wp-content\/uploads\/2025\/03\/Sony-PTZ-RM-IP500.jpg\" \/>\n\t<meta property=\"og:image:width\" content=\"300\" \/>\n\t<meta property=\"og:image:height\" content=\"238\" \/>\n\t<meta property=\"og:image:type\" content=\"image\/jpeg\" \/>\n<meta name=\"twitter:card\" content=\"summary_large_image\" \/>\n<meta name=\"twitter:description\" content=\"Sony RM-IP500 PTZ Controller \u2013 Professional joystick controller for Sony PTZ cameras with IP-based multi-camera control, preset recall, and smooth pan-tilt-zoom operation.\" \/>\n<meta name=\"twitter:label1\" content=\"Dur\u00e9e de lecture estim\u00e9e\" \/>\n\t<meta name=\"twitter:data1\" content=\"2 minutes\" \/>\n<script type=\"application\/ld+json\" class=\"yoast-schema-graph\">{\"@context\":\"https:\/\/schema.org\",\"@graph\":[{\"@type\":\"WebPage\",\"@id\":\"https:\/\/www.cinesouk.ma\/product\/sony-ptz-rm-ip500\/\",\"url\":\"https:\/\/www.cinesouk.ma\/product\/sony-ptz-rm-ip500\/\",\"name\":\"Panasonic AW-UE70WEJ - CineSouk - Marrakech | Morocco - For rent\",\"isPartOf\":{\"@id\":\"https:\/\/www.cinesouk.ma\/#website\"},\"primaryImageOfPage\":{\"@id\":\"https:\/\/www.cinesouk.ma\/product\/sony-ptz-rm-ip500\/#primaryimage\"},\"image\":{\"@id\":\"https:\/\/www.cinesouk.ma\/product\/sony-ptz-rm-ip500\/#primaryimage\"},\"thumbnailUrl\":\"https:\/\/www.cinesouk.ma\/wp-content\/uploads\/2025\/03\/Sony-PTZ-RM-IP500.jpg\",\"datePublished\":\"2024-08-01T10:06:47+00:00\",\"dateModified\":\"2025-08-22T11:20:16+00:00\",\"description\":\"Sony RM-IP500 PTZ Controller \u2013 Professional joystick controller for Sony PTZ cameras with IP-based multi-camera control, preset recall, and smooth pan-tilt-zoom operation.\",\"breadcrumb\":{\"@id\":\"https:\/\/www.cinesouk.ma\/product\/sony-ptz-rm-ip500\/#breadcrumb\"},\"inLanguage\":\"fr-FR\",\"potentialAction\":[{\"@type\":\"ReadAction\",\"target\":[\"https:\/\/www.cinesouk.ma\/product\/sony-ptz-rm-ip500\/\"]}]},{\"@type\":\"ImageObject\",\"inLanguage\":\"fr-FR\",\"@id\":\"https:\/\/www.cinesouk.ma\/product\/sony-ptz-rm-ip500\/#primaryimage\",\"url\":\"https:\/\/www.cinesouk.ma\/wp-content\/uploads\/2025\/03\/Sony-PTZ-RM-IP500.jpg\",\"contentUrl\":\"https:\/\/www.cinesouk.ma\/wp-content\/uploads\/2025\/03\/Sony-PTZ-RM-IP500.jpg\",\"width\":300,\"height\":238,\"caption\":\"Sony PTZ RM-IP500\"},{\"@type\":\"BreadcrumbList\",\"@id\":\"https:\/\/www.cinesouk.ma\/product\/sony-ptz-rm-ip500\/#breadcrumb\",\"itemListElement\":[{\"@type\":\"ListItem\",\"position\":1,\"name\":\"Home\",\"item\":\"https:\/\/www.cinesouk.ma\/\"},{\"@type\":\"ListItem\",\"position\":2,\"name\":\"Shop\",\"item\":\"https:\/\/www.cinesouk.ma\/shop\/\"},{\"@type\":\"ListItem\",\"position\":3,\"name\":\"Sony PTZ RM-IP500\"}]},{\"@type\":\"WebSite\",\"@id\":\"https:\/\/www.cinesouk.ma\/#website\",\"url\":\"https:\/\/www.cinesouk.ma\/\",\"name\":\"CineSouk\",\"description\":\"\",\"publisher\":{\"@id\":\"https:\/\/www.cinesouk.ma\/#organization\"},\"potentialAction\":[{\"@type\":\"SearchAction\",\"target\":{\"@type\":\"EntryPoint\",\"urlTemplate\":\"https:\/\/www.cinesouk.ma\/?s={search_term_string}\"},\"query-input\":{\"@type\":\"PropertyValueSpecification\",\"valueRequired\":true,\"valueName\":\"search_term_string\"}}],\"inLanguage\":\"fr-FR\"},{\"@type\":\"Organization\",\"@id\":\"https:\/\/www.cinesouk.ma\/#organization\",\"name\":\"CineSouk\",\"url\":\"https:\/\/www.cinesouk.ma\/\",\"logo\":{\"@type\":\"ImageObject\",\"inLanguage\":\"fr-FR\",\"@id\":\"https:\/\/www.cinesouk.ma\/#\/schema\/logo\/image\/\",\"url\":\"https:\/\/www.cinesouk.ma\/wp-content\/uploads\/2024\/01\/CineSouk-logo-v01-alpha-alligned-left.png\",\"contentUrl\":\"https:\/\/www.cinesouk.ma\/wp-content\/uploads\/2024\/01\/CineSouk-logo-v01-alpha-alligned-left.png\",\"width\":3204,\"height\":889,\"caption\":\"CineSouk\"},\"image\":{\"@id\":\"https:\/\/www.cinesouk.ma\/#\/schema\/logo\/image\/\"}}]}<\/script>\n<!-- \/ Yoast SEO Premium plugin. -->","yoast_head_json":{"title":"Panasonic AW-UE70WEJ - CineSouk - Marrakech | Morocco - For rent","description":"Sony RM-IP500 PTZ Controller \u2013 Professional joystick controller for Sony PTZ cameras with IP-based multi-camera control, preset recall, and smooth pan-tilt-zoom operation.","robots":{"index":"index","follow":"follow","max-snippet":"max-snippet:-1","max-image-preview":"max-image-preview:large","max-video-preview":"max-video-preview:-1"},"canonical":"https:\/\/www.cinesouk.ma\/fr\/produit\/sony-ptz-rm-ip500\/","og_locale":"fr_FR","og_type":"article","og_title":"Sony PTZ RM-IP500","og_description":"Sony RM-IP500 PTZ Controller \u2013 Professional joystick controller for Sony PTZ cameras with IP-based multi-camera control, preset recall, and smooth pan-tilt-zoom operation.","og_url":"https:\/\/www.cinesouk.ma\/fr\/produit\/sony-ptz-rm-ip500\/","og_site_name":"CineSouk","article_modified_time":"2025-08-22T11:20:16+00:00","og_image":[{"width":300,"height":238,"url":"https:\/\/www.cinesouk.ma\/wp-content\/uploads\/2025\/03\/Sony-PTZ-RM-IP500.jpg","type":"image\/jpeg"}],"twitter_card":"summary_large_image","twitter_description":"Sony RM-IP500 PTZ Controller \u2013 Professional joystick controller for Sony PTZ cameras with IP-based multi-camera control, preset recall, and smooth pan-tilt-zoom operation.","twitter_misc":{"Dur\u00e9e de lecture estim\u00e9e":"2 minutes"},"schema":{"@context":"https:\/\/schema.org","@graph":[{"@type":"WebPage","@id":"https:\/\/www.cinesouk.ma\/product\/sony-ptz-rm-ip500\/","url":"https:\/\/www.cinesouk.ma\/product\/sony-ptz-rm-ip500\/","name":"Panasonic AW-UE70WEJ - CineSouk - Marrakech | Morocco - For rent","isPartOf":{"@id":"https:\/\/www.cinesouk.ma\/#website"},"primaryImageOfPage":{"@id":"https:\/\/www.cinesouk.ma\/product\/sony-ptz-rm-ip500\/#primaryimage"},"image":{"@id":"https:\/\/www.cinesouk.ma\/product\/sony-ptz-rm-ip500\/#primaryimage"},"thumbnailUrl":"https:\/\/www.cinesouk.ma\/wp-content\/uploads\/2025\/03\/Sony-PTZ-RM-IP500.jpg","datePublished":"2024-08-01T10:06:47+00:00","dateModified":"2025-08-22T11:20:16+00:00","description":"Sony RM-IP500 PTZ Controller \u2013 Professional joystick controller for Sony PTZ cameras with IP-based multi-camera control, preset recall, and smooth pan-tilt-zoom operation.","breadcrumb":{"@id":"https:\/\/www.cinesouk.ma\/product\/sony-ptz-rm-ip500\/#breadcrumb"},"inLanguage":"fr-FR","potentialAction":[{"@type":"ReadAction","target":["https:\/\/www.cinesouk.ma\/product\/sony-ptz-rm-ip500\/"]}]},{"@type":"ImageObject","inLanguage":"fr-FR","@id":"https:\/\/www.cinesouk.ma\/product\/sony-ptz-rm-ip500\/#primaryimage","url":"https:\/\/www.cinesouk.ma\/wp-content\/uploads\/2025\/03\/Sony-PTZ-RM-IP500.jpg","contentUrl":"https:\/\/www.cinesouk.ma\/wp-content\/uploads\/2025\/03\/Sony-PTZ-RM-IP500.jpg","width":300,"height":238,"caption":"Sony PTZ RM-IP500"},{"@type":"BreadcrumbList","@id":"https:\/\/www.cinesouk.ma\/product\/sony-ptz-rm-ip500\/#breadcrumb","itemListElement":[{"@type":"ListItem","position":1,"name":"Home","item":"https:\/\/www.cinesouk.ma\/"},{"@type":"ListItem","position":2,"name":"Shop","item":"https:\/\/www.cinesouk.ma\/shop\/"},{"@type":"ListItem","position":3,"name":"Sony PTZ RM-IP500"}]},{"@type":"WebSite","@id":"https:\/\/www.cinesouk.ma\/#website","url":"https:\/\/www.cinesouk.ma\/","name":"CineSouk","description":"","publisher":{"@id":"https:\/\/www.cinesouk.ma\/#organization"},"potentialAction":[{"@type":"SearchAction","target":{"@type":"EntryPoint","urlTemplate":"https:\/\/www.cinesouk.ma\/?s={search_term_string}"},"query-input":{"@type":"PropertyValueSpecification","valueRequired":true,"valueName":"search_term_string"}}],"inLanguage":"fr-FR"},{"@type":"Organization","@id":"https:\/\/www.cinesouk.ma\/#organization","name":"CineSouk","url":"https:\/\/www.cinesouk.ma\/","logo":{"@type":"ImageObject","inLanguage":"fr-FR","@id":"https:\/\/www.cinesouk.ma\/#\/schema\/logo\/image\/","url":"https:\/\/www.cinesouk.ma\/wp-content\/uploads\/2024\/01\/CineSouk-logo-v01-alpha-alligned-left.png","contentUrl":"https:\/\/www.cinesouk.ma\/wp-content\/uploads\/2024\/01\/CineSouk-logo-v01-alpha-alligned-left.png","width":3204,"height":889,"caption":"CineSouk"},"image":{"@id":"https:\/\/www.cinesouk.ma\/#\/schema\/logo\/image\/"}}]}},"_links":{"self":[{"href":"https:\/\/www.cinesouk.ma\/fr\/wp-json\/wp\/v2\/product\/11183","targetHints":{"allow":["GET"]}}],"collection":[{"href":"https:\/\/www.cinesouk.ma\/fr\/wp-json\/wp\/v2\/product"}],"about":[{"href":"https:\/\/www.cinesouk.ma\/fr\/wp-json\/wp\/v2\/types\/product"}],"wp:featuredmedia":[{"embeddable":true,"href":"https:\/\/www.cinesouk.ma\/fr\/wp-json\/wp\/v2\/media\/11194"}],"wp:attachment":[{"href":"https:\/\/www.cinesouk.ma\/fr\/wp-json\/wp\/v2\/media?parent=11183"}],"wp:term":[{"taxonomy":"product_brand","embeddable":true,"href":"https:\/\/www.cinesouk.ma\/fr\/wp-json\/wp\/v2\/product_brand?post=11183"},{"taxonomy":"product_cat","embeddable":true,"href":"https:\/\/www.cinesouk.ma\/fr\/wp-json\/wp\/v2\/product_cat?post=11183"},{"taxonomy":"product_tag","embeddable":true,"href":"https:\/\/www.cinesouk.ma\/fr\/wp-json\/wp\/v2\/product_tag?post=11183"}],"curies":[{"name":"wp","href":"https:\/\/api.w.org\/{rel}","templated":true}]}}