{"id":11207,"date":"2025-03-08T14:23:40","date_gmt":"2025-03-08T14:23:40","guid":{"rendered":"https:\/\/www.cinesouk.ma\/?post_type=product&#038;p=11207"},"modified":"2025-08-22T13:28:03","modified_gmt":"2025-08-22T13:28:03","slug":"profoto-umbrella-deep-white-l","status":"publish","type":"product","link":"https:\/\/www.cinesouk.ma\/fr\/produit\/profoto-umbrella-deep-white-l\/","title":{"rendered":"Profoto Umbrella Deep White L"},"content":{"rendered":"<div class=\"flex max-w-full flex-col flex-grow\">\n<div class=\"min-h-8 text-message flex w-full flex-col items-end gap-2 whitespace-normal break-words [.text-message+&amp;]:mt-5\" dir=\"auto\" data-message-author-role=\"assistant\" data-message-id=\"e4c3ffad-71cb-44e7-93b8-bb60eda86b77\" data-message-model-slug=\"gpt-4o-mini\">\n<div class=\"flex w-full flex-col gap-1 empty:hidden first:pt-[3px]\">\n<div class=\"markdown prose w-full break-words dark:prose-invert light\">\n<p data-start=\"41\" data-end=\"431\">Le Profoto Umbrella Deep White L est un modificateur d'\u00e9clairage polyvalent et de haute qualit\u00e9 con\u00e7u pour produire une lumi\u00e8re douce et naturelle avec un contraste profond et un excellent contr\u00f4le. Avec son diam\u00e8tre de 130 cm, ce parapluie profond offre des capacit\u00e9s de modelage de la lumi\u00e8re accrues par rapport aux parapluies standard, ce qui le rend id\u00e9al pour les portraits, la mode et la photographie commerciale.<\/p>\n<p data-start=\"433\" data-end=\"742\">Gr\u00e2ce \u00e0 sa conception plus profonde, le parapluie permet une direction et une focalisation pr\u00e9cises de la lumi\u00e8re, offrant une diffusion plus contr\u00f4l\u00e9e avec une belle lumi\u00e8re enveloppante. En outre, son tissu de haute qualit\u00e9 r\u00e9sistant \u00e0 la chaleur garantit une temp\u00e9rature de couleur constante et une durabilit\u00e9 pour une utilisation professionnelle.<\/p>\n<h3 data-start=\"744\" data-end=\"803\"><strong data-start=\"748\" data-end=\"801\">Caract\u00e9ristiques principales du parapluie Profoto Deep White L<\/strong><\/h3>\n<ul data-start=\"805\" data-end=\"1457\">\n<li data-start=\"805\" data-end=\"901\"><strong data-start=\"807\" data-end=\"837\">Grand diam\u00e8tre de 130 cm (51\u2033)<\/strong> - <strong data-start=\"840\" data-end=\"871\">Cr\u00e9e une lumi\u00e8re douce et naturelle<\/strong> avec <strong data-start=\"877\" data-end=\"898\">r\u00e9partition uniforme<\/strong>.<\/li>\n<li data-start=\"902\" data-end=\"1016\"><strong data-start=\"904\" data-end=\"928\">Forme parabolique profonde<\/strong> - <strong data-start=\"931\" data-end=\"957\">Am\u00e9liore le contr\u00f4le de la lumi\u00e8re<\/strong> par <strong data-start=\"961\" data-end=\"1013\">focaliser et diriger le faisceau plus efficacement<\/strong>.<\/li>\n<li data-start=\"1017\" data-end=\"1108\"><strong data-start=\"1019\" data-end=\"1037\">Int\u00e9rieur blanc<\/strong> - <strong data-start=\"1040\" data-end=\"1081\">Produit une lumi\u00e8re plus douce et plus naturelle<\/strong> avec <strong data-start=\"1087\" data-end=\"1105\">chute en douceur<\/strong>.<\/li>\n<li data-start=\"1109\" data-end=\"1228\"><strong data-start=\"1111\" data-end=\"1135\">Construction durable<\/strong> - <strong data-start=\"1138\" data-end=\"1190\">Fabriqu\u00e9 \u00e0 partir de mat\u00e9riaux de haute qualit\u00e9 r\u00e9sistants \u00e0 la chaleur<\/strong> pour <strong data-start=\"1195\" data-end=\"1225\">utilisation professionnelle \u00e0 long terme<\/strong>.<\/li>\n<li data-start=\"1229\" data-end=\"1355\"><strong data-start=\"1231\" data-end=\"1253\">Compact et portable<\/strong> - <strong data-start=\"1256\" data-end=\"1293\">L\u00e9ger et facile \u00e0 transporter<\/strong>, ce qui en fait <strong data-start=\"1305\" data-end=\"1352\">parfait pour les prises de vue en studio et en ext\u00e9rieur<\/strong>.<\/li>\n<li data-start=\"1356\" data-end=\"1457\"><strong data-start=\"1358\" data-end=\"1389\">Diffuseur disponible en option<\/strong> - <strong data-start=\"1392\" data-end=\"1417\">Adoucit davantage la lumi\u00e8re<\/strong> pour <strong data-start=\"1422\" data-end=\"1454\">un effet encore plus diffus<\/strong>.<\/li>\n<\/ul>\n<h3 data-start=\"1459\" data-end=\"1483\"><strong data-start=\"1463\" data-end=\"1481\">Sp\u00e9cifications<\/strong><\/h3>\n<ul data-start=\"1485\" data-end=\"1825\">\n<li data-start=\"1485\" data-end=\"1520\"><strong data-start=\"1487\" data-end=\"1500\">Diam\u00e8tre :<\/strong> 130cm (51 pouces)<\/li>\n<li data-start=\"1521\" data-end=\"1550\"><strong data-start=\"1523\" data-end=\"1533\">Forme :<\/strong> Parabolique profond<\/li>\n<li data-start=\"1551\" data-end=\"1580\"><strong data-start=\"1553\" data-end=\"1572\">Couleur int\u00e9rieure :<\/strong> Blanc<\/li>\n<li data-start=\"1581\" data-end=\"1649\"><strong data-start=\"1583\" data-end=\"1596\">Mat\u00e9riau :<\/strong> Tissu r\u00e9sistant \u00e0 la chaleur avec construction renforc\u00e9e<\/li>\n<li data-start=\"1650\" data-end=\"1733\"><strong data-start=\"1652\" data-end=\"1665\">Montage :<\/strong> Manche de parapluie universel compatible avec Profoto et d'autres marques<\/li>\n<li data-start=\"1734\" data-end=\"1825\"><strong data-start=\"1736\" data-end=\"1753\">Applications :<\/strong> Portrait, mode, photographie commerciale et \u00e9clairage de studio<\/li>\n<\/ul>\n<p data-start=\"1827\" data-end=\"2164\">Le parapluie Profoto Deep White L est un outil d'\u00e9clairage essentiel pour les photographes qui ont besoin d'un \u00e9clairage doux mais contr\u00f4l\u00e9 avec une chute naturelle. Gr\u00e2ce \u00e0 sa forme parabolique profonde, \u00e0 son int\u00e9rieur blanc et \u00e0 sa construction durable, il offre une polyvalence exceptionnelle pour une large gamme d'applications photographiques professionnelles.<\/p>\n<p>Louez-le maintenant sur <a href=\"https:\/\/www.cinesouk.ma\/fr\">CINESOUK<\/a> - une marque de <a href=\"https:\/\/www.broadway.ma\/\">BROADWAY PRODUCTIONS SARL.<\/a><\/p>\n<\/div>\n<\/div>\n<\/div>\n<\/div>","protected":false},"excerpt":{"rendered":"<p><strong>Sp\u00e9cifications :<\/strong><\/p>\n<ul>\n<li data-start=\"1485\" data-end=\"1520\"><strong data-start=\"1487\" data-end=\"1500\">Diam\u00e8tre :<\/strong> 130cm (51 pouces)<\/li>\n<li data-start=\"1521\" data-end=\"1550\"><strong data-start=\"1523\" data-end=\"1533\">Forme :<\/strong> Parabolique profond<\/li>\n<li data-start=\"1551\" data-end=\"1580\"><strong data-start=\"1553\" data-end=\"1572\">Couleur int\u00e9rieure :<\/strong> Blanc<\/li>\n<li data-start=\"1581\" data-end=\"1649\"><strong data-start=\"1583\" data-end=\"1596\">Mat\u00e9riau :<\/strong> Tissu r\u00e9sistant \u00e0 la chaleur avec construction renforc\u00e9e<\/li>\n<li data-start=\"1650\" data-end=\"1733\"><strong data-start=\"1652\" data-end=\"1665\">Montage :<\/strong> Manche de parapluie universel compatible avec Profoto et d'autres marques<\/li>\n<li data-start=\"1734\" data-end=\"1825\"><strong data-start=\"1736\" data-end=\"1753\">Applications :<\/strong> Portrait, mode, photographie commerciale et \u00e9clairage de studio<\/li>\n<\/ul>","protected":false},"featured_media":11218,"template":"","meta":{"om_disable_all_campaigns":false,"_monsterinsights_skip_tracking":false,"_monsterinsights_sitenote_active":false,"_monsterinsights_sitenote_note":"","_monsterinsights_sitenote_category":0,"_uf_show_specific_survey":0,"_uf_disable_surveys":false},"product_brand":[],"product_cat":[135,20,79],"product_tag":[],"class_list":{"0":"post-11207","1":"product","2":"type-product","3":"status-publish","4":"has-post-thumbnail","6":"product_cat-photography-eventsouk","7":"product_cat-light-cinesouk","8":"product_cat-photography-cinesouk","10":"entry","11":"has-media","13":"first","14":"instock","15":"taxable","16":"shipping-taxable","17":"purchasable","18":"product-type-variable","19":"has-product-nav","20":"col","21":"span_1_of_3","22":"owp-content-center","23":"owp-thumbs-layout-horizontal","24":"owp-btn-normal","25":"owp-tabs-layout-horizontal","26":"has-no-thumbnails"},"yoast_head":"<!-- This site is optimized with the Yoast SEO Premium plugin v26.0 (Yoast SEO v26.0) - https:\/\/yoast.com\/wordpress\/plugins\/seo\/ -->\n<title>Profoto Umbrella Deep White L - CineSouk<\/title>\n<meta name=\"description\" content=\"Profoto Umbrella Deep White L \u2013 130cm (51&quot;) deep parabolic umbrella for soft, natural light with enhanced control. Ideal for portrait, fashion, and commercial photography.\" \/>\n<meta name=\"robots\" content=\"index, follow, max-snippet:-1, max-image-preview:large, max-video-preview:-1\" \/>\n<link rel=\"canonical\" href=\"https:\/\/www.cinesouk.ma\/fr\/produit\/profoto-umbrella-deep-white-l\/\" \/>\n<meta property=\"og:locale\" content=\"fr_FR\" \/>\n<meta property=\"og:type\" content=\"article\" \/>\n<meta property=\"og:title\" content=\"Profoto Umbrella Deep White L\" \/>\n<meta property=\"og:description\" content=\"Profoto Umbrella Deep White L \u2013 130cm (51&quot;) deep parabolic umbrella for soft, natural light with enhanced control. Ideal for portrait, fashion, and commercial photography.\" \/>\n<meta property=\"og:url\" content=\"https:\/\/www.cinesouk.ma\/fr\/produit\/profoto-umbrella-deep-white-l\/\" \/>\n<meta property=\"og:site_name\" content=\"CineSouk\" \/>\n<meta property=\"article:modified_time\" content=\"2025-08-22T13:28:03+00:00\" \/>\n<meta property=\"og:image\" content=\"https:\/\/www.cinesouk.ma\/wp-content\/uploads\/2025\/03\/Profoto-Umbrella-Deep-White-L.jpg\" \/>\n\t<meta property=\"og:image:width\" content=\"300\" \/>\n\t<meta property=\"og:image:height\" content=\"238\" \/>\n\t<meta property=\"og:image:type\" content=\"image\/jpeg\" \/>\n<meta name=\"twitter:card\" content=\"summary_large_image\" \/>\n<meta name=\"twitter:description\" content=\"Profoto Umbrella Deep White L \u2013 130cm (51&quot;) deep parabolic umbrella for soft, natural light with enhanced control. Ideal for portrait, fashion, and commercial photography.\" \/>\n<meta name=\"twitter:label1\" content=\"Dur\u00e9e de lecture estim\u00e9e\" \/>\n\t<meta name=\"twitter:data1\" content=\"2 minutes\" \/>\n<script type=\"application\/ld+json\" class=\"yoast-schema-graph\">{\"@context\":\"https:\/\/schema.org\",\"@graph\":[{\"@type\":\"WebPage\",\"@id\":\"https:\/\/www.cinesouk.ma\/product\/profoto-umbrella-deep-white-l\/\",\"url\":\"https:\/\/www.cinesouk.ma\/product\/profoto-umbrella-deep-white-l\/\",\"name\":\"Profoto Umbrella Deep White L - CineSouk\",\"isPartOf\":{\"@id\":\"https:\/\/www.cinesouk.ma\/#website\"},\"primaryImageOfPage\":{\"@id\":\"https:\/\/www.cinesouk.ma\/product\/profoto-umbrella-deep-white-l\/#primaryimage\"},\"image\":{\"@id\":\"https:\/\/www.cinesouk.ma\/product\/profoto-umbrella-deep-white-l\/#primaryimage\"},\"thumbnailUrl\":\"https:\/\/www.cinesouk.ma\/wp-content\/uploads\/2025\/03\/Profoto-Umbrella-Deep-White-L.jpg\",\"datePublished\":\"2025-03-08T14:23:40+00:00\",\"dateModified\":\"2025-08-22T13:28:03+00:00\",\"description\":\"Profoto Umbrella Deep White L \u2013 130cm (51\\\") deep parabolic umbrella for soft, natural light with enhanced control. Ideal for portrait, fashion, and commercial photography.\",\"breadcrumb\":{\"@id\":\"https:\/\/www.cinesouk.ma\/product\/profoto-umbrella-deep-white-l\/#breadcrumb\"},\"inLanguage\":\"fr-FR\",\"potentialAction\":[{\"@type\":\"ReadAction\",\"target\":[\"https:\/\/www.cinesouk.ma\/product\/profoto-umbrella-deep-white-l\/\"]}]},{\"@type\":\"ImageObject\",\"inLanguage\":\"fr-FR\",\"@id\":\"https:\/\/www.cinesouk.ma\/product\/profoto-umbrella-deep-white-l\/#primaryimage\",\"url\":\"https:\/\/www.cinesouk.ma\/wp-content\/uploads\/2025\/03\/Profoto-Umbrella-Deep-White-L.jpg\",\"contentUrl\":\"https:\/\/www.cinesouk.ma\/wp-content\/uploads\/2025\/03\/Profoto-Umbrella-Deep-White-L.jpg\",\"width\":300,\"height\":238,\"caption\":\"Profoto Umbrella Deep White L\"},{\"@type\":\"BreadcrumbList\",\"@id\":\"https:\/\/www.cinesouk.ma\/product\/profoto-umbrella-deep-white-l\/#breadcrumb\",\"itemListElement\":[{\"@type\":\"ListItem\",\"position\":1,\"name\":\"Home\",\"item\":\"https:\/\/www.cinesouk.ma\/\"},{\"@type\":\"ListItem\",\"position\":2,\"name\":\"Shop\",\"item\":\"https:\/\/www.cinesouk.ma\/shop\/\"},{\"@type\":\"ListItem\",\"position\":3,\"name\":\"Profoto Umbrella Deep White L\"}]},{\"@type\":\"WebSite\",\"@id\":\"https:\/\/www.cinesouk.ma\/#website\",\"url\":\"https:\/\/www.cinesouk.ma\/\",\"name\":\"CineSouk\",\"description\":\"\",\"publisher\":{\"@id\":\"https:\/\/www.cinesouk.ma\/#organization\"},\"potentialAction\":[{\"@type\":\"SearchAction\",\"target\":{\"@type\":\"EntryPoint\",\"urlTemplate\":\"https:\/\/www.cinesouk.ma\/?s={search_term_string}\"},\"query-input\":{\"@type\":\"PropertyValueSpecification\",\"valueRequired\":true,\"valueName\":\"search_term_string\"}}],\"inLanguage\":\"fr-FR\"},{\"@type\":\"Organization\",\"@id\":\"https:\/\/www.cinesouk.ma\/#organization\",\"name\":\"CineSouk\",\"url\":\"https:\/\/www.cinesouk.ma\/\",\"logo\":{\"@type\":\"ImageObject\",\"inLanguage\":\"fr-FR\",\"@id\":\"https:\/\/www.cinesouk.ma\/#\/schema\/logo\/image\/\",\"url\":\"https:\/\/www.cinesouk.ma\/wp-content\/uploads\/2024\/01\/CineSouk-logo-v01-alpha-alligned-left.png\",\"contentUrl\":\"https:\/\/www.cinesouk.ma\/wp-content\/uploads\/2024\/01\/CineSouk-logo-v01-alpha-alligned-left.png\",\"width\":3204,\"height\":889,\"caption\":\"CineSouk\"},\"image\":{\"@id\":\"https:\/\/www.cinesouk.ma\/#\/schema\/logo\/image\/\"}}]}<\/script>\n<!-- \/ Yoast SEO Premium plugin. -->","yoast_head_json":{"title":"Profoto Umbrella Deep White L - CineSouk","description":"Profoto Umbrella Deep White L \u2013 130cm (51\") deep parabolic umbrella for soft, natural light with enhanced control. Ideal for portrait, fashion, and commercial photography.","robots":{"index":"index","follow":"follow","max-snippet":"max-snippet:-1","max-image-preview":"max-image-preview:large","max-video-preview":"max-video-preview:-1"},"canonical":"https:\/\/www.cinesouk.ma\/fr\/produit\/profoto-umbrella-deep-white-l\/","og_locale":"fr_FR","og_type":"article","og_title":"Profoto Umbrella Deep White L","og_description":"Profoto Umbrella Deep White L \u2013 130cm (51\") deep parabolic umbrella for soft, natural light with enhanced control. Ideal for portrait, fashion, and commercial photography.","og_url":"https:\/\/www.cinesouk.ma\/fr\/produit\/profoto-umbrella-deep-white-l\/","og_site_name":"CineSouk","article_modified_time":"2025-08-22T13:28:03+00:00","og_image":[{"width":300,"height":238,"url":"https:\/\/www.cinesouk.ma\/wp-content\/uploads\/2025\/03\/Profoto-Umbrella-Deep-White-L.jpg","type":"image\/jpeg"}],"twitter_card":"summary_large_image","twitter_description":"Profoto Umbrella Deep White L \u2013 130cm (51\") deep parabolic umbrella for soft, natural light with enhanced control. Ideal for portrait, fashion, and commercial photography.","twitter_misc":{"Dur\u00e9e de lecture estim\u00e9e":"2 minutes"},"schema":{"@context":"https:\/\/schema.org","@graph":[{"@type":"WebPage","@id":"https:\/\/www.cinesouk.ma\/product\/profoto-umbrella-deep-white-l\/","url":"https:\/\/www.cinesouk.ma\/product\/profoto-umbrella-deep-white-l\/","name":"Profoto Umbrella Deep White L - CineSouk","isPartOf":{"@id":"https:\/\/www.cinesouk.ma\/#website"},"primaryImageOfPage":{"@id":"https:\/\/www.cinesouk.ma\/product\/profoto-umbrella-deep-white-l\/#primaryimage"},"image":{"@id":"https:\/\/www.cinesouk.ma\/product\/profoto-umbrella-deep-white-l\/#primaryimage"},"thumbnailUrl":"https:\/\/www.cinesouk.ma\/wp-content\/uploads\/2025\/03\/Profoto-Umbrella-Deep-White-L.jpg","datePublished":"2025-03-08T14:23:40+00:00","dateModified":"2025-08-22T13:28:03+00:00","description":"Profoto Umbrella Deep White L \u2013 130cm (51\") deep parabolic umbrella for soft, natural light with enhanced control. Ideal for portrait, fashion, and commercial photography.","breadcrumb":{"@id":"https:\/\/www.cinesouk.ma\/product\/profoto-umbrella-deep-white-l\/#breadcrumb"},"inLanguage":"fr-FR","potentialAction":[{"@type":"ReadAction","target":["https:\/\/www.cinesouk.ma\/product\/profoto-umbrella-deep-white-l\/"]}]},{"@type":"ImageObject","inLanguage":"fr-FR","@id":"https:\/\/www.cinesouk.ma\/product\/profoto-umbrella-deep-white-l\/#primaryimage","url":"https:\/\/www.cinesouk.ma\/wp-content\/uploads\/2025\/03\/Profoto-Umbrella-Deep-White-L.jpg","contentUrl":"https:\/\/www.cinesouk.ma\/wp-content\/uploads\/2025\/03\/Profoto-Umbrella-Deep-White-L.jpg","width":300,"height":238,"caption":"Profoto Umbrella Deep White L"},{"@type":"BreadcrumbList","@id":"https:\/\/www.cinesouk.ma\/product\/profoto-umbrella-deep-white-l\/#breadcrumb","itemListElement":[{"@type":"ListItem","position":1,"name":"Home","item":"https:\/\/www.cinesouk.ma\/"},{"@type":"ListItem","position":2,"name":"Shop","item":"https:\/\/www.cinesouk.ma\/shop\/"},{"@type":"ListItem","position":3,"name":"Profoto Umbrella Deep White L"}]},{"@type":"WebSite","@id":"https:\/\/www.cinesouk.ma\/#website","url":"https:\/\/www.cinesouk.ma\/","name":"CineSouk","description":"","publisher":{"@id":"https:\/\/www.cinesouk.ma\/#organization"},"potentialAction":[{"@type":"SearchAction","target":{"@type":"EntryPoint","urlTemplate":"https:\/\/www.cinesouk.ma\/?s={search_term_string}"},"query-input":{"@type":"PropertyValueSpecification","valueRequired":true,"valueName":"search_term_string"}}],"inLanguage":"fr-FR"},{"@type":"Organization","@id":"https:\/\/www.cinesouk.ma\/#organization","name":"CineSouk","url":"https:\/\/www.cinesouk.ma\/","logo":{"@type":"ImageObject","inLanguage":"fr-FR","@id":"https:\/\/www.cinesouk.ma\/#\/schema\/logo\/image\/","url":"https:\/\/www.cinesouk.ma\/wp-content\/uploads\/2024\/01\/CineSouk-logo-v01-alpha-alligned-left.png","contentUrl":"https:\/\/www.cinesouk.ma\/wp-content\/uploads\/2024\/01\/CineSouk-logo-v01-alpha-alligned-left.png","width":3204,"height":889,"caption":"CineSouk"},"image":{"@id":"https:\/\/www.cinesouk.ma\/#\/schema\/logo\/image\/"}}]}},"_links":{"self":[{"href":"https:\/\/www.cinesouk.ma\/fr\/wp-json\/wp\/v2\/product\/11207","targetHints":{"allow":["GET"]}}],"collection":[{"href":"https:\/\/www.cinesouk.ma\/fr\/wp-json\/wp\/v2\/product"}],"about":[{"href":"https:\/\/www.cinesouk.ma\/fr\/wp-json\/wp\/v2\/types\/product"}],"wp:featuredmedia":[{"embeddable":true,"href":"https:\/\/www.cinesouk.ma\/fr\/wp-json\/wp\/v2\/media\/11218"}],"wp:attachment":[{"href":"https:\/\/www.cinesouk.ma\/fr\/wp-json\/wp\/v2\/media?parent=11207"}],"wp:term":[{"taxonomy":"product_brand","embeddable":true,"href":"https:\/\/www.cinesouk.ma\/fr\/wp-json\/wp\/v2\/product_brand?post=11207"},{"taxonomy":"product_cat","embeddable":true,"href":"https:\/\/www.cinesouk.ma\/fr\/wp-json\/wp\/v2\/product_cat?post=11207"},{"taxonomy":"product_tag","embeddable":true,"href":"https:\/\/www.cinesouk.ma\/fr\/wp-json\/wp\/v2\/product_tag?post=11207"}],"curies":[{"name":"wp","href":"https:\/\/api.w.org\/{rel}","templated":true}]}}