{"id":11262,"date":"2025-03-12T10:52:24","date_gmt":"2025-03-12T10:52:24","guid":{"rendered":"https:\/\/www.cinesouk.ma\/?post_type=product&#038;p=11262"},"modified":"2025-08-26T13:00:56","modified_gmt":"2025-08-26T13:00:56","slug":"red-komodo-6k-camera-kit-rf-mount","status":"publish","type":"product","link":"https:\/\/www.cinesouk.ma\/fr\/produit\/red-komodo-6k-camera-kit-rf-mount\/","title":{"rendered":"Kit de cam\u00e9ra Red Komodo 6K (monture RF)"},"content":{"rendered":"<p data-start=\"47\" data-end=\"417\">La RED KOMODO 6K Camera Kit (RF-Mount) est une cam\u00e9ra de cin\u00e9ma num\u00e9rique compacte et puissante con\u00e7ue pour la r\u00e9alisation de films en haute r\u00e9solution, la production commerciale et les tournages en direct. Dot\u00e9e d'un capteur Super 35 mm 6K \u00e0 obturateur global, la KOMODO offre une qualit\u00e9 d'image \u00e9poustouflante avec une plage dynamique exceptionnelle, une reproduction fid\u00e8le des couleurs et des d\u00e9tails nets.<\/p>\n<p data-start=\"419\" data-end=\"766\">En outre, sa monture RF offre une compatibilit\u00e9 polyvalente avec les objectifs, permettant aux utilisateurs d'adapter une large gamme d'objectifs professionnels pour le cin\u00e9ma et la photographie, pour une plus grande flexibilit\u00e9 cr\u00e9ative. De plus, la technologie de l'obturateur global \u00e9limine les distorsions de mouvement, ce qui en fait l'appareil id\u00e9al pour les actions rapides, les prises de vue \u00e0 main lev\u00e9e et la cin\u00e9matographie dynamique.<\/p>\n<p data-start=\"768\" data-end=\"1069\">Avec une r\u00e9solution de 6K et les formats d'enregistrement bruts robustes de RED, cette cam\u00e9ra assure un contr\u00f4le maximal de l'image en post-production. De plus, sa l\u00e9g\u00e8ret\u00e9 et sa compacit\u00e9 en font un choix de premier ordre pour le travail avec un cardan, l'utilisation d'un drone et les prises de vue \u00e0 main lev\u00e9e, sans compromettre la qualit\u00e9.<\/p>\n<h3 data-start=\"1071\" data-end=\"1093\"><strong data-start=\"1075\" data-end=\"1091\">Caract\u00e9ristiques principales<\/strong><\/h3>\n<ul data-start=\"1095\" data-end=\"2034\">\n<li data-start=\"1095\" data-end=\"1196\"><strong data-start=\"1097\" data-end=\"1126\">6K Global Shutter Capteur :<\/strong> Capture des vid\u00e9os en haute r\u00e9solution tout en \u00e9liminant les distorsions de mouvement.<\/li>\n<li data-start=\"1197\" data-end=\"1287\"><strong data-start=\"1199\" data-end=\"1221\">Format Super 35mm :<\/strong> Offre une gamme dynamique exceptionnelle et une qualit\u00e9 d'image cin\u00e9matographique.<\/li>\n<li data-start=\"1288\" data-end=\"1406\"><strong data-start=\"1290\" data-end=\"1317\">Compatibilit\u00e9 avec les montures RF :<\/strong> Prend en charge une large s\u00e9lection d'objectifs Canon RF et d'adaptateurs pour des options d'objectifs suppl\u00e9mentaires.<\/li>\n<li data-start=\"1407\" data-end=\"1531\"><strong data-start=\"1409\" data-end=\"1438\">Enregistrement RAW et ProRes :<\/strong> Offre un enregistrement REDCODE RAW et ProRes 16 bits pour une flexibilit\u00e9 maximale en post-production.<\/li>\n<li data-start=\"1532\" data-end=\"1632\"><strong data-start=\"1534\" data-end=\"1567\">Conception compacte et l\u00e9g\u00e8re :<\/strong> Id\u00e9al pour la r\u00e9alisation de films \u00e0 la main, \u00e0 l'aide d'un cardan, d'un drone ou \u00e0 l'aide d'un pistolet.<\/li>\n<li data-start=\"1633\" data-end=\"1725\"><strong data-start=\"1635\" data-end=\"1662\">Taux d'images \u00e0 grande vitesse :<\/strong> Tire jusqu'\u00e0 <strong data-start=\"1676\" data-end=\"1723\">6K \u00e0 40 images\/seconde, 4K \u00e0 60 images\/seconde et 2K \u00e0 120 images\/seconde.<\/strong><\/li>\n<li data-start=\"1726\" data-end=\"1830\"><strong data-start=\"1728\" data-end=\"1762\">Contr\u00f4le et surveillance sans fil :<\/strong> Le Wi-Fi int\u00e9gr\u00e9 permet de commander la cam\u00e9ra \u00e0 distance via des appareils mobiles.<\/li>\n<li data-start=\"1831\" data-end=\"1933\"><strong data-start=\"1833\" data-end=\"1857\">Fente pour carte CFexpress :<\/strong> Soutien <strong data-start=\"1867\" data-end=\"1887\">m\u00e9dias \u00e0 grande vitesse<\/strong> pour une gestion efficace des flux de travail et des donn\u00e9es.<\/li>\n<li data-start=\"1934\" data-end=\"2034\"><strong data-start=\"1936\" data-end=\"1958\">Longue dur\u00e9e de vie de la batterie :<\/strong> Compatible avec <strong data-start=\"1975\" data-end=\"2004\">Batteries Canon s\u00e9rie BP<\/strong> pour une dur\u00e9e de prise de vue prolong\u00e9e.<\/li>\n<\/ul>\n<h3 data-start=\"2036\" data-end=\"2060\"><strong data-start=\"2040\" data-end=\"2058\">Sp\u00e9cifications<\/strong><\/h3>\n<ul data-start=\"2062\" data-end=\"2560\">\n<li data-start=\"2062\" data-end=\"2111\"><strong data-start=\"2064\" data-end=\"2075\">Capteur :<\/strong> Super 35 mm 6K Global Shutter CMOS<\/li>\n<li data-start=\"2112\" data-end=\"2148\"><strong data-start=\"2114\" data-end=\"2129\">R\u00e9solution :<\/strong> 6144 \u00d7 3240 (6K)<\/li>\n<li data-start=\"2149\" data-end=\"2177\"><strong data-start=\"2151\" data-end=\"2166\">Type de montage :<\/strong> Montage RF<\/li>\n<li data-start=\"2178\" data-end=\"2230\"><strong data-start=\"2180\" data-end=\"2202\">Formats d'enregistrement :<\/strong> REDCODE RAW, Apple ProRes<\/li>\n<li data-start=\"2231\" data-end=\"2287\"><strong data-start=\"2233\" data-end=\"2249\">Taux d'images :<\/strong> Jusqu'\u00e0 6K 40fps, 4K 60fps, 2K 120fps<\/li>\n<li data-start=\"2288\" data-end=\"2324\"><strong data-start=\"2290\" data-end=\"2305\">Type de support :<\/strong> CFexpress Type B<\/li>\n<li data-start=\"2325\" data-end=\"2376\"><strong data-start=\"2327\" data-end=\"2344\">Connectivit\u00e9 :<\/strong> 12G-SDI, USB-C, contr\u00f4le Wi-Fi<\/li>\n<li data-start=\"2377\" data-end=\"2447\"><strong data-start=\"2379\" data-end=\"2397\">Options d'alimentation :<\/strong> Batteries Canon BP-955\/BP-975 ou alimentation DC<\/li>\n<li data-start=\"2448\" data-end=\"2560\"><strong data-start=\"2450\" data-end=\"2467\">Applications :<\/strong> R\u00e9alisation de films cin\u00e9matographiques, de publicit\u00e9s, de clips musicaux, de sports d'action et de documentaires<\/li>\n<\/ul>\n<p data-start=\"2562\" data-end=\"2951\" data-is-last-node=\"\" data-is-only-node=\"\">Le kit de cam\u00e9ra RED KOMODO 6K (RF-Mount) est une cam\u00e9ra de cin\u00e9ma puissante et compacte qui combine une capture d'image haute r\u00e9solution, un capteur \u00e0 obturateur global et des formats d'enregistrement professionnels dans un bo\u00eetier l\u00e9ger et adaptable. Qu'elle soit utilis\u00e9e \u00e0 la main, avec un cardan ou un drone, cette cam\u00e9ra permet d'obtenir des images cin\u00e9matographiques \u00e9poustouflantes avec un niveau de d\u00e9tail et une flexibilit\u00e9 incroyables.<\/p>\n<p>Louez-le maintenant sur <a href=\"https:\/\/www.cinesouk.ma\/fr\">CINESOUK<\/a> - une marque de <a href=\"https:\/\/www.broadway.ma\/\">BROADWAY PRODUCTIONS SARL.<\/a><\/p>","protected":false},"excerpt":{"rendered":"<p><strong>Sp\u00e9cifications :<\/strong><\/p>\n<ul data-start=\"1993\" data-end=\"2489\">\n<li data-start=\"2062\" data-end=\"2111\"><strong data-start=\"2064\" data-end=\"2075\">Capteur :<\/strong> Super 35 mm 6K Global Shutter CMOS<\/li>\n<li data-start=\"2112\" data-end=\"2148\"><strong data-start=\"2114\" data-end=\"2129\">R\u00e9solution :<\/strong> 6144 \u00d7 3240 (6K)<\/li>\n<li data-start=\"2149\" data-end=\"2177\"><strong data-start=\"2151\" data-end=\"2166\">Type de montage :<\/strong> Montage RF<\/li>\n<li data-start=\"2178\" data-end=\"2230\"><strong data-start=\"2180\" data-end=\"2202\">Formats d'enregistrement :<\/strong> REDCODE RAW, Apple ProRes<\/li>\n<li data-start=\"2231\" data-end=\"2287\"><strong data-start=\"2233\" data-end=\"2249\">Taux d'images :<\/strong> Jusqu'\u00e0 6K 40fps, 4K 60fps, 2K 120fps<\/li>\n<li data-start=\"2288\" data-end=\"2324\"><strong data-start=\"2290\" data-end=\"2305\">Type de support :<\/strong> CFexpress Type B<\/li>\n<li data-start=\"2325\" data-end=\"2376\"><strong data-start=\"2327\" data-end=\"2344\">Connectivit\u00e9 :<\/strong> 12G-SDI, USB-C, contr\u00f4le Wi-Fi<\/li>\n<li data-start=\"2377\" data-end=\"2447\"><strong data-start=\"2379\" data-end=\"2397\">Options d'alimentation :<\/strong> Batteries Canon BP-955\/BP-975 ou alimentation DC<\/li>\n<li data-start=\"2448\" data-end=\"2560\"><strong data-start=\"2450\" data-end=\"2467\">Applications :<\/strong> R\u00e9alisation de films cin\u00e9matographiques, de publicit\u00e9s, de clips musicaux, de sports d'action et de documentaires<\/li>\n<\/ul>","protected":false},"featured_media":11706,"template":"","meta":{"om_disable_all_campaigns":false,"_monsterinsights_skip_tracking":false,"_monsterinsights_sitenote_active":false,"_monsterinsights_sitenote_note":"","_monsterinsights_sitenote_category":0,"_uf_show_specific_survey":0,"_uf_disable_surveys":false},"product_brand":[],"product_cat":[76,34,83],"product_tag":[],"class_list":{"0":"post-11262","1":"product","2":"type-product","3":"status-publish","4":"has-post-thumbnail","6":"product_cat-bundles-and-kits-cinesouk","7":"product_cat-camera-cinesouk","8":"product_cat-efp-eng-cinesouk","10":"entry","11":"has-media","13":"first","14":"instock","15":"taxable","16":"shipping-taxable","17":"purchasable","18":"product-type-variable","19":"has-product-nav","20":"col","21":"span_1_of_3","22":"owp-content-center","23":"owp-thumbs-layout-horizontal","24":"owp-btn-normal","25":"owp-tabs-layout-horizontal","26":"has-no-thumbnails"},"yoast_head":"<!-- This site is optimized with the Yoast SEO Premium plugin v26.0 (Yoast SEO v26.0) - https:\/\/yoast.com\/wordpress\/plugins\/seo\/ -->\n<title>Red Komodo 6K camera kit (RF-mount) - CineSouk - For rent<\/title>\n<meta name=\"description\" content=\"RED KOMODO 6K Camera Kit \u2013 Compact 6K cinema camera with a global shutter, RF-mount, and RAW recording for professional filmmaking.\" \/>\n<meta name=\"robots\" content=\"index, follow, max-snippet:-1, max-image-preview:large, max-video-preview:-1\" \/>\n<link rel=\"canonical\" href=\"https:\/\/www.cinesouk.ma\/fr\/produit\/red-komodo-6k-camera-kit-rf-mount\/\" \/>\n<meta property=\"og:locale\" content=\"fr_FR\" \/>\n<meta property=\"og:type\" content=\"article\" \/>\n<meta property=\"og:title\" content=\"Red Komodo 6K camera kit (RF-mount)\" \/>\n<meta property=\"og:description\" content=\"RED KOMODO 6K Camera Kit \u2013 Compact 6K cinema camera with a global shutter, RF-mount, and RAW recording for professional filmmaking.\" \/>\n<meta property=\"og:url\" content=\"https:\/\/www.cinesouk.ma\/fr\/produit\/red-komodo-6k-camera-kit-rf-mount\/\" \/>\n<meta property=\"og:site_name\" content=\"CineSouk\" \/>\n<meta property=\"article:modified_time\" content=\"2025-08-26T13:00:56+00:00\" \/>\n<meta property=\"og:image\" content=\"https:\/\/www.cinesouk.ma\/wp-content\/uploads\/2025\/03\/Red-Komodo-6K-camera-kit.jpg\" \/>\n\t<meta property=\"og:image:width\" content=\"300\" \/>\n\t<meta property=\"og:image:height\" content=\"238\" \/>\n\t<meta property=\"og:image:type\" content=\"image\/jpeg\" \/>\n<meta name=\"twitter:card\" content=\"summary_large_image\" \/>\n<meta name=\"twitter:description\" content=\"RED KOMODO 6K Camera Kit \u2013 Compact 6K cinema camera with a global shutter, RF-mount, and RAW recording for professional filmmaking.\" \/>\n<meta name=\"twitter:label1\" content=\"Dur\u00e9e de lecture estim\u00e9e\" \/>\n\t<meta name=\"twitter:data1\" content=\"2 minutes\" \/>\n<script type=\"application\/ld+json\" class=\"yoast-schema-graph\">{\"@context\":\"https:\/\/schema.org\",\"@graph\":[{\"@type\":\"WebPage\",\"@id\":\"https:\/\/www.cinesouk.ma\/product\/red-komodo-6k-camera-kit-rf-mount\/\",\"url\":\"https:\/\/www.cinesouk.ma\/product\/red-komodo-6k-camera-kit-rf-mount\/\",\"name\":\"Red Komodo 6K camera kit (RF-mount) - CineSouk - For rent\",\"isPartOf\":{\"@id\":\"https:\/\/www.cinesouk.ma\/#website\"},\"primaryImageOfPage\":{\"@id\":\"https:\/\/www.cinesouk.ma\/product\/red-komodo-6k-camera-kit-rf-mount\/#primaryimage\"},\"image\":{\"@id\":\"https:\/\/www.cinesouk.ma\/product\/red-komodo-6k-camera-kit-rf-mount\/#primaryimage\"},\"thumbnailUrl\":\"https:\/\/www.cinesouk.ma\/wp-content\/uploads\/2025\/03\/Red-Komodo-6K-camera-kit.jpg\",\"datePublished\":\"2025-03-12T10:52:24+00:00\",\"dateModified\":\"2025-08-26T13:00:56+00:00\",\"description\":\"RED KOMODO 6K Camera Kit \u2013 Compact 6K cinema camera with a global shutter, RF-mount, and RAW recording for professional filmmaking.\",\"breadcrumb\":{\"@id\":\"https:\/\/www.cinesouk.ma\/product\/red-komodo-6k-camera-kit-rf-mount\/#breadcrumb\"},\"inLanguage\":\"fr-FR\",\"potentialAction\":[{\"@type\":\"ReadAction\",\"target\":[\"https:\/\/www.cinesouk.ma\/product\/red-komodo-6k-camera-kit-rf-mount\/\"]}]},{\"@type\":\"ImageObject\",\"inLanguage\":\"fr-FR\",\"@id\":\"https:\/\/www.cinesouk.ma\/product\/red-komodo-6k-camera-kit-rf-mount\/#primaryimage\",\"url\":\"https:\/\/www.cinesouk.ma\/wp-content\/uploads\/2025\/03\/Red-Komodo-6K-camera-kit.jpg\",\"contentUrl\":\"https:\/\/www.cinesouk.ma\/wp-content\/uploads\/2025\/03\/Red-Komodo-6K-camera-kit.jpg\",\"width\":300,\"height\":238,\"caption\":\"Red Komodo 6K camera kit\"},{\"@type\":\"BreadcrumbList\",\"@id\":\"https:\/\/www.cinesouk.ma\/product\/red-komodo-6k-camera-kit-rf-mount\/#breadcrumb\",\"itemListElement\":[{\"@type\":\"ListItem\",\"position\":1,\"name\":\"Home\",\"item\":\"https:\/\/www.cinesouk.ma\/\"},{\"@type\":\"ListItem\",\"position\":2,\"name\":\"Shop\",\"item\":\"https:\/\/www.cinesouk.ma\/shop\/\"},{\"@type\":\"ListItem\",\"position\":3,\"name\":\"Red Komodo 6K camera kit (RF-mount)\"}]},{\"@type\":\"WebSite\",\"@id\":\"https:\/\/www.cinesouk.ma\/#website\",\"url\":\"https:\/\/www.cinesouk.ma\/\",\"name\":\"CineSouk\",\"description\":\"\",\"publisher\":{\"@id\":\"https:\/\/www.cinesouk.ma\/#organization\"},\"potentialAction\":[{\"@type\":\"SearchAction\",\"target\":{\"@type\":\"EntryPoint\",\"urlTemplate\":\"https:\/\/www.cinesouk.ma\/?s={search_term_string}\"},\"query-input\":{\"@type\":\"PropertyValueSpecification\",\"valueRequired\":true,\"valueName\":\"search_term_string\"}}],\"inLanguage\":\"fr-FR\"},{\"@type\":\"Organization\",\"@id\":\"https:\/\/www.cinesouk.ma\/#organization\",\"name\":\"CineSouk\",\"url\":\"https:\/\/www.cinesouk.ma\/\",\"logo\":{\"@type\":\"ImageObject\",\"inLanguage\":\"fr-FR\",\"@id\":\"https:\/\/www.cinesouk.ma\/#\/schema\/logo\/image\/\",\"url\":\"https:\/\/www.cinesouk.ma\/wp-content\/uploads\/2024\/01\/CineSouk-logo-v01-alpha-alligned-left.png\",\"contentUrl\":\"https:\/\/www.cinesouk.ma\/wp-content\/uploads\/2024\/01\/CineSouk-logo-v01-alpha-alligned-left.png\",\"width\":3204,\"height\":889,\"caption\":\"CineSouk\"},\"image\":{\"@id\":\"https:\/\/www.cinesouk.ma\/#\/schema\/logo\/image\/\"}}]}<\/script>\n<!-- \/ Yoast SEO Premium plugin. -->","yoast_head_json":{"title":"Red Komodo 6K camera kit (RF-mount) - CineSouk - For rent","description":"RED KOMODO 6K Camera Kit \u2013 Compact 6K cinema camera with a global shutter, RF-mount, and RAW recording for professional filmmaking.","robots":{"index":"index","follow":"follow","max-snippet":"max-snippet:-1","max-image-preview":"max-image-preview:large","max-video-preview":"max-video-preview:-1"},"canonical":"https:\/\/www.cinesouk.ma\/fr\/produit\/red-komodo-6k-camera-kit-rf-mount\/","og_locale":"fr_FR","og_type":"article","og_title":"Red Komodo 6K camera kit (RF-mount)","og_description":"RED KOMODO 6K Camera Kit \u2013 Compact 6K cinema camera with a global shutter, RF-mount, and RAW recording for professional filmmaking.","og_url":"https:\/\/www.cinesouk.ma\/fr\/produit\/red-komodo-6k-camera-kit-rf-mount\/","og_site_name":"CineSouk","article_modified_time":"2025-08-26T13:00:56+00:00","og_image":[{"width":300,"height":238,"url":"https:\/\/www.cinesouk.ma\/wp-content\/uploads\/2025\/03\/Red-Komodo-6K-camera-kit.jpg","type":"image\/jpeg"}],"twitter_card":"summary_large_image","twitter_description":"RED KOMODO 6K Camera Kit \u2013 Compact 6K cinema camera with a global shutter, RF-mount, and RAW recording for professional filmmaking.","twitter_misc":{"Dur\u00e9e de lecture estim\u00e9e":"2 minutes"},"schema":{"@context":"https:\/\/schema.org","@graph":[{"@type":"WebPage","@id":"https:\/\/www.cinesouk.ma\/product\/red-komodo-6k-camera-kit-rf-mount\/","url":"https:\/\/www.cinesouk.ma\/product\/red-komodo-6k-camera-kit-rf-mount\/","name":"Red Komodo 6K camera kit (RF-mount) - CineSouk - For rent","isPartOf":{"@id":"https:\/\/www.cinesouk.ma\/#website"},"primaryImageOfPage":{"@id":"https:\/\/www.cinesouk.ma\/product\/red-komodo-6k-camera-kit-rf-mount\/#primaryimage"},"image":{"@id":"https:\/\/www.cinesouk.ma\/product\/red-komodo-6k-camera-kit-rf-mount\/#primaryimage"},"thumbnailUrl":"https:\/\/www.cinesouk.ma\/wp-content\/uploads\/2025\/03\/Red-Komodo-6K-camera-kit.jpg","datePublished":"2025-03-12T10:52:24+00:00","dateModified":"2025-08-26T13:00:56+00:00","description":"RED KOMODO 6K Camera Kit \u2013 Compact 6K cinema camera with a global shutter, RF-mount, and RAW recording for professional filmmaking.","breadcrumb":{"@id":"https:\/\/www.cinesouk.ma\/product\/red-komodo-6k-camera-kit-rf-mount\/#breadcrumb"},"inLanguage":"fr-FR","potentialAction":[{"@type":"ReadAction","target":["https:\/\/www.cinesouk.ma\/product\/red-komodo-6k-camera-kit-rf-mount\/"]}]},{"@type":"ImageObject","inLanguage":"fr-FR","@id":"https:\/\/www.cinesouk.ma\/product\/red-komodo-6k-camera-kit-rf-mount\/#primaryimage","url":"https:\/\/www.cinesouk.ma\/wp-content\/uploads\/2025\/03\/Red-Komodo-6K-camera-kit.jpg","contentUrl":"https:\/\/www.cinesouk.ma\/wp-content\/uploads\/2025\/03\/Red-Komodo-6K-camera-kit.jpg","width":300,"height":238,"caption":"Red Komodo 6K camera kit"},{"@type":"BreadcrumbList","@id":"https:\/\/www.cinesouk.ma\/product\/red-komodo-6k-camera-kit-rf-mount\/#breadcrumb","itemListElement":[{"@type":"ListItem","position":1,"name":"Home","item":"https:\/\/www.cinesouk.ma\/"},{"@type":"ListItem","position":2,"name":"Shop","item":"https:\/\/www.cinesouk.ma\/shop\/"},{"@type":"ListItem","position":3,"name":"Red Komodo 6K camera kit (RF-mount)"}]},{"@type":"WebSite","@id":"https:\/\/www.cinesouk.ma\/#website","url":"https:\/\/www.cinesouk.ma\/","name":"CineSouk","description":"","publisher":{"@id":"https:\/\/www.cinesouk.ma\/#organization"},"potentialAction":[{"@type":"SearchAction","target":{"@type":"EntryPoint","urlTemplate":"https:\/\/www.cinesouk.ma\/?s={search_term_string}"},"query-input":{"@type":"PropertyValueSpecification","valueRequired":true,"valueName":"search_term_string"}}],"inLanguage":"fr-FR"},{"@type":"Organization","@id":"https:\/\/www.cinesouk.ma\/#organization","name":"CineSouk","url":"https:\/\/www.cinesouk.ma\/","logo":{"@type":"ImageObject","inLanguage":"fr-FR","@id":"https:\/\/www.cinesouk.ma\/#\/schema\/logo\/image\/","url":"https:\/\/www.cinesouk.ma\/wp-content\/uploads\/2024\/01\/CineSouk-logo-v01-alpha-alligned-left.png","contentUrl":"https:\/\/www.cinesouk.ma\/wp-content\/uploads\/2024\/01\/CineSouk-logo-v01-alpha-alligned-left.png","width":3204,"height":889,"caption":"CineSouk"},"image":{"@id":"https:\/\/www.cinesouk.ma\/#\/schema\/logo\/image\/"}}]}},"_links":{"self":[{"href":"https:\/\/www.cinesouk.ma\/fr\/wp-json\/wp\/v2\/product\/11262","targetHints":{"allow":["GET"]}}],"collection":[{"href":"https:\/\/www.cinesouk.ma\/fr\/wp-json\/wp\/v2\/product"}],"about":[{"href":"https:\/\/www.cinesouk.ma\/fr\/wp-json\/wp\/v2\/types\/product"}],"wp:featuredmedia":[{"embeddable":true,"href":"https:\/\/www.cinesouk.ma\/fr\/wp-json\/wp\/v2\/media\/11706"}],"wp:attachment":[{"href":"https:\/\/www.cinesouk.ma\/fr\/wp-json\/wp\/v2\/media?parent=11262"}],"wp:term":[{"taxonomy":"product_brand","embeddable":true,"href":"https:\/\/www.cinesouk.ma\/fr\/wp-json\/wp\/v2\/product_brand?post=11262"},{"taxonomy":"product_cat","embeddable":true,"href":"https:\/\/www.cinesouk.ma\/fr\/wp-json\/wp\/v2\/product_cat?post=11262"},{"taxonomy":"product_tag","embeddable":true,"href":"https:\/\/www.cinesouk.ma\/fr\/wp-json\/wp\/v2\/product_tag?post=11262"}],"curies":[{"name":"wp","href":"https:\/\/api.w.org\/{rel}","templated":true}]}}