{"id":11299,"date":"2025-03-14T09:24:49","date_gmt":"2025-03-14T09:24:49","guid":{"rendered":"https:\/\/www.cinesouk.ma\/?post_type=product&#038;p=11299"},"modified":"2026-02-10T13:33:10","modified_gmt":"2026-02-10T13:33:10","slug":"profoto-a10-canon-air-ttl-c","status":"publish","type":"product","link":"https:\/\/www.cinesouk.ma\/fr\/produit\/profoto-a10-canon-air-ttl-c\/","title":{"rendered":"Profoto A10 Canon Air TTL-C"},"content":{"rendered":"<div class=\"flex max-w-full flex-col flex-grow\">\n<div class=\"min-h-8 text-message flex w-full flex-col items-end gap-2 whitespace-normal break-words [.text-message+&amp;]:mt-5\" dir=\"auto\" data-message-author-role=\"assistant\" data-message-id=\"f1154e84-2f7a-42d9-8d32-b455d85ea464\" data-client-thread-id=\"WEB:ba394381-18d7-455e-b7d1-d8500d4267dc\" data-message-model-slug=\"gpt-4o\">\n<div class=\"flex w-full flex-col gap-1 empty:hidden first:pt-[3px]\">\n<div class=\"markdown prose w-full break-words dark:prose-invert light\">\n<p data-start=\"38\" data-end=\"431\">Le Profoto A10 Canon AirTTL-C est un flash sur appareil photo haute performance con\u00e7u pour fournir un \u00e9clairage doux et naturel avec de puissantes capacit\u00e9s sans fil. Gr\u00e2ce \u00e0 ses technologies avanc\u00e9es AirTTL et High-Speed Sync (HSS), il assure des r\u00e9glages automatiques de l'exposition et une synchronisation transparente du flash, ce qui en fait un outil essentiel pour les photographes professionnels.<\/p>\n<p data-start=\"433\" data-end=\"838\">Optimis\u00e9 pour les appareils photo Canon, l'A10 offre des temps de recyclage rapides et une batterie rechargeable longue dur\u00e9e, garantissant des performances constantes lors de prises de vue prolong\u00e9es. En outre, sa technologie Bluetooth AirX int\u00e9gr\u00e9e permet de contr\u00f4ler le flash sans fil et d'effectuer des mises \u00e0 jour du micrologiciel via des appareils mobiles. Les photographes peuvent ainsi ajuster leur \u00e9clairage rapidement et efficacement.<\/p>\n<p data-start=\"840\" data-end=\"1110\">Gr\u00e2ce \u00e0 sa conception compacte et l\u00e9g\u00e8re, le Profoto A10 est id\u00e9al pour une utilisation \u00e0 la fois sur l'appareil photo et hors de l'appareil photo. De plus, sa t\u00eate de flash ronde cr\u00e9e une chute douce et naturelle, offrant un look magnifique qui s'int\u00e8gre parfaitement \u00e0 la lumi\u00e8re ambiante.<\/p>\n<h3 data-start=\"1112\" data-end=\"1134\"><strong data-start=\"1116\" data-end=\"1132\">Caract\u00e9ristiques principales<\/strong><\/h3>\n<ul data-start=\"1136\" data-end=\"2162\">\n<li data-start=\"1136\" data-end=\"1272\"><strong data-start=\"1138\" data-end=\"1169\">Compatibilit\u00e9 Canon AirTTL :<\/strong> Enti\u00e8rement compatible avec <strong data-start=\"1185\" data-end=\"1202\">Appareils photo Canon<\/strong>, ce qui permet de <strong data-start=\"1217\" data-end=\"1241\">int\u00e9gration transparente<\/strong> avec les syst\u00e8mes Profoto AirTTL.<\/li>\n<li data-start=\"1273\" data-end=\"1378\"><strong data-start=\"1275\" data-end=\"1307\">AirX Connectivit\u00e9 Bluetooth :<\/strong> Active <strong data-start=\"1316\" data-end=\"1355\">t\u00e9l\u00e9commande et mises \u00e0 jour du micrologiciel<\/strong> via l'application Profoto.<\/li>\n<li data-start=\"1379\" data-end=\"1523\"><strong data-start=\"1381\" data-end=\"1407\">Synchronisation haute vitesse (HSS) :<\/strong> Permet <strong data-start=\"1415\" data-end=\"1463\">synchronisation du flash \u00e0 des vitesses d'obturation rapides<\/strong>, en veillant \u00e0 ce que <strong data-start=\"1474\" data-end=\"1520\">exposition parfaite m\u00eame en cas de forte luminosit\u00e9<\/strong>.<\/li>\n<li data-start=\"1524\" data-end=\"1630\"><strong data-start=\"1526\" data-end=\"1547\">T\u00eate de flash ronde :<\/strong> Cr\u00e9e <strong data-start=\"1556\" data-end=\"1579\">lumi\u00e8re douce et naturelle<\/strong> avec <strong data-start=\"1585\" data-end=\"1627\">une chute douce pour un aspect professionnel<\/strong>.<\/li>\n<li data-start=\"1631\" data-end=\"1737\"><strong data-start=\"1633\" data-end=\"1657\">Temps de recyclage rapide :<\/strong> <strong data-start=\"1658\" data-end=\"1685\">Temps de recyclage de 1,0 seconde<\/strong> \u00e0 pleine puissance pendant <strong data-start=\"1704\" data-end=\"1734\">tir rapide et r\u00e9gulier<\/strong>.<\/li>\n<li data-start=\"1738\" data-end=\"1893\"><strong data-start=\"1740\" data-end=\"1772\">Batterie rechargeable Li-Ion :<\/strong> Fournit <strong data-start=\"1782\" data-end=\"1825\">jusqu'\u00e0 450 \u00e9clairs \u00e0 pleine puissance par charge<\/strong>, ce qui permet de <strong data-start=\"1840\" data-end=\"1890\">des s\u00e9ances de prise de vue plus longues sans interruption<\/strong>.<\/li>\n<li data-start=\"1894\" data-end=\"2050\"><strong data-start=\"1896\" data-end=\"1917\">Contr\u00f4le sans fil :<\/strong> Int\u00e9gr\u00e9 <strong data-start=\"1927\" data-end=\"1958\">Syst\u00e8me radio Profoto AirTTL<\/strong> permet <strong data-start=\"1967\" data-end=\"1998\">d\u00e9clenchement du flash hors appareil photo<\/strong>L'\u00e9clairage de l'int\u00e9rieur, l'ajustement de l'\u00e9clairage <strong data-start=\"2028\" data-end=\"2047\">plus pratique<\/strong>.<\/li>\n<li data-start=\"2051\" data-end=\"2162\"><strong data-start=\"2053\" data-end=\"2076\">Compact et portable :<\/strong> Con\u00e7u pour <strong data-start=\"2090\" data-end=\"2108\">transport facile<\/strong>, ce qui en fait <strong data-start=\"2120\" data-end=\"2159\">parfait pour la photographie sur place<\/strong>.<\/li>\n<\/ul>\n<h3 data-start=\"2164\" data-end=\"2188\"><strong data-start=\"2168\" data-end=\"2186\">Sp\u00e9cifications<\/strong><\/h3>\n<ul data-start=\"2190\" data-end=\"2619\">\n<li data-start=\"2190\" data-end=\"2232\"><strong data-start=\"2192\" data-end=\"2217\">Compatibilit\u00e9 avec les appareils photo :<\/strong> Canon AirTTL<\/li>\n<li data-start=\"2233\" data-end=\"2295\"><strong data-start=\"2235\" data-end=\"2250\">T\u00eate de flash :<\/strong> Rond avec la qualit\u00e9 de lumi\u00e8re Profoto<\/li>\n<li data-start=\"2296\" data-end=\"2328\"><strong data-start=\"2298\" data-end=\"2315\">Puissance de sortie :<\/strong> Jusqu'\u00e0 76Ws<\/li>\n<li data-start=\"2329\" data-end=\"2371\"><strong data-start=\"2331\" data-end=\"2350\">Temps de recyclage :<\/strong> 0,05 - 1,0 seconde<\/li>\n<li data-start=\"2372\" data-end=\"2437\"><strong data-start=\"2374\" data-end=\"2391\">Autonomie de la batterie :<\/strong> Jusqu'\u00e0 450 \u00e9clairs \u00e0 pleine puissance par charge<\/li>\n<li data-start=\"2438\" data-end=\"2492\"><strong data-start=\"2440\" data-end=\"2466\">Connectivit\u00e9 sans fil :<\/strong> AirTTL &amp; AirX Bluetooth<\/li>\n<li data-start=\"2493\" data-end=\"2546\"><strong data-start=\"2495\" data-end=\"2516\">Options de montage :<\/strong> Utilisation avec ou sans cam\u00e9ra<\/li>\n<li data-start=\"2547\" data-end=\"2619\"><strong data-start=\"2549\" data-end=\"2566\">Applications :<\/strong> Photographie de portrait, de mariage, d'\u00e9v\u00e9nement et de lieu<\/li>\n<\/ul>\n<p data-start=\"2621\" data-end=\"3048\">Le Profoto A10 Canon AirTTL-C est un flash polyvalent et fiable qui offre une connectivit\u00e9 transparente, des performances rapides et une qualit\u00e9 de lumi\u00e8re exceptionnelle. Gr\u00e2ce \u00e0 son int\u00e9gration AirTTL, HSS et Bluetooth, il offre commodit\u00e9 et flexibilit\u00e9 cr\u00e9ative aux photographes professionnels. Que ce soit en studio ou en ext\u00e9rieur, l'A10 garantit un \u00e9clairage constant et de haute qualit\u00e9 \u00e0 chaque fois.<\/p>\n<p>Louez-le maintenant sur <a href=\"https:\/\/www.cinesouk.ma\/fr\">CINESOUK<\/a> - une marque de <a href=\"https:\/\/www.broadway.ma\/\">BROADWAY PRODUCTIONS SARL.<\/a><\/p>\n<\/div>\n<\/div>\n<\/div>\n<\/div>","protected":false},"excerpt":{"rendered":"<p><strong>Sp\u00e9cifications :<\/strong><\/p>\n<ul>\n<li data-start=\"2190\" data-end=\"2232\"><strong data-start=\"2192\" data-end=\"2217\">Compatibilit\u00e9 avec les appareils photo :<\/strong> Canon AirTTL<\/li>\n<li data-start=\"2233\" data-end=\"2295\"><strong data-start=\"2235\" data-end=\"2250\">T\u00eate de flash :<\/strong> Rond avec la qualit\u00e9 de lumi\u00e8re Profoto<\/li>\n<li data-start=\"2296\" data-end=\"2328\"><strong data-start=\"2298\" data-end=\"2315\">Puissance de sortie :<\/strong> Jusqu'\u00e0 76Ws<\/li>\n<li data-start=\"2329\" data-end=\"2371\"><strong data-start=\"2331\" data-end=\"2350\">Temps de recyclage :<\/strong> 0,05 - 1,0 seconde<\/li>\n<li data-start=\"2372\" data-end=\"2437\"><strong data-start=\"2374\" data-end=\"2391\">Autonomie de la batterie :<\/strong> Jusqu'\u00e0 450 \u00e9clairs \u00e0 pleine puissance par charge<\/li>\n<li data-start=\"2438\" data-end=\"2492\"><strong data-start=\"2440\" data-end=\"2466\">Connectivit\u00e9 sans fil :<\/strong> AirTTL &amp; AirX Bluetooth<\/li>\n<li data-start=\"2493\" data-end=\"2546\"><strong data-start=\"2495\" data-end=\"2516\">Options de montage :<\/strong> Utilisation avec ou sans cam\u00e9ra<\/li>\n<li data-start=\"2547\" data-end=\"2619\"><strong data-start=\"2549\" data-end=\"2566\">Applications :<\/strong> Photographie de portrait, de mariage, d'\u00e9v\u00e9nement et de lieu<\/li>\n<\/ul>","protected":false},"featured_media":11310,"template":"","meta":{"om_disable_all_campaigns":false,"_monsterinsights_skip_tracking":false,"_monsterinsights_sitenote_active":false,"_monsterinsights_sitenote_note":"","_monsterinsights_sitenote_category":0,"_uf_show_specific_survey":0,"_uf_disable_surveys":false},"product_brand":[],"product_cat":[135,37,79],"product_tag":[],"class_list":{"0":"post-11299","1":"product","2":"type-product","3":"status-publish","4":"has-post-thumbnail","6":"product_cat-photography-eventsouk","7":"product_cat-accessories-cinesouk","8":"product_cat-photography-cinesouk","10":"entry","11":"has-media","13":"first","14":"instock","15":"taxable","16":"shipping-taxable","17":"purchasable","18":"product-type-variable","19":"has-product-nav","20":"col","21":"span_1_of_3","22":"owp-content-center","23":"owp-thumbs-layout-horizontal","24":"owp-btn-normal","25":"owp-tabs-layout-horizontal","26":"has-no-thumbnails"},"yoast_head":"<!-- This site is optimized with the Yoast SEO Premium plugin v26.0 (Yoast SEO v26.0) - https:\/\/yoast.com\/wordpress\/plugins\/seo\/ -->\n<title>Profoto A10 Canon Air TTL-C - CineSouk - For rent<\/title>\n<meta name=\"description\" content=\"Profoto A10 Canon AirTTL-C \u2013 Professional on-camera flash with AirTTL, HSS, Bluetooth connectivity, and a round head for soft, natural light.\" \/>\n<meta name=\"robots\" content=\"index, follow, max-snippet:-1, max-image-preview:large, max-video-preview:-1\" \/>\n<link rel=\"canonical\" href=\"https:\/\/www.cinesouk.ma\/fr\/produit\/profoto-a10-canon-air-ttl-c\/\" \/>\n<meta property=\"og:locale\" content=\"fr_FR\" \/>\n<meta property=\"og:type\" content=\"article\" \/>\n<meta property=\"og:title\" content=\"Profoto A10 Canon Air TTL-C\" \/>\n<meta property=\"og:description\" content=\"Profoto A10 Canon AirTTL-C \u2013 Professional on-camera flash with AirTTL, HSS, Bluetooth connectivity, and a round head for soft, natural light.\" \/>\n<meta property=\"og:url\" content=\"https:\/\/www.cinesouk.ma\/fr\/produit\/profoto-a10-canon-air-ttl-c\/\" \/>\n<meta property=\"og:site_name\" content=\"CineSouk\" \/>\n<meta property=\"article:modified_time\" content=\"2026-02-10T13:33:10+00:00\" \/>\n<meta property=\"og:image\" content=\"https:\/\/www.cinesouk.ma\/wp-content\/uploads\/2025\/03\/Profoto-A10-Canon-Air-TTL-C.jpg\" \/>\n\t<meta property=\"og:image:width\" content=\"300\" \/>\n\t<meta property=\"og:image:height\" content=\"238\" \/>\n\t<meta property=\"og:image:type\" content=\"image\/jpeg\" \/>\n<meta name=\"twitter:card\" content=\"summary_large_image\" \/>\n<meta name=\"twitter:description\" content=\"Profoto A10 Canon AirTTL-C \u2013 Professional on-camera flash with AirTTL, HSS, Bluetooth connectivity, and a round head for soft, natural light.\" \/>\n<meta name=\"twitter:label1\" content=\"Dur\u00e9e de lecture estim\u00e9e\" \/>\n\t<meta name=\"twitter:data1\" content=\"2 minutes\" \/>\n<script type=\"application\/ld+json\" class=\"yoast-schema-graph\">{\"@context\":\"https:\/\/schema.org\",\"@graph\":[{\"@type\":\"WebPage\",\"@id\":\"https:\/\/www.cinesouk.ma\/product\/profoto-a10-canon-air-ttl-c\/\",\"url\":\"https:\/\/www.cinesouk.ma\/product\/profoto-a10-canon-air-ttl-c\/\",\"name\":\"Profoto A10 Canon Air TTL-C - CineSouk - For rent\",\"isPartOf\":{\"@id\":\"https:\/\/www.cinesouk.ma\/#website\"},\"primaryImageOfPage\":{\"@id\":\"https:\/\/www.cinesouk.ma\/product\/profoto-a10-canon-air-ttl-c\/#primaryimage\"},\"image\":{\"@id\":\"https:\/\/www.cinesouk.ma\/product\/profoto-a10-canon-air-ttl-c\/#primaryimage\"},\"thumbnailUrl\":\"https:\/\/www.cinesouk.ma\/wp-content\/uploads\/2025\/03\/Profoto-A10-Canon-Air-TTL-C.jpg\",\"datePublished\":\"2025-03-14T09:24:49+00:00\",\"dateModified\":\"2026-02-10T13:33:10+00:00\",\"description\":\"Profoto A10 Canon AirTTL-C \u2013 Professional on-camera flash with AirTTL, HSS, Bluetooth connectivity, and a round head for soft, natural light.\",\"breadcrumb\":{\"@id\":\"https:\/\/www.cinesouk.ma\/product\/profoto-a10-canon-air-ttl-c\/#breadcrumb\"},\"inLanguage\":\"fr-FR\",\"potentialAction\":[{\"@type\":\"ReadAction\",\"target\":[\"https:\/\/www.cinesouk.ma\/product\/profoto-a10-canon-air-ttl-c\/\"]}]},{\"@type\":\"ImageObject\",\"inLanguage\":\"fr-FR\",\"@id\":\"https:\/\/www.cinesouk.ma\/product\/profoto-a10-canon-air-ttl-c\/#primaryimage\",\"url\":\"https:\/\/www.cinesouk.ma\/wp-content\/uploads\/2025\/03\/Profoto-A10-Canon-Air-TTL-C.jpg\",\"contentUrl\":\"https:\/\/www.cinesouk.ma\/wp-content\/uploads\/2025\/03\/Profoto-A10-Canon-Air-TTL-C.jpg\",\"width\":300,\"height\":238,\"caption\":\"Profoto A10 Canon Air TTL-C\"},{\"@type\":\"BreadcrumbList\",\"@id\":\"https:\/\/www.cinesouk.ma\/product\/profoto-a10-canon-air-ttl-c\/#breadcrumb\",\"itemListElement\":[{\"@type\":\"ListItem\",\"position\":1,\"name\":\"Home\",\"item\":\"https:\/\/www.cinesouk.ma\/\"},{\"@type\":\"ListItem\",\"position\":2,\"name\":\"Shop\",\"item\":\"https:\/\/www.cinesouk.ma\/shop\/\"},{\"@type\":\"ListItem\",\"position\":3,\"name\":\"Profoto A10 Canon Air TTL-C\"}]},{\"@type\":\"WebSite\",\"@id\":\"https:\/\/www.cinesouk.ma\/#website\",\"url\":\"https:\/\/www.cinesouk.ma\/\",\"name\":\"CineSouk\",\"description\":\"\",\"publisher\":{\"@id\":\"https:\/\/www.cinesouk.ma\/#organization\"},\"potentialAction\":[{\"@type\":\"SearchAction\",\"target\":{\"@type\":\"EntryPoint\",\"urlTemplate\":\"https:\/\/www.cinesouk.ma\/?s={search_term_string}\"},\"query-input\":{\"@type\":\"PropertyValueSpecification\",\"valueRequired\":true,\"valueName\":\"search_term_string\"}}],\"inLanguage\":\"fr-FR\"},{\"@type\":\"Organization\",\"@id\":\"https:\/\/www.cinesouk.ma\/#organization\",\"name\":\"CineSouk\",\"url\":\"https:\/\/www.cinesouk.ma\/\",\"logo\":{\"@type\":\"ImageObject\",\"inLanguage\":\"fr-FR\",\"@id\":\"https:\/\/www.cinesouk.ma\/#\/schema\/logo\/image\/\",\"url\":\"https:\/\/www.cinesouk.ma\/wp-content\/uploads\/2024\/01\/CineSouk-logo-v01-alpha-alligned-left.png\",\"contentUrl\":\"https:\/\/www.cinesouk.ma\/wp-content\/uploads\/2024\/01\/CineSouk-logo-v01-alpha-alligned-left.png\",\"width\":3204,\"height\":889,\"caption\":\"CineSouk\"},\"image\":{\"@id\":\"https:\/\/www.cinesouk.ma\/#\/schema\/logo\/image\/\"}}]}<\/script>\n<!-- \/ Yoast SEO Premium plugin. -->","yoast_head_json":{"title":"Profoto A10 Canon Air TTL-C - CineSouk - For rent","description":"Profoto A10 Canon AirTTL-C \u2013 Professional on-camera flash with AirTTL, HSS, Bluetooth connectivity, and a round head for soft, natural light.","robots":{"index":"index","follow":"follow","max-snippet":"max-snippet:-1","max-image-preview":"max-image-preview:large","max-video-preview":"max-video-preview:-1"},"canonical":"https:\/\/www.cinesouk.ma\/fr\/produit\/profoto-a10-canon-air-ttl-c\/","og_locale":"fr_FR","og_type":"article","og_title":"Profoto A10 Canon Air TTL-C","og_description":"Profoto A10 Canon AirTTL-C \u2013 Professional on-camera flash with AirTTL, HSS, Bluetooth connectivity, and a round head for soft, natural light.","og_url":"https:\/\/www.cinesouk.ma\/fr\/produit\/profoto-a10-canon-air-ttl-c\/","og_site_name":"CineSouk","article_modified_time":"2026-02-10T13:33:10+00:00","og_image":[{"width":300,"height":238,"url":"https:\/\/www.cinesouk.ma\/wp-content\/uploads\/2025\/03\/Profoto-A10-Canon-Air-TTL-C.jpg","type":"image\/jpeg"}],"twitter_card":"summary_large_image","twitter_description":"Profoto A10 Canon AirTTL-C \u2013 Professional on-camera flash with AirTTL, HSS, Bluetooth connectivity, and a round head for soft, natural light.","twitter_misc":{"Dur\u00e9e de lecture estim\u00e9e":"2 minutes"},"schema":{"@context":"https:\/\/schema.org","@graph":[{"@type":"WebPage","@id":"https:\/\/www.cinesouk.ma\/product\/profoto-a10-canon-air-ttl-c\/","url":"https:\/\/www.cinesouk.ma\/product\/profoto-a10-canon-air-ttl-c\/","name":"Profoto A10 Canon Air TTL-C - CineSouk - For rent","isPartOf":{"@id":"https:\/\/www.cinesouk.ma\/#website"},"primaryImageOfPage":{"@id":"https:\/\/www.cinesouk.ma\/product\/profoto-a10-canon-air-ttl-c\/#primaryimage"},"image":{"@id":"https:\/\/www.cinesouk.ma\/product\/profoto-a10-canon-air-ttl-c\/#primaryimage"},"thumbnailUrl":"https:\/\/www.cinesouk.ma\/wp-content\/uploads\/2025\/03\/Profoto-A10-Canon-Air-TTL-C.jpg","datePublished":"2025-03-14T09:24:49+00:00","dateModified":"2026-02-10T13:33:10+00:00","description":"Profoto A10 Canon AirTTL-C \u2013 Professional on-camera flash with AirTTL, HSS, Bluetooth connectivity, and a round head for soft, natural light.","breadcrumb":{"@id":"https:\/\/www.cinesouk.ma\/product\/profoto-a10-canon-air-ttl-c\/#breadcrumb"},"inLanguage":"fr-FR","potentialAction":[{"@type":"ReadAction","target":["https:\/\/www.cinesouk.ma\/product\/profoto-a10-canon-air-ttl-c\/"]}]},{"@type":"ImageObject","inLanguage":"fr-FR","@id":"https:\/\/www.cinesouk.ma\/product\/profoto-a10-canon-air-ttl-c\/#primaryimage","url":"https:\/\/www.cinesouk.ma\/wp-content\/uploads\/2025\/03\/Profoto-A10-Canon-Air-TTL-C.jpg","contentUrl":"https:\/\/www.cinesouk.ma\/wp-content\/uploads\/2025\/03\/Profoto-A10-Canon-Air-TTL-C.jpg","width":300,"height":238,"caption":"Profoto A10 Canon Air TTL-C"},{"@type":"BreadcrumbList","@id":"https:\/\/www.cinesouk.ma\/product\/profoto-a10-canon-air-ttl-c\/#breadcrumb","itemListElement":[{"@type":"ListItem","position":1,"name":"Home","item":"https:\/\/www.cinesouk.ma\/"},{"@type":"ListItem","position":2,"name":"Shop","item":"https:\/\/www.cinesouk.ma\/shop\/"},{"@type":"ListItem","position":3,"name":"Profoto A10 Canon Air TTL-C"}]},{"@type":"WebSite","@id":"https:\/\/www.cinesouk.ma\/#website","url":"https:\/\/www.cinesouk.ma\/","name":"CineSouk","description":"","publisher":{"@id":"https:\/\/www.cinesouk.ma\/#organization"},"potentialAction":[{"@type":"SearchAction","target":{"@type":"EntryPoint","urlTemplate":"https:\/\/www.cinesouk.ma\/?s={search_term_string}"},"query-input":{"@type":"PropertyValueSpecification","valueRequired":true,"valueName":"search_term_string"}}],"inLanguage":"fr-FR"},{"@type":"Organization","@id":"https:\/\/www.cinesouk.ma\/#organization","name":"CineSouk","url":"https:\/\/www.cinesouk.ma\/","logo":{"@type":"ImageObject","inLanguage":"fr-FR","@id":"https:\/\/www.cinesouk.ma\/#\/schema\/logo\/image\/","url":"https:\/\/www.cinesouk.ma\/wp-content\/uploads\/2024\/01\/CineSouk-logo-v01-alpha-alligned-left.png","contentUrl":"https:\/\/www.cinesouk.ma\/wp-content\/uploads\/2024\/01\/CineSouk-logo-v01-alpha-alligned-left.png","width":3204,"height":889,"caption":"CineSouk"},"image":{"@id":"https:\/\/www.cinesouk.ma\/#\/schema\/logo\/image\/"}}]}},"_links":{"self":[{"href":"https:\/\/www.cinesouk.ma\/fr\/wp-json\/wp\/v2\/product\/11299","targetHints":{"allow":["GET"]}}],"collection":[{"href":"https:\/\/www.cinesouk.ma\/fr\/wp-json\/wp\/v2\/product"}],"about":[{"href":"https:\/\/www.cinesouk.ma\/fr\/wp-json\/wp\/v2\/types\/product"}],"wp:featuredmedia":[{"embeddable":true,"href":"https:\/\/www.cinesouk.ma\/fr\/wp-json\/wp\/v2\/media\/11310"}],"wp:attachment":[{"href":"https:\/\/www.cinesouk.ma\/fr\/wp-json\/wp\/v2\/media?parent=11299"}],"wp:term":[{"taxonomy":"product_brand","embeddable":true,"href":"https:\/\/www.cinesouk.ma\/fr\/wp-json\/wp\/v2\/product_brand?post=11299"},{"taxonomy":"product_cat","embeddable":true,"href":"https:\/\/www.cinesouk.ma\/fr\/wp-json\/wp\/v2\/product_cat?post=11299"},{"taxonomy":"product_tag","embeddable":true,"href":"https:\/\/www.cinesouk.ma\/fr\/wp-json\/wp\/v2\/product_tag?post=11299"}],"curies":[{"name":"wp","href":"https:\/\/api.w.org\/{rel}","templated":true}]}}