{"id":11311,"date":"2025-03-14T09:34:06","date_gmt":"2025-03-14T09:34:06","guid":{"rendered":"https:\/\/www.cinesouk.ma\/?post_type=product&#038;p=11311"},"modified":"2026-01-24T14:21:24","modified_gmt":"2026-01-24T14:21:24","slug":"aja-ki-pro-ultra-plus","status":"publish","type":"product","link":"https:\/\/www.cinesouk.ma\/fr\/produit\/aja-ki-pro-ultra-plus\/","title":{"rendered":"AJA Ki Pro Ultra Plus"},"content":{"rendered":"<p data-start=\"33\" data-end=\"331\">L'AJA Ki Pro Ultra Plus est un enregistreur et lecteur professionnel 4K\/Ultra HD\/HD con\u00e7u pour la capture et la lecture de vid\u00e9os de haute qualit\u00e9. En raison de ses capacit\u00e9s d'enregistrement avanc\u00e9es et de sa construction durable, il est id\u00e9al pour la production en direct, la diffusion et les flux de travail de post-production.<\/p>\n<p data-start=\"333\" data-end=\"755\">Gr\u00e2ce \u00e0 la prise en charge des codecs Apple ProRes et Avid DNxHR\/DNxHD, le Ki Pro Ultra Plus offre un enregistrement de haute qualit\u00e9 avec une gestion efficace des fichiers. En outre, il permet l'enregistrement HD multicanal, ce qui en fait une solution polyvalente pour les productions complexes. De plus, son interface intuitive et son \u00e9cran de contr\u00f4le int\u00e9gr\u00e9 permettent aux utilisateurs de revoir et de g\u00e9rer facilement les s\u00e9quences en temps r\u00e9el.<\/p>\n<p data-start=\"757\" data-end=\"1084\">Comme il prend en charge l'enregistrement 4K\/Ultra HD jusqu'\u00e0 60p, il garantit des s\u00e9quences haute r\u00e9solution fluides pour les applications de diffusion et de cin\u00e9ma. En outre, ses options de connectivit\u00e9 compl\u00e8tes, notamment les entr\u00e9es 3G-SDI, HDMI et audio XLR, le rendent compatible avec un large \u00e9ventail de configurations de production.<\/p>\n<h3 data-start=\"1086\" data-end=\"1108\"><strong data-start=\"1090\" data-end=\"1106\">Caract\u00e9ristiques principales<\/strong><\/h3>\n<ul data-start=\"1110\" data-end=\"2003\">\n<li data-start=\"1110\" data-end=\"1236\"><strong data-start=\"1112\" data-end=\"1139\">Enregistrement multiformat :<\/strong> Soutien <strong data-start=\"1149\" data-end=\"1183\">Enregistrement 4K, Ultra HD et HD<\/strong> \u00e0 <strong data-start=\"1187\" data-end=\"1200\">jusqu'\u00e0 60p<\/strong> pour les flux de travail vid\u00e9o professionnels.<\/li>\n<li data-start=\"1237\" data-end=\"1353\"><strong data-start=\"1239\" data-end=\"1270\">Enregistrement HD multicanal :<\/strong> Active <strong data-start=\"1279\" data-end=\"1328\">capture simultan\u00e9e d'un maximum de quatre flux HD<\/strong>et d'am\u00e9liorer l'efficacit\u00e9.<\/li>\n<li data-start=\"1354\" data-end=\"1489\"><strong data-start=\"1356\" data-end=\"1394\">Prise en charge d'Apple ProRes et d'Avid DNxHR :<\/strong> Offres <strong data-start=\"1402\" data-end=\"1445\">options de codecs de haute qualit\u00e9 et largement utilis\u00e9s<\/strong> pour <strong data-start=\"1450\" data-end=\"1486\">des flux de travail de post-production fluides<\/strong>.<\/li>\n<li data-start=\"1490\" data-end=\"1618\"><strong data-start=\"1492\" data-end=\"1516\">\u00c9cran LCD int\u00e9gr\u00e9 :<\/strong> Fournit <strong data-start=\"1526\" data-end=\"1550\">suivi en temps r\u00e9el<\/strong>, ce qui permet de <strong data-start=\"1565\" data-end=\"1589\">examen rapide des s\u00e9quences<\/strong> sans affichage externe.<\/li>\n<li data-start=\"1619\" data-end=\"1737\"><strong data-start=\"1621\" data-end=\"1650\">Options de stockage flexibles :<\/strong> Soutien <strong data-start=\"1660\" data-end=\"1682\">AJA Pak Media SSDs<\/strong>, en veillant \u00e0 ce que <strong data-start=\"1693\" data-end=\"1734\">enregistrement fiable et transferts rapides<\/strong>.<\/li>\n<li data-start=\"1738\" data-end=\"1888\"><strong data-start=\"1740\" data-end=\"1771\">Connectivit\u00e9 globale :<\/strong> Caract\u00e9ristiques <strong data-start=\"1781\" data-end=\"1819\">Entr\u00e9es 3G-SDI, HDMI et audio XLR<\/strong>, ce qui en fait <strong data-start=\"1831\" data-end=\"1885\">facile \u00e0 int\u00e9grer dans diff\u00e9rentes installations de production<\/strong>.<\/li>\n<li data-start=\"1889\" data-end=\"2003\"><strong data-start=\"1891\" data-end=\"1921\">Conception durable et portable :<\/strong> Construit pour <strong data-start=\"1932\" data-end=\"1961\">utilisation en studio et sur le terrain<\/strong>, offrant <strong data-start=\"1972\" data-end=\"2000\">fiabilit\u00e9 durable<\/strong>.<\/li>\n<\/ul>\n<h3 data-start=\"2005\" data-end=\"2029\"><strong data-start=\"2009\" data-end=\"2027\">Sp\u00e9cifications<\/strong><\/h3>\n<ul data-start=\"2031\" data-end=\"2391\">\n<li data-start=\"2031\" data-end=\"2100\"><strong data-start=\"2033\" data-end=\"2055\">Formats d'enregistrement :<\/strong> Apple ProRes (422\/4444) et Avid DNxHR\/DNxHD<\/li>\n<li data-start=\"2101\" data-end=\"2146\"><strong data-start=\"2103\" data-end=\"2119\">R\u00e9solutions :<\/strong> 4K\/Ultra HD\/HD jusqu'\u00e0 60p<\/li>\n<li data-start=\"2147\" data-end=\"2186\"><strong data-start=\"2149\" data-end=\"2160\">Entr\u00e9es :<\/strong> 3G-SDI, HDMI, audio XLR<\/li>\n<li data-start=\"2187\" data-end=\"2222\"><strong data-start=\"2189\" data-end=\"2201\">Stockage :<\/strong> AJA Pak Media SSDs<\/li>\n<li data-start=\"2223\" data-end=\"2284\"><strong data-start=\"2225\" data-end=\"2237\">Affichage :<\/strong> \u00c9cran LCD int\u00e9gr\u00e9 pour le contr\u00f4le et la lecture<\/li>\n<li data-start=\"2285\" data-end=\"2391\"><strong data-start=\"2287\" data-end=\"2304\">Applications :<\/strong> Production en direct, radiodiffusion, postproduction et enregistrement vid\u00e9o professionnel<\/li>\n<\/ul>\n<p data-start=\"2393\" data-end=\"2789\">Le AJA Ki Pro Ultra Plus est une solution d'enregistrement puissante et polyvalente pour la production vid\u00e9o haut de gamme. Gr\u00e2ce \u00e0 son enregistrement multicanal, sa prise en charge de codecs de haute qualit\u00e9 et sa connectivit\u00e9 flexible, il assure une int\u00e9gration transparente dans les flux de travail professionnels. Qu'il soit utilis\u00e9 en studio ou en ext\u00e9rieur, cet enregistreur offre des performances et une fiabilit\u00e9 exceptionnelles.<\/p>\n<p>Louez-le maintenant sur <a href=\"https:\/\/www.cinesouk.ma\/fr\">CINESOUK<\/a> - une marque de <a href=\"https:\/\/www.broadway.ma\/\">BROADWAY PRODUCTIONS SARL.<\/a><\/p>","protected":false},"excerpt":{"rendered":"<p><strong>Sp\u00e9cifications<\/strong><\/p>\n<ul data-start=\"2031\" data-end=\"2391\">\n<li data-start=\"2031\" data-end=\"2100\"><strong data-start=\"2033\" data-end=\"2055\">Formats d'enregistrement :<\/strong> Apple ProRes (422\/4444) et Avid DNxHR\/DNxHD<\/li>\n<li data-start=\"2101\" data-end=\"2146\"><strong data-start=\"2103\" data-end=\"2119\">R\u00e9solutions :<\/strong> 4K\/Ultra HD\/HD jusqu'\u00e0 60p<\/li>\n<li data-start=\"2147\" data-end=\"2186\"><strong data-start=\"2149\" data-end=\"2160\">Entr\u00e9es :<\/strong> 3G-SDI, HDMI, audio XLR<\/li>\n<li data-start=\"2187\" data-end=\"2222\"><strong data-start=\"2189\" data-end=\"2201\">Stockage :<\/strong> AJA Pak Media SSDs<\/li>\n<li data-start=\"2223\" data-end=\"2284\"><strong data-start=\"2225\" data-end=\"2237\">Affichage :<\/strong> \u00c9cran LCD int\u00e9gr\u00e9 pour le contr\u00f4le et la lecture<\/li>\n<li data-start=\"2285\" data-end=\"2391\"><strong data-start=\"2287\" data-end=\"2304\">Applications :<\/strong> Production en direct, radiodiffusion, postproduction et enregistrement vid\u00e9o professionnel<\/li>\n<\/ul>","protected":false},"featured_media":11322,"template":"","meta":{"om_disable_all_campaigns":false,"_monsterinsights_skip_tracking":false,"_monsterinsights_sitenote_active":false,"_monsterinsights_sitenote_note":"","_monsterinsights_sitenote_category":0,"_uf_show_specific_survey":0,"_uf_disable_surveys":false},"product_brand":[],"product_cat":[87,52,113],"product_tag":[],"class_list":{"0":"post-11311","1":"product","2":"type-product","3":"status-publish","4":"has-post-thumbnail","6":"product_cat-capture-and-recorders-cinesouk","7":"product_cat-multicam-cinesouk","8":"product_cat-multicam-eventsouk","10":"entry","11":"has-media","13":"first","14":"instock","15":"taxable","16":"shipping-taxable","17":"purchasable","18":"product-type-variable","19":"has-product-nav","20":"col","21":"span_1_of_3","22":"owp-content-center","23":"owp-thumbs-layout-horizontal","24":"owp-btn-normal","25":"owp-tabs-layout-horizontal","26":"has-no-thumbnails"},"yoast_head":"<!-- This site is optimized with the Yoast SEO Premium plugin v26.0 (Yoast SEO v26.0) - https:\/\/yoast.com\/wordpress\/plugins\/seo\/ -->\n<title>AJA Ki Pro Ultra Plus - CineSouk - Marrakech - For rent<\/title>\n<meta name=\"description\" content=\"AJA Ki Pro Ultra Plus \u2013 Professional 4K\/HD recorder and player with multi-channel HD recording, ProRes &amp; DNxHR support, and built-in monitoring.\" \/>\n<meta name=\"robots\" content=\"index, follow, max-snippet:-1, max-image-preview:large, max-video-preview:-1\" \/>\n<link rel=\"canonical\" href=\"https:\/\/www.cinesouk.ma\/fr\/produit\/aja-ki-pro-ultra-plus\/\" \/>\n<meta property=\"og:locale\" content=\"fr_FR\" \/>\n<meta property=\"og:type\" content=\"article\" \/>\n<meta property=\"og:title\" content=\"AJA Ki Pro Ultra Plus\" \/>\n<meta property=\"og:description\" content=\"AJA Ki Pro Ultra Plus \u2013 Professional 4K\/HD recorder and player with multi-channel HD recording, ProRes &amp; DNxHR support, and built-in monitoring.\" \/>\n<meta property=\"og:url\" content=\"https:\/\/www.cinesouk.ma\/fr\/produit\/aja-ki-pro-ultra-plus\/\" \/>\n<meta property=\"og:site_name\" content=\"CineSouk\" \/>\n<meta property=\"article:modified_time\" content=\"2026-01-24T14:21:24+00:00\" \/>\n<meta property=\"og:image\" content=\"https:\/\/www.cinesouk.ma\/wp-content\/uploads\/2025\/03\/AJA-Ki-Pro-Ultra-Plus.jpg\" \/>\n\t<meta property=\"og:image:width\" content=\"300\" \/>\n\t<meta property=\"og:image:height\" content=\"238\" \/>\n\t<meta property=\"og:image:type\" content=\"image\/jpeg\" \/>\n<meta name=\"twitter:card\" content=\"summary_large_image\" \/>\n<meta name=\"twitter:description\" content=\"AJA Ki Pro Ultra Plus \u2013 Professional 4K\/HD recorder and player with multi-channel HD recording, ProRes &amp; DNxHR support, and built-in monitoring.\" \/>\n<meta name=\"twitter:label1\" content=\"Dur\u00e9e de lecture estim\u00e9e\" \/>\n\t<meta name=\"twitter:data1\" content=\"2 minutes\" \/>\n<script type=\"application\/ld+json\" class=\"yoast-schema-graph\">{\"@context\":\"https:\/\/schema.org\",\"@graph\":[{\"@type\":\"WebPage\",\"@id\":\"https:\/\/www.cinesouk.ma\/product\/aja-ki-pro-ultra-plus\/\",\"url\":\"https:\/\/www.cinesouk.ma\/product\/aja-ki-pro-ultra-plus\/\",\"name\":\"AJA Ki Pro Ultra Plus - CineSouk - Marrakech - For rent\",\"isPartOf\":{\"@id\":\"https:\/\/www.cinesouk.ma\/#website\"},\"primaryImageOfPage\":{\"@id\":\"https:\/\/www.cinesouk.ma\/product\/aja-ki-pro-ultra-plus\/#primaryimage\"},\"image\":{\"@id\":\"https:\/\/www.cinesouk.ma\/product\/aja-ki-pro-ultra-plus\/#primaryimage\"},\"thumbnailUrl\":\"https:\/\/www.cinesouk.ma\/wp-content\/uploads\/2025\/03\/AJA-Ki-Pro-Ultra-Plus.jpg\",\"datePublished\":\"2025-03-14T09:34:06+00:00\",\"dateModified\":\"2026-01-24T14:21:24+00:00\",\"description\":\"AJA Ki Pro Ultra Plus \u2013 Professional 4K\/HD recorder and player with multi-channel HD recording, ProRes & DNxHR support, and built-in monitoring.\",\"breadcrumb\":{\"@id\":\"https:\/\/www.cinesouk.ma\/product\/aja-ki-pro-ultra-plus\/#breadcrumb\"},\"inLanguage\":\"fr-FR\",\"potentialAction\":[{\"@type\":\"ReadAction\",\"target\":[\"https:\/\/www.cinesouk.ma\/product\/aja-ki-pro-ultra-plus\/\"]}]},{\"@type\":\"ImageObject\",\"inLanguage\":\"fr-FR\",\"@id\":\"https:\/\/www.cinesouk.ma\/product\/aja-ki-pro-ultra-plus\/#primaryimage\",\"url\":\"https:\/\/www.cinesouk.ma\/wp-content\/uploads\/2025\/03\/AJA-Ki-Pro-Ultra-Plus.jpg\",\"contentUrl\":\"https:\/\/www.cinesouk.ma\/wp-content\/uploads\/2025\/03\/AJA-Ki-Pro-Ultra-Plus.jpg\",\"width\":300,\"height\":238,\"caption\":\"AJA Ki Pro Ultra Plus\"},{\"@type\":\"BreadcrumbList\",\"@id\":\"https:\/\/www.cinesouk.ma\/product\/aja-ki-pro-ultra-plus\/#breadcrumb\",\"itemListElement\":[{\"@type\":\"ListItem\",\"position\":1,\"name\":\"Home\",\"item\":\"https:\/\/www.cinesouk.ma\/\"},{\"@type\":\"ListItem\",\"position\":2,\"name\":\"Shop\",\"item\":\"https:\/\/www.cinesouk.ma\/shop\/\"},{\"@type\":\"ListItem\",\"position\":3,\"name\":\"AJA Ki Pro Ultra Plus\"}]},{\"@type\":\"WebSite\",\"@id\":\"https:\/\/www.cinesouk.ma\/#website\",\"url\":\"https:\/\/www.cinesouk.ma\/\",\"name\":\"CineSouk\",\"description\":\"\",\"publisher\":{\"@id\":\"https:\/\/www.cinesouk.ma\/#organization\"},\"potentialAction\":[{\"@type\":\"SearchAction\",\"target\":{\"@type\":\"EntryPoint\",\"urlTemplate\":\"https:\/\/www.cinesouk.ma\/?s={search_term_string}\"},\"query-input\":{\"@type\":\"PropertyValueSpecification\",\"valueRequired\":true,\"valueName\":\"search_term_string\"}}],\"inLanguage\":\"fr-FR\"},{\"@type\":\"Organization\",\"@id\":\"https:\/\/www.cinesouk.ma\/#organization\",\"name\":\"CineSouk\",\"url\":\"https:\/\/www.cinesouk.ma\/\",\"logo\":{\"@type\":\"ImageObject\",\"inLanguage\":\"fr-FR\",\"@id\":\"https:\/\/www.cinesouk.ma\/#\/schema\/logo\/image\/\",\"url\":\"https:\/\/www.cinesouk.ma\/wp-content\/uploads\/2024\/01\/CineSouk-logo-v01-alpha-alligned-left.png\",\"contentUrl\":\"https:\/\/www.cinesouk.ma\/wp-content\/uploads\/2024\/01\/CineSouk-logo-v01-alpha-alligned-left.png\",\"width\":3204,\"height\":889,\"caption\":\"CineSouk\"},\"image\":{\"@id\":\"https:\/\/www.cinesouk.ma\/#\/schema\/logo\/image\/\"}}]}<\/script>\n<!-- \/ Yoast SEO Premium plugin. -->","yoast_head_json":{"title":"AJA Ki Pro Ultra Plus - CineSouk - Marrakech - For rent","description":"AJA Ki Pro Ultra Plus \u2013 Professional 4K\/HD recorder and player with multi-channel HD recording, ProRes & DNxHR support, and built-in monitoring.","robots":{"index":"index","follow":"follow","max-snippet":"max-snippet:-1","max-image-preview":"max-image-preview:large","max-video-preview":"max-video-preview:-1"},"canonical":"https:\/\/www.cinesouk.ma\/fr\/produit\/aja-ki-pro-ultra-plus\/","og_locale":"fr_FR","og_type":"article","og_title":"AJA Ki Pro Ultra Plus","og_description":"AJA Ki Pro Ultra Plus \u2013 Professional 4K\/HD recorder and player with multi-channel HD recording, ProRes & DNxHR support, and built-in monitoring.","og_url":"https:\/\/www.cinesouk.ma\/fr\/produit\/aja-ki-pro-ultra-plus\/","og_site_name":"CineSouk","article_modified_time":"2026-01-24T14:21:24+00:00","og_image":[{"width":300,"height":238,"url":"https:\/\/www.cinesouk.ma\/wp-content\/uploads\/2025\/03\/AJA-Ki-Pro-Ultra-Plus.jpg","type":"image\/jpeg"}],"twitter_card":"summary_large_image","twitter_description":"AJA Ki Pro Ultra Plus \u2013 Professional 4K\/HD recorder and player with multi-channel HD recording, ProRes & DNxHR support, and built-in monitoring.","twitter_misc":{"Dur\u00e9e de lecture estim\u00e9e":"2 minutes"},"schema":{"@context":"https:\/\/schema.org","@graph":[{"@type":"WebPage","@id":"https:\/\/www.cinesouk.ma\/product\/aja-ki-pro-ultra-plus\/","url":"https:\/\/www.cinesouk.ma\/product\/aja-ki-pro-ultra-plus\/","name":"AJA Ki Pro Ultra Plus - CineSouk - Marrakech - For rent","isPartOf":{"@id":"https:\/\/www.cinesouk.ma\/#website"},"primaryImageOfPage":{"@id":"https:\/\/www.cinesouk.ma\/product\/aja-ki-pro-ultra-plus\/#primaryimage"},"image":{"@id":"https:\/\/www.cinesouk.ma\/product\/aja-ki-pro-ultra-plus\/#primaryimage"},"thumbnailUrl":"https:\/\/www.cinesouk.ma\/wp-content\/uploads\/2025\/03\/AJA-Ki-Pro-Ultra-Plus.jpg","datePublished":"2025-03-14T09:34:06+00:00","dateModified":"2026-01-24T14:21:24+00:00","description":"AJA Ki Pro Ultra Plus \u2013 Professional 4K\/HD recorder and player with multi-channel HD recording, ProRes & DNxHR support, and built-in monitoring.","breadcrumb":{"@id":"https:\/\/www.cinesouk.ma\/product\/aja-ki-pro-ultra-plus\/#breadcrumb"},"inLanguage":"fr-FR","potentialAction":[{"@type":"ReadAction","target":["https:\/\/www.cinesouk.ma\/product\/aja-ki-pro-ultra-plus\/"]}]},{"@type":"ImageObject","inLanguage":"fr-FR","@id":"https:\/\/www.cinesouk.ma\/product\/aja-ki-pro-ultra-plus\/#primaryimage","url":"https:\/\/www.cinesouk.ma\/wp-content\/uploads\/2025\/03\/AJA-Ki-Pro-Ultra-Plus.jpg","contentUrl":"https:\/\/www.cinesouk.ma\/wp-content\/uploads\/2025\/03\/AJA-Ki-Pro-Ultra-Plus.jpg","width":300,"height":238,"caption":"AJA Ki Pro Ultra Plus"},{"@type":"BreadcrumbList","@id":"https:\/\/www.cinesouk.ma\/product\/aja-ki-pro-ultra-plus\/#breadcrumb","itemListElement":[{"@type":"ListItem","position":1,"name":"Home","item":"https:\/\/www.cinesouk.ma\/"},{"@type":"ListItem","position":2,"name":"Shop","item":"https:\/\/www.cinesouk.ma\/shop\/"},{"@type":"ListItem","position":3,"name":"AJA Ki Pro Ultra Plus"}]},{"@type":"WebSite","@id":"https:\/\/www.cinesouk.ma\/#website","url":"https:\/\/www.cinesouk.ma\/","name":"CineSouk","description":"","publisher":{"@id":"https:\/\/www.cinesouk.ma\/#organization"},"potentialAction":[{"@type":"SearchAction","target":{"@type":"EntryPoint","urlTemplate":"https:\/\/www.cinesouk.ma\/?s={search_term_string}"},"query-input":{"@type":"PropertyValueSpecification","valueRequired":true,"valueName":"search_term_string"}}],"inLanguage":"fr-FR"},{"@type":"Organization","@id":"https:\/\/www.cinesouk.ma\/#organization","name":"CineSouk","url":"https:\/\/www.cinesouk.ma\/","logo":{"@type":"ImageObject","inLanguage":"fr-FR","@id":"https:\/\/www.cinesouk.ma\/#\/schema\/logo\/image\/","url":"https:\/\/www.cinesouk.ma\/wp-content\/uploads\/2024\/01\/CineSouk-logo-v01-alpha-alligned-left.png","contentUrl":"https:\/\/www.cinesouk.ma\/wp-content\/uploads\/2024\/01\/CineSouk-logo-v01-alpha-alligned-left.png","width":3204,"height":889,"caption":"CineSouk"},"image":{"@id":"https:\/\/www.cinesouk.ma\/#\/schema\/logo\/image\/"}}]}},"_links":{"self":[{"href":"https:\/\/www.cinesouk.ma\/fr\/wp-json\/wp\/v2\/product\/11311","targetHints":{"allow":["GET"]}}],"collection":[{"href":"https:\/\/www.cinesouk.ma\/fr\/wp-json\/wp\/v2\/product"}],"about":[{"href":"https:\/\/www.cinesouk.ma\/fr\/wp-json\/wp\/v2\/types\/product"}],"wp:featuredmedia":[{"embeddable":true,"href":"https:\/\/www.cinesouk.ma\/fr\/wp-json\/wp\/v2\/media\/11322"}],"wp:attachment":[{"href":"https:\/\/www.cinesouk.ma\/fr\/wp-json\/wp\/v2\/media?parent=11311"}],"wp:term":[{"taxonomy":"product_brand","embeddable":true,"href":"https:\/\/www.cinesouk.ma\/fr\/wp-json\/wp\/v2\/product_brand?post=11311"},{"taxonomy":"product_cat","embeddable":true,"href":"https:\/\/www.cinesouk.ma\/fr\/wp-json\/wp\/v2\/product_cat?post=11311"},{"taxonomy":"product_tag","embeddable":true,"href":"https:\/\/www.cinesouk.ma\/fr\/wp-json\/wp\/v2\/product_tag?post=11311"}],"curies":[{"name":"wp","href":"https:\/\/api.w.org\/{rel}","templated":true}]}}