{"id":11347,"date":"2025-03-14T13:15:34","date_gmt":"2025-03-14T13:15:34","guid":{"rendered":"https:\/\/www.cinesouk.ma\/?post_type=product&#038;p=11347"},"modified":"2025-08-22T15:27:45","modified_gmt":"2025-08-22T15:27:45","slug":"blackmagic-hyperdeck-studio-mini","status":"publish","type":"product","link":"https:\/\/www.cinesouk.ma\/fr\/produit\/blackmagic-hyperdeck-studio-mini\/","title":{"rendered":"Blackmagic Hyperdeck Studio Mini"},"content":{"rendered":"<p data-start=\"44\" data-end=\"454\">Le Blackmagic HyperDeck Studio Mini est un enregistreur broadcast compact et professionnel con\u00e7u pour l'enregistrement et la lecture de vid\u00e9os de haute qualit\u00e9. Gr\u00e2ce \u00e0 sa conception polyvalente, il s'int\u00e8gre parfaitement dans les flux de travail de studio, de production en direct et de post-production. Gr\u00e2ce \u00e0 ses deux emplacements pour cartes SD, il permet un enregistrement continu, en passant automatiquement \u00e0 la carte suivante lorsque l'une d'entre elles est pleine.<\/p>\n<p data-start=\"456\" data-end=\"768\">Prenant en charge les codecs ProRes et DNxHD, l'HyperDeck Studio Mini permet de r\u00e9aliser des enregistrements de haute qualit\u00e9 tout en conservant une taille de fichier raisonnable. En outre, ses connexions 3G-SDI prennent en charge l'enregistrement et la lecture jusqu'\u00e0 1080p60, ce qui le rend id\u00e9al pour la diffusion, le streaming en direct et l'affichage num\u00e9rique.<\/p>\n<p data-start=\"770\" data-end=\"1051\">Gr\u00e2ce \u00e0 sa sortie HDMI, son entr\u00e9e de r\u00e9f\u00e9rence et son g\u00e9n\u00e9rateur de timecode int\u00e9gr\u00e9, il s'int\u00e8gre facilement dans les installations vid\u00e9o professionnelles. De plus, sa conception compacte et montable en rack garantit la portabilit\u00e9 tout en maintenant des performances de niveau professionnel.<\/p>\n<h3 data-start=\"1053\" data-end=\"1075\"><strong data-start=\"1057\" data-end=\"1073\">Caract\u00e9ristiques principales<\/strong><\/h3>\n<ul data-start=\"1077\" data-end=\"1803\">\n<li data-start=\"1077\" data-end=\"1191\"><strong data-start=\"1079\" data-end=\"1110\">Enregistreur compact de radiodiffusion :<\/strong> Con\u00e7u pour <strong data-start=\"1124\" data-end=\"1163\">enregistrement et lecture de haute qualit\u00e9<\/strong> dans un <strong data-start=\"1169\" data-end=\"1188\">format portable<\/strong>.<\/li>\n<li data-start=\"1192\" data-end=\"1287\"><strong data-start=\"1194\" data-end=\"1217\">Deux fentes pour cartes SD :<\/strong> Active <strong data-start=\"1226\" data-end=\"1250\">enregistrement continu<\/strong> avec <strong data-start=\"1256\" data-end=\"1284\">commutation automatique des cartes<\/strong>.<\/li>\n<li data-start=\"1288\" data-end=\"1374\"><strong data-start=\"1290\" data-end=\"1321\">Connectivit\u00e9 3G-SDI et HDMI :<\/strong> Soutien <strong data-start=\"1331\" data-end=\"1371\">entr\u00e9e et sortie vid\u00e9o jusqu'\u00e0 1080p60<\/strong>.<\/li>\n<li data-start=\"1375\" data-end=\"1477\"><strong data-start=\"1377\" data-end=\"1404\">Prise en charge des formats ProRes et DNxHD :<\/strong> Veille <strong data-start=\"1413\" data-end=\"1439\">enregistrement de haute qualit\u00e9<\/strong> avec <strong data-start=\"1445\" data-end=\"1474\">gestion efficace des fichiers<\/strong>.<\/li>\n<li data-start=\"1478\" data-end=\"1584\"><strong data-start=\"1480\" data-end=\"1510\">G\u00e9n\u00e9rateur de code temporel et synchronisation :<\/strong> Permet de <strong data-start=\"1522\" data-end=\"1558\">synchronisation pr\u00e9cise du code temporel<\/strong> dans les configurations \u00e0 plusieurs cam\u00e9ras.<\/li>\n<li data-start=\"1585\" data-end=\"1678\"><strong data-start=\"1587\" data-end=\"1619\">Ethernet pour le contr\u00f4le \u00e0 distance :<\/strong> Active <strong data-start=\"1628\" data-end=\"1647\">contr\u00f4le du r\u00e9seau<\/strong> et <strong data-start=\"1652\" data-end=\"1675\">Transferts de m\u00e9dias par FTP<\/strong>.<\/li>\n<li data-start=\"1679\" data-end=\"1803\"><strong data-start=\"1681\" data-end=\"1710\">Compact et montable en rack :<\/strong> S'ins\u00e8re dans <strong data-start=\"1721\" data-end=\"1748\">unit\u00e9s standard 1\/3 rack<\/strong>, ce qui en fait <strong data-start=\"1760\" data-end=\"1800\">id\u00e9al pour les installations portables et en studio<\/strong>.<\/li>\n<\/ul>\n<h3 data-start=\"1805\" data-end=\"1829\"><strong data-start=\"1809\" data-end=\"1827\">Sp\u00e9cifications<\/strong><\/h3>\n<ul data-start=\"1831\" data-end=\"2189\">\n<li data-start=\"1831\" data-end=\"1871\"><strong data-start=\"1833\" data-end=\"1851\">Formats vid\u00e9o :<\/strong> Jusqu'\u00e0 <strong data-start=\"1858\" data-end=\"1869\">1080p60<\/strong><\/li>\n<li data-start=\"1872\" data-end=\"1936\"><strong data-start=\"1874\" data-end=\"1890\">Connexions :<\/strong> <strong data-start=\"1891\" data-end=\"1934\">3G-SDI, HDMI, Ethernet, entr\u00e9e de r\u00e9f\u00e9rence<\/strong><\/li>\n<li data-start=\"1937\" data-end=\"1986\"><strong data-start=\"1939\" data-end=\"1957\">Supports de stockage :<\/strong> <strong data-start=\"1958\" data-end=\"1984\">Cartes SD et UHS-II<\/strong><\/li>\n<li data-start=\"1987\" data-end=\"2058\"><strong data-start=\"1989\" data-end=\"2010\">Codecs d'enregistrement :<\/strong> <strong data-start=\"2011\" data-end=\"2056\">ProRes HQ, ProRes LT, ProRes Proxy, DNxHD<\/strong><\/li>\n<li data-start=\"2059\" data-end=\"2099\"><strong data-start=\"2061\" data-end=\"2074\">Code temporel :<\/strong> <strong data-start=\"2075\" data-end=\"2097\">G\u00e9n\u00e9rateur int\u00e9gr\u00e9<\/strong><\/li>\n<li data-start=\"2100\" data-end=\"2189\"><strong data-start=\"2102\" data-end=\"2119\">Applications :<\/strong> <strong data-start=\"2120\" data-end=\"2187\">Radiodiffusion, diffusion en direct, postproduction et signalisation num\u00e9rique<\/strong><\/li>\n<\/ul>\n<p data-start=\"2191\" data-end=\"2536\">Le Blackmagic HyperDeck Studio Mini est un enregistreur broadcast puissant et compact qui offre un enregistrement et une lecture de qualit\u00e9 professionnelle dans un format portable. Avec ses deux emplacements pour cartes SD, sa connectivit\u00e9 3G-SDI et sa synchronisation du timecode, il constitue une solution polyvalente pour la production en direct, la diffusion en continu et les flux de travail de post-production.<\/p>\n<p>Louez-le maintenant sur <a href=\"https:\/\/www.cinesouk.ma\/fr\">CINESOUK<\/a> - une marque de <a href=\"https:\/\/www.broadway.ma\/\">BROADWAY PRODUCTIONS SARL.<\/a><\/p>","protected":false},"excerpt":{"rendered":"<p><strong>Sp\u00e9cifications<\/strong><\/p>\n<ul data-start=\"1831\" data-end=\"2189\">\n<li data-start=\"1831\" data-end=\"1871\"><strong data-start=\"1833\" data-end=\"1851\">Formats vid\u00e9o :<\/strong> Jusqu'\u00e0 <strong data-start=\"1858\" data-end=\"1869\">1080p60<\/strong><\/li>\n<li data-start=\"1872\" data-end=\"1936\"><strong data-start=\"1874\" data-end=\"1890\">Connexions :<\/strong> <strong data-start=\"1891\" data-end=\"1934\">3G-SDI, HDMI, Ethernet, entr\u00e9e de r\u00e9f\u00e9rence<\/strong><\/li>\n<li data-start=\"1937\" data-end=\"1986\"><strong data-start=\"1939\" data-end=\"1957\">Supports de stockage :<\/strong> <strong data-start=\"1958\" data-end=\"1984\">Cartes SD et UHS-II<\/strong><\/li>\n<li data-start=\"1987\" data-end=\"2058\"><strong data-start=\"1989\" data-end=\"2010\">Codecs d'enregistrement :<\/strong> <strong data-start=\"2011\" data-end=\"2056\">ProRes HQ, ProRes LT, ProRes Proxy, DNxHD<\/strong><\/li>\n<li data-start=\"2059\" data-end=\"2099\"><strong data-start=\"2061\" data-end=\"2074\">Code temporel :<\/strong> <strong data-start=\"2075\" data-end=\"2097\">G\u00e9n\u00e9rateur int\u00e9gr\u00e9<\/strong><\/li>\n<li data-start=\"2100\" data-end=\"2189\"><strong data-start=\"2102\" data-end=\"2119\">Applications :<\/strong> <strong data-start=\"2120\" data-end=\"2187\">Radiodiffusion, diffusion en direct, postproduction et signalisation num\u00e9rique<\/strong><\/li>\n<\/ul>","protected":false},"featured_media":11358,"template":"","meta":{"om_disable_all_campaigns":false,"_monsterinsights_skip_tracking":false,"_monsterinsights_sitenote_active":false,"_monsterinsights_sitenote_note":"","_monsterinsights_sitenote_category":0,"_uf_show_specific_survey":0,"_uf_disable_surveys":false},"product_brand":[],"product_cat":[52,113,59,32,81],"product_tag":[],"class_list":{"0":"post-11347","1":"product","2":"type-product","3":"status-publish","4":"has-post-thumbnail","6":"product_cat-multicam-cinesouk","7":"product_cat-multicam-eventsouk","8":"product_cat-post-production-cinesouk","9":"product_cat-streaming-cinesouk","10":"product_cat-videomixers-cinesouk","12":"entry","13":"has-media","15":"first","16":"instock","17":"taxable","18":"shipping-taxable","19":"purchasable","20":"product-type-variable","21":"has-product-nav","22":"col","23":"span_1_of_3","24":"owp-content-center","25":"owp-thumbs-layout-horizontal","26":"owp-btn-normal","27":"owp-tabs-layout-horizontal","28":"has-no-thumbnails"},"yoast_head":"<!-- This site is optimized with the Yoast SEO Premium plugin v26.0 (Yoast SEO v26.0) - https:\/\/yoast.com\/wordpress\/plugins\/seo\/ -->\n<title>Blackmagic Hyperdeck Studio Mini - CineSouk - Marrakech - For rent<\/title>\n<meta name=\"description\" content=\"Blackmagic HyperDeck Studio Mini \u2013 Compact broadcast recorder with dual SD slots, 3G-SDI, HDMI, ProRes\/DNxHD support, and timecode sync for professional video production.\" \/>\n<meta name=\"robots\" content=\"index, follow, max-snippet:-1, max-image-preview:large, max-video-preview:-1\" \/>\n<link rel=\"canonical\" href=\"https:\/\/www.cinesouk.ma\/fr\/produit\/blackmagic-hyperdeck-studio-mini\/\" \/>\n<meta property=\"og:locale\" content=\"fr_FR\" \/>\n<meta property=\"og:type\" content=\"article\" \/>\n<meta property=\"og:title\" content=\"Blackmagic Hyperdeck Studio Mini\" \/>\n<meta property=\"og:description\" content=\"Blackmagic HyperDeck Studio Mini \u2013 Compact broadcast recorder with dual SD slots, 3G-SDI, HDMI, ProRes\/DNxHD support, and timecode sync for professional video production.\" \/>\n<meta property=\"og:url\" content=\"https:\/\/www.cinesouk.ma\/fr\/produit\/blackmagic-hyperdeck-studio-mini\/\" \/>\n<meta property=\"og:site_name\" content=\"CineSouk\" \/>\n<meta property=\"article:modified_time\" content=\"2025-08-22T15:27:45+00:00\" \/>\n<meta property=\"og:image\" content=\"https:\/\/www.cinesouk.ma\/wp-content\/uploads\/2025\/03\/Blackmagic-Hyperdeck-Studio-Mini_.jpg\" \/>\n\t<meta property=\"og:image:width\" content=\"300\" \/>\n\t<meta property=\"og:image:height\" content=\"238\" \/>\n\t<meta property=\"og:image:type\" content=\"image\/jpeg\" \/>\n<meta name=\"twitter:card\" content=\"summary_large_image\" \/>\n<meta name=\"twitter:description\" content=\"Blackmagic HyperDeck Studio Mini \u2013 Compact broadcast recorder with dual SD slots, 3G-SDI, HDMI, ProRes\/DNxHD support, and timecode sync for professional video production.\" \/>\n<meta name=\"twitter:image\" content=\"https:\/\/www.cinesouk.ma\/wp-content\/uploads\/2025\/03\/Blackmagic-Hyperdeck-Studio-Mini_.jpg\" \/>\n<meta name=\"twitter:label1\" content=\"Dur\u00e9e de lecture estim\u00e9e\" \/>\n\t<meta name=\"twitter:data1\" content=\"2 minutes\" \/>\n<script type=\"application\/ld+json\" class=\"yoast-schema-graph\">{\"@context\":\"https:\/\/schema.org\",\"@graph\":[{\"@type\":\"WebPage\",\"@id\":\"https:\/\/www.cinesouk.ma\/product\/blackmagic-hyperdeck-studio-mini\/\",\"url\":\"https:\/\/www.cinesouk.ma\/product\/blackmagic-hyperdeck-studio-mini\/\",\"name\":\"Blackmagic Hyperdeck Studio Mini - CineSouk - Marrakech - For rent\",\"isPartOf\":{\"@id\":\"https:\/\/www.cinesouk.ma\/#website\"},\"primaryImageOfPage\":{\"@id\":\"https:\/\/www.cinesouk.ma\/product\/blackmagic-hyperdeck-studio-mini\/#primaryimage\"},\"image\":{\"@id\":\"https:\/\/www.cinesouk.ma\/product\/blackmagic-hyperdeck-studio-mini\/#primaryimage\"},\"thumbnailUrl\":\"https:\/\/www.cinesouk.ma\/wp-content\/uploads\/2025\/03\/Blackmagic-Hyperdeck-Studio-Mini_.jpg\",\"datePublished\":\"2025-03-14T13:15:34+00:00\",\"dateModified\":\"2025-08-22T15:27:45+00:00\",\"description\":\"Blackmagic HyperDeck Studio Mini \u2013 Compact broadcast recorder with dual SD slots, 3G-SDI, HDMI, ProRes\/DNxHD support, and timecode sync for professional video production.\",\"breadcrumb\":{\"@id\":\"https:\/\/www.cinesouk.ma\/product\/blackmagic-hyperdeck-studio-mini\/#breadcrumb\"},\"inLanguage\":\"fr-FR\",\"potentialAction\":[{\"@type\":\"ReadAction\",\"target\":[\"https:\/\/www.cinesouk.ma\/product\/blackmagic-hyperdeck-studio-mini\/\"]}]},{\"@type\":\"ImageObject\",\"inLanguage\":\"fr-FR\",\"@id\":\"https:\/\/www.cinesouk.ma\/product\/blackmagic-hyperdeck-studio-mini\/#primaryimage\",\"url\":\"https:\/\/www.cinesouk.ma\/wp-content\/uploads\/2025\/03\/Blackmagic-Hyperdeck-Studio-Mini_.jpg\",\"contentUrl\":\"https:\/\/www.cinesouk.ma\/wp-content\/uploads\/2025\/03\/Blackmagic-Hyperdeck-Studio-Mini_.jpg\",\"width\":300,\"height\":238,\"caption\":\"Blackmagic Hyperdeck Studio Mini_\"},{\"@type\":\"BreadcrumbList\",\"@id\":\"https:\/\/www.cinesouk.ma\/product\/blackmagic-hyperdeck-studio-mini\/#breadcrumb\",\"itemListElement\":[{\"@type\":\"ListItem\",\"position\":1,\"name\":\"Home\",\"item\":\"https:\/\/www.cinesouk.ma\/\"},{\"@type\":\"ListItem\",\"position\":2,\"name\":\"Shop\",\"item\":\"https:\/\/www.cinesouk.ma\/shop\/\"},{\"@type\":\"ListItem\",\"position\":3,\"name\":\"Blackmagic Hyperdeck Studio Mini\"}]},{\"@type\":\"WebSite\",\"@id\":\"https:\/\/www.cinesouk.ma\/#website\",\"url\":\"https:\/\/www.cinesouk.ma\/\",\"name\":\"CineSouk\",\"description\":\"\",\"publisher\":{\"@id\":\"https:\/\/www.cinesouk.ma\/#organization\"},\"potentialAction\":[{\"@type\":\"SearchAction\",\"target\":{\"@type\":\"EntryPoint\",\"urlTemplate\":\"https:\/\/www.cinesouk.ma\/?s={search_term_string}\"},\"query-input\":{\"@type\":\"PropertyValueSpecification\",\"valueRequired\":true,\"valueName\":\"search_term_string\"}}],\"inLanguage\":\"fr-FR\"},{\"@type\":\"Organization\",\"@id\":\"https:\/\/www.cinesouk.ma\/#organization\",\"name\":\"CineSouk\",\"url\":\"https:\/\/www.cinesouk.ma\/\",\"logo\":{\"@type\":\"ImageObject\",\"inLanguage\":\"fr-FR\",\"@id\":\"https:\/\/www.cinesouk.ma\/#\/schema\/logo\/image\/\",\"url\":\"https:\/\/www.cinesouk.ma\/wp-content\/uploads\/2024\/01\/CineSouk-logo-v01-alpha-alligned-left.png\",\"contentUrl\":\"https:\/\/www.cinesouk.ma\/wp-content\/uploads\/2024\/01\/CineSouk-logo-v01-alpha-alligned-left.png\",\"width\":3204,\"height\":889,\"caption\":\"CineSouk\"},\"image\":{\"@id\":\"https:\/\/www.cinesouk.ma\/#\/schema\/logo\/image\/\"}}]}<\/script>\n<!-- \/ Yoast SEO Premium plugin. -->","yoast_head_json":{"title":"Blackmagic Hyperdeck Studio Mini - CineSouk - Marrakech - For rent","description":"Blackmagic HyperDeck Studio Mini \u2013 Compact broadcast recorder with dual SD slots, 3G-SDI, HDMI, ProRes\/DNxHD support, and timecode sync for professional video production.","robots":{"index":"index","follow":"follow","max-snippet":"max-snippet:-1","max-image-preview":"max-image-preview:large","max-video-preview":"max-video-preview:-1"},"canonical":"https:\/\/www.cinesouk.ma\/fr\/produit\/blackmagic-hyperdeck-studio-mini\/","og_locale":"fr_FR","og_type":"article","og_title":"Blackmagic Hyperdeck Studio Mini","og_description":"Blackmagic HyperDeck Studio Mini \u2013 Compact broadcast recorder with dual SD slots, 3G-SDI, HDMI, ProRes\/DNxHD support, and timecode sync for professional video production.","og_url":"https:\/\/www.cinesouk.ma\/fr\/produit\/blackmagic-hyperdeck-studio-mini\/","og_site_name":"CineSouk","article_modified_time":"2025-08-22T15:27:45+00:00","og_image":[{"width":300,"height":238,"url":"https:\/\/www.cinesouk.ma\/wp-content\/uploads\/2025\/03\/Blackmagic-Hyperdeck-Studio-Mini_.jpg","type":"image\/jpeg"}],"twitter_card":"summary_large_image","twitter_description":"Blackmagic HyperDeck Studio Mini \u2013 Compact broadcast recorder with dual SD slots, 3G-SDI, HDMI, ProRes\/DNxHD support, and timecode sync for professional video production.","twitter_image":"https:\/\/www.cinesouk.ma\/wp-content\/uploads\/2025\/03\/Blackmagic-Hyperdeck-Studio-Mini_.jpg","twitter_misc":{"Dur\u00e9e de lecture estim\u00e9e":"2 minutes"},"schema":{"@context":"https:\/\/schema.org","@graph":[{"@type":"WebPage","@id":"https:\/\/www.cinesouk.ma\/product\/blackmagic-hyperdeck-studio-mini\/","url":"https:\/\/www.cinesouk.ma\/product\/blackmagic-hyperdeck-studio-mini\/","name":"Blackmagic Hyperdeck Studio Mini - CineSouk - Marrakech - For rent","isPartOf":{"@id":"https:\/\/www.cinesouk.ma\/#website"},"primaryImageOfPage":{"@id":"https:\/\/www.cinesouk.ma\/product\/blackmagic-hyperdeck-studio-mini\/#primaryimage"},"image":{"@id":"https:\/\/www.cinesouk.ma\/product\/blackmagic-hyperdeck-studio-mini\/#primaryimage"},"thumbnailUrl":"https:\/\/www.cinesouk.ma\/wp-content\/uploads\/2025\/03\/Blackmagic-Hyperdeck-Studio-Mini_.jpg","datePublished":"2025-03-14T13:15:34+00:00","dateModified":"2025-08-22T15:27:45+00:00","description":"Blackmagic HyperDeck Studio Mini \u2013 Compact broadcast recorder with dual SD slots, 3G-SDI, HDMI, ProRes\/DNxHD support, and timecode sync for professional video production.","breadcrumb":{"@id":"https:\/\/www.cinesouk.ma\/product\/blackmagic-hyperdeck-studio-mini\/#breadcrumb"},"inLanguage":"fr-FR","potentialAction":[{"@type":"ReadAction","target":["https:\/\/www.cinesouk.ma\/product\/blackmagic-hyperdeck-studio-mini\/"]}]},{"@type":"ImageObject","inLanguage":"fr-FR","@id":"https:\/\/www.cinesouk.ma\/product\/blackmagic-hyperdeck-studio-mini\/#primaryimage","url":"https:\/\/www.cinesouk.ma\/wp-content\/uploads\/2025\/03\/Blackmagic-Hyperdeck-Studio-Mini_.jpg","contentUrl":"https:\/\/www.cinesouk.ma\/wp-content\/uploads\/2025\/03\/Blackmagic-Hyperdeck-Studio-Mini_.jpg","width":300,"height":238,"caption":"Blackmagic Hyperdeck Studio Mini_"},{"@type":"BreadcrumbList","@id":"https:\/\/www.cinesouk.ma\/product\/blackmagic-hyperdeck-studio-mini\/#breadcrumb","itemListElement":[{"@type":"ListItem","position":1,"name":"Home","item":"https:\/\/www.cinesouk.ma\/"},{"@type":"ListItem","position":2,"name":"Shop","item":"https:\/\/www.cinesouk.ma\/shop\/"},{"@type":"ListItem","position":3,"name":"Blackmagic Hyperdeck Studio Mini"}]},{"@type":"WebSite","@id":"https:\/\/www.cinesouk.ma\/#website","url":"https:\/\/www.cinesouk.ma\/","name":"CineSouk","description":"","publisher":{"@id":"https:\/\/www.cinesouk.ma\/#organization"},"potentialAction":[{"@type":"SearchAction","target":{"@type":"EntryPoint","urlTemplate":"https:\/\/www.cinesouk.ma\/?s={search_term_string}"},"query-input":{"@type":"PropertyValueSpecification","valueRequired":true,"valueName":"search_term_string"}}],"inLanguage":"fr-FR"},{"@type":"Organization","@id":"https:\/\/www.cinesouk.ma\/#organization","name":"CineSouk","url":"https:\/\/www.cinesouk.ma\/","logo":{"@type":"ImageObject","inLanguage":"fr-FR","@id":"https:\/\/www.cinesouk.ma\/#\/schema\/logo\/image\/","url":"https:\/\/www.cinesouk.ma\/wp-content\/uploads\/2024\/01\/CineSouk-logo-v01-alpha-alligned-left.png","contentUrl":"https:\/\/www.cinesouk.ma\/wp-content\/uploads\/2024\/01\/CineSouk-logo-v01-alpha-alligned-left.png","width":3204,"height":889,"caption":"CineSouk"},"image":{"@id":"https:\/\/www.cinesouk.ma\/#\/schema\/logo\/image\/"}}]}},"_links":{"self":[{"href":"https:\/\/www.cinesouk.ma\/fr\/wp-json\/wp\/v2\/product\/11347","targetHints":{"allow":["GET"]}}],"collection":[{"href":"https:\/\/www.cinesouk.ma\/fr\/wp-json\/wp\/v2\/product"}],"about":[{"href":"https:\/\/www.cinesouk.ma\/fr\/wp-json\/wp\/v2\/types\/product"}],"wp:featuredmedia":[{"embeddable":true,"href":"https:\/\/www.cinesouk.ma\/fr\/wp-json\/wp\/v2\/media\/11358"}],"wp:attachment":[{"href":"https:\/\/www.cinesouk.ma\/fr\/wp-json\/wp\/v2\/media?parent=11347"}],"wp:term":[{"taxonomy":"product_brand","embeddable":true,"href":"https:\/\/www.cinesouk.ma\/fr\/wp-json\/wp\/v2\/product_brand?post=11347"},{"taxonomy":"product_cat","embeddable":true,"href":"https:\/\/www.cinesouk.ma\/fr\/wp-json\/wp\/v2\/product_cat?post=11347"},{"taxonomy":"product_tag","embeddable":true,"href":"https:\/\/www.cinesouk.ma\/fr\/wp-json\/wp\/v2\/product_tag?post=11347"}],"curies":[{"name":"wp","href":"https:\/\/api.w.org\/{rel}","templated":true}]}}