{"id":11395,"date":"2025-03-15T14:02:44","date_gmt":"2025-03-15T14:02:44","guid":{"rendered":"https:\/\/www.cinesouk.ma\/?post_type=product&#038;p=11395"},"modified":"2025-03-22T10:43:52","modified_gmt":"2025-03-22T10:43:52","slug":"polyboard-polystyrene-1x1m-black-white","status":"publish","type":"product","link":"https:\/\/www.cinesouk.ma\/fr\/produit\/polyboard-polystyrene-1x1m-black-white\/","title":{"rendered":"Poly board \/ polystyr\u00e8ne 1x1m Noir\/Blanc"},"content":{"rendered":"<div class=\"flex max-w-full flex-col flex-grow\">\n<div class=\"min-h-8 text-message flex w-full flex-col items-end gap-2 whitespace-normal break-words [.text-message+&amp;]:mt-5\" dir=\"auto\" data-message-author-role=\"assistant\" data-message-id=\"e4c3ffad-71cb-44e7-93b8-bb60eda86b77\" data-message-model-slug=\"gpt-4o-mini\">\n<div class=\"flex w-full flex-col gap-1 empty:hidden first:pt-[3px]\">\n<div class=\"markdown prose w-full break-words dark:prose-invert light\">\n<p data-start=\"53\" data-end=\"359\">Le Poly Board \/ Polystyr\u00e8ne 1x1m Noir\/Blanc est un outil polyvalent de contr\u00f4le de la lumi\u00e8re con\u00e7u pour les productions cin\u00e9matographiques, photographiques et vid\u00e9o. Gr\u00e2ce \u00e0 sa conception \u00e0 double face, il offre \u00e0 la fois des options de r\u00e9flexion et d'absorption de la lumi\u00e8re, ce qui le rend id\u00e9al pour fa\u00e7onner et modifier la lumi\u00e8re sur le plateau.<\/p>\n<p data-start=\"361\" data-end=\"710\">La face blanche agit comme un r\u00e9flecteur doux, faisant rebondir la lumi\u00e8re pour cr\u00e9er un remplissage naturel et r\u00e9duire les ombres dures. La face noire absorbe quant \u00e0 elle la lumi\u00e8re, ce qui permet de bloquer les reflets et d'am\u00e9liorer le contraste. Cette planche est donc parfaite pour contr\u00f4ler les ombres et les lumi\u00e8res en studio et en ext\u00e9rieur.<\/p>\n<p data-start=\"712\" data-end=\"914\">L\u00e9ger mais rigide, le polyboard est facile \u00e0 positionner et \u00e0 transporter. En outre, il peut \u00eatre fix\u00e9 \u00e0 des supports, mont\u00e9 sur des bras de pr\u00e9hension ou tenu \u00e0 la main pour des ajustements rapides.<\/p>\n<h3 data-start=\"916\" data-end=\"938\"><strong data-start=\"920\" data-end=\"936\">Caract\u00e9ristiques principales<\/strong><\/h3>\n<ul data-start=\"940\" data-end=\"1445\">\n<li data-start=\"940\" data-end=\"1050\"><strong data-start=\"942\" data-end=\"964\">Conception double face :<\/strong> Blanc pour <strong data-start=\"975\" data-end=\"994\">r\u00e9flexion douce<\/strong>, noir pour <strong data-start=\"1006\" data-end=\"1047\">absorption de la lumi\u00e8re et contr\u00f4le du contraste<\/strong>.<\/li>\n<li data-start=\"1051\" data-end=\"1147\"><strong data-start=\"1053\" data-end=\"1079\">L\u00e9ger et durable :<\/strong> <strong data-start=\"1080\" data-end=\"1102\">Construction rigide<\/strong> le rend <strong data-start=\"1112\" data-end=\"1144\">facile \u00e0 manipuler et \u00e0 transporter<\/strong>.<\/li>\n<li data-start=\"1148\" data-end=\"1254\"><strong data-start=\"1150\" data-end=\"1178\">Id\u00e9al pour le contr\u00f4le de la lumi\u00e8re :<\/strong> Aide <strong data-start=\"1185\" data-end=\"1218\">fa\u00e7onner, faire rebondir ou bloquer la lumi\u00e8re<\/strong> en <strong data-start=\"1222\" data-end=\"1251\">installations en studio et \u00e0 l'ext\u00e9rieur<\/strong>.<\/li>\n<li data-start=\"1255\" data-end=\"1355\"><strong data-start=\"1257\" data-end=\"1287\">Plusieurs options de montage :<\/strong> Peut \u00eatre <strong data-start=\"1295\" data-end=\"1328\">\u00e0 main, \u00e0 pince ou mont\u00e9<\/strong> sur des supports et des bras de pr\u00e9hension.<\/li>\n<li data-start=\"1356\" data-end=\"1445\"><strong data-start=\"1358\" data-end=\"1381\">Standard 1x1m Taille :<\/strong> Fournit <strong data-start=\"1391\" data-end=\"1413\">une couverture polyvalente<\/strong> pour diff\u00e9rents besoins d'\u00e9clairage.<\/li>\n<\/ul>\n<h3 data-start=\"1447\" data-end=\"1471\"><strong data-start=\"1451\" data-end=\"1469\">Sp\u00e9cifications<\/strong><\/h3>\n<ul data-start=\"1473\" data-end=\"1689\">\n<li data-start=\"1473\" data-end=\"1502\"><strong data-start=\"1475\" data-end=\"1488\">Mat\u00e9riau :<\/strong> Polystyr\u00e8ne<\/li>\n<li data-start=\"1503\" data-end=\"1547\"><strong data-start=\"1505\" data-end=\"1520\">Dimensions :<\/strong> <strong data-start=\"1521\" data-end=\"1545\">1x1m (100cm x 100cm)<\/strong><\/li>\n<li data-start=\"1548\" data-end=\"1604\"><strong data-start=\"1550\" data-end=\"1560\">Couleur :<\/strong> <strong data-start=\"1561\" data-end=\"1602\">Noir d'un c\u00f4t\u00e9, blanc de l'autre<\/strong><\/li>\n<li data-start=\"1605\" data-end=\"1689\"><strong data-start=\"1607\" data-end=\"1624\">Applications :<\/strong> <strong data-start=\"1625\" data-end=\"1687\">Film, photographie, tournages commerciaux et production vid\u00e9o<\/strong><\/li>\n<\/ul>\n<h3 data-start=\"1691\" data-end=\"1711\"><strong data-start=\"1695\" data-end=\"1709\">Clause de non-responsabilit\u00e9<\/strong><\/h3>\n<p data-start=\"1712\" data-end=\"1829\"><strong data-start=\"1712\" data-end=\"1827\">Les panneaux de poly\u00e9thyl\u00e8ne cass\u00e9s ou endommag\u00e9s (avec des dommages d\u00e9passant 5 cm) seront vendus comme consommables au prix de 200Dhs par panneau de 1x1m.<\/strong><\/p>\n<p data-start=\"1831\" data-end=\"2105\">Le Poly Board \/ Polystyr\u00e8ne 1x1m Noir\/Blanc est un outil d'\u00e9clairage essentiel pour les directeurs de la photographie et les photographes qui ont besoin d'un contr\u00f4le pr\u00e9cis de la lumi\u00e8re. Gr\u00e2ce \u00e0 sa fonctionnalit\u00e9 double face, il permet des ajustements d'\u00e9clairage flexibles pour n'importe quelle configuration de production.<\/p>\n<p data-start=\"41\" data-end=\"431\">Louez-le maintenant sur <a href=\"https:\/\/www.cinesouk.ma\/fr\">CINESOUK<\/a> - une marque de <a href=\"https:\/\/www.broadway.ma\/\">BROADWAY PRODUCTIONS SARL.<\/a><\/p>\n<\/div>\n<\/div>\n<\/div>\n<\/div>","protected":false},"excerpt":{"rendered":"<p><strong>Sp\u00e9cifications :<\/strong><\/p>\n<ul>\n<li data-start=\"1473\" data-end=\"1502\"><strong data-start=\"1475\" data-end=\"1488\">Mat\u00e9riau :<\/strong> Polystyr\u00e8ne<\/li>\n<li data-start=\"1503\" data-end=\"1547\"><strong data-start=\"1505\" data-end=\"1520\">Dimensions :<\/strong> 1x1m (100cm x 100cm)<\/li>\n<li data-start=\"1548\" data-end=\"1604\"><strong data-start=\"1550\" data-end=\"1560\">Couleur :<\/strong> Noir d'un c\u00f4t\u00e9, blanc de l'autre<\/li>\n<li data-start=\"1605\" data-end=\"1689\"><strong data-start=\"1607\" data-end=\"1624\">Applications :<\/strong> Film, photographie, tournages commerciaux et production vid\u00e9o<\/li>\n<\/ul>","protected":false},"featured_media":11828,"template":"","meta":{"om_disable_all_campaigns":false,"_monsterinsights_skip_tracking":false,"_monsterinsights_sitenote_active":false,"_monsterinsights_sitenote_note":"","_monsterinsights_sitenote_category":0,"_uf_show_specific_survey":0,"_uf_disable_surveys":false},"product_brand":[],"product_cat":[20,79],"product_tag":[],"class_list":{"0":"post-11395","1":"product","2":"type-product","3":"status-publish","4":"has-post-thumbnail","6":"product_cat-light-cinesouk","7":"product_cat-photography-cinesouk","9":"entry","10":"has-media","12":"first","13":"instock","14":"taxable","15":"shipping-taxable","16":"purchasable","17":"product-type-variable","18":"has-product-nav","19":"col","20":"span_1_of_3","21":"owp-content-center","22":"owp-thumbs-layout-horizontal","23":"owp-btn-normal","24":"owp-tabs-layout-horizontal","25":"has-no-thumbnails"},"yoast_head":"<!-- This site is optimized with the Yoast SEO Premium plugin v26.0 (Yoast SEO v26.0) - https:\/\/yoast.com\/wordpress\/plugins\/seo\/ -->\n<title>Poly board \/ polystyr\u00e8ne 1x1m Black\/White - CineSouk<\/title>\n<meta name=\"description\" content=\"Poly Board \/ Polystyr\u00e8ne 1x1m Black\/White \u2013 Dual-sided light control for film and photography, with soft reflection on white and light absorption on black.\" \/>\n<meta name=\"robots\" content=\"index, follow, max-snippet:-1, max-image-preview:large, max-video-preview:-1\" \/>\n<link rel=\"canonical\" href=\"https:\/\/www.cinesouk.ma\/fr\/produit\/polyboard-polystyrene-1x1m-black-white\/\" \/>\n<meta property=\"og:locale\" content=\"fr_FR\" \/>\n<meta property=\"og:type\" content=\"article\" \/>\n<meta property=\"og:title\" content=\"Poly board \/ polystyr\u00e8ne 1x1m Black\/White\" \/>\n<meta property=\"og:description\" content=\"Poly Board \/ Polystyr\u00e8ne 1x1m Black\/White \u2013 Dual-sided light control for film and photography, with soft reflection on white and light absorption on black.\" \/>\n<meta property=\"og:url\" content=\"https:\/\/www.cinesouk.ma\/fr\/produit\/polyboard-polystyrene-1x1m-black-white\/\" \/>\n<meta property=\"og:site_name\" content=\"CineSouk\" \/>\n<meta property=\"article:modified_time\" content=\"2025-03-22T10:43:52+00:00\" \/>\n<meta property=\"og:image\" content=\"https:\/\/www.cinesouk.ma\/wp-content\/uploads\/2025\/03\/polyboard-1x1m.jpg\" \/>\n\t<meta property=\"og:image:width\" content=\"300\" \/>\n\t<meta property=\"og:image:height\" content=\"238\" \/>\n\t<meta property=\"og:image:type\" content=\"image\/jpeg\" \/>\n<meta name=\"twitter:card\" content=\"summary_large_image\" \/>\n<meta name=\"twitter:description\" content=\"Poly Board \/ Polystyr\u00e8ne 1x1m Black\/White \u2013 Dual-sided light control for film and photography, with soft reflection on white and light absorption on black.\" \/>\n<meta name=\"twitter:label1\" content=\"Dur\u00e9e de lecture estim\u00e9e\" \/>\n\t<meta name=\"twitter:data1\" content=\"2 minutes\" \/>\n<script type=\"application\/ld+json\" class=\"yoast-schema-graph\">{\"@context\":\"https:\/\/schema.org\",\"@graph\":[{\"@type\":\"WebPage\",\"@id\":\"https:\/\/www.cinesouk.ma\/product\/polyboard-polystyrene-1x1m-black-white\/\",\"url\":\"https:\/\/www.cinesouk.ma\/product\/polyboard-polystyrene-1x1m-black-white\/\",\"name\":\"Poly board \/ polystyr\u00e8ne 1x1m Black\/White - CineSouk\",\"isPartOf\":{\"@id\":\"https:\/\/www.cinesouk.ma\/#website\"},\"primaryImageOfPage\":{\"@id\":\"https:\/\/www.cinesouk.ma\/product\/polyboard-polystyrene-1x1m-black-white\/#primaryimage\"},\"image\":{\"@id\":\"https:\/\/www.cinesouk.ma\/product\/polyboard-polystyrene-1x1m-black-white\/#primaryimage\"},\"thumbnailUrl\":\"https:\/\/www.cinesouk.ma\/wp-content\/uploads\/2025\/03\/polyboard-1x1m.jpg\",\"datePublished\":\"2025-03-15T14:02:44+00:00\",\"dateModified\":\"2025-03-22T10:43:52+00:00\",\"description\":\"Poly Board \/ Polystyr\u00e8ne 1x1m Black\/White \u2013 Dual-sided light control for film and photography, with soft reflection on white and light absorption on black.\",\"breadcrumb\":{\"@id\":\"https:\/\/www.cinesouk.ma\/product\/polyboard-polystyrene-1x1m-black-white\/#breadcrumb\"},\"inLanguage\":\"fr-FR\",\"potentialAction\":[{\"@type\":\"ReadAction\",\"target\":[\"https:\/\/www.cinesouk.ma\/product\/polyboard-polystyrene-1x1m-black-white\/\"]}]},{\"@type\":\"ImageObject\",\"inLanguage\":\"fr-FR\",\"@id\":\"https:\/\/www.cinesouk.ma\/product\/polyboard-polystyrene-1x1m-black-white\/#primaryimage\",\"url\":\"https:\/\/www.cinesouk.ma\/wp-content\/uploads\/2025\/03\/polyboard-1x1m.jpg\",\"contentUrl\":\"https:\/\/www.cinesouk.ma\/wp-content\/uploads\/2025\/03\/polyboard-1x1m.jpg\",\"width\":300,\"height\":238,\"caption\":\"poly board 1x1m\"},{\"@type\":\"BreadcrumbList\",\"@id\":\"https:\/\/www.cinesouk.ma\/product\/polyboard-polystyrene-1x1m-black-white\/#breadcrumb\",\"itemListElement\":[{\"@type\":\"ListItem\",\"position\":1,\"name\":\"Home\",\"item\":\"https:\/\/www.cinesouk.ma\/\"},{\"@type\":\"ListItem\",\"position\":2,\"name\":\"Shop\",\"item\":\"https:\/\/www.cinesouk.ma\/shop\/\"},{\"@type\":\"ListItem\",\"position\":3,\"name\":\"Poly board \/ polystyr\u00e8ne 1x1m Black\/White\"}]},{\"@type\":\"WebSite\",\"@id\":\"https:\/\/www.cinesouk.ma\/#website\",\"url\":\"https:\/\/www.cinesouk.ma\/\",\"name\":\"CineSouk\",\"description\":\"\",\"publisher\":{\"@id\":\"https:\/\/www.cinesouk.ma\/#organization\"},\"potentialAction\":[{\"@type\":\"SearchAction\",\"target\":{\"@type\":\"EntryPoint\",\"urlTemplate\":\"https:\/\/www.cinesouk.ma\/?s={search_term_string}\"},\"query-input\":{\"@type\":\"PropertyValueSpecification\",\"valueRequired\":true,\"valueName\":\"search_term_string\"}}],\"inLanguage\":\"fr-FR\"},{\"@type\":\"Organization\",\"@id\":\"https:\/\/www.cinesouk.ma\/#organization\",\"name\":\"CineSouk\",\"url\":\"https:\/\/www.cinesouk.ma\/\",\"logo\":{\"@type\":\"ImageObject\",\"inLanguage\":\"fr-FR\",\"@id\":\"https:\/\/www.cinesouk.ma\/#\/schema\/logo\/image\/\",\"url\":\"https:\/\/www.cinesouk.ma\/wp-content\/uploads\/2024\/01\/CineSouk-logo-v01-alpha-alligned-left.png\",\"contentUrl\":\"https:\/\/www.cinesouk.ma\/wp-content\/uploads\/2024\/01\/CineSouk-logo-v01-alpha-alligned-left.png\",\"width\":3204,\"height\":889,\"caption\":\"CineSouk\"},\"image\":{\"@id\":\"https:\/\/www.cinesouk.ma\/#\/schema\/logo\/image\/\"}}]}<\/script>\n<!-- \/ Yoast SEO Premium plugin. -->","yoast_head_json":{"title":"Poly board \/ polystyr\u00e8ne 1x1m Black\/White - CineSouk","description":"Poly Board \/ Polystyr\u00e8ne 1x1m Black\/White \u2013 Dual-sided light control for film and photography, with soft reflection on white and light absorption on black.","robots":{"index":"index","follow":"follow","max-snippet":"max-snippet:-1","max-image-preview":"max-image-preview:large","max-video-preview":"max-video-preview:-1"},"canonical":"https:\/\/www.cinesouk.ma\/fr\/produit\/polyboard-polystyrene-1x1m-black-white\/","og_locale":"fr_FR","og_type":"article","og_title":"Poly board \/ polystyr\u00e8ne 1x1m Black\/White","og_description":"Poly Board \/ Polystyr\u00e8ne 1x1m Black\/White \u2013 Dual-sided light control for film and photography, with soft reflection on white and light absorption on black.","og_url":"https:\/\/www.cinesouk.ma\/fr\/produit\/polyboard-polystyrene-1x1m-black-white\/","og_site_name":"CineSouk","article_modified_time":"2025-03-22T10:43:52+00:00","og_image":[{"width":300,"height":238,"url":"https:\/\/www.cinesouk.ma\/wp-content\/uploads\/2025\/03\/polyboard-1x1m.jpg","type":"image\/jpeg"}],"twitter_card":"summary_large_image","twitter_description":"Poly Board \/ Polystyr\u00e8ne 1x1m Black\/White \u2013 Dual-sided light control for film and photography, with soft reflection on white and light absorption on black.","twitter_misc":{"Dur\u00e9e de lecture estim\u00e9e":"2 minutes"},"schema":{"@context":"https:\/\/schema.org","@graph":[{"@type":"WebPage","@id":"https:\/\/www.cinesouk.ma\/product\/polyboard-polystyrene-1x1m-black-white\/","url":"https:\/\/www.cinesouk.ma\/product\/polyboard-polystyrene-1x1m-black-white\/","name":"Poly board \/ polystyr\u00e8ne 1x1m Black\/White - CineSouk","isPartOf":{"@id":"https:\/\/www.cinesouk.ma\/#website"},"primaryImageOfPage":{"@id":"https:\/\/www.cinesouk.ma\/product\/polyboard-polystyrene-1x1m-black-white\/#primaryimage"},"image":{"@id":"https:\/\/www.cinesouk.ma\/product\/polyboard-polystyrene-1x1m-black-white\/#primaryimage"},"thumbnailUrl":"https:\/\/www.cinesouk.ma\/wp-content\/uploads\/2025\/03\/polyboard-1x1m.jpg","datePublished":"2025-03-15T14:02:44+00:00","dateModified":"2025-03-22T10:43:52+00:00","description":"Poly Board \/ Polystyr\u00e8ne 1x1m Black\/White \u2013 Dual-sided light control for film and photography, with soft reflection on white and light absorption on black.","breadcrumb":{"@id":"https:\/\/www.cinesouk.ma\/product\/polyboard-polystyrene-1x1m-black-white\/#breadcrumb"},"inLanguage":"fr-FR","potentialAction":[{"@type":"ReadAction","target":["https:\/\/www.cinesouk.ma\/product\/polyboard-polystyrene-1x1m-black-white\/"]}]},{"@type":"ImageObject","inLanguage":"fr-FR","@id":"https:\/\/www.cinesouk.ma\/product\/polyboard-polystyrene-1x1m-black-white\/#primaryimage","url":"https:\/\/www.cinesouk.ma\/wp-content\/uploads\/2025\/03\/polyboard-1x1m.jpg","contentUrl":"https:\/\/www.cinesouk.ma\/wp-content\/uploads\/2025\/03\/polyboard-1x1m.jpg","width":300,"height":238,"caption":"poly board 1x1m"},{"@type":"BreadcrumbList","@id":"https:\/\/www.cinesouk.ma\/product\/polyboard-polystyrene-1x1m-black-white\/#breadcrumb","itemListElement":[{"@type":"ListItem","position":1,"name":"Home","item":"https:\/\/www.cinesouk.ma\/"},{"@type":"ListItem","position":2,"name":"Shop","item":"https:\/\/www.cinesouk.ma\/shop\/"},{"@type":"ListItem","position":3,"name":"Poly board \/ polystyr\u00e8ne 1x1m Black\/White"}]},{"@type":"WebSite","@id":"https:\/\/www.cinesouk.ma\/#website","url":"https:\/\/www.cinesouk.ma\/","name":"CineSouk","description":"","publisher":{"@id":"https:\/\/www.cinesouk.ma\/#organization"},"potentialAction":[{"@type":"SearchAction","target":{"@type":"EntryPoint","urlTemplate":"https:\/\/www.cinesouk.ma\/?s={search_term_string}"},"query-input":{"@type":"PropertyValueSpecification","valueRequired":true,"valueName":"search_term_string"}}],"inLanguage":"fr-FR"},{"@type":"Organization","@id":"https:\/\/www.cinesouk.ma\/#organization","name":"CineSouk","url":"https:\/\/www.cinesouk.ma\/","logo":{"@type":"ImageObject","inLanguage":"fr-FR","@id":"https:\/\/www.cinesouk.ma\/#\/schema\/logo\/image\/","url":"https:\/\/www.cinesouk.ma\/wp-content\/uploads\/2024\/01\/CineSouk-logo-v01-alpha-alligned-left.png","contentUrl":"https:\/\/www.cinesouk.ma\/wp-content\/uploads\/2024\/01\/CineSouk-logo-v01-alpha-alligned-left.png","width":3204,"height":889,"caption":"CineSouk"},"image":{"@id":"https:\/\/www.cinesouk.ma\/#\/schema\/logo\/image\/"}}]}},"_links":{"self":[{"href":"https:\/\/www.cinesouk.ma\/fr\/wp-json\/wp\/v2\/product\/11395","targetHints":{"allow":["GET"]}}],"collection":[{"href":"https:\/\/www.cinesouk.ma\/fr\/wp-json\/wp\/v2\/product"}],"about":[{"href":"https:\/\/www.cinesouk.ma\/fr\/wp-json\/wp\/v2\/types\/product"}],"wp:featuredmedia":[{"embeddable":true,"href":"https:\/\/www.cinesouk.ma\/fr\/wp-json\/wp\/v2\/media\/11828"}],"wp:attachment":[{"href":"https:\/\/www.cinesouk.ma\/fr\/wp-json\/wp\/v2\/media?parent=11395"}],"wp:term":[{"taxonomy":"product_brand","embeddable":true,"href":"https:\/\/www.cinesouk.ma\/fr\/wp-json\/wp\/v2\/product_brand?post=11395"},{"taxonomy":"product_cat","embeddable":true,"href":"https:\/\/www.cinesouk.ma\/fr\/wp-json\/wp\/v2\/product_cat?post=11395"},{"taxonomy":"product_tag","embeddable":true,"href":"https:\/\/www.cinesouk.ma\/fr\/wp-json\/wp\/v2\/product_tag?post=11395"}],"curies":[{"name":"wp","href":"https:\/\/api.w.org\/{rel}","templated":true}]}}