{"id":11407,"date":"2025-03-15T14:19:25","date_gmt":"2025-03-15T14:19:25","guid":{"rendered":"https:\/\/www.cinesouk.ma\/?post_type=product&#038;p=11407"},"modified":"2025-03-21T10:56:57","modified_gmt":"2025-03-21T10:56:57","slug":"poly-board-polystyrene-2x1m-black-white","status":"publish","type":"product","link":"https:\/\/www.cinesouk.ma\/fr\/produit\/poly-board-polystyrene-2x1m-black-white\/","title":{"rendered":"Poly board \/ polystyr\u00e8ne 2x1m Noir\/Blanc"},"content":{"rendered":"<div class=\"flex max-w-full flex-col flex-grow\">\n<div class=\"min-h-8 text-message flex w-full flex-col items-end gap-2 whitespace-normal break-words [.text-message+&amp;]:mt-5\" dir=\"auto\" data-message-author-role=\"assistant\" data-message-id=\"e4c3ffad-71cb-44e7-93b8-bb60eda86b77\" data-message-model-slug=\"gpt-4o-mini\">\n<div class=\"flex w-full flex-col gap-1 empty:hidden first:pt-[3px]\">\n<div class=\"markdown prose w-full break-words dark:prose-invert light\">\n<p data-start=\"53\" data-end=\"367\">The Poly Board \/ Polystyr\u00e8ne 2x1m Black\/White is a versatile and essential light control tool used in film, photography, and video production. Thanks to its dual-sided design, it provides both reflective and light-absorbing options, making it ideal for shaping and modifying light on set.<\/p>\n<p data-start=\"369\" data-end=\"718\">La face blanche agit comme un r\u00e9flecteur doux, faisant rebondir la lumi\u00e8re pour cr\u00e9er un remplissage naturel et r\u00e9duire les ombres dures. La face noire absorbe quant \u00e0 elle la lumi\u00e8re, ce qui permet de bloquer les reflets et d'am\u00e9liorer le contraste. Cette planche est donc parfaite pour contr\u00f4ler les ombres et les lumi\u00e8res en studio et en ext\u00e9rieur.<\/p>\n<p data-start=\"720\" data-end=\"931\">Because of its lightweight yet rigid build, the poly board is easy to position and transport. Additionally, it can be clamped to stands, mounted on grip arms, or handheld for quick adjustments.<\/p>\n<h3 data-start=\"933\" data-end=\"955\"><strong data-start=\"937\" data-end=\"953\">Caract\u00e9ristiques principales<\/strong><\/h3>\n<ul data-start=\"957\" data-end=\"1463\">\n<li data-start=\"957\" data-end=\"1067\"><strong data-start=\"959\" data-end=\"981\">Conception double face :<\/strong> Blanc pour <strong data-start=\"992\" data-end=\"1011\">r\u00e9flexion douce<\/strong>, noir pour <strong data-start=\"1023\" data-end=\"1064\">absorption de la lumi\u00e8re et contr\u00f4le du contraste<\/strong>.<\/li>\n<li data-start=\"1068\" data-end=\"1158\"><strong data-start=\"1070\" data-end=\"1091\">Larger 2x1m Size:<\/strong> Fournit <strong data-start=\"1101\" data-end=\"1121\">greater coverage<\/strong> pour <strong data-start=\"1126\" data-end=\"1155\">versatile lighting setups<\/strong>.<\/li>\n<li data-start=\"1159\" data-end=\"1255\"><strong data-start=\"1161\" data-end=\"1187\">L\u00e9ger et durable :<\/strong> <strong data-start=\"1188\" data-end=\"1210\">Construction rigide<\/strong> le rend <strong data-start=\"1220\" data-end=\"1252\">facile \u00e0 manipuler et \u00e0 transporter<\/strong>.<\/li>\n<li data-start=\"1256\" data-end=\"1362\"><strong data-start=\"1258\" data-end=\"1286\">Id\u00e9al pour le contr\u00f4le de la lumi\u00e8re :<\/strong> Aide <strong data-start=\"1293\" data-end=\"1326\">fa\u00e7onner, faire rebondir ou bloquer la lumi\u00e8re<\/strong> en <strong data-start=\"1330\" data-end=\"1359\">installations en studio et \u00e0 l'ext\u00e9rieur<\/strong>.<\/li>\n<li data-start=\"1363\" data-end=\"1463\"><strong data-start=\"1365\" data-end=\"1395\">Plusieurs options de montage :<\/strong> Peut \u00eatre <strong data-start=\"1403\" data-end=\"1436\">\u00e0 main, \u00e0 pince ou mont\u00e9<\/strong> sur des supports et des bras de pr\u00e9hension.<\/li>\n<\/ul>\n<h3 data-start=\"1465\" data-end=\"1489\"><strong data-start=\"1469\" data-end=\"1487\">Sp\u00e9cifications<\/strong><\/h3>\n<ul data-start=\"1491\" data-end=\"1707\">\n<li data-start=\"1491\" data-end=\"1520\"><strong data-start=\"1493\" data-end=\"1506\">Mat\u00e9riau :<\/strong> Polystyr\u00e8ne<\/li>\n<li data-start=\"1521\" data-end=\"1565\"><strong data-start=\"1523\" data-end=\"1538\">Dimensions :<\/strong> <strong data-start=\"1539\" data-end=\"1563\">2x1m (200cm x 100cm)<\/strong><\/li>\n<li data-start=\"1566\" data-end=\"1622\"><strong data-start=\"1568\" data-end=\"1578\">Couleur :<\/strong> <strong data-start=\"1579\" data-end=\"1620\">Noir d'un c\u00f4t\u00e9, blanc de l'autre<\/strong><\/li>\n<li data-start=\"1623\" data-end=\"1707\"><strong data-start=\"1625\" data-end=\"1642\">Applications :<\/strong> <strong data-start=\"1643\" data-end=\"1705\">Film, photographie, tournages commerciaux et production vid\u00e9o<\/strong><\/li>\n<\/ul>\n<h3 data-start=\"1709\" data-end=\"1729\"><strong data-start=\"1713\" data-end=\"1727\">Clause de non-responsabilit\u00e9<\/strong><\/h3>\n<p data-start=\"1730\" data-end=\"1847\"><strong data-start=\"1730\" data-end=\"1845\">Broken or damaged poly boards (with damage exceeding 5cm) will be sold as consumables at 400Dhs per 2x1m board.<\/strong><\/p>\n<p data-start=\"1849\" data-end=\"2138\">The Poly Board \/ Polystyr\u00e8ne 2x1m Black\/White is a must-have lighting tool for cinematographers and photographers who need precise light control. With its larger size and dual-sided functionality, it ensures flexible lighting adjustments for any production setup.<\/p>\n<p data-start=\"41\" data-end=\"431\">Louez-le maintenant sur <a href=\"https:\/\/www.cinesouk.ma\/fr\">CINESOUK<\/a> - une marque de <a href=\"https:\/\/www.broadway.ma\/\">BROADWAY PRODUCTIONS SARL.<\/a><\/p>\n<\/div>\n<\/div>\n<\/div>\n<\/div>","protected":false},"excerpt":{"rendered":"<p><strong>Sp\u00e9cifications :<\/strong><\/p>\n<ul>\n<li data-start=\"1491\" data-end=\"1520\"><strong data-start=\"1493\" data-end=\"1506\">Mat\u00e9riau :<\/strong> Polystyr\u00e8ne<\/li>\n<li data-start=\"1521\" data-end=\"1565\"><strong data-start=\"1523\" data-end=\"1538\">Dimensions :<\/strong> <strong data-start=\"1539\" data-end=\"1563\">2x1m (200cm x 100cm)<\/strong><\/li>\n<li data-start=\"1566\" data-end=\"1622\"><strong data-start=\"1568\" data-end=\"1578\">Couleur :<\/strong> <strong data-start=\"1579\" data-end=\"1620\">Noir d'un c\u00f4t\u00e9, blanc de l'autre<\/strong><\/li>\n<li data-start=\"1623\" data-end=\"1707\"><strong data-start=\"1625\" data-end=\"1642\">Applications :<\/strong> <strong data-start=\"1643\" data-end=\"1705\">Film, photographie, tournages commerciaux et production vid\u00e9o<\/strong><\/li>\n<\/ul>","protected":false},"featured_media":11406,"template":"","meta":{"om_disable_all_campaigns":false,"_monsterinsights_skip_tracking":false,"_monsterinsights_sitenote_active":false,"_monsterinsights_sitenote_note":"","_monsterinsights_sitenote_category":0,"_uf_show_specific_survey":0,"_uf_disable_surveys":false},"product_brand":[],"product_cat":[20,79],"product_tag":[],"class_list":{"0":"post-11407","1":"product","2":"type-product","3":"status-publish","4":"has-post-thumbnail","6":"product_cat-light-cinesouk","7":"product_cat-photography-cinesouk","9":"entry","10":"has-media","12":"first","13":"instock","14":"taxable","15":"shipping-taxable","16":"purchasable","17":"product-type-variable","18":"has-product-nav","19":"col","20":"span_1_of_3","21":"owp-content-center","22":"owp-thumbs-layout-horizontal","23":"owp-btn-normal","24":"owp-tabs-layout-horizontal","25":"has-no-thumbnails"},"yoast_head":"<!-- This site is optimized with the Yoast SEO Premium plugin v26.0 (Yoast SEO v26.0) - https:\/\/yoast.com\/wordpress\/plugins\/seo\/ -->\n<title>Poly board \/ polystyr\u00e8ne 2x1m Black\/White - CineSouk<\/title>\n<meta name=\"description\" content=\"Poly Board \/ Polystyr\u00e8ne 2x1m Black\/White \u2013 Dual-sided light control for film and photography, with soft reflection on white and light absorption on black.\" \/>\n<meta name=\"robots\" content=\"index, follow, max-snippet:-1, max-image-preview:large, max-video-preview:-1\" \/>\n<link rel=\"canonical\" href=\"https:\/\/www.cinesouk.ma\/fr\/produit\/poly-board-polystyrene-2x1m-black-white\/\" \/>\n<meta property=\"og:locale\" content=\"fr_FR\" \/>\n<meta property=\"og:type\" content=\"article\" \/>\n<meta property=\"og:title\" content=\"Poly board \/ polystyr\u00e8ne 2x1m Black\/White\" \/>\n<meta property=\"og:description\" content=\"Poly Board \/ Polystyr\u00e8ne 2x1m Black\/White \u2013 Dual-sided light control for film and photography, with soft reflection on white and light absorption on black.\" \/>\n<meta property=\"og:url\" content=\"https:\/\/www.cinesouk.ma\/fr\/produit\/poly-board-polystyrene-2x1m-black-white\/\" \/>\n<meta property=\"og:site_name\" content=\"CineSouk\" \/>\n<meta property=\"article:modified_time\" content=\"2025-03-21T10:56:57+00:00\" \/>\n<meta property=\"og:image\" content=\"https:\/\/www.cinesouk.ma\/wp-content\/uploads\/2025\/03\/White.jpg\" \/>\n\t<meta property=\"og:image:width\" content=\"300\" \/>\n\t<meta property=\"og:image:height\" content=\"238\" \/>\n\t<meta property=\"og:image:type\" content=\"image\/jpeg\" \/>\n<meta name=\"twitter:card\" content=\"summary_large_image\" \/>\n<meta name=\"twitter:description\" content=\"Poly Board \/ Polystyr\u00e8ne 2x1m Black\/White \u2013 Dual-sided light control for film and photography, with soft reflection on white and light absorption on black.\" \/>\n<meta name=\"twitter:label1\" content=\"Dur\u00e9e de lecture estim\u00e9e\" \/>\n\t<meta name=\"twitter:data1\" content=\"2 minutes\" \/>\n<script type=\"application\/ld+json\" class=\"yoast-schema-graph\">{\"@context\":\"https:\/\/schema.org\",\"@graph\":[{\"@type\":\"WebPage\",\"@id\":\"https:\/\/www.cinesouk.ma\/product\/poly-board-polystyrene-2x1m-black-white\/\",\"url\":\"https:\/\/www.cinesouk.ma\/product\/poly-board-polystyrene-2x1m-black-white\/\",\"name\":\"Poly board \/ polystyr\u00e8ne 2x1m Black\/White - CineSouk\",\"isPartOf\":{\"@id\":\"https:\/\/www.cinesouk.ma\/#website\"},\"primaryImageOfPage\":{\"@id\":\"https:\/\/www.cinesouk.ma\/product\/poly-board-polystyrene-2x1m-black-white\/#primaryimage\"},\"image\":{\"@id\":\"https:\/\/www.cinesouk.ma\/product\/poly-board-polystyrene-2x1m-black-white\/#primaryimage\"},\"thumbnailUrl\":\"https:\/\/www.cinesouk.ma\/wp-content\/uploads\/2025\/03\/White.jpg\",\"datePublished\":\"2025-03-15T14:19:25+00:00\",\"dateModified\":\"2025-03-21T10:56:57+00:00\",\"description\":\"Poly Board \/ Polystyr\u00e8ne 2x1m Black\/White \u2013 Dual-sided light control for film and photography, with soft reflection on white and light absorption on black.\",\"breadcrumb\":{\"@id\":\"https:\/\/www.cinesouk.ma\/product\/poly-board-polystyrene-2x1m-black-white\/#breadcrumb\"},\"inLanguage\":\"fr-FR\",\"potentialAction\":[{\"@type\":\"ReadAction\",\"target\":[\"https:\/\/www.cinesouk.ma\/product\/poly-board-polystyrene-2x1m-black-white\/\"]}]},{\"@type\":\"ImageObject\",\"inLanguage\":\"fr-FR\",\"@id\":\"https:\/\/www.cinesouk.ma\/product\/poly-board-polystyrene-2x1m-black-white\/#primaryimage\",\"url\":\"https:\/\/www.cinesouk.ma\/wp-content\/uploads\/2025\/03\/White.jpg\",\"contentUrl\":\"https:\/\/www.cinesouk.ma\/wp-content\/uploads\/2025\/03\/White.jpg\",\"width\":300,\"height\":238,\"caption\":\"PolyBoard \/ Polystyr\u00e8ne 1x1m Black\/White\"},{\"@type\":\"BreadcrumbList\",\"@id\":\"https:\/\/www.cinesouk.ma\/product\/poly-board-polystyrene-2x1m-black-white\/#breadcrumb\",\"itemListElement\":[{\"@type\":\"ListItem\",\"position\":1,\"name\":\"Home\",\"item\":\"https:\/\/www.cinesouk.ma\/\"},{\"@type\":\"ListItem\",\"position\":2,\"name\":\"Shop\",\"item\":\"https:\/\/www.cinesouk.ma\/shop\/\"},{\"@type\":\"ListItem\",\"position\":3,\"name\":\"Poly board \/ polystyr\u00e8ne 2x1m Black\/White\"}]},{\"@type\":\"WebSite\",\"@id\":\"https:\/\/www.cinesouk.ma\/#website\",\"url\":\"https:\/\/www.cinesouk.ma\/\",\"name\":\"CineSouk\",\"description\":\"\",\"publisher\":{\"@id\":\"https:\/\/www.cinesouk.ma\/#organization\"},\"potentialAction\":[{\"@type\":\"SearchAction\",\"target\":{\"@type\":\"EntryPoint\",\"urlTemplate\":\"https:\/\/www.cinesouk.ma\/?s={search_term_string}\"},\"query-input\":{\"@type\":\"PropertyValueSpecification\",\"valueRequired\":true,\"valueName\":\"search_term_string\"}}],\"inLanguage\":\"fr-FR\"},{\"@type\":\"Organization\",\"@id\":\"https:\/\/www.cinesouk.ma\/#organization\",\"name\":\"CineSouk\",\"url\":\"https:\/\/www.cinesouk.ma\/\",\"logo\":{\"@type\":\"ImageObject\",\"inLanguage\":\"fr-FR\",\"@id\":\"https:\/\/www.cinesouk.ma\/#\/schema\/logo\/image\/\",\"url\":\"https:\/\/www.cinesouk.ma\/wp-content\/uploads\/2024\/01\/CineSouk-logo-v01-alpha-alligned-left.png\",\"contentUrl\":\"https:\/\/www.cinesouk.ma\/wp-content\/uploads\/2024\/01\/CineSouk-logo-v01-alpha-alligned-left.png\",\"width\":3204,\"height\":889,\"caption\":\"CineSouk\"},\"image\":{\"@id\":\"https:\/\/www.cinesouk.ma\/#\/schema\/logo\/image\/\"}}]}<\/script>\n<!-- \/ Yoast SEO Premium plugin. -->","yoast_head_json":{"title":"Poly board \/ polystyr\u00e8ne 2x1m Black\/White - CineSouk","description":"Poly Board \/ Polystyr\u00e8ne 2x1m Black\/White \u2013 Dual-sided light control for film and photography, with soft reflection on white and light absorption on black.","robots":{"index":"index","follow":"follow","max-snippet":"max-snippet:-1","max-image-preview":"max-image-preview:large","max-video-preview":"max-video-preview:-1"},"canonical":"https:\/\/www.cinesouk.ma\/fr\/produit\/poly-board-polystyrene-2x1m-black-white\/","og_locale":"fr_FR","og_type":"article","og_title":"Poly board \/ polystyr\u00e8ne 2x1m Black\/White","og_description":"Poly Board \/ Polystyr\u00e8ne 2x1m Black\/White \u2013 Dual-sided light control for film and photography, with soft reflection on white and light absorption on black.","og_url":"https:\/\/www.cinesouk.ma\/fr\/produit\/poly-board-polystyrene-2x1m-black-white\/","og_site_name":"CineSouk","article_modified_time":"2025-03-21T10:56:57+00:00","og_image":[{"width":300,"height":238,"url":"https:\/\/www.cinesouk.ma\/wp-content\/uploads\/2025\/03\/White.jpg","type":"image\/jpeg"}],"twitter_card":"summary_large_image","twitter_description":"Poly Board \/ Polystyr\u00e8ne 2x1m Black\/White \u2013 Dual-sided light control for film and photography, with soft reflection on white and light absorption on black.","twitter_misc":{"Dur\u00e9e de lecture estim\u00e9e":"2 minutes"},"schema":{"@context":"https:\/\/schema.org","@graph":[{"@type":"WebPage","@id":"https:\/\/www.cinesouk.ma\/product\/poly-board-polystyrene-2x1m-black-white\/","url":"https:\/\/www.cinesouk.ma\/product\/poly-board-polystyrene-2x1m-black-white\/","name":"Poly board \/ polystyr\u00e8ne 2x1m Black\/White - CineSouk","isPartOf":{"@id":"https:\/\/www.cinesouk.ma\/#website"},"primaryImageOfPage":{"@id":"https:\/\/www.cinesouk.ma\/product\/poly-board-polystyrene-2x1m-black-white\/#primaryimage"},"image":{"@id":"https:\/\/www.cinesouk.ma\/product\/poly-board-polystyrene-2x1m-black-white\/#primaryimage"},"thumbnailUrl":"https:\/\/www.cinesouk.ma\/wp-content\/uploads\/2025\/03\/White.jpg","datePublished":"2025-03-15T14:19:25+00:00","dateModified":"2025-03-21T10:56:57+00:00","description":"Poly Board \/ Polystyr\u00e8ne 2x1m Black\/White \u2013 Dual-sided light control for film and photography, with soft reflection on white and light absorption on black.","breadcrumb":{"@id":"https:\/\/www.cinesouk.ma\/product\/poly-board-polystyrene-2x1m-black-white\/#breadcrumb"},"inLanguage":"fr-FR","potentialAction":[{"@type":"ReadAction","target":["https:\/\/www.cinesouk.ma\/product\/poly-board-polystyrene-2x1m-black-white\/"]}]},{"@type":"ImageObject","inLanguage":"fr-FR","@id":"https:\/\/www.cinesouk.ma\/product\/poly-board-polystyrene-2x1m-black-white\/#primaryimage","url":"https:\/\/www.cinesouk.ma\/wp-content\/uploads\/2025\/03\/White.jpg","contentUrl":"https:\/\/www.cinesouk.ma\/wp-content\/uploads\/2025\/03\/White.jpg","width":300,"height":238,"caption":"PolyBoard \/ Polystyr\u00e8ne 1x1m Black\/White"},{"@type":"BreadcrumbList","@id":"https:\/\/www.cinesouk.ma\/product\/poly-board-polystyrene-2x1m-black-white\/#breadcrumb","itemListElement":[{"@type":"ListItem","position":1,"name":"Home","item":"https:\/\/www.cinesouk.ma\/"},{"@type":"ListItem","position":2,"name":"Shop","item":"https:\/\/www.cinesouk.ma\/shop\/"},{"@type":"ListItem","position":3,"name":"Poly board \/ polystyr\u00e8ne 2x1m Black\/White"}]},{"@type":"WebSite","@id":"https:\/\/www.cinesouk.ma\/#website","url":"https:\/\/www.cinesouk.ma\/","name":"CineSouk","description":"","publisher":{"@id":"https:\/\/www.cinesouk.ma\/#organization"},"potentialAction":[{"@type":"SearchAction","target":{"@type":"EntryPoint","urlTemplate":"https:\/\/www.cinesouk.ma\/?s={search_term_string}"},"query-input":{"@type":"PropertyValueSpecification","valueRequired":true,"valueName":"search_term_string"}}],"inLanguage":"fr-FR"},{"@type":"Organization","@id":"https:\/\/www.cinesouk.ma\/#organization","name":"CineSouk","url":"https:\/\/www.cinesouk.ma\/","logo":{"@type":"ImageObject","inLanguage":"fr-FR","@id":"https:\/\/www.cinesouk.ma\/#\/schema\/logo\/image\/","url":"https:\/\/www.cinesouk.ma\/wp-content\/uploads\/2024\/01\/CineSouk-logo-v01-alpha-alligned-left.png","contentUrl":"https:\/\/www.cinesouk.ma\/wp-content\/uploads\/2024\/01\/CineSouk-logo-v01-alpha-alligned-left.png","width":3204,"height":889,"caption":"CineSouk"},"image":{"@id":"https:\/\/www.cinesouk.ma\/#\/schema\/logo\/image\/"}}]}},"_links":{"self":[{"href":"https:\/\/www.cinesouk.ma\/fr\/wp-json\/wp\/v2\/product\/11407","targetHints":{"allow":["GET"]}}],"collection":[{"href":"https:\/\/www.cinesouk.ma\/fr\/wp-json\/wp\/v2\/product"}],"about":[{"href":"https:\/\/www.cinesouk.ma\/fr\/wp-json\/wp\/v2\/types\/product"}],"wp:featuredmedia":[{"embeddable":true,"href":"https:\/\/www.cinesouk.ma\/fr\/wp-json\/wp\/v2\/media\/11406"}],"wp:attachment":[{"href":"https:\/\/www.cinesouk.ma\/fr\/wp-json\/wp\/v2\/media?parent=11407"}],"wp:term":[{"taxonomy":"product_brand","embeddable":true,"href":"https:\/\/www.cinesouk.ma\/fr\/wp-json\/wp\/v2\/product_brand?post=11407"},{"taxonomy":"product_cat","embeddable":true,"href":"https:\/\/www.cinesouk.ma\/fr\/wp-json\/wp\/v2\/product_cat?post=11407"},{"taxonomy":"product_tag","embeddable":true,"href":"https:\/\/www.cinesouk.ma\/fr\/wp-json\/wp\/v2\/product_tag?post=11407"}],"curies":[{"name":"wp","href":"https:\/\/api.w.org\/{rel}","templated":true}]}}